{"id":5369,"date":"2024-10-16T11:26:58","date_gmt":"2024-10-16T11:26:58","guid":{"rendered":"https:\/\/poudresdenarco.com\/?post_type=product&#038;p=5369"},"modified":"2024-12-23T10:06:49","modified_gmt":"2024-12-23T10:06:49","slug":"a-ppp","status":"publish","type":"product","link":"https:\/\/poudresdenarco.com\/hu\/termek\/a-ppp\/","title":{"rendered":"A-PPP"},"content":{"rendered":"<h2><strong>V\u00e1s\u00e1roljon nagy tisztas\u00e1g\u00fa A-PPP-t a kutat\u00e1shoz <a href=\"https:\/\/poudresdenarco.com\/hu\/termek\/vasarolni-calypsol-ketamin-500mg-10ml\/\">&#8211;<\/a> Narkotikus porok<\/strong><\/h2>\n<p><strong>Narkotikus porok<\/strong> megb\u00edzhat\u00f3 besz\u00e1ll\u00edt\u00f3ja a <strong>A-PPP kutat\u00e1s min\u0151s\u00e9ge<\/strong>kiz\u00e1r\u00f3lag a <strong>tudom\u00e1nyos laborat\u00f3riumi alkalmaz\u00e1sok<\/strong>. Az A-PPP-t szigor\u00fa tisztas\u00e1gi \u00e9s min\u0151s\u00e9gi el\u0151\u00edr\u00e1soknak megfelel\u0151en gy\u00e1rtjuk, \u00edgy garant\u00e1ljuk a k\u00e9miai \u00e9s farmakol\u00f3giai kutat\u00f3k sz\u00e1m\u00e1ra a k\u00f6vetkezetes eredm\u00e9nyeket.<a href=\"https:\/\/cokebricks.com\/product-category\/buy-cocaine-online\/\">.<\/a><\/p>\n<h3>Mi\u00e9rt v\u00e1lassza az A-PPP-t a Poudres de Narco-t\u00f3l?<\/h3>\n<p>Mint egy <strong>megb\u00edzhat\u00f3 A-PPP sz\u00e1ll\u00edt\u00f3<\/strong>, <strong>Narkotikus porok<\/strong> megfelel a magas min\u0151s\u00e9gi \u00e9s biztons\u00e1gi el\u0151\u00edr\u00e1soknak, \u00e9s igazodik a k\u00f6vetkez\u0151k ig\u00e9nyeihez <strong>tan\u00fas\u00edtott laborat\u00f3riumok<\/strong> :<\/p>\n<ul>\n<li><strong>Nagy tisztas\u00e1g\u00fa A-PPP laborat\u00f3riumok sz\u00e1m\u00e1ra<\/strong> Minden egyes t\u00e9telt tesztelnek az optim\u00e1lis tisztas\u00e1g biztos\u00edt\u00e1sa \u00e9rdek\u00e9ben, ami a nagy pontoss\u00e1g\u00fa tudom\u00e1nyos alkalmaz\u00e1sokhoz elengedhetetlen.<\/li>\n<li><strong>K\u00f6vetkezetes, megb\u00edzhat\u00f3 min\u0151s\u00e9g<\/strong> : A-PPP-nket stabil \u00e9s megb\u00edzhat\u00f3 teljes\u00edtm\u00e9nyre fejlesztett\u00fck ki, amely megfelel az al\u00e1bbi k\u00f6vetelm\u00e9nyeknek <strong>analitikai laborat\u00f3riumi vizsg\u00e1latok<\/strong>.<\/li>\n<li><strong>Biztons\u00e1gos online rendel\u00e9s<\/strong> : <strong>Narkotikus porok<\/strong> egyszer\u0171s\u00edti a<strong>A-PPP online v\u00e1s\u00e1rl\u00e1s<\/strong> a kutat\u00e1si szabv\u00e1nyoknak megfelel\u0151, biztons\u00e1gos elj\u00e1r\u00e1ssal.<\/li>\n<\/ul>\n<h3>Alkalmaz\u00e1sok \u00e9s biztons\u00e1gi utas\u00edt\u00e1sok<\/h3>\n<p>Le <strong>A-PPP a kutat\u00e1s sz\u00e1m\u00e1ra<\/strong> a  c\u00edmr\u0151l <strong>Narkotikus porok<\/strong> a k\u00f6vetkez\u0151 c\u00e9lokra sz\u00e1nt\u00e1k <strong>analitikai alkalmaz\u00e1sok \u00e9s tudom\u00e1nyos tanulm\u00e1nyok<\/strong>. Biztons\u00e1gi protokollokat biztos\u00edtunk a biztons\u00e1gos \u00e9s megfelel\u0151 haszn\u00e1lat \u00e9rdek\u00e9ben:<\/p>\n<ul>\n<li><strong>Biztons\u00e1gos t\u00e1rol\u00e1s<\/strong> Az A-PPP-t f\u00e9nyt\u0151l v\u00e9dett, h\u0171v\u00f6s, sz\u00e1raz helyen t\u00e1rolja.<\/li>\n<li><strong>\u00d3vatos kezel\u00e9s<\/strong> Haszn\u00e1ljon egy\u00e9ni v\u00e9d\u0151felszerel\u00e9st (PPE), \u00e9s dolgozzon j\u00f3l szell\u0151z\u0151 helyen.<\/li>\n<li><strong>Szigor\u00faan kutat\u00e1si c\u00e9lokra fenntartott haszn\u00e1lat<\/strong> Ezt a term\u00e9ket laborat\u00f3riumok \u00e9s ellen\u0151rz\u00f6tt k\u00f6rnyezetben dolgoz\u00f3, k\u00e9pzett kutat\u00f3k sz\u00e1m\u00e1ra tervezt\u00e9k.<\/li>\n<\/ul>\n<h3>Rendeljen nagy tisztas\u00e1g\u00fa A-PPP-t tudom\u00e1nyos vizsg\u00e1lataihoz<\/h3>\n<p>A  c\u00edmen. <strong>Narkotikus porok<\/strong>r\u00e9szes\u00fclni <strong>megb\u00edzhat\u00f3 A-PPP-ell\u00e1t\u00e1s laborat\u00f3riumi alkalmaz\u00e1sokhoz<\/strong>. <strong>Kapcsolatfelv\u00e9tel<\/strong> \u00e1raj\u00e1nlat\u00e9rt, vagy ha t\u00f6bbet szeretne megtudni a tudom\u00e1nyos kutat\u00e1sra sz\u00e1nt term\u00e9kk\u00edn\u00e1latunkr\u00f3l Buy A-PPP.<\/p>\n<hr \/>","protected":false},"excerpt":{"rendered":"<p>Acheter du A-PPP de Haute Puret\u00e9 pour la Recherche &#8211; Poudres de Narco Poudres de Narco est un fournisseur fiable pour le A-PPP de qualit\u00e9 recherche, con\u00e7u exclusivement pour des applications scientifiques en laboratoire. Notre A-PPP est produit selon des normes strictes de puret\u00e9 et de qualit\u00e9, garantissant des r\u00e9sultats constants pour les chercheurs en&hellip;<\/p>","protected":false},"featured_media":5380,"comment_status":"open","ping_status":"closed","template":"","meta":{"_joinchat":[]},"product_cat":[558,751],"product_tag":[],"class_list":{"0":"post-5369","1":"product","2":"type-product","3":"status-publish","4":"has-post-thumbnail","6":"product_cat-chimiques-de-recherche","7":"product_cat-stimulants","9":"first","10":"instock","11":"shipping-taxable","12":"purchasable","13":"product-type-variable","14":"col-xs-6 col-sm-4","15":"col-md-3 col-lg-3","16":"un-4-cols"},"yoast_head":"<!-- This site is optimized with the Yoast SEO plugin v23.8 - https:\/\/yoast.com\/wordpress\/plugins\/seo\/ -->\n<title>Acheter A-PPP en ligne - A-PPP \u00e0 vendre - Commander A-PPP<\/title>\n<meta name=\"description\" content=\"Votre demande d&#039;achat d&#039;A-PPP en ligne peut \u00eatre satisfaite dans notre boutique en ligne car nous avons A-PPP \u00e0 vendre ici. Passez votre commande et obtenez des offres abordables tous les jours. Acheter A-PPP.\" \/>\n<meta name=\"robots\" content=\"index, follow, max-snippet:-1, max-image-preview:large, max-video-preview:-1\" \/>\n<link rel=\"canonical\" href=\"https:\/\/poudresdenarco.com\/hu\/termek\/a-ppp\/\" \/>\n<meta property=\"og:locale\" content=\"hu_HU\" \/>\n<meta property=\"og:type\" content=\"article\" \/>\n<meta property=\"og:title\" content=\"Acheter A-PPP en ligne - A-PPP \u00e0 vendre - Commander A-PPP\" \/>\n<meta property=\"og:description\" content=\"Votre demande d&#039;achat d&#039;A-PPP en ligne peut \u00eatre satisfaite dans notre boutique en ligne car nous avons A-PPP \u00e0 vendre ici. Passez votre commande et obtenez des offres abordables tous les jours. Acheter A-PPP.\" \/>\n<meta property=\"og:url\" content=\"https:\/\/poudresdenarco.com\/hu\/termek\/a-ppp\/\" \/>\n<meta property=\"og:site_name\" content=\"Poudresde Narco\" \/>\n<meta property=\"article:modified_time\" content=\"2024-12-23T10:06:49+00:00\" \/>\n<meta property=\"og:image\" content=\"https:\/\/poudresdenarco.com\/wp-content\/uploads\/2024\/10\/A-PPP.gif\" \/>\n\t<meta property=\"og:image:width\" content=\"600\" \/>\n\t<meta property=\"og:image:height\" content=\"600\" \/>\n\t<meta property=\"og:image:type\" content=\"image\/gif\" \/>\n<meta name=\"twitter:card\" content=\"summary_large_image\" \/>\n<meta name=\"twitter:label1\" content=\"Becs\u00fclt olvas\u00e1si id\u0151\" \/>\n\t<meta name=\"twitter:data1\" content=\"2 perc\" \/>\n<script type=\"application\/ld+json\" class=\"yoast-schema-graph\">{\"@context\":\"https:\/\/schema.org\",\"@graph\":[{\"@type\":\"WebPage\",\"@id\":\"https:\/\/poudresdenarco.com\/produit\/a-ppp\/\",\"url\":\"https:\/\/poudresdenarco.com\/produit\/a-ppp\/\",\"name\":\"Acheter A-PPP en ligne - A-PPP \u00e0 vendre - Commander A-PPP\",\"isPartOf\":{\"@id\":\"https:\/\/poudresdenarco.com\/#website\"},\"primaryImageOfPage\":{\"@id\":\"https:\/\/poudresdenarco.com\/produit\/a-ppp\/#primaryimage\"},\"image\":{\"@id\":\"https:\/\/poudresdenarco.com\/produit\/a-ppp\/#primaryimage\"},\"thumbnailUrl\":\"https:\/\/poudresdenarco.com\/wp-content\/uploads\/2024\/10\/A-PPP.gif\",\"datePublished\":\"2024-10-16T11:26:58+00:00\",\"dateModified\":\"2024-12-23T10:06:49+00:00\",\"description\":\"Votre demande d'achat d'A-PPP en ligne peut \u00eatre satisfaite dans notre boutique en ligne car nous avons A-PPP \u00e0 vendre ici. Passez votre commande et obtenez des offres abordables tous les jours. Acheter A-PPP.\",\"breadcrumb\":{\"@id\":\"https:\/\/poudresdenarco.com\/produit\/a-ppp\/#breadcrumb\"},\"inLanguage\":\"hu\",\"potentialAction\":[{\"@type\":\"ReadAction\",\"target\":[\"https:\/\/poudresdenarco.com\/produit\/a-ppp\/\"]}]},{\"@type\":\"ImageObject\",\"inLanguage\":\"hu\",\"@id\":\"https:\/\/poudresdenarco.com\/produit\/a-ppp\/#primaryimage\",\"url\":\"https:\/\/poudresdenarco.com\/wp-content\/uploads\/2024\/10\/A-PPP.gif\",\"contentUrl\":\"https:\/\/poudresdenarco.com\/wp-content\/uploads\/2024\/10\/A-PPP.gif\",\"width\":600,\"height\":600},{\"@type\":\"BreadcrumbList\",\"@id\":\"https:\/\/poudresdenarco.com\/produit\/a-ppp\/#breadcrumb\",\"itemListElement\":[{\"@type\":\"ListItem\",\"position\":1,\"name\":\"Home\",\"item\":\"https:\/\/poudresdenarco.com\/\"},{\"@type\":\"ListItem\",\"position\":2,\"name\":\"Boutique\",\"item\":\"https:\/\/poudresdenarco.com\/boutique\/\"},{\"@type\":\"ListItem\",\"position\":3,\"name\":\"A-PPP\"}]},{\"@type\":\"WebSite\",\"@id\":\"https:\/\/poudresdenarco.com\/#website\",\"url\":\"https:\/\/poudresdenarco.com\/\",\"name\":\"Poudresde Narco\",\"description\":\"Acheter de la coca\u00efne et de l&#039;h\u00e9ro\u00efne en ligne\",\"potentialAction\":[{\"@type\":\"SearchAction\",\"target\":{\"@type\":\"EntryPoint\",\"urlTemplate\":\"https:\/\/poudresdenarco.com\/?s={search_term_string}\"},\"query-input\":{\"@type\":\"PropertyValueSpecification\",\"valueRequired\":true,\"valueName\":\"search_term_string\"}}],\"inLanguage\":\"hu\"}]}<\/script>\n<!-- \/ Yoast SEO plugin. -->","yoast_head_json":{"title":"Acheter A-PPP en ligne - A-PPP \u00e0 vendre - Commander A-PPP","description":"Votre demande d'achat d'A-PPP en ligne peut \u00eatre satisfaite dans notre boutique en ligne car nous avons A-PPP \u00e0 vendre ici. Passez votre commande et obtenez des offres abordables tous les jours. Acheter A-PPP.","robots":{"index":"index","follow":"follow","max-snippet":"max-snippet:-1","max-image-preview":"max-image-preview:large","max-video-preview":"max-video-preview:-1"},"canonical":"https:\/\/poudresdenarco.com\/hu\/termek\/a-ppp\/","og_locale":"hu_HU","og_type":"article","og_title":"Acheter A-PPP en ligne - A-PPP \u00e0 vendre - Commander A-PPP","og_description":"Votre demande d'achat d'A-PPP en ligne peut \u00eatre satisfaite dans notre boutique en ligne car nous avons A-PPP \u00e0 vendre ici. Passez votre commande et obtenez des offres abordables tous les jours. Acheter A-PPP.","og_url":"https:\/\/poudresdenarco.com\/hu\/termek\/a-ppp\/","og_site_name":"Poudresde Narco","article_modified_time":"2024-12-23T10:06:49+00:00","og_image":[{"width":600,"height":600,"url":"https:\/\/poudresdenarco.com\/wp-content\/uploads\/2024\/10\/A-PPP.gif","type":"image\/gif"}],"twitter_card":"summary_large_image","twitter_misc":{"Becs\u00fclt olvas\u00e1si id\u0151":"2 perc"},"schema":{"@context":"https:\/\/schema.org","@graph":[{"@type":"WebPage","@id":"https:\/\/poudresdenarco.com\/produit\/a-ppp\/","url":"https:\/\/poudresdenarco.com\/produit\/a-ppp\/","name":"Acheter A-PPP en ligne - A-PPP \u00e0 vendre - Commander A-PPP","isPartOf":{"@id":"https:\/\/poudresdenarco.com\/#website"},"primaryImageOfPage":{"@id":"https:\/\/poudresdenarco.com\/produit\/a-ppp\/#primaryimage"},"image":{"@id":"https:\/\/poudresdenarco.com\/produit\/a-ppp\/#primaryimage"},"thumbnailUrl":"https:\/\/poudresdenarco.com\/wp-content\/uploads\/2024\/10\/A-PPP.gif","datePublished":"2024-10-16T11:26:58+00:00","dateModified":"2024-12-23T10:06:49+00:00","description":"Votre demande d'achat d'A-PPP en ligne peut \u00eatre satisfaite dans notre boutique en ligne car nous avons A-PPP \u00e0 vendre ici. Passez votre commande et obtenez des offres abordables tous les jours. Acheter A-PPP.","breadcrumb":{"@id":"https:\/\/poudresdenarco.com\/produit\/a-ppp\/#breadcrumb"},"inLanguage":"hu","potentialAction":[{"@type":"ReadAction","target":["https:\/\/poudresdenarco.com\/produit\/a-ppp\/"]}]},{"@type":"ImageObject","inLanguage":"hu","@id":"https:\/\/poudresdenarco.com\/produit\/a-ppp\/#primaryimage","url":"https:\/\/poudresdenarco.com\/wp-content\/uploads\/2024\/10\/A-PPP.gif","contentUrl":"https:\/\/poudresdenarco.com\/wp-content\/uploads\/2024\/10\/A-PPP.gif","width":600,"height":600},{"@type":"BreadcrumbList","@id":"https:\/\/poudresdenarco.com\/produit\/a-ppp\/#breadcrumb","itemListElement":[{"@type":"ListItem","position":1,"name":"Home","item":"https:\/\/poudresdenarco.com\/"},{"@type":"ListItem","position":2,"name":"Boutique","item":"https:\/\/poudresdenarco.com\/boutique\/"},{"@type":"ListItem","position":3,"name":"A-PPP"}]},{"@type":"WebSite","@id":"https:\/\/poudresdenarco.com\/#website","url":"https:\/\/poudresdenarco.com\/","name":"Poudresde Narco","description":"Acheter de la coca\u00efne et de l&#039;h\u00e9ro\u00efne en ligne","potentialAction":[{"@type":"SearchAction","target":{"@type":"EntryPoint","urlTemplate":"https:\/\/poudresdenarco.com\/?s={search_term_string}"},"query-input":{"@type":"PropertyValueSpecification","valueRequired":true,"valueName":"search_term_string"}}],"inLanguage":"hu"}]}},"_links":{"self":[{"href":"https:\/\/poudresdenarco.com\/hu\/wp-json\/wp\/v2\/product\/5369","targetHints":{"allow":["GET"]}}],"collection":[{"href":"https:\/\/poudresdenarco.com\/hu\/wp-json\/wp\/v2\/product"}],"about":[{"href":"https:\/\/poudresdenarco.com\/hu\/wp-json\/wp\/v2\/types\/product"}],"replies":[{"embeddable":true,"href":"https:\/\/poudresdenarco.com\/hu\/wp-json\/wp\/v2\/comments?post=5369"}],"wp:featuredmedia":[{"embeddable":true,"href":"https:\/\/poudresdenarco.com\/hu\/wp-json\/wp\/v2\/media\/5380"}],"wp:attachment":[{"href":"https:\/\/poudresdenarco.com\/hu\/wp-json\/wp\/v2\/media?parent=5369"}],"wp:term":[{"taxonomy":"product_cat","embeddable":true,"href":"https:\/\/poudresdenarco.com\/hu\/wp-json\/wp\/v2\/product_cat?post=5369"},{"taxonomy":"product_tag","embeddable":true,"href":"https:\/\/poudresdenarco.com\/hu\/wp-json\/wp\/v2\/product_tag?post=5369"}],"curies":[{"name":"wp","href":"https:\/\/api.w.org\/{rel}","templated":true}]}}