{"id":5967,"date":"2024-10-16T11:32:11","date_gmt":"2024-10-16T11:32:11","guid":{"rendered":"https:\/\/poudresdenarco.com\/?post_type=product&#038;p=5967"},"modified":"2025-12-08T10:13:09","modified_gmt":"2025-12-08T10:13:09","slug":"4fmph","status":"publish","type":"product","link":"https:\/\/poudresdenarco.com\/hu\/termek\/4fmph\/","title":{"rendered":"4fmph"},"content":{"rendered":"<h2>4F-MPH online v\u00e1s\u00e1rl\u00e1s<\/h2>\n<p>V\u00e1s\u00e1roljon <a href=\"https:\/\/poudresdenarco.com\/hu\/termek\/4fmph\/\">4F-MPH<\/a> egy szintetikus molekula a szubsztitu\u00e1lt fenetilamin \u00e9s piperidin oszt\u00e1lyokb\u00f3l, \u00e9s a metilfenid\u00e1t fluorozott anal\u00f3gja. Fenetilamin magot tartalmaz, amelynek fenilgy\u0171r\u0171je egy etil-l\u00e1nccal egy -NH2 aminocsoporthoz kapcsol\u00f3dik. Szerkezetileg hasonl\u00edt az amfetaminhoz, az R\u03b1-n\u00e1l egy szubsztit\u00faci\u00f3val, amely a fenetilamin l\u00e1nc termin\u00e1lis aminj\u00e1n\u00e1l v\u00e9gz\u0151d\u0151 piperidingy\u0171r\u0171be \u00e9p\u00fcl be. Ezenk\u00edv\u00fcl tartalmaz egy metil-acet\u00e1tot, amely az R2-hez vagy annak szerkezet\u00e9hez kapcsol\u00f3dik. A <a href=\"https:\/\/en.wikipedia.org\/wiki\/4-Fluoromethylphenidate\">4F-MPH<\/a> szerkezetileg azonos a metilfenid\u00e1ttal, kiv\u00e9ve egyetlen fluoratomot, amely a fenetilamingy\u0171r\u0171 negyedik poz\u00edci\u00f3j\u00e1hoz kapcsol\u00f3dik. <a href=\"https:\/\/poudresdenarco.com\/hu\/\">poudresdenarco<\/a><\/p>\n<h2><strong>V\u00e1s\u00e1roljon nagy tisztas\u00e1g\u00fa 4F-MPH-t kutat\u00e1sra - Narkotikus porok<\/strong><\/h2>\n<p>A Poudres de Narco megb\u00edzhat\u00f3 sz\u00e1ll\u00edt\u00f3ja a k\u00f6vetkez\u0151 term\u00e9keknek <strong>4F-MPH kutat\u00e1s min\u0151s\u00e9ge<\/strong>kiz\u00e1r\u00f3lag a <strong>tudom\u00e1nyos laborat\u00f3riumi alkalmaz\u00e1sok<\/strong>. A 4F-MPH-t szigor\u00fa tisztas\u00e1gi \u00e9s min\u0151s\u00e9gi szabv\u00e1nyok szerint \u00e1ll\u00edtjuk el\u0151, \u00edgy biztos\u00edtva a k\u00e9miai \u00e9s farmakol\u00f3giai kutat\u00f3k sz\u00e1m\u00e1ra konzisztens eredm\u00e9nyeket. 4F-MPH megv\u00e1s\u00e1rl\u00e1sa<a href=\"https:\/\/poudresdenarco.com\/hu\/termek\/2fdck\/\">.<\/a><\/p>\n<h3>Mi\u00e9rt v\u00e1lassza a 4F-MPH-t a Poudres de Narco-t\u00f3l?<\/h3>\n<p>Mint egy <strong>4F-MPH sz\u00e1ll\u00edt\u00f3ja a kutat\u00e1shoz<\/strong>A Poudres de Narco olyan term\u00e9keket k\u00edn\u00e1l, amelyeket teszteltek, \u00e9s amelyek megfelelnek a legmagasabb min\u0151s\u00e9gi el\u0151\u00edr\u00e1soknak:<\/p>\n<ul>\n<li><strong>4F-MPH nagy tisztas\u00e1g\u00fa<\/strong> Minden egyes t\u00e9telt szigor\u00faan tesztelnek a maxim\u00e1lis tisztas\u00e1g biztos\u00edt\u00e1sa \u00e9rdek\u00e9ben, ami elengedhetetlen a pontos eredm\u00e9nyekhez.<\/li>\n<li><strong>K\u00f6vetkezetes, megb\u00edzhat\u00f3 min\u0151s\u00e9g<\/strong> A 4F-MPH k\u00e9sz\u00fcl\u00e9k\u00fcnket stabil teljes\u00edtm\u00e9nyre tervezt\u00e9k ellen\u0151rz\u00f6tt kutat\u00e1si k\u00f6rnyezetben.<\/li>\n<li><strong>Biztons\u00e1gos online rendel\u00e9s<\/strong> : Megk\u00f6nny\u00edtj\u00fck a<strong>4F-MPH beszerz\u00e9se tudom\u00e1nyos alkalmaz\u00e1sokhoz<\/strong> biztons\u00e1gos \u00e9s bizalmas rendel\u00e9si folyamat.<\/li>\n<\/ul>\n<h3>Alkalmaz\u00e1sok \u00e9s biztons\u00e1gi utas\u00edt\u00e1sok<\/h3>\n<p>Le <strong>4F-MPH<\/strong> de Poudres de Narco a k\u00f6vetkez\u0151k sz\u00e1m\u00e1ra k\u00e9sz\u00fclt <strong>laborat\u00f3riumi kutat\u00e1si alkalmaz\u00e1sok<\/strong>. Kezel\u00e9si \u00e9s t\u00e1rol\u00e1si protokollokat biztos\u00edtunk a biztons\u00e1gos \u00e9s helyes haszn\u00e1lat \u00e9rdek\u00e9ben:<\/p>\n<ul>\n<li><strong>Biztons\u00e1gos t\u00e1rol\u00e1s<\/strong> A 4F-MPH-t k\u00f6zvetlen f\u00e9nyt\u0151l v\u00e9dett, h\u0171v\u00f6s, sz\u00e1raz helyen t\u00e1rolja.<\/li>\n<li><strong>\u00d3vatos kezel\u00e9s<\/strong> Haszn\u00e1ljon egy\u00e9ni v\u00e9d\u0151felszerel\u00e9st (PPE), \u00e9s dolgozzon j\u00f3l szell\u0151z\u0151 helyen.<\/li>\n<li><strong>Szigor\u00faan kutat\u00e1si c\u00e9lokra fenntartott haszn\u00e1lat<\/strong> Ez a term\u00e9k kiz\u00e1r\u00f3lag k\u00e9pzett kutat\u00f3k \u00e9s enged\u00e9lyezett laborat\u00f3riumok sz\u00e1m\u00e1ra k\u00e9sz\u00fclt.<\/li>\n<\/ul>\n<h3>Rendeljen nagy tisztas\u00e1g\u00fa 4F-MPH-t tudom\u00e1nyos vizsg\u00e1lataihoz<\/h3>\n<p>A Poudres de Narco garant\u00e1lja a megb\u00edzhat\u00f3 ell\u00e1t\u00e1st a k\u00f6vetkez\u0151 term\u00e9kekkel <strong>Kiv\u00e1l\u00f3 min\u0151s\u00e9g\u0171 4F-MPH<\/strong> az \u00d6n kutat\u00e1si ig\u00e9nyeihez. <strong>Kapcsolatfelv\u00e9tel<\/strong> \u00e1raj\u00e1nlat\u00e9rt vagy ha t\u00f6bbet szeretne megtudni a laborat\u00f3riumi term\u00e9kk\u00edn\u00e1latunkr\u00f3l V\u00e1s\u00e1rl\u00e1s 4F-MPH .<\/p>","protected":false},"excerpt":{"rendered":"<p>Acheter 4F-MPH en ligne Acheter 4F-MPH est une mol\u00e9cule synth\u00e9tique des classes de ph\u00e9n\u00e9thylamine et de pip\u00e9ridine substitu\u00e9es, et un analogue fluor\u00e9 du m\u00e9thylph\u00e9nidate. Il contient un noyau de ph\u00e9n\u00e9thylamine comportant un cycle ph\u00e9nyle li\u00e9 \u00e0 un groupe amino -NH2 par une cha\u00eene \u00e9thyle. Il est structurellement similaire \u00e0 l&rsquo;amph\u00e9tamine, pr\u00e9sentant une substitution au niveau&hellip;<\/p>","protected":false},"featured_media":6176,"comment_status":"open","ping_status":"closed","template":"","meta":{"_joinchat":[]},"product_cat":[558],"product_tag":[],"class_list":{"0":"post-5967","1":"product","2":"type-product","3":"status-publish","4":"has-post-thumbnail","6":"product_cat-chimiques-de-recherche","8":"first","9":"instock","10":"shipping-taxable","11":"purchasable","12":"product-type-variable","13":"col-xs-6 col-sm-4","14":"col-md-3 col-lg-3","15":"un-4-cols"},"yoast_head":"<!-- This site is optimized with the Yoast SEO plugin v23.8 - https:\/\/yoast.com\/wordpress\/plugins\/seo\/ -->\n<title>Acheter 4F-MPH | Poudres de Narco<\/title>\n<meta name=\"description\" content=\"Fournisseur de 4F-MPH pour applications scientifiques en laboratoire. Puret\u00e9 et s\u00e9curit\u00e9 garanties pour recherches chez Poudres de Narco, Acheter 4F-MPH\" \/>\n<meta name=\"robots\" content=\"index, follow, max-snippet:-1, max-image-preview:large, max-video-preview:-1\" \/>\n<link rel=\"canonical\" href=\"https:\/\/poudresdenarco.com\/hu\/termek\/4fmph\/\" \/>\n<meta property=\"og:locale\" content=\"hu_HU\" \/>\n<meta property=\"og:type\" content=\"article\" \/>\n<meta property=\"og:title\" content=\"Acheter 4F-MPH | Poudres de Narco\" \/>\n<meta property=\"og:description\" content=\"Fournisseur de 4F-MPH pour applications scientifiques en laboratoire. Puret\u00e9 et s\u00e9curit\u00e9 garanties pour recherches chez Poudres de Narco, Acheter 4F-MPH\" \/>\n<meta property=\"og:url\" content=\"https:\/\/poudresdenarco.com\/hu\/termek\/4fmph\/\" \/>\n<meta property=\"og:site_name\" content=\"Poudresde Narco\" \/>\n<meta property=\"article:modified_time\" content=\"2025-12-08T10:13:09+00:00\" \/>\n<meta property=\"og:image\" content=\"https:\/\/poudresdenarco.com\/wp-content\/uploads\/2024\/10\/4fmph.gif\" \/>\n\t<meta property=\"og:image:width\" content=\"600\" \/>\n\t<meta property=\"og:image:height\" content=\"600\" \/>\n\t<meta property=\"og:image:type\" content=\"image\/gif\" \/>\n<meta name=\"twitter:card\" content=\"summary_large_image\" \/>\n<meta name=\"twitter:label1\" content=\"Becs\u00fclt olvas\u00e1si id\u0151\" \/>\n\t<meta name=\"twitter:data1\" content=\"2 perc\" \/>\n<script type=\"application\/ld+json\" class=\"yoast-schema-graph\">{\"@context\":\"https:\/\/schema.org\",\"@graph\":[{\"@type\":\"WebPage\",\"@id\":\"https:\/\/poudresdenarco.com\/produit\/4fmph\/\",\"url\":\"https:\/\/poudresdenarco.com\/produit\/4fmph\/\",\"name\":\"Acheter 4F-MPH | Poudres de Narco\",\"isPartOf\":{\"@id\":\"https:\/\/poudresdenarco.com\/#website\"},\"primaryImageOfPage\":{\"@id\":\"https:\/\/poudresdenarco.com\/produit\/4fmph\/#primaryimage\"},\"image\":{\"@id\":\"https:\/\/poudresdenarco.com\/produit\/4fmph\/#primaryimage\"},\"thumbnailUrl\":\"https:\/\/poudresdenarco.com\/wp-content\/uploads\/2024\/10\/4fmph.gif\",\"datePublished\":\"2024-10-16T11:32:11+00:00\",\"dateModified\":\"2025-12-08T10:13:09+00:00\",\"description\":\"Fournisseur de 4F-MPH pour applications scientifiques en laboratoire. Puret\u00e9 et s\u00e9curit\u00e9 garanties pour recherches chez Poudres de Narco, Acheter 4F-MPH\",\"breadcrumb\":{\"@id\":\"https:\/\/poudresdenarco.com\/produit\/4fmph\/#breadcrumb\"},\"inLanguage\":\"hu\",\"potentialAction\":[{\"@type\":\"ReadAction\",\"target\":[\"https:\/\/poudresdenarco.com\/produit\/4fmph\/\"]}]},{\"@type\":\"ImageObject\",\"inLanguage\":\"hu\",\"@id\":\"https:\/\/poudresdenarco.com\/produit\/4fmph\/#primaryimage\",\"url\":\"https:\/\/poudresdenarco.com\/wp-content\/uploads\/2024\/10\/4fmph.gif\",\"contentUrl\":\"https:\/\/poudresdenarco.com\/wp-content\/uploads\/2024\/10\/4fmph.gif\",\"width\":600,\"height\":600,\"caption\":\"4fmph\"},{\"@type\":\"BreadcrumbList\",\"@id\":\"https:\/\/poudresdenarco.com\/produit\/4fmph\/#breadcrumb\",\"itemListElement\":[{\"@type\":\"ListItem\",\"position\":1,\"name\":\"Home\",\"item\":\"https:\/\/poudresdenarco.com\/\"},{\"@type\":\"ListItem\",\"position\":2,\"name\":\"Boutique\",\"item\":\"https:\/\/poudresdenarco.com\/boutique\/\"},{\"@type\":\"ListItem\",\"position\":3,\"name\":\"4fmph\"}]},{\"@type\":\"WebSite\",\"@id\":\"https:\/\/poudresdenarco.com\/#website\",\"url\":\"https:\/\/poudresdenarco.com\/\",\"name\":\"Poudresde Narco\",\"description\":\"Acheter de la coca\u00efne et de l&#039;h\u00e9ro\u00efne en ligne\",\"potentialAction\":[{\"@type\":\"SearchAction\",\"target\":{\"@type\":\"EntryPoint\",\"urlTemplate\":\"https:\/\/poudresdenarco.com\/?s={search_term_string}\"},\"query-input\":{\"@type\":\"PropertyValueSpecification\",\"valueRequired\":true,\"valueName\":\"search_term_string\"}}],\"inLanguage\":\"hu\"}]}<\/script>\n<!-- \/ Yoast SEO plugin. -->","yoast_head_json":{"title":"Acheter 4F-MPH | Poudres de Narco","description":"Fournisseur de 4F-MPH pour applications scientifiques en laboratoire. Puret\u00e9 et s\u00e9curit\u00e9 garanties pour recherches chez Poudres de Narco, Acheter 4F-MPH","robots":{"index":"index","follow":"follow","max-snippet":"max-snippet:-1","max-image-preview":"max-image-preview:large","max-video-preview":"max-video-preview:-1"},"canonical":"https:\/\/poudresdenarco.com\/hu\/termek\/4fmph\/","og_locale":"hu_HU","og_type":"article","og_title":"Acheter 4F-MPH | Poudres de Narco","og_description":"Fournisseur de 4F-MPH pour applications scientifiques en laboratoire. Puret\u00e9 et s\u00e9curit\u00e9 garanties pour recherches chez Poudres de Narco, Acheter 4F-MPH","og_url":"https:\/\/poudresdenarco.com\/hu\/termek\/4fmph\/","og_site_name":"Poudresde Narco","article_modified_time":"2025-12-08T10:13:09+00:00","og_image":[{"width":600,"height":600,"url":"https:\/\/poudresdenarco.com\/wp-content\/uploads\/2024\/10\/4fmph.gif","type":"image\/gif"}],"twitter_card":"summary_large_image","twitter_misc":{"Becs\u00fclt olvas\u00e1si id\u0151":"2 perc"},"schema":{"@context":"https:\/\/schema.org","@graph":[{"@type":"WebPage","@id":"https:\/\/poudresdenarco.com\/produit\/4fmph\/","url":"https:\/\/poudresdenarco.com\/produit\/4fmph\/","name":"Acheter 4F-MPH | Poudres de Narco","isPartOf":{"@id":"https:\/\/poudresdenarco.com\/#website"},"primaryImageOfPage":{"@id":"https:\/\/poudresdenarco.com\/produit\/4fmph\/#primaryimage"},"image":{"@id":"https:\/\/poudresdenarco.com\/produit\/4fmph\/#primaryimage"},"thumbnailUrl":"https:\/\/poudresdenarco.com\/wp-content\/uploads\/2024\/10\/4fmph.gif","datePublished":"2024-10-16T11:32:11+00:00","dateModified":"2025-12-08T10:13:09+00:00","description":"Fournisseur de 4F-MPH pour applications scientifiques en laboratoire. Puret\u00e9 et s\u00e9curit\u00e9 garanties pour recherches chez Poudres de Narco, Acheter 4F-MPH","breadcrumb":{"@id":"https:\/\/poudresdenarco.com\/produit\/4fmph\/#breadcrumb"},"inLanguage":"hu","potentialAction":[{"@type":"ReadAction","target":["https:\/\/poudresdenarco.com\/produit\/4fmph\/"]}]},{"@type":"ImageObject","inLanguage":"hu","@id":"https:\/\/poudresdenarco.com\/produit\/4fmph\/#primaryimage","url":"https:\/\/poudresdenarco.com\/wp-content\/uploads\/2024\/10\/4fmph.gif","contentUrl":"https:\/\/poudresdenarco.com\/wp-content\/uploads\/2024\/10\/4fmph.gif","width":600,"height":600,"caption":"4fmph"},{"@type":"BreadcrumbList","@id":"https:\/\/poudresdenarco.com\/produit\/4fmph\/#breadcrumb","itemListElement":[{"@type":"ListItem","position":1,"name":"Home","item":"https:\/\/poudresdenarco.com\/"},{"@type":"ListItem","position":2,"name":"Boutique","item":"https:\/\/poudresdenarco.com\/boutique\/"},{"@type":"ListItem","position":3,"name":"4fmph"}]},{"@type":"WebSite","@id":"https:\/\/poudresdenarco.com\/#website","url":"https:\/\/poudresdenarco.com\/","name":"Poudresde Narco","description":"Acheter de la coca\u00efne et de l&#039;h\u00e9ro\u00efne en ligne","potentialAction":[{"@type":"SearchAction","target":{"@type":"EntryPoint","urlTemplate":"https:\/\/poudresdenarco.com\/?s={search_term_string}"},"query-input":{"@type":"PropertyValueSpecification","valueRequired":true,"valueName":"search_term_string"}}],"inLanguage":"hu"}]}},"_links":{"self":[{"href":"https:\/\/poudresdenarco.com\/hu\/wp-json\/wp\/v2\/product\/5967","targetHints":{"allow":["GET"]}}],"collection":[{"href":"https:\/\/poudresdenarco.com\/hu\/wp-json\/wp\/v2\/product"}],"about":[{"href":"https:\/\/poudresdenarco.com\/hu\/wp-json\/wp\/v2\/types\/product"}],"replies":[{"embeddable":true,"href":"https:\/\/poudresdenarco.com\/hu\/wp-json\/wp\/v2\/comments?post=5967"}],"wp:featuredmedia":[{"embeddable":true,"href":"https:\/\/poudresdenarco.com\/hu\/wp-json\/wp\/v2\/media\/6176"}],"wp:attachment":[{"href":"https:\/\/poudresdenarco.com\/hu\/wp-json\/wp\/v2\/media?parent=5967"}],"wp:term":[{"taxonomy":"product_cat","embeddable":true,"href":"https:\/\/poudresdenarco.com\/hu\/wp-json\/wp\/v2\/product_cat?post=5967"},{"taxonomy":"product_tag","embeddable":true,"href":"https:\/\/poudresdenarco.com\/hu\/wp-json\/wp\/v2\/product_tag?post=5967"}],"curies":[{"name":"wp","href":"https:\/\/api.w.org\/{rel}","templated":true}]}}