{"id":6003,"date":"2024-10-16T11:32:20","date_gmt":"2024-10-16T11:32:20","guid":{"rendered":"https:\/\/poudresdenarco.com\/?post_type=product&#038;p=6003"},"modified":"2024-12-23T09:55:07","modified_gmt":"2024-12-23T09:55:07","slug":"a-pvp","status":"publish","type":"product","link":"https:\/\/poudresdenarco.com\/hu\/termek\/a-pvp\/","title":{"rendered":"A-PVP"},"content":{"rendered":"<h2>A-PVP CRYSTALS online<\/h2>\n<p>L<a href=\"https:\/\/poudresdenarco.com\/hu\/termek\/a-pvp\/\">alpha-PVP<\/a>m\u00e1s n\u00e9ven A-PVP CRYSTALS, egy er\u0151s stimul\u00e1ns, \u00e9s \u00e1ltal\u00e1ban az euf\u00f3ria el\u00e9r\u00e9se \u00e9rdek\u00e9ben szedik. Egyes kutat\u00f3k pszichoakt\u00edv anyagk\u00e9nt is emlegetik. Az 1960-as \u00e9vek elej\u00e9n fedezt\u00e9k fel, \u00e9s a hat\u00e1ser\u0151ss\u00e9g\u00e9nek m\u00e9rt\u00e9ke 1\/4-e az MDPV, Buy A-PVP-nek.<\/p>\n<p>A hat\u00e1sok is meglehet\u0151sen hasonl\u00f3ak. <a href=\"https:\/\/en.wikipedia.org\/wiki\/%CE%91-Pyrrolidinopentiophenone\">A-PVP<\/a> CRYSTALS \u00e1ltal\u00e1ban feh\u00e9r hegyikrist\u00e1ly form\u00e1j\u00e1ban tal\u00e1lhat\u00f3. Az A-PVP k\u00fcl\u00f6nb\u00f6z\u0151 felhaszn\u00e1l\u00e1si m\u00f3djai \u00e9s hat\u00e1sai Az Alpha-PVP-t m\u00e1s anyagokkal kell keverni, miel\u0151tt bevenn\u00e9.<\/p>\n<p>Ett\u0151l eltekintve bel\u00e9legezhet\u0151 vagy sz\u00e1jon \u00e1t is bevehet\u0151. Az adagol\u00e1sr\u00f3l kiz\u00e1r\u00f3lag az orvosnak kell d\u00f6ntenie, \u00e9s nem szabad egy \u00f3r\u00e1n bel\u00fcl t\u00f6bb adagot bevenni. <a href=\"https:\/\/poudresdenarco.com\/hu\/\">poudresdenarco<\/a><\/p>\n<h3>B\u00e1r kev\u00e9sb\u00e9 er\u0151s, az A-PVP CRYSTALS a kokainhoz hasonl\u00edthat\u00f3.<\/h3>\n<p>Ha a nyelved al\u00e1 teszed, \u00e9szre fogod venni, hogy nagyon gyorsan felold\u00f3dik. Ugyanakkor egyfajta zsibbad\u00e1st \u00e9rezhet.<\/p>\n<p>Az euf\u00f3ria id\u0151be telik, am\u00edg be\u00e1ll, de a fogyaszt\u00e1st\u00f3l sz\u00e1m\u00edtott 30 percen bel\u00fcl meg kell jelennie. A zsibbad\u00e1s ut\u00e1n enyhe v\u00e9rnyom\u00e1s-emelked\u00e9st fogsz \u00e9szrevenni.<\/p>\n<p>Ezzel egyidej\u0171leg a v\u00edziv\u00e1s ir\u00e1nti v\u00e1gyad is elm\u00falik.<\/p>\n<p>Ha a fogyaszt\u00e1s ut\u00e1n legal\u00e1bb 45 perc eltelt, enyh\u00e9n inger\u00fcltnek fogja \u00e9rezni mag\u00e1t, \u00e9s ak\u00e1r \u00e1lmosnak is \u00e9rezheti mag\u00e1t.<\/p>\n<p>\u00d6sszess\u00e9g\u00e9ben a hat\u00e1s nem tart tov\u00e1bb 3 \u00f3r\u00e1n\u00e1l, \u00e9s nem biztos, hogy hamarosan \u00fajabb adagot kell bevennie.<\/p>\n<p>Ha az inszuffl\u00e1ci\u00f3s m\u00f3dszert haszn\u00e1lja, akkor az euf\u00f3ria \u00e9rz\u00e9se viszonylag hosszabb ideig tart. Ennek ellen\u00e9re neh\u00e9z megtippelni, hogy ez mennyire er\u0151s, mivel egyes p\u00e1ciensekre nagyon lassan, m\u00edg m\u00e1sokra el\u00e9g gyorsan hat.<\/p>\n<p>Amint a term\u00e9k bejut a v\u00e1s\u00e1rl\u00f3 orr\u00e1ba, elkezd dolgozni. A term\u00e9k bev\u00e9tele ut\u00e1n 10 percen bel\u00fcl euf\u00f3rikus \u00e9rz\u00e9s l\u00e9p fel (inszuffl\u00e1ci\u00f3s m\u00f3dszer).<\/p>\n<h4><strong>V\u00e1s\u00e1roljon nagy tisztas\u00e1g\u00fa A-PVP-t kutat\u00e1sra - Narkoporok<\/strong><\/h4>\n<p><strong>Narkotikus porok<\/strong> megb\u00edzhat\u00f3 besz\u00e1ll\u00edt\u00f3ja a <strong>Min\u0151s\u00e9gi A-PVP kutat\u00e1s<\/strong>kifejezetten a <strong>tudom\u00e1nyos laborat\u00f3riumi alkalmaz\u00e1sok<\/strong>. A-PVP-inket szigor\u00fa tisztas\u00e1gi \u00e9s min\u0151s\u00e9gi szabv\u00e1nyok szerint gy\u00e1rtjuk, \u00edgy a k\u00e9miai \u00e9s farmakol\u00f3giai kutat\u00f3k sz\u00e1m\u00e1ra konzisztens eredm\u00e9nyeket biztos\u00edtunk.<\/p>\n<h3>Mi\u00e9rt v\u00e1lassza a Poudres de Narco A-PVP-t?<\/h3>\n<p>Mint egy <strong>megb\u00edzhat\u00f3 A-PVP sz\u00e1ll\u00edt\u00f3<\/strong>, <strong>Narkotikus porok<\/strong> garant\u00e1lja, hogy a term\u00e9kek megfelelnek <strong>tan\u00fas\u00edtott laborat\u00f3riumok<\/strong> :<\/p>\n<ul>\n<li><strong>Nagy tisztas\u00e1g\u00fa A-PVP laborat\u00f3riumok sz\u00e1m\u00e1ra<\/strong> Minden egyes t\u00e9telt szigor\u00faan tesztelnek a maxim\u00e1lis tisztas\u00e1g biztos\u00edt\u00e1sa \u00e9rdek\u00e9ben, ami elengedhetetlen a prec\u00edz tudom\u00e1nyos alkalmaz\u00e1sokhoz.<\/li>\n<li><strong>K\u00f6vetkezetes, megb\u00edzhat\u00f3 min\u0151s\u00e9g<\/strong> : A-PVP-nket stabil, megb\u00edzhat\u00f3 teljes\u00edtm\u00e9nyre fejlesztett\u00fck ki, amely alkalmas <strong>analitikai laborat\u00f3riumi vizsg\u00e1latok<\/strong>.<\/li>\n<li><strong>Biztons\u00e1gos online rendel\u00e9s<\/strong> : <strong>Narkotikus porok<\/strong> egyszer\u0171s\u00edtett elj\u00e1r\u00e1st k\u00edn\u00e1l a<strong>A-PVP online v\u00e1s\u00e1rl\u00e1s<\/strong>a biztons\u00e1g \u00e9s a megfelel\u0151s\u00e9g biztos\u00edt\u00e1sa.<\/li>\n<\/ul>\n<h3>Alkalmaz\u00e1sok \u00e9s biztons\u00e1gi utas\u00edt\u00e1sok<\/h3>\n<p>Le <strong>A-PVP a kutat\u00e1shoz<\/strong> a  c\u00edmr\u0151l <strong>Narkotikus porok<\/strong> a k\u00f6vetkez\u0151 c\u00e9lokra sz\u00e1nt\u00e1k <strong>analitikai alkalmaz\u00e1sok \u00e9s tudom\u00e1nyos tanulm\u00e1nyok<\/strong>. Biztons\u00e1gi aj\u00e1nl\u00e1sokat adunk az optim\u00e1lis haszn\u00e1lathoz :<\/p>\n<ul>\n<li><strong>Biztons\u00e1gos t\u00e1rol\u00e1s<\/strong> Az A-PVP-t f\u00e9nyt\u0151l v\u00e9dett, h\u0171v\u00f6s, sz\u00e1raz helyen kell t\u00e1rolni.<\/li>\n<li><strong>\u00d3vatos kezel\u00e9s<\/strong> Haszn\u00e1ljon egy\u00e9ni v\u00e9d\u0151felszerel\u00e9st (PPE) \u00e9s dolgozzon j\u00f3l szell\u0151z\u0151 helyis\u00e9gekben.<\/li>\n<li><strong>Szigor\u00faan kutat\u00e1si c\u00e9lokra fenntartott haszn\u00e1lat<\/strong> Ez a term\u00e9k csak min\u0151s\u00edtett laborat\u00f3riumoknak \u00e9s min\u0151s\u00edtett kutat\u00f3knak van fenntartva.<\/li>\n<\/ul>\n<h3>Rendeljen nagy tisztas\u00e1g\u00fa A-PVP-t tudom\u00e1nyos vizsg\u00e1lataihoz<\/h3>\n<p>A  c\u00edmen. <strong>Narkotikus porok<\/strong>r\u00e9szes\u00fclni <strong>megb\u00edzhat\u00f3 A-PVP-ell\u00e1t\u00e1s laborat\u00f3riumi alkalmaz\u00e1sokhoz<\/strong>. <strong>Kapcsolatfelv\u00e9tel<\/strong> \u00e1raj\u00e1nlat\u00e9rt, vagy ha t\u00f6bbet szeretne megtudni a tudom\u00e1nyos kutat\u00e1sra sz\u00e1nt term\u00e9kk\u00edn\u00e1latunkr\u00f3l Buy A-PVP.<\/p>\n<p>&nbsp;<\/p>","protected":false},"excerpt":{"rendered":"<p>A-PVP CRYSTALS en ligne L&lsquo;alpha-PVP, \u00e9galement connu sous le nom de A-PVP CRYSTALS, est un puissant stimulant et il est g\u00e9n\u00e9ralement pris pour atteindre l&rsquo;euphorie. Certains chercheurs le qualifient \u00e9galement de substance psychoactive. Au d\u00e9but des ann\u00e9es 1960, il a \u00e9t\u00e9 d\u00e9couvert et il a un niveau de puissance 1\/4, par rapport au MDPV, Acheter&hellip;<\/p>","protected":false},"featured_media":6180,"comment_status":"open","ping_status":"closed","template":"","meta":{"_joinchat":[]},"product_cat":[558,751],"product_tag":[],"class_list":{"0":"post-6003","1":"product","2":"type-product","3":"status-publish","4":"has-post-thumbnail","6":"product_cat-chimiques-de-recherche","7":"product_cat-stimulants","9":"first","10":"instock","11":"shipping-taxable","12":"purchasable","13":"product-type-variable","14":"col-xs-6 col-sm-4","15":"col-md-3 col-lg-3","16":"un-4-cols"},"yoast_head":"<!-- This site is optimized with the Yoast SEO plugin v23.8 - https:\/\/yoast.com\/wordpress\/plugins\/seo\/ -->\n<title>Acheter A-PVP Puret\u00e9 pour de Recherche | Poudres de Narco&quot;<\/title>\n<meta name=\"description\" content=\"Fournisseur de A-PVP pour applications scientifiques en laboratoire. Puret\u00e9 et s\u00e9curit\u00e9 garanties pour recherches avanc\u00e9es chez Poudres de Narco.\" \/>\n<meta name=\"robots\" content=\"index, follow, max-snippet:-1, max-image-preview:large, max-video-preview:-1\" \/>\n<link rel=\"canonical\" href=\"https:\/\/poudresdenarco.com\/hu\/termek\/a-pvp\/\" \/>\n<meta property=\"og:locale\" content=\"hu_HU\" \/>\n<meta property=\"og:type\" content=\"article\" \/>\n<meta property=\"og:title\" content=\"Acheter A-PVP Puret\u00e9 pour de Recherche | Poudres de Narco&quot;\" \/>\n<meta property=\"og:description\" content=\"Fournisseur de A-PVP pour applications scientifiques en laboratoire. Puret\u00e9 et s\u00e9curit\u00e9 garanties pour recherches avanc\u00e9es chez Poudres de Narco.\" \/>\n<meta property=\"og:url\" content=\"https:\/\/poudresdenarco.com\/hu\/termek\/a-pvp\/\" \/>\n<meta property=\"og:site_name\" content=\"Poudresde Narco\" \/>\n<meta property=\"article:modified_time\" content=\"2024-12-23T09:55:07+00:00\" \/>\n<meta property=\"og:image\" content=\"https:\/\/poudresdenarco.com\/wp-content\/uploads\/2024\/10\/A-PVP.gif\" \/>\n\t<meta property=\"og:image:width\" content=\"600\" \/>\n\t<meta property=\"og:image:height\" content=\"600\" \/>\n\t<meta property=\"og:image:type\" content=\"image\/gif\" \/>\n<meta name=\"twitter:card\" content=\"summary_large_image\" \/>\n<meta name=\"twitter:label1\" content=\"Becs\u00fclt olvas\u00e1si id\u0151\" \/>\n\t<meta name=\"twitter:data1\" content=\"3 perc\" \/>\n<script type=\"application\/ld+json\" class=\"yoast-schema-graph\">{\"@context\":\"https:\/\/schema.org\",\"@graph\":[{\"@type\":\"WebPage\",\"@id\":\"https:\/\/poudresdenarco.com\/produit\/a-pvp\/\",\"url\":\"https:\/\/poudresdenarco.com\/produit\/a-pvp\/\",\"name\":\"Acheter A-PVP Puret\u00e9 pour de Recherche | Poudres de Narco\\\"\",\"isPartOf\":{\"@id\":\"https:\/\/poudresdenarco.com\/#website\"},\"primaryImageOfPage\":{\"@id\":\"https:\/\/poudresdenarco.com\/produit\/a-pvp\/#primaryimage\"},\"image\":{\"@id\":\"https:\/\/poudresdenarco.com\/produit\/a-pvp\/#primaryimage\"},\"thumbnailUrl\":\"https:\/\/poudresdenarco.com\/wp-content\/uploads\/2024\/10\/A-PVP.gif\",\"datePublished\":\"2024-10-16T11:32:20+00:00\",\"dateModified\":\"2024-12-23T09:55:07+00:00\",\"description\":\"Fournisseur de A-PVP pour applications scientifiques en laboratoire. Puret\u00e9 et s\u00e9curit\u00e9 garanties pour recherches avanc\u00e9es chez Poudres de Narco.\",\"breadcrumb\":{\"@id\":\"https:\/\/poudresdenarco.com\/produit\/a-pvp\/#breadcrumb\"},\"inLanguage\":\"hu\",\"potentialAction\":[{\"@type\":\"ReadAction\",\"target\":[\"https:\/\/poudresdenarco.com\/produit\/a-pvp\/\"]}]},{\"@type\":\"ImageObject\",\"inLanguage\":\"hu\",\"@id\":\"https:\/\/poudresdenarco.com\/produit\/a-pvp\/#primaryimage\",\"url\":\"https:\/\/poudresdenarco.com\/wp-content\/uploads\/2024\/10\/A-PVP.gif\",\"contentUrl\":\"https:\/\/poudresdenarco.com\/wp-content\/uploads\/2024\/10\/A-PVP.gif\",\"width\":600,\"height\":600,\"caption\":\"A-PVP\"},{\"@type\":\"BreadcrumbList\",\"@id\":\"https:\/\/poudresdenarco.com\/produit\/a-pvp\/#breadcrumb\",\"itemListElement\":[{\"@type\":\"ListItem\",\"position\":1,\"name\":\"Home\",\"item\":\"https:\/\/poudresdenarco.com\/\"},{\"@type\":\"ListItem\",\"position\":2,\"name\":\"Boutique\",\"item\":\"https:\/\/poudresdenarco.com\/boutique\/\"},{\"@type\":\"ListItem\",\"position\":3,\"name\":\"A-PVP\"}]},{\"@type\":\"WebSite\",\"@id\":\"https:\/\/poudresdenarco.com\/#website\",\"url\":\"https:\/\/poudresdenarco.com\/\",\"name\":\"Poudresde Narco\",\"description\":\"Acheter de la coca\u00efne et de l&#039;h\u00e9ro\u00efne en ligne\",\"potentialAction\":[{\"@type\":\"SearchAction\",\"target\":{\"@type\":\"EntryPoint\",\"urlTemplate\":\"https:\/\/poudresdenarco.com\/?s={search_term_string}\"},\"query-input\":{\"@type\":\"PropertyValueSpecification\",\"valueRequired\":true,\"valueName\":\"search_term_string\"}}],\"inLanguage\":\"hu\"}]}<\/script>\n<!-- \/ Yoast SEO plugin. -->","yoast_head_json":{"title":"Acheter A-PVP Puret\u00e9 pour de Recherche | Poudres de Narco\"","description":"Fournisseur de A-PVP pour applications scientifiques en laboratoire. Puret\u00e9 et s\u00e9curit\u00e9 garanties pour recherches avanc\u00e9es chez Poudres de Narco.","robots":{"index":"index","follow":"follow","max-snippet":"max-snippet:-1","max-image-preview":"max-image-preview:large","max-video-preview":"max-video-preview:-1"},"canonical":"https:\/\/poudresdenarco.com\/hu\/termek\/a-pvp\/","og_locale":"hu_HU","og_type":"article","og_title":"Acheter A-PVP Puret\u00e9 pour de Recherche | Poudres de Narco\"","og_description":"Fournisseur de A-PVP pour applications scientifiques en laboratoire. Puret\u00e9 et s\u00e9curit\u00e9 garanties pour recherches avanc\u00e9es chez Poudres de Narco.","og_url":"https:\/\/poudresdenarco.com\/hu\/termek\/a-pvp\/","og_site_name":"Poudresde Narco","article_modified_time":"2024-12-23T09:55:07+00:00","og_image":[{"width":600,"height":600,"url":"https:\/\/poudresdenarco.com\/wp-content\/uploads\/2024\/10\/A-PVP.gif","type":"image\/gif"}],"twitter_card":"summary_large_image","twitter_misc":{"Becs\u00fclt olvas\u00e1si id\u0151":"3 perc"},"schema":{"@context":"https:\/\/schema.org","@graph":[{"@type":"WebPage","@id":"https:\/\/poudresdenarco.com\/produit\/a-pvp\/","url":"https:\/\/poudresdenarco.com\/produit\/a-pvp\/","name":"Acheter A-PVP Puret\u00e9 pour de Recherche | Poudres de Narco\"","isPartOf":{"@id":"https:\/\/poudresdenarco.com\/#website"},"primaryImageOfPage":{"@id":"https:\/\/poudresdenarco.com\/produit\/a-pvp\/#primaryimage"},"image":{"@id":"https:\/\/poudresdenarco.com\/produit\/a-pvp\/#primaryimage"},"thumbnailUrl":"https:\/\/poudresdenarco.com\/wp-content\/uploads\/2024\/10\/A-PVP.gif","datePublished":"2024-10-16T11:32:20+00:00","dateModified":"2024-12-23T09:55:07+00:00","description":"Fournisseur de A-PVP pour applications scientifiques en laboratoire. Puret\u00e9 et s\u00e9curit\u00e9 garanties pour recherches avanc\u00e9es chez Poudres de Narco.","breadcrumb":{"@id":"https:\/\/poudresdenarco.com\/produit\/a-pvp\/#breadcrumb"},"inLanguage":"hu","potentialAction":[{"@type":"ReadAction","target":["https:\/\/poudresdenarco.com\/produit\/a-pvp\/"]}]},{"@type":"ImageObject","inLanguage":"hu","@id":"https:\/\/poudresdenarco.com\/produit\/a-pvp\/#primaryimage","url":"https:\/\/poudresdenarco.com\/wp-content\/uploads\/2024\/10\/A-PVP.gif","contentUrl":"https:\/\/poudresdenarco.com\/wp-content\/uploads\/2024\/10\/A-PVP.gif","width":600,"height":600,"caption":"A-PVP"},{"@type":"BreadcrumbList","@id":"https:\/\/poudresdenarco.com\/produit\/a-pvp\/#breadcrumb","itemListElement":[{"@type":"ListItem","position":1,"name":"Home","item":"https:\/\/poudresdenarco.com\/"},{"@type":"ListItem","position":2,"name":"Boutique","item":"https:\/\/poudresdenarco.com\/boutique\/"},{"@type":"ListItem","position":3,"name":"A-PVP"}]},{"@type":"WebSite","@id":"https:\/\/poudresdenarco.com\/#website","url":"https:\/\/poudresdenarco.com\/","name":"Poudresde Narco","description":"Acheter de la coca\u00efne et de l&#039;h\u00e9ro\u00efne en ligne","potentialAction":[{"@type":"SearchAction","target":{"@type":"EntryPoint","urlTemplate":"https:\/\/poudresdenarco.com\/?s={search_term_string}"},"query-input":{"@type":"PropertyValueSpecification","valueRequired":true,"valueName":"search_term_string"}}],"inLanguage":"hu"}]}},"_links":{"self":[{"href":"https:\/\/poudresdenarco.com\/hu\/wp-json\/wp\/v2\/product\/6003","targetHints":{"allow":["GET"]}}],"collection":[{"href":"https:\/\/poudresdenarco.com\/hu\/wp-json\/wp\/v2\/product"}],"about":[{"href":"https:\/\/poudresdenarco.com\/hu\/wp-json\/wp\/v2\/types\/product"}],"replies":[{"embeddable":true,"href":"https:\/\/poudresdenarco.com\/hu\/wp-json\/wp\/v2\/comments?post=6003"}],"wp:featuredmedia":[{"embeddable":true,"href":"https:\/\/poudresdenarco.com\/hu\/wp-json\/wp\/v2\/media\/6180"}],"wp:attachment":[{"href":"https:\/\/poudresdenarco.com\/hu\/wp-json\/wp\/v2\/media?parent=6003"}],"wp:term":[{"taxonomy":"product_cat","embeddable":true,"href":"https:\/\/poudresdenarco.com\/hu\/wp-json\/wp\/v2\/product_cat?post=6003"},{"taxonomy":"product_tag","embeddable":true,"href":"https:\/\/poudresdenarco.com\/hu\/wp-json\/wp\/v2\/product_tag?post=6003"}],"curies":[{"name":"wp","href":"https:\/\/api.w.org\/{rel}","templated":true}]}}