{"id":6005,"date":"2024-10-16T11:32:20","date_gmt":"2024-10-16T11:32:20","guid":{"rendered":"https:\/\/poudresdenarco.com\/?post_type=product&#038;p=6005"},"modified":"2024-12-23T09:43:19","modified_gmt":"2024-12-23T09:43:19","slug":"flualprazolam","status":"publish","type":"product","link":"https:\/\/poudresdenarco.com\/hu\/termek\/flualprazolam\/","title":{"rendered":"Flualprazolam"},"content":{"rendered":"<h1><strong>V\u00e1s\u00e1roljon nagy tisztas\u00e1g\u00fa flualprazolamot a kutat\u00e1shoz <a href=\"https:\/\/cokebricks.com\/de\/shop\/\">&#8211;<\/a> Narkotikus porok<\/strong><\/h1>\n<p><strong>Narkotikus porok<\/strong> az \u00d6n megb\u00edzhat\u00f3 besz\u00e1ll\u00edt\u00f3ja <strong>Flualprazolam kutat\u00e1si min\u0151s\u00e9g<\/strong>kiz\u00e1r\u00f3lag a <strong>tudom\u00e1nyos laborat\u00f3riumi alkalmaz\u00e1sok<\/strong>. A Flualprazolamot szigor\u00fa tisztas\u00e1gi \u00e9s min\u0151s\u00e9gi szabv\u00e1nyok szerint gy\u00e1rtjuk, \u00edgy biztos\u00edtva megb\u00edzhat\u00f3 eredm\u00e9nyeket a k\u00e9miai \u00e9s farmakol\u00f3giai kutat\u00f3k sz\u00e1m\u00e1ra Buy Flualprazolam\u00a0<a href=\"https:\/\/poudresdenarco.com\/hu\/termek\/ghb\/\">.<\/a><\/p>\n<h3>Mi\u00e9rt v\u00e1lassza a Flualprazolamot a Poudres de Narco-t\u00f3l?<\/h3>\n<p>Mint egy <strong>Flualprazolam besz\u00e1ll\u00edt\u00f3ja a kutat\u00e1shoz<\/strong>, <strong>Narkotikus porok<\/strong> garant\u00e1lja a kiv\u00e1l\u00f3 min\u0151s\u00e9g\u0171 term\u00e9keket, amelyek alkalmazkodnak <strong>tan\u00fas\u00edtott laborat\u00f3riumok<\/strong> :<\/p>\n<ul>\n<li><strong>Nagy tisztas\u00e1g\u00fa flualprazolam laborat\u00f3riumok sz\u00e1m\u00e1ra<\/strong> : Minden egyes t\u00e9telt szigor\u00faan tesztelnek, hogy biztos\u00edts\u00e1k az optim\u00e1lis tisztas\u00e1got, ami elengedhetetlen a k\u00f6vetkez\u0151h\u00f6z <strong>prec\u00edzi\u00f3s tudom\u00e1nyos alkalmaz\u00e1sok<\/strong>.<\/li>\n<li><strong>K\u00f6vetkezetes, megb\u00edzhat\u00f3 min\u0151s\u00e9g<\/strong> : Flualprazolamunkat a stabil \u00e9s megb\u00edzhat\u00f3 teljes\u00edtm\u00e9ny \u00e9rdek\u00e9ben \u00e1ll\u00edtottuk \u00f6ssze, a k\u00f6vetkez\u0151k ig\u00e9nyeihez igazodva <strong>analitikai laborat\u00f3riumi vizsg\u00e1latok<\/strong>.<\/li>\n<li><strong>Biztons\u00e1gos online rendel\u00e9s<\/strong> : <strong>Narkotikus porok<\/strong> egyszer\u0171s\u00edtett elj\u00e1r\u00e1st k\u00edn\u00e1l a<strong>v\u00e1s\u00e1rolni Flualprazolam online<\/strong>a kutat\u00e1si szakemberek biztons\u00e1g\u00e1nak \u00e9s megfelel\u0151s\u00e9g\u00e9nek biztos\u00edt\u00e1sa.<\/li>\n<\/ul>\n<h3>Alkalmaz\u00e1sok \u00e9s biztons\u00e1gi utas\u00edt\u00e1sok<\/h3>\n<p>Le <strong>Flualprazolam a kutat\u00e1shoz<\/strong> a  c\u00edmr\u0151l <strong>Narkotikus porok<\/strong> a k\u00f6vetkez\u0151 c\u00e9lokra sz\u00e1nt\u00e1k <strong>analitikai alkalmaz\u00e1sok \u00e9s tudom\u00e1nyos tanulm\u00e1nyok<\/strong>. A megfelel\u0151 haszn\u00e1lat biztos\u00edt\u00e1sa \u00e9rdek\u00e9ben biztons\u00e1gi protokollokat biztos\u00edtunk:<\/p>\n<ul>\n<li><strong>Biztons\u00e1gos t\u00e1rol\u00e1s<\/strong> A Flualprazolamot min\u0151s\u00e9g\u00e9nek meg\u0151rz\u00e9se \u00e9rdek\u00e9ben tartsa h\u0171v\u00f6s, sz\u00e1raz, f\u00e9nyt\u0151l v\u00e9dett helyen.<\/li>\n<li><strong>\u00d3vatos kezel\u00e9s<\/strong> Haszn\u00e1ljon egy\u00e9ni v\u00e9d\u0151felszerel\u00e9st (PPE) \u00e9s dolgozzon j\u00f3l szell\u0151z\u0151 k\u00f6rnyezetben.<\/li>\n<li><strong>Szigor\u00faan kutat\u00e1si c\u00e9lokra fenntartott haszn\u00e1lat<\/strong> Ez a term\u00e9k kiz\u00e1r\u00f3lag min\u0151s\u00edtett kutat\u00f3k \u00e9s laborat\u00f3riumok sz\u00e1m\u00e1ra k\u00e9sz\u00fclt, amelyek tan\u00fas\u00edtv\u00e1nnyal rendelkeznek a k\u00f6vetkez\u0151kre vonatkoz\u00f3an <strong>halad\u00f3 tudom\u00e1nyos tanulm\u00e1nyok<\/strong>.<\/li>\n<\/ul>\n<h4>Rendeljen nagy tisztas\u00e1g\u00fa flualprazolamot a tudom\u00e1nyos tanulm\u00e1nyaihoz<\/h4>\n<p>A  c\u00edmen. <strong>Narkotikus porok<\/strong>az \u00d6n el\u0151nye <strong>megb\u00edzhat\u00f3 flualprazolam-ell\u00e1t\u00e1s laborat\u00f3riumi alkalmaz\u00e1sokhoz<\/strong>. Magas min\u0151s\u00e9gi \u00e9s biztons\u00e1gi szabv\u00e1nyaink azt jelentik, hogy <strong>Narkotikus porok<\/strong> ide\u00e1lis v\u00e1laszt\u00e1s a kutat\u00e1si szakemberek sz\u00e1m\u00e1ra. <strong>Kapcsolatfelv\u00e9tel<\/strong> \u00e1raj\u00e1nlat\u00e9rt, vagy ha t\u00f6bbet szeretne megtudni a tudom\u00e1nyos kutat\u00e1shoz haszn\u00e1lt nagy tisztas\u00e1g\u00fa term\u00e9keinkr\u0151l.<\/p>\n<h4>Hogyan fejti ki hat\u00e1s\u00e1t a flubromazepam?<\/h4>\n<p>Le <a href=\"https:\/\/en.wikipedia.org\/wiki\/Flualprazolam\">flubromazepam<\/a> a triazolobenzodiazepin csal\u00e1dba tartoz\u00f3 vizsg\u00e1lati vegyszer. A benzodiazepinek sz\u00e1rmaz\u00e9ka.<br \/>\nA jelenlegi kutat\u00e1sok a pirazol\u00e1m\u00e9hoz hasonl\u00f3 struktur\u00e1lis hat\u00e1sokra \u00f6sszpontos\u00edtanak, ritkas\u00e1guk ellen\u00e9re. M\u00e1s benzodiazepinekhez is hasonl\u00edt. A benzodiazepin csal\u00e1don bel\u00fcl a pszichotr\u00f3pok oszt\u00e1ly\u00e1ba tartoz\u00f3 depressz\u00e1nsok k\u00f6z\u00e9 sorolj\u00e1k. A v\u00e1z\u00e1n tal\u00e1lhat\u00f3 br\u00f3m \u00e9s fluor helyettes\u00edt\u00e9s miatt kapta ezt a nevet a kutat\u00e1si vegyszer.<\/p>\n<p>* K\u00e9rj\u00fck, vegye figyelembe, hogy a <a href=\"https:\/\/poudresdenarco.com\/hu\/termek\/flualprazolam\/\">flubromazepam<\/a> kiz\u00e1r\u00f3lag kutat\u00e1si c\u00e9lra enged\u00e9lyezett, \u00e9s nem fogyaszthat\u00f3 emberek \u00e1ltal.<\/p>\n<p>A flubromazep\u00e1m k\u00e9miai \u00f6sszet\u00e9tele<br \/>\nTeljes n\u00e9v: C15H10BrFN2O (szimb\u00f3lum) izo-flubromazep\u00e1m, benzodiazepin-sz\u00e1rmaz\u00e9k<\/p>\n<p>Mol\u00e1ris t\u00f6meg (g\/mol): 333,160<\/p>\n<p>98 % tisztas\u00e1g<\/p>\n<p>A flubromazep\u00e1mmal val\u00f3 munkav\u00e9gz\u00e9s sor\u00e1n a megfelel\u0151 egy\u00e9ni v\u00e9d\u0151felszerel\u00e9st (v\u00e9d\u0151szem\u00fcveg, maszk \u00e9s overall) kell haszn\u00e1lni a fedetlen b\u0151rfel\u00fcletek lefed\u00e9s\u00e9re.<\/p>\n<p>* Fontos megjegyz\u00e9s: az optim\u00e1lis eltarthat\u00f3s\u00e1g \u00e9rdek\u00e9ben mindig h\u0171v\u00f6s, sz\u00e1raz helyen t\u00e1rolja. Ez a term\u00e9k kiz\u00e1r\u00f3lag t\u00f6rv\u00e9nysz\u00e9ki \u00e9s kutat\u00e1si felhaszn\u00e1l\u00e1sra k\u00e9sz\u00fclt. Ez\u00e9rt NEM sz\u00e1nj\u00e1k \u00e1llatokon vagy m\u00e1s \u00e9l\u0151l\u00e9nyeken v\u00e9gzett b\u00e1rmilyen in vivo k\u00eds\u00e9rletre, illetve emberi fogyaszt\u00e1sra.<\/p>\n<h3>Hol lehet megv\u00e1s\u00e1rolni?<\/h3>\n<p>A laborat\u00f3riumi tisztas\u00e1g\u00fa flubromazep\u00e1mok a poudresdenarco-t\u00f3l kaphat\u00f3k. A legjobb forr\u00e1s a kutat\u00e1si vegyszerek megv\u00e1s\u00e1rl\u00e1s\u00e1hoz a poudresdenarco. Felh\u00edvjuk figyelm\u00e9t, hogy a flubromazepam megv\u00e1s\u00e1rl\u00e1sa a k\u00f6vetkez\u0151 helyr\u0151l t\u00f6rt\u00e9nik <a href=\"https:\/\/poudresdenarco.com\/hu\/\">poudresdenarco<\/a> legal\u00e1bb tizennyolc \u00e9vesnek kell lennie. Minden kereskedelmi kutat\u00e1si vegyi anyagot nem emberi fogyaszt\u00e1sra sz\u00e1nnak; ink\u00e1bb csak kutat\u00e1si \u00e9s laborat\u00f3riumi k\u00eds\u00e9rletekben haszn\u00e1lhat\u00f3k Buy Flualprazolam .<\/p>","protected":false},"excerpt":{"rendered":"<p>Acheter du Flualprazolam de Haute Puret\u00e9 pour la Recherche &#8211; Poudres de Narco Poudres de Narco est votre fournisseur de confiance pour le Flualprazolam de qualit\u00e9 recherche, con\u00e7u exclusivement pour des applications scientifiques en laboratoire. Notre Flualprazolam est produit selon des normes rigoureuses de puret\u00e9 et de qualit\u00e9, assurant des r\u00e9sultats fiables pour les chercheurs&hellip;<\/p>","protected":false},"featured_media":6178,"comment_status":"open","ping_status":"closed","template":"","meta":{"_joinchat":[]},"product_cat":[558,751],"product_tag":[],"class_list":{"0":"post-6005","1":"product","2":"type-product","3":"status-publish","4":"has-post-thumbnail","6":"product_cat-chimiques-de-recherche","7":"product_cat-stimulants","9":"first","10":"instock","11":"shipping-taxable","12":"purchasable","13":"product-type-variable","14":"col-xs-6 col-sm-4","15":"col-md-3 col-lg-3","16":"un-4-cols"},"yoast_head":"<!-- This site is optimized with the Yoast SEO plugin v23.8 - https:\/\/yoast.com\/wordpress\/plugins\/seo\/ -->\n<title>Acheter Flualprazolam Pur pour Recherche | Poudres de Narco<\/title>\n<meta name=\"description\" content=\"Flualprazolam de haute puret\u00e9 pour laboratoires. Fournisseur fiable pour applications scientifiques chez Poudres de Narco.\" \/>\n<meta name=\"robots\" content=\"index, follow, max-snippet:-1, max-image-preview:large, max-video-preview:-1\" \/>\n<link rel=\"canonical\" href=\"https:\/\/poudresdenarco.com\/hu\/termek\/flualprazolam\/\" \/>\n<meta property=\"og:locale\" content=\"hu_HU\" \/>\n<meta property=\"og:type\" content=\"article\" \/>\n<meta property=\"og:title\" content=\"Acheter Flualprazolam Pur pour Recherche | Poudres de Narco\" \/>\n<meta property=\"og:description\" content=\"Flualprazolam de haute puret\u00e9 pour laboratoires. Fournisseur fiable pour applications scientifiques chez Poudres de Narco.\" \/>\n<meta property=\"og:url\" content=\"https:\/\/poudresdenarco.com\/hu\/termek\/flualprazolam\/\" \/>\n<meta property=\"og:site_name\" content=\"Poudresde Narco\" \/>\n<meta property=\"article:modified_time\" content=\"2024-12-23T09:43:19+00:00\" \/>\n<meta property=\"og:image\" content=\"https:\/\/poudresdenarco.com\/wp-content\/uploads\/2024\/10\/Flualprazolam.gif\" \/>\n\t<meta property=\"og:image:width\" content=\"600\" \/>\n\t<meta property=\"og:image:height\" content=\"600\" \/>\n\t<meta property=\"og:image:type\" content=\"image\/gif\" \/>\n<meta name=\"twitter:card\" content=\"summary_large_image\" \/>\n<meta name=\"twitter:label1\" content=\"Becs\u00fclt olvas\u00e1si id\u0151\" \/>\n\t<meta name=\"twitter:data1\" content=\"3 perc\" \/>\n<script type=\"application\/ld+json\" class=\"yoast-schema-graph\">{\"@context\":\"https:\/\/schema.org\",\"@graph\":[{\"@type\":\"WebPage\",\"@id\":\"https:\/\/poudresdenarco.com\/produit\/flualprazolam\/\",\"url\":\"https:\/\/poudresdenarco.com\/produit\/flualprazolam\/\",\"name\":\"Acheter Flualprazolam Pur pour Recherche | Poudres de Narco\",\"isPartOf\":{\"@id\":\"https:\/\/poudresdenarco.com\/#website\"},\"primaryImageOfPage\":{\"@id\":\"https:\/\/poudresdenarco.com\/produit\/flualprazolam\/#primaryimage\"},\"image\":{\"@id\":\"https:\/\/poudresdenarco.com\/produit\/flualprazolam\/#primaryimage\"},\"thumbnailUrl\":\"https:\/\/poudresdenarco.com\/wp-content\/uploads\/2024\/10\/Flualprazolam.gif\",\"datePublished\":\"2024-10-16T11:32:20+00:00\",\"dateModified\":\"2024-12-23T09:43:19+00:00\",\"description\":\"Flualprazolam de haute puret\u00e9 pour laboratoires. Fournisseur fiable pour applications scientifiques chez Poudres de Narco.\",\"breadcrumb\":{\"@id\":\"https:\/\/poudresdenarco.com\/produit\/flualprazolam\/#breadcrumb\"},\"inLanguage\":\"hu\",\"potentialAction\":[{\"@type\":\"ReadAction\",\"target\":[\"https:\/\/poudresdenarco.com\/produit\/flualprazolam\/\"]}]},{\"@type\":\"ImageObject\",\"inLanguage\":\"hu\",\"@id\":\"https:\/\/poudresdenarco.com\/produit\/flualprazolam\/#primaryimage\",\"url\":\"https:\/\/poudresdenarco.com\/wp-content\/uploads\/2024\/10\/Flualprazolam.gif\",\"contentUrl\":\"https:\/\/poudresdenarco.com\/wp-content\/uploads\/2024\/10\/Flualprazolam.gif\",\"width\":600,\"height\":600,\"caption\":\"Flualprazolam\"},{\"@type\":\"BreadcrumbList\",\"@id\":\"https:\/\/poudresdenarco.com\/produit\/flualprazolam\/#breadcrumb\",\"itemListElement\":[{\"@type\":\"ListItem\",\"position\":1,\"name\":\"Home\",\"item\":\"https:\/\/poudresdenarco.com\/\"},{\"@type\":\"ListItem\",\"position\":2,\"name\":\"Boutique\",\"item\":\"https:\/\/poudresdenarco.com\/boutique\/\"},{\"@type\":\"ListItem\",\"position\":3,\"name\":\"Flualprazolam\"}]},{\"@type\":\"WebSite\",\"@id\":\"https:\/\/poudresdenarco.com\/#website\",\"url\":\"https:\/\/poudresdenarco.com\/\",\"name\":\"Poudresde Narco\",\"description\":\"Acheter de la coca\u00efne et de l&#039;h\u00e9ro\u00efne en ligne\",\"potentialAction\":[{\"@type\":\"SearchAction\",\"target\":{\"@type\":\"EntryPoint\",\"urlTemplate\":\"https:\/\/poudresdenarco.com\/?s={search_term_string}\"},\"query-input\":{\"@type\":\"PropertyValueSpecification\",\"valueRequired\":true,\"valueName\":\"search_term_string\"}}],\"inLanguage\":\"hu\"}]}<\/script>\n<!-- \/ Yoast SEO plugin. -->","yoast_head_json":{"title":"Acheter Flualprazolam Pur pour Recherche | Poudres de Narco","description":"Flualprazolam de haute puret\u00e9 pour laboratoires. Fournisseur fiable pour applications scientifiques chez Poudres de Narco.","robots":{"index":"index","follow":"follow","max-snippet":"max-snippet:-1","max-image-preview":"max-image-preview:large","max-video-preview":"max-video-preview:-1"},"canonical":"https:\/\/poudresdenarco.com\/hu\/termek\/flualprazolam\/","og_locale":"hu_HU","og_type":"article","og_title":"Acheter Flualprazolam Pur pour Recherche | Poudres de Narco","og_description":"Flualprazolam de haute puret\u00e9 pour laboratoires. Fournisseur fiable pour applications scientifiques chez Poudres de Narco.","og_url":"https:\/\/poudresdenarco.com\/hu\/termek\/flualprazolam\/","og_site_name":"Poudresde Narco","article_modified_time":"2024-12-23T09:43:19+00:00","og_image":[{"width":600,"height":600,"url":"https:\/\/poudresdenarco.com\/wp-content\/uploads\/2024\/10\/Flualprazolam.gif","type":"image\/gif"}],"twitter_card":"summary_large_image","twitter_misc":{"Becs\u00fclt olvas\u00e1si id\u0151":"3 perc"},"schema":{"@context":"https:\/\/schema.org","@graph":[{"@type":"WebPage","@id":"https:\/\/poudresdenarco.com\/produit\/flualprazolam\/","url":"https:\/\/poudresdenarco.com\/produit\/flualprazolam\/","name":"Acheter Flualprazolam Pur pour Recherche | Poudres de Narco","isPartOf":{"@id":"https:\/\/poudresdenarco.com\/#website"},"primaryImageOfPage":{"@id":"https:\/\/poudresdenarco.com\/produit\/flualprazolam\/#primaryimage"},"image":{"@id":"https:\/\/poudresdenarco.com\/produit\/flualprazolam\/#primaryimage"},"thumbnailUrl":"https:\/\/poudresdenarco.com\/wp-content\/uploads\/2024\/10\/Flualprazolam.gif","datePublished":"2024-10-16T11:32:20+00:00","dateModified":"2024-12-23T09:43:19+00:00","description":"Flualprazolam de haute puret\u00e9 pour laboratoires. Fournisseur fiable pour applications scientifiques chez Poudres de Narco.","breadcrumb":{"@id":"https:\/\/poudresdenarco.com\/produit\/flualprazolam\/#breadcrumb"},"inLanguage":"hu","potentialAction":[{"@type":"ReadAction","target":["https:\/\/poudresdenarco.com\/produit\/flualprazolam\/"]}]},{"@type":"ImageObject","inLanguage":"hu","@id":"https:\/\/poudresdenarco.com\/produit\/flualprazolam\/#primaryimage","url":"https:\/\/poudresdenarco.com\/wp-content\/uploads\/2024\/10\/Flualprazolam.gif","contentUrl":"https:\/\/poudresdenarco.com\/wp-content\/uploads\/2024\/10\/Flualprazolam.gif","width":600,"height":600,"caption":"Flualprazolam"},{"@type":"BreadcrumbList","@id":"https:\/\/poudresdenarco.com\/produit\/flualprazolam\/#breadcrumb","itemListElement":[{"@type":"ListItem","position":1,"name":"Home","item":"https:\/\/poudresdenarco.com\/"},{"@type":"ListItem","position":2,"name":"Boutique","item":"https:\/\/poudresdenarco.com\/boutique\/"},{"@type":"ListItem","position":3,"name":"Flualprazolam"}]},{"@type":"WebSite","@id":"https:\/\/poudresdenarco.com\/#website","url":"https:\/\/poudresdenarco.com\/","name":"Poudresde Narco","description":"Acheter de la coca\u00efne et de l&#039;h\u00e9ro\u00efne en ligne","potentialAction":[{"@type":"SearchAction","target":{"@type":"EntryPoint","urlTemplate":"https:\/\/poudresdenarco.com\/?s={search_term_string}"},"query-input":{"@type":"PropertyValueSpecification","valueRequired":true,"valueName":"search_term_string"}}],"inLanguage":"hu"}]}},"_links":{"self":[{"href":"https:\/\/poudresdenarco.com\/hu\/wp-json\/wp\/v2\/product\/6005","targetHints":{"allow":["GET"]}}],"collection":[{"href":"https:\/\/poudresdenarco.com\/hu\/wp-json\/wp\/v2\/product"}],"about":[{"href":"https:\/\/poudresdenarco.com\/hu\/wp-json\/wp\/v2\/types\/product"}],"replies":[{"embeddable":true,"href":"https:\/\/poudresdenarco.com\/hu\/wp-json\/wp\/v2\/comments?post=6005"}],"wp:featuredmedia":[{"embeddable":true,"href":"https:\/\/poudresdenarco.com\/hu\/wp-json\/wp\/v2\/media\/6178"}],"wp:attachment":[{"href":"https:\/\/poudresdenarco.com\/hu\/wp-json\/wp\/v2\/media?parent=6005"}],"wp:term":[{"taxonomy":"product_cat","embeddable":true,"href":"https:\/\/poudresdenarco.com\/hu\/wp-json\/wp\/v2\/product_cat?post=6005"},{"taxonomy":"product_tag","embeddable":true,"href":"https:\/\/poudresdenarco.com\/hu\/wp-json\/wp\/v2\/product_tag?post=6005"}],"curies":[{"name":"wp","href":"https:\/\/api.w.org\/{rel}","templated":true}]}}