{"id":6042,"date":"2024-10-16T11:32:31","date_gmt":"2024-10-16T11:32:31","guid":{"rendered":"https:\/\/poudresdenarco.com\/?post_type=product&#038;p=6042"},"modified":"2024-11-04T12:13:57","modified_gmt":"2024-11-04T12:13:57","slug":"md-pihp","status":"publish","type":"product","link":"https:\/\/poudresdenarco.com\/hu\/termek\/md-pihp\/","title":{"rendered":"Md-pihp"},"content":{"rendered":"<h2>acheter Md-pihp en ligne.<\/h2>\n<p>Le Conseil consultatif britannique sur l\u2019abus de drogues a annonc\u00e9 le 2 avril 2010 qu\u2019un boycott large et structurel de toute cette classe de m\u00e9langes serait mis en \u0153uvre. L\u2019objectif \u00e9tait de poursuivre la d\u00e9nonciation g\u00e9n\u00e9ralis\u00e9e des ventes sur le march\u00e9 noir et de l\u2019utilisation r\u00e9cr\u00e9ative de la m\u00e9ph\u00e9drone, un membre courant de la famille. Ce boycott s\u2019applique aux m\u00e9langes qui ont la structure globale d\u00e9crite ci-dessus ; 28 m\u00e9langes sp\u00e9cifiques sont identifi\u00e9s.<br \/>\nTout compos\u00e9 principalement obtenu \u00e0 partir de 2-amino-1-ph\u00e9nyl-1-propanone par alt\u00e9ration de l\u2019une des mani\u00e8res suivantes, c\u2019est-\u00e0-dire tout compos\u00e9 qui n\u2019est pas du bupropion ou une substance pour le moment indiqu\u00e9e dans le passage 2.2. <a href=\"https:\/\/poudresdenarco.com\/hu\/termek\/md-pihp\/\">acheter Md-pihp en ligne<\/a><\/p>\n<h3><strong>Acheter du MD-PiHP de Haute Puret\u00e9 pour la Recherche &#8211; Poudres de Narco<\/strong><\/h3>\n<p><strong>Narkotikus porok<\/strong> az \u00d6n megb\u00edzhat\u00f3 besz\u00e1ll\u00edt\u00f3ja <strong>MD-PiHP de qualit\u00e9 recherche<\/strong>kiz\u00e1r\u00f3lag a <strong>tudom\u00e1nyos laborat\u00f3riumi alkalmaz\u00e1sok<\/strong>. Notre MD-PiHP est produit selon des normes strictes de puret\u00e9 et de qualit\u00e9, garantissant des r\u00e9sultats constants et fiables pour les chercheurs en chimie et en pharmacologie.<\/p>\n<h3>Pourquoi Choisir le MD-PiHP de Poudres de Narco ?<\/h3>\n<p>Mint egy <strong>fournisseur de MD-PiHP pour la recherche<\/strong>, <strong>Narkotikus porok<\/strong> s\u2019engage \u00e0 offrir des produits de haute qualit\u00e9 adapt\u00e9s aux <strong>tan\u00fas\u00edtott laborat\u00f3riumok<\/strong> :<\/p>\n<ul>\n<li><strong>MD-PiHP de Haute Puret\u00e9 pour Laboratoires<\/strong> : Minden egyes t\u00e9telt szigor\u00faan tesztelnek, hogy garant\u00e1lj\u00e1k az optim\u00e1lis tisztas\u00e1got, ami elengedhetetlen a k\u00f6vetkez\u0151h\u00f6z <strong>prec\u00edzi\u00f3s tudom\u00e1nyos alkalmaz\u00e1sok<\/strong>.<\/li>\n<li><strong>K\u00f6vetkezetes, megb\u00edzhat\u00f3 min\u0151s\u00e9g<\/strong> : Notre MD-PiHP est formul\u00e9 pour des performances stables et fiables, id\u00e9ales pour les <strong>\u00e9tudes analytiques et de recherche en laboratoire<\/strong>.<\/li>\n<li><strong>Biztons\u00e1gos online rendel\u00e9s<\/strong> : <strong>Narkotikus porok<\/strong> propose un processus simplifi\u00e9 et s\u00e9curis\u00e9 pour l\u2019<strong>achat de MD-PiHP en ligne<\/strong>a kutat\u00e1si szakemberek biztons\u00e1g\u00e1nak \u00e9s megfelel\u0151s\u00e9g\u00e9nek garant\u00e1l\u00e1sa.<\/li>\n<\/ul>\n<h3>Alkalmaz\u00e1sok \u00e9s biztons\u00e1gi utas\u00edt\u00e1sok<\/h3>\n<p>Le <strong>MD-PiHP pour recherche<\/strong> a  c\u00edmr\u0151l <strong>Narkotikus porok<\/strong> a k\u00f6vetkez\u0151 c\u00e9lokra tervezt\u00e9k <strong>analitikai alkalmaz\u00e1sok \u00e9s tudom\u00e1nyos tanulm\u00e1nyok<\/strong>. Nous fournissons des consignes de s\u00e9curit\u00e9 pr\u00e9cises pour garantir un usage conforme et s\u00e9curis\u00e9 :<\/p>\n<ul>\n<li><strong>Biztons\u00e1gos t\u00e1rol\u00e1s<\/strong> : Conservez le MD-PiHP dans un endroit frais, sec, et \u00e0 l\u2019abri de la lumi\u00e8re pour pr\u00e9server sa qualit\u00e9.<\/li>\n<li><strong>\u00d3vatos kezel\u00e9s<\/strong> Haszn\u00e1ljon egy\u00e9ni v\u00e9d\u0151felszerel\u00e9st (PPE), \u00e9s a biztons\u00e1g \u00e9rdek\u00e9ben j\u00f3l szell\u0151z\u0151 k\u00f6rnyezetben dolgozzon.<\/li>\n<li><strong>Szigor\u00faan kutat\u00e1si c\u00e9lokra fenntartott haszn\u00e1lat<\/strong> Ez a term\u00e9k kiz\u00e1r\u00f3lag min\u0151s\u00edtett kutat\u00f3k \u00e9s min\u0151s\u00edtett laborat\u00f3riumok sz\u00e1m\u00e1ra k\u00e9sz\u00fclt.<\/li>\n<\/ul>\n<h3>Commandez du MD-PiHP de Haute Puret\u00e9 pour vos \u00c9tudes Scientifiques<\/h3>\n<p>A  c\u00edmen. <strong>Narkotikus porok<\/strong>az \u00d6n el\u0151nye <strong>approvisionnement fiable en MD-PiHP pour applications de laboratoire<\/strong>. Magas min\u0151s\u00e9gi \u00e9s biztons\u00e1gi szabv\u00e1nyaink azt jelentik, hogy <strong>Narkotikus porok<\/strong> a kutat\u00e1si szakemberek megb\u00edzhat\u00f3 v\u00e1laszt\u00e1sa. <strong>Kapcsolatfelv\u00e9tel<\/strong> \u00e1raj\u00e1nlat\u00e9rt, vagy ha t\u00f6bbet szeretne megtudni a tudom\u00e1nyos kutat\u00e1shoz haszn\u00e1lt nagy tisztas\u00e1g\u00fa term\u00e9keinkr\u0151l.<\/p>\n<h3>Plus d&rsquo;informations sur Md-pihp<\/h3>\n<p>(I) en substituant des substituants alkyle, alcoxy, alkyl\u00e8nedioxy, haloalkyle ou halog\u00e9nure dans le cycle ph\u00e9nyle dans une certaine mesure, ind\u00e9pendamment du fait qu&rsquo;au moins un autre substituant univalent soit ajout\u00e9 au cycle ph\u00e9nyle\u00a0;<\/p>\n<p>(ii) en substituant un substituant alkyle en position trois\u00a0; Profil m\u00e9dicinal du cannabis l\u00e9gal.<\/p>\n<p>(iii) en incorporant l&rsquo;iota d&rsquo;azote dans une structure cyclique ou en substituant des groupes alkyle ou dialkyle \u00e0 la particule d&rsquo;azote. <a href=\"https:\/\/poudresdenarco.com\/hu\/\">PowderDenarco<\/a><\/p>\n<h3>Br\u00e8ve histoire de Md-pihp<\/h3>\n<p>Le 16 avril 2010, ce mat\u00e9riel a \u00e9t\u00e9 ajout\u00e9 \u00e0 la loi de 1971 sur l&rsquo;abus de drogues, le rendant ainsi effectif.[22] Il convient de noter qu&rsquo;au moment o\u00f9 le rapport de l&rsquo;ACMD a \u00e9t\u00e9 remis, quatre des m\u00e9langes susmentionn\u00e9s\u00a0\u2014\u00a0la cathinone, la m\u00e9thcathinone, le di\u00e9thylpropion et la pyroval\u00e9rone\u00a0\u2014\u00a0\u00e9taient ill\u00e9gaux au Royaume-Uni. Deux m\u00e9langes ont \u00e9t\u00e9 sp\u00e9cifiquement exclus du boycott : le bupropion en raison de son utilisation r\u00e9pandue en m\u00e9decine et de son potentiel relatif d&rsquo;abus, la naphtyrone consid\u00e9rant que sa structure s&rsquo;\u00e9carte des crit\u00e8res non exclusifs et qu&rsquo;il n&rsquo;y avait pas suffisamment de preuves disponibles \u00e0 l&rsquo;\u00e9poque pour soutenir un boycott. achat <a href=\"https:\/\/en.wikipedia.org\/wiki\/MDPHP\">Md-pihp en ligne<\/a><\/p>\n<p>En cons\u00e9quence, les analogues de la naphyrone ont \u00e9t\u00e9 interdits en juillet 2010 \u00e0 la suite d&rsquo;une enqu\u00eate suppl\u00e9mentaire de l&rsquo;ACMD et d&rsquo;un boycott structurel beaucoup plus large que le pr\u00e9c\u00e9dent.<\/p>","protected":false},"excerpt":{"rendered":"<p>acheter Md-pihp en ligne. Le Conseil consultatif britannique sur l\u2019abus de drogues a annonc\u00e9 le 2 avril 2010 qu\u2019un boycott large et structurel de toute cette classe de m\u00e9langes serait mis en \u0153uvre. L\u2019objectif \u00e9tait de poursuivre la d\u00e9nonciation g\u00e9n\u00e9ralis\u00e9e des ventes sur le march\u00e9 noir et de l\u2019utilisation r\u00e9cr\u00e9ative de la m\u00e9ph\u00e9drone, un membre&hellip;<\/p>","protected":false},"featured_media":6197,"comment_status":"open","ping_status":"closed","template":"","meta":{"_joinchat":[]},"product_cat":[558],"product_tag":[],"class_list":{"0":"post-6042","1":"product","2":"type-product","3":"status-publish","4":"has-post-thumbnail","6":"product_cat-chimiques-de-recherche","8":"first","9":"instock","10":"shipping-taxable","11":"purchasable","12":"product-type-variable","13":"col-xs-6 col-sm-4","14":"col-md-3 col-lg-3","15":"un-4-cols"},"yoast_head":"<!-- This site is optimized with the Yoast SEO plugin v23.8 - https:\/\/yoast.com\/wordpress\/plugins\/seo\/ -->\n<title>Acheter MD-PiHP pour la Recherche | Poudres de Narco&quot;<\/title>\n<meta name=\"description\" content=\"Fournisseur de MD-PiHP pour applications scientifiques en laboratoire. Puret\u00e9 et s\u00e9curit\u00e9 garanties pour recherches avanc\u00e9es chez Poudres de Narco\" \/>\n<meta name=\"robots\" content=\"index, follow, max-snippet:-1, max-image-preview:large, max-video-preview:-1\" \/>\n<link rel=\"canonical\" href=\"https:\/\/poudresdenarco.com\/hu\/termek\/md-pihp\/\" \/>\n<meta property=\"og:locale\" content=\"hu_HU\" \/>\n<meta property=\"og:type\" content=\"article\" \/>\n<meta property=\"og:title\" content=\"Acheter MD-PiHP pour la Recherche | Poudres de Narco&quot;\" \/>\n<meta property=\"og:description\" content=\"Fournisseur de MD-PiHP pour applications scientifiques en laboratoire. Puret\u00e9 et s\u00e9curit\u00e9 garanties pour recherches avanc\u00e9es chez Poudres de Narco\" \/>\n<meta property=\"og:url\" content=\"https:\/\/poudresdenarco.com\/hu\/termek\/md-pihp\/\" \/>\n<meta property=\"og:site_name\" content=\"Poudresde Narco\" \/>\n<meta property=\"article:modified_time\" content=\"2024-11-04T12:13:57+00:00\" \/>\n<meta property=\"og:image\" content=\"https:\/\/poudresdenarco.com\/wp-content\/uploads\/2024\/10\/Md-pihp.gif\" \/>\n\t<meta property=\"og:image:width\" content=\"600\" \/>\n\t<meta property=\"og:image:height\" content=\"600\" \/>\n\t<meta property=\"og:image:type\" content=\"image\/gif\" \/>\n<meta name=\"twitter:card\" content=\"summary_large_image\" \/>\n<meta name=\"twitter:label1\" content=\"Becs\u00fclt olvas\u00e1si id\u0151\" \/>\n\t<meta name=\"twitter:data1\" content=\"4 perc\" \/>\n<script type=\"application\/ld+json\" class=\"yoast-schema-graph\">{\"@context\":\"https:\/\/schema.org\",\"@graph\":[{\"@type\":\"WebPage\",\"@id\":\"https:\/\/poudresdenarco.com\/produit\/md-pihp\/\",\"url\":\"https:\/\/poudresdenarco.com\/produit\/md-pihp\/\",\"name\":\"Acheter MD-PiHP pour la Recherche | Poudres de Narco\\\"\",\"isPartOf\":{\"@id\":\"https:\/\/poudresdenarco.com\/#website\"},\"primaryImageOfPage\":{\"@id\":\"https:\/\/poudresdenarco.com\/produit\/md-pihp\/#primaryimage\"},\"image\":{\"@id\":\"https:\/\/poudresdenarco.com\/produit\/md-pihp\/#primaryimage\"},\"thumbnailUrl\":\"https:\/\/poudresdenarco.com\/wp-content\/uploads\/2024\/10\/Md-pihp.gif\",\"datePublished\":\"2024-10-16T11:32:31+00:00\",\"dateModified\":\"2024-11-04T12:13:57+00:00\",\"description\":\"Fournisseur de MD-PiHP pour applications scientifiques en laboratoire. Puret\u00e9 et s\u00e9curit\u00e9 garanties pour recherches avanc\u00e9es chez Poudres de Narco\",\"breadcrumb\":{\"@id\":\"https:\/\/poudresdenarco.com\/produit\/md-pihp\/#breadcrumb\"},\"inLanguage\":\"hu\",\"potentialAction\":[{\"@type\":\"ReadAction\",\"target\":[\"https:\/\/poudresdenarco.com\/produit\/md-pihp\/\"]}]},{\"@type\":\"ImageObject\",\"inLanguage\":\"hu\",\"@id\":\"https:\/\/poudresdenarco.com\/produit\/md-pihp\/#primaryimage\",\"url\":\"https:\/\/poudresdenarco.com\/wp-content\/uploads\/2024\/10\/Md-pihp.gif\",\"contentUrl\":\"https:\/\/poudresdenarco.com\/wp-content\/uploads\/2024\/10\/Md-pihp.gif\",\"width\":600,\"height\":600,\"caption\":\"Md-pihp\"},{\"@type\":\"BreadcrumbList\",\"@id\":\"https:\/\/poudresdenarco.com\/produit\/md-pihp\/#breadcrumb\",\"itemListElement\":[{\"@type\":\"ListItem\",\"position\":1,\"name\":\"Home\",\"item\":\"https:\/\/poudresdenarco.com\/\"},{\"@type\":\"ListItem\",\"position\":2,\"name\":\"Boutique\",\"item\":\"https:\/\/poudresdenarco.com\/boutique\/\"},{\"@type\":\"ListItem\",\"position\":3,\"name\":\"Md-pihp\"}]},{\"@type\":\"WebSite\",\"@id\":\"https:\/\/poudresdenarco.com\/#website\",\"url\":\"https:\/\/poudresdenarco.com\/\",\"name\":\"Poudresde Narco\",\"description\":\"Acheter de la coca\u00efne et de l&#039;h\u00e9ro\u00efne en ligne\",\"potentialAction\":[{\"@type\":\"SearchAction\",\"target\":{\"@type\":\"EntryPoint\",\"urlTemplate\":\"https:\/\/poudresdenarco.com\/?s={search_term_string}\"},\"query-input\":{\"@type\":\"PropertyValueSpecification\",\"valueRequired\":true,\"valueName\":\"search_term_string\"}}],\"inLanguage\":\"hu\"}]}<\/script>\n<!-- \/ Yoast SEO plugin. -->","yoast_head_json":{"title":"Acheter MD-PiHP pour la Recherche | Poudres de Narco\"","description":"Fournisseur de MD-PiHP pour applications scientifiques en laboratoire. Puret\u00e9 et s\u00e9curit\u00e9 garanties pour recherches avanc\u00e9es chez Poudres de Narco","robots":{"index":"index","follow":"follow","max-snippet":"max-snippet:-1","max-image-preview":"max-image-preview:large","max-video-preview":"max-video-preview:-1"},"canonical":"https:\/\/poudresdenarco.com\/hu\/termek\/md-pihp\/","og_locale":"hu_HU","og_type":"article","og_title":"Acheter MD-PiHP pour la Recherche | Poudres de Narco\"","og_description":"Fournisseur de MD-PiHP pour applications scientifiques en laboratoire. Puret\u00e9 et s\u00e9curit\u00e9 garanties pour recherches avanc\u00e9es chez Poudres de Narco","og_url":"https:\/\/poudresdenarco.com\/hu\/termek\/md-pihp\/","og_site_name":"Poudresde Narco","article_modified_time":"2024-11-04T12:13:57+00:00","og_image":[{"width":600,"height":600,"url":"https:\/\/poudresdenarco.com\/wp-content\/uploads\/2024\/10\/Md-pihp.gif","type":"image\/gif"}],"twitter_card":"summary_large_image","twitter_misc":{"Becs\u00fclt olvas\u00e1si id\u0151":"4 perc"},"schema":{"@context":"https:\/\/schema.org","@graph":[{"@type":"WebPage","@id":"https:\/\/poudresdenarco.com\/produit\/md-pihp\/","url":"https:\/\/poudresdenarco.com\/produit\/md-pihp\/","name":"Acheter MD-PiHP pour la Recherche | Poudres de Narco\"","isPartOf":{"@id":"https:\/\/poudresdenarco.com\/#website"},"primaryImageOfPage":{"@id":"https:\/\/poudresdenarco.com\/produit\/md-pihp\/#primaryimage"},"image":{"@id":"https:\/\/poudresdenarco.com\/produit\/md-pihp\/#primaryimage"},"thumbnailUrl":"https:\/\/poudresdenarco.com\/wp-content\/uploads\/2024\/10\/Md-pihp.gif","datePublished":"2024-10-16T11:32:31+00:00","dateModified":"2024-11-04T12:13:57+00:00","description":"Fournisseur de MD-PiHP pour applications scientifiques en laboratoire. Puret\u00e9 et s\u00e9curit\u00e9 garanties pour recherches avanc\u00e9es chez Poudres de Narco","breadcrumb":{"@id":"https:\/\/poudresdenarco.com\/produit\/md-pihp\/#breadcrumb"},"inLanguage":"hu","potentialAction":[{"@type":"ReadAction","target":["https:\/\/poudresdenarco.com\/produit\/md-pihp\/"]}]},{"@type":"ImageObject","inLanguage":"hu","@id":"https:\/\/poudresdenarco.com\/produit\/md-pihp\/#primaryimage","url":"https:\/\/poudresdenarco.com\/wp-content\/uploads\/2024\/10\/Md-pihp.gif","contentUrl":"https:\/\/poudresdenarco.com\/wp-content\/uploads\/2024\/10\/Md-pihp.gif","width":600,"height":600,"caption":"Md-pihp"},{"@type":"BreadcrumbList","@id":"https:\/\/poudresdenarco.com\/produit\/md-pihp\/#breadcrumb","itemListElement":[{"@type":"ListItem","position":1,"name":"Home","item":"https:\/\/poudresdenarco.com\/"},{"@type":"ListItem","position":2,"name":"Boutique","item":"https:\/\/poudresdenarco.com\/boutique\/"},{"@type":"ListItem","position":3,"name":"Md-pihp"}]},{"@type":"WebSite","@id":"https:\/\/poudresdenarco.com\/#website","url":"https:\/\/poudresdenarco.com\/","name":"Poudresde Narco","description":"Acheter de la coca\u00efne et de l&#039;h\u00e9ro\u00efne en ligne","potentialAction":[{"@type":"SearchAction","target":{"@type":"EntryPoint","urlTemplate":"https:\/\/poudresdenarco.com\/?s={search_term_string}"},"query-input":{"@type":"PropertyValueSpecification","valueRequired":true,"valueName":"search_term_string"}}],"inLanguage":"hu"}]}},"_links":{"self":[{"href":"https:\/\/poudresdenarco.com\/hu\/wp-json\/wp\/v2\/product\/6042","targetHints":{"allow":["GET"]}}],"collection":[{"href":"https:\/\/poudresdenarco.com\/hu\/wp-json\/wp\/v2\/product"}],"about":[{"href":"https:\/\/poudresdenarco.com\/hu\/wp-json\/wp\/v2\/types\/product"}],"replies":[{"embeddable":true,"href":"https:\/\/poudresdenarco.com\/hu\/wp-json\/wp\/v2\/comments?post=6042"}],"wp:featuredmedia":[{"embeddable":true,"href":"https:\/\/poudresdenarco.com\/hu\/wp-json\/wp\/v2\/media\/6197"}],"wp:attachment":[{"href":"https:\/\/poudresdenarco.com\/hu\/wp-json\/wp\/v2\/media?parent=6042"}],"wp:term":[{"taxonomy":"product_cat","embeddable":true,"href":"https:\/\/poudresdenarco.com\/hu\/wp-json\/wp\/v2\/product_cat?post=6042"},{"taxonomy":"product_tag","embeddable":true,"href":"https:\/\/poudresdenarco.com\/hu\/wp-json\/wp\/v2\/product_tag?post=6042"}],"curies":[{"name":"wp","href":"https:\/\/api.w.org\/{rel}","templated":true}]}}