{"id":6043,"date":"2024-10-16T11:32:31","date_gmt":"2024-10-16T11:32:31","guid":{"rendered":"https:\/\/poudresdenarco.com\/?post_type=product&#038;p=6043"},"modified":"2024-12-23T09:34:13","modified_gmt":"2024-12-23T09:34:13","slug":"mdma","status":"publish","type":"product","link":"https:\/\/poudresdenarco.com\/hu\/termek\/mdma\/","title":{"rendered":"MDMA"},"content":{"rendered":"<h2>Acheter MDMA en ligne.<\/h2>\n<p>Les cristaux de poudre <a href=\"https:\/\/poudresdenarco.com\/hu\/termek\/mdma\/\">MDMA<\/a> sont une combinaison stimulante et psych\u00e9d\u00e9lique qui provoque des distorsions \u00e9nerg\u00e9tiques, une perception alt\u00e9r\u00e9e du temps et un plaisir accru des stimuli tactile Acheter MDMA.<br \/>\n1, 2 Les effets de la MDMA, qui signifie 3,4-m\u00e9thyl\u00e8nedioxym\u00e9thamph\u00e9tamine, sont g\u00e9n\u00e9ralement ressentis trois \u00e0 six heures apr\u00e8s une administration orale, g\u00e9n\u00e9ralement sous forme de comprim\u00e9 ou de capsule.<\/p>\n<p>Une \u00e0 deux pilules, contenant chacune entre 60 et 120 milligrammes de MDMA, est la dose habituellement rapport\u00e9e.<\/p>\n<p>Lorsque les effets de la premi\u00e8re dose commencent \u00e0 s&rsquo;estomper, il est habituel que les utilisateurs prennent une deuxi\u00e8me dose du m\u00e9dicament.<\/p>\n<p>La 3,4-m\u00e9thyl\u00e8nedioxym\u00e9thamph\u00e9tamine, ou cristaux de poudre MDMA, est une substance synth\u00e9tique qui affecte l&rsquo;humeur et la perception (conscience de l&rsquo;environnement). <a href=\"https:\/\/poudresdenarco.com\/hu\/\">PowderDenarco<\/a><\/p>\n<p>Elle produit des sentiments d&rsquo;\u00e9nergie accrue, de plaisir, de chaleur \u00e9motionnelle et de perception sensorielle et temporelle biais\u00e9e. Chimiquement, elle est comparable \u00e0 la fois aux stimulants et aux hallucinog\u00e8nes.<\/p>\n<p>Les cristaux de poudre de <a href=\"https:\/\/en.wikipedia.org\/wiki\/MDMA\">MDMA<\/a> ont gagn\u00e9 en popularit\u00e9 dans l\u2019industrie des bo\u00eetes de nuit et lors des soir\u00e9es dansantes, ou \u00ab raves \u00bb, mais les consommateurs actuels de cette substance sont plus diversifi\u00e9s et plus susceptibles de l\u2019appeler Molly ou Ecstasy.<\/p>\n<h3><strong>Acheter du MDMA de Haute Puret\u00e9 pour la Recherche &#8211; Poudres de Narco<\/strong><\/h3>\n<p><strong>Narkotikus porok<\/strong> az \u00d6n megb\u00edzhat\u00f3 forr\u00e1sa a <strong>MDMA de qualit\u00e9 recherche<\/strong>kiz\u00e1r\u00f3lag a <strong>tudom\u00e1nyos laborat\u00f3riumi alkalmaz\u00e1sok<\/strong>. Notre MDMA est produit selon des normes rigoureuses de puret\u00e9 et de qualit\u00e9, garantissant des r\u00e9sultats fiables pour les chercheurs en chimie et pharmacologie.<\/p>\n<h3>Pourquoi Choisir le MDMA de Poudres de Narco ?<\/h3>\n<p>Mint egy <strong>fournisseur de MDMA pour la recherche<\/strong>, <strong>Narkotikus porok<\/strong> v\u00e1llalja, hogy olyan term\u00e9keket sz\u00e1ll\u00edt, amelyek megfelelnek a <strong>tan\u00fas\u00edtott laborat\u00f3riumok<\/strong> :<\/p>\n<ul>\n<li><strong>MDMA de Haute Puret\u00e9 pour Laboratoires<\/strong> : Minden egyes t\u00e9telt szigor\u00faan tesztelnek, hogy garant\u00e1lj\u00e1k az optim\u00e1lis tisztas\u00e1got, ami elengedhetetlen a k\u00f6vetkez\u0151h\u00f6z <strong>prec\u00edzi\u00f3s tudom\u00e1nyos alkalmaz\u00e1sok<\/strong>.<\/li>\n<li><strong>K\u00f6vetkezetes, megb\u00edzhat\u00f3 min\u0151s\u00e9g<\/strong> : Notre MDMA est formul\u00e9 pour des performances stables et fiables, adapt\u00e9es aux <strong>analitikai laborat\u00f3riumi vizsg\u00e1latok<\/strong>.<\/li>\n<li><strong>Biztons\u00e1gos online rendel\u00e9s<\/strong> : <strong>Narkotikus porok<\/strong> propose un processus simplifi\u00e9 et s\u00e9curis\u00e9 pour l\u2019<strong>achat de MDMA en ligne<\/strong>a kutat\u00e1si szakemberek biztons\u00e1g\u00e1nak \u00e9s megfelel\u0151s\u00e9g\u00e9nek biztos\u00edt\u00e1sa.<\/li>\n<\/ul>\n<h3>Alkalmaz\u00e1sok \u00e9s biztons\u00e1gi utas\u00edt\u00e1sok<\/h3>\n<p>Le <strong>MDMA pour recherche<\/strong> a  c\u00edmr\u0151l <strong>Narkotikus porok<\/strong> a k\u00f6vetkez\u0151 c\u00e9lokra sz\u00e1nt\u00e1k <strong>analitikai alkalmaz\u00e1sok \u00e9s tudom\u00e1nyos tanulm\u00e1nyok<\/strong>. A biztons\u00e1gos \u00e9s megfelel\u0151 haszn\u00e1lat \u00e9rdek\u00e9ben r\u00e9szletes biztons\u00e1gi utas\u00edt\u00e1sokat adunk:<\/p>\n<ul>\n<li><strong>Biztons\u00e1gos t\u00e1rol\u00e1s<\/strong> : Conservez le MDMA dans un endroit frais, sec, et \u00e0 l\u2019abri de la lumi\u00e8re pour maintenir sa qualit\u00e9.<\/li>\n<li><strong>\u00d3vatos kezel\u00e9s<\/strong> Haszn\u00e1ljon egy\u00e9ni v\u00e9d\u0151felszerel\u00e9st (PPE), \u00e9s a biztons\u00e1g \u00e9rdek\u00e9ben j\u00f3l szell\u0151z\u0151 k\u00f6rnyezetben dolgozzon.<\/li>\n<li><strong>Szigor\u00faan kutat\u00e1si c\u00e9lokra fenntartott haszn\u00e1lat<\/strong> Ez a term\u00e9k kiz\u00e1r\u00f3lag min\u0151s\u00edtett kutat\u00f3k \u00e9s min\u0151s\u00edtett laborat\u00f3riumok sz\u00e1m\u00e1ra k\u00e9sz\u00fclt.<\/li>\n<\/ul>\n<h3>Commandez du MDMA de Haute Puret\u00e9 pour vos \u00c9tudes Scientifiques<\/h3>\n<p>A  c\u00edmen. <strong>Narkotikus porok<\/strong>r\u00e9szes\u00fclni <strong>approvisionnement fiable en MDMA pour applications de laboratoire<\/strong>. Magas min\u0151s\u00e9gi \u00e9s biztons\u00e1gi szabv\u00e1nyaink azt jelentik, hogy <strong>Narkotikus porok<\/strong> ide\u00e1lis v\u00e1laszt\u00e1s a kutat\u00e1si szakemberek sz\u00e1m\u00e1ra. <strong>Kapcsolatfelv\u00e9tel<\/strong> \u00e1raj\u00e1nlat\u00e9rt, vagy ha t\u00f6bbet szeretne megtudni a tudom\u00e1nyos kutat\u00e1shoz haszn\u00e1lt nagy tisztas\u00e1g\u00fa term\u00e9keinkr\u0151l.<\/p>\n<p>&nbsp;<\/p>","protected":false},"excerpt":{"rendered":"<p>Acheter MDMA en ligne. Les cristaux de poudre MDMA sont une combinaison stimulante et psych\u00e9d\u00e9lique qui provoque des distorsions \u00e9nerg\u00e9tiques, une perception alt\u00e9r\u00e9e du temps et un plaisir accru des stimuli tactile Acheter MDMA. 1, 2 Les effets de la MDMA, qui signifie 3,4-m\u00e9thyl\u00e8nedioxym\u00e9thamph\u00e9tamine, sont g\u00e9n\u00e9ralement ressentis trois \u00e0 six heures apr\u00e8s une administration orale,&hellip;<\/p>","protected":false},"featured_media":6196,"comment_status":"open","ping_status":"closed","template":"","meta":{"_joinchat":[]},"product_cat":[558,751],"product_tag":[],"class_list":{"0":"post-6043","1":"product","2":"type-product","3":"status-publish","4":"has-post-thumbnail","6":"product_cat-chimiques-de-recherche","7":"product_cat-stimulants","9":"first","10":"instock","11":"shipping-taxable","12":"purchasable","13":"product-type-variable","14":"col-xs-6 col-sm-4","15":"col-md-3 col-lg-3","16":"un-4-cols"},"yoast_head":"<!-- This site is optimized with the Yoast SEO plugin v23.8 - https:\/\/yoast.com\/wordpress\/plugins\/seo\/ -->\n<title>Acheter MDMA de Haute la Recherche | Poudres de Narco<\/title>\n<meta name=\"description\" content=\"Fournisseur de MDMA pour applications scientifiques en laboratoire. Puret\u00e9 et s\u00e9curit\u00e9 garanties pour recherches avanc\u00e9es chez Poudres de Narco.\" \/>\n<meta name=\"robots\" content=\"index, follow, max-snippet:-1, max-image-preview:large, max-video-preview:-1\" \/>\n<link rel=\"canonical\" href=\"https:\/\/poudresdenarco.com\/hu\/termek\/mdma\/\" \/>\n<meta property=\"og:locale\" content=\"hu_HU\" \/>\n<meta property=\"og:type\" content=\"article\" \/>\n<meta property=\"og:title\" content=\"Acheter MDMA de Haute la Recherche | Poudres de Narco\" \/>\n<meta property=\"og:description\" content=\"Fournisseur de MDMA pour applications scientifiques en laboratoire. Puret\u00e9 et s\u00e9curit\u00e9 garanties pour recherches avanc\u00e9es chez Poudres de Narco.\" \/>\n<meta property=\"og:url\" content=\"https:\/\/poudresdenarco.com\/hu\/termek\/mdma\/\" \/>\n<meta property=\"og:site_name\" content=\"Poudresde Narco\" \/>\n<meta property=\"article:modified_time\" content=\"2024-12-23T09:34:13+00:00\" \/>\n<meta property=\"og:image\" content=\"https:\/\/poudresdenarco.com\/wp-content\/uploads\/2024\/10\/MDMA-1.gif\" \/>\n\t<meta property=\"og:image:width\" content=\"600\" \/>\n\t<meta property=\"og:image:height\" content=\"600\" \/>\n\t<meta property=\"og:image:type\" content=\"image\/gif\" \/>\n<meta name=\"twitter:card\" content=\"summary_large_image\" \/>\n<meta name=\"twitter:label1\" content=\"Becs\u00fclt olvas\u00e1si id\u0151\" \/>\n\t<meta name=\"twitter:data1\" content=\"3 perc\" \/>\n<script type=\"application\/ld+json\" class=\"yoast-schema-graph\">{\"@context\":\"https:\/\/schema.org\",\"@graph\":[{\"@type\":\"WebPage\",\"@id\":\"https:\/\/poudresdenarco.com\/produit\/mdma\/\",\"url\":\"https:\/\/poudresdenarco.com\/produit\/mdma\/\",\"name\":\"Acheter MDMA de Haute la Recherche | Poudres de Narco\",\"isPartOf\":{\"@id\":\"https:\/\/poudresdenarco.com\/#website\"},\"primaryImageOfPage\":{\"@id\":\"https:\/\/poudresdenarco.com\/produit\/mdma\/#primaryimage\"},\"image\":{\"@id\":\"https:\/\/poudresdenarco.com\/produit\/mdma\/#primaryimage\"},\"thumbnailUrl\":\"https:\/\/poudresdenarco.com\/wp-content\/uploads\/2024\/10\/MDMA-1.gif\",\"datePublished\":\"2024-10-16T11:32:31+00:00\",\"dateModified\":\"2024-12-23T09:34:13+00:00\",\"description\":\"Fournisseur de MDMA pour applications scientifiques en laboratoire. Puret\u00e9 et s\u00e9curit\u00e9 garanties pour recherches avanc\u00e9es chez Poudres de Narco.\",\"breadcrumb\":{\"@id\":\"https:\/\/poudresdenarco.com\/produit\/mdma\/#breadcrumb\"},\"inLanguage\":\"hu\",\"potentialAction\":[{\"@type\":\"ReadAction\",\"target\":[\"https:\/\/poudresdenarco.com\/produit\/mdma\/\"]}]},{\"@type\":\"ImageObject\",\"inLanguage\":\"hu\",\"@id\":\"https:\/\/poudresdenarco.com\/produit\/mdma\/#primaryimage\",\"url\":\"https:\/\/poudresdenarco.com\/wp-content\/uploads\/2024\/10\/MDMA-1.gif\",\"contentUrl\":\"https:\/\/poudresdenarco.com\/wp-content\/uploads\/2024\/10\/MDMA-1.gif\",\"width\":600,\"height\":600,\"caption\":\"MDMA\"},{\"@type\":\"BreadcrumbList\",\"@id\":\"https:\/\/poudresdenarco.com\/produit\/mdma\/#breadcrumb\",\"itemListElement\":[{\"@type\":\"ListItem\",\"position\":1,\"name\":\"Home\",\"item\":\"https:\/\/poudresdenarco.com\/\"},{\"@type\":\"ListItem\",\"position\":2,\"name\":\"Boutique\",\"item\":\"https:\/\/poudresdenarco.com\/boutique\/\"},{\"@type\":\"ListItem\",\"position\":3,\"name\":\"MDMA\"}]},{\"@type\":\"WebSite\",\"@id\":\"https:\/\/poudresdenarco.com\/#website\",\"url\":\"https:\/\/poudresdenarco.com\/\",\"name\":\"Poudresde Narco\",\"description\":\"Acheter de la coca\u00efne et de l&#039;h\u00e9ro\u00efne en ligne\",\"potentialAction\":[{\"@type\":\"SearchAction\",\"target\":{\"@type\":\"EntryPoint\",\"urlTemplate\":\"https:\/\/poudresdenarco.com\/?s={search_term_string}\"},\"query-input\":{\"@type\":\"PropertyValueSpecification\",\"valueRequired\":true,\"valueName\":\"search_term_string\"}}],\"inLanguage\":\"hu\"}]}<\/script>\n<!-- \/ Yoast SEO plugin. -->","yoast_head_json":{"title":"Acheter MDMA de Haute la Recherche | Poudres de Narco","description":"Fournisseur de MDMA pour applications scientifiques en laboratoire. Puret\u00e9 et s\u00e9curit\u00e9 garanties pour recherches avanc\u00e9es chez Poudres de Narco.","robots":{"index":"index","follow":"follow","max-snippet":"max-snippet:-1","max-image-preview":"max-image-preview:large","max-video-preview":"max-video-preview:-1"},"canonical":"https:\/\/poudresdenarco.com\/hu\/termek\/mdma\/","og_locale":"hu_HU","og_type":"article","og_title":"Acheter MDMA de Haute la Recherche | Poudres de Narco","og_description":"Fournisseur de MDMA pour applications scientifiques en laboratoire. Puret\u00e9 et s\u00e9curit\u00e9 garanties pour recherches avanc\u00e9es chez Poudres de Narco.","og_url":"https:\/\/poudresdenarco.com\/hu\/termek\/mdma\/","og_site_name":"Poudresde Narco","article_modified_time":"2024-12-23T09:34:13+00:00","og_image":[{"width":600,"height":600,"url":"https:\/\/poudresdenarco.com\/wp-content\/uploads\/2024\/10\/MDMA-1.gif","type":"image\/gif"}],"twitter_card":"summary_large_image","twitter_misc":{"Becs\u00fclt olvas\u00e1si id\u0151":"3 perc"},"schema":{"@context":"https:\/\/schema.org","@graph":[{"@type":"WebPage","@id":"https:\/\/poudresdenarco.com\/produit\/mdma\/","url":"https:\/\/poudresdenarco.com\/produit\/mdma\/","name":"Acheter MDMA de Haute la Recherche | Poudres de Narco","isPartOf":{"@id":"https:\/\/poudresdenarco.com\/#website"},"primaryImageOfPage":{"@id":"https:\/\/poudresdenarco.com\/produit\/mdma\/#primaryimage"},"image":{"@id":"https:\/\/poudresdenarco.com\/produit\/mdma\/#primaryimage"},"thumbnailUrl":"https:\/\/poudresdenarco.com\/wp-content\/uploads\/2024\/10\/MDMA-1.gif","datePublished":"2024-10-16T11:32:31+00:00","dateModified":"2024-12-23T09:34:13+00:00","description":"Fournisseur de MDMA pour applications scientifiques en laboratoire. Puret\u00e9 et s\u00e9curit\u00e9 garanties pour recherches avanc\u00e9es chez Poudres de Narco.","breadcrumb":{"@id":"https:\/\/poudresdenarco.com\/produit\/mdma\/#breadcrumb"},"inLanguage":"hu","potentialAction":[{"@type":"ReadAction","target":["https:\/\/poudresdenarco.com\/produit\/mdma\/"]}]},{"@type":"ImageObject","inLanguage":"hu","@id":"https:\/\/poudresdenarco.com\/produit\/mdma\/#primaryimage","url":"https:\/\/poudresdenarco.com\/wp-content\/uploads\/2024\/10\/MDMA-1.gif","contentUrl":"https:\/\/poudresdenarco.com\/wp-content\/uploads\/2024\/10\/MDMA-1.gif","width":600,"height":600,"caption":"MDMA"},{"@type":"BreadcrumbList","@id":"https:\/\/poudresdenarco.com\/produit\/mdma\/#breadcrumb","itemListElement":[{"@type":"ListItem","position":1,"name":"Home","item":"https:\/\/poudresdenarco.com\/"},{"@type":"ListItem","position":2,"name":"Boutique","item":"https:\/\/poudresdenarco.com\/boutique\/"},{"@type":"ListItem","position":3,"name":"MDMA"}]},{"@type":"WebSite","@id":"https:\/\/poudresdenarco.com\/#website","url":"https:\/\/poudresdenarco.com\/","name":"Poudresde Narco","description":"Acheter de la coca\u00efne et de l&#039;h\u00e9ro\u00efne en ligne","potentialAction":[{"@type":"SearchAction","target":{"@type":"EntryPoint","urlTemplate":"https:\/\/poudresdenarco.com\/?s={search_term_string}"},"query-input":{"@type":"PropertyValueSpecification","valueRequired":true,"valueName":"search_term_string"}}],"inLanguage":"hu"}]}},"_links":{"self":[{"href":"https:\/\/poudresdenarco.com\/hu\/wp-json\/wp\/v2\/product\/6043","targetHints":{"allow":["GET"]}}],"collection":[{"href":"https:\/\/poudresdenarco.com\/hu\/wp-json\/wp\/v2\/product"}],"about":[{"href":"https:\/\/poudresdenarco.com\/hu\/wp-json\/wp\/v2\/types\/product"}],"replies":[{"embeddable":true,"href":"https:\/\/poudresdenarco.com\/hu\/wp-json\/wp\/v2\/comments?post=6043"}],"wp:featuredmedia":[{"embeddable":true,"href":"https:\/\/poudresdenarco.com\/hu\/wp-json\/wp\/v2\/media\/6196"}],"wp:attachment":[{"href":"https:\/\/poudresdenarco.com\/hu\/wp-json\/wp\/v2\/media?parent=6043"}],"wp:term":[{"taxonomy":"product_cat","embeddable":true,"href":"https:\/\/poudresdenarco.com\/hu\/wp-json\/wp\/v2\/product_cat?post=6043"},{"taxonomy":"product_tag","embeddable":true,"href":"https:\/\/poudresdenarco.com\/hu\/wp-json\/wp\/v2\/product_tag?post=6043"}],"curies":[{"name":"wp","href":"https:\/\/api.w.org\/{rel}","templated":true}]}}