{"id":6044,"date":"2024-10-16T11:32:31","date_gmt":"2024-10-16T11:32:31","guid":{"rendered":"https:\/\/poudresdenarco.com\/?post_type=product&#038;p=6044"},"modified":"2026-01-23T08:05:46","modified_gmt":"2026-01-23T08:05:46","slug":"mdphp-free-base","status":"publish","type":"product","link":"https:\/\/poudresdenarco.com\/hu\/termek\/mdphp-free-base\/","title":{"rendered":"Mdphp szabad-alap"},"content":{"rendered":"<h2>MDPHP Free-Base online megv\u00e1s\u00e1rl\u00e1sa<\/h2>\n<p>V\u00e1s\u00e1roljon <a href=\"https:\/\/poudresdenarco.com\/hu\/termek\/mdphp-free-base\/\">MDPHP<\/a> k\u00f6zeli rokona egy ismertebb stimul\u00e1nsnak, az MDPV-nek, amelyet eredetileg egy n\u00e9met gy\u00f3gyszergy\u00e1r fejlesztett ki az 1960-as \u00e9vekben Buy MDPHP Free-Bas<a href=\"https:\/\/cokebricks.com\/de\/produkt\/etizolam\/\">.<\/a><\/p>\n<p>A (3\u2032,4\u2032-metil\u00e9ndioxi-\u03b1-pirrolidinohexiophenon) vagy \"majompor\" n\u00e9ven is ismert MDPHP noradrenalin \u00e9s dopamin visszav\u00e9tel g\u00e1tl\u00f3k\u00e9nt (NDRI) m\u0171k\u00f6dik, \u00e9s hidroklorid (HCL) \u00e1llapot\u00e1ban nagyon finom krist\u00e1lyos porhoz hasonl\u00edt. Az MDPHP-r\u0151l \u00e9s hat\u00e1sair\u00f3l jelent\u0151s mennyis\u00e9g\u0171 inform\u00e1ci\u00f3t k\u00f6z\u00f6lnek a k\u00fcl\u00f6nb\u00f6z\u0151 internetes f\u00f3rumokon tal\u00e1lhat\u00f3 tanulm\u00e1nyok \u00e9s tudom\u00e1nyos tanulm\u00e1nyok, azonban a j\u00f6v\u0151beli legalit\u00e1s\u00e1val \u00e9s az \u00f3piumt\u00f6rv\u00e9nybe val\u00f3 esetleges felv\u00e9tel\u00e9vel kapcsolatban tov\u00e1bbra sem vil\u00e1gos. Egyel\u0151re Eur\u00f3pa nagy r\u00e9sz\u00e9n leg\u00e1lis marad, ez\u00e9rt a Chemical Planetn\u00e9l \u00f6r\u00f6mmel k\u00edn\u00e1lunk laborat\u00f3riumi min\u0151s\u00e9g\u0171 MDPHP port kutat\u00e1si c\u00e9lokra. Tov\u00e1bbi technikai inform\u00e1ci\u00f3k az al\u00e1bbiakban tal\u00e1lhat\u00f3k az \u00d6n \u00f6r\u00f6m\u00e9re!<\/p>\n<p>IUPAC n\u00e9v: 3\u2032,4\u2032-metil\u00e9ndioxi-\u03b1-pirrolidinohexiophenon<\/p>\n<p>CAS-sz\u00e1m: 776994-64-0<\/p>\n<p>Alak: szabad alap<\/p>\n<p>NMR-elemz\u00e9s: C17H23NO3<\/p>\n<p>Biztons\u00e1gi int\u00e9zked\u00e9sek<\/p>\n<p>Aj\u00e1nlatos keszty\u0171t, v\u00e9d\u0151szem\u00fcveget \u00e9s l\u00e9gz\u00e9sv\u00e9d\u0151 k\u00e9sz\u00fcl\u00e9ket haszn\u00e1lni, amikor a laborat\u00f3riumban MDPHP port kezel\u00fcnk; ez egy finom por, amely k\u00f6nnyen a leveg\u0151be ker\u00fclhet \u00e9s v\u00e9letlen\u00fcl bel\u00e9legezhet\u0151.<\/p>\n<p>V\u00e9letlen expoz\u00edci\u00f3 eset\u00e9n aj\u00e1nlatos a term\u00e9k c\u00edmk\u00e9j\u00e9t (amely tartalmazza az IUPAC \u00e9s CAS inform\u00e1ci\u00f3kat) megmutatni az eg\u00e9szs\u00e9g\u00fcgyi szakembereknek.<\/p>\n<p>A szemmel val\u00f3 v\u00e9letlen \u00e9rintkez\u00e9st a kontaktlencse elt\u00e1vol\u00edt\u00e1sa ut\u00e1n b\u0151 v\u00edzzel t\u00f6rt\u00e9n\u0151 \u00f6bl\u00edt\u00e9ssel azonnal kezelni kell.<\/p>\n<h3><strong>V\u00e1s\u00e1roljon nagy tisztas\u00e1g\u00fa, szabad b\u00e1zis\u00fa MDPHP-t a kutat\u00e1shoz - k\u00e1b\u00edt\u00f3szerporok<\/strong><\/h3>\n<p><strong>Narkotikus porok<\/strong> az \u00d6n megb\u00edzhat\u00f3 besz\u00e1ll\u00edt\u00f3ja <strong>MDPHP Free-Base min\u0151s\u00e9gi kutat\u00e1s<\/strong>kifejezetten a k\u00f6vetkez\u0151kh\u00f6z tervezt\u00e9k <strong>tudom\u00e1nyos laborat\u00f3riumi alkalmaz\u00e1sok<\/strong>. Az MDPHP Free-Base-t szigor\u00fa tisztas\u00e1gi \u00e9s min\u0151s\u00e9gi el\u0151\u00edr\u00e1soknak megfelel\u0151en gy\u00e1rtjuk, \u00edgy garant\u00e1lva megb\u00edzhat\u00f3 eredm\u00e9nyeket a k\u00e9miai \u00e9s farmakol\u00f3giai kutat\u00f3k sz\u00e1m\u00e1ra, Buy MDPHP Free-Base.<\/p>\n<h3>Mi\u00e9rt v\u00e1lassza az MDPHP Free-Base de Poudres de Narco-t?<\/h3>\n<p>Mint egy <strong>az MDPHP Free-Base szolg\u00e1ltat\u00f3ja a kutat\u00e1s sz\u00e1m\u00e1ra<\/strong>, <strong>Narkotikus porok<\/strong> garant\u00e1lja a szigor\u00faan tesztelt term\u00e9keket, amelyek megfelelnek a <strong>tan\u00fas\u00edtott laborat\u00f3riumok<\/strong> :<\/p>\n<ul>\n<li><strong>Nagy tisztas\u00e1g\u00fa, szabad b\u00e1zis\u00fa MDPHP laborat\u00f3riumok sz\u00e1m\u00e1ra<\/strong> : Minden egyes t\u00e9telt szigor\u00faan tesztelnek, hogy garant\u00e1lj\u00e1k az optim\u00e1lis tisztas\u00e1got, ami elengedhetetlen a k\u00f6vetkez\u0151h\u00f6z <strong>prec\u00edzi\u00f3s tudom\u00e1nyos alkalmaz\u00e1sok<\/strong>.<\/li>\n<li><strong>K\u00f6vetkezetes, megb\u00edzhat\u00f3 min\u0151s\u00e9g<\/strong> : A Free-Base MDPHP-t \u00fagy \u00e1ll\u00edtottuk \u00f6ssze, hogy stabil, megb\u00edzhat\u00f3 teljes\u00edtm\u00e9nyt ny\u00fajtson a k\u00f6vetkez\u0151kh\u00f6z <strong>analitikai laborat\u00f3riumi vizsg\u00e1latok<\/strong>.<\/li>\n<li><strong>Biztons\u00e1gos online rendel\u00e9s<\/strong> : <strong>Narkotikus porok<\/strong> biztons\u00e1gos \u00e9s egyszer\u0171s\u00edtett elj\u00e1r\u00e1st k\u00edn\u00e1l a<strong>MDPHP Free-Base online v\u00e1s\u00e1rl\u00e1s<\/strong>a kutat\u00e1si szakemberek biztons\u00e1g\u00e1nak \u00e9s megfelel\u0151s\u00e9g\u00e9nek biztos\u00edt\u00e1sa.<\/li>\n<\/ul>\n<h3>Alkalmaz\u00e1sok \u00e9s biztons\u00e1gi utas\u00edt\u00e1sok<\/h3>\n<p>Le <strong>MDPHP Free-Base keres\u00e9shez<\/strong> a  c\u00edmr\u0151l <strong>Narkotikus porok<\/strong> a k\u00f6vetkez\u0151 c\u00e9lokra tervezt\u00e9k <strong>analitikai alkalmaz\u00e1sok \u00e9s tudom\u00e1nyos tanulm\u00e1nyok<\/strong>. A biztons\u00e1gos \u00e9s megfelel\u0151 haszn\u00e1lat \u00e9rdek\u00e9ben r\u00e9szletes biztons\u00e1gi utas\u00edt\u00e1sokat adunk:<\/p>\n<ul>\n<li><strong>Biztons\u00e1gos t\u00e1rol\u00e1s<\/strong> Az MDPHP Free-Base-t min\u0151s\u00e9g\u00e9nek meg\u0151rz\u00e9se \u00e9rdek\u00e9ben tartsa h\u0171v\u00f6s, sz\u00e1raz, f\u00e9nyt\u0151l v\u00e9dett helyen.<\/li>\n<li><strong>\u00d3vatos kezel\u00e9s<\/strong> Haszn\u00e1ljon egy\u00e9ni v\u00e9d\u0151felszerel\u00e9st (PPE), \u00e9s a biztons\u00e1g \u00e9rdek\u00e9ben j\u00f3l szell\u0151z\u0151 k\u00f6rnyezetben dolgozzon.<\/li>\n<li><strong>Szigor\u00faan kutat\u00e1si c\u00e9lokra fenntartott haszn\u00e1lat<\/strong> Ez a term\u00e9k kiz\u00e1r\u00f3lag min\u0151s\u00edtett kutat\u00f3k \u00e9s min\u0151s\u00edtett laborat\u00f3riumok sz\u00e1m\u00e1ra k\u00e9sz\u00fclt.<\/li>\n<\/ul>\n<h3>Rendeljen szabad b\u00e1zis\u00fa, nagy tisztas\u00e1g\u00fa MDPHP-t tudom\u00e1nyos vizsg\u00e1lataihoz<\/h3>\n<p>A  c\u00edmen. <strong>Narkotikus porok<\/strong>r\u00e9szes\u00fclni <strong>a szabad b\u00e1zis\u00fa MDPHP megb\u00edzhat\u00f3 sz\u00e1ll\u00edt\u00e1sa laborat\u00f3riumi alkalmaz\u00e1sokhoz<\/strong>. Magas min\u0151s\u00e9gi \u00e9s biztons\u00e1gi szabv\u00e1nyaink azt jelentik, hogy <strong>Narkotikus porok<\/strong> a kutat\u00e1si szakemberek megb\u00edzhat\u00f3 v\u00e1laszt\u00e1sa. <strong>Kapcsolatfelv\u00e9tel<\/strong> \u00e1raj\u00e1nlat\u00e9rt, vagy ha t\u00f6bbet szeretne megtudni a tudom\u00e1nyos kutat\u00e1shoz haszn\u00e1lt nagy tisztas\u00e1g\u00fa term\u00e9keinkr\u0151l.<\/p>\n<hr \/>\n<h3>Hol v\u00e1s\u00e1rolhatok MDPHP-t?<\/h3>\n<p>A  c\u00edmen. <a href=\"https:\/\/poudresdenarco.com\/hu\/\">PowderDenarco<\/a>B\u00fcszk\u00e9k vagyunk arra, hogy az el\u00e9rhet\u0151 legjobb min\u0151s\u00e9g\u0171 laborat\u00f3riumi min\u0151s\u00e9g\u0171 MDPHP-t k\u00edn\u00e1ljuk. A PoudresDenarco az els\u0151 v\u00e1laszt\u00e1s azok sz\u00e1m\u00e1ra, akik kutat\u00e1si vegyszereket szeretn\u00e9nek v\u00e1s\u00e1rolni. Szigor\u00faan tesztelj\u00fck minden k\u00e9szlet\u00fcnket GC MS seg\u00edts\u00e9g\u00e9vel, miel\u0151tt elad\u00e1sra bocs\u00e1tan\u00e1nk.<\/p>\n<p>Felh\u00edvjuk figyelm\u00e9t, hogy a v\u00e1s\u00e1rl\u00e1shoz legal\u00e1bb 18 \u00e9vesnek kell lennie. <a href=\"https:\/\/en.wikipedia.org\/wiki\/MDPHP\">MDPHP<\/a> a PoudresDenarco-t\u00f3l. Az \u00f6sszes \u00e9rt\u00e9kes\u00edtett kutat\u00e1si vegyszer kiz\u00e1r\u00f3lag laborat\u00f3riumi kutat\u00e1sban val\u00f3 felhaszn\u00e1l\u00e1sra szolg\u00e1l, \u00e9s szigor\u00faan nem emberi fogyaszt\u00e1sra.<\/p>\n<h3>T\u00f6rv\u00e9nyes az MDPHP?<\/h3>\n<p>Az MDPHP jogszer\u0171s\u00e9g\u00e9t illet\u0151en javasoljuk, hogy t\u00e1j\u00e9koz\u00f3djon az \u00d6n lak\u00f3helye\/c\u00e9zbes\u00edt\u00e9si c\u00edme szerinti orsz\u00e1g megfelel\u0151 jogszab\u00e1lyair\u00f3l.<\/p>\n<p>Akt\u00edv sz\u00e1ll\u00edt\u00e1si korl\u00e1toz\u00e1saink r\u00e9v\u00e9n mindent megtesz\u00fcnk annak \u00e9rdek\u00e9ben, hogy minim\u00e1lisra cs\u00f6kkents\u00fck az \u00fcgyfeleinket \u00e9rint\u0151 kock\u00e1zatot.<\/p>\n<p>A jogszab\u00e1lyok azonban vil\u00e1gszerte folyamatosan v\u00e1ltoznak, \u00e9s a PoudresDenarco nem v\u00e1llal felel\u0151ss\u00e9get semmilyen komplik\u00e1ci\u00f3\u00e9rt. V\u00e9gs\u0151 soron a v\u00e1s\u00e1rl\u00f3 felel\u0151ss\u00e9ge annak biztos\u00edt\u00e1sa, hogy a term\u00e9k nem s\u00e9rti a sz\u00e1ll\u00edtm\u00e1ny rendeltet\u00e9si hely\u00e9nek t\u00f6rv\u00e9nyeit vagy jogszab\u00e1lyait Buy MDPHP Free-Bas.<\/p>","protected":false},"excerpt":{"rendered":"<p>Acheter MDPHP Free-Base en ligne Acheter MDPHP est un proche parent d&rsquo;un stimulant plus connu, le MDPV, qui a \u00e9t\u00e9 d\u00e9velopp\u00e9 \u00e0 l&rsquo;origine par une soci\u00e9t\u00e9 pharmaceutique allemande dans les ann\u00e9es 1960 Acheter MDPHP Free-Bas. \u00c9galement connu sous le nom de (3&prime;,4&prime;-m\u00e9thyl\u00e8nedioxy-\u03b1-pyrrolidinohexioph\u00e9none) ou \u00ab Monkey Dust \u00bb, le MDPHP agit comme un inhibiteur de la&hellip;<\/p>","protected":false},"featured_media":6195,"comment_status":"open","ping_status":"closed","template":"","meta":{"_joinchat":[]},"product_cat":[558],"product_tag":[],"class_list":{"0":"post-6044","1":"product","2":"type-product","3":"status-publish","4":"has-post-thumbnail","6":"product_cat-chimiques-de-recherche","8":"first","9":"instock","10":"shipping-taxable","11":"purchasable","12":"product-type-variable","13":"col-xs-6 col-sm-4","14":"col-md-3 col-lg-3","15":"un-4-cols"},"yoast_head":"<!-- This site is optimized with the Yoast SEO plugin v23.8 - https:\/\/yoast.com\/wordpress\/plugins\/seo\/ -->\n<title>Acheter MDPHP Free-Base | Poudres de Narco<\/title>\n<meta name=\"description\" content=\"Fournisseur de MDPHP Free-Base pour applications scientifiques en laboratoire. Puret\u00e9 et s\u00e9curit\u00e9 garanties pour recherches avanc\u00e9es chez Poudres de Narco. Acheter MDPHP Free-Bas\" \/>\n<meta name=\"robots\" content=\"index, follow, max-snippet:-1, max-image-preview:large, max-video-preview:-1\" \/>\n<link rel=\"canonical\" href=\"https:\/\/poudresdenarco.com\/hu\/termek\/mdphp-free-base\/\" \/>\n<meta property=\"og:locale\" content=\"hu_HU\" \/>\n<meta property=\"og:type\" content=\"article\" \/>\n<meta property=\"og:title\" content=\"Acheter MDPHP Free-Base | Poudres de Narco\" \/>\n<meta property=\"og:description\" content=\"Fournisseur de MDPHP Free-Base pour applications scientifiques en laboratoire. Puret\u00e9 et s\u00e9curit\u00e9 garanties pour recherches avanc\u00e9es chez Poudres de Narco. Acheter MDPHP Free-Bas\" \/>\n<meta property=\"og:url\" content=\"https:\/\/poudresdenarco.com\/hu\/termek\/mdphp-free-base\/\" \/>\n<meta property=\"og:site_name\" content=\"Poudresde Narco\" \/>\n<meta property=\"article:modified_time\" content=\"2026-01-23T08:05:46+00:00\" \/>\n<meta property=\"og:image\" content=\"https:\/\/poudresdenarco.com\/wp-content\/uploads\/2024\/10\/Mdphp-free-base.gif\" \/>\n\t<meta property=\"og:image:width\" content=\"600\" \/>\n\t<meta property=\"og:image:height\" content=\"600\" \/>\n\t<meta property=\"og:image:type\" content=\"image\/gif\" \/>\n<meta name=\"twitter:card\" content=\"summary_large_image\" \/>\n<meta name=\"twitter:label1\" content=\"Becs\u00fclt olvas\u00e1si id\u0151\" \/>\n\t<meta name=\"twitter:data1\" content=\"4 perc\" \/>\n<script type=\"application\/ld+json\" class=\"yoast-schema-graph\">{\"@context\":\"https:\/\/schema.org\",\"@graph\":[{\"@type\":\"WebPage\",\"@id\":\"https:\/\/poudresdenarco.com\/produit\/mdphp-free-base\/\",\"url\":\"https:\/\/poudresdenarco.com\/produit\/mdphp-free-base\/\",\"name\":\"Acheter MDPHP Free-Base | Poudres de Narco\",\"isPartOf\":{\"@id\":\"https:\/\/poudresdenarco.com\/#website\"},\"primaryImageOfPage\":{\"@id\":\"https:\/\/poudresdenarco.com\/produit\/mdphp-free-base\/#primaryimage\"},\"image\":{\"@id\":\"https:\/\/poudresdenarco.com\/produit\/mdphp-free-base\/#primaryimage\"},\"thumbnailUrl\":\"https:\/\/poudresdenarco.com\/wp-content\/uploads\/2024\/10\/Mdphp-free-base.gif\",\"datePublished\":\"2024-10-16T11:32:31+00:00\",\"dateModified\":\"2026-01-23T08:05:46+00:00\",\"description\":\"Fournisseur de MDPHP Free-Base pour applications scientifiques en laboratoire. Puret\u00e9 et s\u00e9curit\u00e9 garanties pour recherches avanc\u00e9es chez Poudres de Narco. Acheter MDPHP Free-Bas\",\"breadcrumb\":{\"@id\":\"https:\/\/poudresdenarco.com\/produit\/mdphp-free-base\/#breadcrumb\"},\"inLanguage\":\"hu\",\"potentialAction\":[{\"@type\":\"ReadAction\",\"target\":[\"https:\/\/poudresdenarco.com\/produit\/mdphp-free-base\/\"]}]},{\"@type\":\"ImageObject\",\"inLanguage\":\"hu\",\"@id\":\"https:\/\/poudresdenarco.com\/produit\/mdphp-free-base\/#primaryimage\",\"url\":\"https:\/\/poudresdenarco.com\/wp-content\/uploads\/2024\/10\/Mdphp-free-base.gif\",\"contentUrl\":\"https:\/\/poudresdenarco.com\/wp-content\/uploads\/2024\/10\/Mdphp-free-base.gif\",\"width\":600,\"height\":600,\"caption\":\"Mdphp-free-base\"},{\"@type\":\"BreadcrumbList\",\"@id\":\"https:\/\/poudresdenarco.com\/produit\/mdphp-free-base\/#breadcrumb\",\"itemListElement\":[{\"@type\":\"ListItem\",\"position\":1,\"name\":\"Home\",\"item\":\"https:\/\/poudresdenarco.com\/\"},{\"@type\":\"ListItem\",\"position\":2,\"name\":\"Boutique\",\"item\":\"https:\/\/poudresdenarco.com\/boutique\/\"},{\"@type\":\"ListItem\",\"position\":3,\"name\":\"Mdphp free-base\"}]},{\"@type\":\"WebSite\",\"@id\":\"https:\/\/poudresdenarco.com\/#website\",\"url\":\"https:\/\/poudresdenarco.com\/\",\"name\":\"Poudresde Narco\",\"description\":\"Acheter de la coca\u00efne et de l&#039;h\u00e9ro\u00efne en ligne\",\"potentialAction\":[{\"@type\":\"SearchAction\",\"target\":{\"@type\":\"EntryPoint\",\"urlTemplate\":\"https:\/\/poudresdenarco.com\/?s={search_term_string}\"},\"query-input\":{\"@type\":\"PropertyValueSpecification\",\"valueRequired\":true,\"valueName\":\"search_term_string\"}}],\"inLanguage\":\"hu\"}]}<\/script>\n<!-- \/ Yoast SEO plugin. -->","yoast_head_json":{"title":"Acheter MDPHP Free-Base | Poudres de Narco","description":"Fournisseur de MDPHP Free-Base pour applications scientifiques en laboratoire. Puret\u00e9 et s\u00e9curit\u00e9 garanties pour recherches avanc\u00e9es chez Poudres de Narco. Acheter MDPHP Free-Bas","robots":{"index":"index","follow":"follow","max-snippet":"max-snippet:-1","max-image-preview":"max-image-preview:large","max-video-preview":"max-video-preview:-1"},"canonical":"https:\/\/poudresdenarco.com\/hu\/termek\/mdphp-free-base\/","og_locale":"hu_HU","og_type":"article","og_title":"Acheter MDPHP Free-Base | Poudres de Narco","og_description":"Fournisseur de MDPHP Free-Base pour applications scientifiques en laboratoire. Puret\u00e9 et s\u00e9curit\u00e9 garanties pour recherches avanc\u00e9es chez Poudres de Narco. Acheter MDPHP Free-Bas","og_url":"https:\/\/poudresdenarco.com\/hu\/termek\/mdphp-free-base\/","og_site_name":"Poudresde Narco","article_modified_time":"2026-01-23T08:05:46+00:00","og_image":[{"width":600,"height":600,"url":"https:\/\/poudresdenarco.com\/wp-content\/uploads\/2024\/10\/Mdphp-free-base.gif","type":"image\/gif"}],"twitter_card":"summary_large_image","twitter_misc":{"Becs\u00fclt olvas\u00e1si id\u0151":"4 perc"},"schema":{"@context":"https:\/\/schema.org","@graph":[{"@type":"WebPage","@id":"https:\/\/poudresdenarco.com\/produit\/mdphp-free-base\/","url":"https:\/\/poudresdenarco.com\/produit\/mdphp-free-base\/","name":"Acheter MDPHP Free-Base | Poudres de Narco","isPartOf":{"@id":"https:\/\/poudresdenarco.com\/#website"},"primaryImageOfPage":{"@id":"https:\/\/poudresdenarco.com\/produit\/mdphp-free-base\/#primaryimage"},"image":{"@id":"https:\/\/poudresdenarco.com\/produit\/mdphp-free-base\/#primaryimage"},"thumbnailUrl":"https:\/\/poudresdenarco.com\/wp-content\/uploads\/2024\/10\/Mdphp-free-base.gif","datePublished":"2024-10-16T11:32:31+00:00","dateModified":"2026-01-23T08:05:46+00:00","description":"Fournisseur de MDPHP Free-Base pour applications scientifiques en laboratoire. Puret\u00e9 et s\u00e9curit\u00e9 garanties pour recherches avanc\u00e9es chez Poudres de Narco. Acheter MDPHP Free-Bas","breadcrumb":{"@id":"https:\/\/poudresdenarco.com\/produit\/mdphp-free-base\/#breadcrumb"},"inLanguage":"hu","potentialAction":[{"@type":"ReadAction","target":["https:\/\/poudresdenarco.com\/produit\/mdphp-free-base\/"]}]},{"@type":"ImageObject","inLanguage":"hu","@id":"https:\/\/poudresdenarco.com\/produit\/mdphp-free-base\/#primaryimage","url":"https:\/\/poudresdenarco.com\/wp-content\/uploads\/2024\/10\/Mdphp-free-base.gif","contentUrl":"https:\/\/poudresdenarco.com\/wp-content\/uploads\/2024\/10\/Mdphp-free-base.gif","width":600,"height":600,"caption":"Mdphp-free-base"},{"@type":"BreadcrumbList","@id":"https:\/\/poudresdenarco.com\/produit\/mdphp-free-base\/#breadcrumb","itemListElement":[{"@type":"ListItem","position":1,"name":"Home","item":"https:\/\/poudresdenarco.com\/"},{"@type":"ListItem","position":2,"name":"Boutique","item":"https:\/\/poudresdenarco.com\/boutique\/"},{"@type":"ListItem","position":3,"name":"Mdphp free-base"}]},{"@type":"WebSite","@id":"https:\/\/poudresdenarco.com\/#website","url":"https:\/\/poudresdenarco.com\/","name":"Poudresde Narco","description":"Acheter de la coca\u00efne et de l&#039;h\u00e9ro\u00efne en ligne","potentialAction":[{"@type":"SearchAction","target":{"@type":"EntryPoint","urlTemplate":"https:\/\/poudresdenarco.com\/?s={search_term_string}"},"query-input":{"@type":"PropertyValueSpecification","valueRequired":true,"valueName":"search_term_string"}}],"inLanguage":"hu"}]}},"_links":{"self":[{"href":"https:\/\/poudresdenarco.com\/hu\/wp-json\/wp\/v2\/product\/6044","targetHints":{"allow":["GET"]}}],"collection":[{"href":"https:\/\/poudresdenarco.com\/hu\/wp-json\/wp\/v2\/product"}],"about":[{"href":"https:\/\/poudresdenarco.com\/hu\/wp-json\/wp\/v2\/types\/product"}],"replies":[{"embeddable":true,"href":"https:\/\/poudresdenarco.com\/hu\/wp-json\/wp\/v2\/comments?post=6044"}],"wp:featuredmedia":[{"embeddable":true,"href":"https:\/\/poudresdenarco.com\/hu\/wp-json\/wp\/v2\/media\/6195"}],"wp:attachment":[{"href":"https:\/\/poudresdenarco.com\/hu\/wp-json\/wp\/v2\/media?parent=6044"}],"wp:term":[{"taxonomy":"product_cat","embeddable":true,"href":"https:\/\/poudresdenarco.com\/hu\/wp-json\/wp\/v2\/product_cat?post=6044"},{"taxonomy":"product_tag","embeddable":true,"href":"https:\/\/poudresdenarco.com\/hu\/wp-json\/wp\/v2\/product_tag?post=6044"}],"curies":[{"name":"wp","href":"https:\/\/api.w.org\/{rel}","templated":true}]}}