{"id":6088,"date":"2024-10-16T11:32:47","date_gmt":"2024-10-16T11:32:47","guid":{"rendered":"https:\/\/poudresdenarco.com\/?post_type=product&#038;p=6088"},"modified":"2025-06-10T07:21:27","modified_gmt":"2025-06-10T07:21:27","slug":"7-abf","status":"publish","type":"product","link":"https:\/\/poudresdenarco.com\/hu\/termek\/7-abf\/","title":{"rendered":"7-ABF"},"content":{"rendered":"<h2>7-ABF online v\u00e1s\u00e1rl\u00e1s<\/h2>\n<p>\u00d6r\u00f6mmel mutatjuk be vezet\u0151 kutat\u00e1si vegyszer\u00fcnket, a 7-ABF-et.<\/p>\n<p>Le <a href=\"https:\/\/poudresdenarco.com\/hu\/termek\/7-abf\/\">7-ABF<\/a> egy egyed\u00fcl\u00e1ll\u00f3 vegy\u00fclet, amely a kutat\u00f3k figyelm\u00e9t a tudom\u00e1nyos vizsg\u00e1latokban val\u00f3 lehets\u00e9ges alkalmaz\u00e1sai miatt felkeltette. A kutat\u00e1si vegyi anyagok egy speci\u00e1lis oszt\u00e1ly\u00e1ba tartozik, \u00e9s sz\u00e1mos kutat\u00e1si c\u00e9lra k\u00edn\u00e1l izgalmas lehet\u0151s\u00e9geket.<\/p>\n<p>A 7-ABF-et apr\u00f3l\u00e9kosan szintetiz\u00e1ljuk a kiv\u00e9teles tisztas\u00e1g \u00e9s min\u0151s\u00e9g biztos\u00edt\u00e1sa \u00e9rdek\u00e9ben. Ez a kutat\u00e1si vegyszer megb\u00edzhat\u00f3 \u00e9s k\u00f6vetkezetes forr\u00e1st biztos\u00edt a kutat\u00f3k sz\u00e1m\u00e1ra k\u00eds\u00e9rleteikhez \u00e9s vizsg\u00e1lataikhoz.<\/p>\n<p>A kutat\u00f3k arr\u00f3l sz\u00e1moltak be, hogy a 7-ABF-nek \u00e9rdekes tulajdons\u00e1gai lehetnek, amelyek potenci\u00e1lisan befoly\u00e1solhatnak bizonyos biol\u00f3giai folyamatokat \u00e9s \u00fatvonalakat. L\u00e9nyeges azonban megjegyezni, hogy ez a term\u00e9k szigor\u00faan kutat\u00e1si c\u00e9lokra szolg\u00e1l, \u00e9s emberi fogyaszt\u00e1sra nem haszn\u00e1lhat\u00f3.<\/p>\n<p>A PoudresDenarco-n\u00e1l az \u00fcgyfelek el\u00e9gedetts\u00e9ge \u00e9s biztons\u00e1ga a legfontosabb priorit\u00e1s. Diszkr\u00e9t sz\u00e1ll\u00edt\u00e1st k\u00edn\u00e1lunk vil\u00e1gszerte, hogy megv\u00e9dj\u00fck az \u00d6n mag\u00e1n\u00e9let\u00e9t \u00e9s k\u00e9nyelm\u00e9t. Term\u00e9keinket szigor\u00fa teszteknek vetj\u00fck al\u00e1, hogy biztos\u00edtsuk, hogy megfelelnek a legmagasabb min\u0151s\u00e9gi \u00e9s hiteless\u00e9gi k\u00f6vetelm\u00e9nyeknek.<\/p>\n<p>Ne feledje, hogy minden kutat\u00e1si vegyszert felel\u0151ss\u00e9gteljesen \u00e9s a helyi el\u0151\u00edr\u00e1soknak \u00e9s ir\u00e1nyelveknek megfelel\u0151en kezeljen. A megfelel\u0151 laborat\u00f3riumi felszerelts\u00e9g \u00e9s szak\u00e9rtelem elengedhetetlen, ha a k\u00f6vetkez\u0151 anyagokkal dolgozik <a href=\"https:\/\/en.wikipedia.org\/wiki\/ABF_Freight_System\">7-ABF<\/a>.<\/p>\n<p>Haszn\u00e1lja ki a kutat\u00e1s\u00e1ban rejl\u0151 potenci\u00e1lt a 7-ABF de <a href=\"https:\/\/poudresdenarco.com\/hu\/\">PowderDenarco<\/a>. Rendeljen most, \u00e9s induljon el tudom\u00e1nyos \u00fatj\u00e1ra teljes bizalommal!<\/p>\n<h3><strong>V\u00e1s\u00e1roljon nagy tisztas\u00e1g\u00fa 7-ABF-et a kutat\u00e1shoz - Narco Powders<\/strong><\/h3>\n<p><strong>Narkotikus porok<\/strong> az \u00d6n megb\u00edzhat\u00f3 forr\u00e1sa a <strong>7-ABF kutat\u00e1s min\u0151s\u00e9ge<\/strong>kiz\u00e1r\u00f3lag a <strong>tudom\u00e1nyos laborat\u00f3riumi alkalmaz\u00e1sok<\/strong>. A 7-ABF-et szigor\u00fa tisztas\u00e1gi \u00e9s min\u0151s\u00e9gi szabv\u00e1nyok szerint \u00e1ll\u00edtjuk el\u0151, ami megb\u00edzhat\u00f3 eredm\u00e9nyeket biztos\u00edt a k\u00e9miai \u00e9s farmakol\u00f3giai kutat\u00f3k sz\u00e1m\u00e1ra.<\/p>\n<h3>Mi\u00e9rt \u00e9rdemes 7-ABF-et v\u00e1s\u00e1rolni a Poudres de Narco-t\u00f3l?<\/h3>\n<p>Mint egy <strong>megb\u00edzhat\u00f3 7-ABF besz\u00e1ll\u00edt\u00f3<\/strong>, <strong>Narkotikus porok<\/strong> elk\u00f6telezett amellett, hogy kiv\u00e1l\u00f3 min\u0151s\u00e9g\u0171 term\u00e9keket k\u00edn\u00e1ljon, amelyek megfelelnek a k\u00f6vetkez\u0151 ig\u00e9nyeinek <strong>tan\u00fas\u00edtott laborat\u00f3riumok<\/strong> :<\/p>\n<ul>\n<li><strong>7-ABF nagy tisztas\u00e1g\u00fa laborat\u00f3riumok sz\u00e1m\u00e1ra<\/strong> Minden egyes t\u00e9telt szigor\u00faan tesztelnek, hogy garant\u00e1lj\u00e1k az optim\u00e1lis tisztas\u00e1got, ami elengedhetetlen a speci\u00e1lis tudom\u00e1nyos alkalmaz\u00e1sokhoz.<\/li>\n<li><strong>K\u00f6vetkezetes, megb\u00edzhat\u00f3 min\u0151s\u00e9g<\/strong> : 7-ABF-\u00fcnket stabil teljes\u00edtm\u00e9nyre fejlesztett\u00fck ki, alkalmazkodva a k\u00f6vetkez\u0151kh\u00f6z <strong>analitikai laborat\u00f3riumi vizsg\u00e1latok<\/strong>.<\/li>\n<li><strong>Biztons\u00e1gos online rendel\u00e9s<\/strong> : <strong>Narkotikus porok<\/strong> megk\u00f6nny\u00edti a<strong>7-ABF online v\u00e1s\u00e1rl\u00e1s<\/strong> a szakmai kutat\u00e1s k\u00f6vetelm\u00e9nyeinek megfelel\u0151, biztons\u00e1gos megrendel\u00e9si folyamattal.<\/li>\n<\/ul>\n<h3>Alkalmaz\u00e1sok \u00e9s biztons\u00e1gi utas\u00edt\u00e1sok<\/h3>\n<p>Le <strong>7-ABF a kutat\u00e1shoz<\/strong> a  c\u00edmr\u0151l <strong>Narkotikus porok<\/strong> a k\u00f6vetkez\u0151 c\u00e9lokra sz\u00e1nt\u00e1k <strong>analitikai alkalmaz\u00e1sok \u00e9s tudom\u00e1nyos tanulm\u00e1nyok<\/strong>. Biztons\u00e1gi protokollokat biztos\u00edtunk a megfelel\u0151 haszn\u00e1lat biztos\u00edt\u00e1s\u00e1ra:<\/p>\n<ul>\n<li><strong>Biztons\u00e1gos t\u00e1rol\u00e1s<\/strong> Tartsa a 7-ABF-et f\u00e9nyt\u0151l v\u00e9dett, h\u0171v\u00f6s, sz\u00e1raz helyen.<\/li>\n<li><strong>\u00d3vatos kezel\u00e9s<\/strong> Haszn\u00e1ljon egy\u00e9ni v\u00e9d\u0151felszerel\u00e9st (PPE) \u00e9s dolgozzon j\u00f3l szell\u0151z\u0151 k\u00f6rnyezetben.<\/li>\n<li><strong>Szigor\u00faan kutat\u00e1si c\u00e9lokra fenntartott haszn\u00e1lat<\/strong> Ez a term\u00e9k kiz\u00e1r\u00f3lag min\u0151s\u00edtett kutat\u00f3k \u00e9s min\u0151s\u00edtett laborat\u00f3riumok sz\u00e1m\u00e1ra k\u00e9sz\u00fclt.<\/li>\n<\/ul>\n<h3>Rendeljen nagy tisztas\u00e1g\u00fa 7-ABF-et tudom\u00e1nyos vizsg\u00e1lataihoz<\/h3>\n<p>A  c\u00edmen. <strong>Narkotikus porok<\/strong>az \u00d6n el\u0151nye <strong>megb\u00edzhat\u00f3 7-ABF-ell\u00e1t\u00e1s laborat\u00f3riumi alkalmaz\u00e1sokhoz<\/strong>. <strong>Kapcsolatfelv\u00e9tel<\/strong> \u00e1raj\u00e1nlat\u00e9rt, vagy ha t\u00f6bbet szeretne megtudni a tudom\u00e1nyos kutat\u00e1shoz haszn\u00e1lt term\u00e9kk\u00edn\u00e1latunkr\u00f3l.<\/p>","protected":false},"excerpt":{"rendered":"<p>Acheter 7-ABF en ligne Nous sommes ravis de vous pr\u00e9senter notre produit chimique de recherche de pointe, le 7-ABF. Le 7-ABF est un compos\u00e9 unique qui a attir\u00e9 l&rsquo;attention des chercheurs pour ses applications potentielles dans les \u00e9tudes scientifiques. Il appartient \u00e0 une classe sp\u00e9cialis\u00e9e de produits chimiques de recherche et offre des possibilit\u00e9s intrigantes&hellip;<\/p>","protected":false},"featured_media":6210,"comment_status":"open","ping_status":"closed","template":"","meta":{"_joinchat":[]},"product_cat":[558],"product_tag":[],"class_list":{"0":"post-6088","1":"product","2":"type-product","3":"status-publish","4":"has-post-thumbnail","6":"product_cat-chimiques-de-recherche","8":"first","9":"instock","10":"shipping-taxable","11":"purchasable","12":"product-type-variable","13":"col-xs-6 col-sm-4","14":"col-md-3 col-lg-3","15":"un-4-cols"},"yoast_head":"<!-- This site is optimized with the Yoast SEO plugin v23.8 - https:\/\/yoast.com\/wordpress\/plugins\/seo\/ -->\n<title>&quot;Acheter 7-ABF pour de Recherche | Poudres de Narco&quot;<\/title>\n<meta name=\"description\" content=\"Fournisseur de 7-ABF pour applications scientifiques en laboratoire. Puret\u00e9 et s\u00e9curit\u00e9 garanties pour recherches chez Poudres de Narco.\" \/>\n<meta name=\"robots\" content=\"index, follow, max-snippet:-1, max-image-preview:large, max-video-preview:-1\" \/>\n<link rel=\"canonical\" href=\"https:\/\/poudresdenarco.com\/hu\/termek\/7-abf\/\" \/>\n<meta property=\"og:locale\" content=\"hu_HU\" \/>\n<meta property=\"og:type\" content=\"article\" \/>\n<meta property=\"og:title\" content=\"&quot;Acheter 7-ABF pour de Recherche | Poudres de Narco&quot;\" \/>\n<meta property=\"og:description\" content=\"Fournisseur de 7-ABF pour applications scientifiques en laboratoire. Puret\u00e9 et s\u00e9curit\u00e9 garanties pour recherches chez Poudres de Narco.\" \/>\n<meta property=\"og:url\" content=\"https:\/\/poudresdenarco.com\/hu\/termek\/7-abf\/\" \/>\n<meta property=\"og:site_name\" content=\"Poudresde Narco\" \/>\n<meta property=\"article:modified_time\" content=\"2025-06-10T07:21:27+00:00\" \/>\n<meta property=\"og:image\" content=\"https:\/\/poudresdenarco.com\/wp-content\/uploads\/2024\/10\/7-ABF.gif\" \/>\n\t<meta property=\"og:image:width\" content=\"600\" \/>\n\t<meta property=\"og:image:height\" content=\"600\" \/>\n\t<meta property=\"og:image:type\" content=\"image\/gif\" \/>\n<meta name=\"twitter:card\" content=\"summary_large_image\" \/>\n<meta name=\"twitter:label1\" content=\"Becs\u00fclt olvas\u00e1si id\u0151\" \/>\n\t<meta name=\"twitter:data1\" content=\"3 perc\" \/>\n<script type=\"application\/ld+json\" class=\"yoast-schema-graph\">{\"@context\":\"https:\/\/schema.org\",\"@graph\":[{\"@type\":\"WebPage\",\"@id\":\"https:\/\/poudresdenarco.com\/produit\/7-abf\/\",\"url\":\"https:\/\/poudresdenarco.com\/produit\/7-abf\/\",\"name\":\"\\\"Acheter 7-ABF pour de Recherche | Poudres de Narco\\\"\",\"isPartOf\":{\"@id\":\"https:\/\/poudresdenarco.com\/#website\"},\"primaryImageOfPage\":{\"@id\":\"https:\/\/poudresdenarco.com\/produit\/7-abf\/#primaryimage\"},\"image\":{\"@id\":\"https:\/\/poudresdenarco.com\/produit\/7-abf\/#primaryimage\"},\"thumbnailUrl\":\"https:\/\/poudresdenarco.com\/wp-content\/uploads\/2024\/10\/7-ABF.gif\",\"datePublished\":\"2024-10-16T11:32:47+00:00\",\"dateModified\":\"2025-06-10T07:21:27+00:00\",\"description\":\"Fournisseur de 7-ABF pour applications scientifiques en laboratoire. Puret\u00e9 et s\u00e9curit\u00e9 garanties pour recherches chez Poudres de Narco.\",\"breadcrumb\":{\"@id\":\"https:\/\/poudresdenarco.com\/produit\/7-abf\/#breadcrumb\"},\"inLanguage\":\"hu\",\"potentialAction\":[{\"@type\":\"ReadAction\",\"target\":[\"https:\/\/poudresdenarco.com\/produit\/7-abf\/\"]}]},{\"@type\":\"ImageObject\",\"inLanguage\":\"hu\",\"@id\":\"https:\/\/poudresdenarco.com\/produit\/7-abf\/#primaryimage\",\"url\":\"https:\/\/poudresdenarco.com\/wp-content\/uploads\/2024\/10\/7-ABF.gif\",\"contentUrl\":\"https:\/\/poudresdenarco.com\/wp-content\/uploads\/2024\/10\/7-ABF.gif\",\"width\":600,\"height\":600,\"caption\":\"7-ABF\"},{\"@type\":\"BreadcrumbList\",\"@id\":\"https:\/\/poudresdenarco.com\/produit\/7-abf\/#breadcrumb\",\"itemListElement\":[{\"@type\":\"ListItem\",\"position\":1,\"name\":\"Home\",\"item\":\"https:\/\/poudresdenarco.com\/\"},{\"@type\":\"ListItem\",\"position\":2,\"name\":\"Boutique\",\"item\":\"https:\/\/poudresdenarco.com\/boutique\/\"},{\"@type\":\"ListItem\",\"position\":3,\"name\":\"7-ABF\"}]},{\"@type\":\"WebSite\",\"@id\":\"https:\/\/poudresdenarco.com\/#website\",\"url\":\"https:\/\/poudresdenarco.com\/\",\"name\":\"Poudresde Narco\",\"description\":\"Acheter de la coca\u00efne et de l&#039;h\u00e9ro\u00efne en ligne\",\"potentialAction\":[{\"@type\":\"SearchAction\",\"target\":{\"@type\":\"EntryPoint\",\"urlTemplate\":\"https:\/\/poudresdenarco.com\/?s={search_term_string}\"},\"query-input\":{\"@type\":\"PropertyValueSpecification\",\"valueRequired\":true,\"valueName\":\"search_term_string\"}}],\"inLanguage\":\"hu\"}]}<\/script>\n<!-- \/ Yoast SEO plugin. -->","yoast_head_json":{"title":"\"Acheter 7-ABF pour de Recherche | Poudres de Narco\"","description":"Fournisseur de 7-ABF pour applications scientifiques en laboratoire. Puret\u00e9 et s\u00e9curit\u00e9 garanties pour recherches chez Poudres de Narco.","robots":{"index":"index","follow":"follow","max-snippet":"max-snippet:-1","max-image-preview":"max-image-preview:large","max-video-preview":"max-video-preview:-1"},"canonical":"https:\/\/poudresdenarco.com\/hu\/termek\/7-abf\/","og_locale":"hu_HU","og_type":"article","og_title":"\"Acheter 7-ABF pour de Recherche | Poudres de Narco\"","og_description":"Fournisseur de 7-ABF pour applications scientifiques en laboratoire. Puret\u00e9 et s\u00e9curit\u00e9 garanties pour recherches chez Poudres de Narco.","og_url":"https:\/\/poudresdenarco.com\/hu\/termek\/7-abf\/","og_site_name":"Poudresde Narco","article_modified_time":"2025-06-10T07:21:27+00:00","og_image":[{"width":600,"height":600,"url":"https:\/\/poudresdenarco.com\/wp-content\/uploads\/2024\/10\/7-ABF.gif","type":"image\/gif"}],"twitter_card":"summary_large_image","twitter_misc":{"Becs\u00fclt olvas\u00e1si id\u0151":"3 perc"},"schema":{"@context":"https:\/\/schema.org","@graph":[{"@type":"WebPage","@id":"https:\/\/poudresdenarco.com\/produit\/7-abf\/","url":"https:\/\/poudresdenarco.com\/produit\/7-abf\/","name":"\"Acheter 7-ABF pour de Recherche | Poudres de Narco\"","isPartOf":{"@id":"https:\/\/poudresdenarco.com\/#website"},"primaryImageOfPage":{"@id":"https:\/\/poudresdenarco.com\/produit\/7-abf\/#primaryimage"},"image":{"@id":"https:\/\/poudresdenarco.com\/produit\/7-abf\/#primaryimage"},"thumbnailUrl":"https:\/\/poudresdenarco.com\/wp-content\/uploads\/2024\/10\/7-ABF.gif","datePublished":"2024-10-16T11:32:47+00:00","dateModified":"2025-06-10T07:21:27+00:00","description":"Fournisseur de 7-ABF pour applications scientifiques en laboratoire. Puret\u00e9 et s\u00e9curit\u00e9 garanties pour recherches chez Poudres de Narco.","breadcrumb":{"@id":"https:\/\/poudresdenarco.com\/produit\/7-abf\/#breadcrumb"},"inLanguage":"hu","potentialAction":[{"@type":"ReadAction","target":["https:\/\/poudresdenarco.com\/produit\/7-abf\/"]}]},{"@type":"ImageObject","inLanguage":"hu","@id":"https:\/\/poudresdenarco.com\/produit\/7-abf\/#primaryimage","url":"https:\/\/poudresdenarco.com\/wp-content\/uploads\/2024\/10\/7-ABF.gif","contentUrl":"https:\/\/poudresdenarco.com\/wp-content\/uploads\/2024\/10\/7-ABF.gif","width":600,"height":600,"caption":"7-ABF"},{"@type":"BreadcrumbList","@id":"https:\/\/poudresdenarco.com\/produit\/7-abf\/#breadcrumb","itemListElement":[{"@type":"ListItem","position":1,"name":"Home","item":"https:\/\/poudresdenarco.com\/"},{"@type":"ListItem","position":2,"name":"Boutique","item":"https:\/\/poudresdenarco.com\/boutique\/"},{"@type":"ListItem","position":3,"name":"7-ABF"}]},{"@type":"WebSite","@id":"https:\/\/poudresdenarco.com\/#website","url":"https:\/\/poudresdenarco.com\/","name":"Poudresde Narco","description":"Acheter de la coca\u00efne et de l&#039;h\u00e9ro\u00efne en ligne","potentialAction":[{"@type":"SearchAction","target":{"@type":"EntryPoint","urlTemplate":"https:\/\/poudresdenarco.com\/?s={search_term_string}"},"query-input":{"@type":"PropertyValueSpecification","valueRequired":true,"valueName":"search_term_string"}}],"inLanguage":"hu"}]}},"_links":{"self":[{"href":"https:\/\/poudresdenarco.com\/hu\/wp-json\/wp\/v2\/product\/6088","targetHints":{"allow":["GET"]}}],"collection":[{"href":"https:\/\/poudresdenarco.com\/hu\/wp-json\/wp\/v2\/product"}],"about":[{"href":"https:\/\/poudresdenarco.com\/hu\/wp-json\/wp\/v2\/types\/product"}],"replies":[{"embeddable":true,"href":"https:\/\/poudresdenarco.com\/hu\/wp-json\/wp\/v2\/comments?post=6088"}],"wp:featuredmedia":[{"embeddable":true,"href":"https:\/\/poudresdenarco.com\/hu\/wp-json\/wp\/v2\/media\/6210"}],"wp:attachment":[{"href":"https:\/\/poudresdenarco.com\/hu\/wp-json\/wp\/v2\/media?parent=6088"}],"wp:term":[{"taxonomy":"product_cat","embeddable":true,"href":"https:\/\/poudresdenarco.com\/hu\/wp-json\/wp\/v2\/product_cat?post=6088"},{"taxonomy":"product_tag","embeddable":true,"href":"https:\/\/poudresdenarco.com\/hu\/wp-json\/wp\/v2\/product_tag?post=6088"}],"curies":[{"name":"wp","href":"https:\/\/api.w.org\/{rel}","templated":true}]}}