{"id":6091,"date":"2024-10-16T11:32:47","date_gmt":"2024-10-16T11:32:47","guid":{"rendered":"https:\/\/poudresdenarco.com\/?post_type=product&#038;p=6091"},"modified":"2024-11-02T12:27:21","modified_gmt":"2024-11-02T12:27:21","slug":"2cd","status":"publish","type":"product","link":"https:\/\/poudresdenarco.com\/hu\/termek\/2cd\/","title":{"rendered":"2CD"},"content":{"rendered":"<h2>Mi az a 2CD?<\/h2>\n<p><a href=\"https:\/\/poudresdenarco.com\/hu\/termek\/2cd\/\">V\u00e1s\u00e1roljon 2C-D<\/a> a 2,5-dimetoxi-4-etil-fenetilamin r\u00f6vid\u00edt\u00e9se. Ez a kutat\u00e1si vegyi anyag pszichedelikus jelleg\u0171, \u00e9s a feniletilamin vegy\u00fcletek oszt\u00e1ly\u00e1ba tartozik. K\u00e9miai szerkezete hasonl\u00f3 a meszkalin\u00e9hoz. A vegyi anyagot el\u0151sz\u00f6r 1977-ben szintetiz\u00e1lt\u00e1k. A 2CD egy fenilgy\u0171r\u0171t tartalmaz, amely egy etil-l\u00e1nccal kapcsol\u00f3dik egy aminocsoporthoz (NH2). Sz\u00e1mos olyan kutat\u00e1si eredm\u00e9nyt produk\u00e1l, amely a k\u00e9miai kutat\u00f3k\u00f6z\u00f6ss\u00e9g sz\u00e1mos k\u00eds\u00e9rletez\u0151je sz\u00e1m\u00e1ra k\u00edv\u00e1natos. <a href=\"https:\/\/poudresdenarco.com\/hu\/\">PowderDenarco<\/a><\/p>\n<h3>Hol lehet megv\u00e1s\u00e1rolni a 2CD-t?<\/h3>\n<p>A 2CD megv\u00e1s\u00e1rolhat\u00f3 itt, ezen az oldalon. Nagyon j\u00f3 min\u0151s\u00e9g\u0171 2C-E-t k\u00edn\u00e1lunk, \u00e1ltal\u00e1ban por alakban. Ha azonban m\u00e1s form\u00e1ban van r\u00e1 sz\u00fcks\u00e9ge, k\u00e9rj\u00fck, k\u00e9rdezze meg, mivel gyakran m\u00e1s form\u00e1k is rendelkez\u00e9sre \u00e1llnak. A mi 2CD-nk nem \u00e1llati vagy emberi felhaszn\u00e1l\u00e1sra k\u00e9sz\u00fclt. Kiz\u00e1r\u00f3lag kutat\u00e1si c\u00e9lokra szolg\u00e1l. Legal\u00e1bb 18 \u00e9vesnek kell lennie ahhoz, hogy 2C-E-t v\u00e1s\u00e1rolhasson t\u0151l\u00fcnk, \u00e9s teljes m\u00e9rt\u00e9kben be kell tartania az orsz\u00e1g\u00e1ban a kutat\u00e1si vegyi anyagokra vonatkoz\u00f3 t\u00f6rv\u00e9nyeket.<\/p>\n<h4><strong>V\u00e1s\u00e1roljon nagy tisztas\u00e1g\u00fa 2C-D-t kutat\u00e1sra - Narkoporok<\/strong><\/h4>\n<p>A Poudres de Narco az \u00d6n megb\u00edzhat\u00f3 partnere a k\u00f6vetkez\u0151kben <strong>2C-D kutat\u00e1s min\u0151s\u00e9ge<\/strong>kiz\u00e1r\u00f3lag a <strong>laborat\u00f3riumi alkalmaz\u00e1sok<\/strong> \u00e9s <strong>tudom\u00e1nyos tanulm\u00e1nyok<\/strong>. A 2C-D-t szigor\u00fa tisztas\u00e1gi \u00e9s min\u0151s\u00e9gi szabv\u00e1nyok szerint \u00e1ll\u00edtj\u00e1k el\u0151, \u00edgy megb\u00edzhat\u00f3 v\u00e1laszt\u00e1s a k\u00e9miai \u00e9s farmakol\u00f3giai kutat\u00f3k sz\u00e1m\u00e1ra, akik k\u00f6vetkezetes \u00e9s biztons\u00e1gos term\u00e9keket ig\u00e9nyelnek.<\/p>\n<h3>Mi\u00e9rt v\u00e1lassza a 2C-D-t a Poudres de Narco-t\u00f3l?<\/h3>\n<p>Mint egy <strong>2C-D sz\u00e1ll\u00edt\u00f3 a kutat\u00e1shoz<\/strong>A Poudres de Narco biztos\u00edtja, hogy term\u00e9kei laborat\u00f3riumi vizsg\u00e1laton esnek \u00e1t, \u00e9s megfelelnek a biztons\u00e1gi el\u0151\u00edr\u00e1soknak:<\/p>\n<ul>\n<li><strong>Garant\u00e1lt tisztas\u00e1g<\/strong> A 2C-D minden egyes t\u00e9tel\u00e9t szigor\u00faan ellen\u0151rzik a pontos kutat\u00e1si eredm\u00e9nyekhez sz\u00fcks\u00e9ges optim\u00e1lis tisztas\u00e1gi szint biztos\u00edt\u00e1sa \u00e9rdek\u00e9ben.<\/li>\n<li><strong>Megb\u00edzhat\u00f3 min\u0151s\u00e9g<\/strong> A 2C-D k\u00e9sz\u00fcl\u00e9k\u00fcnket \u00fagy gy\u00e1rtjuk, hogy egyenletes teljes\u00edtm\u00e9nyt ny\u00fajtson, \u00e9s megfeleljen a kontroll\u00e1lt k\u00f6rnyezetben v\u00e9gzett vizsg\u00e1latok ig\u00e9nyeinek.<\/li>\n<li><strong>Biztons\u00e1gos rendel\u00e9s<\/strong> : Megk\u00f6nny\u00edtj\u00fck a<strong>2C-D beszerz\u00e9se tudom\u00e1nyos alkalmaz\u00e1sokhoz<\/strong>biztons\u00e1gos \u00e9s bizalmas rendel\u00e9si folyamat.<\/li>\n<\/ul>\n<h3>Alkalmaz\u00e1sok \u00e9s biztons\u00e1gi utas\u00edt\u00e1sok<\/h3>\n<p>Le <strong>2C-D<\/strong> de Poudres de Narco a kutat\u00f3k sz\u00e1m\u00e1ra k\u00e9sz\u00fclt a k\u00f6vetkez\u0151 c\u00e9lokra <strong>analitikai alkalmaz\u00e1sok \u00e9s laborat\u00f3riumi vizsg\u00e1latok<\/strong>. A biztons\u00e1gos \u00e9s megfelel\u0151 haszn\u00e1lat \u00e9rdek\u00e9ben r\u00e9szletes biztons\u00e1gi utas\u00edt\u00e1sokat adunk:<\/p>\n<ul>\n<li><strong>Biztons\u00e1gos t\u00e1rol\u00e1s<\/strong> A 2C-D-t f\u00e9nyt\u0151l v\u00e9dett, h\u0171v\u00f6s, sz\u00e1raz helyen t\u00e1rolja.<\/li>\n<li><strong>Megfelel\u0151 kezel\u00e9s<\/strong> Haszn\u00e1ljon egy\u00e9ni v\u00e9d\u0151felszerel\u00e9st (PPE) \u00e9s dolgozzon j\u00f3l szell\u0151z\u0151 helyis\u00e9gekben.<\/li>\n<li><strong>Szigor\u00faan kutat\u00e1si c\u00e9lokra fenntartott haszn\u00e1lat<\/strong> Ez a term\u00e9k laborat\u00f3riumok \u00e9s kutat\u00f3k sz\u00e1m\u00e1ra k\u00e9sz\u00fclt, enged\u00e9lyezett kutat\u00e1si k\u00f6rnyezetben.<\/li>\n<\/ul>\n<h3>Rendelje meg a 2C-D-t tudom\u00e1nyos tanulm\u00e1nyaihoz<\/h3>\n<p>A Poudres de Narco megb\u00edzhat\u00f3an ell\u00e1tja \u00d6nt a k\u00f6vetkez\u0151 term\u00e9kekkel <strong>Nagy tisztas\u00e1g\u00fa 2C-D<\/strong> az \u00d6n kutat\u00e1si ig\u00e9nyeihez. <strong>Kapcsolatfelv\u00e9tel<\/strong> \u00e1raj\u00e1nlat\u00e9rt vagy tov\u00e1bbi inform\u00e1ci\u00f3k\u00e9rt a laborat\u00f3riumi alkalmaz\u00e1sokhoz sz\u00e1nt tudom\u00e1nyos term\u00e9keinkr\u0151l.<\/p>\n<p>&nbsp;<\/p>","protected":false},"excerpt":{"rendered":"<p>Qu&rsquo;est-ce que le 2CD ? Acheter 2C-D est l&rsquo;abr\u00e9viation de 2,5-Dimethoxy-4-ethylphenethylamine. Ce produit chimique de recherche est de nature psych\u00e9d\u00e9lique et fait partie de la classe des produits chimiques ph\u00e9nyl\u00e9thylamine. Sa structure chimique est similaire \u00e0 celle de la mescaline. Ce produit chimique a \u00e9t\u00e9 synth\u00e9tis\u00e9 pour la premi\u00e8re fois en 1977. Le 2CD poss\u00e8de&hellip;<\/p>","protected":false},"featured_media":6207,"comment_status":"open","ping_status":"closed","template":"","meta":{"_joinchat":[]},"product_cat":[558],"product_tag":[],"class_list":{"0":"post-6091","1":"product","2":"type-product","3":"status-publish","4":"has-post-thumbnail","6":"product_cat-chimiques-de-recherche","8":"first","9":"instock","10":"shipping-taxable","11":"purchasable","12":"product-type-variable","13":"col-xs-6 col-sm-4","14":"col-md-3 col-lg-3","15":"un-4-cols"},"yoast_head":"<!-- This site is optimized with the Yoast SEO plugin v23.8 - https:\/\/yoast.com\/wordpress\/plugins\/seo\/ -->\n<title>Acheter 2C-D de Qualit\u00e9 pour la Recherche | Poudres de Narco<\/title>\n<meta name=\"description\" content=\"Fournisseur de 2C-D pour la recherche scientifique. Puret\u00e9 garantie pour applications en laboratoire chez Poudres de Narco.\" \/>\n<meta name=\"robots\" content=\"index, follow, max-snippet:-1, max-image-preview:large, max-video-preview:-1\" \/>\n<link rel=\"canonical\" href=\"https:\/\/poudresdenarco.com\/hu\/termek\/2cd\/\" \/>\n<meta property=\"og:locale\" content=\"hu_HU\" \/>\n<meta property=\"og:type\" content=\"article\" \/>\n<meta property=\"og:title\" content=\"Acheter 2C-D de Qualit\u00e9 pour la Recherche | Poudres de Narco\" \/>\n<meta property=\"og:description\" content=\"Fournisseur de 2C-D pour la recherche scientifique. Puret\u00e9 garantie pour applications en laboratoire chez Poudres de Narco.\" \/>\n<meta property=\"og:url\" content=\"https:\/\/poudresdenarco.com\/hu\/termek\/2cd\/\" \/>\n<meta property=\"og:site_name\" content=\"Poudresde Narco\" \/>\n<meta property=\"article:modified_time\" content=\"2024-11-02T12:27:21+00:00\" \/>\n<meta property=\"og:image\" content=\"https:\/\/poudresdenarco.com\/wp-content\/uploads\/2024\/10\/2CD.gif\" \/>\n\t<meta property=\"og:image:width\" content=\"600\" \/>\n\t<meta property=\"og:image:height\" content=\"600\" \/>\n\t<meta property=\"og:image:type\" content=\"image\/gif\" \/>\n<meta name=\"twitter:card\" content=\"summary_large_image\" \/>\n<meta name=\"twitter:label1\" content=\"Becs\u00fclt olvas\u00e1si id\u0151\" \/>\n\t<meta name=\"twitter:data1\" content=\"3 perc\" \/>\n<script type=\"application\/ld+json\" class=\"yoast-schema-graph\">{\"@context\":\"https:\/\/schema.org\",\"@graph\":[{\"@type\":\"WebPage\",\"@id\":\"https:\/\/poudresdenarco.com\/produit\/2cd\/\",\"url\":\"https:\/\/poudresdenarco.com\/produit\/2cd\/\",\"name\":\"Acheter 2C-D de Qualit\u00e9 pour la Recherche | Poudres de Narco\",\"isPartOf\":{\"@id\":\"https:\/\/poudresdenarco.com\/#website\"},\"primaryImageOfPage\":{\"@id\":\"https:\/\/poudresdenarco.com\/produit\/2cd\/#primaryimage\"},\"image\":{\"@id\":\"https:\/\/poudresdenarco.com\/produit\/2cd\/#primaryimage\"},\"thumbnailUrl\":\"https:\/\/poudresdenarco.com\/wp-content\/uploads\/2024\/10\/2CD.gif\",\"datePublished\":\"2024-10-16T11:32:47+00:00\",\"dateModified\":\"2024-11-02T12:27:21+00:00\",\"description\":\"Fournisseur de 2C-D pour la recherche scientifique. Puret\u00e9 garantie pour applications en laboratoire chez Poudres de Narco.\",\"breadcrumb\":{\"@id\":\"https:\/\/poudresdenarco.com\/produit\/2cd\/#breadcrumb\"},\"inLanguage\":\"hu\",\"potentialAction\":[{\"@type\":\"ReadAction\",\"target\":[\"https:\/\/poudresdenarco.com\/produit\/2cd\/\"]}]},{\"@type\":\"ImageObject\",\"inLanguage\":\"hu\",\"@id\":\"https:\/\/poudresdenarco.com\/produit\/2cd\/#primaryimage\",\"url\":\"https:\/\/poudresdenarco.com\/wp-content\/uploads\/2024\/10\/2CD.gif\",\"contentUrl\":\"https:\/\/poudresdenarco.com\/wp-content\/uploads\/2024\/10\/2CD.gif\",\"width\":600,\"height\":600,\"caption\":\"2CD\"},{\"@type\":\"BreadcrumbList\",\"@id\":\"https:\/\/poudresdenarco.com\/produit\/2cd\/#breadcrumb\",\"itemListElement\":[{\"@type\":\"ListItem\",\"position\":1,\"name\":\"Home\",\"item\":\"https:\/\/poudresdenarco.com\/\"},{\"@type\":\"ListItem\",\"position\":2,\"name\":\"Boutique\",\"item\":\"https:\/\/poudresdenarco.com\/boutique\/\"},{\"@type\":\"ListItem\",\"position\":3,\"name\":\"2CD\"}]},{\"@type\":\"WebSite\",\"@id\":\"https:\/\/poudresdenarco.com\/#website\",\"url\":\"https:\/\/poudresdenarco.com\/\",\"name\":\"Poudresde Narco\",\"description\":\"Acheter de la coca\u00efne et de l&#039;h\u00e9ro\u00efne en ligne\",\"potentialAction\":[{\"@type\":\"SearchAction\",\"target\":{\"@type\":\"EntryPoint\",\"urlTemplate\":\"https:\/\/poudresdenarco.com\/?s={search_term_string}\"},\"query-input\":{\"@type\":\"PropertyValueSpecification\",\"valueRequired\":true,\"valueName\":\"search_term_string\"}}],\"inLanguage\":\"hu\"}]}<\/script>\n<!-- \/ Yoast SEO plugin. -->","yoast_head_json":{"title":"Acheter 2C-D de Qualit\u00e9 pour la Recherche | Poudres de Narco","description":"Fournisseur de 2C-D pour la recherche scientifique. Puret\u00e9 garantie pour applications en laboratoire chez Poudres de Narco.","robots":{"index":"index","follow":"follow","max-snippet":"max-snippet:-1","max-image-preview":"max-image-preview:large","max-video-preview":"max-video-preview:-1"},"canonical":"https:\/\/poudresdenarco.com\/hu\/termek\/2cd\/","og_locale":"hu_HU","og_type":"article","og_title":"Acheter 2C-D de Qualit\u00e9 pour la Recherche | Poudres de Narco","og_description":"Fournisseur de 2C-D pour la recherche scientifique. Puret\u00e9 garantie pour applications en laboratoire chez Poudres de Narco.","og_url":"https:\/\/poudresdenarco.com\/hu\/termek\/2cd\/","og_site_name":"Poudresde Narco","article_modified_time":"2024-11-02T12:27:21+00:00","og_image":[{"width":600,"height":600,"url":"https:\/\/poudresdenarco.com\/wp-content\/uploads\/2024\/10\/2CD.gif","type":"image\/gif"}],"twitter_card":"summary_large_image","twitter_misc":{"Becs\u00fclt olvas\u00e1si id\u0151":"3 perc"},"schema":{"@context":"https:\/\/schema.org","@graph":[{"@type":"WebPage","@id":"https:\/\/poudresdenarco.com\/produit\/2cd\/","url":"https:\/\/poudresdenarco.com\/produit\/2cd\/","name":"Acheter 2C-D de Qualit\u00e9 pour la Recherche | Poudres de Narco","isPartOf":{"@id":"https:\/\/poudresdenarco.com\/#website"},"primaryImageOfPage":{"@id":"https:\/\/poudresdenarco.com\/produit\/2cd\/#primaryimage"},"image":{"@id":"https:\/\/poudresdenarco.com\/produit\/2cd\/#primaryimage"},"thumbnailUrl":"https:\/\/poudresdenarco.com\/wp-content\/uploads\/2024\/10\/2CD.gif","datePublished":"2024-10-16T11:32:47+00:00","dateModified":"2024-11-02T12:27:21+00:00","description":"Fournisseur de 2C-D pour la recherche scientifique. Puret\u00e9 garantie pour applications en laboratoire chez Poudres de Narco.","breadcrumb":{"@id":"https:\/\/poudresdenarco.com\/produit\/2cd\/#breadcrumb"},"inLanguage":"hu","potentialAction":[{"@type":"ReadAction","target":["https:\/\/poudresdenarco.com\/produit\/2cd\/"]}]},{"@type":"ImageObject","inLanguage":"hu","@id":"https:\/\/poudresdenarco.com\/produit\/2cd\/#primaryimage","url":"https:\/\/poudresdenarco.com\/wp-content\/uploads\/2024\/10\/2CD.gif","contentUrl":"https:\/\/poudresdenarco.com\/wp-content\/uploads\/2024\/10\/2CD.gif","width":600,"height":600,"caption":"2CD"},{"@type":"BreadcrumbList","@id":"https:\/\/poudresdenarco.com\/produit\/2cd\/#breadcrumb","itemListElement":[{"@type":"ListItem","position":1,"name":"Home","item":"https:\/\/poudresdenarco.com\/"},{"@type":"ListItem","position":2,"name":"Boutique","item":"https:\/\/poudresdenarco.com\/boutique\/"},{"@type":"ListItem","position":3,"name":"2CD"}]},{"@type":"WebSite","@id":"https:\/\/poudresdenarco.com\/#website","url":"https:\/\/poudresdenarco.com\/","name":"Poudresde Narco","description":"Acheter de la coca\u00efne et de l&#039;h\u00e9ro\u00efne en ligne","potentialAction":[{"@type":"SearchAction","target":{"@type":"EntryPoint","urlTemplate":"https:\/\/poudresdenarco.com\/?s={search_term_string}"},"query-input":{"@type":"PropertyValueSpecification","valueRequired":true,"valueName":"search_term_string"}}],"inLanguage":"hu"}]}},"_links":{"self":[{"href":"https:\/\/poudresdenarco.com\/hu\/wp-json\/wp\/v2\/product\/6091","targetHints":{"allow":["GET"]}}],"collection":[{"href":"https:\/\/poudresdenarco.com\/hu\/wp-json\/wp\/v2\/product"}],"about":[{"href":"https:\/\/poudresdenarco.com\/hu\/wp-json\/wp\/v2\/types\/product"}],"replies":[{"embeddable":true,"href":"https:\/\/poudresdenarco.com\/hu\/wp-json\/wp\/v2\/comments?post=6091"}],"wp:featuredmedia":[{"embeddable":true,"href":"https:\/\/poudresdenarco.com\/hu\/wp-json\/wp\/v2\/media\/6207"}],"wp:attachment":[{"href":"https:\/\/poudresdenarco.com\/hu\/wp-json\/wp\/v2\/media?parent=6091"}],"wp:term":[{"taxonomy":"product_cat","embeddable":true,"href":"https:\/\/poudresdenarco.com\/hu\/wp-json\/wp\/v2\/product_cat?post=6091"},{"taxonomy":"product_tag","embeddable":true,"href":"https:\/\/poudresdenarco.com\/hu\/wp-json\/wp\/v2\/product_tag?post=6091"}],"curies":[{"name":"wp","href":"https:\/\/api.w.org\/{rel}","templated":true}]}}