{"id":6220,"date":"2024-10-18T05:38:32","date_gmt":"2024-10-18T05:38:32","guid":{"rendered":"https:\/\/poudresdenarco.com\/?post_type=product&#038;p=6220"},"modified":"2026-05-02T23:09:14","modified_gmt":"2026-05-02T23:09:14","slug":"dmxe","status":"publish","type":"product","link":"https:\/\/poudresdenarco.com\/hu\/termek\/dmxe\/","title":{"rendered":"Dmxe"},"content":{"rendered":"<h2><strong>Nagy tisztas\u00e1g\u00fa DMXE a kutat\u00e1shoz <a href=\"https:\/\/poudresdenarco.com\/hu\/termek\/3cl\/\">&#8211;<\/a> Narkotikus porok<\/strong><\/h2>\n<p>A Poudres de Narco-n\u00e1l a k\u00f6vetkez\u0151ket sz\u00e1ll\u00edtjuk <strong>Kiv\u00e1l\u00f3 min\u0151s\u00e9g\u0171 DMXE<\/strong> kiz\u00e1r\u00f3lag kutat\u00e1si c\u00e9lokra. A disszociat\u00edv vizsg\u00e1latokban egyed\u00fcl\u00e1ll\u00f3 profilj\u00e1r\u00f3l ismert DMXE-t szigor\u00fa tisztas\u00e1gi \u00e9s min\u0151s\u00e9gi szabv\u00e1nyok szerint gy\u00e1rtjuk, \u00edgy a k\u00e9miai \u00e9s farmakol\u00f3giai szakemberek megb\u00edzhat\u00f3 v\u00e1laszt\u00e1sa.<a href=\"https:\/\/k2spices.com\/product-category\/k2-powder-incense\/\">.<\/a><\/p>\n<h3>Mi\u00e9rt v\u00e1lassza a DMXE-t a Poudres de Narco-t\u00f3l?<\/h3>\n<p>A kutat\u00f3k sz\u00e1m\u00e1ra a term\u00e9kmin\u0151s\u00e9g \u00e9s a k\u00f6vetkezetess\u00e9g alapvet\u0151 fontoss\u00e1g\u00fa. Az\u00e1ltal, hogy a <strong>DMXE a kutat\u00e1shoz<\/strong> a Poudres de Narco, a k\u00f6vetkez\u0151k el\u0151nyeit \u00e9lvezheti:<\/p>\n<ul>\n<li><strong>Megb\u00edzhat\u00f3 tisztas\u00e1g<\/strong> A DMXE minden egyes t\u00e9tel\u00e9t szigor\u00faan tesztelj\u00fck, hogy garant\u00e1ljuk a magas szint\u0171 tisztas\u00e1got.<\/li>\n<li><strong>\u00c1lland\u00f3 min\u0151s\u00e9g<\/strong> Term\u00e9k\u00fcnket \u00fagy kezelj\u00fck, hogy megfeleljen a laborat\u00f3riumok \u00e9s az analitikai vizsg\u00e1latok k\u00f6vetelm\u00e9nyeinek.<\/li>\n<li><strong>Szak\u00e9rt\u0151i t\u00e1mogat\u00e1s<\/strong> Csapatunk k\u00e9szs\u00e9ggel \u00e1ll rendelkez\u00e9sre, hogy tan\u00e1csot adjon a kezel\u00e9ssel, t\u00e1rol\u00e1ssal \u00e9s biztons\u00e1gi protokollokkal kapcsolatban.<\/li>\n<\/ul>\n<h3>Alkalmaz\u00e1sok \u00e9s biztons\u00e1gi ir\u00e1nyelvek<\/h3>\n<p>Le <strong>DMXE<\/strong> sz\u00e1mos laborat\u00f3riumi kutat\u00e1si kontextusban haszn\u00e1lj\u00e1k. A Poudres de Narco a biztons\u00e1gi protokollokra \u00f6sszpontos\u00edt, amelyeket a k\u00f6vetkez\u0151kh\u00f6z igaz\u00edtottak <strong>kezel\u00e9s \u00e9s t\u00e1rol\u00e1s<\/strong> a term\u00e9k megfelel\u0151s\u00e9g\u00e9t \u00e9s a kutat\u00f3k biztons\u00e1g\u00e1t:<\/p>\n<ul>\n<li><strong>T\u00e1rol\u00e1s<\/strong> Tartsa a DMXE-t h\u0171v\u00f6s, sz\u00e1raz, k\u00f6zvetlen f\u00e9nyt\u0151l v\u00e9dett helyen.<\/li>\n<li><strong>A  kezel\u00e9se<\/strong> Haszn\u00e1ljon egy\u00e9ni v\u00e9d\u0151felszerel\u00e9st (PPE) \u00e9s dolgozzon j\u00f3l szell\u0151z\u0151 laborat\u00f3riumokban.<\/li>\n<li><strong>Szigor\u00faan kutat\u00e1si c\u00e9lokra fenntartott haszn\u00e1lat<\/strong> Ez a term\u00e9k kiz\u00e1r\u00f3lag ellen\u0151rz\u00f6tt kutat\u00e1si k\u00f6rnyezetbe val\u00f3.<\/li>\n<\/ul>\n<h3>Biztons\u00e1gos rendel\u00e9s szakemberek sz\u00e1m\u00e1ra<\/h3>\n<p>Online platformunk megk\u00f6nny\u00edti a v\u00e1s\u00e1rl\u00e1st <strong>DMXE a kutat\u00e1shoz, V\u00e1s\u00e1rl\u00e1s DMXE a kutat\u00e1shoz<\/strong> enged\u00e9lyezett l\u00e9tes\u00edtm\u00e9nyekhez. A Poudres de Narco a biztons\u00e1gra, a min\u0151s\u00e9gre \u00e9s a titoktart\u00e1sra \u00f6sszpontos\u00edt, \u00e9s biztos\u00edtja, hogy minden megrendel\u00e9s megfeleljen a megfelel\u0151s\u00e9gi el\u0151\u00edr\u00e1soknak. <strong>Kapcsolatfelv\u00e9tel<\/strong> tov\u00e1bbi r\u00e9szletek\u00e9rt vagy \u00e1raj\u00e1nlatk\u00e9r\u00e9s\u00e9rt.<\/p>","protected":false},"excerpt":{"rendered":"<p>DMXE de Haute Puret\u00e9 pour la Recherche &#8211; Poudres de Narco Chez Poudres de Narco, nous fournissons du DMXE de qualit\u00e9 sup\u00e9rieure destin\u00e9 uniquement aux applications de recherche. Connu pour son profil unique dans les \u00e9tudes dissociatives, notre DMXE est fabriqu\u00e9 selon des normes strictes de puret\u00e9 et de qualit\u00e9, ce qui en fait un&hellip;<\/p>","protected":false},"featured_media":6295,"comment_status":"open","ping_status":"closed","template":"","meta":{"_joinchat":[]},"product_cat":[558],"product_tag":[],"class_list":{"0":"post-6220","1":"product","2":"type-product","3":"status-publish","4":"has-post-thumbnail","6":"product_cat-chimiques-de-recherche","8":"first","9":"instock","10":"shipping-taxable","11":"purchasable","12":"product-type-variable","13":"col-xs-6 col-sm-4","14":"col-md-3 col-lg-3","15":"un-4-cols"},"yoast_head":"<!-- This site is optimized with the Yoast SEO plugin v23.8 - https:\/\/yoast.com\/wordpress\/plugins\/seo\/ -->\n<title>Acheter DMXE de Recherche | Poudres de Narco<\/title>\n<meta name=\"description\" content=\"DMXE de haute puret\u00e9 pour la recherche chez Poudres de Narco. Qualit\u00e9 fiable et s\u00e9curit\u00e9 assur\u00e9e pour les applications en laboratoire, Acheter DMXE .\" \/>\n<meta name=\"robots\" content=\"index, follow, max-snippet:-1, max-image-preview:large, max-video-preview:-1\" \/>\n<link rel=\"canonical\" href=\"https:\/\/poudresdenarco.com\/hu\/termek\/dmxe\/\" \/>\n<meta property=\"og:locale\" content=\"hu_HU\" \/>\n<meta property=\"og:type\" content=\"article\" \/>\n<meta property=\"og:title\" content=\"Acheter DMXE de Recherche | Poudres de Narco\" \/>\n<meta property=\"og:description\" content=\"DMXE de haute puret\u00e9 pour la recherche chez Poudres de Narco. Qualit\u00e9 fiable et s\u00e9curit\u00e9 assur\u00e9e pour les applications en laboratoire, Acheter DMXE .\" \/>\n<meta property=\"og:url\" content=\"https:\/\/poudresdenarco.com\/hu\/termek\/dmxe\/\" \/>\n<meta property=\"og:site_name\" content=\"Poudresde Narco\" \/>\n<meta property=\"article:modified_time\" content=\"2026-05-02T23:09:14+00:00\" \/>\n<meta property=\"og:image\" content=\"https:\/\/poudresdenarco.com\/wp-content\/uploads\/2024\/10\/Dmxe-1.gif\" \/>\n\t<meta property=\"og:image:width\" content=\"600\" \/>\n\t<meta property=\"og:image:height\" content=\"600\" \/>\n\t<meta property=\"og:image:type\" content=\"image\/gif\" \/>\n<meta name=\"twitter:card\" content=\"summary_large_image\" \/>\n<meta name=\"twitter:label1\" content=\"Becs\u00fclt olvas\u00e1si id\u0151\" \/>\n\t<meta name=\"twitter:data1\" content=\"2 perc\" \/>\n<script type=\"application\/ld+json\" class=\"yoast-schema-graph\">{\"@context\":\"https:\/\/schema.org\",\"@graph\":[{\"@type\":\"WebPage\",\"@id\":\"https:\/\/poudresdenarco.com\/produit\/dmxe\/\",\"url\":\"https:\/\/poudresdenarco.com\/produit\/dmxe\/\",\"name\":\"Acheter DMXE de Recherche | Poudres de Narco\",\"isPartOf\":{\"@id\":\"https:\/\/poudresdenarco.com\/#website\"},\"primaryImageOfPage\":{\"@id\":\"https:\/\/poudresdenarco.com\/produit\/dmxe\/#primaryimage\"},\"image\":{\"@id\":\"https:\/\/poudresdenarco.com\/produit\/dmxe\/#primaryimage\"},\"thumbnailUrl\":\"https:\/\/poudresdenarco.com\/wp-content\/uploads\/2024\/10\/Dmxe-1.gif\",\"datePublished\":\"2024-10-18T05:38:32+00:00\",\"dateModified\":\"2026-05-02T23:09:14+00:00\",\"description\":\"DMXE de haute puret\u00e9 pour la recherche chez Poudres de Narco. Qualit\u00e9 fiable et s\u00e9curit\u00e9 assur\u00e9e pour les applications en laboratoire, Acheter DMXE .\",\"breadcrumb\":{\"@id\":\"https:\/\/poudresdenarco.com\/produit\/dmxe\/#breadcrumb\"},\"inLanguage\":\"hu\",\"potentialAction\":[{\"@type\":\"ReadAction\",\"target\":[\"https:\/\/poudresdenarco.com\/produit\/dmxe\/\"]}]},{\"@type\":\"ImageObject\",\"inLanguage\":\"hu\",\"@id\":\"https:\/\/poudresdenarco.com\/produit\/dmxe\/#primaryimage\",\"url\":\"https:\/\/poudresdenarco.com\/wp-content\/uploads\/2024\/10\/Dmxe-1.gif\",\"contentUrl\":\"https:\/\/poudresdenarco.com\/wp-content\/uploads\/2024\/10\/Dmxe-1.gif\",\"width\":600,\"height\":600,\"caption\":\"Acheter DMXE de recherche\"},{\"@type\":\"BreadcrumbList\",\"@id\":\"https:\/\/poudresdenarco.com\/produit\/dmxe\/#breadcrumb\",\"itemListElement\":[{\"@type\":\"ListItem\",\"position\":1,\"name\":\"Home\",\"item\":\"https:\/\/poudresdenarco.com\/\"},{\"@type\":\"ListItem\",\"position\":2,\"name\":\"Boutique\",\"item\":\"https:\/\/poudresdenarco.com\/boutique\/\"},{\"@type\":\"ListItem\",\"position\":3,\"name\":\"Dmxe\"}]},{\"@type\":\"WebSite\",\"@id\":\"https:\/\/poudresdenarco.com\/#website\",\"url\":\"https:\/\/poudresdenarco.com\/\",\"name\":\"Poudresde Narco\",\"description\":\"Acheter de la coca\u00efne et de l&#039;h\u00e9ro\u00efne en ligne\",\"potentialAction\":[{\"@type\":\"SearchAction\",\"target\":{\"@type\":\"EntryPoint\",\"urlTemplate\":\"https:\/\/poudresdenarco.com\/?s={search_term_string}\"},\"query-input\":{\"@type\":\"PropertyValueSpecification\",\"valueRequired\":true,\"valueName\":\"search_term_string\"}}],\"inLanguage\":\"hu\"}]}<\/script>\n<!-- \/ Yoast SEO plugin. -->","yoast_head_json":{"title":"Acheter DMXE de Recherche | Poudres de Narco","description":"DMXE de haute puret\u00e9 pour la recherche chez Poudres de Narco. Qualit\u00e9 fiable et s\u00e9curit\u00e9 assur\u00e9e pour les applications en laboratoire, Acheter DMXE .","robots":{"index":"index","follow":"follow","max-snippet":"max-snippet:-1","max-image-preview":"max-image-preview:large","max-video-preview":"max-video-preview:-1"},"canonical":"https:\/\/poudresdenarco.com\/hu\/termek\/dmxe\/","og_locale":"hu_HU","og_type":"article","og_title":"Acheter DMXE de Recherche | Poudres de Narco","og_description":"DMXE de haute puret\u00e9 pour la recherche chez Poudres de Narco. Qualit\u00e9 fiable et s\u00e9curit\u00e9 assur\u00e9e pour les applications en laboratoire, Acheter DMXE .","og_url":"https:\/\/poudresdenarco.com\/hu\/termek\/dmxe\/","og_site_name":"Poudresde Narco","article_modified_time":"2026-05-02T23:09:14+00:00","og_image":[{"width":600,"height":600,"url":"https:\/\/poudresdenarco.com\/wp-content\/uploads\/2024\/10\/Dmxe-1.gif","type":"image\/gif"}],"twitter_card":"summary_large_image","twitter_misc":{"Becs\u00fclt olvas\u00e1si id\u0151":"2 perc"},"schema":{"@context":"https:\/\/schema.org","@graph":[{"@type":"WebPage","@id":"https:\/\/poudresdenarco.com\/produit\/dmxe\/","url":"https:\/\/poudresdenarco.com\/produit\/dmxe\/","name":"Acheter DMXE de Recherche | Poudres de Narco","isPartOf":{"@id":"https:\/\/poudresdenarco.com\/#website"},"primaryImageOfPage":{"@id":"https:\/\/poudresdenarco.com\/produit\/dmxe\/#primaryimage"},"image":{"@id":"https:\/\/poudresdenarco.com\/produit\/dmxe\/#primaryimage"},"thumbnailUrl":"https:\/\/poudresdenarco.com\/wp-content\/uploads\/2024\/10\/Dmxe-1.gif","datePublished":"2024-10-18T05:38:32+00:00","dateModified":"2026-05-02T23:09:14+00:00","description":"DMXE de haute puret\u00e9 pour la recherche chez Poudres de Narco. Qualit\u00e9 fiable et s\u00e9curit\u00e9 assur\u00e9e pour les applications en laboratoire, Acheter DMXE .","breadcrumb":{"@id":"https:\/\/poudresdenarco.com\/produit\/dmxe\/#breadcrumb"},"inLanguage":"hu","potentialAction":[{"@type":"ReadAction","target":["https:\/\/poudresdenarco.com\/produit\/dmxe\/"]}]},{"@type":"ImageObject","inLanguage":"hu","@id":"https:\/\/poudresdenarco.com\/produit\/dmxe\/#primaryimage","url":"https:\/\/poudresdenarco.com\/wp-content\/uploads\/2024\/10\/Dmxe-1.gif","contentUrl":"https:\/\/poudresdenarco.com\/wp-content\/uploads\/2024\/10\/Dmxe-1.gif","width":600,"height":600,"caption":"Acheter DMXE de recherche"},{"@type":"BreadcrumbList","@id":"https:\/\/poudresdenarco.com\/produit\/dmxe\/#breadcrumb","itemListElement":[{"@type":"ListItem","position":1,"name":"Home","item":"https:\/\/poudresdenarco.com\/"},{"@type":"ListItem","position":2,"name":"Boutique","item":"https:\/\/poudresdenarco.com\/boutique\/"},{"@type":"ListItem","position":3,"name":"Dmxe"}]},{"@type":"WebSite","@id":"https:\/\/poudresdenarco.com\/#website","url":"https:\/\/poudresdenarco.com\/","name":"Poudresde Narco","description":"Acheter de la coca\u00efne et de l&#039;h\u00e9ro\u00efne en ligne","potentialAction":[{"@type":"SearchAction","target":{"@type":"EntryPoint","urlTemplate":"https:\/\/poudresdenarco.com\/?s={search_term_string}"},"query-input":{"@type":"PropertyValueSpecification","valueRequired":true,"valueName":"search_term_string"}}],"inLanguage":"hu"}]}},"_links":{"self":[{"href":"https:\/\/poudresdenarco.com\/hu\/wp-json\/wp\/v2\/product\/6220","targetHints":{"allow":["GET"]}}],"collection":[{"href":"https:\/\/poudresdenarco.com\/hu\/wp-json\/wp\/v2\/product"}],"about":[{"href":"https:\/\/poudresdenarco.com\/hu\/wp-json\/wp\/v2\/types\/product"}],"replies":[{"embeddable":true,"href":"https:\/\/poudresdenarco.com\/hu\/wp-json\/wp\/v2\/comments?post=6220"}],"wp:featuredmedia":[{"embeddable":true,"href":"https:\/\/poudresdenarco.com\/hu\/wp-json\/wp\/v2\/media\/6295"}],"wp:attachment":[{"href":"https:\/\/poudresdenarco.com\/hu\/wp-json\/wp\/v2\/media?parent=6220"}],"wp:term":[{"taxonomy":"product_cat","embeddable":true,"href":"https:\/\/poudresdenarco.com\/hu\/wp-json\/wp\/v2\/product_cat?post=6220"},{"taxonomy":"product_tag","embeddable":true,"href":"https:\/\/poudresdenarco.com\/hu\/wp-json\/wp\/v2\/product_tag?post=6220"}],"curies":[{"name":"wp","href":"https:\/\/api.w.org\/{rel}","templated":true}]}}