{"id":6223,"date":"2024-10-18T05:40:19","date_gmt":"2024-10-18T05:40:19","guid":{"rendered":"https:\/\/poudresdenarco.com\/?post_type=product&#038;p=6223"},"modified":"2026-01-17T02:59:50","modified_gmt":"2026-01-17T02:59:50","slug":"5f-adb","status":"publish","type":"product","link":"https:\/\/poudresdenarco.com\/hu\/termek\/5f-adb\/","title":{"rendered":"5F-ADB"},"content":{"rendered":"<h2><strong>Buy 5F-ADB for Research | Kiv\u00e1l\u00f3 min\u0151s\u00e9g\u0171 szintetikus kannabinoidok sz\u00e1ll\u00edt\u00f3ja<\/strong><\/h2>\n<p>\u00dcdv\u00f6z\u00f6lj\u00fck a <strong>poudresdenarco<\/strong>az \u00d6n megb\u00edzhat\u00f3 forr\u00e1sa <strong>5F-ADB<\/strong>. A farmakol\u00f3gia \u00e9s a kannabinoid-kutat\u00e1s ter\u00fclet\u00e9n dolgoz\u00f3 szakemberek sz\u00e1m\u00e1ra a k\u00f6vetkez\u0151 anyagokat k\u00edn\u00e1ljuk <strong>5F-ADB<\/strong> - egy er\u0151s szintetikus kannabinoid, m\u00e1s n\u00e9ven <strong>5F-MDMB-PINACA<\/strong>. A CB1 receptorokkal val\u00f3 nagy affinit\u00e1s\u00e1r\u00f3l ismert, a <strong>5F-ADB<\/strong> alapvet\u0151 fontoss\u00e1g\u00fa a szintetikus kannabinoidok hat\u00e1sait vizsg\u00e1l\u00f3 kutat\u00f3k sz\u00e1m\u00e1ra Buy 5F-ADB<a href=\"https:\/\/k2spices.com\/product\/bizarro-liquid-k2-on-paper\/\">.<\/a><\/p>\n<h3>Mi\u00e9rt v\u00e1lassza az 5F-ADB-t?<\/h3>\n<p>A <strong>5F-ADB<\/strong> tan\u00fas\u00edtott besz\u00e1ll\u00edt\u00f3kt\u00f3l sz\u00e1rmazik, ami garant\u00e1lja a legmagasabb min\u0151s\u00e9gi k\u00f6vetelm\u00e9nyeket. <strong>tisztas\u00e1g \u00e9s min\u0151s\u00e9g<\/strong>. Szigor\u00faan a <strong>5F-ADB kutat\u00e1si c\u00e9lokra<\/strong>Ezeket a term\u00e9keket \u00fagy tervezt\u00e9k, hogy megfeleljenek a hiteles \u00e9s megb\u00edzhat\u00f3 vegy\u00fcleteket keres\u0151 int\u00e9zm\u00e9nyek \u00e9s szakk\u00e9pzett szakemberek ig\u00e9nyeinek.<a href=\"https:\/\/poudresdenarco.com\/hu\/termek\/fentanyl\/\">.<\/a><\/p>\n<ul>\n<li><strong>Pr\u00e9mium min\u0151s\u00e9g \u00e9s tisztas\u00e1g<\/strong> Minden egyes t\u00e9tel szigor\u00fa tesztel\u00e9sen megy kereszt\u00fcl, hogy megfeleljen az ipari szabv\u00e1nyoknak.<\/li>\n<li><strong>Megb\u00edzhat\u00f3s\u00e1g a kutat\u00e1shoz<\/strong> Kiz\u00e1r\u00f3lag kutat\u00e1si c\u00e9lokra, a kannabinoid receptorok aktivit\u00e1s\u00e1nak, farmakol\u00f3gi\u00e1j\u00e1nak \u00e9s toxikol\u00f3gi\u00e1j\u00e1nak vizsg\u00e1lat\u00e1t t\u00e1mogatja.<\/li>\n<\/ul>\n<h3>V\u00e1s\u00e1roljon 5F-ADB biztons\u00e1gosan online<\/h3>\n<p>Olyan szakemberek sz\u00e1m\u00e1ra, akik biztons\u00e1gos \u00e9s megb\u00edzhat\u00f3 forr\u00e1st keresnek a <strong>5F-ADB online v\u00e1s\u00e1rl\u00e1s<\/strong>, <strong>poudresdenarco<\/strong> gyors \u00e9s bizalmas megrendel\u00e9seket k\u00edn\u00e1l, mik\u00f6zben minden biztons\u00e1gi el\u0151\u00edr\u00e1snak megfelel. Minden <strong>5F-ADB elad\u00f3<\/strong> elemz\u00e9si tan\u00fas\u00edtv\u00e1ny (COA) k\u00eds\u00e9ri, amely dokument\u00e1lja a tisztas\u00e1got \u00e9s az \u00f6sszet\u00e9telt a kutat\u00e1s integrit\u00e1s\u00e1nak garant\u00e1l\u00e1sa \u00e9rdek\u00e9ben.<\/p>\n<h3>Fontos inform\u00e1ci\u00f3k az 5F-ADB haszn\u00e1lat\u00e1r\u00f3l \u00e9s jogszer\u0171s\u00e9g\u00e9r\u0151l<\/h3>\n<p>Az 5F-ADB-t kiz\u00e1r\u00f3lag laborat\u00f3riumi kutat\u00e1sra sz\u00e1nj\u00e1k, \u00e9s az egy <strong>szab\u00e1lyozott anyag<\/strong> sok r\u00e9gi\u00f3ban a nagy teljes\u00edtm\u00e9nye miatt. <strong>K\u00e9rj\u00fck, ellen\u0151rizze az 5F-ADB jogi st\u00e1tusz\u00e1t.<\/strong> az \u00d6n joghat\u00f3s\u00e1ga szerint a megrendel\u00e9s el\u0151tt. Betartjuk az \u00f6sszes helyi szab\u00e1lyoz\u00e1st, \u00e9s \u00e1tl\u00e1that\u00f3 szolg\u00e1ltat\u00e1st ny\u00fajtunk a k\u00e9pzett kutat\u00e1si szakemberekhez val\u00f3 biztons\u00e1gos \u00e9s t\u00f6rv\u00e9nyes hozz\u00e1f\u00e9r\u00e9s biztos\u00edt\u00e1sa \u00e9rdek\u00e9ben.<\/p>\n<p>Szakemberek \u00e9s int\u00e9zm\u00e9nyek sz\u00e1m\u00e1ra, akik <strong>Kiv\u00e1l\u00f3 min\u0151s\u00e9g\u0171 5F-ADB<\/strong>, <strong>poudresdenarco<\/strong> elk\u00f6telezett amellett, hogy megb\u00edzhat\u00f3 szolg\u00e1ltat\u00e1st ny\u00fajtson a legmagasabb ipar\u00e1gi szabv\u00e1nyoknak megfelel\u0151en. Fedezze fel term\u00e9keinket, fedezze fel szigor\u00fa min\u0151s\u00e9gellen\u0151rz\u00e9s\u00fcnket, \u00e9s tudjon meg t\u00f6bbet term\u00e9keinkr\u0151l. <strong>v\u00e1s\u00e1roljon 5F-ADB-t bizalommal<\/strong> a kutat\u00e1si c\u00e9lok t\u00e1mogat\u00e1s\u00e1ra.<\/p>","protected":false},"excerpt":{"rendered":"<p>Acheter du 5F-ADB pour la Recherche | Fournisseur de Cannabino\u00efdes Synth\u00e9tiques de Haute Qualit\u00e9 Bienvenue sur poudresdenarco, votre source fiable pour l&rsquo;achat de 5F-ADB. Destin\u00e9 aux professionnels de la pharmacologie et de la recherche sur les cannabino\u00efdes, nous fournissons du 5F-ADB \u2013 un cannabino\u00efde synth\u00e9tique puissant, \u00e9galement connu sous le nom de 5F-MDMB-PINACA. R\u00e9put\u00e9 pour&hellip;<\/p>","protected":false},"featured_media":6298,"comment_status":"open","ping_status":"closed","template":"","meta":{"_joinchat":[]},"product_cat":[558],"product_tag":[746,750,749,747,745,748],"class_list":{"0":"post-6223","1":"product","2":"type-product","3":"status-publish","4":"has-post-thumbnail","6":"product_cat-chimiques-de-recherche","7":"product_tag-5f-adb-en-vente","8":"product_tag-5f-adb-laboratoire","9":"product_tag-5f-adb-pour-la-recherche","10":"product_tag-5f-mdmb-pinaca","11":"product_tag-acheter-5f-adb","12":"product_tag-fournisseur-de-5f-adb","14":"first","15":"instock","16":"shipping-taxable","17":"purchasable","18":"product-type-variable","19":"col-xs-6 col-sm-4","20":"col-md-3 col-lg-3","21":"un-4-cols"},"yoast_head":"<!-- This site is optimized with the Yoast SEO plugin v23.8 - https:\/\/yoast.com\/wordpress\/plugins\/seo\/ -->\n<title>&quot;Acheter du 5F-ADB pour la Recherche | Poudresdenarco<\/title>\n<meta name=\"description\" content=\"Achetez du 5F-ADB de haute qualit\u00e9 pour la recherche sur poudresdenarco. Fournisseur fiable de 5F-MDMB-PINACA pour des applications en laboratoire,\" \/>\n<meta name=\"robots\" content=\"index, follow, max-snippet:-1, max-image-preview:large, max-video-preview:-1\" \/>\n<link rel=\"canonical\" href=\"https:\/\/poudresdenarco.com\/hu\/termek\/5f-adb\/\" \/>\n<meta property=\"og:locale\" content=\"hu_HU\" \/>\n<meta property=\"og:type\" content=\"article\" \/>\n<meta property=\"og:title\" content=\"&quot;Acheter du 5F-ADB pour la Recherche | Poudresdenarco\" \/>\n<meta property=\"og:description\" content=\"Achetez du 5F-ADB de haute qualit\u00e9 pour la recherche sur poudresdenarco. Fournisseur fiable de 5F-MDMB-PINACA pour des applications en laboratoire,\" \/>\n<meta property=\"og:url\" content=\"https:\/\/poudresdenarco.com\/hu\/termek\/5f-adb\/\" \/>\n<meta property=\"og:site_name\" content=\"Poudresde Narco\" \/>\n<meta property=\"article:modified_time\" content=\"2026-01-17T02:59:50+00:00\" \/>\n<meta property=\"og:image\" content=\"https:\/\/poudresdenarco.com\/wp-content\/uploads\/2024\/10\/5F-ADB-2.gif\" \/>\n\t<meta property=\"og:image:width\" content=\"600\" \/>\n\t<meta property=\"og:image:height\" content=\"600\" \/>\n\t<meta property=\"og:image:type\" content=\"image\/gif\" \/>\n<meta name=\"twitter:card\" content=\"summary_large_image\" \/>\n<meta name=\"twitter:label1\" content=\"Becs\u00fclt olvas\u00e1si id\u0151\" \/>\n\t<meta name=\"twitter:data1\" content=\"2 perc\" \/>\n<script type=\"application\/ld+json\" class=\"yoast-schema-graph\">{\"@context\":\"https:\/\/schema.org\",\"@graph\":[{\"@type\":\"WebPage\",\"@id\":\"https:\/\/poudresdenarco.com\/produit\/5f-adb\/\",\"url\":\"https:\/\/poudresdenarco.com\/produit\/5f-adb\/\",\"name\":\"\\\"Acheter du 5F-ADB pour la Recherche | Poudresdenarco\",\"isPartOf\":{\"@id\":\"https:\/\/poudresdenarco.com\/#website\"},\"primaryImageOfPage\":{\"@id\":\"https:\/\/poudresdenarco.com\/produit\/5f-adb\/#primaryimage\"},\"image\":{\"@id\":\"https:\/\/poudresdenarco.com\/produit\/5f-adb\/#primaryimage\"},\"thumbnailUrl\":\"https:\/\/poudresdenarco.com\/wp-content\/uploads\/2024\/10\/5F-ADB-2.gif\",\"datePublished\":\"2024-10-18T05:40:19+00:00\",\"dateModified\":\"2026-01-17T02:59:50+00:00\",\"description\":\"Achetez du 5F-ADB de haute qualit\u00e9 pour la recherche sur poudresdenarco. Fournisseur fiable de 5F-MDMB-PINACA pour des applications en laboratoire,\",\"breadcrumb\":{\"@id\":\"https:\/\/poudresdenarco.com\/produit\/5f-adb\/#breadcrumb\"},\"inLanguage\":\"hu\",\"potentialAction\":[{\"@type\":\"ReadAction\",\"target\":[\"https:\/\/poudresdenarco.com\/produit\/5f-adb\/\"]}]},{\"@type\":\"ImageObject\",\"inLanguage\":\"hu\",\"@id\":\"https:\/\/poudresdenarco.com\/produit\/5f-adb\/#primaryimage\",\"url\":\"https:\/\/poudresdenarco.com\/wp-content\/uploads\/2024\/10\/5F-ADB-2.gif\",\"contentUrl\":\"https:\/\/poudresdenarco.com\/wp-content\/uploads\/2024\/10\/5F-ADB-2.gif\",\"width\":600,\"height\":600,\"caption\":\"5F-ADB\"},{\"@type\":\"BreadcrumbList\",\"@id\":\"https:\/\/poudresdenarco.com\/produit\/5f-adb\/#breadcrumb\",\"itemListElement\":[{\"@type\":\"ListItem\",\"position\":1,\"name\":\"Home\",\"item\":\"https:\/\/poudresdenarco.com\/\"},{\"@type\":\"ListItem\",\"position\":2,\"name\":\"Boutique\",\"item\":\"https:\/\/poudresdenarco.com\/boutique\/\"},{\"@type\":\"ListItem\",\"position\":3,\"name\":\"5F-ADB\"}]},{\"@type\":\"WebSite\",\"@id\":\"https:\/\/poudresdenarco.com\/#website\",\"url\":\"https:\/\/poudresdenarco.com\/\",\"name\":\"Poudresde Narco\",\"description\":\"Acheter de la coca\u00efne et de l&#039;h\u00e9ro\u00efne en ligne\",\"potentialAction\":[{\"@type\":\"SearchAction\",\"target\":{\"@type\":\"EntryPoint\",\"urlTemplate\":\"https:\/\/poudresdenarco.com\/?s={search_term_string}\"},\"query-input\":{\"@type\":\"PropertyValueSpecification\",\"valueRequired\":true,\"valueName\":\"search_term_string\"}}],\"inLanguage\":\"hu\"}]}<\/script>\n<!-- \/ Yoast SEO plugin. -->","yoast_head_json":{"title":"\"Acheter du 5F-ADB pour la Recherche | Poudresdenarco","description":"Achetez du 5F-ADB de haute qualit\u00e9 pour la recherche sur poudresdenarco. Fournisseur fiable de 5F-MDMB-PINACA pour des applications en laboratoire,","robots":{"index":"index","follow":"follow","max-snippet":"max-snippet:-1","max-image-preview":"max-image-preview:large","max-video-preview":"max-video-preview:-1"},"canonical":"https:\/\/poudresdenarco.com\/hu\/termek\/5f-adb\/","og_locale":"hu_HU","og_type":"article","og_title":"\"Acheter du 5F-ADB pour la Recherche | Poudresdenarco","og_description":"Achetez du 5F-ADB de haute qualit\u00e9 pour la recherche sur poudresdenarco. Fournisseur fiable de 5F-MDMB-PINACA pour des applications en laboratoire,","og_url":"https:\/\/poudresdenarco.com\/hu\/termek\/5f-adb\/","og_site_name":"Poudresde Narco","article_modified_time":"2026-01-17T02:59:50+00:00","og_image":[{"width":600,"height":600,"url":"https:\/\/poudresdenarco.com\/wp-content\/uploads\/2024\/10\/5F-ADB-2.gif","type":"image\/gif"}],"twitter_card":"summary_large_image","twitter_misc":{"Becs\u00fclt olvas\u00e1si id\u0151":"2 perc"},"schema":{"@context":"https:\/\/schema.org","@graph":[{"@type":"WebPage","@id":"https:\/\/poudresdenarco.com\/produit\/5f-adb\/","url":"https:\/\/poudresdenarco.com\/produit\/5f-adb\/","name":"\"Acheter du 5F-ADB pour la Recherche | Poudresdenarco","isPartOf":{"@id":"https:\/\/poudresdenarco.com\/#website"},"primaryImageOfPage":{"@id":"https:\/\/poudresdenarco.com\/produit\/5f-adb\/#primaryimage"},"image":{"@id":"https:\/\/poudresdenarco.com\/produit\/5f-adb\/#primaryimage"},"thumbnailUrl":"https:\/\/poudresdenarco.com\/wp-content\/uploads\/2024\/10\/5F-ADB-2.gif","datePublished":"2024-10-18T05:40:19+00:00","dateModified":"2026-01-17T02:59:50+00:00","description":"Achetez du 5F-ADB de haute qualit\u00e9 pour la recherche sur poudresdenarco. Fournisseur fiable de 5F-MDMB-PINACA pour des applications en laboratoire,","breadcrumb":{"@id":"https:\/\/poudresdenarco.com\/produit\/5f-adb\/#breadcrumb"},"inLanguage":"hu","potentialAction":[{"@type":"ReadAction","target":["https:\/\/poudresdenarco.com\/produit\/5f-adb\/"]}]},{"@type":"ImageObject","inLanguage":"hu","@id":"https:\/\/poudresdenarco.com\/produit\/5f-adb\/#primaryimage","url":"https:\/\/poudresdenarco.com\/wp-content\/uploads\/2024\/10\/5F-ADB-2.gif","contentUrl":"https:\/\/poudresdenarco.com\/wp-content\/uploads\/2024\/10\/5F-ADB-2.gif","width":600,"height":600,"caption":"5F-ADB"},{"@type":"BreadcrumbList","@id":"https:\/\/poudresdenarco.com\/produit\/5f-adb\/#breadcrumb","itemListElement":[{"@type":"ListItem","position":1,"name":"Home","item":"https:\/\/poudresdenarco.com\/"},{"@type":"ListItem","position":2,"name":"Boutique","item":"https:\/\/poudresdenarco.com\/boutique\/"},{"@type":"ListItem","position":3,"name":"5F-ADB"}]},{"@type":"WebSite","@id":"https:\/\/poudresdenarco.com\/#website","url":"https:\/\/poudresdenarco.com\/","name":"Poudresde Narco","description":"Acheter de la coca\u00efne et de l&#039;h\u00e9ro\u00efne en ligne","potentialAction":[{"@type":"SearchAction","target":{"@type":"EntryPoint","urlTemplate":"https:\/\/poudresdenarco.com\/?s={search_term_string}"},"query-input":{"@type":"PropertyValueSpecification","valueRequired":true,"valueName":"search_term_string"}}],"inLanguage":"hu"}]}},"_links":{"self":[{"href":"https:\/\/poudresdenarco.com\/hu\/wp-json\/wp\/v2\/product\/6223","targetHints":{"allow":["GET"]}}],"collection":[{"href":"https:\/\/poudresdenarco.com\/hu\/wp-json\/wp\/v2\/product"}],"about":[{"href":"https:\/\/poudresdenarco.com\/hu\/wp-json\/wp\/v2\/types\/product"}],"replies":[{"embeddable":true,"href":"https:\/\/poudresdenarco.com\/hu\/wp-json\/wp\/v2\/comments?post=6223"}],"wp:featuredmedia":[{"embeddable":true,"href":"https:\/\/poudresdenarco.com\/hu\/wp-json\/wp\/v2\/media\/6298"}],"wp:attachment":[{"href":"https:\/\/poudresdenarco.com\/hu\/wp-json\/wp\/v2\/media?parent=6223"}],"wp:term":[{"taxonomy":"product_cat","embeddable":true,"href":"https:\/\/poudresdenarco.com\/hu\/wp-json\/wp\/v2\/product_cat?post=6223"},{"taxonomy":"product_tag","embeddable":true,"href":"https:\/\/poudresdenarco.com\/hu\/wp-json\/wp\/v2\/product_tag?post=6223"}],"curies":[{"name":"wp","href":"https:\/\/api.w.org\/{rel}","templated":true}]}}