{"id":6226,"date":"2024-10-18T05:40:28","date_gmt":"2024-10-18T05:40:28","guid":{"rendered":"https:\/\/poudresdenarco.com\/?post_type=product&#038;p=6226"},"modified":"2026-01-17T03:00:31","modified_gmt":"2026-01-17T03:00:31","slug":"fentanyl","status":"publish","type":"product","link":"https:\/\/poudresdenarco.com\/hu\/termek\/fentanyl\/","title":{"rendered":"Fentanyl"},"content":{"rendered":"<div class=\"flex max-w-full flex-col flex-grow\">\n<div class=\"min-h-8 text-message flex w-full flex-col items-end gap-2 whitespace-normal break-words [.text-message+&amp;]:mt-5\" dir=\"auto\" data-message-author-role=\"assistant\" data-message-id=\"cd93b966-aa26-4387-b278-805577f36b37\" data-message-model-slug=\"gpt-4o\">\n<div class=\"flex w-full flex-col gap-1 empty:hidden first:pt-[3px]\">\n<div class=\"markdown prose w-full break-words dark:prose-invert light\">\n<h2><strong>V\u00e1s\u00e1roljon gy\u00f3gyszer\u00e9szeti min\u0151s\u00e9g\u0171 fentanilt <a href=\"https:\/\/poudresdenarco.com\/hu\/termekkategoria\/vasarolni-kokain-online\/\">-<\/a> J\u00f3v\u00e1hagyott sz\u00e1ll\u00edt\u00f3 Narco Powders<\/strong><\/h2>\n<p>V\u00e1s\u00e1roljon Fentanylt, a Narco Powders az \u00d6n <strong>a fentanil enged\u00e9lyezett sz\u00e1ll\u00edt\u00f3ja<\/strong>a  weboldalon. <strong>gy\u00f3gyszer\u00e9szeti min\u0151s\u00e9g\u0171 fentanil<\/strong> orvosi \u00e9s kutat\u00e1si alkalmaz\u00e1sokhoz. A <strong>orvosi fentanil<\/strong> megfelel a legszigor\u00fabb tisztas\u00e1gi \u00e9s biztons\u00e1gi el\u0151\u00edr\u00e1soknak, amelyek elengedhetetlenek a <strong>klinikai f\u00e1jdalomcsillap\u00edt\u00e1s<\/strong> \u00e9s egy\u00e9b ipari \u00e9s gy\u00f3gyszeripari felhaszn\u00e1l\u00e1s<a href=\"https:\/\/legitgrams.com\/de\/shop\/\">.<\/a><\/p>\n<h3>Mi\u00e9rt v\u00e1s\u00e1roljon fentanilt a Poudres de Narco-t\u00f3l?<\/h3>\n<p>V\u00e1lasszon egy <strong>enged\u00e9lyezett fentanil forgalmaz\u00f3<\/strong> alapvet\u0151 fontoss\u00e1g\u00fa az egyes megrendel\u00e9sek biztons\u00e1g\u00e1nak \u00e9s megfelel\u0151s\u00e9g\u00e9nek biztos\u00edt\u00e1sa \u00e9rdek\u00e9ben. Ha a Poudres de Narco-t\u00f3l v\u00e1s\u00e1rol, a k\u00f6vetkez\u0151k el\u0151nyeit \u00e9lvezheti:<\/p>\n<ul>\n<li><strong>Kiv\u00e1l\u00f3 min\u0151s\u00e9g<\/strong> Tiszta, megb\u00edzhat\u00f3 fentanil, amely elengedhetetlen a k\u00f6vetkezetes eredm\u00e9nyekhez a k\u00f6vetkez\u0151 esetekben <strong>gy\u00f3gyszeripari felhaszn\u00e1l\u00e1s<\/strong>.<\/li>\n<li><strong>Maxim\u00e1lis biztons\u00e1g<\/strong> : Mi sz\u00e1ll\u00edtjuk <strong>a fentanil kezel\u00e9s\u00e9re \u00e9s t\u00e1rol\u00e1s\u00e1ra vonatkoz\u00f3 biztons\u00e1gi protokollok<\/strong>a biztons\u00e1gos haszn\u00e1lat \u00e9rdek\u00e9ben.<\/li>\n<li><strong>Nagykereskedelmi megold\u00e1sok<\/strong> : A mi <strong>nagykereskedelmi fentanil k\u00f3rh\u00e1zak sz\u00e1m\u00e1ra<\/strong> \u00e9s <strong>gy\u00f3gyszert\u00e1rak<\/strong> garant\u00e1lja a megb\u00edzhat\u00f3 ell\u00e1t\u00e1st versenyk\u00e9pes \u00e1ron.<\/li>\n<\/ul>\n<h3>Alkalmaz\u00e1sok \u00e9s biztons\u00e1g<\/h3>\n<p>Le <strong>gy\u00f3gyszer\u00e9szeti felhaszn\u00e1l\u00e1sra sz\u00e1nt fentanil<\/strong> az \u00e1ltalunk forgalmazott term\u00e9keket sz\u00e1mos kontextusban haszn\u00e1lj\u00e1k:<\/p>\n<ul>\n<li><strong>Klinika<\/strong> Ellen\u0151rz\u00f6tt, gyors f\u00e1jdalomcsillap\u00edt\u00e1s az eg\u00e9szs\u00e9g\u00fcgyi int\u00e9zm\u00e9nyekben.<\/li>\n<li><strong>Gy\u00f3gyszerek<\/strong> Nagy pontoss\u00e1g\u00fa gy\u00f3gyszerek gy\u00e1rt\u00e1sa.<\/li>\n<li><strong>Kutat\u00e1s \u00e9s ipar<\/strong> Tiszta term\u00e9ket ig\u00e9nyl\u0151 laborat\u00f3riumi vizsg\u00e1latok \u00e9s farmakol\u00f3giai k\u00eds\u00e9rletek.<\/li>\n<\/ul>\n<p>A megfelel\u0151s\u00e9get a k\u00f6vetkez\u0151kkel biztos\u00edtjuk <strong>A fentanil CAS-sz\u00e1ma (7664-39-3)<\/strong>garant\u00e1lja a hiteles, kiv\u00e1l\u00f3 min\u0151s\u00e9g\u0171 term\u00e9ket.<\/p>\n<h3>K\u00e9szen \u00e1ll a rendel\u00e9sre?<\/h3>\n<p>Ha biztons\u00e1gosan szeretne fentanilt v\u00e1s\u00e1rolni, l\u00e9pjen kapcsolatba a Narco Powdersszel m\u00e9g ma. Mi vagyunk a <strong>nagy tisztas\u00e1g\u00fa fentanil sz\u00e1ll\u00edt\u00f3ja<\/strong>elk\u00f6telezett a megb\u00edzhat\u00f3 \u00e9s biztons\u00e1gos megold\u00e1sok biztos\u00edt\u00e1sa ir\u00e1nt az \u00d6n \u00fczleti ig\u00e9nyeinek kiel\u00e9g\u00edt\u00e9s\u00e9re.<\/p>\n<\/div>\n<\/div>\n<\/div>\n<\/div>\n<div class=\"mb-2 flex gap-3 empty:hidden -ml-2\">\n<div class=\"items-center justify-start rounded-xl p-1 flex\">\n<div class=\"flex items-center\"><\/div>\n<\/div>\n<\/div>","protected":false},"excerpt":{"rendered":"<p>A fentanil egy szintetikus opioid. S\u00falyos akut \u00e9s kr\u00f3nikus f\u00e1jdalom csillap\u00edt\u00e1s\u00e1ra haszn\u00e1lj\u00e1k az aneszteziol\u00f3gi\u00e1ban, az intenz\u00edv ell\u00e1t\u00e1sban, a s\u00fcrg\u0151ss\u00e9gi ell\u00e1t\u00e1sban \u00e9s a j\u00e1r\u00f3beteg-szakell\u00e1t\u00e1sban. Injekci\u00f3, tapasz, orrspray \u00e9s a sz\u00e1jny\u00e1lkah\u00e1rty\u00e1n kereszt\u00fcl t\u00f6rt\u00e9n\u0151 felsz\u00edv\u00f3d\u00e1s form\u00e1j\u00e1ban alkalmazz\u00e1k.<\/p>","protected":false},"featured_media":6301,"comment_status":"open","ping_status":"closed","template":"","meta":{"_joinchat":[]},"product_cat":[558],"product_tag":[],"class_list":{"0":"post-6226","1":"product","2":"type-product","3":"status-publish","4":"has-post-thumbnail","6":"product_cat-chimiques-de-recherche","8":"first","9":"instock","10":"shipping-taxable","11":"purchasable","12":"product-type-variable","13":"col-xs-6 col-sm-4","14":"col-md-3 col-lg-3","15":"un-4-cols"},"yoast_head":"<!-- This site is optimized with the Yoast SEO plugin v23.8 - https:\/\/yoast.com\/wordpress\/plugins\/seo\/ -->\n<title>Acheter Fentanyl Pharmaceutique | Poudres de Narco<\/title>\n<meta name=\"description\" content=\"&quot;Poudres de Narco propose du fentanyl de qualit\u00e9 pharmaceutique pour des applications m\u00e9dicales et industrielles. Achat s\u00e9curis\u00e9 avec protocoles de s\u00e9curit\u00e9.\" \/>\n<meta name=\"robots\" content=\"index, follow, max-snippet:-1, max-image-preview:large, max-video-preview:-1\" \/>\n<link rel=\"canonical\" href=\"https:\/\/poudresdenarco.com\/hu\/termek\/fentanyl\/\" \/>\n<meta property=\"og:locale\" content=\"hu_HU\" \/>\n<meta property=\"og:type\" content=\"article\" \/>\n<meta property=\"og:title\" content=\"Acheter Fentanyl Pharmaceutique | Poudres de Narco\" \/>\n<meta property=\"og:description\" content=\"&quot;Poudres de Narco propose du fentanyl de qualit\u00e9 pharmaceutique pour des applications m\u00e9dicales et industrielles. Achat s\u00e9curis\u00e9 avec protocoles de s\u00e9curit\u00e9.\" \/>\n<meta property=\"og:url\" content=\"https:\/\/poudresdenarco.com\/hu\/termek\/fentanyl\/\" \/>\n<meta property=\"og:site_name\" content=\"Poudresde Narco\" \/>\n<meta property=\"article:modified_time\" content=\"2026-01-17T03:00:31+00:00\" \/>\n<meta property=\"og:image\" content=\"https:\/\/poudresdenarco.com\/wp-content\/uploads\/2024\/10\/Fentanyl.gif\" \/>\n\t<meta property=\"og:image:width\" content=\"600\" \/>\n\t<meta property=\"og:image:height\" content=\"600\" \/>\n\t<meta property=\"og:image:type\" content=\"image\/gif\" \/>\n<meta name=\"twitter:card\" content=\"summary_large_image\" \/>\n<meta name=\"twitter:label1\" content=\"Becs\u00fclt olvas\u00e1si id\u0151\" \/>\n\t<meta name=\"twitter:data1\" content=\"2 perc\" \/>\n<script type=\"application\/ld+json\" class=\"yoast-schema-graph\">{\"@context\":\"https:\/\/schema.org\",\"@graph\":[{\"@type\":\"WebPage\",\"@id\":\"https:\/\/poudresdenarco.com\/produit\/fentanyl\/\",\"url\":\"https:\/\/poudresdenarco.com\/produit\/fentanyl\/\",\"name\":\"Acheter Fentanyl Pharmaceutique | Poudres de Narco\",\"isPartOf\":{\"@id\":\"https:\/\/poudresdenarco.com\/#website\"},\"primaryImageOfPage\":{\"@id\":\"https:\/\/poudresdenarco.com\/produit\/fentanyl\/#primaryimage\"},\"image\":{\"@id\":\"https:\/\/poudresdenarco.com\/produit\/fentanyl\/#primaryimage\"},\"thumbnailUrl\":\"https:\/\/poudresdenarco.com\/wp-content\/uploads\/2024\/10\/Fentanyl.gif\",\"datePublished\":\"2024-10-18T05:40:28+00:00\",\"dateModified\":\"2026-01-17T03:00:31+00:00\",\"description\":\"\\\"Poudres de Narco propose du fentanyl de qualit\u00e9 pharmaceutique pour des applications m\u00e9dicales et industrielles. Achat s\u00e9curis\u00e9 avec protocoles de s\u00e9curit\u00e9.\",\"breadcrumb\":{\"@id\":\"https:\/\/poudresdenarco.com\/produit\/fentanyl\/#breadcrumb\"},\"inLanguage\":\"hu\",\"potentialAction\":[{\"@type\":\"ReadAction\",\"target\":[\"https:\/\/poudresdenarco.com\/produit\/fentanyl\/\"]}]},{\"@type\":\"ImageObject\",\"inLanguage\":\"hu\",\"@id\":\"https:\/\/poudresdenarco.com\/produit\/fentanyl\/#primaryimage\",\"url\":\"https:\/\/poudresdenarco.com\/wp-content\/uploads\/2024\/10\/Fentanyl.gif\",\"contentUrl\":\"https:\/\/poudresdenarco.com\/wp-content\/uploads\/2024\/10\/Fentanyl.gif\",\"width\":600,\"height\":600,\"caption\":\"Fentanyl\"},{\"@type\":\"BreadcrumbList\",\"@id\":\"https:\/\/poudresdenarco.com\/produit\/fentanyl\/#breadcrumb\",\"itemListElement\":[{\"@type\":\"ListItem\",\"position\":1,\"name\":\"Home\",\"item\":\"https:\/\/poudresdenarco.com\/\"},{\"@type\":\"ListItem\",\"position\":2,\"name\":\"Boutique\",\"item\":\"https:\/\/poudresdenarco.com\/boutique\/\"},{\"@type\":\"ListItem\",\"position\":3,\"name\":\"Fentanyl\"}]},{\"@type\":\"WebSite\",\"@id\":\"https:\/\/poudresdenarco.com\/#website\",\"url\":\"https:\/\/poudresdenarco.com\/\",\"name\":\"Poudresde Narco\",\"description\":\"Acheter de la coca\u00efne et de l&#039;h\u00e9ro\u00efne en ligne\",\"potentialAction\":[{\"@type\":\"SearchAction\",\"target\":{\"@type\":\"EntryPoint\",\"urlTemplate\":\"https:\/\/poudresdenarco.com\/?s={search_term_string}\"},\"query-input\":{\"@type\":\"PropertyValueSpecification\",\"valueRequired\":true,\"valueName\":\"search_term_string\"}}],\"inLanguage\":\"hu\"}]}<\/script>\n<!-- \/ Yoast SEO plugin. -->","yoast_head_json":{"title":"Acheter Fentanyl Pharmaceutique | Poudres de Narco","description":"\"Poudres de Narco propose du fentanyl de qualit\u00e9 pharmaceutique pour des applications m\u00e9dicales et industrielles. Achat s\u00e9curis\u00e9 avec protocoles de s\u00e9curit\u00e9.","robots":{"index":"index","follow":"follow","max-snippet":"max-snippet:-1","max-image-preview":"max-image-preview:large","max-video-preview":"max-video-preview:-1"},"canonical":"https:\/\/poudresdenarco.com\/hu\/termek\/fentanyl\/","og_locale":"hu_HU","og_type":"article","og_title":"Acheter Fentanyl Pharmaceutique | Poudres de Narco","og_description":"\"Poudres de Narco propose du fentanyl de qualit\u00e9 pharmaceutique pour des applications m\u00e9dicales et industrielles. Achat s\u00e9curis\u00e9 avec protocoles de s\u00e9curit\u00e9.","og_url":"https:\/\/poudresdenarco.com\/hu\/termek\/fentanyl\/","og_site_name":"Poudresde Narco","article_modified_time":"2026-01-17T03:00:31+00:00","og_image":[{"width":600,"height":600,"url":"https:\/\/poudresdenarco.com\/wp-content\/uploads\/2024\/10\/Fentanyl.gif","type":"image\/gif"}],"twitter_card":"summary_large_image","twitter_misc":{"Becs\u00fclt olvas\u00e1si id\u0151":"2 perc"},"schema":{"@context":"https:\/\/schema.org","@graph":[{"@type":"WebPage","@id":"https:\/\/poudresdenarco.com\/produit\/fentanyl\/","url":"https:\/\/poudresdenarco.com\/produit\/fentanyl\/","name":"Acheter Fentanyl Pharmaceutique | Poudres de Narco","isPartOf":{"@id":"https:\/\/poudresdenarco.com\/#website"},"primaryImageOfPage":{"@id":"https:\/\/poudresdenarco.com\/produit\/fentanyl\/#primaryimage"},"image":{"@id":"https:\/\/poudresdenarco.com\/produit\/fentanyl\/#primaryimage"},"thumbnailUrl":"https:\/\/poudresdenarco.com\/wp-content\/uploads\/2024\/10\/Fentanyl.gif","datePublished":"2024-10-18T05:40:28+00:00","dateModified":"2026-01-17T03:00:31+00:00","description":"\"Poudres de Narco propose du fentanyl de qualit\u00e9 pharmaceutique pour des applications m\u00e9dicales et industrielles. Achat s\u00e9curis\u00e9 avec protocoles de s\u00e9curit\u00e9.","breadcrumb":{"@id":"https:\/\/poudresdenarco.com\/produit\/fentanyl\/#breadcrumb"},"inLanguage":"hu","potentialAction":[{"@type":"ReadAction","target":["https:\/\/poudresdenarco.com\/produit\/fentanyl\/"]}]},{"@type":"ImageObject","inLanguage":"hu","@id":"https:\/\/poudresdenarco.com\/produit\/fentanyl\/#primaryimage","url":"https:\/\/poudresdenarco.com\/wp-content\/uploads\/2024\/10\/Fentanyl.gif","contentUrl":"https:\/\/poudresdenarco.com\/wp-content\/uploads\/2024\/10\/Fentanyl.gif","width":600,"height":600,"caption":"Fentanyl"},{"@type":"BreadcrumbList","@id":"https:\/\/poudresdenarco.com\/produit\/fentanyl\/#breadcrumb","itemListElement":[{"@type":"ListItem","position":1,"name":"Home","item":"https:\/\/poudresdenarco.com\/"},{"@type":"ListItem","position":2,"name":"Boutique","item":"https:\/\/poudresdenarco.com\/boutique\/"},{"@type":"ListItem","position":3,"name":"Fentanyl"}]},{"@type":"WebSite","@id":"https:\/\/poudresdenarco.com\/#website","url":"https:\/\/poudresdenarco.com\/","name":"Poudresde Narco","description":"Acheter de la coca\u00efne et de l&#039;h\u00e9ro\u00efne en ligne","potentialAction":[{"@type":"SearchAction","target":{"@type":"EntryPoint","urlTemplate":"https:\/\/poudresdenarco.com\/?s={search_term_string}"},"query-input":{"@type":"PropertyValueSpecification","valueRequired":true,"valueName":"search_term_string"}}],"inLanguage":"hu"}]}},"_links":{"self":[{"href":"https:\/\/poudresdenarco.com\/hu\/wp-json\/wp\/v2\/product\/6226","targetHints":{"allow":["GET"]}}],"collection":[{"href":"https:\/\/poudresdenarco.com\/hu\/wp-json\/wp\/v2\/product"}],"about":[{"href":"https:\/\/poudresdenarco.com\/hu\/wp-json\/wp\/v2\/types\/product"}],"replies":[{"embeddable":true,"href":"https:\/\/poudresdenarco.com\/hu\/wp-json\/wp\/v2\/comments?post=6226"}],"wp:featuredmedia":[{"embeddable":true,"href":"https:\/\/poudresdenarco.com\/hu\/wp-json\/wp\/v2\/media\/6301"}],"wp:attachment":[{"href":"https:\/\/poudresdenarco.com\/hu\/wp-json\/wp\/v2\/media?parent=6226"}],"wp:term":[{"taxonomy":"product_cat","embeddable":true,"href":"https:\/\/poudresdenarco.com\/hu\/wp-json\/wp\/v2\/product_cat?post=6226"},{"taxonomy":"product_tag","embeddable":true,"href":"https:\/\/poudresdenarco.com\/hu\/wp-json\/wp\/v2\/product_tag?post=6226"}],"curies":[{"name":"wp","href":"https:\/\/api.w.org\/{rel}","templated":true}]}}