{"id":103,"date":"2023-12-25T08:20:15","date_gmt":"2023-12-25T08:20:15","guid":{"rendered":"https:\/\/unkrautmarkt.com\/narco1\/?post_type=product&#038;p=103"},"modified":"2025-06-10T03:00:51","modified_gmt":"2025-06-10T03:00:51","slug":"heroine-afghane","status":"publish","type":"product","link":"https:\/\/poudresdenarco.com\/it\/prodotto\/afghan-eroina\/","title":{"rendered":"Eroina afghana"},"content":{"rendered":"<h2>Acquistare eroina afghana online<\/h2>\n<p>OTTENERE PI\u00d9<a href=\"https:\/\/en.wikipedia.org\/wiki\/Heroin\">EROINA<\/a> AFGHANE ONLINE: LE ULTIME RICERCHE SULLA VERA EROINA AFGHANA<\/p>\n<p>Saluti da<a href=\"https:\/\/poudresdenarco.com\/it\/prodotto\/afghan-eroina\/\">Acquistare eroina afghana online<\/a>Il posto migliore per ottenere vera eroina afgana. La nostra specialit\u00e0 \u00e8 offrire la migliore eroina afghana a buon mercato ai nostri clienti.<\/p>\n<p>ottenuta direttamente dall'Afghanistan. Con anni di esperienza nel settore, ci siamo affermati come uno dei fornitori pi\u00f9 affidabili e onesti di eroina afghana sul mercato.<\/p>\n<h3>Vantaggi dell'eroina Aghani<\/h3>\n<p>L'acquisto di eroina afgana online \u00e8 l'opzione migliore se si desidera un effetto forte e piacevole. Gli effetti pi\u00f9 forti rendono questa eroina afgana molto popolare da vendere. Data la prevalenza della dipendenza da oppioidi e del dolore cronico nella societ\u00e0 contemporanea, l'eroina afgana \u00e8 spesso raccomandata per trattare queste condizioni.<\/p>\n<h3>Come viene prodotta l'eroina afghana?<\/h3>\n<p>Solo sul nostro sito web \u00e8 possibile acquistare eroina afgana online nel Regno Unito. L'eroina afgana \u00e8 derivata dall'oppio. La morfina e la codeina sono prodotte naturalmente dalla pianta del papavero. L'eroina afghana viene prodotta facendo bollire l'oppio fino a farlo diventare un catrame nero e appiccicoso, quindi filtrandolo attraverso una tela di formaggio per rimuovere le impurit\u00e0. Questo catrame nero viene essiccato e macinato in polvere prima di essere utilizzato per produrre mattoni o pillole.<\/p>\n<p>Acquistate l'eroina afghana, che si presenta in una variet\u00e0 di forme e funzioni. La variet\u00e0 pi\u00f9 comune di eroina afghana \u00e8 chiamata \"oppio grezzo\" o eroina bianca, ed \u00e8 generalmente di qualit\u00e0 inferiore. L'eroina marrone, ricavata dal catrame nero parzialmente essiccato, \u00e8 pi\u00f9 diffusa per la sua forza. Sebbene l'eroina marrone scuro offra gli effetti pi\u00f9 forti, ha anche il maggior potenziale di abuso, poich\u00e9 \u00e8 prodotta con catrame nero completamente essiccato.<\/p>\n<h3>Come viene prodotta l'eroina afghana?<\/h3>\n<p>Solo sul nostro sito web \u00e8 possibile acquistare eroina afgana online nel Regno Unito. L'eroina afgana \u00e8 derivata dall'oppio. La morfina e la codeina sono prodotte naturalmente dalla pianta del papavero. L'eroina afghana viene prodotta facendo bollire l'oppio fino a farlo diventare un catrame nero e appiccicoso, quindi filtrandolo attraverso una tela di formaggio per rimuovere le impurit\u00e0. Questo catrame nero viene essiccato e macinato in polvere prima di essere utilizzato per produrre mattoni o pillole.<\/p>\n<p>Acquistate l'eroina afghana, che si presenta in una variet\u00e0 di forme e funzioni. La variet\u00e0 pi\u00f9 comune di eroina afghana \u00e8 chiamata \"oppio grezzo\" o eroina bianca, ed \u00e8 generalmente di qualit\u00e0 inferiore. L'eroina marrone, ricavata dal catrame nero parzialmente essiccato, \u00e8 pi\u00f9 diffusa per la sua forza. Sebbene l'eroina marrone scuro offra gli effetti pi\u00f9 forti, ha anche il maggior potenziale di abuso, poich\u00e9 \u00e8 prodotta con catrame nero completamente essiccato.<\/p>\n<h3>a causa delle sue difficolt\u00e0 nella gestione dei dosaPerch\u00e9 scegliere di acquistare eroina afghana online?<\/h3>\n<p>Siamo consapevoli che trovare un fornitore affidabile di eroina afgana a basso costo pu\u00f2 essere difficile e scoraggiante. Pu\u00f2 essere difficile determinare di chi fidarsi quando ci sono cos\u00ec tanti prodotti contraffatti e venditori discutibili. Noi di Buy Afghan Heroin Online vogliamo che i nostri clienti abbiano un'esperienza di acquisto semplice e sicura, ed \u00e8 per questo che offriamo i seguenti vantaggi:<\/p>\n<h3>Vera eroina afghana in vendita a prezzi accessibili<\/h3>\n<p>Per fornirvi la migliore eroina disponibile, lavoriamo direttamente con fonti affidabili in Afghanistan. Vi assicuriamo che i nostri prodotti sono puri e potenti e che sono legittimi al 100 %. I nostri prodotti hanno prezzi competitivi e crediamo che tutti debbano avere accesso all'eroina di alta qualit\u00e0 a un prezzo accessibile.<\/p>","protected":false},"excerpt":{"rendered":"<p>Acheter de l&rsquo;h\u00e9ro\u00efne afghane en ligne OBTENEZ DE L&rsquo;H\u00c9RO\u00cfNE AFGHANE EN LIGNE\u00a0: LA RECHERCHE DERNI\u00c8RE POSSIBLE SUR LA VRAIE H\u00c9RO\u00cfNE AFGHANE Salutations de la part d&rsquo;Acheter de l&rsquo;h\u00e9ro\u00efne afghane en ligne, le meilleur endroit pour obtenir de la v\u00e9ritable h\u00e9ro\u00efne afghane. Notre sp\u00e9cialit\u00e9 est d&rsquo;offrir la meilleure h\u00e9ro\u00efne afghane bon march\u00e9 \u00e0 nos clients. obtenu&hellip;<\/p>","protected":false},"featured_media":251,"comment_status":"open","ping_status":"closed","template":"","meta":{"_joinchat":[]},"product_cat":[17],"product_tag":[],"class_list":{"0":"post-103","1":"product","2":"type-product","3":"status-publish","4":"has-post-thumbnail","6":"product_cat-de-heroine","8":"first","9":"instock","10":"shipping-taxable","11":"purchasable","12":"product-type-variable","13":"col-xs-6 col-sm-4","14":"col-md-3 col-lg-3","15":"un-4-cols"},"yoast_head":"<!-- This site is optimized with the Yoast SEO plugin v23.8 - https:\/\/yoast.com\/wordpress\/plugins\/seo\/ -->\n<title>Acheter de l&#039;h\u00e9ro\u00efne afghane en ligne - H\u00e9ro\u00efne afghane \u00e0 vendre<\/title>\n<meta name=\"description\" content=\"C&#039;est le meilleur moment pour visiter notre boutique en ligne PoudresDenarco et acheter de l&#039;h\u00e9ro\u00efne afghane en ligne. Nous avons de l&#039;h\u00e9ro\u00efne afghane \u00e0 vendre ici. Rencontrez-nous en ligne et passez votre commande d\u00e8s aujourd&#039;hui !\" \/>\n<meta name=\"robots\" content=\"index, follow, max-snippet:-1, max-image-preview:large, max-video-preview:-1\" \/>\n<link rel=\"canonical\" href=\"https:\/\/poudresdenarco.com\/it\/prodotto\/afghan-eroina\/\" \/>\n<meta property=\"og:locale\" content=\"it_IT\" \/>\n<meta property=\"og:type\" content=\"article\" \/>\n<meta property=\"og:title\" content=\"Acheter de l&#039;h\u00e9ro\u00efne afghane en ligne - H\u00e9ro\u00efne afghane \u00e0 vendre\" \/>\n<meta property=\"og:description\" content=\"C&#039;est le meilleur moment pour visiter notre boutique en ligne PoudresDenarco et acheter de l&#039;h\u00e9ro\u00efne afghane en ligne. Nous avons de l&#039;h\u00e9ro\u00efne afghane \u00e0 vendre ici. Rencontrez-nous en ligne et passez votre commande d\u00e8s aujourd&#039;hui !\" \/>\n<meta property=\"og:url\" content=\"https:\/\/poudresdenarco.com\/it\/prodotto\/afghan-eroina\/\" \/>\n<meta property=\"og:site_name\" content=\"Poudresde Narco\" \/>\n<meta property=\"article:modified_time\" content=\"2025-06-10T03:00:51+00:00\" \/>\n<meta property=\"og:image\" content=\"https:\/\/poudresdenarco.com\/wp-content\/uploads\/2023\/12\/Afghan-Heroin-white.jpg\" \/>\n\t<meta property=\"og:image:width\" content=\"600\" \/>\n\t<meta property=\"og:image:height\" content=\"600\" \/>\n\t<meta property=\"og:image:type\" content=\"image\/jpeg\" \/>\n<meta name=\"twitter:card\" content=\"summary_large_image\" \/>\n<meta name=\"twitter:label1\" content=\"Tempo di lettura stimato\" \/>\n\t<meta name=\"twitter:data1\" content=\"4 minuti\" \/>\n<script type=\"application\/ld+json\" class=\"yoast-schema-graph\">{\"@context\":\"https:\/\/schema.org\",\"@graph\":[{\"@type\":\"WebPage\",\"@id\":\"https:\/\/poudresdenarco.com\/produit\/heroine-afghane\/\",\"url\":\"https:\/\/poudresdenarco.com\/produit\/heroine-afghane\/\",\"name\":\"Acheter de l'h\u00e9ro\u00efne afghane en ligne - H\u00e9ro\u00efne afghane \u00e0 vendre\",\"isPartOf\":{\"@id\":\"https:\/\/poudresdenarco.com\/#website\"},\"primaryImageOfPage\":{\"@id\":\"https:\/\/poudresdenarco.com\/produit\/heroine-afghane\/#primaryimage\"},\"image\":{\"@id\":\"https:\/\/poudresdenarco.com\/produit\/heroine-afghane\/#primaryimage\"},\"thumbnailUrl\":\"https:\/\/poudresdenarco.com\/wp-content\/uploads\/2023\/12\/Afghan-Heroin-white.jpg\",\"datePublished\":\"2023-12-25T08:20:15+00:00\",\"dateModified\":\"2025-06-10T03:00:51+00:00\",\"description\":\"C'est le meilleur moment pour visiter notre boutique en ligne PoudresDenarco et acheter de l'h\u00e9ro\u00efne afghane en ligne. Nous avons de l'h\u00e9ro\u00efne afghane \u00e0 vendre ici. Rencontrez-nous en ligne et passez votre commande d\u00e8s aujourd'hui !\",\"breadcrumb\":{\"@id\":\"https:\/\/poudresdenarco.com\/produit\/heroine-afghane\/#breadcrumb\"},\"inLanguage\":\"it-IT\",\"potentialAction\":[{\"@type\":\"ReadAction\",\"target\":[\"https:\/\/poudresdenarco.com\/produit\/heroine-afghane\/\"]}]},{\"@type\":\"ImageObject\",\"inLanguage\":\"it-IT\",\"@id\":\"https:\/\/poudresdenarco.com\/produit\/heroine-afghane\/#primaryimage\",\"url\":\"https:\/\/poudresdenarco.com\/wp-content\/uploads\/2023\/12\/Afghan-Heroin-white.jpg\",\"contentUrl\":\"https:\/\/poudresdenarco.com\/wp-content\/uploads\/2023\/12\/Afghan-Heroin-white.jpg\",\"width\":600,\"height\":600,\"caption\":\"Afghan-Heroin-white\"},{\"@type\":\"BreadcrumbList\",\"@id\":\"https:\/\/poudresdenarco.com\/produit\/heroine-afghane\/#breadcrumb\",\"itemListElement\":[{\"@type\":\"ListItem\",\"position\":1,\"name\":\"Home\",\"item\":\"https:\/\/poudresdenarco.com\/\"},{\"@type\":\"ListItem\",\"position\":2,\"name\":\"Boutique\",\"item\":\"https:\/\/poudresdenarco.com\/boutique\/\"},{\"@type\":\"ListItem\",\"position\":3,\"name\":\"H\u00e9ro\u00efne afghane\"}]},{\"@type\":\"WebSite\",\"@id\":\"https:\/\/poudresdenarco.com\/#website\",\"url\":\"https:\/\/poudresdenarco.com\/\",\"name\":\"Poudresde Narco\",\"description\":\"Acheter de la coca\u00efne et de l&#039;h\u00e9ro\u00efne en ligne\",\"potentialAction\":[{\"@type\":\"SearchAction\",\"target\":{\"@type\":\"EntryPoint\",\"urlTemplate\":\"https:\/\/poudresdenarco.com\/?s={search_term_string}\"},\"query-input\":{\"@type\":\"PropertyValueSpecification\",\"valueRequired\":true,\"valueName\":\"search_term_string\"}}],\"inLanguage\":\"it-IT\"}]}<\/script>\n<!-- \/ Yoast SEO plugin. -->","yoast_head_json":{"title":"Acheter de l'h\u00e9ro\u00efne afghane en ligne - H\u00e9ro\u00efne afghane \u00e0 vendre","description":"C'est le meilleur moment pour visiter notre boutique en ligne PoudresDenarco et acheter de l'h\u00e9ro\u00efne afghane en ligne. Nous avons de l'h\u00e9ro\u00efne afghane \u00e0 vendre ici. Rencontrez-nous en ligne et passez votre commande d\u00e8s aujourd'hui !","robots":{"index":"index","follow":"follow","max-snippet":"max-snippet:-1","max-image-preview":"max-image-preview:large","max-video-preview":"max-video-preview:-1"},"canonical":"https:\/\/poudresdenarco.com\/it\/prodotto\/afghan-eroina\/","og_locale":"it_IT","og_type":"article","og_title":"Acheter de l'h\u00e9ro\u00efne afghane en ligne - H\u00e9ro\u00efne afghane \u00e0 vendre","og_description":"C'est le meilleur moment pour visiter notre boutique en ligne PoudresDenarco et acheter de l'h\u00e9ro\u00efne afghane en ligne. Nous avons de l'h\u00e9ro\u00efne afghane \u00e0 vendre ici. Rencontrez-nous en ligne et passez votre commande d\u00e8s aujourd'hui !","og_url":"https:\/\/poudresdenarco.com\/it\/prodotto\/afghan-eroina\/","og_site_name":"Poudresde Narco","article_modified_time":"2025-06-10T03:00:51+00:00","og_image":[{"width":600,"height":600,"url":"https:\/\/poudresdenarco.com\/wp-content\/uploads\/2023\/12\/Afghan-Heroin-white.jpg","type":"image\/jpeg"}],"twitter_card":"summary_large_image","twitter_misc":{"Tempo di lettura stimato":"4 minuti"},"schema":{"@context":"https:\/\/schema.org","@graph":[{"@type":"WebPage","@id":"https:\/\/poudresdenarco.com\/produit\/heroine-afghane\/","url":"https:\/\/poudresdenarco.com\/produit\/heroine-afghane\/","name":"Acheter de l'h\u00e9ro\u00efne afghane en ligne - H\u00e9ro\u00efne afghane \u00e0 vendre","isPartOf":{"@id":"https:\/\/poudresdenarco.com\/#website"},"primaryImageOfPage":{"@id":"https:\/\/poudresdenarco.com\/produit\/heroine-afghane\/#primaryimage"},"image":{"@id":"https:\/\/poudresdenarco.com\/produit\/heroine-afghane\/#primaryimage"},"thumbnailUrl":"https:\/\/poudresdenarco.com\/wp-content\/uploads\/2023\/12\/Afghan-Heroin-white.jpg","datePublished":"2023-12-25T08:20:15+00:00","dateModified":"2025-06-10T03:00:51+00:00","description":"C'est le meilleur moment pour visiter notre boutique en ligne PoudresDenarco et acheter de l'h\u00e9ro\u00efne afghane en ligne. Nous avons de l'h\u00e9ro\u00efne afghane \u00e0 vendre ici. Rencontrez-nous en ligne et passez votre commande d\u00e8s aujourd'hui !","breadcrumb":{"@id":"https:\/\/poudresdenarco.com\/produit\/heroine-afghane\/#breadcrumb"},"inLanguage":"it-IT","potentialAction":[{"@type":"ReadAction","target":["https:\/\/poudresdenarco.com\/produit\/heroine-afghane\/"]}]},{"@type":"ImageObject","inLanguage":"it-IT","@id":"https:\/\/poudresdenarco.com\/produit\/heroine-afghane\/#primaryimage","url":"https:\/\/poudresdenarco.com\/wp-content\/uploads\/2023\/12\/Afghan-Heroin-white.jpg","contentUrl":"https:\/\/poudresdenarco.com\/wp-content\/uploads\/2023\/12\/Afghan-Heroin-white.jpg","width":600,"height":600,"caption":"Afghan-Heroin-white"},{"@type":"BreadcrumbList","@id":"https:\/\/poudresdenarco.com\/produit\/heroine-afghane\/#breadcrumb","itemListElement":[{"@type":"ListItem","position":1,"name":"Home","item":"https:\/\/poudresdenarco.com\/"},{"@type":"ListItem","position":2,"name":"Boutique","item":"https:\/\/poudresdenarco.com\/boutique\/"},{"@type":"ListItem","position":3,"name":"H\u00e9ro\u00efne afghane"}]},{"@type":"WebSite","@id":"https:\/\/poudresdenarco.com\/#website","url":"https:\/\/poudresdenarco.com\/","name":"Poudresde Narco","description":"Acheter de la coca\u00efne et de l&#039;h\u00e9ro\u00efne en ligne","potentialAction":[{"@type":"SearchAction","target":{"@type":"EntryPoint","urlTemplate":"https:\/\/poudresdenarco.com\/?s={search_term_string}"},"query-input":{"@type":"PropertyValueSpecification","valueRequired":true,"valueName":"search_term_string"}}],"inLanguage":"it-IT"}]}},"_links":{"self":[{"href":"https:\/\/poudresdenarco.com\/it\/wp-json\/wp\/v2\/product\/103","targetHints":{"allow":["GET"]}}],"collection":[{"href":"https:\/\/poudresdenarco.com\/it\/wp-json\/wp\/v2\/product"}],"about":[{"href":"https:\/\/poudresdenarco.com\/it\/wp-json\/wp\/v2\/types\/product"}],"replies":[{"embeddable":true,"href":"https:\/\/poudresdenarco.com\/it\/wp-json\/wp\/v2\/comments?post=103"}],"wp:featuredmedia":[{"embeddable":true,"href":"https:\/\/poudresdenarco.com\/it\/wp-json\/wp\/v2\/media\/251"}],"wp:attachment":[{"href":"https:\/\/poudresdenarco.com\/it\/wp-json\/wp\/v2\/media?parent=103"}],"wp:term":[{"taxonomy":"product_cat","embeddable":true,"href":"https:\/\/poudresdenarco.com\/it\/wp-json\/wp\/v2\/product_cat?post=103"},{"taxonomy":"product_tag","embeddable":true,"href":"https:\/\/poudresdenarco.com\/it\/wp-json\/wp\/v2\/product_tag?post=103"}],"curies":[{"name":"wp","href":"https:\/\/api.w.org\/{rel}","templated":true}]}}