{"id":105,"date":"2023-12-25T08:20:19","date_gmt":"2023-12-25T08:20:19","guid":{"rendered":"https:\/\/unkrautmarkt.com\/narco1\/?post_type=product&#038;p=105"},"modified":"2025-10-04T22:38:03","modified_gmt":"2025-10-04T22:38:03","slug":"heroine-brute","status":"publish","type":"product","link":"https:\/\/poudresdenarco.com\/it\/prodotto\/non-tagliato-eroina\/","title":{"rendered":"Eroina grezza"},"content":{"rendered":"<h2><span style=\"vertical-align: inherit;\"><span style=\"vertical-align: inherit;\">Comprare eroina non tagliata online<\/span><\/span><\/h2>\n<p>PER OTTENERE <a href=\"https:\/\/en.wikipedia.org\/wiki\/Heroin\"><strong>L<\/strong><\/a>EROINA NON TAGLIATA ONLINE PER UNA QUALIT\u00c0 E UNA CONVENIENZA OTTIMALI<\/p>\n<p>Vi diamo il benvenuto sul nostro sito affidabile, dove forniamo eroina non tagliata di altissima qualit\u00e0 al prezzo pi\u00f9 basso possibile. Siete nel posto giusto se state cercando eroina grezza di alta qualit\u00e0. Solo con noi potete ottenere eroina grezza online. Siamo un rivenditore online di fiducia che offre eroina non tagliata a buon mercato disponibile per l'acquisto nel Regno Unito e in altri paesi. Ci riforniamo dai fornitori pi\u00f9 affidabili e garantiamo la qualit\u00e0 e la purezza di ogni nostro prodotto.<\/p>\n<h3><span style=\"vertical-align: inherit;\"><span style=\"vertical-align: inherit;\">Vantaggi dell'eroina non tagliata<\/span><\/span><\/h3>\n<p><span style=\"vertical-align: inherit;\"><span style=\"vertical-align: inherit;\">Per ottenere un effetto superiore, acquistate eroina non tagliata. L'eroina non tagliata \u00e8 pi\u00f9 potente e pi\u00f9 pura delle altre variet\u00e0, il che significa che si ottengono effetti superiori e pi\u00f9 duraturi. \u00c8 anche adattabile. Inoltre, pu\u00f2 essere personalizzata in base alle specifiche dell'utente, consentendogli di creare cocktail che gli permettono di avere un maggiore controllo sulla potenza e sulla qualit\u00e0 della droga. \u00c8 anche pi\u00f9 sicuro usare eroina grezza acquistata online in un ambiente controllato. Il rischio di overdose \u00e8 minore perch\u00e9 l'eroina \u00e8 pi\u00f9 forte. Inoltre, rispetto ad altre forme di eroina, l'eroina grezza ha un minore potenziale di dipendenza e di effetti negativi. Alcuni utenti hanno persino affermato che \u00e8 pi\u00f9 facile trovare eroina grezza pura e forte a un prezzo incredibile.<\/span><\/span><\/p>\n<h3><span style=\"vertical-align: inherit;\"><span style=\"vertical-align: inherit;\">Perch\u00e9 scegliere la nostra eroina senza censure?<\/span><\/span><\/h3>\n<p><span style=\"vertical-align: inherit;\"><span style=\"vertical-align: inherit;\">Potete essere certi di ottenere il prodotto migliore quando acquistate eroina grezza dal nostro negozio online. Per garantire che i nostri clienti ricevano solo l'eroina grezza pi\u00f9 pura e potente disponibile, lavoriamo con i fornitori pi\u00f9 affidabili. Testiamo accuratamente tutti i nostri prodotti per garantire che soddisfino i nostri rigorosi standard di purezza e qualit\u00e0.<\/span><\/span><\/p>\n<p><span style=\"vertical-align: inherit;\"><span style=\"vertical-align: inherit;\">Siete nel posto giusto se state cercando di acquistare eroina non tagliata online. Distribuiamo i nostri prodotti in tutto il mondo e offriamo un'esperienza di acquisto online semplice e sicura. Per proteggere la vostra privacy, confezioniamo i nostri prodotti in modo discreto e offriamo opzioni di spedizione rapide e affidabili. Possiamo consegnare l'eroina grezza direttamente a casa vostra, ovunque viviate - nel Regno Unito, negli Stati Uniti o altrove. Offriamo anche una variet\u00e0 di metodi di pagamento, tra cui Bitcoin, per garantire che l'acquisto di eroina non tagliata sia il pi\u00f9 semplice possibile.<\/span><\/span><\/p>\n<h3><span style=\"vertical-align: inherit;\"><span style=\"vertical-align: inherit;\">Acquistare eroina online \u00e8 facile e privo di preoccupazioni<\/span><\/span><\/h3>\n<p><span style=\"vertical-align: inherit;\"><span style=\"vertical-align: inherit;\">L'acquisto di eroina non tagliata online presenta diversi vantaggi. Innanzitutto \u00e8 discreto e pratico. L'eroina grezza \u00e8 disponibile per l'acquisto online e pu\u00f2 essere consegnata direttamente a casa vostra. \u00c8 inoltre possibile confrontare i prodotti e i prezzi quando si acquista online, per assicurarsi di ottenere la migliore eroina grezza al miglior prezzo possibile. Siamo molto orgogliosi di fornire l'eroina grezza della migliore qualit\u00e0 disponibile.<\/span><\/span><\/p>\n<h3><span style=\"vertical-align: inherit;\"><span style=\"vertical-align: inherit;\">Dove acquistare l'eroina grezza.<\/span><\/span><\/h3>\n<p>Non c'\u00e8 bisogno di guardare oltre il nostro negozio online per scoprire dove acquistare eroina non tagliata online. Vendiamo solo la migliore eroina grezza e spediamo i nostri prodotti in tutto il mondo. Potete acquistare con fiducia perch\u00e9 garantiamo che i nostri prodotti sono puri ed efficaci.<\/p>\n<p><em>Eroina<\/em>\u00a0\u00e8 sempre pericoloso, sia che si tratti di \"puro\" che di \"pura\".\u00a0<em>taglio<\/em>\u00a0\" ?\u00a0<em>Eroina<\/em>\u00a0\u00e8 una sostanza psicoattiva (che agisce sul cervello).<\/p>","protected":false},"excerpt":{"rendered":"<p>Acheter de l&rsquo;h\u00e9ro\u00efne non coup\u00e9e en ligne OBTENIR DE L&lsquo;H\u00c9RO\u00cfNE NON COUP\u00c9E EN LIGNE POUR UNE QUALIT\u00c9 ET UNE COMMODIT\u00c9 OPTIMALES Nous vous souhaitons la bienvenue sur notre site fiable, o\u00f9 nous fournissons de l&rsquo;h\u00e9ro\u00efne non coup\u00e9e de la plus haute qualit\u00e9 au prix le plus bas possible. Vous \u00eates au bon endroit si vous&hellip;<\/p>","protected":false},"featured_media":267,"comment_status":"open","ping_status":"closed","template":"","meta":{"_joinchat":[]},"product_cat":[17],"product_tag":[],"class_list":{"0":"post-105","1":"product","2":"type-product","3":"status-publish","4":"has-post-thumbnail","6":"product_cat-de-heroine","8":"first","9":"instock","10":"shipping-taxable","11":"purchasable","12":"product-type-variable","13":"col-xs-6 col-sm-4","14":"col-md-3 col-lg-3","15":"un-4-cols"},"yoast_head":"<!-- This site is optimized with the Yoast SEO plugin v23.8 - https:\/\/yoast.com\/wordpress\/plugins\/seo\/ -->\n<title>Acheter de l&#039;h\u00e9ro\u00efne brute en ligne - H\u00e9ro\u00efne brute \u00e0 vendre<\/title>\n<meta name=\"description\" content=\"Si vous souhaitez acheter de l&#039;h\u00e9ro\u00efne brute en ligne, notre magasin PoudresDenarco peut vous aider. Nous avons de l&#039;h\u00e9ro\u00efne brute \u00e0 vendre aux meilleurs prix ici. Passez votre commande maintenant !\" \/>\n<meta name=\"robots\" content=\"index, follow, max-snippet:-1, max-image-preview:large, max-video-preview:-1\" \/>\n<link rel=\"canonical\" href=\"https:\/\/poudresdenarco.com\/it\/prodotto\/non-tagliato-eroina\/\" \/>\n<meta property=\"og:locale\" content=\"it_IT\" \/>\n<meta property=\"og:type\" content=\"article\" \/>\n<meta property=\"og:title\" content=\"Acheter de l&#039;h\u00e9ro\u00efne brute en ligne - H\u00e9ro\u00efne brute \u00e0 vendre\" \/>\n<meta property=\"og:description\" content=\"Si vous souhaitez acheter de l&#039;h\u00e9ro\u00efne brute en ligne, notre magasin PoudresDenarco peut vous aider. Nous avons de l&#039;h\u00e9ro\u00efne brute \u00e0 vendre aux meilleurs prix ici. Passez votre commande maintenant !\" \/>\n<meta property=\"og:url\" content=\"https:\/\/poudresdenarco.com\/it\/prodotto\/non-tagliato-eroina\/\" \/>\n<meta property=\"og:site_name\" content=\"Poudresde Narco\" \/>\n<meta property=\"article:modified_time\" content=\"2025-10-04T22:38:03+00:00\" \/>\n<meta property=\"og:image\" content=\"https:\/\/poudresdenarco.com\/wp-content\/uploads\/2023\/12\/Uncut-Heroin.jpg\" \/>\n\t<meta property=\"og:image:width\" content=\"600\" \/>\n\t<meta property=\"og:image:height\" content=\"600\" \/>\n\t<meta property=\"og:image:type\" content=\"image\/jpeg\" \/>\n<meta name=\"twitter:card\" content=\"summary_large_image\" \/>\n<meta name=\"twitter:label1\" content=\"Tempo di lettura stimato\" \/>\n\t<meta name=\"twitter:data1\" content=\"3 minuti\" \/>\n<script type=\"application\/ld+json\" class=\"yoast-schema-graph\">{\"@context\":\"https:\/\/schema.org\",\"@graph\":[{\"@type\":\"WebPage\",\"@id\":\"https:\/\/poudresdenarco.com\/produit\/heroine-brute\/\",\"url\":\"https:\/\/poudresdenarco.com\/produit\/heroine-brute\/\",\"name\":\"Acheter de l'h\u00e9ro\u00efne brute en ligne - H\u00e9ro\u00efne brute \u00e0 vendre\",\"isPartOf\":{\"@id\":\"https:\/\/poudresdenarco.com\/#website\"},\"primaryImageOfPage\":{\"@id\":\"https:\/\/poudresdenarco.com\/produit\/heroine-brute\/#primaryimage\"},\"image\":{\"@id\":\"https:\/\/poudresdenarco.com\/produit\/heroine-brute\/#primaryimage\"},\"thumbnailUrl\":\"https:\/\/poudresdenarco.com\/wp-content\/uploads\/2023\/12\/Uncut-Heroin.jpg\",\"datePublished\":\"2023-12-25T08:20:19+00:00\",\"dateModified\":\"2025-10-04T22:38:03+00:00\",\"description\":\"Si vous souhaitez acheter de l'h\u00e9ro\u00efne brute en ligne, notre magasin PoudresDenarco peut vous aider. Nous avons de l'h\u00e9ro\u00efne brute \u00e0 vendre aux meilleurs prix ici. Passez votre commande maintenant !\",\"breadcrumb\":{\"@id\":\"https:\/\/poudresdenarco.com\/produit\/heroine-brute\/#breadcrumb\"},\"inLanguage\":\"it-IT\",\"potentialAction\":[{\"@type\":\"ReadAction\",\"target\":[\"https:\/\/poudresdenarco.com\/produit\/heroine-brute\/\"]}]},{\"@type\":\"ImageObject\",\"inLanguage\":\"it-IT\",\"@id\":\"https:\/\/poudresdenarco.com\/produit\/heroine-brute\/#primaryimage\",\"url\":\"https:\/\/poudresdenarco.com\/wp-content\/uploads\/2023\/12\/Uncut-Heroin.jpg\",\"contentUrl\":\"https:\/\/poudresdenarco.com\/wp-content\/uploads\/2023\/12\/Uncut-Heroin.jpg\",\"width\":600,\"height\":600,\"caption\":\"Uncut-Heroin\"},{\"@type\":\"BreadcrumbList\",\"@id\":\"https:\/\/poudresdenarco.com\/produit\/heroine-brute\/#breadcrumb\",\"itemListElement\":[{\"@type\":\"ListItem\",\"position\":1,\"name\":\"Home\",\"item\":\"https:\/\/poudresdenarco.com\/\"},{\"@type\":\"ListItem\",\"position\":2,\"name\":\"Boutique\",\"item\":\"https:\/\/poudresdenarco.com\/boutique\/\"},{\"@type\":\"ListItem\",\"position\":3,\"name\":\"H\u00e9ro\u00efne brute\"}]},{\"@type\":\"WebSite\",\"@id\":\"https:\/\/poudresdenarco.com\/#website\",\"url\":\"https:\/\/poudresdenarco.com\/\",\"name\":\"Poudresde Narco\",\"description\":\"Acheter de la coca\u00efne et de l&#039;h\u00e9ro\u00efne en ligne\",\"potentialAction\":[{\"@type\":\"SearchAction\",\"target\":{\"@type\":\"EntryPoint\",\"urlTemplate\":\"https:\/\/poudresdenarco.com\/?s={search_term_string}\"},\"query-input\":{\"@type\":\"PropertyValueSpecification\",\"valueRequired\":true,\"valueName\":\"search_term_string\"}}],\"inLanguage\":\"it-IT\"}]}<\/script>\n<!-- \/ Yoast SEO plugin. -->","yoast_head_json":{"title":"Acheter de l'h\u00e9ro\u00efne brute en ligne - H\u00e9ro\u00efne brute \u00e0 vendre","description":"Si vous souhaitez acheter de l'h\u00e9ro\u00efne brute en ligne, notre magasin PoudresDenarco peut vous aider. Nous avons de l'h\u00e9ro\u00efne brute \u00e0 vendre aux meilleurs prix ici. Passez votre commande maintenant !","robots":{"index":"index","follow":"follow","max-snippet":"max-snippet:-1","max-image-preview":"max-image-preview:large","max-video-preview":"max-video-preview:-1"},"canonical":"https:\/\/poudresdenarco.com\/it\/prodotto\/non-tagliato-eroina\/","og_locale":"it_IT","og_type":"article","og_title":"Acheter de l'h\u00e9ro\u00efne brute en ligne - H\u00e9ro\u00efne brute \u00e0 vendre","og_description":"Si vous souhaitez acheter de l'h\u00e9ro\u00efne brute en ligne, notre magasin PoudresDenarco peut vous aider. Nous avons de l'h\u00e9ro\u00efne brute \u00e0 vendre aux meilleurs prix ici. Passez votre commande maintenant !","og_url":"https:\/\/poudresdenarco.com\/it\/prodotto\/non-tagliato-eroina\/","og_site_name":"Poudresde Narco","article_modified_time":"2025-10-04T22:38:03+00:00","og_image":[{"width":600,"height":600,"url":"https:\/\/poudresdenarco.com\/wp-content\/uploads\/2023\/12\/Uncut-Heroin.jpg","type":"image\/jpeg"}],"twitter_card":"summary_large_image","twitter_misc":{"Tempo di lettura stimato":"3 minuti"},"schema":{"@context":"https:\/\/schema.org","@graph":[{"@type":"WebPage","@id":"https:\/\/poudresdenarco.com\/produit\/heroine-brute\/","url":"https:\/\/poudresdenarco.com\/produit\/heroine-brute\/","name":"Acheter de l'h\u00e9ro\u00efne brute en ligne - H\u00e9ro\u00efne brute \u00e0 vendre","isPartOf":{"@id":"https:\/\/poudresdenarco.com\/#website"},"primaryImageOfPage":{"@id":"https:\/\/poudresdenarco.com\/produit\/heroine-brute\/#primaryimage"},"image":{"@id":"https:\/\/poudresdenarco.com\/produit\/heroine-brute\/#primaryimage"},"thumbnailUrl":"https:\/\/poudresdenarco.com\/wp-content\/uploads\/2023\/12\/Uncut-Heroin.jpg","datePublished":"2023-12-25T08:20:19+00:00","dateModified":"2025-10-04T22:38:03+00:00","description":"Si vous souhaitez acheter de l'h\u00e9ro\u00efne brute en ligne, notre magasin PoudresDenarco peut vous aider. Nous avons de l'h\u00e9ro\u00efne brute \u00e0 vendre aux meilleurs prix ici. Passez votre commande maintenant !","breadcrumb":{"@id":"https:\/\/poudresdenarco.com\/produit\/heroine-brute\/#breadcrumb"},"inLanguage":"it-IT","potentialAction":[{"@type":"ReadAction","target":["https:\/\/poudresdenarco.com\/produit\/heroine-brute\/"]}]},{"@type":"ImageObject","inLanguage":"it-IT","@id":"https:\/\/poudresdenarco.com\/produit\/heroine-brute\/#primaryimage","url":"https:\/\/poudresdenarco.com\/wp-content\/uploads\/2023\/12\/Uncut-Heroin.jpg","contentUrl":"https:\/\/poudresdenarco.com\/wp-content\/uploads\/2023\/12\/Uncut-Heroin.jpg","width":600,"height":600,"caption":"Uncut-Heroin"},{"@type":"BreadcrumbList","@id":"https:\/\/poudresdenarco.com\/produit\/heroine-brute\/#breadcrumb","itemListElement":[{"@type":"ListItem","position":1,"name":"Home","item":"https:\/\/poudresdenarco.com\/"},{"@type":"ListItem","position":2,"name":"Boutique","item":"https:\/\/poudresdenarco.com\/boutique\/"},{"@type":"ListItem","position":3,"name":"H\u00e9ro\u00efne brute"}]},{"@type":"WebSite","@id":"https:\/\/poudresdenarco.com\/#website","url":"https:\/\/poudresdenarco.com\/","name":"Poudresde Narco","description":"Acheter de la coca\u00efne et de l&#039;h\u00e9ro\u00efne en ligne","potentialAction":[{"@type":"SearchAction","target":{"@type":"EntryPoint","urlTemplate":"https:\/\/poudresdenarco.com\/?s={search_term_string}"},"query-input":{"@type":"PropertyValueSpecification","valueRequired":true,"valueName":"search_term_string"}}],"inLanguage":"it-IT"}]}},"_links":{"self":[{"href":"https:\/\/poudresdenarco.com\/it\/wp-json\/wp\/v2\/product\/105","targetHints":{"allow":["GET"]}}],"collection":[{"href":"https:\/\/poudresdenarco.com\/it\/wp-json\/wp\/v2\/product"}],"about":[{"href":"https:\/\/poudresdenarco.com\/it\/wp-json\/wp\/v2\/types\/product"}],"replies":[{"embeddable":true,"href":"https:\/\/poudresdenarco.com\/it\/wp-json\/wp\/v2\/comments?post=105"}],"wp:featuredmedia":[{"embeddable":true,"href":"https:\/\/poudresdenarco.com\/it\/wp-json\/wp\/v2\/media\/267"}],"wp:attachment":[{"href":"https:\/\/poudresdenarco.com\/it\/wp-json\/wp\/v2\/media?parent=105"}],"wp:term":[{"taxonomy":"product_cat","embeddable":true,"href":"https:\/\/poudresdenarco.com\/it\/wp-json\/wp\/v2\/product_cat?post=105"},{"taxonomy":"product_tag","embeddable":true,"href":"https:\/\/poudresdenarco.com\/it\/wp-json\/wp\/v2\/product_tag?post=105"}],"curies":[{"name":"wp","href":"https:\/\/api.w.org\/{rel}","templated":true}]}}