{"id":127,"date":"2023-12-25T08:20:20","date_gmt":"2023-12-25T08:20:20","guid":{"rendered":"https:\/\/unkrautmarkt.com\/narco1\/?post_type=product&#038;p=127"},"modified":"2025-09-01T19:58:05","modified_gmt":"2025-09-01T19:58:05","slug":"acheter-de-la-methamphetamine-crystal-meth-en-ligne","status":"publish","type":"product","link":"https:\/\/poudresdenarco.com\/it\/prodotto\/comprare-metanfetamina-crystal-meth-online\/","title":{"rendered":"Acquistare metanfetamina (Crystal meth) online"},"content":{"rendered":"<h2><span style=\"vertical-align: inherit;\"><span style=\"vertical-align: inherit;\">Acquista Metanfetamina (Crystal Meth) Online<\/span><\/span><\/h2>\n<h3><span style=\"vertical-align: inherit;\"><span style=\"vertical-align: inherit;\">Cos'\u00e8 la metanfetamina?<\/span><\/span><\/h3>\n<p><span style=\"vertical-align: inherit;\"><span style=\"vertical-align: inherit;\">Stimolanti come <a href=\"https:\/\/en.wikipedia.org\/wiki\/Methamphetamine\">metanfetamina<\/a> consentono agli utenti di rimanere svegli e di svolgere attivit\u00e0 continuative riducendo al contempo la necessit\u00e0 di dormire.<\/span><\/span><\/p>\n<p><span style=\"vertical-align: inherit;\"><span style=\"vertical-align: inherit;\">Queste droghe sono prodotte sotto forma di grandi cristalli chiamati ghiaccio, pillole o polveri. Il ghiaccio, spesso noto come crystal meth, \u00e8 una sostanza comune, specialmente tra i giovani adulti e i frequentatori di feste che frequentano club e piste da ballo.<\/span><\/span><\/p>\n<h3><span style=\"vertical-align: inherit;\"><span style=\"vertical-align: inherit;\">Quale altro nome esiste per la metanfetamina (Meth)?<\/span><\/span><\/h3>\n<p><span style=\"vertical-align: inherit;\"><span style=\"vertical-align: inherit;\">manovella (soprattutto se iniettata), speed, aste, metanfetamina, metanfetamina in cristalli, gesso, ghiaccio, vetro e albero di Natale<\/span><\/span><\/p>\n<h3><span style=\"vertical-align: inherit;\"><span style=\"vertical-align: inherit;\">Metanfetamina, o \"Meth\", come viene utilizzata?<\/span><\/span><\/h3>\n<p><span style=\"vertical-align: inherit;\"><span style=\"vertical-align: inherit;\">La metanfetamina pu\u00f2 essere fumata, ingerita, inalata o iniettata per via endovenosa.<\/span><\/span><\/p>\n<h3><span style=\"vertical-align: inherit;\"><span style=\"vertical-align: inherit;\">Quale altro nome esiste per la metanfetamina (Meth)?<\/span><\/span><\/h3>\n<p><span style=\"vertical-align: inherit;\"><span style=\"vertical-align: inherit;\">Gli effetti dell'ingestione o dello sniffamento di metanfetamina, detta anche \"bumpin'\", sono estremamente potenti. Un'ondata o un lampo \u00e8 l'effetto breve ma potente e potente prodotto dalle iniezioni.<\/span><\/span><\/p>\n<p><span style=\"vertical-align: inherit;\"><span style=\"vertical-align: inherit;\">Gli utilizzatori di metanfetamina ottengono un effetto forte ed energico. Credono che la droga manterr\u00e0 il loro corpo in funzione costantemente. Tuttavia, la metanfetamina provoca gravi danni al corpo e al cervello, specialmente se usata frequentemente.<\/span><\/span><\/p>\n<p><span style=\"vertical-align: inherit;\"><span style=\"vertical-align: inherit;\">Aumento della pressione sanguigna, battito cardiaco irregolare e respirazione rapida sono effetti collaterali. Inoltre, gli utenti segnalano mal di testa, secchezza delle fauci, vampate di calore, alterazione della vista, sudorazione e vertigini. Le persone che cercano di perdere peso rapidamente usano questo farmaco come un approccio dietetico rischioso perch\u00e9 riduce o addirittura elimina frequentemente l'appetito.<\/span><\/span><\/p>\n<p><span style=\"vertical-align: inherit;\"><span style=\"vertical-align: inherit;\">Un'altra preoccupazione \u00e8 \"\u00a0<a href=\"https:\/\/poudresdenarco.com\/it\/prodotto\/comprare-metanfetamina-crystal-meth-online\/\">metanfetamina<\/a>. \u00bb I denti si rompono o cadono frequentemente a causa di malattie gengivali croniche e carie.<\/span><\/span><\/p>\n<p>&nbsp;<\/p>","protected":false},"excerpt":{"rendered":"<p>Buy Methamphetamine (Crystal Meth) Online What is methamphetamine? Stimulants like methamphetamine allow users to stay awake and engage in continuous activity while reducing the need for sleep. These drugs are produced in the form of large crystals called ice, pills or powders. Ice, often known as crystal meth, is a common substance, especially among young&hellip;<\/p>","protected":false},"featured_media":266,"comment_status":"open","ping_status":"closed","template":"","meta":{"_joinchat":[]},"product_cat":[161],"product_tag":[],"class_list":{"0":"post-127","1":"product","2":"type-product","3":"status-publish","4":"has-post-thumbnail","6":"product_cat-du-crystal-meth","8":"first","9":"instock","10":"shipping-taxable","11":"purchasable","12":"product-type-variable","13":"col-xs-6 col-sm-4","14":"col-md-3 col-lg-3","15":"un-4-cols"},"yoast_head":"<!-- This site is optimized with the Yoast SEO plugin v23.8 - https:\/\/yoast.com\/wordpress\/plugins\/seo\/ -->\n<title>Acheter de la m\u00e9thamph\u00e9tamine en ligne \u2013 Vente de m\u00e9thamph\u00e9tamine<\/title>\n<meta name=\"description\" content=\"Achetez de la m\u00e9thamph\u00e9tamine \u00e0 des prix abordables dans notre magasin PoudresDenarco. Nous vous aiderons \u00e0 acheter de la m\u00e9thamph\u00e9tamine en ligne. Acceptez votre commande et livrez-la chez vous sous peu !\" \/>\n<meta name=\"robots\" content=\"index, follow, max-snippet:-1, max-image-preview:large, max-video-preview:-1\" \/>\n<link rel=\"canonical\" href=\"https:\/\/poudresdenarco.com\/it\/prodotto\/comprare-metanfetamina-crystal-meth-online\/\" \/>\n<meta property=\"og:locale\" content=\"it_IT\" \/>\n<meta property=\"og:type\" content=\"article\" \/>\n<meta property=\"og:title\" content=\"Acheter de la m\u00e9thamph\u00e9tamine en ligne \u2013 Vente de m\u00e9thamph\u00e9tamine\" \/>\n<meta property=\"og:description\" content=\"Achetez de la m\u00e9thamph\u00e9tamine \u00e0 des prix abordables dans notre magasin PoudresDenarco. Nous vous aiderons \u00e0 acheter de la m\u00e9thamph\u00e9tamine en ligne. Acceptez votre commande et livrez-la chez vous sous peu !\" \/>\n<meta property=\"og:url\" content=\"https:\/\/poudresdenarco.com\/it\/prodotto\/comprare-metanfetamina-crystal-meth-online\/\" \/>\n<meta property=\"og:site_name\" content=\"Poudresde Narco\" \/>\n<meta property=\"article:modified_time\" content=\"2025-09-01T19:58:05+00:00\" \/>\n<meta property=\"og:image\" content=\"https:\/\/poudresdenarco.com\/wp-content\/uploads\/2023\/12\/Buy-Methamphetamine-online.jpg\" \/>\n\t<meta property=\"og:image:width\" content=\"600\" \/>\n\t<meta property=\"og:image:height\" content=\"600\" \/>\n\t<meta property=\"og:image:type\" content=\"image\/jpeg\" \/>\n<meta name=\"twitter:card\" content=\"summary_large_image\" \/>\n<meta name=\"twitter:label1\" content=\"Tempo di lettura stimato\" \/>\n\t<meta name=\"twitter:data1\" content=\"2 minuti\" \/>\n<script type=\"application\/ld+json\" class=\"yoast-schema-graph\">{\"@context\":\"https:\/\/schema.org\",\"@graph\":[{\"@type\":\"WebPage\",\"@id\":\"https:\/\/poudresdenarco.com\/produit\/acheter-de-la-methamphetamine-crystal-meth-en-ligne\/\",\"url\":\"https:\/\/poudresdenarco.com\/produit\/acheter-de-la-methamphetamine-crystal-meth-en-ligne\/\",\"name\":\"Acheter de la m\u00e9thamph\u00e9tamine en ligne \u2013 Vente de m\u00e9thamph\u00e9tamine\",\"isPartOf\":{\"@id\":\"https:\/\/poudresdenarco.com\/#website\"},\"primaryImageOfPage\":{\"@id\":\"https:\/\/poudresdenarco.com\/produit\/acheter-de-la-methamphetamine-crystal-meth-en-ligne\/#primaryimage\"},\"image\":{\"@id\":\"https:\/\/poudresdenarco.com\/produit\/acheter-de-la-methamphetamine-crystal-meth-en-ligne\/#primaryimage\"},\"thumbnailUrl\":\"https:\/\/poudresdenarco.com\/wp-content\/uploads\/2023\/12\/Buy-Methamphetamine-online.jpg\",\"datePublished\":\"2023-12-25T08:20:20+00:00\",\"dateModified\":\"2025-09-01T19:58:05+00:00\",\"description\":\"Achetez de la m\u00e9thamph\u00e9tamine \u00e0 des prix abordables dans notre magasin PoudresDenarco. Nous vous aiderons \u00e0 acheter de la m\u00e9thamph\u00e9tamine en ligne. Acceptez votre commande et livrez-la chez vous sous peu !\",\"breadcrumb\":{\"@id\":\"https:\/\/poudresdenarco.com\/produit\/acheter-de-la-methamphetamine-crystal-meth-en-ligne\/#breadcrumb\"},\"inLanguage\":\"it-IT\",\"potentialAction\":[{\"@type\":\"ReadAction\",\"target\":[\"https:\/\/poudresdenarco.com\/produit\/acheter-de-la-methamphetamine-crystal-meth-en-ligne\/\"]}]},{\"@type\":\"ImageObject\",\"inLanguage\":\"it-IT\",\"@id\":\"https:\/\/poudresdenarco.com\/produit\/acheter-de-la-methamphetamine-crystal-meth-en-ligne\/#primaryimage\",\"url\":\"https:\/\/poudresdenarco.com\/wp-content\/uploads\/2023\/12\/Buy-Methamphetamine-online.jpg\",\"contentUrl\":\"https:\/\/poudresdenarco.com\/wp-content\/uploads\/2023\/12\/Buy-Methamphetamine-online.jpg\",\"width\":600,\"height\":600,\"caption\":\"Buy-Methamphetamine-online\"},{\"@type\":\"BreadcrumbList\",\"@id\":\"https:\/\/poudresdenarco.com\/produit\/acheter-de-la-methamphetamine-crystal-meth-en-ligne\/#breadcrumb\",\"itemListElement\":[{\"@type\":\"ListItem\",\"position\":1,\"name\":\"Home\",\"item\":\"https:\/\/poudresdenarco.com\/\"},{\"@type\":\"ListItem\",\"position\":2,\"name\":\"Boutique\",\"item\":\"https:\/\/poudresdenarco.com\/boutique\/\"},{\"@type\":\"ListItem\",\"position\":3,\"name\":\"Acheter de la m\u00e9thamph\u00e9tamine (Crystal meth) en ligne\"}]},{\"@type\":\"WebSite\",\"@id\":\"https:\/\/poudresdenarco.com\/#website\",\"url\":\"https:\/\/poudresdenarco.com\/\",\"name\":\"Poudresde Narco\",\"description\":\"Acheter de la coca\u00efne et de l&#039;h\u00e9ro\u00efne en ligne\",\"potentialAction\":[{\"@type\":\"SearchAction\",\"target\":{\"@type\":\"EntryPoint\",\"urlTemplate\":\"https:\/\/poudresdenarco.com\/?s={search_term_string}\"},\"query-input\":{\"@type\":\"PropertyValueSpecification\",\"valueRequired\":true,\"valueName\":\"search_term_string\"}}],\"inLanguage\":\"it-IT\"}]}<\/script>\n<!-- \/ Yoast SEO plugin. -->","yoast_head_json":{"title":"Acheter de la m\u00e9thamph\u00e9tamine en ligne \u2013 Vente de m\u00e9thamph\u00e9tamine","description":"Achetez de la m\u00e9thamph\u00e9tamine \u00e0 des prix abordables dans notre magasin PoudresDenarco. Nous vous aiderons \u00e0 acheter de la m\u00e9thamph\u00e9tamine en ligne. Acceptez votre commande et livrez-la chez vous sous peu !","robots":{"index":"index","follow":"follow","max-snippet":"max-snippet:-1","max-image-preview":"max-image-preview:large","max-video-preview":"max-video-preview:-1"},"canonical":"https:\/\/poudresdenarco.com\/it\/prodotto\/comprare-metanfetamina-crystal-meth-online\/","og_locale":"it_IT","og_type":"article","og_title":"Acheter de la m\u00e9thamph\u00e9tamine en ligne \u2013 Vente de m\u00e9thamph\u00e9tamine","og_description":"Achetez de la m\u00e9thamph\u00e9tamine \u00e0 des prix abordables dans notre magasin PoudresDenarco. Nous vous aiderons \u00e0 acheter de la m\u00e9thamph\u00e9tamine en ligne. Acceptez votre commande et livrez-la chez vous sous peu !","og_url":"https:\/\/poudresdenarco.com\/it\/prodotto\/comprare-metanfetamina-crystal-meth-online\/","og_site_name":"Poudresde Narco","article_modified_time":"2025-09-01T19:58:05+00:00","og_image":[{"width":600,"height":600,"url":"https:\/\/poudresdenarco.com\/wp-content\/uploads\/2023\/12\/Buy-Methamphetamine-online.jpg","type":"image\/jpeg"}],"twitter_card":"summary_large_image","twitter_misc":{"Tempo di lettura stimato":"2 minuti"},"schema":{"@context":"https:\/\/schema.org","@graph":[{"@type":"WebPage","@id":"https:\/\/poudresdenarco.com\/produit\/acheter-de-la-methamphetamine-crystal-meth-en-ligne\/","url":"https:\/\/poudresdenarco.com\/produit\/acheter-de-la-methamphetamine-crystal-meth-en-ligne\/","name":"Acheter de la m\u00e9thamph\u00e9tamine en ligne \u2013 Vente de m\u00e9thamph\u00e9tamine","isPartOf":{"@id":"https:\/\/poudresdenarco.com\/#website"},"primaryImageOfPage":{"@id":"https:\/\/poudresdenarco.com\/produit\/acheter-de-la-methamphetamine-crystal-meth-en-ligne\/#primaryimage"},"image":{"@id":"https:\/\/poudresdenarco.com\/produit\/acheter-de-la-methamphetamine-crystal-meth-en-ligne\/#primaryimage"},"thumbnailUrl":"https:\/\/poudresdenarco.com\/wp-content\/uploads\/2023\/12\/Buy-Methamphetamine-online.jpg","datePublished":"2023-12-25T08:20:20+00:00","dateModified":"2025-09-01T19:58:05+00:00","description":"Achetez de la m\u00e9thamph\u00e9tamine \u00e0 des prix abordables dans notre magasin PoudresDenarco. Nous vous aiderons \u00e0 acheter de la m\u00e9thamph\u00e9tamine en ligne. Acceptez votre commande et livrez-la chez vous sous peu !","breadcrumb":{"@id":"https:\/\/poudresdenarco.com\/produit\/acheter-de-la-methamphetamine-crystal-meth-en-ligne\/#breadcrumb"},"inLanguage":"it-IT","potentialAction":[{"@type":"ReadAction","target":["https:\/\/poudresdenarco.com\/produit\/acheter-de-la-methamphetamine-crystal-meth-en-ligne\/"]}]},{"@type":"ImageObject","inLanguage":"it-IT","@id":"https:\/\/poudresdenarco.com\/produit\/acheter-de-la-methamphetamine-crystal-meth-en-ligne\/#primaryimage","url":"https:\/\/poudresdenarco.com\/wp-content\/uploads\/2023\/12\/Buy-Methamphetamine-online.jpg","contentUrl":"https:\/\/poudresdenarco.com\/wp-content\/uploads\/2023\/12\/Buy-Methamphetamine-online.jpg","width":600,"height":600,"caption":"Buy-Methamphetamine-online"},{"@type":"BreadcrumbList","@id":"https:\/\/poudresdenarco.com\/produit\/acheter-de-la-methamphetamine-crystal-meth-en-ligne\/#breadcrumb","itemListElement":[{"@type":"ListItem","position":1,"name":"Home","item":"https:\/\/poudresdenarco.com\/"},{"@type":"ListItem","position":2,"name":"Boutique","item":"https:\/\/poudresdenarco.com\/boutique\/"},{"@type":"ListItem","position":3,"name":"Acheter de la m\u00e9thamph\u00e9tamine (Crystal meth) en ligne"}]},{"@type":"WebSite","@id":"https:\/\/poudresdenarco.com\/#website","url":"https:\/\/poudresdenarco.com\/","name":"Poudresde Narco","description":"Acheter de la coca\u00efne et de l&#039;h\u00e9ro\u00efne en ligne","potentialAction":[{"@type":"SearchAction","target":{"@type":"EntryPoint","urlTemplate":"https:\/\/poudresdenarco.com\/?s={search_term_string}"},"query-input":{"@type":"PropertyValueSpecification","valueRequired":true,"valueName":"search_term_string"}}],"inLanguage":"it-IT"}]}},"_links":{"self":[{"href":"https:\/\/poudresdenarco.com\/it\/wp-json\/wp\/v2\/product\/127","targetHints":{"allow":["GET"]}}],"collection":[{"href":"https:\/\/poudresdenarco.com\/it\/wp-json\/wp\/v2\/product"}],"about":[{"href":"https:\/\/poudresdenarco.com\/it\/wp-json\/wp\/v2\/types\/product"}],"replies":[{"embeddable":true,"href":"https:\/\/poudresdenarco.com\/it\/wp-json\/wp\/v2\/comments?post=127"}],"wp:featuredmedia":[{"embeddable":true,"href":"https:\/\/poudresdenarco.com\/it\/wp-json\/wp\/v2\/media\/266"}],"wp:attachment":[{"href":"https:\/\/poudresdenarco.com\/it\/wp-json\/wp\/v2\/media?parent=127"}],"wp:term":[{"taxonomy":"product_cat","embeddable":true,"href":"https:\/\/poudresdenarco.com\/it\/wp-json\/wp\/v2\/product_cat?post=127"},{"taxonomy":"product_tag","embeddable":true,"href":"https:\/\/poudresdenarco.com\/it\/wp-json\/wp\/v2\/product_tag?post=127"}],"curies":[{"name":"wp","href":"https:\/\/api.w.org\/{rel}","templated":true}]}}