{"id":137,"date":"2023-12-25T08:20:25","date_gmt":"2023-12-25T08:20:25","guid":{"rendered":"https:\/\/unkrautmarkt.com\/narco1\/?post_type=product&#038;p=137"},"modified":"2025-06-10T10:48:21","modified_gmt":"2025-06-10T10:48:21","slug":"po-anasket-1000mg-10ml","status":"publish","type":"product","link":"https:\/\/poudresdenarco.com\/it\/prodotto\/acquistare-anasket-1000mg-10ml\/","title":{"rendered":"Po Anasket 1000mg\/10ml"},"content":{"rendered":"<h2>Acquistare Anasket 1000mg\/10ml online<\/h2>\n<p>1000 mg\/10 ml anesket - Comprare anesket premium online - Anesket in vendita<\/p>\n<p>La vendita di Nesket \u00e8 uno dei compiti principali che svolgiamo qui. Per questo motivo, possiamo fornire o vendere Anesket con o senza prescrizione medica. I clienti internazionali possono acquistare Anesket online con o senza prescrizione medica. Tuttavia, questo farmaco funziona in modo simile alla ketamina. Viene utilizzato per addormentare i pazienti durante operazioni difficili. Come tale, appartiene allo stesso gruppo medico (anestetico). A causa delle sue qualit\u00e0 sedative e allucinogene, il farmaco si presenta in una fiala iniettabile incolore e molto potente. L'anesket \u00e8 ampiamente utilizzato nella maggior parte dei paesi del mondo come rilassante muscolare. Oltre alle sue potenziali applicazioni come sedativo o anestetico, questo farmaco ha dimostrato una notevole efficacia nel trattamento della sofferenza e della depressione. L'elenco \u00e8 infinito. Anesket iniezione senza ricetta, Anasket 1000mg\/10ml<\/p>\n<p>Anesket 1000 mg-10 ml Soluzione | Anesket Iniezione, OTC | Comprare generico <a href=\"https:\/\/en.wikipedia.org\/wiki\/Ketamine\">ketamina<\/a> surrettiziamente online vicino a me<\/p>\n<h3>Offrire la migliore soluzione ANESKET 1000MG-10ML \u00e8 ci\u00f2 che facciamo.<\/h3>\n<p>Abbiamo stabilito una presenza significativa in questo settore, offrendo un servizio di <a href=\"https:\/\/poudresdenarco.com\/it\/prodotto\/acquistare-anasket-1000mg-10ml\/\">ANESKET SOLUZIONE 1000MG-10ML<\/a> eccezionale.<\/p>\n<p>Un'iniezione di anestetico viene utilizzata da sola o in combinazione con altri farmaci per indurre lo stato di incoscienza prima e durante un intervento chirurgico o altre procedure mediche. Appartiene a una classe di farmaci noti come anestetici generali. Anesket 1000 mg\/10 ml legalmente. Iniezioni di ketamina disponibili per l'acquisto<\/p>\n<p>La somministrazione dell'anestesia richiede la presenza di un operatore sanitario qualificato. Durante l'intervento chirurgico, se un anestesista o un medico vi somministra Anesket, somministrate voi stessi il farmaco e monitorate attentamente i vostri progressi. Anesket 1000 mg\/10 ml.<\/p>\n<h4><strong>Comprare Po Anasket 1000mg\/10ml Alta Purezza per la Ricerca - Polveri Narcotiche<\/strong><\/h4>\n<p><strong>Polveri narcotiche<\/strong> \u00e8 il vostro fornitore di fiducia per <strong>Po Anasket 1000mg\/10ml grado di ricerca<\/strong>appositamente formulato per <strong>applicazioni scientifiche di laboratorio<\/strong>. Il nostro Po Anasket \u00e8 prodotto secondo rigorosi standard di purezza e qualit\u00e0, garantendo risultati affidabili per i ricercatori farmacologici e chimici.<\/p>\n<h3>Perch\u00e9 scegliere Po Anasket 1000mg\/10ml Narco Powders?<\/h3>\n<p>Come <strong>Fornitore di Po Anasket per la ricerca<\/strong>, <strong>Polveri narcotiche<\/strong> si impegna a fornire prodotti che soddisfano i requisiti del <strong>laboratori certificati<\/strong> :<\/p>\n<ul>\n<li><strong>Po Anasket 1000mg\/10ml ad alta purezza per laboratori<\/strong> Ogni lotto \u00e8 rigorosamente testato per garantire una purezza ottimale, indispensabile per <strong>applicazioni scientifiche di precisione<\/strong>.<\/li>\n<li><strong>Qualit\u00e0 costante e affidabile<\/strong> : Il nostro Po Anasket \u00e8 formulato per offrire prestazioni stabili, adatte alle esigenze di <strong>studi analitici e ricerca di laboratorio<\/strong>.<\/li>\n<li><strong>Ordini online sicuri<\/strong> : <strong>Polveri narcotiche<\/strong> offre un processo semplificato per<strong>acquistare Po Anasket online<\/strong>garantendo sicurezza e conformit\u00e0 ai professionisti della ricerca.<\/li>\n<\/ul>\n<h3>Applicazioni e istruzioni di sicurezza<\/h3>\n<p>Le <strong>Po Anasket per la ricerca<\/strong> da <strong>Polveri narcotiche<\/strong> \u00e8 destinato a <strong>applicazioni analitiche e studi scientifici<\/strong>. Forniamo raccomandazioni di sicurezza per garantire un uso corretto:<\/p>\n<ul>\n<li><strong>Stoccaggio sicuro<\/strong> Conservare Po Anasket in un luogo fresco e asciutto, al riparo dalla luce.<\/li>\n<li><strong>Manipolazione con precauzioni<\/strong> Utilizzare i dispositivi di protezione individuale (DPI) e lavorare in un ambiente ben ventilato per una sicurezza ottimale.<\/li>\n<li><strong>Uso strettamente riservato alla ricerca<\/strong> Questo prodotto \u00e8 destinato esclusivamente a ricercatori qualificati e laboratori certificati.<\/li>\n<\/ul>\n<h3>Ordinate Po Anasket di elevata purezza 1000mg\/10ml per i vostri studi scientifici<\/h3>\n<p>Con <strong>Polveri narcotiche<\/strong>beneficiate di <strong>fornitura affidabile di Po Anasket per applicazioni di laboratorio<\/strong>. I nostri standard di qualit\u00e0 e sicurezza rendono <strong>Polveri narcotiche<\/strong> la scelta ideale per i professionisti della ricerca. <strong>Contattateci<\/strong> per un preventivo o per saperne di pi\u00f9 sulla nostra gamma di prodotti ad alta purezza per la ricerca scientifica.<\/p>","protected":false},"excerpt":{"rendered":"<p>Acheter Anasket 1000mg\/10ml en ligne 1000 mg\/10 ml d&rsquo;anesket &#8211; Acheter anesket premium en ligne &#8211; Anesket \u00e0 vendre Nesket for Sale fait partie des principales t\u00e2ches que nous effectuons ici. Pour cette raison, nous pouvons fournir ou vendre des anesket avec ou sans script. Les clients internationaux peuvent acheter Anesket en ligne avec ou&hellip;<\/p>","protected":false},"featured_media":264,"comment_status":"open","ping_status":"closed","template":"","meta":{"_joinchat":[]},"product_cat":[174],"product_tag":[],"class_list":{"0":"post-137","1":"product","2":"type-product","3":"status-publish","4":"has-post-thumbnail","6":"product_cat-la-ketamine","8":"first","9":"instock","10":"shipping-taxable","11":"purchasable","12":"product-type-variable","13":"col-xs-6 col-sm-4","14":"col-md-3 col-lg-3","15":"un-4-cols"},"yoast_head":"<!-- This site is optimized with the Yoast SEO plugin v23.8 - https:\/\/yoast.com\/wordpress\/plugins\/seo\/ -->\n<title>Acheter Po Anasket 1000mg\/10ml en ligne - poudresdenarco.<\/title>\n<meta name=\"description\" content=\"Vous souhaitez acheter Po Anasket 1000mg\/10ml en ligne \u00e0 un prix raisonnable ? Visitez notre boutique en ligne PoudresDenarco r\u00e9put\u00e9e et obtenez Po Anasket 1000mg\/10ml en vente d\u00e8s aujourd&#039;hui. Passez commande maintenant !\" \/>\n<meta name=\"robots\" content=\"index, follow, max-snippet:-1, max-image-preview:large, max-video-preview:-1\" \/>\n<link rel=\"canonical\" href=\"https:\/\/poudresdenarco.com\/it\/prodotto\/acquistare-anasket-1000mg-10ml\/\" \/>\n<meta property=\"og:locale\" content=\"it_IT\" \/>\n<meta property=\"og:type\" content=\"article\" \/>\n<meta property=\"og:title\" content=\"Acheter Po Anasket 1000mg\/10ml en ligne - poudresdenarco.\" \/>\n<meta property=\"og:description\" content=\"Vous souhaitez acheter Po Anasket 1000mg\/10ml en ligne \u00e0 un prix raisonnable ? Visitez notre boutique en ligne PoudresDenarco r\u00e9put\u00e9e et obtenez Po Anasket 1000mg\/10ml en vente d\u00e8s aujourd&#039;hui. Passez commande maintenant !\" \/>\n<meta property=\"og:url\" content=\"https:\/\/poudresdenarco.com\/it\/prodotto\/acquistare-anasket-1000mg-10ml\/\" \/>\n<meta property=\"og:site_name\" content=\"Poudresde Narco\" \/>\n<meta property=\"article:modified_time\" content=\"2025-06-10T10:48:21+00:00\" \/>\n<meta property=\"og:image\" content=\"https:\/\/poudresdenarco.com\/wp-content\/uploads\/2023\/12\/Buy-Anesket-1000mg-10ml.jpg\" \/>\n\t<meta property=\"og:image:width\" content=\"600\" \/>\n\t<meta property=\"og:image:height\" content=\"600\" \/>\n\t<meta property=\"og:image:type\" content=\"image\/jpeg\" \/>\n<meta name=\"twitter:card\" content=\"summary_large_image\" \/>\n<meta name=\"twitter:label1\" content=\"Tempo di lettura stimato\" \/>\n\t<meta name=\"twitter:data1\" content=\"3 minuti\" \/>\n<script type=\"application\/ld+json\" class=\"yoast-schema-graph\">{\"@context\":\"https:\/\/schema.org\",\"@graph\":[{\"@type\":\"WebPage\",\"@id\":\"https:\/\/poudresdenarco.com\/produit\/po-anasket-1000mg-10ml\/\",\"url\":\"https:\/\/poudresdenarco.com\/produit\/po-anasket-1000mg-10ml\/\",\"name\":\"Acheter Po Anasket 1000mg\/10ml en ligne - poudresdenarco.\",\"isPartOf\":{\"@id\":\"https:\/\/poudresdenarco.com\/#website\"},\"primaryImageOfPage\":{\"@id\":\"https:\/\/poudresdenarco.com\/produit\/po-anasket-1000mg-10ml\/#primaryimage\"},\"image\":{\"@id\":\"https:\/\/poudresdenarco.com\/produit\/po-anasket-1000mg-10ml\/#primaryimage\"},\"thumbnailUrl\":\"https:\/\/poudresdenarco.com\/wp-content\/uploads\/2023\/12\/Buy-Anesket-1000mg-10ml.jpg\",\"datePublished\":\"2023-12-25T08:20:25+00:00\",\"dateModified\":\"2025-06-10T10:48:21+00:00\",\"description\":\"Vous souhaitez acheter Po Anasket 1000mg\/10ml en ligne \u00e0 un prix raisonnable ? Visitez notre boutique en ligne PoudresDenarco r\u00e9put\u00e9e et obtenez Po Anasket 1000mg\/10ml en vente d\u00e8s aujourd'hui. Passez commande maintenant !\",\"breadcrumb\":{\"@id\":\"https:\/\/poudresdenarco.com\/produit\/po-anasket-1000mg-10ml\/#breadcrumb\"},\"inLanguage\":\"it-IT\",\"potentialAction\":[{\"@type\":\"ReadAction\",\"target\":[\"https:\/\/poudresdenarco.com\/produit\/po-anasket-1000mg-10ml\/\"]}]},{\"@type\":\"ImageObject\",\"inLanguage\":\"it-IT\",\"@id\":\"https:\/\/poudresdenarco.com\/produit\/po-anasket-1000mg-10ml\/#primaryimage\",\"url\":\"https:\/\/poudresdenarco.com\/wp-content\/uploads\/2023\/12\/Buy-Anesket-1000mg-10ml.jpg\",\"contentUrl\":\"https:\/\/poudresdenarco.com\/wp-content\/uploads\/2023\/12\/Buy-Anesket-1000mg-10ml.jpg\",\"width\":600,\"height\":600,\"caption\":\"Buy-Anesket-1000mg-10ml\"},{\"@type\":\"BreadcrumbList\",\"@id\":\"https:\/\/poudresdenarco.com\/produit\/po-anasket-1000mg-10ml\/#breadcrumb\",\"itemListElement\":[{\"@type\":\"ListItem\",\"position\":1,\"name\":\"Home\",\"item\":\"https:\/\/poudresdenarco.com\/\"},{\"@type\":\"ListItem\",\"position\":2,\"name\":\"Boutique\",\"item\":\"https:\/\/poudresdenarco.com\/boutique\/\"},{\"@type\":\"ListItem\",\"position\":3,\"name\":\"Po Anasket 1000mg\/10ml\"}]},{\"@type\":\"WebSite\",\"@id\":\"https:\/\/poudresdenarco.com\/#website\",\"url\":\"https:\/\/poudresdenarco.com\/\",\"name\":\"Poudresde Narco\",\"description\":\"Acheter de la coca\u00efne et de l&#039;h\u00e9ro\u00efne en ligne\",\"potentialAction\":[{\"@type\":\"SearchAction\",\"target\":{\"@type\":\"EntryPoint\",\"urlTemplate\":\"https:\/\/poudresdenarco.com\/?s={search_term_string}\"},\"query-input\":{\"@type\":\"PropertyValueSpecification\",\"valueRequired\":true,\"valueName\":\"search_term_string\"}}],\"inLanguage\":\"it-IT\"}]}<\/script>\n<!-- \/ Yoast SEO plugin. -->","yoast_head_json":{"title":"Acheter Po Anasket 1000mg\/10ml en ligne - poudresdenarco.","description":"Vous souhaitez acheter Po Anasket 1000mg\/10ml en ligne \u00e0 un prix raisonnable ? Visitez notre boutique en ligne PoudresDenarco r\u00e9put\u00e9e et obtenez Po Anasket 1000mg\/10ml en vente d\u00e8s aujourd'hui. Passez commande maintenant !","robots":{"index":"index","follow":"follow","max-snippet":"max-snippet:-1","max-image-preview":"max-image-preview:large","max-video-preview":"max-video-preview:-1"},"canonical":"https:\/\/poudresdenarco.com\/it\/prodotto\/acquistare-anasket-1000mg-10ml\/","og_locale":"it_IT","og_type":"article","og_title":"Acheter Po Anasket 1000mg\/10ml en ligne - poudresdenarco.","og_description":"Vous souhaitez acheter Po Anasket 1000mg\/10ml en ligne \u00e0 un prix raisonnable ? Visitez notre boutique en ligne PoudresDenarco r\u00e9put\u00e9e et obtenez Po Anasket 1000mg\/10ml en vente d\u00e8s aujourd'hui. Passez commande maintenant !","og_url":"https:\/\/poudresdenarco.com\/it\/prodotto\/acquistare-anasket-1000mg-10ml\/","og_site_name":"Poudresde Narco","article_modified_time":"2025-06-10T10:48:21+00:00","og_image":[{"width":600,"height":600,"url":"https:\/\/poudresdenarco.com\/wp-content\/uploads\/2023\/12\/Buy-Anesket-1000mg-10ml.jpg","type":"image\/jpeg"}],"twitter_card":"summary_large_image","twitter_misc":{"Tempo di lettura stimato":"3 minuti"},"schema":{"@context":"https:\/\/schema.org","@graph":[{"@type":"WebPage","@id":"https:\/\/poudresdenarco.com\/produit\/po-anasket-1000mg-10ml\/","url":"https:\/\/poudresdenarco.com\/produit\/po-anasket-1000mg-10ml\/","name":"Acheter Po Anasket 1000mg\/10ml en ligne - poudresdenarco.","isPartOf":{"@id":"https:\/\/poudresdenarco.com\/#website"},"primaryImageOfPage":{"@id":"https:\/\/poudresdenarco.com\/produit\/po-anasket-1000mg-10ml\/#primaryimage"},"image":{"@id":"https:\/\/poudresdenarco.com\/produit\/po-anasket-1000mg-10ml\/#primaryimage"},"thumbnailUrl":"https:\/\/poudresdenarco.com\/wp-content\/uploads\/2023\/12\/Buy-Anesket-1000mg-10ml.jpg","datePublished":"2023-12-25T08:20:25+00:00","dateModified":"2025-06-10T10:48:21+00:00","description":"Vous souhaitez acheter Po Anasket 1000mg\/10ml en ligne \u00e0 un prix raisonnable ? Visitez notre boutique en ligne PoudresDenarco r\u00e9put\u00e9e et obtenez Po Anasket 1000mg\/10ml en vente d\u00e8s aujourd'hui. Passez commande maintenant !","breadcrumb":{"@id":"https:\/\/poudresdenarco.com\/produit\/po-anasket-1000mg-10ml\/#breadcrumb"},"inLanguage":"it-IT","potentialAction":[{"@type":"ReadAction","target":["https:\/\/poudresdenarco.com\/produit\/po-anasket-1000mg-10ml\/"]}]},{"@type":"ImageObject","inLanguage":"it-IT","@id":"https:\/\/poudresdenarco.com\/produit\/po-anasket-1000mg-10ml\/#primaryimage","url":"https:\/\/poudresdenarco.com\/wp-content\/uploads\/2023\/12\/Buy-Anesket-1000mg-10ml.jpg","contentUrl":"https:\/\/poudresdenarco.com\/wp-content\/uploads\/2023\/12\/Buy-Anesket-1000mg-10ml.jpg","width":600,"height":600,"caption":"Buy-Anesket-1000mg-10ml"},{"@type":"BreadcrumbList","@id":"https:\/\/poudresdenarco.com\/produit\/po-anasket-1000mg-10ml\/#breadcrumb","itemListElement":[{"@type":"ListItem","position":1,"name":"Home","item":"https:\/\/poudresdenarco.com\/"},{"@type":"ListItem","position":2,"name":"Boutique","item":"https:\/\/poudresdenarco.com\/boutique\/"},{"@type":"ListItem","position":3,"name":"Po Anasket 1000mg\/10ml"}]},{"@type":"WebSite","@id":"https:\/\/poudresdenarco.com\/#website","url":"https:\/\/poudresdenarco.com\/","name":"Poudresde Narco","description":"Acheter de la coca\u00efne et de l&#039;h\u00e9ro\u00efne en ligne","potentialAction":[{"@type":"SearchAction","target":{"@type":"EntryPoint","urlTemplate":"https:\/\/poudresdenarco.com\/?s={search_term_string}"},"query-input":{"@type":"PropertyValueSpecification","valueRequired":true,"valueName":"search_term_string"}}],"inLanguage":"it-IT"}]}},"_links":{"self":[{"href":"https:\/\/poudresdenarco.com\/it\/wp-json\/wp\/v2\/product\/137","targetHints":{"allow":["GET"]}}],"collection":[{"href":"https:\/\/poudresdenarco.com\/it\/wp-json\/wp\/v2\/product"}],"about":[{"href":"https:\/\/poudresdenarco.com\/it\/wp-json\/wp\/v2\/types\/product"}],"replies":[{"embeddable":true,"href":"https:\/\/poudresdenarco.com\/it\/wp-json\/wp\/v2\/comments?post=137"}],"wp:featuredmedia":[{"embeddable":true,"href":"https:\/\/poudresdenarco.com\/it\/wp-json\/wp\/v2\/media\/264"}],"wp:attachment":[{"href":"https:\/\/poudresdenarco.com\/it\/wp-json\/wp\/v2\/media?parent=137"}],"wp:term":[{"taxonomy":"product_cat","embeddable":true,"href":"https:\/\/poudresdenarco.com\/it\/wp-json\/wp\/v2\/product_cat?post=137"},{"taxonomy":"product_tag","embeddable":true,"href":"https:\/\/poudresdenarco.com\/it\/wp-json\/wp\/v2\/product_tag?post=137"}],"curies":[{"name":"wp","href":"https:\/\/api.w.org\/{rel}","templated":true}]}}