{"id":153,"date":"2023-12-25T08:20:26","date_gmt":"2023-12-25T08:20:26","guid":{"rendered":"https:\/\/unkrautmarkt.com\/narco1\/?post_type=product&#038;p=153"},"modified":"2025-06-08T22:07:14","modified_gmt":"2025-06-08T22:07:14","slug":"acheter-de-la-poudre-de-ketamine-anasket","status":"publish","type":"product","link":"https:\/\/poudresdenarco.com\/it\/prodotto\/comprare-ketamina-anasket-polvere\/","title":{"rendered":"Comprare ketamina in polvere Anasket"},"content":{"rendered":"<h2>Acquistare la polvere di ketamina Anasket online<\/h2>\n<h3>Comprare ketamina in polvere Anasket<\/h3>\n<p>Acquistare online Anesket Premium, 1000 mg\/10 ml. In vendita Anesket 1000 mg\/10 ml.<\/p>\n<p>Acqu\u00e9rir de l&rsquo;anesth\u00e9sique <a href=\"https:\/\/en.wikipedia.org\/wiki\/Ketamine\">ketamina<\/a> en poudre La vente d&rsquo;anesth\u00e9siques est l&rsquo;une de nos principales activit\u00e9s ici. Par cons\u00e9quent, nous fournissons ou vendons de l\u2019anesket avec ou sans ordonnance. Anesket peut \u00eatre achet\u00e9 en ligne par des clients du monde entier avec ou sans ordonnance. Cependant, ce m\u00e9dicament agit comme la k\u00e9tamine. Il est utilis\u00e9 pour endormir un patient lors d\u2019interventions difficiles. Elle rel\u00e8ve donc de la m\u00eame sp\u00e9cialit\u00e9 m\u00e9dicale que l\u2019anesth\u00e9sie.<\/p>\n<p>Il farmaco \u00e8 molto potente per le sue propriet\u00e0 sedative e allucinogene e si presenta in un flacone incolore. L'anesket \u00e8 ampiamente utilizzato come rilassante muscolare nella maggior parte dei paesi del mondo. Il farmaco viene utilizzato come sedativo o anestetico, ma pu\u00f2 anche essere molto utile nel trattamento del dolore, della depressione e di vari altri problemi. Iniezione anestetica senza ricetta<\/p>\n<p>Anesket Iniezione, senza ricetta | Anesket 1000mg-10ml Soluzione | Comprare ketamina online nascosta nelle vicinanze<\/p>\n<h3>Forniamo la massima qualit\u00e0 di ANESKET 1000MG-10ML SOLUZIONE.<\/h3>\n<p>Il nostro <a href=\"https:\/\/poudresdenarco.com\/it\/prodotto\/comprare-ketamina-anasket-polvere\/\">ANESKET SOLUZIONE 1000MG-10ML<\/a> de qualit\u00e9 exceptionnelle nous a permis de nous tailler une niche unique dans cette industrie.<\/p>\n<p>L'anestesia iniettabile pu\u00f2 essere utilizzata da sola o in combinazione con altri farmaci per indurre lo stato di incoscienza prima, durante e dopo un intervento chirurgico o altre operazioni mediche. Appartiene al gruppo di farmaci noti come anestetici generali. Anestesia legale, 1000 mg\/10 ml. Iniezione di ketamina in vendita. Acquistare la polvere anestetica di ketamina.<\/p>\n<p>Gli anestetici possono essere somministrati solo da personale medico qualificato e solo sotto la loro stretta sorveglianza. Se si necessita di Anesket durante un intervento chirurgico, il medico o l'anestesista prescriver\u00e0 il farmaco e monitorer\u00e0 attentamente la guarigione. Anestetico legale, 1000 mg\/10 ml. Acquistare la polvere anestetica di ketamina.<\/p>\n<p>&nbsp;<\/p>","protected":false},"excerpt":{"rendered":"<p>Acheter de la poudre de k\u00e9tamine Anasket en ligne Acheter de la poudre de k\u00e9tamine Anasket Achetez Premium Anesket en ligne, 1000 mg\/10 ml. \u00c0 vendre est Anesket 1000 mg\/10 ml. Acqu\u00e9rir de l&rsquo;anesth\u00e9sique k\u00e9tamine en poudre La vente d&rsquo;anesth\u00e9siques est l&rsquo;une de nos principales activit\u00e9s ici. Par cons\u00e9quent, nous fournissons ou vendons de l\u2019anesket&hellip;<\/p>","protected":false},"featured_media":262,"comment_status":"open","ping_status":"closed","template":"","meta":{"_joinchat":[]},"product_cat":[174],"product_tag":[],"class_list":{"0":"post-153","1":"product","2":"type-product","3":"status-publish","4":"has-post-thumbnail","6":"product_cat-la-ketamine","8":"first","9":"instock","10":"shipping-taxable","11":"purchasable","12":"product-type-variable","13":"col-xs-6 col-sm-4","14":"col-md-3 col-lg-3","15":"un-4-cols"},"yoast_head":"<!-- This site is optimized with the Yoast SEO plugin v23.8 - https:\/\/yoast.com\/wordpress\/plugins\/seo\/ -->\n<title>Acheter de la poudre de k\u00e9tamine Anasket en ligne - Poudre de k\u00e9tamine Anasket \u00e0 vendre<\/title>\n<meta name=\"description\" content=\"Votre commande de poudre de k\u00e9tamine Anasket \u00e0 vendre est notre responsabilit\u00e9. Nous prendrons en compte votre demande d&#039;achat de poudre de k\u00e9tamine Anasket en ligne et vous r\u00e9pondrons dans les plus brefs d\u00e9lais. Passez des commandes group\u00e9es d\u00e8s maintenant !\" \/>\n<meta name=\"robots\" content=\"index, follow, max-snippet:-1, max-image-preview:large, max-video-preview:-1\" \/>\n<link rel=\"canonical\" href=\"https:\/\/poudresdenarco.com\/it\/prodotto\/comprare-ketamina-anasket-polvere\/\" \/>\n<meta property=\"og:locale\" content=\"it_IT\" \/>\n<meta property=\"og:type\" content=\"article\" \/>\n<meta property=\"og:title\" content=\"Acheter de la poudre de k\u00e9tamine Anasket en ligne - Poudre de k\u00e9tamine Anasket \u00e0 vendre\" \/>\n<meta property=\"og:description\" content=\"Votre commande de poudre de k\u00e9tamine Anasket \u00e0 vendre est notre responsabilit\u00e9. Nous prendrons en compte votre demande d&#039;achat de poudre de k\u00e9tamine Anasket en ligne et vous r\u00e9pondrons dans les plus brefs d\u00e9lais. Passez des commandes group\u00e9es d\u00e8s maintenant !\" \/>\n<meta property=\"og:url\" content=\"https:\/\/poudresdenarco.com\/it\/prodotto\/comprare-ketamina-anasket-polvere\/\" \/>\n<meta property=\"og:site_name\" content=\"Poudresde Narco\" \/>\n<meta property=\"article:modified_time\" content=\"2025-06-08T22:07:14+00:00\" \/>\n<meta property=\"og:image\" content=\"https:\/\/poudresdenarco.com\/wp-content\/uploads\/2023\/12\/Buy-Ketamine-Anasket-Powder.jpg\" \/>\n\t<meta property=\"og:image:width\" content=\"600\" \/>\n\t<meta property=\"og:image:height\" content=\"600\" \/>\n\t<meta property=\"og:image:type\" content=\"image\/jpeg\" \/>\n<meta name=\"twitter:card\" content=\"summary_large_image\" \/>\n<meta name=\"twitter:label1\" content=\"Tempo di lettura stimato\" \/>\n\t<meta name=\"twitter:data1\" content=\"2 minuti\" \/>\n<script type=\"application\/ld+json\" class=\"yoast-schema-graph\">{\"@context\":\"https:\/\/schema.org\",\"@graph\":[{\"@type\":\"WebPage\",\"@id\":\"https:\/\/poudresdenarco.com\/produit\/acheter-de-la-poudre-de-ketamine-anasket\/\",\"url\":\"https:\/\/poudresdenarco.com\/produit\/acheter-de-la-poudre-de-ketamine-anasket\/\",\"name\":\"Acheter de la poudre de k\u00e9tamine Anasket en ligne - Poudre de k\u00e9tamine Anasket \u00e0 vendre\",\"isPartOf\":{\"@id\":\"https:\/\/poudresdenarco.com\/#website\"},\"primaryImageOfPage\":{\"@id\":\"https:\/\/poudresdenarco.com\/produit\/acheter-de-la-poudre-de-ketamine-anasket\/#primaryimage\"},\"image\":{\"@id\":\"https:\/\/poudresdenarco.com\/produit\/acheter-de-la-poudre-de-ketamine-anasket\/#primaryimage\"},\"thumbnailUrl\":\"https:\/\/poudresdenarco.com\/wp-content\/uploads\/2023\/12\/Buy-Ketamine-Anasket-Powder.jpg\",\"datePublished\":\"2023-12-25T08:20:26+00:00\",\"dateModified\":\"2025-06-08T22:07:14+00:00\",\"description\":\"Votre commande de poudre de k\u00e9tamine Anasket \u00e0 vendre est notre responsabilit\u00e9. Nous prendrons en compte votre demande d'achat de poudre de k\u00e9tamine Anasket en ligne et vous r\u00e9pondrons dans les plus brefs d\u00e9lais. Passez des commandes group\u00e9es d\u00e8s maintenant !\",\"breadcrumb\":{\"@id\":\"https:\/\/poudresdenarco.com\/produit\/acheter-de-la-poudre-de-ketamine-anasket\/#breadcrumb\"},\"inLanguage\":\"it-IT\",\"potentialAction\":[{\"@type\":\"ReadAction\",\"target\":[\"https:\/\/poudresdenarco.com\/produit\/acheter-de-la-poudre-de-ketamine-anasket\/\"]}]},{\"@type\":\"ImageObject\",\"inLanguage\":\"it-IT\",\"@id\":\"https:\/\/poudresdenarco.com\/produit\/acheter-de-la-poudre-de-ketamine-anasket\/#primaryimage\",\"url\":\"https:\/\/poudresdenarco.com\/wp-content\/uploads\/2023\/12\/Buy-Ketamine-Anasket-Powder.jpg\",\"contentUrl\":\"https:\/\/poudresdenarco.com\/wp-content\/uploads\/2023\/12\/Buy-Ketamine-Anasket-Powder.jpg\",\"width\":600,\"height\":600},{\"@type\":\"BreadcrumbList\",\"@id\":\"https:\/\/poudresdenarco.com\/produit\/acheter-de-la-poudre-de-ketamine-anasket\/#breadcrumb\",\"itemListElement\":[{\"@type\":\"ListItem\",\"position\":1,\"name\":\"Home\",\"item\":\"https:\/\/poudresdenarco.com\/\"},{\"@type\":\"ListItem\",\"position\":2,\"name\":\"Boutique\",\"item\":\"https:\/\/poudresdenarco.com\/boutique\/\"},{\"@type\":\"ListItem\",\"position\":3,\"name\":\"Acheter de la poudre de k\u00e9tamine Anasket\"}]},{\"@type\":\"WebSite\",\"@id\":\"https:\/\/poudresdenarco.com\/#website\",\"url\":\"https:\/\/poudresdenarco.com\/\",\"name\":\"Poudresde Narco\",\"description\":\"Acheter de la coca\u00efne et de l&#039;h\u00e9ro\u00efne en ligne\",\"potentialAction\":[{\"@type\":\"SearchAction\",\"target\":{\"@type\":\"EntryPoint\",\"urlTemplate\":\"https:\/\/poudresdenarco.com\/?s={search_term_string}\"},\"query-input\":{\"@type\":\"PropertyValueSpecification\",\"valueRequired\":true,\"valueName\":\"search_term_string\"}}],\"inLanguage\":\"it-IT\"}]}<\/script>\n<!-- \/ Yoast SEO plugin. -->","yoast_head_json":{"title":"Acheter de la poudre de k\u00e9tamine Anasket en ligne - Poudre de k\u00e9tamine Anasket \u00e0 vendre","description":"Votre commande de poudre de k\u00e9tamine Anasket \u00e0 vendre est notre responsabilit\u00e9. Nous prendrons en compte votre demande d'achat de poudre de k\u00e9tamine Anasket en ligne et vous r\u00e9pondrons dans les plus brefs d\u00e9lais. Passez des commandes group\u00e9es d\u00e8s maintenant !","robots":{"index":"index","follow":"follow","max-snippet":"max-snippet:-1","max-image-preview":"max-image-preview:large","max-video-preview":"max-video-preview:-1"},"canonical":"https:\/\/poudresdenarco.com\/it\/prodotto\/comprare-ketamina-anasket-polvere\/","og_locale":"it_IT","og_type":"article","og_title":"Acheter de la poudre de k\u00e9tamine Anasket en ligne - Poudre de k\u00e9tamine Anasket \u00e0 vendre","og_description":"Votre commande de poudre de k\u00e9tamine Anasket \u00e0 vendre est notre responsabilit\u00e9. Nous prendrons en compte votre demande d'achat de poudre de k\u00e9tamine Anasket en ligne et vous r\u00e9pondrons dans les plus brefs d\u00e9lais. Passez des commandes group\u00e9es d\u00e8s maintenant !","og_url":"https:\/\/poudresdenarco.com\/it\/prodotto\/comprare-ketamina-anasket-polvere\/","og_site_name":"Poudresde Narco","article_modified_time":"2025-06-08T22:07:14+00:00","og_image":[{"width":600,"height":600,"url":"https:\/\/poudresdenarco.com\/wp-content\/uploads\/2023\/12\/Buy-Ketamine-Anasket-Powder.jpg","type":"image\/jpeg"}],"twitter_card":"summary_large_image","twitter_misc":{"Tempo di lettura stimato":"2 minuti"},"schema":{"@context":"https:\/\/schema.org","@graph":[{"@type":"WebPage","@id":"https:\/\/poudresdenarco.com\/produit\/acheter-de-la-poudre-de-ketamine-anasket\/","url":"https:\/\/poudresdenarco.com\/produit\/acheter-de-la-poudre-de-ketamine-anasket\/","name":"Acheter de la poudre de k\u00e9tamine Anasket en ligne - Poudre de k\u00e9tamine Anasket \u00e0 vendre","isPartOf":{"@id":"https:\/\/poudresdenarco.com\/#website"},"primaryImageOfPage":{"@id":"https:\/\/poudresdenarco.com\/produit\/acheter-de-la-poudre-de-ketamine-anasket\/#primaryimage"},"image":{"@id":"https:\/\/poudresdenarco.com\/produit\/acheter-de-la-poudre-de-ketamine-anasket\/#primaryimage"},"thumbnailUrl":"https:\/\/poudresdenarco.com\/wp-content\/uploads\/2023\/12\/Buy-Ketamine-Anasket-Powder.jpg","datePublished":"2023-12-25T08:20:26+00:00","dateModified":"2025-06-08T22:07:14+00:00","description":"Votre commande de poudre de k\u00e9tamine Anasket \u00e0 vendre est notre responsabilit\u00e9. Nous prendrons en compte votre demande d'achat de poudre de k\u00e9tamine Anasket en ligne et vous r\u00e9pondrons dans les plus brefs d\u00e9lais. Passez des commandes group\u00e9es d\u00e8s maintenant !","breadcrumb":{"@id":"https:\/\/poudresdenarco.com\/produit\/acheter-de-la-poudre-de-ketamine-anasket\/#breadcrumb"},"inLanguage":"it-IT","potentialAction":[{"@type":"ReadAction","target":["https:\/\/poudresdenarco.com\/produit\/acheter-de-la-poudre-de-ketamine-anasket\/"]}]},{"@type":"ImageObject","inLanguage":"it-IT","@id":"https:\/\/poudresdenarco.com\/produit\/acheter-de-la-poudre-de-ketamine-anasket\/#primaryimage","url":"https:\/\/poudresdenarco.com\/wp-content\/uploads\/2023\/12\/Buy-Ketamine-Anasket-Powder.jpg","contentUrl":"https:\/\/poudresdenarco.com\/wp-content\/uploads\/2023\/12\/Buy-Ketamine-Anasket-Powder.jpg","width":600,"height":600},{"@type":"BreadcrumbList","@id":"https:\/\/poudresdenarco.com\/produit\/acheter-de-la-poudre-de-ketamine-anasket\/#breadcrumb","itemListElement":[{"@type":"ListItem","position":1,"name":"Home","item":"https:\/\/poudresdenarco.com\/"},{"@type":"ListItem","position":2,"name":"Boutique","item":"https:\/\/poudresdenarco.com\/boutique\/"},{"@type":"ListItem","position":3,"name":"Acheter de la poudre de k\u00e9tamine Anasket"}]},{"@type":"WebSite","@id":"https:\/\/poudresdenarco.com\/#website","url":"https:\/\/poudresdenarco.com\/","name":"Poudresde Narco","description":"Acheter de la coca\u00efne et de l&#039;h\u00e9ro\u00efne en ligne","potentialAction":[{"@type":"SearchAction","target":{"@type":"EntryPoint","urlTemplate":"https:\/\/poudresdenarco.com\/?s={search_term_string}"},"query-input":{"@type":"PropertyValueSpecification","valueRequired":true,"valueName":"search_term_string"}}],"inLanguage":"it-IT"}]}},"_links":{"self":[{"href":"https:\/\/poudresdenarco.com\/it\/wp-json\/wp\/v2\/product\/153","targetHints":{"allow":["GET"]}}],"collection":[{"href":"https:\/\/poudresdenarco.com\/it\/wp-json\/wp\/v2\/product"}],"about":[{"href":"https:\/\/poudresdenarco.com\/it\/wp-json\/wp\/v2\/types\/product"}],"replies":[{"embeddable":true,"href":"https:\/\/poudresdenarco.com\/it\/wp-json\/wp\/v2\/comments?post=153"}],"wp:featuredmedia":[{"embeddable":true,"href":"https:\/\/poudresdenarco.com\/it\/wp-json\/wp\/v2\/media\/262"}],"wp:attachment":[{"href":"https:\/\/poudresdenarco.com\/it\/wp-json\/wp\/v2\/media?parent=153"}],"wp:term":[{"taxonomy":"product_cat","embeddable":true,"href":"https:\/\/poudresdenarco.com\/it\/wp-json\/wp\/v2\/product_cat?post=153"},{"taxonomy":"product_tag","embeddable":true,"href":"https:\/\/poudresdenarco.com\/it\/wp-json\/wp\/v2\/product_tag?post=153"}],"curies":[{"name":"wp","href":"https:\/\/api.w.org\/{rel}","templated":true}]}}