{"id":203,"date":"2023-12-25T08:20:39","date_gmt":"2023-12-25T08:20:39","guid":{"rendered":"https:\/\/unkrautmarkt.com\/narco1\/?post_type=product&#038;p=203"},"modified":"2025-06-03T18:39:36","modified_gmt":"2025-06-03T18:39:36","slug":"acheter-ketamine-rotex-50mg-1ml","status":"publish","type":"product","link":"https:\/\/poudresdenarco.com\/it\/prodotto\/acquistare-ketamine-rotex-50mg-1ml\/","title":{"rendered":"Comprare Ketamine Rotex 50mg\/1ml"},"content":{"rendered":"<h2><span style=\"vertical-align: inherit;\"><span style=\"vertical-align: inherit;\">Comprare Mission Pharma Ketamine 50mg\/1ml<\/span><\/span><\/h2>\n<h3><span style=\"vertical-align: inherit;\"><span style=\"vertical-align: inherit;\">Buy Ketamine Rotex Online<\/span><\/span><\/h3>\n<p><span style=\"vertical-align: inherit;\"><span style=\"vertical-align: inherit;\"><a href=\"https:\/\/en.wikipedia.org\/wiki\/Ketamine\">Ketamina HCL<\/a> \u00e8 un farmaco usato principalmente in anestesia. Ulteriori usi includono la sedazione in terapia intensiva e il dolore persistente.<\/span><\/span><\/p>\n<p><span style=\"vertical-align: inherit;\"><span style=\"vertical-align: inherit;\">L'effetto euforizzante causato dalla ketamina dura circa un'ora. Inizia da due a cinque minuti dopo aver fumato o ingerito la dose. Quando iniettata, si verifica circa 30 secondi dopo l'iniezione.<\/span><\/span><\/p>\n<p><span style=\"vertical-align: inherit;\"><span style=\"vertical-align: inherit;\">La travolgente sensazione di rilassamento che l'utente sperimenta inizialmente durante l'effetto \u00e8 spesso definita \"\u00a0buio a tutto corpo\". Alcuni utenti la descrivono addirittura come la sensazione di fluttuare fuori dal corpo. Molte persone sperimentano allucinazioni che durano pi\u00f9 a lungo degli effetti dell'anestesia.<\/span><\/span><\/p>\n<p><span style=\"vertical-align: inherit;\"><span style=\"vertical-align: inherit;\">Dosi pi\u00f9 elevate possono portare a effetti pi\u00f9 potenti; gli individui hanno descritto una dissociazione completa e totale dai loro corpi. Le persone che hanno avuto esperienze di pre-morte hanno descritto sensazioni simili, simili a quelle di un \u00ab\u00a0K-hole. \u00bb<\/span><\/span><\/p>\n<p><span style=\"vertical-align: inherit;\"><span style=\"vertical-align: inherit;\">Puoi <a href=\"https:\/\/poudresdenarco.com\/it\/prodotto\/acquistare-ketamine-rotex-50mg-1ml\/\">Comprare Mission Pharma Ketamine 50mg\/1ml<\/a> a basso prezzo.<\/span><\/span><\/p>","protected":false},"excerpt":{"rendered":"<p>Buy Ketamine Rotex 50mg\/1ml Online Buy Ketamine Rotex Online Ketamine HCL is a drug used primarily in anesthesia. Other applications include chronic pain and intensive care sedation. The high caused by ketamine lasts about an hour. It begins two to five minutes after smoking or ingesting the dose. When injected, it occurs about 30 seconds&hellip;<\/p>","protected":false},"featured_media":254,"comment_status":"open","ping_status":"closed","template":"","meta":{"_joinchat":[]},"product_cat":[174],"product_tag":[],"class_list":{"0":"post-203","1":"product","2":"type-product","3":"status-publish","4":"has-post-thumbnail","6":"product_cat-la-ketamine","8":"first","9":"instock","10":"shipping-taxable","11":"purchasable","12":"product-type-variable","13":"col-xs-6 col-sm-4","14":"col-md-3 col-lg-3","15":"un-4-cols"},"yoast_head":"<!-- This site is optimized with the Yoast SEO plugin v23.8 - https:\/\/yoast.com\/wordpress\/plugins\/seo\/ -->\n<title>Acheter K\u00e9tamine Rotex 50mg\/1ml en ligne - K\u00e9tamine Rotex 50mg\/1ml \u00e0 vendre<\/title>\n<meta name=\"description\" content=\"Notre boutique en ligne PoudresDenarco propose \u00e0 la vente la meilleure qualit\u00e9 de K\u00e9tamine Rotex 50 mg\/1 ml. Si vous souhaitez acheter de la K\u00e9tamine Rotex 50 mg\/1 ml en ligne, nous pouvons vous aider de toutes parts. Commandez d\u00e8s aujourd&#039;hui !\" \/>\n<meta name=\"robots\" content=\"index, follow, max-snippet:-1, max-image-preview:large, max-video-preview:-1\" \/>\n<link rel=\"canonical\" href=\"https:\/\/poudresdenarco.com\/it\/prodotto\/acquistare-ketamine-rotex-50mg-1ml\/\" \/>\n<meta property=\"og:locale\" content=\"it_IT\" \/>\n<meta property=\"og:type\" content=\"article\" \/>\n<meta property=\"og:title\" content=\"Acheter K\u00e9tamine Rotex 50mg\/1ml en ligne - K\u00e9tamine Rotex 50mg\/1ml \u00e0 vendre\" \/>\n<meta property=\"og:description\" content=\"Notre boutique en ligne PoudresDenarco propose \u00e0 la vente la meilleure qualit\u00e9 de K\u00e9tamine Rotex 50 mg\/1 ml. Si vous souhaitez acheter de la K\u00e9tamine Rotex 50 mg\/1 ml en ligne, nous pouvons vous aider de toutes parts. Commandez d\u00e8s aujourd&#039;hui !\" \/>\n<meta property=\"og:url\" content=\"https:\/\/poudresdenarco.com\/it\/prodotto\/acquistare-ketamine-rotex-50mg-1ml\/\" \/>\n<meta property=\"og:site_name\" content=\"Poudresde Narco\" \/>\n<meta property=\"article:modified_time\" content=\"2025-06-03T18:39:36+00:00\" \/>\n<meta property=\"og:image\" content=\"https:\/\/poudresdenarco.com\/wp-content\/uploads\/2023\/12\/Buy-Ketamine-Rotex-50mg-1ml.jpg\" \/>\n\t<meta property=\"og:image:width\" content=\"600\" \/>\n\t<meta property=\"og:image:height\" content=\"600\" \/>\n\t<meta property=\"og:image:type\" content=\"image\/jpeg\" \/>\n<meta name=\"twitter:card\" content=\"summary_large_image\" \/>\n<meta name=\"twitter:label1\" content=\"Tempo di lettura stimato\" \/>\n\t<meta name=\"twitter:data1\" content=\"1 minuto\" \/>\n<script type=\"application\/ld+json\" class=\"yoast-schema-graph\">{\"@context\":\"https:\/\/schema.org\",\"@graph\":[{\"@type\":\"WebPage\",\"@id\":\"https:\/\/poudresdenarco.com\/produit\/acheter-ketamine-rotex-50mg-1ml\/\",\"url\":\"https:\/\/poudresdenarco.com\/produit\/acheter-ketamine-rotex-50mg-1ml\/\",\"name\":\"Acheter K\u00e9tamine Rotex 50mg\/1ml en ligne - K\u00e9tamine Rotex 50mg\/1ml \u00e0 vendre\",\"isPartOf\":{\"@id\":\"https:\/\/poudresdenarco.com\/#website\"},\"primaryImageOfPage\":{\"@id\":\"https:\/\/poudresdenarco.com\/produit\/acheter-ketamine-rotex-50mg-1ml\/#primaryimage\"},\"image\":{\"@id\":\"https:\/\/poudresdenarco.com\/produit\/acheter-ketamine-rotex-50mg-1ml\/#primaryimage\"},\"thumbnailUrl\":\"https:\/\/poudresdenarco.com\/wp-content\/uploads\/2023\/12\/Buy-Ketamine-Rotex-50mg-1ml.jpg\",\"datePublished\":\"2023-12-25T08:20:39+00:00\",\"dateModified\":\"2025-06-03T18:39:36+00:00\",\"description\":\"Notre boutique en ligne PoudresDenarco propose \u00e0 la vente la meilleure qualit\u00e9 de K\u00e9tamine Rotex 50 mg\/1 ml. Si vous souhaitez acheter de la K\u00e9tamine Rotex 50 mg\/1 ml en ligne, nous pouvons vous aider de toutes parts. Commandez d\u00e8s aujourd'hui !\",\"breadcrumb\":{\"@id\":\"https:\/\/poudresdenarco.com\/produit\/acheter-ketamine-rotex-50mg-1ml\/#breadcrumb\"},\"inLanguage\":\"it-IT\",\"potentialAction\":[{\"@type\":\"ReadAction\",\"target\":[\"https:\/\/poudresdenarco.com\/produit\/acheter-ketamine-rotex-50mg-1ml\/\"]}]},{\"@type\":\"ImageObject\",\"inLanguage\":\"it-IT\",\"@id\":\"https:\/\/poudresdenarco.com\/produit\/acheter-ketamine-rotex-50mg-1ml\/#primaryimage\",\"url\":\"https:\/\/poudresdenarco.com\/wp-content\/uploads\/2023\/12\/Buy-Ketamine-Rotex-50mg-1ml.jpg\",\"contentUrl\":\"https:\/\/poudresdenarco.com\/wp-content\/uploads\/2023\/12\/Buy-Ketamine-Rotex-50mg-1ml.jpg\",\"width\":600,\"height\":600,\"caption\":\"Acheter-Ketamine-Rotex-50mg-1ml- en ligne\"},{\"@type\":\"BreadcrumbList\",\"@id\":\"https:\/\/poudresdenarco.com\/produit\/acheter-ketamine-rotex-50mg-1ml\/#breadcrumb\",\"itemListElement\":[{\"@type\":\"ListItem\",\"position\":1,\"name\":\"Home\",\"item\":\"https:\/\/poudresdenarco.com\/\"},{\"@type\":\"ListItem\",\"position\":2,\"name\":\"Boutique\",\"item\":\"https:\/\/poudresdenarco.com\/boutique\/\"},{\"@type\":\"ListItem\",\"position\":3,\"name\":\"Acheter K\u00e9tamine Rotex 50mg\/1ml\"}]},{\"@type\":\"WebSite\",\"@id\":\"https:\/\/poudresdenarco.com\/#website\",\"url\":\"https:\/\/poudresdenarco.com\/\",\"name\":\"Poudresde Narco\",\"description\":\"Acheter de la coca\u00efne et de l&#039;h\u00e9ro\u00efne en ligne\",\"potentialAction\":[{\"@type\":\"SearchAction\",\"target\":{\"@type\":\"EntryPoint\",\"urlTemplate\":\"https:\/\/poudresdenarco.com\/?s={search_term_string}\"},\"query-input\":{\"@type\":\"PropertyValueSpecification\",\"valueRequired\":true,\"valueName\":\"search_term_string\"}}],\"inLanguage\":\"it-IT\"}]}<\/script>\n<!-- \/ Yoast SEO plugin. -->","yoast_head_json":{"title":"Acheter K\u00e9tamine Rotex 50mg\/1ml en ligne - K\u00e9tamine Rotex 50mg\/1ml \u00e0 vendre","description":"Notre boutique en ligne PoudresDenarco propose \u00e0 la vente la meilleure qualit\u00e9 de K\u00e9tamine Rotex 50 mg\/1 ml. Si vous souhaitez acheter de la K\u00e9tamine Rotex 50 mg\/1 ml en ligne, nous pouvons vous aider de toutes parts. Commandez d\u00e8s aujourd'hui !","robots":{"index":"index","follow":"follow","max-snippet":"max-snippet:-1","max-image-preview":"max-image-preview:large","max-video-preview":"max-video-preview:-1"},"canonical":"https:\/\/poudresdenarco.com\/it\/prodotto\/acquistare-ketamine-rotex-50mg-1ml\/","og_locale":"it_IT","og_type":"article","og_title":"Acheter K\u00e9tamine Rotex 50mg\/1ml en ligne - K\u00e9tamine Rotex 50mg\/1ml \u00e0 vendre","og_description":"Notre boutique en ligne PoudresDenarco propose \u00e0 la vente la meilleure qualit\u00e9 de K\u00e9tamine Rotex 50 mg\/1 ml. Si vous souhaitez acheter de la K\u00e9tamine Rotex 50 mg\/1 ml en ligne, nous pouvons vous aider de toutes parts. Commandez d\u00e8s aujourd'hui !","og_url":"https:\/\/poudresdenarco.com\/it\/prodotto\/acquistare-ketamine-rotex-50mg-1ml\/","og_site_name":"Poudresde Narco","article_modified_time":"2025-06-03T18:39:36+00:00","og_image":[{"width":600,"height":600,"url":"https:\/\/poudresdenarco.com\/wp-content\/uploads\/2023\/12\/Buy-Ketamine-Rotex-50mg-1ml.jpg","type":"image\/jpeg"}],"twitter_card":"summary_large_image","twitter_misc":{"Tempo di lettura stimato":"1 minuto"},"schema":{"@context":"https:\/\/schema.org","@graph":[{"@type":"WebPage","@id":"https:\/\/poudresdenarco.com\/produit\/acheter-ketamine-rotex-50mg-1ml\/","url":"https:\/\/poudresdenarco.com\/produit\/acheter-ketamine-rotex-50mg-1ml\/","name":"Acheter K\u00e9tamine Rotex 50mg\/1ml en ligne - K\u00e9tamine Rotex 50mg\/1ml \u00e0 vendre","isPartOf":{"@id":"https:\/\/poudresdenarco.com\/#website"},"primaryImageOfPage":{"@id":"https:\/\/poudresdenarco.com\/produit\/acheter-ketamine-rotex-50mg-1ml\/#primaryimage"},"image":{"@id":"https:\/\/poudresdenarco.com\/produit\/acheter-ketamine-rotex-50mg-1ml\/#primaryimage"},"thumbnailUrl":"https:\/\/poudresdenarco.com\/wp-content\/uploads\/2023\/12\/Buy-Ketamine-Rotex-50mg-1ml.jpg","datePublished":"2023-12-25T08:20:39+00:00","dateModified":"2025-06-03T18:39:36+00:00","description":"Notre boutique en ligne PoudresDenarco propose \u00e0 la vente la meilleure qualit\u00e9 de K\u00e9tamine Rotex 50 mg\/1 ml. Si vous souhaitez acheter de la K\u00e9tamine Rotex 50 mg\/1 ml en ligne, nous pouvons vous aider de toutes parts. Commandez d\u00e8s aujourd'hui !","breadcrumb":{"@id":"https:\/\/poudresdenarco.com\/produit\/acheter-ketamine-rotex-50mg-1ml\/#breadcrumb"},"inLanguage":"it-IT","potentialAction":[{"@type":"ReadAction","target":["https:\/\/poudresdenarco.com\/produit\/acheter-ketamine-rotex-50mg-1ml\/"]}]},{"@type":"ImageObject","inLanguage":"it-IT","@id":"https:\/\/poudresdenarco.com\/produit\/acheter-ketamine-rotex-50mg-1ml\/#primaryimage","url":"https:\/\/poudresdenarco.com\/wp-content\/uploads\/2023\/12\/Buy-Ketamine-Rotex-50mg-1ml.jpg","contentUrl":"https:\/\/poudresdenarco.com\/wp-content\/uploads\/2023\/12\/Buy-Ketamine-Rotex-50mg-1ml.jpg","width":600,"height":600,"caption":"Acheter-Ketamine-Rotex-50mg-1ml- en ligne"},{"@type":"BreadcrumbList","@id":"https:\/\/poudresdenarco.com\/produit\/acheter-ketamine-rotex-50mg-1ml\/#breadcrumb","itemListElement":[{"@type":"ListItem","position":1,"name":"Home","item":"https:\/\/poudresdenarco.com\/"},{"@type":"ListItem","position":2,"name":"Boutique","item":"https:\/\/poudresdenarco.com\/boutique\/"},{"@type":"ListItem","position":3,"name":"Acheter K\u00e9tamine Rotex 50mg\/1ml"}]},{"@type":"WebSite","@id":"https:\/\/poudresdenarco.com\/#website","url":"https:\/\/poudresdenarco.com\/","name":"Poudresde Narco","description":"Acheter de la coca\u00efne et de l&#039;h\u00e9ro\u00efne en ligne","potentialAction":[{"@type":"SearchAction","target":{"@type":"EntryPoint","urlTemplate":"https:\/\/poudresdenarco.com\/?s={search_term_string}"},"query-input":{"@type":"PropertyValueSpecification","valueRequired":true,"valueName":"search_term_string"}}],"inLanguage":"it-IT"}]}},"_links":{"self":[{"href":"https:\/\/poudresdenarco.com\/it\/wp-json\/wp\/v2\/product\/203","targetHints":{"allow":["GET"]}}],"collection":[{"href":"https:\/\/poudresdenarco.com\/it\/wp-json\/wp\/v2\/product"}],"about":[{"href":"https:\/\/poudresdenarco.com\/it\/wp-json\/wp\/v2\/types\/product"}],"replies":[{"embeddable":true,"href":"https:\/\/poudresdenarco.com\/it\/wp-json\/wp\/v2\/comments?post=203"}],"wp:featuredmedia":[{"embeddable":true,"href":"https:\/\/poudresdenarco.com\/it\/wp-json\/wp\/v2\/media\/254"}],"wp:attachment":[{"href":"https:\/\/poudresdenarco.com\/it\/wp-json\/wp\/v2\/media?parent=203"}],"wp:term":[{"taxonomy":"product_cat","embeddable":true,"href":"https:\/\/poudresdenarco.com\/it\/wp-json\/wp\/v2\/product_cat?post=203"},{"taxonomy":"product_tag","embeddable":true,"href":"https:\/\/poudresdenarco.com\/it\/wp-json\/wp\/v2\/product_tag?post=203"}],"curies":[{"name":"wp","href":"https:\/\/api.w.org\/{rel}","templated":true}]}}