{"id":38,"date":"2023-12-25T08:20:02","date_gmt":"2023-12-25T08:20:02","guid":{"rendered":"https:\/\/unkrautmarkt.com\/narco1\/?post_type=product&#038;p=38"},"modified":"2025-06-09T02:36:47","modified_gmt":"2025-06-09T02:36:47","slug":"bolivie-cocaine","status":"publish","type":"product","link":"https:\/\/poudresdenarco.com\/it\/prodotto\/bolivia-cocaina\/","title":{"rendered":"Bolivia Cocaina"},"content":{"rendered":"<h2><span style=\"vertical-align: inherit;\"><span style=\"vertical-align: inherit;\">Comprare cocaina boliviana online<\/span><\/span><\/h2>\n<p><a href=\"https:\/\/poudresdenarco.com\/it\/prodotto\/bolivia-cocaina\/\"><span style=\"vertical-align: inherit;\"><span style=\"vertical-align: inherit;\">Acquistare cocaina dalla Bolivia online<\/span><\/span><\/a><span style=\"vertical-align: inherit;\"><span style=\"vertical-align: inherit;\"> . I clienti che cercano di acquistare cocaina, metanfetamina in vendita online o crack online usano spesso i termini \"comprare cocaina boliviana online\", \"comprare crack online\" o \"comprare metanfetamina online\". Il negozio online di cocaina boliviana \u00e8 uno dei migliori e principali fornitori di prodotti di cocaina di alta qualit\u00e0 provenienti dalla Bolivia. Uno dei migliori e pi\u00f9 puri tipi di cocaina disponibili \u00e8 la cocaina boliviana, che pu\u00f2 avere una purezza fino a 98% se lavorata correttamente. Tuttavia, \u00e8 piuttosto limitata nella maggior parte dei Paesi, rendendo difficile l'accesso ai clienti. Per questo motivo, abbiamo deciso di iniziare a vendere i rifornimenti online.<\/span><\/span><\/p>\n<p><span style=\"vertical-align: inherit;\"><span style=\"vertical-align: inherit;\">Siamo qui per semplificarvi le cose. Potete acquistare in modo semplice, segreto e veloce una piccola quantit\u00e0 di <\/span><\/span><a href=\"https:\/\/en.wikipedia.org\/wiki\/Agwa_de_Bolivia\"><span style=\"vertical-align: inherit;\"><span style=\"vertical-align: inherit;\">Cocaina boliviana<\/span><\/span><\/a><span style=\"vertical-align: inherit;\"><span style=\"vertical-align: inherit;\"> , crack, pasta di coca o cocaina pura in polvere a prezzi ragionevoli. Possiamo anche organizzare una consegna discreta di cocaina direttamente a casa vostra o nella cassetta della posta.<\/span><\/span><\/p>\n<p><span style=\"vertical-align: inherit;\"><span style=\"vertical-align: inherit;\">Per accedere ai nostri servizi, \u00e8 sufficiente effettuare un ordine attraverso il nostro negozio online e pagare in bitcoin. Saremo a vostra disposizione ogni volta che ne avrete bisogno. Offriamo un'assistenza clienti 24 ore su 24 per aiutarvi a risolvere qualsiasi problema riscontrato durante l'utilizzo del nostro sito web example.com.<\/span><\/span><\/p>\n<p><span style=\"vertical-align: inherit;\"><span style=\"vertical-align: inherit;\">Abbiamo scelto di accettare solo metodi di pagamento discreti (criptovalute come i bitcoin) a causa della difficolt\u00e0 di consegnare la cocaina nella maggior parte dei Paesi. Il Bitcoin \u00e8 veloce, discreto, affidabile e sicuro. Questo lo rende il metodo di pagamento ideale per le transazioni su Internet. Prima di effettuare un ordine, assicuratevi di disporre di bitcoin nel vostro conto portafoglio. Se non riuscite a ottenere bitcoin, contattateci attraverso il nostro sistema di assistenza e vi forniremo altre opzioni di pagamento.<\/span><\/span><\/p>\n<p><span style=\"vertical-align: inherit;\"><span style=\"vertical-align: inherit;\">In altre situazioni, accettiamo Apple Pay, Cash App, E-Transfer e ChimeP2PChime. I clienti che riescono a pagare con i bitcoin beneficeranno di sconti; in concreto, riceveranno un grammo in pi\u00f9 del prodotto scelto.<\/span><\/span><\/p>\n<h3><span style=\"vertical-align: inherit;\"><span style=\"vertical-align: inherit;\">Dove posso acquistare online metanfetamina o cocaina boliviana?<\/span><\/span><\/h3>\n<p><span style=\"vertical-align: inherit;\"><span style=\"vertical-align: inherit;\">Nei Paesi del Sud America in cui il consumo di cocaina \u00e8 legale, la cocaina boliviana, il crack e altri prodotti correlati alla cocaina sono ampiamente disponibili. Sebbene sia severamente vietato consumare o importare questo prodotto in altri Paesi come gli Stati Uniti, l'Australia, il Canada e cos\u00ec via, \u00e8 comunque possibile acquistare crack online in modo sicuro da vari distributori e rivenditori in Bolivia. La cosa pi\u00f9 importante da ricordare \u00e8 che potete acquistare qualsiasi cosa da questo sito a vostro piacimento e senza dovervi preoccupare di perdere denaro o di finire nei guai. Tutto ci\u00f2 che dovete fare \u00e8 andare alla pagina del negozio, selezionare l'articolo desiderato e aggiungerlo al carrello.<\/span><\/span><\/p>","protected":false},"excerpt":{"rendered":"<p>Buy Bolivian Cocaine Online Buy Cocaine from Bolivia Online . Customers looking to buy cocaine, crystal meth for sale online or crack online frequently use the terms \u201cbuy Bolivian cocaine online\u201d, \u201cbuy crack online\u201d or \u201cbuy meth online\u201d. Bolivian Cocaine Online Store is one of the best and leading suppliers of high quality cocaine products&hellip;<\/p>","protected":false},"featured_media":274,"comment_status":"open","ping_status":"closed","template":"","meta":{"_joinchat":[]},"product_cat":[66],"product_tag":[339,341,340,338,333,342,345,335,337,344,343,334,348,347,336,346],"class_list":{"0":"post-38","1":"product","2":"type-product","3":"status-publish","4":"has-post-thumbnail","6":"product_cat-de-la-cocaine","7":"product_tag-acheter-de-la-cocaine-de-bolivie-en-ligne","8":"product_tag-acheter-de-la-cocaine-de-bolivie-en-ligne-aux-etats-unis","9":"product_tag-acheter-de-la-cocaine-de-bolivie-en-ligne-pres-de-chez-moi","10":"product_tag-acheter-de-la-cocaine-de-bolivie-legalement","11":"product_tag-avantages-de-la-cocaine-de-bolivie","12":"product_tag-bolivie-pas-cher-cocaine","13":"product_tag-cocaine-bolivienne-legitime-en-ligne","14":"product_tag-cocaine-de-bolivie-a-vendre","15":"product_tag-cocaine-de-bolivie-en-gros","16":"product_tag-comment-commander-de-la-cocaine-bolivienne","17":"product_tag-comment-puis-je-obtenir-la-meilleure-cocaine-bolivienne","18":"product_tag-meilleur-endroit-pour-commander-de-la-cocaine-de-bolivie","19":"product_tag-ou-acheter-de-la-cocaine-bolivienne","20":"product_tag-ou-puis-je-acheter-de-la-cocaine-bolivienne","21":"product_tag-prix-de-la-cocaine-de-bolivie","22":"product_tag-quest-ce-que-la-cocaine-bolivienne","24":"first","25":"instock","26":"shipping-taxable","27":"purchasable","28":"product-type-variable","29":"col-xs-6 col-sm-4","30":"col-md-3 col-lg-3","31":"un-4-cols"},"yoast_head":"<!-- This site is optimized with the Yoast SEO plugin v23.8 - https:\/\/yoast.com\/wordpress\/plugins\/seo\/ -->\n<title>Buy Bolivie Coca\u00efne Online - Bolivie Coca\u00efne for Sale Online<\/title>\n<meta name=\"description\" content=\"Vous cherchez de la Coca\u00efne Bolivie en vente en ligne ? PoudresDenarco est un magasin leader o\u00f9 vous pouvez acheter de la Coca\u00efne Bolivie en ligne au meilleur prix. Commandez maintenant avec une exp\u00e9dition discr\u00e8te !\" \/>\n<meta name=\"robots\" content=\"index, follow, max-snippet:-1, max-image-preview:large, max-video-preview:-1\" \/>\n<link rel=\"canonical\" href=\"https:\/\/poudresdenarco.com\/it\/prodotto\/bolivia-cocaina\/\" \/>\n<meta property=\"og:locale\" content=\"it_IT\" \/>\n<meta property=\"og:type\" content=\"article\" \/>\n<meta property=\"og:title\" content=\"Buy Bolivie Coca\u00efne Online - Bolivie Coca\u00efne for Sale Online\" \/>\n<meta property=\"og:description\" content=\"Vous cherchez de la Coca\u00efne Bolivie en vente en ligne ? PoudresDenarco est un magasin leader o\u00f9 vous pouvez acheter de la Coca\u00efne Bolivie en ligne au meilleur prix. Commandez maintenant avec une exp\u00e9dition discr\u00e8te !\" \/>\n<meta property=\"og:url\" content=\"https:\/\/poudresdenarco.com\/it\/prodotto\/bolivia-cocaina\/\" \/>\n<meta property=\"og:site_name\" content=\"Poudresde Narco\" \/>\n<meta property=\"article:modified_time\" content=\"2025-06-09T02:36:47+00:00\" \/>\n<meta property=\"og:image\" content=\"https:\/\/poudresdenarco.com\/wp-content\/uploads\/2023\/12\/Bolivia-Cocaine.jpg\" \/>\n\t<meta property=\"og:image:width\" content=\"600\" \/>\n\t<meta property=\"og:image:height\" content=\"600\" \/>\n\t<meta property=\"og:image:type\" content=\"image\/jpeg\" \/>\n<meta name=\"twitter:card\" content=\"summary_large_image\" \/>\n<meta name=\"twitter:label1\" content=\"Tempo di lettura stimato\" \/>\n\t<meta name=\"twitter:data1\" content=\"3 minuti\" \/>\n<script type=\"application\/ld+json\" class=\"yoast-schema-graph\">{\"@context\":\"https:\/\/schema.org\",\"@graph\":[{\"@type\":\"WebPage\",\"@id\":\"https:\/\/poudresdenarco.com\/produit\/bolivie-cocaine\/\",\"url\":\"https:\/\/poudresdenarco.com\/produit\/bolivie-cocaine\/\",\"name\":\"Buy Bolivie Coca\u00efne Online - Bolivie Coca\u00efne for Sale Online\",\"isPartOf\":{\"@id\":\"https:\/\/poudresdenarco.com\/#website\"},\"primaryImageOfPage\":{\"@id\":\"https:\/\/poudresdenarco.com\/produit\/bolivie-cocaine\/#primaryimage\"},\"image\":{\"@id\":\"https:\/\/poudresdenarco.com\/produit\/bolivie-cocaine\/#primaryimage\"},\"thumbnailUrl\":\"https:\/\/poudresdenarco.com\/wp-content\/uploads\/2023\/12\/Bolivia-Cocaine.jpg\",\"datePublished\":\"2023-12-25T08:20:02+00:00\",\"dateModified\":\"2025-06-09T02:36:47+00:00\",\"description\":\"Vous cherchez de la Coca\u00efne Bolivie en vente en ligne ? PoudresDenarco est un magasin leader o\u00f9 vous pouvez acheter de la Coca\u00efne Bolivie en ligne au meilleur prix. Commandez maintenant avec une exp\u00e9dition discr\u00e8te !\",\"breadcrumb\":{\"@id\":\"https:\/\/poudresdenarco.com\/produit\/bolivie-cocaine\/#breadcrumb\"},\"inLanguage\":\"it-IT\",\"potentialAction\":[{\"@type\":\"ReadAction\",\"target\":[\"https:\/\/poudresdenarco.com\/produit\/bolivie-cocaine\/\"]}]},{\"@type\":\"ImageObject\",\"inLanguage\":\"it-IT\",\"@id\":\"https:\/\/poudresdenarco.com\/produit\/bolivie-cocaine\/#primaryimage\",\"url\":\"https:\/\/poudresdenarco.com\/wp-content\/uploads\/2023\/12\/Bolivia-Cocaine.jpg\",\"contentUrl\":\"https:\/\/poudresdenarco.com\/wp-content\/uploads\/2023\/12\/Bolivia-Cocaine.jpg\",\"width\":600,\"height\":600,\"caption\":\"Acheter Bolivia Cocaine en ligne\"},{\"@type\":\"BreadcrumbList\",\"@id\":\"https:\/\/poudresdenarco.com\/produit\/bolivie-cocaine\/#breadcrumb\",\"itemListElement\":[{\"@type\":\"ListItem\",\"position\":1,\"name\":\"Home\",\"item\":\"https:\/\/poudresdenarco.com\/\"},{\"@type\":\"ListItem\",\"position\":2,\"name\":\"Boutique\",\"item\":\"https:\/\/poudresdenarco.com\/boutique\/\"},{\"@type\":\"ListItem\",\"position\":3,\"name\":\"Bolivie Coca\u00efne\"}]},{\"@type\":\"WebSite\",\"@id\":\"https:\/\/poudresdenarco.com\/#website\",\"url\":\"https:\/\/poudresdenarco.com\/\",\"name\":\"Poudresde Narco\",\"description\":\"Acheter de la coca\u00efne et de l&#039;h\u00e9ro\u00efne en ligne\",\"potentialAction\":[{\"@type\":\"SearchAction\",\"target\":{\"@type\":\"EntryPoint\",\"urlTemplate\":\"https:\/\/poudresdenarco.com\/?s={search_term_string}\"},\"query-input\":{\"@type\":\"PropertyValueSpecification\",\"valueRequired\":true,\"valueName\":\"search_term_string\"}}],\"inLanguage\":\"it-IT\"}]}<\/script>\n<!-- \/ Yoast SEO plugin. -->","yoast_head_json":{"title":"Buy Bolivie Coca\u00efne Online - Bolivie Coca\u00efne for Sale Online","description":"Vous cherchez de la Coca\u00efne Bolivie en vente en ligne ? PoudresDenarco est un magasin leader o\u00f9 vous pouvez acheter de la Coca\u00efne Bolivie en ligne au meilleur prix. Commandez maintenant avec une exp\u00e9dition discr\u00e8te !","robots":{"index":"index","follow":"follow","max-snippet":"max-snippet:-1","max-image-preview":"max-image-preview:large","max-video-preview":"max-video-preview:-1"},"canonical":"https:\/\/poudresdenarco.com\/it\/prodotto\/bolivia-cocaina\/","og_locale":"it_IT","og_type":"article","og_title":"Buy Bolivie Coca\u00efne Online - Bolivie Coca\u00efne for Sale Online","og_description":"Vous cherchez de la Coca\u00efne Bolivie en vente en ligne ? PoudresDenarco est un magasin leader o\u00f9 vous pouvez acheter de la Coca\u00efne Bolivie en ligne au meilleur prix. Commandez maintenant avec une exp\u00e9dition discr\u00e8te !","og_url":"https:\/\/poudresdenarco.com\/it\/prodotto\/bolivia-cocaina\/","og_site_name":"Poudresde Narco","article_modified_time":"2025-06-09T02:36:47+00:00","og_image":[{"width":600,"height":600,"url":"https:\/\/poudresdenarco.com\/wp-content\/uploads\/2023\/12\/Bolivia-Cocaine.jpg","type":"image\/jpeg"}],"twitter_card":"summary_large_image","twitter_misc":{"Tempo di lettura stimato":"3 minuti"},"schema":{"@context":"https:\/\/schema.org","@graph":[{"@type":"WebPage","@id":"https:\/\/poudresdenarco.com\/produit\/bolivie-cocaine\/","url":"https:\/\/poudresdenarco.com\/produit\/bolivie-cocaine\/","name":"Buy Bolivie Coca\u00efne Online - Bolivie Coca\u00efne for Sale Online","isPartOf":{"@id":"https:\/\/poudresdenarco.com\/#website"},"primaryImageOfPage":{"@id":"https:\/\/poudresdenarco.com\/produit\/bolivie-cocaine\/#primaryimage"},"image":{"@id":"https:\/\/poudresdenarco.com\/produit\/bolivie-cocaine\/#primaryimage"},"thumbnailUrl":"https:\/\/poudresdenarco.com\/wp-content\/uploads\/2023\/12\/Bolivia-Cocaine.jpg","datePublished":"2023-12-25T08:20:02+00:00","dateModified":"2025-06-09T02:36:47+00:00","description":"Vous cherchez de la Coca\u00efne Bolivie en vente en ligne ? PoudresDenarco est un magasin leader o\u00f9 vous pouvez acheter de la Coca\u00efne Bolivie en ligne au meilleur prix. Commandez maintenant avec une exp\u00e9dition discr\u00e8te !","breadcrumb":{"@id":"https:\/\/poudresdenarco.com\/produit\/bolivie-cocaine\/#breadcrumb"},"inLanguage":"it-IT","potentialAction":[{"@type":"ReadAction","target":["https:\/\/poudresdenarco.com\/produit\/bolivie-cocaine\/"]}]},{"@type":"ImageObject","inLanguage":"it-IT","@id":"https:\/\/poudresdenarco.com\/produit\/bolivie-cocaine\/#primaryimage","url":"https:\/\/poudresdenarco.com\/wp-content\/uploads\/2023\/12\/Bolivia-Cocaine.jpg","contentUrl":"https:\/\/poudresdenarco.com\/wp-content\/uploads\/2023\/12\/Bolivia-Cocaine.jpg","width":600,"height":600,"caption":"Acheter Bolivia Cocaine en ligne"},{"@type":"BreadcrumbList","@id":"https:\/\/poudresdenarco.com\/produit\/bolivie-cocaine\/#breadcrumb","itemListElement":[{"@type":"ListItem","position":1,"name":"Home","item":"https:\/\/poudresdenarco.com\/"},{"@type":"ListItem","position":2,"name":"Boutique","item":"https:\/\/poudresdenarco.com\/boutique\/"},{"@type":"ListItem","position":3,"name":"Bolivie Coca\u00efne"}]},{"@type":"WebSite","@id":"https:\/\/poudresdenarco.com\/#website","url":"https:\/\/poudresdenarco.com\/","name":"Poudresde Narco","description":"Acheter de la coca\u00efne et de l&#039;h\u00e9ro\u00efne en ligne","potentialAction":[{"@type":"SearchAction","target":{"@type":"EntryPoint","urlTemplate":"https:\/\/poudresdenarco.com\/?s={search_term_string}"},"query-input":{"@type":"PropertyValueSpecification","valueRequired":true,"valueName":"search_term_string"}}],"inLanguage":"it-IT"}]}},"_links":{"self":[{"href":"https:\/\/poudresdenarco.com\/it\/wp-json\/wp\/v2\/product\/38","targetHints":{"allow":["GET"]}}],"collection":[{"href":"https:\/\/poudresdenarco.com\/it\/wp-json\/wp\/v2\/product"}],"about":[{"href":"https:\/\/poudresdenarco.com\/it\/wp-json\/wp\/v2\/types\/product"}],"replies":[{"embeddable":true,"href":"https:\/\/poudresdenarco.com\/it\/wp-json\/wp\/v2\/comments?post=38"}],"wp:featuredmedia":[{"embeddable":true,"href":"https:\/\/poudresdenarco.com\/it\/wp-json\/wp\/v2\/media\/274"}],"wp:attachment":[{"href":"https:\/\/poudresdenarco.com\/it\/wp-json\/wp\/v2\/media?parent=38"}],"wp:term":[{"taxonomy":"product_cat","embeddable":true,"href":"https:\/\/poudresdenarco.com\/it\/wp-json\/wp\/v2\/product_cat?post=38"},{"taxonomy":"product_tag","embeddable":true,"href":"https:\/\/poudresdenarco.com\/it\/wp-json\/wp\/v2\/product_tag?post=38"}],"curies":[{"name":"wp","href":"https:\/\/api.w.org\/{rel}","templated":true}]}}