{"id":4392,"date":"2024-01-02T09:01:23","date_gmt":"2024-01-02T09:01:23","guid":{"rendered":"https:\/\/unkrautmarkt.com\/narco1\/?post_type=product&#038;p=4392"},"modified":"2025-06-09T02:28:16","modified_gmt":"2025-06-09T02:28:16","slug":"grand-papa-violet","status":"publish","type":"product","link":"https:\/\/poudresdenarco.com\/it\/prodotto\/grande-papa-viola\/","title":{"rendered":"Nonno Violet"},"content":{"rendered":"<h2><strong>Acquistare Grand Daddy Purple online<\/strong><\/h2>\n<h3><strong>Informazioni su questa variet\u00e0 ibrida<\/strong><\/h3>\n<p>Granddaddy Purple, spesso conosciuta come Grand Daddy Purps, \u00e8 una variet\u00e0 di cannabis indica con un piacevole aroma di bacche e un retrogusto di uva per i consumatori. Questa variet\u00e0 \u00e8 molto appariscente, con molti tricomi bianchi e peli arancioni brillanti che circondano cime viola scuro.<\/p>\n<p>Big Bud e Purple Urkle sono le due variet\u00e0 indica che ne sono i genitori. Secondo la mitologia, questa variet\u00e0 e la Grape Ape potrebbero essere identiche. Sono molto simili. Ma Ken Estes l'ha sviluppata originariamente nel 2003 in California, dopo aver deciso di combinare due variet\u00e0 gi\u00e0 note per i loro effetti per creare una nuova ed eccezionale indica.<\/p>\n<p>In genere, il suo contenuto di THC \u00e8 di 17 %, mentre alcune variet\u00e0 arrivano a 23 %. Grand Daddy Purple produce un ronzio ipnotico e incredibilmente rilassante che solleva lo spirito. \u00c8 ideale usare questa variet\u00e0 di notte, perch\u00e9 \u00e8 un modo eccellente per alleviare la tensione e favorire il sonno.<\/p>\n<p>Questa variet\u00e0 aumenta l'appetito e allevia i sintomi della sindrome delle gambe senza riposo, permettendo di dormire bene.<\/p>\n<p>Grand Daddy Purple fiorisce in circa 10-11 settimane ed \u00e8 meglio se piantata in casa. Le piante avranno bisogno di un sostegno extra a causa delle loro grandi cime, che metteranno a dura prova la struttura della pianta. A seconda del raccolto e della qualit\u00e0, le rese per pianta possono variare da quattro once a tre libbre.<\/p>\n<h3><strong>Storia e genetica di Nonno Porpora<\/strong><\/h3>\n<p>In genere, il suo contenuto di THC \u00e8 di 17 %, mentre alcune variet\u00e0 arrivano a 23 %. Grand Daddy Purple produce un ronzio ipnotico e incredibilmente rilassante che solleva lo spirito. \u00c8 ideale usare questa variet\u00e0 di notte, perch\u00e9 \u00e8 un modo eccellente per alleviare la tensione e favorire il sonno.<\/p>\n<p>Questa variet\u00e0 aumenta l'appetito e allevia i sintomi della sindrome delle gambe senza riposo, permettendo di dormire bene.<\/p>\n<p>Grand Daddy Purple fiorisce in circa 10-11 settimane ed \u00e8 meglio se piantata in casa. Le piante avranno bisogno di un sostegno extra a causa delle loro grandi cime, che metteranno a dura prova la struttura della pianta. A seconda del raccolto e della qualit\u00e0, le rese per pianta possono variare da quattro once a tre libbre.<\/p>","protected":false},"excerpt":{"rendered":"<p>Acheter Grand Daddy Purple en ligne \u00c0 propos de cette vari\u00e9t\u00e9 hybride Granddaddy Purple, souvent connue sous le nom de Grand Daddy Purps, est une vari\u00e9t\u00e9 de cannabis indica avec un agr\u00e9able ar\u00f4me de baies et un arri\u00e8re-go\u00fbt de raisin pour les utilisateurs. Cette vari\u00e9t\u00e9 est tr\u00e8s saisissante, avec beaucoup de trichomes blancs et de&hellip;<\/p>","protected":false},"featured_media":4511,"comment_status":"open","ping_status":"closed","template":"","meta":{"_joinchat":[]},"product_cat":[473],"product_tag":[],"class_list":{"0":"post-4392","1":"product","2":"type-product","3":"status-publish","4":"has-post-thumbnail","6":"product_cat-herbe","8":"first","9":"instock","10":"shipping-taxable","11":"purchasable","12":"product-type-variable","13":"col-xs-6 col-sm-4","14":"col-md-3 col-lg-3","15":"un-4-cols"},"yoast_head":"<!-- This site is optimized with the Yoast SEO plugin v23.8 - https:\/\/yoast.com\/wordpress\/plugins\/seo\/ -->\n<title>Achetez Grandpa Violet en ligne - Grandpa Violet \u00e0 vendre<\/title>\n<meta name=\"description\" content=\"Ne manquez aucune opportunit\u00e9 d&#039;acheter Grandpa Violet en ligne dans notre boutique. Nous vendons exclusivement Grandpa Violet \u00e0 des prix avantageux. Nous sommes l\u00e0 pour vous aider. Commandez maintenant !\" \/>\n<meta name=\"robots\" content=\"index, follow, max-snippet:-1, max-image-preview:large, max-video-preview:-1\" \/>\n<link rel=\"canonical\" href=\"https:\/\/poudresdenarco.com\/it\/prodotto\/grande-papa-viola\/\" \/>\n<meta property=\"og:locale\" content=\"it_IT\" \/>\n<meta property=\"og:type\" content=\"article\" \/>\n<meta property=\"og:title\" content=\"Achetez Grandpa Violet en ligne - Grandpa Violet \u00e0 vendre\" \/>\n<meta property=\"og:description\" content=\"Ne manquez aucune opportunit\u00e9 d&#039;acheter Grandpa Violet en ligne dans notre boutique. Nous vendons exclusivement Grandpa Violet \u00e0 des prix avantageux. Nous sommes l\u00e0 pour vous aider. Commandez maintenant !\" \/>\n<meta property=\"og:url\" content=\"https:\/\/poudresdenarco.com\/it\/prodotto\/grande-papa-viola\/\" \/>\n<meta property=\"og:site_name\" content=\"Poudresde Narco\" \/>\n<meta property=\"article:modified_time\" content=\"2025-06-09T02:28:16+00:00\" \/>\n<meta property=\"og:image\" content=\"https:\/\/poudresdenarco.com\/wp-content\/uploads\/2024\/01\/GRAND-DADDY-PURPLE.jpg\" \/>\n\t<meta property=\"og:image:width\" content=\"600\" \/>\n\t<meta property=\"og:image:height\" content=\"600\" \/>\n\t<meta property=\"og:image:type\" content=\"image\/jpeg\" \/>\n<meta name=\"twitter:card\" content=\"summary_large_image\" \/>\n<meta name=\"twitter:label1\" content=\"Tempo di lettura stimato\" \/>\n\t<meta name=\"twitter:data1\" content=\"2 minuti\" \/>\n<script type=\"application\/ld+json\" class=\"yoast-schema-graph\">{\"@context\":\"https:\/\/schema.org\",\"@graph\":[{\"@type\":\"WebPage\",\"@id\":\"https:\/\/poudresdenarco.com\/produit\/grand-papa-violet\/\",\"url\":\"https:\/\/poudresdenarco.com\/produit\/grand-papa-violet\/\",\"name\":\"Achetez Grandpa Violet en ligne - Grandpa Violet \u00e0 vendre\",\"isPartOf\":{\"@id\":\"https:\/\/poudresdenarco.com\/#website\"},\"primaryImageOfPage\":{\"@id\":\"https:\/\/poudresdenarco.com\/produit\/grand-papa-violet\/#primaryimage\"},\"image\":{\"@id\":\"https:\/\/poudresdenarco.com\/produit\/grand-papa-violet\/#primaryimage\"},\"thumbnailUrl\":\"https:\/\/poudresdenarco.com\/wp-content\/uploads\/2024\/01\/GRAND-DADDY-PURPLE.jpg\",\"datePublished\":\"2024-01-02T09:01:23+00:00\",\"dateModified\":\"2025-06-09T02:28:16+00:00\",\"description\":\"Ne manquez aucune opportunit\u00e9 d'acheter Grandpa Violet en ligne dans notre boutique. Nous vendons exclusivement Grandpa Violet \u00e0 des prix avantageux. Nous sommes l\u00e0 pour vous aider. Commandez maintenant !\",\"breadcrumb\":{\"@id\":\"https:\/\/poudresdenarco.com\/produit\/grand-papa-violet\/#breadcrumb\"},\"inLanguage\":\"it-IT\",\"potentialAction\":[{\"@type\":\"ReadAction\",\"target\":[\"https:\/\/poudresdenarco.com\/produit\/grand-papa-violet\/\"]}]},{\"@type\":\"ImageObject\",\"inLanguage\":\"it-IT\",\"@id\":\"https:\/\/poudresdenarco.com\/produit\/grand-papa-violet\/#primaryimage\",\"url\":\"https:\/\/poudresdenarco.com\/wp-content\/uploads\/2024\/01\/GRAND-DADDY-PURPLE.jpg\",\"contentUrl\":\"https:\/\/poudresdenarco.com\/wp-content\/uploads\/2024\/01\/GRAND-DADDY-PURPLE.jpg\",\"width\":600,\"height\":600,\"caption\":\"Acheter Grand-Papa Violet en ligne\"},{\"@type\":\"BreadcrumbList\",\"@id\":\"https:\/\/poudresdenarco.com\/produit\/grand-papa-violet\/#breadcrumb\",\"itemListElement\":[{\"@type\":\"ListItem\",\"position\":1,\"name\":\"Home\",\"item\":\"https:\/\/poudresdenarco.com\/\"},{\"@type\":\"ListItem\",\"position\":2,\"name\":\"Boutique\",\"item\":\"https:\/\/poudresdenarco.com\/boutique\/\"},{\"@type\":\"ListItem\",\"position\":3,\"name\":\"Grand-Papa Violet\"}]},{\"@type\":\"WebSite\",\"@id\":\"https:\/\/poudresdenarco.com\/#website\",\"url\":\"https:\/\/poudresdenarco.com\/\",\"name\":\"Poudresde Narco\",\"description\":\"Acheter de la coca\u00efne et de l&#039;h\u00e9ro\u00efne en ligne\",\"potentialAction\":[{\"@type\":\"SearchAction\",\"target\":{\"@type\":\"EntryPoint\",\"urlTemplate\":\"https:\/\/poudresdenarco.com\/?s={search_term_string}\"},\"query-input\":{\"@type\":\"PropertyValueSpecification\",\"valueRequired\":true,\"valueName\":\"search_term_string\"}}],\"inLanguage\":\"it-IT\"}]}<\/script>\n<!-- \/ Yoast SEO plugin. -->","yoast_head_json":{"title":"Achetez Grandpa Violet en ligne - Grandpa Violet \u00e0 vendre","description":"Ne manquez aucune opportunit\u00e9 d'acheter Grandpa Violet en ligne dans notre boutique. Nous vendons exclusivement Grandpa Violet \u00e0 des prix avantageux. Nous sommes l\u00e0 pour vous aider. Commandez maintenant !","robots":{"index":"index","follow":"follow","max-snippet":"max-snippet:-1","max-image-preview":"max-image-preview:large","max-video-preview":"max-video-preview:-1"},"canonical":"https:\/\/poudresdenarco.com\/it\/prodotto\/grande-papa-viola\/","og_locale":"it_IT","og_type":"article","og_title":"Achetez Grandpa Violet en ligne - Grandpa Violet \u00e0 vendre","og_description":"Ne manquez aucune opportunit\u00e9 d'acheter Grandpa Violet en ligne dans notre boutique. Nous vendons exclusivement Grandpa Violet \u00e0 des prix avantageux. Nous sommes l\u00e0 pour vous aider. Commandez maintenant !","og_url":"https:\/\/poudresdenarco.com\/it\/prodotto\/grande-papa-viola\/","og_site_name":"Poudresde Narco","article_modified_time":"2025-06-09T02:28:16+00:00","og_image":[{"width":600,"height":600,"url":"https:\/\/poudresdenarco.com\/wp-content\/uploads\/2024\/01\/GRAND-DADDY-PURPLE.jpg","type":"image\/jpeg"}],"twitter_card":"summary_large_image","twitter_misc":{"Tempo di lettura stimato":"2 minuti"},"schema":{"@context":"https:\/\/schema.org","@graph":[{"@type":"WebPage","@id":"https:\/\/poudresdenarco.com\/produit\/grand-papa-violet\/","url":"https:\/\/poudresdenarco.com\/produit\/grand-papa-violet\/","name":"Achetez Grandpa Violet en ligne - Grandpa Violet \u00e0 vendre","isPartOf":{"@id":"https:\/\/poudresdenarco.com\/#website"},"primaryImageOfPage":{"@id":"https:\/\/poudresdenarco.com\/produit\/grand-papa-violet\/#primaryimage"},"image":{"@id":"https:\/\/poudresdenarco.com\/produit\/grand-papa-violet\/#primaryimage"},"thumbnailUrl":"https:\/\/poudresdenarco.com\/wp-content\/uploads\/2024\/01\/GRAND-DADDY-PURPLE.jpg","datePublished":"2024-01-02T09:01:23+00:00","dateModified":"2025-06-09T02:28:16+00:00","description":"Ne manquez aucune opportunit\u00e9 d'acheter Grandpa Violet en ligne dans notre boutique. Nous vendons exclusivement Grandpa Violet \u00e0 des prix avantageux. Nous sommes l\u00e0 pour vous aider. Commandez maintenant !","breadcrumb":{"@id":"https:\/\/poudresdenarco.com\/produit\/grand-papa-violet\/#breadcrumb"},"inLanguage":"it-IT","potentialAction":[{"@type":"ReadAction","target":["https:\/\/poudresdenarco.com\/produit\/grand-papa-violet\/"]}]},{"@type":"ImageObject","inLanguage":"it-IT","@id":"https:\/\/poudresdenarco.com\/produit\/grand-papa-violet\/#primaryimage","url":"https:\/\/poudresdenarco.com\/wp-content\/uploads\/2024\/01\/GRAND-DADDY-PURPLE.jpg","contentUrl":"https:\/\/poudresdenarco.com\/wp-content\/uploads\/2024\/01\/GRAND-DADDY-PURPLE.jpg","width":600,"height":600,"caption":"Acheter Grand-Papa Violet en ligne"},{"@type":"BreadcrumbList","@id":"https:\/\/poudresdenarco.com\/produit\/grand-papa-violet\/#breadcrumb","itemListElement":[{"@type":"ListItem","position":1,"name":"Home","item":"https:\/\/poudresdenarco.com\/"},{"@type":"ListItem","position":2,"name":"Boutique","item":"https:\/\/poudresdenarco.com\/boutique\/"},{"@type":"ListItem","position":3,"name":"Grand-Papa Violet"}]},{"@type":"WebSite","@id":"https:\/\/poudresdenarco.com\/#website","url":"https:\/\/poudresdenarco.com\/","name":"Poudresde Narco","description":"Acheter de la coca\u00efne et de l&#039;h\u00e9ro\u00efne en ligne","potentialAction":[{"@type":"SearchAction","target":{"@type":"EntryPoint","urlTemplate":"https:\/\/poudresdenarco.com\/?s={search_term_string}"},"query-input":{"@type":"PropertyValueSpecification","valueRequired":true,"valueName":"search_term_string"}}],"inLanguage":"it-IT"}]}},"_links":{"self":[{"href":"https:\/\/poudresdenarco.com\/it\/wp-json\/wp\/v2\/product\/4392","targetHints":{"allow":["GET"]}}],"collection":[{"href":"https:\/\/poudresdenarco.com\/it\/wp-json\/wp\/v2\/product"}],"about":[{"href":"https:\/\/poudresdenarco.com\/it\/wp-json\/wp\/v2\/types\/product"}],"replies":[{"embeddable":true,"href":"https:\/\/poudresdenarco.com\/it\/wp-json\/wp\/v2\/comments?post=4392"}],"wp:featuredmedia":[{"embeddable":true,"href":"https:\/\/poudresdenarco.com\/it\/wp-json\/wp\/v2\/media\/4511"}],"wp:attachment":[{"href":"https:\/\/poudresdenarco.com\/it\/wp-json\/wp\/v2\/media?parent=4392"}],"wp:term":[{"taxonomy":"product_cat","embeddable":true,"href":"https:\/\/poudresdenarco.com\/it\/wp-json\/wp\/v2\/product_cat?post=4392"},{"taxonomy":"product_tag","embeddable":true,"href":"https:\/\/poudresdenarco.com\/it\/wp-json\/wp\/v2\/product_tag?post=4392"}],"curies":[{"name":"wp","href":"https:\/\/api.w.org\/{rel}","templated":true}]}}