{"id":4393,"date":"2024-01-02T09:06:59","date_gmt":"2024-01-02T09:06:59","guid":{"rendered":"https:\/\/unkrautmarkt.com\/narco1\/?post_type=product&#038;p=4393"},"modified":"2025-06-09T00:58:03","modified_gmt":"2025-06-09T00:58:03","slug":"jack-herer","status":"publish","type":"product","link":"https:\/\/poudresdenarco.com\/it\/prodotto\/jack-herer\/","title":{"rendered":"Jack Herer"},"content":{"rendered":"<h2><strong><span style=\"vertical-align: inherit;\"><span style=\"vertical-align: inherit;\">Acquista Jack Herer online<\/span><\/span><\/strong><\/h2>\n<p><span style=\"vertical-align: inherit;\"><span style=\"vertical-align: inherit;\">Qual \u00e8 la variet\u00e0 di cannabis nota come Jack Herer? Se sei un appassionato di cannabis esperto, probabilmente hai sentito parlare di questa variet\u00e0 ben nota. Tuttavia, conosci la sua origine e cosa la distingue dalle altre variet\u00e0?<\/span><\/span><\/p>\n<p><span style=\"vertical-align: inherit;\"><span style=\"vertical-align: inherit;\">Questo post del blog spiegher\u00e0 il background e le caratteristiche uniche di Jack Herer, come la sua popolarit\u00e0 nei Paesi Bassi, i suoi ceppi genitori, Shiva Skunk e Critical Jack, l'impatto che ha sia sugli utenti medicinali che su quelli ricreativi, le specificit\u00e0 del suo profilo aromatico, la composizione dei suoi terpeni e la quantit\u00e0 di THC che contiene. Spiegheremo come \u00e8 diventato un pilastro nei coffee shop olandesi e come Shiva Skunk e Critical Jack siano i suoi antenati.<\/span><\/span><\/p>\n<p><span style=\"vertical-align: inherit;\"><span style=\"vertical-align: inherit;\">Inoltre, esploreremo il profilo aromatico, la composizione terpenica, il livello di THC e gli effetti della variet\u00e0 Jack Herer sui consumatori che la usano per scopi medicinali e ricreativi. possibili benefici per una serie di condizioni mediche. Capirai meglio perch\u00e9 questa variet\u00e0 \u00e8 cos\u00ec apprezzata nel mercato della cannabis se conosci le caratteristiche di questa straordinaria variet\u00e0.<\/span><\/span><\/p>\n<p><span style=\"vertical-align: inherit;\"><span style=\"vertical-align: inherit;\">Adesso mettetevi comodi e preparatevi a scoprire tutto quello che c'\u00e8 da sapere sulla variet\u00e0 di cannabis Jack Herer, dalla sua affascinante storia ai suoi numerosi utilizzi moderni.<\/span><\/span><\/p>\n<h3><strong><span style=\"vertical-align: inherit;\"><span style=\"vertical-align: inherit;\">Il viaggio di Jack Hierr<\/span><\/span><\/strong><\/h3>\n<p><span style=\"vertical-align: inherit;\"><span style=\"vertical-align: inherit;\">La variet\u00e0 di cannabis nota come Jack Herer, che prende il nome dal famoso autore e attivista, ha una lunga storia che risale agli anni '90. Questo ibrido a predominanza sativa \u00e8 stato sviluppato da Sensi Seeds come tributo agli instancabili sforzi di Jack per legalizzare la marijuana.<\/span><\/span><\/p>\n<p><span style=\"vertical-align: inherit;\"><span style=\"vertical-align: inherit;\">Jack Herer combina Shiva Skunk, Northern Lights #5 e Haze per offrire ai consumatori calma fisica e mentale. Nei suoi antenati si possono trovare ceppi Landrace da tutto il mondo, come Thai, Colombian Gold, Mexican Sativa, Afghani Indica, South Indian Indica e altri.<\/span><\/span><\/p>\n<p><span style=\"vertical-align: inherit;\"><span style=\"vertical-align: inherit;\">Nel tempo sono emersi molti fenotipi distinti di Jack Herer con tratti diversi. Ma poich\u00e9 \u00e8 sempre stata cos\u00ec buona, la versione originale di Sensi Seeds rimane una delle versioni pi\u00f9 ricercate.<\/span><\/span><\/p>\n<p><span style=\"vertical-align: inherit;\"><span style=\"vertical-align: inherit;\">La reputazione di Jack Herer come una delle migliori variet\u00e0 di cannabis \u00e8 stata consolidata quando la rivista High Times l'ha ripetutamente inclusa nella sua lista delle \u00ab Dieci migliori variet\u00e0 \u00bb nel corso degli anni.<\/span><\/span><\/p>\n<p><span style=\"vertical-align: inherit;\"><span style=\"vertical-align: inherit;\">LINEAGE Haze: una popolare variet\u00e0 sativa dagli effetti energetici, originaria dell'India meridionale, della Thailandia, della Colombia e del Messico.<\/span><\/span><\/p>\n<p><span style=\"vertical-align: inherit;\"><span style=\"vertical-align: inherit;\">Northern Lights #5: una potente variet\u00e0 indica coltivata in Afghanistan, nota per i suoi effetti calmanti.<\/span><\/span><\/p>\n<p><span style=\"vertical-align: inherit;\"><span style=\"vertical-align: inherit;\">Shiva Skunk: Northern Lights #5 incrociata con l'originale Skunk #1 ha prodotto un ibrido a predominanza indica. Offre sia rilassamento fisico che stimolazione mentale.<\/span><\/span><\/p>\n<p><span style=\"vertical-align: inherit;\"><span style=\"vertical-align: inherit;\">Ancora oggi, gli appassionati di cannabis che cercano un effetto energizzante che non li lasci troppo incollati al divano o assonnati continuano a scegliere Jack Herer. Grazie alle sue propriet\u00e0 a tutto tondo, \u00e8 popolare in tutto il mondo e pu\u00f2 essere utilizzata sia per scopi medicinali che ricreativi.<\/span><\/span><\/p>\n<h3><strong><span style=\"vertical-align: inherit;\"><span style=\"vertical-align: inherit;\">SCOPRI GLI EFFETTI DI JACK HERER<\/span><\/span><\/strong><\/h3>\n<p><span style=\"vertical-align: inherit;\"><span style=\"vertical-align: inherit;\">Jack Herer \u00e8 un ibrido a predominanza sativa che offre un'esperienza energizzante e edificante. Questa variet\u00e0 \u00e8 perfetta per chi cerca un effetto lucido e concentrato, mentre si gode di relax e sollievo dallo stress. Non c'\u00e8 da stupirsi che sia una delle preferite tra gli utenti che cercano miglioramenti di produttivit\u00e0 o creativit\u00e0.<\/span><\/span><\/p>\n<p><span style=\"vertical-align: inherit;\"><span style=\"vertical-align: inherit;\">Gli effetti cerebrali di Jack Herer si manifestano rapidamente, offrendo agli utilizzatori una maggiore chiarezza mentale e concentrazione. Gli effetti energizzanti di questa variet\u00e0 la rendono ideale per rimanere vigili e attenti durante tutto il giorno. Insieme a questi benefici cognitivi, gli utilizzatori riferiscono anche di sentirsi sollevati ed euforici dopo aver consumato questa variet\u00e0.<\/span><\/span><\/p>","protected":false},"excerpt":{"rendered":"<p>Buy Jack Herer Online What is the cannabis strain known as Jack Herer? If you are a seasoned cannabis enthusiast, you have probably heard of this well-known strain. However, do you know its origin and what sets it apart from other strains? This blog post will explain the background and unique characteristics of Jack Herer,&hellip;<\/p>","protected":false},"featured_media":4513,"comment_status":"open","ping_status":"closed","template":"","meta":{"_joinchat":[]},"product_cat":[473],"product_tag":[],"class_list":{"0":"post-4393","1":"product","2":"type-product","3":"status-publish","4":"has-post-thumbnail","6":"product_cat-herbe","8":"first","9":"instock","10":"shipping-taxable","11":"purchasable","12":"product-type-variable","13":"col-xs-6 col-sm-4","14":"col-md-3 col-lg-3","15":"un-4-cols"},"yoast_head":"<!-- This site is optimized with the Yoast SEO plugin v23.8 - https:\/\/yoast.com\/wordpress\/plugins\/seo\/ -->\n<title>Acheter Jack Herer en ligne - Jack Herer \u00e0 vendre - Commander Jack Herer en ligne<\/title>\n<meta name=\"description\" content=\"Si vous souhaitez acheter du Jack Herer, nous sommes le bon choix pour vous. Notre personnel vous aidera \u00e0 acheter du Jack Herer en ligne \u00e0 des prix avantageux. Passez votre commande chez nous !\" \/>\n<meta name=\"robots\" content=\"index, follow, max-snippet:-1, max-image-preview:large, max-video-preview:-1\" \/>\n<link rel=\"canonical\" href=\"https:\/\/poudresdenarco.com\/it\/prodotto\/jack-herer\/\" \/>\n<meta property=\"og:locale\" content=\"it_IT\" \/>\n<meta property=\"og:type\" content=\"article\" \/>\n<meta property=\"og:title\" content=\"Acheter Jack Herer en ligne - Jack Herer \u00e0 vendre - Commander Jack Herer en ligne\" \/>\n<meta property=\"og:description\" content=\"Si vous souhaitez acheter du Jack Herer, nous sommes le bon choix pour vous. Notre personnel vous aidera \u00e0 acheter du Jack Herer en ligne \u00e0 des prix avantageux. Passez votre commande chez nous !\" \/>\n<meta property=\"og:url\" content=\"https:\/\/poudresdenarco.com\/it\/prodotto\/jack-herer\/\" \/>\n<meta property=\"og:site_name\" content=\"Poudresde Narco\" \/>\n<meta property=\"article:modified_time\" content=\"2025-06-09T00:58:03+00:00\" \/>\n<meta property=\"og:image\" content=\"https:\/\/poudresdenarco.com\/wp-content\/uploads\/2024\/01\/JACK-HERER.jpg\" \/>\n\t<meta property=\"og:image:width\" content=\"600\" \/>\n\t<meta property=\"og:image:height\" content=\"600\" \/>\n\t<meta property=\"og:image:type\" content=\"image\/jpeg\" \/>\n<meta name=\"twitter:card\" content=\"summary_large_image\" \/>\n<meta name=\"twitter:label1\" content=\"Tempo di lettura stimato\" \/>\n\t<meta name=\"twitter:data1\" content=\"3 minuti\" \/>\n<script type=\"application\/ld+json\" class=\"yoast-schema-graph\">{\"@context\":\"https:\/\/schema.org\",\"@graph\":[{\"@type\":\"WebPage\",\"@id\":\"https:\/\/poudresdenarco.com\/produit\/jack-herer\/\",\"url\":\"https:\/\/poudresdenarco.com\/produit\/jack-herer\/\",\"name\":\"Acheter Jack Herer en ligne - Jack Herer \u00e0 vendre - Commander Jack Herer en ligne\",\"isPartOf\":{\"@id\":\"https:\/\/poudresdenarco.com\/#website\"},\"primaryImageOfPage\":{\"@id\":\"https:\/\/poudresdenarco.com\/produit\/jack-herer\/#primaryimage\"},\"image\":{\"@id\":\"https:\/\/poudresdenarco.com\/produit\/jack-herer\/#primaryimage\"},\"thumbnailUrl\":\"https:\/\/poudresdenarco.com\/wp-content\/uploads\/2024\/01\/JACK-HERER.jpg\",\"datePublished\":\"2024-01-02T09:06:59+00:00\",\"dateModified\":\"2025-06-09T00:58:03+00:00\",\"description\":\"Si vous souhaitez acheter du Jack Herer, nous sommes le bon choix pour vous. Notre personnel vous aidera \u00e0 acheter du Jack Herer en ligne \u00e0 des prix avantageux. Passez votre commande chez nous !\",\"breadcrumb\":{\"@id\":\"https:\/\/poudresdenarco.com\/produit\/jack-herer\/#breadcrumb\"},\"inLanguage\":\"it-IT\",\"potentialAction\":[{\"@type\":\"ReadAction\",\"target\":[\"https:\/\/poudresdenarco.com\/produit\/jack-herer\/\"]}]},{\"@type\":\"ImageObject\",\"inLanguage\":\"it-IT\",\"@id\":\"https:\/\/poudresdenarco.com\/produit\/jack-herer\/#primaryimage\",\"url\":\"https:\/\/poudresdenarco.com\/wp-content\/uploads\/2024\/01\/JACK-HERER.jpg\",\"contentUrl\":\"https:\/\/poudresdenarco.com\/wp-content\/uploads\/2024\/01\/JACK-HERER.jpg\",\"width\":600,\"height\":600,\"caption\":\"Achetez JACK-HERER en ligne\"},{\"@type\":\"BreadcrumbList\",\"@id\":\"https:\/\/poudresdenarco.com\/produit\/jack-herer\/#breadcrumb\",\"itemListElement\":[{\"@type\":\"ListItem\",\"position\":1,\"name\":\"Home\",\"item\":\"https:\/\/poudresdenarco.com\/\"},{\"@type\":\"ListItem\",\"position\":2,\"name\":\"Boutique\",\"item\":\"https:\/\/poudresdenarco.com\/boutique\/\"},{\"@type\":\"ListItem\",\"position\":3,\"name\":\"Jack Herer\"}]},{\"@type\":\"WebSite\",\"@id\":\"https:\/\/poudresdenarco.com\/#website\",\"url\":\"https:\/\/poudresdenarco.com\/\",\"name\":\"Poudresde Narco\",\"description\":\"Acheter de la coca\u00efne et de l&#039;h\u00e9ro\u00efne en ligne\",\"potentialAction\":[{\"@type\":\"SearchAction\",\"target\":{\"@type\":\"EntryPoint\",\"urlTemplate\":\"https:\/\/poudresdenarco.com\/?s={search_term_string}\"},\"query-input\":{\"@type\":\"PropertyValueSpecification\",\"valueRequired\":true,\"valueName\":\"search_term_string\"}}],\"inLanguage\":\"it-IT\"}]}<\/script>\n<!-- \/ Yoast SEO plugin. -->","yoast_head_json":{"title":"Acheter Jack Herer en ligne - Jack Herer \u00e0 vendre - Commander Jack Herer en ligne","description":"Si vous souhaitez acheter du Jack Herer, nous sommes le bon choix pour vous. Notre personnel vous aidera \u00e0 acheter du Jack Herer en ligne \u00e0 des prix avantageux. Passez votre commande chez nous !","robots":{"index":"index","follow":"follow","max-snippet":"max-snippet:-1","max-image-preview":"max-image-preview:large","max-video-preview":"max-video-preview:-1"},"canonical":"https:\/\/poudresdenarco.com\/it\/prodotto\/jack-herer\/","og_locale":"it_IT","og_type":"article","og_title":"Acheter Jack Herer en ligne - Jack Herer \u00e0 vendre - Commander Jack Herer en ligne","og_description":"Si vous souhaitez acheter du Jack Herer, nous sommes le bon choix pour vous. Notre personnel vous aidera \u00e0 acheter du Jack Herer en ligne \u00e0 des prix avantageux. Passez votre commande chez nous !","og_url":"https:\/\/poudresdenarco.com\/it\/prodotto\/jack-herer\/","og_site_name":"Poudresde Narco","article_modified_time":"2025-06-09T00:58:03+00:00","og_image":[{"width":600,"height":600,"url":"https:\/\/poudresdenarco.com\/wp-content\/uploads\/2024\/01\/JACK-HERER.jpg","type":"image\/jpeg"}],"twitter_card":"summary_large_image","twitter_misc":{"Tempo di lettura stimato":"3 minuti"},"schema":{"@context":"https:\/\/schema.org","@graph":[{"@type":"WebPage","@id":"https:\/\/poudresdenarco.com\/produit\/jack-herer\/","url":"https:\/\/poudresdenarco.com\/produit\/jack-herer\/","name":"Acheter Jack Herer en ligne - Jack Herer \u00e0 vendre - Commander Jack Herer en ligne","isPartOf":{"@id":"https:\/\/poudresdenarco.com\/#website"},"primaryImageOfPage":{"@id":"https:\/\/poudresdenarco.com\/produit\/jack-herer\/#primaryimage"},"image":{"@id":"https:\/\/poudresdenarco.com\/produit\/jack-herer\/#primaryimage"},"thumbnailUrl":"https:\/\/poudresdenarco.com\/wp-content\/uploads\/2024\/01\/JACK-HERER.jpg","datePublished":"2024-01-02T09:06:59+00:00","dateModified":"2025-06-09T00:58:03+00:00","description":"Si vous souhaitez acheter du Jack Herer, nous sommes le bon choix pour vous. Notre personnel vous aidera \u00e0 acheter du Jack Herer en ligne \u00e0 des prix avantageux. Passez votre commande chez nous !","breadcrumb":{"@id":"https:\/\/poudresdenarco.com\/produit\/jack-herer\/#breadcrumb"},"inLanguage":"it-IT","potentialAction":[{"@type":"ReadAction","target":["https:\/\/poudresdenarco.com\/produit\/jack-herer\/"]}]},{"@type":"ImageObject","inLanguage":"it-IT","@id":"https:\/\/poudresdenarco.com\/produit\/jack-herer\/#primaryimage","url":"https:\/\/poudresdenarco.com\/wp-content\/uploads\/2024\/01\/JACK-HERER.jpg","contentUrl":"https:\/\/poudresdenarco.com\/wp-content\/uploads\/2024\/01\/JACK-HERER.jpg","width":600,"height":600,"caption":"Achetez JACK-HERER en ligne"},{"@type":"BreadcrumbList","@id":"https:\/\/poudresdenarco.com\/produit\/jack-herer\/#breadcrumb","itemListElement":[{"@type":"ListItem","position":1,"name":"Home","item":"https:\/\/poudresdenarco.com\/"},{"@type":"ListItem","position":2,"name":"Boutique","item":"https:\/\/poudresdenarco.com\/boutique\/"},{"@type":"ListItem","position":3,"name":"Jack Herer"}]},{"@type":"WebSite","@id":"https:\/\/poudresdenarco.com\/#website","url":"https:\/\/poudresdenarco.com\/","name":"Poudresde Narco","description":"Acheter de la coca\u00efne et de l&#039;h\u00e9ro\u00efne en ligne","potentialAction":[{"@type":"SearchAction","target":{"@type":"EntryPoint","urlTemplate":"https:\/\/poudresdenarco.com\/?s={search_term_string}"},"query-input":{"@type":"PropertyValueSpecification","valueRequired":true,"valueName":"search_term_string"}}],"inLanguage":"it-IT"}]}},"_links":{"self":[{"href":"https:\/\/poudresdenarco.com\/it\/wp-json\/wp\/v2\/product\/4393","targetHints":{"allow":["GET"]}}],"collection":[{"href":"https:\/\/poudresdenarco.com\/it\/wp-json\/wp\/v2\/product"}],"about":[{"href":"https:\/\/poudresdenarco.com\/it\/wp-json\/wp\/v2\/types\/product"}],"replies":[{"embeddable":true,"href":"https:\/\/poudresdenarco.com\/it\/wp-json\/wp\/v2\/comments?post=4393"}],"wp:featuredmedia":[{"embeddable":true,"href":"https:\/\/poudresdenarco.com\/it\/wp-json\/wp\/v2\/media\/4513"}],"wp:attachment":[{"href":"https:\/\/poudresdenarco.com\/it\/wp-json\/wp\/v2\/media?parent=4393"}],"wp:term":[{"taxonomy":"product_cat","embeddable":true,"href":"https:\/\/poudresdenarco.com\/it\/wp-json\/wp\/v2\/product_cat?post=4393"},{"taxonomy":"product_tag","embeddable":true,"href":"https:\/\/poudresdenarco.com\/it\/wp-json\/wp\/v2\/product_tag?post=4393"}],"curies":[{"name":"wp","href":"https:\/\/api.w.org\/{rel}","templated":true}]}}