{"id":4456,"date":"2024-01-02T10:49:48","date_gmt":"2024-01-02T10:49:48","guid":{"rendered":"https:\/\/unkrautmarkt.com\/narco1\/?post_type=product&#038;p=4456"},"modified":"2025-06-02T20:15:55","modified_gmt":"2025-06-02T20:15:55","slug":"amnesie-hash","status":"publish","type":"product","link":"https:\/\/poudresdenarco.com\/it\/prodotto\/amnesie-hashish\/","title":{"rendered":"Amnesia da hashish"},"content":{"rendered":"<h2><strong><span style=\"vertical-align: inherit;\"><span style=\"vertical-align: inherit;\">ACQUISTA HASHISH AMNESIA ONLINE<\/span><\/span><\/strong><\/h2>\n<h3><strong><span style=\"vertical-align: inherit;\"><span style=\"vertical-align: inherit;\">UN POTERE PSICHEDELICO DI FAMOSA CLASSIFICAZIONE MONDIALE: L'AMNESIA HASH<\/span><\/span><\/strong><\/h3>\n<p><span style=\"vertical-align: inherit;\"><span style=\"vertical-align: inherit;\">Con un pizzico di indica di montagna profonda, la lunga e matura stirpe sativa psichedelica distintiva di Amnesia Haze \u00e8 contenuta. Sapientemente miscelata da due razze autoctone e un ibrido, questa variet\u00e0 \u00e8 una potenza di THC con un effetto che costringer\u00e0 anche il pi\u00f9 esperto intenditore di cannabis a riconoscerlo.<\/span><\/span><\/p>\n<p><span style=\"vertical-align: inherit;\"><span style=\"vertical-align: inherit;\">Una volta essiccati con cura, i densi grappoli di fiori di Amnesia Haze diventano rigidi al tatto. Le solide pepite sono state cristallizzate cos\u00ec bene che sembrano essere state delicatamente ricoperte da un caramello scintillante e riflettente la luce, aromatizzato con cardamomo esotico, lime, maggiorana e mandarino.<\/span><\/span><\/p>\n<p><span style=\"vertical-align: inherit;\"><span style=\"vertical-align: inherit;\">L'Amnesia Haze \u00e8 molto apprezzata per hashish e altre estrazioni a causa della sua eccessiva produzione di tricomi. Le cascate di resina pura color miele, al 22% di THC, sono uno spettacolo appiccicoso da vedere e una scoperta profumata senza precedenti quando viene riscaldata e frantumata da venti tonnellate.<\/span><\/span><\/p>\n<h3><strong><span style=\"vertical-align: inherit;\"><span style=\"vertical-align: inherit;\">IMPATTO DELLE NEBBIE AMNESICHE<\/span><\/span><\/strong><\/h3>\n<p><span style=\"vertical-align: inherit;\"><span style=\"vertical-align: inherit;\">Gli effetti sono potenti anche se difficili da valutare. Un fattore importante \u00e8 l'esperienza dell'utente. Con questa potente variet\u00e0, un principiante della marijuana pu\u00f2 sperimentare la sua prima uscita verde. Posso facilmente abusarne perch\u00e9 \u00e8 cos\u00ec deliziosa e setosa.<\/span><\/span><\/p>\n<p><span style=\"vertical-align: inherit;\"><span style=\"vertical-align: inherit;\">Un amante esperto di sativa sar\u00e0 affascinato dall'eccezionale concentrazione e dalla stimolazione creativa che questa variet\u00e0 quasi allucinogena offre. I grandi spazi aperti, con i suoi dintorni vivaci e l'aria vivace, chiamano. Naturalmente, \u00e8 altamente consigliato semplicemente rannicchiarsi sul divano con un po' di musica e trascorrere un pomeriggio ben speso con gli amici e godersi un'escursione mentale. o osare sognare in grande e audacemente.<\/span><\/span><\/p>\n<p><span style=\"vertical-align: inherit;\"><span style=\"vertical-align: inherit;\">A volte pu\u00f2 essere chimerico e impiegare quindici minuti per attivare completamente i suoi effetti neurochimici. Potresti ritrovarti a tirare una boccata di sigaretta e a chiederti cosa sia tutto quel rumore. Poi un attimo dopo ti chiedi come diavolo sei arrivato qui, come una persona con amnesia. Ridendo di stupore e scuotendo la testa come un colabrodo.<\/span><\/span><\/p>\n<p><span style=\"vertical-align: inherit;\"><span style=\"vertical-align: inherit;\">Amnesia Haze ha un sapore euforico di agrumi ed \u00e8 piuttosto povera di CBD. Questo la rende una variet\u00e0 utile per scopi terapeutici. L'effetto psicotropo dello smiley si riferisce alle terapie per l'ansia associata al dolore, alla disperazione e al PTSD.<\/span><\/span><\/p>\n<h3><strong><span style=\"vertical-align: inherit;\"><span style=\"vertical-align: inherit;\">Come indurre l'amnesia<\/span><\/span><\/strong><\/h3>\n<p><span style=\"vertical-align: inherit;\"><span style=\"vertical-align: inherit;\">Outdoor: un'affinit\u00e0 naturale per le giornate lunghe e calde deriva dalla sua discendenza a predominanza sativa. Amnesia Haze mantiene al meglio la promessa della genetica sativa tropicale quanto pi\u00f9 ci si avvicina all'equatore. Otterrai risultati eccezionali nel sud della Spagna, nell'Australia settentrionale, nel Nord Africa e persino nella California settentrionale.<\/span><\/span><\/p>\n<p><span style=\"vertical-align: inherit;\"><span style=\"vertical-align: inherit;\">Piante mostruose con lunghe lance di spessi grappoli di fiori, che possono impiegare dalle dodici alle quattordici settimane per maturare completamente, sono garantite quando i semi vengono piantati per un'intera stagione. Una pianta di Amnesia Haze ben tenuta, se avviata con un terreno biologico al 100% di prima qualit\u00e0 arricchito con integratori biologici stagionali, produrr\u00e0 un'abbondanza di gemme profumate.<\/span><\/span><\/p>\n<p><span style=\"vertical-align: inherit;\"><span style=\"vertical-align: inherit;\">Indoor, appena uscita dall'armadio della clonazione, l'Amnesia Haze esprime i principali tratti sativa e tende ad allungarsi notevolmente, soprattutto in condizioni di illuminazione di 12 ore.<\/span><\/span><\/p>\n<p><span style=\"vertical-align: inherit;\"><span style=\"vertical-align: inherit;\">L'Amnesia Haze preferisce essere ben nutrita, ma pu\u00f2 rapidamente cadere nella zona tossica, proprio come molte altre sativa. Pertanto, quando si misurano i nutrienti, \u00e8 consigliabile esercitare cautela.<\/span><\/span><\/p>\n<p><span style=\"vertical-align: inherit;\"><span style=\"vertical-align: inherit;\">Quando i fiori sono di stagione, \u00e8 davvero un gioco di pazienza. Possono volerci dodici settimane perch\u00e9 i lunghi boccioli con foglie sottili si aprano completamente. Alcuni tratti impegnativi possono richiederne venti!<\/span><\/span><\/p>\n<p><span style=\"vertical-align: inherit;\"><span style=\"vertical-align: inherit;\">Le piante sono lente a crescere, ma quando lo fanno, producono un prodotto soddisfacentemente denso e splendidamente cristallizzato che pesa 600 g\/m\u00b2 sotto un'illuminazione da 600 W. biodisponibilit\u00e0. Questo \u00e8 tutto! Dai un'occhiata alla nostra guida completa su come usare il nostro hash CBD qui.<\/span><\/span><\/p>","protected":false},"excerpt":{"rendered":"<p>BUY AMNESIA HASH ONLINE A WORLD FAMOUS PSYCHEDELIC POWER: AMNESIA HASH With a hint of deep mountain indica, Amnesia Haze\u2019s signature long and mature psychedelic sativa lineage is restrained. Expertly blended from two landraces and a hybrid, this strain is a THC powerhouse with an effect that will force even the most seasoned cannabis connoisseur&hellip;<\/p>","protected":false},"featured_media":4523,"comment_status":"open","ping_status":"closed","template":"","meta":{"_joinchat":[]},"product_cat":[474],"product_tag":[],"class_list":{"0":"post-4456","1":"product","2":"type-product","3":"status-publish","4":"has-post-thumbnail","6":"product_cat-haschisch","8":"first","9":"instock","10":"shipping-taxable","11":"purchasable","12":"product-type-variable","13":"col-xs-6 col-sm-4","14":"col-md-3 col-lg-3","15":"un-4-cols"},"yoast_head":"<!-- This site is optimized with the Yoast SEO plugin v23.8 - https:\/\/yoast.com\/wordpress\/plugins\/seo\/ -->\n<title>Acheter du haschisch Amnesia en ligne - Vente de haschisch Amnesia<\/title>\n<meta name=\"description\" content=\"O\u00f9 acheter Amnesia Hash en ligne au meilleur prix ? Trouvez du Hash Amnesia de haute qualit\u00e9 \u00e0 vendre dans notre boutique en ligne s\u00e9curis\u00e9e, r\u00e9pondant \u00e0 vos besoins de recherche. Commandez maintenant !\" \/>\n<meta name=\"robots\" content=\"index, follow, max-snippet:-1, max-image-preview:large, max-video-preview:-1\" \/>\n<link rel=\"canonical\" href=\"https:\/\/poudresdenarco.com\/it\/prodotto\/amnesie-hashish\/\" \/>\n<meta property=\"og:locale\" content=\"it_IT\" \/>\n<meta property=\"og:type\" content=\"article\" \/>\n<meta property=\"og:title\" content=\"Acheter du haschisch Amnesia en ligne - Vente de haschisch Amnesia\" \/>\n<meta property=\"og:description\" content=\"O\u00f9 acheter Amnesia Hash en ligne au meilleur prix ? Trouvez du Hash Amnesia de haute qualit\u00e9 \u00e0 vendre dans notre boutique en ligne s\u00e9curis\u00e9e, r\u00e9pondant \u00e0 vos besoins de recherche. Commandez maintenant !\" \/>\n<meta property=\"og:url\" content=\"https:\/\/poudresdenarco.com\/it\/prodotto\/amnesie-hashish\/\" \/>\n<meta property=\"og:site_name\" content=\"Poudresde Narco\" \/>\n<meta property=\"article:modified_time\" content=\"2025-06-02T20:15:55+00:00\" \/>\n<meta property=\"og:image\" content=\"https:\/\/poudresdenarco.com\/wp-content\/uploads\/2024\/01\/AMNESIA-HASH.jpg\" \/>\n\t<meta property=\"og:image:width\" content=\"600\" \/>\n\t<meta property=\"og:image:height\" content=\"600\" \/>\n\t<meta property=\"og:image:type\" content=\"image\/jpeg\" \/>\n<meta name=\"twitter:card\" content=\"summary_large_image\" \/>\n<meta name=\"twitter:label1\" content=\"Tempo di lettura stimato\" \/>\n\t<meta name=\"twitter:data1\" content=\"3 minuti\" \/>\n<script type=\"application\/ld+json\" class=\"yoast-schema-graph\">{\"@context\":\"https:\/\/schema.org\",\"@graph\":[{\"@type\":\"WebPage\",\"@id\":\"https:\/\/poudresdenarco.com\/produit\/amnesie-hash\/\",\"url\":\"https:\/\/poudresdenarco.com\/produit\/amnesie-hash\/\",\"name\":\"Acheter du haschisch Amnesia en ligne - Vente de haschisch Amnesia\",\"isPartOf\":{\"@id\":\"https:\/\/poudresdenarco.com\/#website\"},\"primaryImageOfPage\":{\"@id\":\"https:\/\/poudresdenarco.com\/produit\/amnesie-hash\/#primaryimage\"},\"image\":{\"@id\":\"https:\/\/poudresdenarco.com\/produit\/amnesie-hash\/#primaryimage\"},\"thumbnailUrl\":\"https:\/\/poudresdenarco.com\/wp-content\/uploads\/2024\/01\/AMNESIA-HASH.jpg\",\"datePublished\":\"2024-01-02T10:49:48+00:00\",\"dateModified\":\"2025-06-02T20:15:55+00:00\",\"description\":\"O\u00f9 acheter Amnesia Hash en ligne au meilleur prix ? Trouvez du Hash Amnesia de haute qualit\u00e9 \u00e0 vendre dans notre boutique en ligne s\u00e9curis\u00e9e, r\u00e9pondant \u00e0 vos besoins de recherche. Commandez maintenant !\",\"breadcrumb\":{\"@id\":\"https:\/\/poudresdenarco.com\/produit\/amnesie-hash\/#breadcrumb\"},\"inLanguage\":\"it-IT\",\"potentialAction\":[{\"@type\":\"ReadAction\",\"target\":[\"https:\/\/poudresdenarco.com\/produit\/amnesie-hash\/\"]}]},{\"@type\":\"ImageObject\",\"inLanguage\":\"it-IT\",\"@id\":\"https:\/\/poudresdenarco.com\/produit\/amnesie-hash\/#primaryimage\",\"url\":\"https:\/\/poudresdenarco.com\/wp-content\/uploads\/2024\/01\/AMNESIA-HASH.jpg\",\"contentUrl\":\"https:\/\/poudresdenarco.com\/wp-content\/uploads\/2024\/01\/AMNESIA-HASH.jpg\",\"width\":600,\"height\":600,\"caption\":\"Achetez AMNESIA-HASH en ligne\"},{\"@type\":\"BreadcrumbList\",\"@id\":\"https:\/\/poudresdenarco.com\/produit\/amnesie-hash\/#breadcrumb\",\"itemListElement\":[{\"@type\":\"ListItem\",\"position\":1,\"name\":\"Home\",\"item\":\"https:\/\/poudresdenarco.com\/\"},{\"@type\":\"ListItem\",\"position\":2,\"name\":\"Boutique\",\"item\":\"https:\/\/poudresdenarco.com\/boutique\/\"},{\"@type\":\"ListItem\",\"position\":3,\"name\":\"Amn\u00e9sie Hash\"}]},{\"@type\":\"WebSite\",\"@id\":\"https:\/\/poudresdenarco.com\/#website\",\"url\":\"https:\/\/poudresdenarco.com\/\",\"name\":\"Poudresde Narco\",\"description\":\"Acheter de la coca\u00efne et de l&#039;h\u00e9ro\u00efne en ligne\",\"potentialAction\":[{\"@type\":\"SearchAction\",\"target\":{\"@type\":\"EntryPoint\",\"urlTemplate\":\"https:\/\/poudresdenarco.com\/?s={search_term_string}\"},\"query-input\":{\"@type\":\"PropertyValueSpecification\",\"valueRequired\":true,\"valueName\":\"search_term_string\"}}],\"inLanguage\":\"it-IT\"}]}<\/script>\n<!-- \/ Yoast SEO plugin. -->","yoast_head_json":{"title":"Acheter du haschisch Amnesia en ligne - Vente de haschisch Amnesia","description":"O\u00f9 acheter Amnesia Hash en ligne au meilleur prix ? Trouvez du Hash Amnesia de haute qualit\u00e9 \u00e0 vendre dans notre boutique en ligne s\u00e9curis\u00e9e, r\u00e9pondant \u00e0 vos besoins de recherche. Commandez maintenant !","robots":{"index":"index","follow":"follow","max-snippet":"max-snippet:-1","max-image-preview":"max-image-preview:large","max-video-preview":"max-video-preview:-1"},"canonical":"https:\/\/poudresdenarco.com\/it\/prodotto\/amnesie-hashish\/","og_locale":"it_IT","og_type":"article","og_title":"Acheter du haschisch Amnesia en ligne - Vente de haschisch Amnesia","og_description":"O\u00f9 acheter Amnesia Hash en ligne au meilleur prix ? Trouvez du Hash Amnesia de haute qualit\u00e9 \u00e0 vendre dans notre boutique en ligne s\u00e9curis\u00e9e, r\u00e9pondant \u00e0 vos besoins de recherche. Commandez maintenant !","og_url":"https:\/\/poudresdenarco.com\/it\/prodotto\/amnesie-hashish\/","og_site_name":"Poudresde Narco","article_modified_time":"2025-06-02T20:15:55+00:00","og_image":[{"width":600,"height":600,"url":"https:\/\/poudresdenarco.com\/wp-content\/uploads\/2024\/01\/AMNESIA-HASH.jpg","type":"image\/jpeg"}],"twitter_card":"summary_large_image","twitter_misc":{"Tempo di lettura stimato":"3 minuti"},"schema":{"@context":"https:\/\/schema.org","@graph":[{"@type":"WebPage","@id":"https:\/\/poudresdenarco.com\/produit\/amnesie-hash\/","url":"https:\/\/poudresdenarco.com\/produit\/amnesie-hash\/","name":"Acheter du haschisch Amnesia en ligne - Vente de haschisch Amnesia","isPartOf":{"@id":"https:\/\/poudresdenarco.com\/#website"},"primaryImageOfPage":{"@id":"https:\/\/poudresdenarco.com\/produit\/amnesie-hash\/#primaryimage"},"image":{"@id":"https:\/\/poudresdenarco.com\/produit\/amnesie-hash\/#primaryimage"},"thumbnailUrl":"https:\/\/poudresdenarco.com\/wp-content\/uploads\/2024\/01\/AMNESIA-HASH.jpg","datePublished":"2024-01-02T10:49:48+00:00","dateModified":"2025-06-02T20:15:55+00:00","description":"O\u00f9 acheter Amnesia Hash en ligne au meilleur prix ? Trouvez du Hash Amnesia de haute qualit\u00e9 \u00e0 vendre dans notre boutique en ligne s\u00e9curis\u00e9e, r\u00e9pondant \u00e0 vos besoins de recherche. Commandez maintenant !","breadcrumb":{"@id":"https:\/\/poudresdenarco.com\/produit\/amnesie-hash\/#breadcrumb"},"inLanguage":"it-IT","potentialAction":[{"@type":"ReadAction","target":["https:\/\/poudresdenarco.com\/produit\/amnesie-hash\/"]}]},{"@type":"ImageObject","inLanguage":"it-IT","@id":"https:\/\/poudresdenarco.com\/produit\/amnesie-hash\/#primaryimage","url":"https:\/\/poudresdenarco.com\/wp-content\/uploads\/2024\/01\/AMNESIA-HASH.jpg","contentUrl":"https:\/\/poudresdenarco.com\/wp-content\/uploads\/2024\/01\/AMNESIA-HASH.jpg","width":600,"height":600,"caption":"Achetez AMNESIA-HASH en ligne"},{"@type":"BreadcrumbList","@id":"https:\/\/poudresdenarco.com\/produit\/amnesie-hash\/#breadcrumb","itemListElement":[{"@type":"ListItem","position":1,"name":"Home","item":"https:\/\/poudresdenarco.com\/"},{"@type":"ListItem","position":2,"name":"Boutique","item":"https:\/\/poudresdenarco.com\/boutique\/"},{"@type":"ListItem","position":3,"name":"Amn\u00e9sie Hash"}]},{"@type":"WebSite","@id":"https:\/\/poudresdenarco.com\/#website","url":"https:\/\/poudresdenarco.com\/","name":"Poudresde Narco","description":"Acheter de la coca\u00efne et de l&#039;h\u00e9ro\u00efne en ligne","potentialAction":[{"@type":"SearchAction","target":{"@type":"EntryPoint","urlTemplate":"https:\/\/poudresdenarco.com\/?s={search_term_string}"},"query-input":{"@type":"PropertyValueSpecification","valueRequired":true,"valueName":"search_term_string"}}],"inLanguage":"it-IT"}]}},"_links":{"self":[{"href":"https:\/\/poudresdenarco.com\/it\/wp-json\/wp\/v2\/product\/4456","targetHints":{"allow":["GET"]}}],"collection":[{"href":"https:\/\/poudresdenarco.com\/it\/wp-json\/wp\/v2\/product"}],"about":[{"href":"https:\/\/poudresdenarco.com\/it\/wp-json\/wp\/v2\/types\/product"}],"replies":[{"embeddable":true,"href":"https:\/\/poudresdenarco.com\/it\/wp-json\/wp\/v2\/comments?post=4456"}],"wp:featuredmedia":[{"embeddable":true,"href":"https:\/\/poudresdenarco.com\/it\/wp-json\/wp\/v2\/media\/4523"}],"wp:attachment":[{"href":"https:\/\/poudresdenarco.com\/it\/wp-json\/wp\/v2\/media?parent=4456"}],"wp:term":[{"taxonomy":"product_cat","embeddable":true,"href":"https:\/\/poudresdenarco.com\/it\/wp-json\/wp\/v2\/product_cat?post=4456"},{"taxonomy":"product_tag","embeddable":true,"href":"https:\/\/poudresdenarco.com\/it\/wp-json\/wp\/v2\/product_tag?post=4456"}],"curies":[{"name":"wp","href":"https:\/\/api.w.org\/{rel}","templated":true}]}}