{"id":4751,"date":"2024-10-16T10:54:45","date_gmt":"2024-10-16T10:54:45","guid":{"rendered":"https:\/\/poudresdenarco.com\/?post_type=product&#038;p=4751"},"modified":"2024-11-02T15:31:08","modified_gmt":"2024-11-02T15:31:08","slug":"4fluorococaine","status":"publish","type":"product","link":"https:\/\/poudresdenarco.com\/it\/prodotto\/4fluorocaina\/","title":{"rendered":"4fluorocaina"},"content":{"rendered":"<h2>4-Fluorococa\u00efne (4-FC)<\/h2>\n<p>Elle inhibe la recapture de la dopamine, mais est un inhibiteur beaucoup plus puissant de la recapture de la s\u00e9rotonine. Cela a conduit \u00e0 divers r\u00e9sultats dans les \u00e9tudes animales Acheter 4-Fluorococaine .<\/p>\n<p>La 4-Fluorococa\u00efne a le m\u00eame potentiel que la coca\u00efne, mais peut \u00eatre beaucoup plus puissante en raison de la recapture plus forte de la s\u00e9rotonine. La <a href=\"https:\/\/poudresdenarco.com\/it\/prodotto\/4fluorocaina\/\">4-Fluorococa\u00efne<\/a> ne peut donc pas \u00eatre compar\u00e9e \u00e0 la CFT ou \u00e0 l&rsquo;analogue 2\u2032-hydroxy salicylm\u00e9thylecgonine<\/p>\n<p>Nom syst\u00e9matique (IUPAC)<br \/>\nm\u00e9thyl (1R,2R,3S,5S)-3-(<a href=\"https:\/\/en.wikipedia.org\/wiki\/4%E2%80%B2-Fluorococaine\">4-fluorobenzoyloxy<\/a>)-8-m\u00e9thyl-8-azabicyclo[3.2.1] octane-2-carboxylate<\/p>\n<p>Donn\u00e9es cliniques<\/p>\n<h3>Cat\u00e9gorie de gestation\u00a0?<\/h3>\n<p>Statut l\u00e9gal\u00a0?<\/p>\n<p>Identificatori<\/p>\n<p>Num\u00e9ro CAS 134507-62-3<\/p>\n<p>Code ATC\u00a0?<\/p>\n<p>PubChem CID 126112<\/p>\n<p>ChemSpider 112124 Oui<\/p>\n<p>Donn\u00e9es chimiques<\/p>\n<p>Formule C17H20FNO4<\/p>\n<p>Masse mol\u00e9culaire 321,343<\/p>\n<h3>Poudresdenarco PRODUITS CHIMIQUES<\/h3>\n<p>NOUS FOURNISSONS DES PRODUITS CHIMIQUES DE RECHERCHE DANS LE MONDE ENTIER<br \/>\nfournisseurs de produits chimiques de recherche fiables, contr\u00f4l\u00e9s, v\u00e9rifi\u00e9s, s\u00fbrs et autoris\u00e9s<\/p>\n<p>Presentazione di <a href=\"https:\/\/poudresdenarco.com\/it\/\">Poudresdenarco<\/a>, un fournisseur de produits chimiques de recherche r\u00e9put\u00e9 qui fournit des mat\u00e9riaux de pointe pour vos projets. Vous avez besoin d&rsquo;un fournisseur sur lequel vous pouvez compter pour offrir des produits chimiques 100 % authentiques et purs, et vous pouvez en \u00eatre s\u00fbr lorsque vous travaillez avec nous. Nous sommes tr\u00e8s fiers de notre r\u00e9putation de l&rsquo;un des fournisseurs les plus r\u00e9put\u00e9s du secteur Internet, que nous avons b\u00e2tie gr\u00e2ce \u00e0 notre engagement envers la qualit\u00e9 et l&rsquo;int\u00e9grit\u00e9 scientifique.<\/p>\n<h2><strong>Acheter du 4-Fluorococaine de Haute Puret\u00e9 pour la Recherche &#8211; Poudres de Narco<\/strong><\/h2>\n<p>Poudres de Narco est un fournisseur de confiance pour le <strong>4-Fluorococaine de qualit\u00e9 recherche<\/strong>progettato esclusivamente per <strong>applicazioni scientifiche di laboratorio<\/strong>. Notre 4-Fluorococaine est produite avec des normes rigoureuses de puret\u00e9 et de qualit\u00e9, assurant des r\u00e9sultats fiables pour les chercheurs en chimie et pharmacologie.<\/p>\n<h3>Pourquoi Choisir le 4-Fluorococaine de Poudres de Narco ?<\/h3>\n<p>Come <strong>fournisseur de 4-Fluorococaine pour la recherche<\/strong>, Poudres de Narco garantit des produits de haute qualit\u00e9 et test\u00e9s pour des r\u00e9sultats fiables\u202f:<\/p>\n<ul>\n<li><strong>4-Fluorococaine Haute Puret\u00e9<\/strong> : Chaque lot est rigoureusement test\u00e9 pour assurer une puret\u00e9 optimale, essentielle pour des recherches pr\u00e9cises.<\/li>\n<li><strong>Qualit\u00e0 costante e affidabile<\/strong> : Notre 4-Fluorococaine est formul\u00e9e pour offrir des performances constantes et fiables en laboratoire.<\/li>\n<li><strong>Ordini online sicuri<\/strong> : Rendiamo pi\u00f9 facile<strong>achat de 4-Fluorococaine pour applications de laboratoire<\/strong>, avec un processus de commande discret et conforme.<\/li>\n<\/ul>\n<h3>Applicazioni e istruzioni di sicurezza<\/h3>\n<p>Le <strong>4-Fluorococaine<\/strong> de Poudres de Narco \u00e8 destinato a <strong>applicazioni di ricerca in laboratorio<\/strong>. Nous fournissons des protocoles de manipulation et de stockage pour garantir une utilisation conforme\u202f:<\/p>\n<ul>\n<li><strong>Stoccaggio sicuro<\/strong> : Conservez le 4-Fluorococaine dans un endroit frais et sec, \u00e0 l\u2019abri de la lumi\u00e8re.<\/li>\n<li><strong>Manipolazione con precauzioni<\/strong> : Utilisez des \u00e9quipements de protection individuelle (EPI) et assurez-vous de travailler dans un espace bien ventil\u00e9.<\/li>\n<li><strong>Uso strettamente riservato alla ricerca<\/strong> Questo prodotto \u00e8 destinato esclusivamente a ricercatori qualificati e laboratori certificati.<\/li>\n<\/ul>\n<h3>Commandez du 4-Fluorococaine de Haute Puret\u00e9 pour vos \u00c9tudes Scientifiques<\/h3>\n<p>Poudres de Narco offre un approvisionnement fiable en <strong>4-Fluorococaine de haute qualit\u00e9<\/strong> pour des applications de recherche. <strong>Contattateci<\/strong> pour obtenir un devis ou pour en savoir plus sur notre gamme de produits pour le laboratoire.<\/p>\n<p>&nbsp;<\/p>","protected":false},"excerpt":{"rendered":"<p>4-Fluorococa\u00efne (4-FC) Elle inhibe la recapture de la dopamine, mais est un inhibiteur beaucoup plus puissant de la recapture de la s\u00e9rotonine. Cela a conduit \u00e0 divers r\u00e9sultats dans les \u00e9tudes animales Acheter 4-Fluorococaine . La 4-Fluorococa\u00efne a le m\u00eame potentiel que la coca\u00efne, mais peut \u00eatre beaucoup plus puissante en raison de la recapture&hellip;<\/p>","protected":false},"featured_media":6148,"comment_status":"open","ping_status":"closed","template":"","meta":{"_joinchat":[]},"product_cat":[744],"product_tag":[],"class_list":{"0":"post-4751","1":"product","2":"type-product","3":"status-publish","4":"has-post-thumbnail","6":"product_cat-cocaine","8":"first","9":"instock","10":"shipping-taxable","11":"purchasable","12":"product-type-variable","13":"col-xs-6 col-sm-4","14":"col-md-3 col-lg-3","15":"un-4-cols"},"yoast_head":"<!-- This site is optimized with the Yoast SEO plugin v23.8 - https:\/\/yoast.com\/wordpress\/plugins\/seo\/ -->\n<title>Acheter 4-Fluorococaine| Poudres de Narco&quot;<\/title>\n<meta name=\"description\" content=\"Fournisseur de 4-Fluorococaine pour applications scientifiques en laboratoire. Puret\u00e9 et s\u00e9curit\u00e9 garanties pour recherches chez Poudres de Narco.\" \/>\n<meta name=\"robots\" content=\"index, follow, max-snippet:-1, max-image-preview:large, max-video-preview:-1\" \/>\n<link rel=\"canonical\" href=\"https:\/\/poudresdenarco.com\/it\/prodotto\/4fluorocaina\/\" \/>\n<meta property=\"og:locale\" content=\"it_IT\" \/>\n<meta property=\"og:type\" content=\"article\" \/>\n<meta property=\"og:title\" content=\"Acheter 4-Fluorococaine| Poudres de Narco&quot;\" \/>\n<meta property=\"og:description\" content=\"Fournisseur de 4-Fluorococaine pour applications scientifiques en laboratoire. Puret\u00e9 et s\u00e9curit\u00e9 garanties pour recherches chez Poudres de Narco.\" \/>\n<meta property=\"og:url\" content=\"https:\/\/poudresdenarco.com\/it\/prodotto\/4fluorocaina\/\" \/>\n<meta property=\"og:site_name\" content=\"Poudresde Narco\" \/>\n<meta property=\"article:modified_time\" content=\"2024-11-02T15:31:08+00:00\" \/>\n<meta property=\"og:image\" content=\"https:\/\/poudresdenarco.com\/wp-content\/uploads\/2024\/10\/4fluorococaine.gif\" \/>\n\t<meta property=\"og:image:width\" content=\"600\" \/>\n\t<meta property=\"og:image:height\" content=\"600\" \/>\n\t<meta property=\"og:image:type\" content=\"image\/gif\" \/>\n<meta name=\"twitter:card\" content=\"summary_large_image\" \/>\n<meta name=\"twitter:label1\" content=\"Tempo di lettura stimato\" \/>\n\t<meta name=\"twitter:data1\" content=\"3 minuti\" \/>\n<script type=\"application\/ld+json\" class=\"yoast-schema-graph\">{\"@context\":\"https:\/\/schema.org\",\"@graph\":[{\"@type\":\"WebPage\",\"@id\":\"https:\/\/poudresdenarco.com\/produit\/4fluorococaine\/\",\"url\":\"https:\/\/poudresdenarco.com\/produit\/4fluorococaine\/\",\"name\":\"Acheter 4-Fluorococaine| Poudres de Narco\\\"\",\"isPartOf\":{\"@id\":\"https:\/\/poudresdenarco.com\/#website\"},\"primaryImageOfPage\":{\"@id\":\"https:\/\/poudresdenarco.com\/produit\/4fluorococaine\/#primaryimage\"},\"image\":{\"@id\":\"https:\/\/poudresdenarco.com\/produit\/4fluorococaine\/#primaryimage\"},\"thumbnailUrl\":\"https:\/\/poudresdenarco.com\/wp-content\/uploads\/2024\/10\/4fluorococaine.gif\",\"datePublished\":\"2024-10-16T10:54:45+00:00\",\"dateModified\":\"2024-11-02T15:31:08+00:00\",\"description\":\"Fournisseur de 4-Fluorococaine pour applications scientifiques en laboratoire. Puret\u00e9 et s\u00e9curit\u00e9 garanties pour recherches chez Poudres de Narco.\",\"breadcrumb\":{\"@id\":\"https:\/\/poudresdenarco.com\/produit\/4fluorococaine\/#breadcrumb\"},\"inLanguage\":\"it-IT\",\"potentialAction\":[{\"@type\":\"ReadAction\",\"target\":[\"https:\/\/poudresdenarco.com\/produit\/4fluorococaine\/\"]}]},{\"@type\":\"ImageObject\",\"inLanguage\":\"it-IT\",\"@id\":\"https:\/\/poudresdenarco.com\/produit\/4fluorococaine\/#primaryimage\",\"url\":\"https:\/\/poudresdenarco.com\/wp-content\/uploads\/2024\/10\/4fluorococaine.gif\",\"contentUrl\":\"https:\/\/poudresdenarco.com\/wp-content\/uploads\/2024\/10\/4fluorococaine.gif\",\"width\":600,\"height\":600,\"caption\":\"4fluorococaine\"},{\"@type\":\"BreadcrumbList\",\"@id\":\"https:\/\/poudresdenarco.com\/produit\/4fluorococaine\/#breadcrumb\",\"itemListElement\":[{\"@type\":\"ListItem\",\"position\":1,\"name\":\"Home\",\"item\":\"https:\/\/poudresdenarco.com\/\"},{\"@type\":\"ListItem\",\"position\":2,\"name\":\"Boutique\",\"item\":\"https:\/\/poudresdenarco.com\/boutique\/\"},{\"@type\":\"ListItem\",\"position\":3,\"name\":\"4fluorococaine\"}]},{\"@type\":\"WebSite\",\"@id\":\"https:\/\/poudresdenarco.com\/#website\",\"url\":\"https:\/\/poudresdenarco.com\/\",\"name\":\"Poudresde Narco\",\"description\":\"Acheter de la coca\u00efne et de l&#039;h\u00e9ro\u00efne en ligne\",\"potentialAction\":[{\"@type\":\"SearchAction\",\"target\":{\"@type\":\"EntryPoint\",\"urlTemplate\":\"https:\/\/poudresdenarco.com\/?s={search_term_string}\"},\"query-input\":{\"@type\":\"PropertyValueSpecification\",\"valueRequired\":true,\"valueName\":\"search_term_string\"}}],\"inLanguage\":\"it-IT\"}]}<\/script>\n<!-- \/ Yoast SEO plugin. -->","yoast_head_json":{"title":"Acheter 4-Fluorococaine| Poudres de Narco\"","description":"Fournisseur de 4-Fluorococaine pour applications scientifiques en laboratoire. Puret\u00e9 et s\u00e9curit\u00e9 garanties pour recherches chez Poudres de Narco.","robots":{"index":"index","follow":"follow","max-snippet":"max-snippet:-1","max-image-preview":"max-image-preview:large","max-video-preview":"max-video-preview:-1"},"canonical":"https:\/\/poudresdenarco.com\/it\/prodotto\/4fluorocaina\/","og_locale":"it_IT","og_type":"article","og_title":"Acheter 4-Fluorococaine| Poudres de Narco\"","og_description":"Fournisseur de 4-Fluorococaine pour applications scientifiques en laboratoire. Puret\u00e9 et s\u00e9curit\u00e9 garanties pour recherches chez Poudres de Narco.","og_url":"https:\/\/poudresdenarco.com\/it\/prodotto\/4fluorocaina\/","og_site_name":"Poudresde Narco","article_modified_time":"2024-11-02T15:31:08+00:00","og_image":[{"width":600,"height":600,"url":"https:\/\/poudresdenarco.com\/wp-content\/uploads\/2024\/10\/4fluorococaine.gif","type":"image\/gif"}],"twitter_card":"summary_large_image","twitter_misc":{"Tempo di lettura stimato":"3 minuti"},"schema":{"@context":"https:\/\/schema.org","@graph":[{"@type":"WebPage","@id":"https:\/\/poudresdenarco.com\/produit\/4fluorococaine\/","url":"https:\/\/poudresdenarco.com\/produit\/4fluorococaine\/","name":"Acheter 4-Fluorococaine| Poudres de Narco\"","isPartOf":{"@id":"https:\/\/poudresdenarco.com\/#website"},"primaryImageOfPage":{"@id":"https:\/\/poudresdenarco.com\/produit\/4fluorococaine\/#primaryimage"},"image":{"@id":"https:\/\/poudresdenarco.com\/produit\/4fluorococaine\/#primaryimage"},"thumbnailUrl":"https:\/\/poudresdenarco.com\/wp-content\/uploads\/2024\/10\/4fluorococaine.gif","datePublished":"2024-10-16T10:54:45+00:00","dateModified":"2024-11-02T15:31:08+00:00","description":"Fournisseur de 4-Fluorococaine pour applications scientifiques en laboratoire. Puret\u00e9 et s\u00e9curit\u00e9 garanties pour recherches chez Poudres de Narco.","breadcrumb":{"@id":"https:\/\/poudresdenarco.com\/produit\/4fluorococaine\/#breadcrumb"},"inLanguage":"it-IT","potentialAction":[{"@type":"ReadAction","target":["https:\/\/poudresdenarco.com\/produit\/4fluorococaine\/"]}]},{"@type":"ImageObject","inLanguage":"it-IT","@id":"https:\/\/poudresdenarco.com\/produit\/4fluorococaine\/#primaryimage","url":"https:\/\/poudresdenarco.com\/wp-content\/uploads\/2024\/10\/4fluorococaine.gif","contentUrl":"https:\/\/poudresdenarco.com\/wp-content\/uploads\/2024\/10\/4fluorococaine.gif","width":600,"height":600,"caption":"4fluorococaine"},{"@type":"BreadcrumbList","@id":"https:\/\/poudresdenarco.com\/produit\/4fluorococaine\/#breadcrumb","itemListElement":[{"@type":"ListItem","position":1,"name":"Home","item":"https:\/\/poudresdenarco.com\/"},{"@type":"ListItem","position":2,"name":"Boutique","item":"https:\/\/poudresdenarco.com\/boutique\/"},{"@type":"ListItem","position":3,"name":"4fluorococaine"}]},{"@type":"WebSite","@id":"https:\/\/poudresdenarco.com\/#website","url":"https:\/\/poudresdenarco.com\/","name":"Poudresde Narco","description":"Acheter de la coca\u00efne et de l&#039;h\u00e9ro\u00efne en ligne","potentialAction":[{"@type":"SearchAction","target":{"@type":"EntryPoint","urlTemplate":"https:\/\/poudresdenarco.com\/?s={search_term_string}"},"query-input":{"@type":"PropertyValueSpecification","valueRequired":true,"valueName":"search_term_string"}}],"inLanguage":"it-IT"}]}},"_links":{"self":[{"href":"https:\/\/poudresdenarco.com\/it\/wp-json\/wp\/v2\/product\/4751","targetHints":{"allow":["GET"]}}],"collection":[{"href":"https:\/\/poudresdenarco.com\/it\/wp-json\/wp\/v2\/product"}],"about":[{"href":"https:\/\/poudresdenarco.com\/it\/wp-json\/wp\/v2\/types\/product"}],"replies":[{"embeddable":true,"href":"https:\/\/poudresdenarco.com\/it\/wp-json\/wp\/v2\/comments?post=4751"}],"wp:featuredmedia":[{"embeddable":true,"href":"https:\/\/poudresdenarco.com\/it\/wp-json\/wp\/v2\/media\/6148"}],"wp:attachment":[{"href":"https:\/\/poudresdenarco.com\/it\/wp-json\/wp\/v2\/media?parent=4751"}],"wp:term":[{"taxonomy":"product_cat","embeddable":true,"href":"https:\/\/poudresdenarco.com\/it\/wp-json\/wp\/v2\/product_cat?post=4751"},{"taxonomy":"product_tag","embeddable":true,"href":"https:\/\/poudresdenarco.com\/it\/wp-json\/wp\/v2\/product_tag?post=4751"}],"curies":[{"name":"wp","href":"https:\/\/api.w.org\/{rel}","templated":true}]}}