{"id":6003,"date":"2024-10-16T11:32:20","date_gmt":"2024-10-16T11:32:20","guid":{"rendered":"https:\/\/poudresdenarco.com\/?post_type=product&#038;p=6003"},"modified":"2024-12-23T09:55:07","modified_gmt":"2024-12-23T09:55:07","slug":"a-pvp","status":"publish","type":"product","link":"https:\/\/poudresdenarco.com\/it\/prodotto\/a-pvp\/","title":{"rendered":"A-PVP"},"content":{"rendered":"<h2>CRISTALLI A-PVP online<\/h2>\n<p>L<a href=\"https:\/\/poudresdenarco.com\/it\/prodotto\/a-pvp\/\">alfa-PVP<\/a>nota anche come A-PVP CRYSTALS, \u00e8 un potente stimolante e viene generalmente assunta per raggiungere l'euforia. Alcuni ricercatori la definiscono anche una sostanza psicoattiva. All'inizio degli anni '60 \u00e8 stata scoperta e ha un livello di potenza pari a 1\/4 di quello dell'MDPV.<\/p>\n<p>Anche gli effetti sono abbastanza simili. <a href=\"https:\/\/en.wikipedia.org\/wiki\/%CE%91-Pyrrolidinopentiophenone\">A-PVP<\/a> CRISTALLI si trova generalmente sotto forma di cristallo di rocca bianco. Vari usi ed effetti dell'A-PVP \u00c8 necessario mescolare l'alfa-PVP con altre sostanze prima di assumerlo.<\/p>\n<p>Inoltre, pu\u00f2 essere inalato o assunto per via orale. Il dosaggio deve essere deciso esclusivamente dal medico e non si devono assumere pi\u00f9 dosi in una sola ora. <a href=\"https:\/\/poudresdenarco.com\/it\/\">poudresdenarco<\/a><\/p>\n<h3>Anche se meno potente, l'A-PVP CRYSTALS pu\u00f2 essere paragonato alla cocaina.<\/h3>\n<p>Se lo si mette sotto la lingua, si noter\u00e0 che si scioglie molto rapidamente. Allo stesso tempo, si pu\u00f2 avvertire una sorta di intorpidimento.<\/p>\n<p>L'euforia richiede un po' di tempo per manifestarsi, ma dovrebbe essere presente entro 30 minuti dall'assunzione. Dopo il torpore, si noter\u00e0 un leggero aumento della pressione sanguigna.<\/p>\n<p>Allo stesso tempo, perderete anche il desiderio di bere acqua.<\/p>\n<p>Trascorsi 45 minuti o pi\u00f9 dall'assunzione, ci si sente leggermente stimolati e si pu\u00f2 anche provare sonnolenza.<\/p>\n<p>Nel complesso, gli effetti non dovrebbero durare pi\u00f9 di 3 ore e si potrebbe non sentire la necessit\u00e0 di assumere un'altra dose a breve.<\/p>\n<p>Se si utilizza il metodo dell'insufflazione, si \u00e8 destinati a provare una sensazione di euforia per un periodo di tempo relativamente pi\u00f9 lungo. Detto questo, \u00e8 difficile indovinare quanto sia forte, poich\u00e9 alcuni pazienti ne risentono molto lentamente, mentre altri ne risentono abbastanza rapidamente.<\/p>\n<p>Non appena il prodotto entra nel naso del cliente, inizia a funzionare. Entro 10 minuti dall'assunzione del prodotto, si avverte una sensazione di euforia (metodo dell'insufflazione).<\/p>\n<h4><strong>Acquistare A-PVP di elevata purezza per la ricerca - Narco Powders<\/strong><\/h4>\n<p><strong>Polveri narcotiche<\/strong> \u00e8 un fornitore di fiducia per il <strong>Ricerca di qualit\u00e0 A-PVP<\/strong>progettato specificamente per <strong>applicazioni scientifiche di laboratorio<\/strong>. Il nostro A-PVP \u00e8 prodotto secondo rigorosi standard di purezza e qualit\u00e0, offrendo risultati costanti ai ricercatori di chimica e farmacologia.<\/p>\n<h3>Perch\u00e9 scegliere l'A-PVP di Poudres de Narco?<\/h3>\n<p>Come <strong>fornitore affidabile di A-PVP<\/strong>, <strong>Polveri narcotiche<\/strong> garantisce prodotti conformi a <strong>laboratori certificati<\/strong> :<\/p>\n<ul>\n<li><strong>A-PVP di elevata purezza per i laboratori<\/strong> Ogni lotto \u00e8 rigorosamente testato per garantire la massima purezza, essenziale per applicazioni scientifiche precise.<\/li>\n<li><strong>Qualit\u00e0 costante e affidabile<\/strong> Il nostro A-PVP \u00e8 formulato per garantire prestazioni stabili e affidabili, adatte a <strong>studi di laboratorio analitici<\/strong>.<\/li>\n<li><strong>Ordini online sicuri<\/strong> : <strong>Polveri narcotiche<\/strong> offre un processo semplificato per<strong>acquistare A-PVP online<\/strong>garantire la sicurezza e la conformit\u00e0.<\/li>\n<\/ul>\n<h3>Applicazioni e istruzioni di sicurezza<\/h3>\n<p>Le <strong>A-PVP per la ricerca<\/strong> da <strong>Polveri narcotiche<\/strong> \u00e8 destinato a <strong>applicazioni analitiche e studi scientifici<\/strong>. Forniamo raccomandazioni di sicurezza per un uso ottimale:<\/p>\n<ul>\n<li><strong>Stoccaggio sicuro<\/strong> Conservare A-PVP in un luogo fresco e asciutto, al riparo dalla luce.<\/li>\n<li><strong>Manipolazione con precauzioni<\/strong> Utilizzare i dispositivi di protezione individuale (DPI) e lavorare in aree ben ventilate.<\/li>\n<li><strong>Uso strettamente riservato alla ricerca<\/strong> Questo prodotto \u00e8 riservato ai laboratori certificati e ai ricercatori qualificati.<\/li>\n<\/ul>\n<h3>Ordinate A-PVP di elevata purezza per i vostri studi scientifici<\/h3>\n<p>Con <strong>Polveri narcotiche<\/strong>beneficiare di <strong>fornitura affidabile di A-PVP per applicazioni di laboratorio<\/strong>. <strong>Contattateci<\/strong> per un preventivo o per saperne di pi\u00f9 sulla nostra gamma di prodotti per la ricerca scientifica Acquista A-PVP.<\/p>\n<p>&nbsp;<\/p>","protected":false},"excerpt":{"rendered":"<p>A-PVP CRYSTALS en ligne L&lsquo;alpha-PVP, \u00e9galement connu sous le nom de A-PVP CRYSTALS, est un puissant stimulant et il est g\u00e9n\u00e9ralement pris pour atteindre l&rsquo;euphorie. Certains chercheurs le qualifient \u00e9galement de substance psychoactive. Au d\u00e9but des ann\u00e9es 1960, il a \u00e9t\u00e9 d\u00e9couvert et il a un niveau de puissance 1\/4, par rapport au MDPV, Acheter&hellip;<\/p>","protected":false},"featured_media":6180,"comment_status":"open","ping_status":"closed","template":"","meta":{"_joinchat":[]},"product_cat":[558,751],"product_tag":[],"class_list":{"0":"post-6003","1":"product","2":"type-product","3":"status-publish","4":"has-post-thumbnail","6":"product_cat-chimiques-de-recherche","7":"product_cat-stimulants","9":"first","10":"instock","11":"shipping-taxable","12":"purchasable","13":"product-type-variable","14":"col-xs-6 col-sm-4","15":"col-md-3 col-lg-3","16":"un-4-cols"},"yoast_head":"<!-- This site is optimized with the Yoast SEO plugin v23.8 - https:\/\/yoast.com\/wordpress\/plugins\/seo\/ -->\n<title>Acheter A-PVP Puret\u00e9 pour de Recherche | Poudres de Narco&quot;<\/title>\n<meta name=\"description\" content=\"Fournisseur de A-PVP pour applications scientifiques en laboratoire. Puret\u00e9 et s\u00e9curit\u00e9 garanties pour recherches avanc\u00e9es chez Poudres de Narco.\" \/>\n<meta name=\"robots\" content=\"index, follow, max-snippet:-1, max-image-preview:large, max-video-preview:-1\" \/>\n<link rel=\"canonical\" href=\"https:\/\/poudresdenarco.com\/it\/prodotto\/a-pvp\/\" \/>\n<meta property=\"og:locale\" content=\"it_IT\" \/>\n<meta property=\"og:type\" content=\"article\" \/>\n<meta property=\"og:title\" content=\"Acheter A-PVP Puret\u00e9 pour de Recherche | Poudres de Narco&quot;\" \/>\n<meta property=\"og:description\" content=\"Fournisseur de A-PVP pour applications scientifiques en laboratoire. Puret\u00e9 et s\u00e9curit\u00e9 garanties pour recherches avanc\u00e9es chez Poudres de Narco.\" \/>\n<meta property=\"og:url\" content=\"https:\/\/poudresdenarco.com\/it\/prodotto\/a-pvp\/\" \/>\n<meta property=\"og:site_name\" content=\"Poudresde Narco\" \/>\n<meta property=\"article:modified_time\" content=\"2024-12-23T09:55:07+00:00\" \/>\n<meta property=\"og:image\" content=\"https:\/\/poudresdenarco.com\/wp-content\/uploads\/2024\/10\/A-PVP.gif\" \/>\n\t<meta property=\"og:image:width\" content=\"600\" \/>\n\t<meta property=\"og:image:height\" content=\"600\" \/>\n\t<meta property=\"og:image:type\" content=\"image\/gif\" \/>\n<meta name=\"twitter:card\" content=\"summary_large_image\" \/>\n<meta name=\"twitter:label1\" content=\"Tempo di lettura stimato\" \/>\n\t<meta name=\"twitter:data1\" content=\"3 minuti\" \/>\n<script type=\"application\/ld+json\" class=\"yoast-schema-graph\">{\"@context\":\"https:\/\/schema.org\",\"@graph\":[{\"@type\":\"WebPage\",\"@id\":\"https:\/\/poudresdenarco.com\/produit\/a-pvp\/\",\"url\":\"https:\/\/poudresdenarco.com\/produit\/a-pvp\/\",\"name\":\"Acheter A-PVP Puret\u00e9 pour de Recherche | Poudres de Narco\\\"\",\"isPartOf\":{\"@id\":\"https:\/\/poudresdenarco.com\/#website\"},\"primaryImageOfPage\":{\"@id\":\"https:\/\/poudresdenarco.com\/produit\/a-pvp\/#primaryimage\"},\"image\":{\"@id\":\"https:\/\/poudresdenarco.com\/produit\/a-pvp\/#primaryimage\"},\"thumbnailUrl\":\"https:\/\/poudresdenarco.com\/wp-content\/uploads\/2024\/10\/A-PVP.gif\",\"datePublished\":\"2024-10-16T11:32:20+00:00\",\"dateModified\":\"2024-12-23T09:55:07+00:00\",\"description\":\"Fournisseur de A-PVP pour applications scientifiques en laboratoire. Puret\u00e9 et s\u00e9curit\u00e9 garanties pour recherches avanc\u00e9es chez Poudres de Narco.\",\"breadcrumb\":{\"@id\":\"https:\/\/poudresdenarco.com\/produit\/a-pvp\/#breadcrumb\"},\"inLanguage\":\"it-IT\",\"potentialAction\":[{\"@type\":\"ReadAction\",\"target\":[\"https:\/\/poudresdenarco.com\/produit\/a-pvp\/\"]}]},{\"@type\":\"ImageObject\",\"inLanguage\":\"it-IT\",\"@id\":\"https:\/\/poudresdenarco.com\/produit\/a-pvp\/#primaryimage\",\"url\":\"https:\/\/poudresdenarco.com\/wp-content\/uploads\/2024\/10\/A-PVP.gif\",\"contentUrl\":\"https:\/\/poudresdenarco.com\/wp-content\/uploads\/2024\/10\/A-PVP.gif\",\"width\":600,\"height\":600,\"caption\":\"A-PVP\"},{\"@type\":\"BreadcrumbList\",\"@id\":\"https:\/\/poudresdenarco.com\/produit\/a-pvp\/#breadcrumb\",\"itemListElement\":[{\"@type\":\"ListItem\",\"position\":1,\"name\":\"Home\",\"item\":\"https:\/\/poudresdenarco.com\/\"},{\"@type\":\"ListItem\",\"position\":2,\"name\":\"Boutique\",\"item\":\"https:\/\/poudresdenarco.com\/boutique\/\"},{\"@type\":\"ListItem\",\"position\":3,\"name\":\"A-PVP\"}]},{\"@type\":\"WebSite\",\"@id\":\"https:\/\/poudresdenarco.com\/#website\",\"url\":\"https:\/\/poudresdenarco.com\/\",\"name\":\"Poudresde Narco\",\"description\":\"Acheter de la coca\u00efne et de l&#039;h\u00e9ro\u00efne en ligne\",\"potentialAction\":[{\"@type\":\"SearchAction\",\"target\":{\"@type\":\"EntryPoint\",\"urlTemplate\":\"https:\/\/poudresdenarco.com\/?s={search_term_string}\"},\"query-input\":{\"@type\":\"PropertyValueSpecification\",\"valueRequired\":true,\"valueName\":\"search_term_string\"}}],\"inLanguage\":\"it-IT\"}]}<\/script>\n<!-- \/ Yoast SEO plugin. -->","yoast_head_json":{"title":"Acheter A-PVP Puret\u00e9 pour de Recherche | Poudres de Narco\"","description":"Fournisseur de A-PVP pour applications scientifiques en laboratoire. Puret\u00e9 et s\u00e9curit\u00e9 garanties pour recherches avanc\u00e9es chez Poudres de Narco.","robots":{"index":"index","follow":"follow","max-snippet":"max-snippet:-1","max-image-preview":"max-image-preview:large","max-video-preview":"max-video-preview:-1"},"canonical":"https:\/\/poudresdenarco.com\/it\/prodotto\/a-pvp\/","og_locale":"it_IT","og_type":"article","og_title":"Acheter A-PVP Puret\u00e9 pour de Recherche | Poudres de Narco\"","og_description":"Fournisseur de A-PVP pour applications scientifiques en laboratoire. Puret\u00e9 et s\u00e9curit\u00e9 garanties pour recherches avanc\u00e9es chez Poudres de Narco.","og_url":"https:\/\/poudresdenarco.com\/it\/prodotto\/a-pvp\/","og_site_name":"Poudresde Narco","article_modified_time":"2024-12-23T09:55:07+00:00","og_image":[{"width":600,"height":600,"url":"https:\/\/poudresdenarco.com\/wp-content\/uploads\/2024\/10\/A-PVP.gif","type":"image\/gif"}],"twitter_card":"summary_large_image","twitter_misc":{"Tempo di lettura stimato":"3 minuti"},"schema":{"@context":"https:\/\/schema.org","@graph":[{"@type":"WebPage","@id":"https:\/\/poudresdenarco.com\/produit\/a-pvp\/","url":"https:\/\/poudresdenarco.com\/produit\/a-pvp\/","name":"Acheter A-PVP Puret\u00e9 pour de Recherche | Poudres de Narco\"","isPartOf":{"@id":"https:\/\/poudresdenarco.com\/#website"},"primaryImageOfPage":{"@id":"https:\/\/poudresdenarco.com\/produit\/a-pvp\/#primaryimage"},"image":{"@id":"https:\/\/poudresdenarco.com\/produit\/a-pvp\/#primaryimage"},"thumbnailUrl":"https:\/\/poudresdenarco.com\/wp-content\/uploads\/2024\/10\/A-PVP.gif","datePublished":"2024-10-16T11:32:20+00:00","dateModified":"2024-12-23T09:55:07+00:00","description":"Fournisseur de A-PVP pour applications scientifiques en laboratoire. Puret\u00e9 et s\u00e9curit\u00e9 garanties pour recherches avanc\u00e9es chez Poudres de Narco.","breadcrumb":{"@id":"https:\/\/poudresdenarco.com\/produit\/a-pvp\/#breadcrumb"},"inLanguage":"it-IT","potentialAction":[{"@type":"ReadAction","target":["https:\/\/poudresdenarco.com\/produit\/a-pvp\/"]}]},{"@type":"ImageObject","inLanguage":"it-IT","@id":"https:\/\/poudresdenarco.com\/produit\/a-pvp\/#primaryimage","url":"https:\/\/poudresdenarco.com\/wp-content\/uploads\/2024\/10\/A-PVP.gif","contentUrl":"https:\/\/poudresdenarco.com\/wp-content\/uploads\/2024\/10\/A-PVP.gif","width":600,"height":600,"caption":"A-PVP"},{"@type":"BreadcrumbList","@id":"https:\/\/poudresdenarco.com\/produit\/a-pvp\/#breadcrumb","itemListElement":[{"@type":"ListItem","position":1,"name":"Home","item":"https:\/\/poudresdenarco.com\/"},{"@type":"ListItem","position":2,"name":"Boutique","item":"https:\/\/poudresdenarco.com\/boutique\/"},{"@type":"ListItem","position":3,"name":"A-PVP"}]},{"@type":"WebSite","@id":"https:\/\/poudresdenarco.com\/#website","url":"https:\/\/poudresdenarco.com\/","name":"Poudresde Narco","description":"Acheter de la coca\u00efne et de l&#039;h\u00e9ro\u00efne en ligne","potentialAction":[{"@type":"SearchAction","target":{"@type":"EntryPoint","urlTemplate":"https:\/\/poudresdenarco.com\/?s={search_term_string}"},"query-input":{"@type":"PropertyValueSpecification","valueRequired":true,"valueName":"search_term_string"}}],"inLanguage":"it-IT"}]}},"_links":{"self":[{"href":"https:\/\/poudresdenarco.com\/it\/wp-json\/wp\/v2\/product\/6003","targetHints":{"allow":["GET"]}}],"collection":[{"href":"https:\/\/poudresdenarco.com\/it\/wp-json\/wp\/v2\/product"}],"about":[{"href":"https:\/\/poudresdenarco.com\/it\/wp-json\/wp\/v2\/types\/product"}],"replies":[{"embeddable":true,"href":"https:\/\/poudresdenarco.com\/it\/wp-json\/wp\/v2\/comments?post=6003"}],"wp:featuredmedia":[{"embeddable":true,"href":"https:\/\/poudresdenarco.com\/it\/wp-json\/wp\/v2\/media\/6180"}],"wp:attachment":[{"href":"https:\/\/poudresdenarco.com\/it\/wp-json\/wp\/v2\/media?parent=6003"}],"wp:term":[{"taxonomy":"product_cat","embeddable":true,"href":"https:\/\/poudresdenarco.com\/it\/wp-json\/wp\/v2\/product_cat?post=6003"},{"taxonomy":"product_tag","embeddable":true,"href":"https:\/\/poudresdenarco.com\/it\/wp-json\/wp\/v2\/product_tag?post=6003"}],"curies":[{"name":"wp","href":"https:\/\/api.w.org\/{rel}","templated":true}]}}