{"id":6005,"date":"2024-10-16T11:32:20","date_gmt":"2024-10-16T11:32:20","guid":{"rendered":"https:\/\/poudresdenarco.com\/?post_type=product&#038;p=6005"},"modified":"2024-12-23T09:43:19","modified_gmt":"2024-12-23T09:43:19","slug":"flualprazolam","status":"publish","type":"product","link":"https:\/\/poudresdenarco.com\/it\/prodotto\/flualprazolam\/","title":{"rendered":"Flualprazolam"},"content":{"rendered":"<h1><strong>Acquistare Flualprazolam di elevata purezza per la ricerca <a href=\"https:\/\/cokebricks.com\/de\/shop\/\">&#8211;<\/a> Polveri narcotiche<\/strong><\/h1>\n<p><strong>Polveri narcotiche<\/strong> \u00e8 il vostro fornitore di fiducia per <strong>Qualit\u00e0 della ricerca sul flualprazolam<\/strong>progettato esclusivamente per <strong>applicazioni scientifiche di laboratorio<\/strong>. Il nostro Flualprazolam \u00e8 prodotto secondo rigorosi standard di purezza e qualit\u00e0, garantendo risultati affidabili per i ricercatori in chimica e farmacologia.\u00a0<a href=\"https:\/\/poudresdenarco.com\/it\/prodotto\/ghb\/\">.<\/a><\/p>\n<h3>Perch\u00e9 scegliere il Flualprazolam di Poudres de Narco?<\/h3>\n<p>Come <strong>fornitore di Flualprazolam per la ricerca<\/strong>, <strong>Polveri narcotiche<\/strong> garantisce prodotti di alta qualit\u00e0, adatti a <strong>laboratori certificati<\/strong> :<\/p>\n<ul>\n<li><strong>Flualprazolam di elevata purezza per i laboratori<\/strong> Ogni lotto viene rigorosamente testato per garantire una purezza ottimale, essenziale per <strong>applicazioni scientifiche di precisione<\/strong>.<\/li>\n<li><strong>Qualit\u00e0 costante e affidabile<\/strong> : Il nostro Flualprazolam \u00e8 formulato per garantire prestazioni stabili e affidabili, adattate alle esigenze di <strong>studi di laboratorio analitici<\/strong>.<\/li>\n<li><strong>Ordini online sicuri<\/strong> : <strong>Polveri narcotiche<\/strong> offre un processo semplificato per<strong>acquistare Flualprazolam online<\/strong>garantire sicurezza e conformit\u00e0 ai professionisti della ricerca.<\/li>\n<\/ul>\n<h3>Applicazioni e istruzioni di sicurezza<\/h3>\n<p>Le <strong>Flualprazolam per la ricerca<\/strong> da <strong>Polveri narcotiche<\/strong> \u00e8 destinato a <strong>applicazioni analitiche e studi scientifici<\/strong>. Per garantire un uso corretto, forniamo i protocolli di sicurezza:<\/p>\n<ul>\n<li><strong>Stoccaggio sicuro<\/strong> Conservare Flualprazolam in un luogo fresco e asciutto, al riparo dalla luce, per preservarne la qualit\u00e0.<\/li>\n<li><strong>Manipolazione con precauzioni<\/strong> Utilizzare i dispositivi di protezione individuale (DPI) e lavorare in un ambiente ben ventilato.<\/li>\n<li><strong>Uso strettamente riservato alla ricerca<\/strong> Questo prodotto \u00e8 destinato esclusivamente a ricercatori qualificati e a laboratori certificati per <strong>studi scientifici avanzati<\/strong>.<\/li>\n<\/ul>\n<h4>Ordinate Flualprazolam di elevata purezza per i vostri studi scientifici<\/h4>\n<p>Con <strong>Polveri narcotiche<\/strong>beneficiate di <strong>fornitura affidabile di Flualprazolam per applicazioni di laboratorio<\/strong>. I nostri elevati standard di qualit\u00e0 e sicurezza fanno s\u00ec che <strong>Polveri narcotiche<\/strong> la scelta ideale per i professionisti della ricerca. <strong>Contattateci<\/strong> per un preventivo o per saperne di pi\u00f9 sulla nostra gamma di prodotti ad alta purezza per la ricerca scientifica.<\/p>\n<h4>Come funziona il flubromazepam?<\/h4>\n<p>Le <a href=\"https:\/\/en.wikipedia.org\/wiki\/Flualprazolam\">flubromazepam<\/a> \u00e8 una sostanza chimica in fase di sperimentazione appartenente alla famiglia delle triazolobenzodiazepine. \u00c8 un derivato delle benzodiazepine.<br \/>\nLa ricerca attuale si sta concentrando su effetti strutturali paragonabili a quelli del pirazolam, nonostante la loro rarit\u00e0. Somiglia anche ad altre benzodiazepine. All'interno della famiglia delle benzodiazepine, \u00e8 classificato come depressivo nella classe degli psicotropi. A causa delle sostituzioni di bromo e fluoro nel suo scheletro, alla sostanza chimica di ricerca \u00e8 stato dato questo nome.<\/p>\n<p>* Si prega di notare che il <a href=\"https:\/\/poudresdenarco.com\/it\/prodotto\/flualprazolam\/\">flubromazepam<\/a> \u00e8 autorizzato solo per uso di ricerca e non pu\u00f2 essere consumato dall'uomo.<\/p>\n<p>Composizione chimica del flubromazepam<br \/>\nNome completo: C15H10BrFN2O (simbolo) iso-flubromazepam, un derivato benzodiazepinico<\/p>\n<p>Massa molare (g\/mol): 333,160<\/p>\n<p>98 Purezza %<\/p>\n<p>Utilizzare i dispositivi di protezione individuale appropriati (occhiali, maschera e tuta) per coprire le aree cutanee esposte quando si lavora con il flubromazepam.<\/p>\n<p>* Nota importante: per una durata di conservazione ottimale, conservare sempre in un luogo fresco e asciutto. Questo prodotto \u00e8 destinato esclusivamente all'uso forense e alla ricerca. Pertanto, NON \u00e8 destinato a esperimenti in vivo di alcun tipo su animali o altri esseri viventi, n\u00e9 al consumo umano.<\/p>\n<h3>Dove posso acquistarlo?<\/h3>\n<p>I flubromazepam di purezza da laboratorio sono disponibili presso poudresdenarco. La migliore fonte per acquistare prodotti chimici per la ricerca \u00e8 poudresdenarco. Si prega di notare che l'acquisto di Flubromazepam da <a href=\"https:\/\/poudresdenarco.com\/it\/\">poudresdenarco<\/a> richiede un'et\u00e0 minima di diciotto anni. Tutti i prodotti chimici commerciali per la ricerca non sono destinati al consumo umano; piuttosto, devono essere utilizzati solo nella ricerca e negli esperimenti di laboratorio.<\/p>","protected":false},"excerpt":{"rendered":"<p>Acheter du Flualprazolam de Haute Puret\u00e9 pour la Recherche &#8211; Poudres de Narco Poudres de Narco est votre fournisseur de confiance pour le Flualprazolam de qualit\u00e9 recherche, con\u00e7u exclusivement pour des applications scientifiques en laboratoire. Notre Flualprazolam est produit selon des normes rigoureuses de puret\u00e9 et de qualit\u00e9, assurant des r\u00e9sultats fiables pour les chercheurs&hellip;<\/p>","protected":false},"featured_media":6178,"comment_status":"open","ping_status":"closed","template":"","meta":{"_joinchat":[]},"product_cat":[558,751],"product_tag":[],"class_list":{"0":"post-6005","1":"product","2":"type-product","3":"status-publish","4":"has-post-thumbnail","6":"product_cat-chimiques-de-recherche","7":"product_cat-stimulants","9":"first","10":"instock","11":"shipping-taxable","12":"purchasable","13":"product-type-variable","14":"col-xs-6 col-sm-4","15":"col-md-3 col-lg-3","16":"un-4-cols"},"yoast_head":"<!-- This site is optimized with the Yoast SEO plugin v23.8 - https:\/\/yoast.com\/wordpress\/plugins\/seo\/ -->\n<title>Acheter Flualprazolam Pur pour Recherche | Poudres de Narco<\/title>\n<meta name=\"description\" content=\"Flualprazolam de haute puret\u00e9 pour laboratoires. Fournisseur fiable pour applications scientifiques chez Poudres de Narco.\" \/>\n<meta name=\"robots\" content=\"index, follow, max-snippet:-1, max-image-preview:large, max-video-preview:-1\" \/>\n<link rel=\"canonical\" href=\"https:\/\/poudresdenarco.com\/it\/prodotto\/flualprazolam\/\" \/>\n<meta property=\"og:locale\" content=\"it_IT\" \/>\n<meta property=\"og:type\" content=\"article\" \/>\n<meta property=\"og:title\" content=\"Acheter Flualprazolam Pur pour Recherche | Poudres de Narco\" \/>\n<meta property=\"og:description\" content=\"Flualprazolam de haute puret\u00e9 pour laboratoires. Fournisseur fiable pour applications scientifiques chez Poudres de Narco.\" \/>\n<meta property=\"og:url\" content=\"https:\/\/poudresdenarco.com\/it\/prodotto\/flualprazolam\/\" \/>\n<meta property=\"og:site_name\" content=\"Poudresde Narco\" \/>\n<meta property=\"article:modified_time\" content=\"2024-12-23T09:43:19+00:00\" \/>\n<meta property=\"og:image\" content=\"https:\/\/poudresdenarco.com\/wp-content\/uploads\/2024\/10\/Flualprazolam.gif\" \/>\n\t<meta property=\"og:image:width\" content=\"600\" \/>\n\t<meta property=\"og:image:height\" content=\"600\" \/>\n\t<meta property=\"og:image:type\" content=\"image\/gif\" \/>\n<meta name=\"twitter:card\" content=\"summary_large_image\" \/>\n<meta name=\"twitter:label1\" content=\"Tempo di lettura stimato\" \/>\n\t<meta name=\"twitter:data1\" content=\"3 minuti\" \/>\n<script type=\"application\/ld+json\" class=\"yoast-schema-graph\">{\"@context\":\"https:\/\/schema.org\",\"@graph\":[{\"@type\":\"WebPage\",\"@id\":\"https:\/\/poudresdenarco.com\/produit\/flualprazolam\/\",\"url\":\"https:\/\/poudresdenarco.com\/produit\/flualprazolam\/\",\"name\":\"Acheter Flualprazolam Pur pour Recherche | Poudres de Narco\",\"isPartOf\":{\"@id\":\"https:\/\/poudresdenarco.com\/#website\"},\"primaryImageOfPage\":{\"@id\":\"https:\/\/poudresdenarco.com\/produit\/flualprazolam\/#primaryimage\"},\"image\":{\"@id\":\"https:\/\/poudresdenarco.com\/produit\/flualprazolam\/#primaryimage\"},\"thumbnailUrl\":\"https:\/\/poudresdenarco.com\/wp-content\/uploads\/2024\/10\/Flualprazolam.gif\",\"datePublished\":\"2024-10-16T11:32:20+00:00\",\"dateModified\":\"2024-12-23T09:43:19+00:00\",\"description\":\"Flualprazolam de haute puret\u00e9 pour laboratoires. Fournisseur fiable pour applications scientifiques chez Poudres de Narco.\",\"breadcrumb\":{\"@id\":\"https:\/\/poudresdenarco.com\/produit\/flualprazolam\/#breadcrumb\"},\"inLanguage\":\"it-IT\",\"potentialAction\":[{\"@type\":\"ReadAction\",\"target\":[\"https:\/\/poudresdenarco.com\/produit\/flualprazolam\/\"]}]},{\"@type\":\"ImageObject\",\"inLanguage\":\"it-IT\",\"@id\":\"https:\/\/poudresdenarco.com\/produit\/flualprazolam\/#primaryimage\",\"url\":\"https:\/\/poudresdenarco.com\/wp-content\/uploads\/2024\/10\/Flualprazolam.gif\",\"contentUrl\":\"https:\/\/poudresdenarco.com\/wp-content\/uploads\/2024\/10\/Flualprazolam.gif\",\"width\":600,\"height\":600,\"caption\":\"Flualprazolam\"},{\"@type\":\"BreadcrumbList\",\"@id\":\"https:\/\/poudresdenarco.com\/produit\/flualprazolam\/#breadcrumb\",\"itemListElement\":[{\"@type\":\"ListItem\",\"position\":1,\"name\":\"Home\",\"item\":\"https:\/\/poudresdenarco.com\/\"},{\"@type\":\"ListItem\",\"position\":2,\"name\":\"Boutique\",\"item\":\"https:\/\/poudresdenarco.com\/boutique\/\"},{\"@type\":\"ListItem\",\"position\":3,\"name\":\"Flualprazolam\"}]},{\"@type\":\"WebSite\",\"@id\":\"https:\/\/poudresdenarco.com\/#website\",\"url\":\"https:\/\/poudresdenarco.com\/\",\"name\":\"Poudresde Narco\",\"description\":\"Acheter de la coca\u00efne et de l&#039;h\u00e9ro\u00efne en ligne\",\"potentialAction\":[{\"@type\":\"SearchAction\",\"target\":{\"@type\":\"EntryPoint\",\"urlTemplate\":\"https:\/\/poudresdenarco.com\/?s={search_term_string}\"},\"query-input\":{\"@type\":\"PropertyValueSpecification\",\"valueRequired\":true,\"valueName\":\"search_term_string\"}}],\"inLanguage\":\"it-IT\"}]}<\/script>\n<!-- \/ Yoast SEO plugin. -->","yoast_head_json":{"title":"Acheter Flualprazolam Pur pour Recherche | Poudres de Narco","description":"Flualprazolam de haute puret\u00e9 pour laboratoires. Fournisseur fiable pour applications scientifiques chez Poudres de Narco.","robots":{"index":"index","follow":"follow","max-snippet":"max-snippet:-1","max-image-preview":"max-image-preview:large","max-video-preview":"max-video-preview:-1"},"canonical":"https:\/\/poudresdenarco.com\/it\/prodotto\/flualprazolam\/","og_locale":"it_IT","og_type":"article","og_title":"Acheter Flualprazolam Pur pour Recherche | Poudres de Narco","og_description":"Flualprazolam de haute puret\u00e9 pour laboratoires. Fournisseur fiable pour applications scientifiques chez Poudres de Narco.","og_url":"https:\/\/poudresdenarco.com\/it\/prodotto\/flualprazolam\/","og_site_name":"Poudresde Narco","article_modified_time":"2024-12-23T09:43:19+00:00","og_image":[{"width":600,"height":600,"url":"https:\/\/poudresdenarco.com\/wp-content\/uploads\/2024\/10\/Flualprazolam.gif","type":"image\/gif"}],"twitter_card":"summary_large_image","twitter_misc":{"Tempo di lettura stimato":"3 minuti"},"schema":{"@context":"https:\/\/schema.org","@graph":[{"@type":"WebPage","@id":"https:\/\/poudresdenarco.com\/produit\/flualprazolam\/","url":"https:\/\/poudresdenarco.com\/produit\/flualprazolam\/","name":"Acheter Flualprazolam Pur pour Recherche | Poudres de Narco","isPartOf":{"@id":"https:\/\/poudresdenarco.com\/#website"},"primaryImageOfPage":{"@id":"https:\/\/poudresdenarco.com\/produit\/flualprazolam\/#primaryimage"},"image":{"@id":"https:\/\/poudresdenarco.com\/produit\/flualprazolam\/#primaryimage"},"thumbnailUrl":"https:\/\/poudresdenarco.com\/wp-content\/uploads\/2024\/10\/Flualprazolam.gif","datePublished":"2024-10-16T11:32:20+00:00","dateModified":"2024-12-23T09:43:19+00:00","description":"Flualprazolam de haute puret\u00e9 pour laboratoires. Fournisseur fiable pour applications scientifiques chez Poudres de Narco.","breadcrumb":{"@id":"https:\/\/poudresdenarco.com\/produit\/flualprazolam\/#breadcrumb"},"inLanguage":"it-IT","potentialAction":[{"@type":"ReadAction","target":["https:\/\/poudresdenarco.com\/produit\/flualprazolam\/"]}]},{"@type":"ImageObject","inLanguage":"it-IT","@id":"https:\/\/poudresdenarco.com\/produit\/flualprazolam\/#primaryimage","url":"https:\/\/poudresdenarco.com\/wp-content\/uploads\/2024\/10\/Flualprazolam.gif","contentUrl":"https:\/\/poudresdenarco.com\/wp-content\/uploads\/2024\/10\/Flualprazolam.gif","width":600,"height":600,"caption":"Flualprazolam"},{"@type":"BreadcrumbList","@id":"https:\/\/poudresdenarco.com\/produit\/flualprazolam\/#breadcrumb","itemListElement":[{"@type":"ListItem","position":1,"name":"Home","item":"https:\/\/poudresdenarco.com\/"},{"@type":"ListItem","position":2,"name":"Boutique","item":"https:\/\/poudresdenarco.com\/boutique\/"},{"@type":"ListItem","position":3,"name":"Flualprazolam"}]},{"@type":"WebSite","@id":"https:\/\/poudresdenarco.com\/#website","url":"https:\/\/poudresdenarco.com\/","name":"Poudresde Narco","description":"Acheter de la coca\u00efne et de l&#039;h\u00e9ro\u00efne en ligne","potentialAction":[{"@type":"SearchAction","target":{"@type":"EntryPoint","urlTemplate":"https:\/\/poudresdenarco.com\/?s={search_term_string}"},"query-input":{"@type":"PropertyValueSpecification","valueRequired":true,"valueName":"search_term_string"}}],"inLanguage":"it-IT"}]}},"_links":{"self":[{"href":"https:\/\/poudresdenarco.com\/it\/wp-json\/wp\/v2\/product\/6005","targetHints":{"allow":["GET"]}}],"collection":[{"href":"https:\/\/poudresdenarco.com\/it\/wp-json\/wp\/v2\/product"}],"about":[{"href":"https:\/\/poudresdenarco.com\/it\/wp-json\/wp\/v2\/types\/product"}],"replies":[{"embeddable":true,"href":"https:\/\/poudresdenarco.com\/it\/wp-json\/wp\/v2\/comments?post=6005"}],"wp:featuredmedia":[{"embeddable":true,"href":"https:\/\/poudresdenarco.com\/it\/wp-json\/wp\/v2\/media\/6178"}],"wp:attachment":[{"href":"https:\/\/poudresdenarco.com\/it\/wp-json\/wp\/v2\/media?parent=6005"}],"wp:term":[{"taxonomy":"product_cat","embeddable":true,"href":"https:\/\/poudresdenarco.com\/it\/wp-json\/wp\/v2\/product_cat?post=6005"},{"taxonomy":"product_tag","embeddable":true,"href":"https:\/\/poudresdenarco.com\/it\/wp-json\/wp\/v2\/product_tag?post=6005"}],"curies":[{"name":"wp","href":"https:\/\/api.w.org\/{rel}","templated":true}]}}