{"id":6030,"date":"2024-10-16T11:32:29","date_gmt":"2024-10-16T11:32:29","guid":{"rendered":"https:\/\/poudresdenarco.com\/?post_type=product&#038;p=6030"},"modified":"2024-12-23T09:29:29","modified_gmt":"2024-12-23T09:29:29","slug":"alpha-pihp","status":"publish","type":"product","link":"https:\/\/poudresdenarco.com\/it\/prodotto\/alpha-pihp\/","title":{"rendered":"Alfa-Pihp"},"content":{"rendered":"<h2>Che cos'\u00e8 l'\u03b1-PHiP?<\/h2>\n<p>Acquista il<a href=\"https:\/\/poudresdenarco.com\/it\/prodotto\/alpha-pihp\/\">\u03b1-PHiP<\/a>talvolta chiamato alfa-PHiP, \u00e8 un isomero strutturale della sua molecola madre, il pirovalerone, e fa parte della classe dei catinoni.<br \/>\nInoltre, condivide molte somiglianze con le altre sostanze chimiche pi\u00f9 conosciute MDPV e A-PHP<a href=\"https:\/\/cokebricks.com\/es\/\">.<\/a><\/p>\n<p>Nonostante le somiglianze strutturali con sostanze che sono state testate e che hanno ottenuto il via libera per l'ingestione da parte dell'uomo, l'\u03b1-PHiP \u00e8 destinato esclusivamente alla ricerca e non deve essere consumato.<\/p>\n<p>Propriet\u00e0 chimiche di \u03b1-PHiP<\/p>\n<p>Formula chimica: C23H27N3O2<\/p>\n<p>Nome completo: 4-fenil-2-(pirrolidin-1-il)pentan-1-one<\/p>\n<p>Peso molecolare: g\/mol<\/p>\n<p>&gt; 98 purezza %<\/p>\n<h3>Dove si vende \u03b1-PHiP?<\/h3>\n<p><a href=\"https:\/\/poudresdenarco.com\/it\/\">PolvereDenarco<\/a>fornitore di fiducia di N1, offre \u03b1-PHiP di qualit\u00e0 da laboratorio sotto forma di sale in polvere. PoudresDenarco \u00e8 la migliore fonte per l'acquisto di prodotti chimici per la ricerca. Per acquistare \u03b1-PHiP da PoudresDenarco \u00e8 necessario avere almeno 18 anni. Tutti i prodotti chimici commerciali per la ricerca non sono destinati al consumo umano e devono essere utilizzati solo per la ricerca e gli esperimenti di laboratorio.<\/p>\n<h4><strong>Acquistare Alpha-PiHP di elevata purezza per la ricerca - Polveri narcotiche<\/strong><\/h4>\n<p><strong>Polveri narcotiche<\/strong> \u00e8 la vostra fonte di fiducia per <strong>Qualit\u00e0 della ricerca Alpha-PiHP<\/strong>progettato specificamente per <strong>applicazioni scientifiche di laboratorio<\/strong>. Il nostro Alpha-PiHP \u00e8 prodotto secondo rigorosi standard di purezza e qualit\u00e0, offrendo risultati costanti ai ricercatori in chimica e farmacologia.<\/p>\n<h3>Perch\u00e9 scegliere Alpha-PiHP di Poudres de Narco?<\/h3>\n<p>Come <strong>fornitore di Alpha-PiHP per la ricerca<\/strong>, <strong>Polveri narcotiche<\/strong> garantisce prodotti che soddisfano i requisiti di <strong>laboratori certificati<\/strong> :<\/p>\n<ul>\n<li><strong>Alfa-PiHP di elevata purezza per i laboratori<\/strong> Ogni lotto viene rigorosamente testato per garantire una purezza ottimale, essenziale per <strong>applicazioni scientifiche di alta precisione<\/strong>.<\/li>\n<li><strong>Qualit\u00e0 costante e affidabile<\/strong> Il nostro Alpha-PiHP \u00e8 formulato per garantire prestazioni stabili e affidabili, adatte alle esigenze di <strong>studi di laboratorio analitici<\/strong>.<\/li>\n<li><strong>Ordini online sicuri<\/strong> : <strong>Polveri narcotiche<\/strong> offre un processo semplificato per<strong>acquistare Alpha-PiHP online<\/strong>garantire sicurezza e conformit\u00e0 ai professionisti della ricerca.<\/li>\n<\/ul>\n<h3>Applicazioni e istruzioni di sicurezza<\/h3>\n<p>Le <strong>Alpha-PiHP per la ricerca<\/strong> da <strong>Polveri narcotiche<\/strong> \u00e8 progettato per <strong>applicazioni analitiche e studi scientifici<\/strong>. Forniamo raccomandazioni di sicurezza per un uso ottimale:<\/p>\n<ul>\n<li><strong>Stoccaggio sicuro<\/strong> Conservare Alpha-PiHP in un luogo fresco e asciutto, al riparo dalla luce, per preservarne la qualit\u00e0.<\/li>\n<li><strong>Manipolazione con precauzioni<\/strong> Utilizzare i dispositivi di protezione individuale (DPI) e lavorare in un'area ben ventilata per garantire la sicurezza.<\/li>\n<li><strong>Uso strettamente riservato alla ricerca<\/strong> Questo prodotto \u00e8 destinato esclusivamente a laboratori certificati e ricercatori qualificati in ambienti controllati.<\/li>\n<\/ul>\n<h3>Ordinate Alpha-PiHP di elevata purezza per i vostri studi scientifici<\/h3>\n<p>Con <strong>Polveri narcotiche<\/strong>beneficiate di <strong>fornitura affidabile di Alpha-PiHP per applicazioni di laboratorio<\/strong>. I nostri standard di qualit\u00e0 e sicurezza rendono <strong>Polveri narcotiche<\/strong> la scelta di fiducia dei professionisti della ricerca. <strong>Contattateci<\/strong> per un preventivo o per saperne di pi\u00f9 sulla nostra gamma di prodotti ad alta purezza per la ricerca scientifica.<\/p>","protected":false},"excerpt":{"rendered":"<p>Qu&rsquo;est-ce que l&rsquo;\u03b1-PHiP\u00a0? Acheter l&rsquo;\u03b1-PHiP, parfois appel\u00e9 alpha-PHiP, est un isom\u00e8re structurel de sa mol\u00e9cule m\u00e8re Pyrovalerone et un membre de la classe des cathinones. De plus, il partage de nombreuses similitudes avec les autres produits chimiques plus connus MDPV et A-PHP. Malgr\u00e9 des similitudes structurelles avec des substances qui ont subi des tests et&hellip;<\/p>","protected":false},"featured_media":6192,"comment_status":"open","ping_status":"closed","template":"","meta":{"_joinchat":[]},"product_cat":[558,751],"product_tag":[],"class_list":{"0":"post-6030","1":"product","2":"type-product","3":"status-publish","4":"has-post-thumbnail","6":"product_cat-chimiques-de-recherche","7":"product_cat-stimulants","9":"first","10":"instock","11":"shipping-taxable","12":"purchasable","13":"product-type-variable","14":"col-xs-6 col-sm-4","15":"col-md-3 col-lg-3","16":"un-4-cols"},"yoast_head":"<!-- This site is optimized with the Yoast SEO plugin v23.8 - https:\/\/yoast.com\/wordpress\/plugins\/seo\/ -->\n<title>Acheter Alpha-PiHP pour la Recherche | Poudres de Narco<\/title>\n<meta name=\"description\" content=\"Fournisseur de Alpha-PiHP pour applications scientifiques en laboratoire. Puret\u00e9 et s\u00e9curit\u00e9 garanties pour recherches avanc\u00e9es chez Poudres de Narco.\" \/>\n<meta name=\"robots\" content=\"index, follow, max-snippet:-1, max-image-preview:large, max-video-preview:-1\" \/>\n<link rel=\"canonical\" href=\"https:\/\/poudresdenarco.com\/it\/prodotto\/alpha-pihp\/\" \/>\n<meta property=\"og:locale\" content=\"it_IT\" \/>\n<meta property=\"og:type\" content=\"article\" \/>\n<meta property=\"og:title\" content=\"Acheter Alpha-PiHP pour la Recherche | Poudres de Narco\" \/>\n<meta property=\"og:description\" content=\"Fournisseur de Alpha-PiHP pour applications scientifiques en laboratoire. Puret\u00e9 et s\u00e9curit\u00e9 garanties pour recherches avanc\u00e9es chez Poudres de Narco.\" \/>\n<meta property=\"og:url\" content=\"https:\/\/poudresdenarco.com\/it\/prodotto\/alpha-pihp\/\" \/>\n<meta property=\"og:site_name\" content=\"Poudresde Narco\" \/>\n<meta property=\"article:modified_time\" content=\"2024-12-23T09:29:29+00:00\" \/>\n<meta property=\"og:image\" content=\"https:\/\/poudresdenarco.com\/wp-content\/uploads\/2024\/10\/Alpha-Pihp.gif\" \/>\n\t<meta property=\"og:image:width\" content=\"600\" \/>\n\t<meta property=\"og:image:height\" content=\"600\" \/>\n\t<meta property=\"og:image:type\" content=\"image\/gif\" \/>\n<meta name=\"twitter:card\" content=\"summary_large_image\" \/>\n<meta name=\"twitter:label1\" content=\"Tempo di lettura stimato\" \/>\n\t<meta name=\"twitter:data1\" content=\"3 minuti\" \/>\n<script type=\"application\/ld+json\" class=\"yoast-schema-graph\">{\"@context\":\"https:\/\/schema.org\",\"@graph\":[{\"@type\":\"WebPage\",\"@id\":\"https:\/\/poudresdenarco.com\/produit\/alpha-pihp\/\",\"url\":\"https:\/\/poudresdenarco.com\/produit\/alpha-pihp\/\",\"name\":\"Acheter Alpha-PiHP pour la Recherche | Poudres de Narco\",\"isPartOf\":{\"@id\":\"https:\/\/poudresdenarco.com\/#website\"},\"primaryImageOfPage\":{\"@id\":\"https:\/\/poudresdenarco.com\/produit\/alpha-pihp\/#primaryimage\"},\"image\":{\"@id\":\"https:\/\/poudresdenarco.com\/produit\/alpha-pihp\/#primaryimage\"},\"thumbnailUrl\":\"https:\/\/poudresdenarco.com\/wp-content\/uploads\/2024\/10\/Alpha-Pihp.gif\",\"datePublished\":\"2024-10-16T11:32:29+00:00\",\"dateModified\":\"2024-12-23T09:29:29+00:00\",\"description\":\"Fournisseur de Alpha-PiHP pour applications scientifiques en laboratoire. Puret\u00e9 et s\u00e9curit\u00e9 garanties pour recherches avanc\u00e9es chez Poudres de Narco.\",\"breadcrumb\":{\"@id\":\"https:\/\/poudresdenarco.com\/produit\/alpha-pihp\/#breadcrumb\"},\"inLanguage\":\"it-IT\",\"potentialAction\":[{\"@type\":\"ReadAction\",\"target\":[\"https:\/\/poudresdenarco.com\/produit\/alpha-pihp\/\"]}]},{\"@type\":\"ImageObject\",\"inLanguage\":\"it-IT\",\"@id\":\"https:\/\/poudresdenarco.com\/produit\/alpha-pihp\/#primaryimage\",\"url\":\"https:\/\/poudresdenarco.com\/wp-content\/uploads\/2024\/10\/Alpha-Pihp.gif\",\"contentUrl\":\"https:\/\/poudresdenarco.com\/wp-content\/uploads\/2024\/10\/Alpha-Pihp.gif\",\"width\":600,\"height\":600,\"caption\":\"Alpha-Pihp\"},{\"@type\":\"BreadcrumbList\",\"@id\":\"https:\/\/poudresdenarco.com\/produit\/alpha-pihp\/#breadcrumb\",\"itemListElement\":[{\"@type\":\"ListItem\",\"position\":1,\"name\":\"Home\",\"item\":\"https:\/\/poudresdenarco.com\/\"},{\"@type\":\"ListItem\",\"position\":2,\"name\":\"Boutique\",\"item\":\"https:\/\/poudresdenarco.com\/boutique\/\"},{\"@type\":\"ListItem\",\"position\":3,\"name\":\"Alpha-Pihp\"}]},{\"@type\":\"WebSite\",\"@id\":\"https:\/\/poudresdenarco.com\/#website\",\"url\":\"https:\/\/poudresdenarco.com\/\",\"name\":\"Poudresde Narco\",\"description\":\"Acheter de la coca\u00efne et de l&#039;h\u00e9ro\u00efne en ligne\",\"potentialAction\":[{\"@type\":\"SearchAction\",\"target\":{\"@type\":\"EntryPoint\",\"urlTemplate\":\"https:\/\/poudresdenarco.com\/?s={search_term_string}\"},\"query-input\":{\"@type\":\"PropertyValueSpecification\",\"valueRequired\":true,\"valueName\":\"search_term_string\"}}],\"inLanguage\":\"it-IT\"}]}<\/script>\n<!-- \/ Yoast SEO plugin. -->","yoast_head_json":{"title":"Acheter Alpha-PiHP pour la Recherche | Poudres de Narco","description":"Fournisseur de Alpha-PiHP pour applications scientifiques en laboratoire. Puret\u00e9 et s\u00e9curit\u00e9 garanties pour recherches avanc\u00e9es chez Poudres de Narco.","robots":{"index":"index","follow":"follow","max-snippet":"max-snippet:-1","max-image-preview":"max-image-preview:large","max-video-preview":"max-video-preview:-1"},"canonical":"https:\/\/poudresdenarco.com\/it\/prodotto\/alpha-pihp\/","og_locale":"it_IT","og_type":"article","og_title":"Acheter Alpha-PiHP pour la Recherche | Poudres de Narco","og_description":"Fournisseur de Alpha-PiHP pour applications scientifiques en laboratoire. Puret\u00e9 et s\u00e9curit\u00e9 garanties pour recherches avanc\u00e9es chez Poudres de Narco.","og_url":"https:\/\/poudresdenarco.com\/it\/prodotto\/alpha-pihp\/","og_site_name":"Poudresde Narco","article_modified_time":"2024-12-23T09:29:29+00:00","og_image":[{"width":600,"height":600,"url":"https:\/\/poudresdenarco.com\/wp-content\/uploads\/2024\/10\/Alpha-Pihp.gif","type":"image\/gif"}],"twitter_card":"summary_large_image","twitter_misc":{"Tempo di lettura stimato":"3 minuti"},"schema":{"@context":"https:\/\/schema.org","@graph":[{"@type":"WebPage","@id":"https:\/\/poudresdenarco.com\/produit\/alpha-pihp\/","url":"https:\/\/poudresdenarco.com\/produit\/alpha-pihp\/","name":"Acheter Alpha-PiHP pour la Recherche | Poudres de Narco","isPartOf":{"@id":"https:\/\/poudresdenarco.com\/#website"},"primaryImageOfPage":{"@id":"https:\/\/poudresdenarco.com\/produit\/alpha-pihp\/#primaryimage"},"image":{"@id":"https:\/\/poudresdenarco.com\/produit\/alpha-pihp\/#primaryimage"},"thumbnailUrl":"https:\/\/poudresdenarco.com\/wp-content\/uploads\/2024\/10\/Alpha-Pihp.gif","datePublished":"2024-10-16T11:32:29+00:00","dateModified":"2024-12-23T09:29:29+00:00","description":"Fournisseur de Alpha-PiHP pour applications scientifiques en laboratoire. Puret\u00e9 et s\u00e9curit\u00e9 garanties pour recherches avanc\u00e9es chez Poudres de Narco.","breadcrumb":{"@id":"https:\/\/poudresdenarco.com\/produit\/alpha-pihp\/#breadcrumb"},"inLanguage":"it-IT","potentialAction":[{"@type":"ReadAction","target":["https:\/\/poudresdenarco.com\/produit\/alpha-pihp\/"]}]},{"@type":"ImageObject","inLanguage":"it-IT","@id":"https:\/\/poudresdenarco.com\/produit\/alpha-pihp\/#primaryimage","url":"https:\/\/poudresdenarco.com\/wp-content\/uploads\/2024\/10\/Alpha-Pihp.gif","contentUrl":"https:\/\/poudresdenarco.com\/wp-content\/uploads\/2024\/10\/Alpha-Pihp.gif","width":600,"height":600,"caption":"Alpha-Pihp"},{"@type":"BreadcrumbList","@id":"https:\/\/poudresdenarco.com\/produit\/alpha-pihp\/#breadcrumb","itemListElement":[{"@type":"ListItem","position":1,"name":"Home","item":"https:\/\/poudresdenarco.com\/"},{"@type":"ListItem","position":2,"name":"Boutique","item":"https:\/\/poudresdenarco.com\/boutique\/"},{"@type":"ListItem","position":3,"name":"Alpha-Pihp"}]},{"@type":"WebSite","@id":"https:\/\/poudresdenarco.com\/#website","url":"https:\/\/poudresdenarco.com\/","name":"Poudresde Narco","description":"Acheter de la coca\u00efne et de l&#039;h\u00e9ro\u00efne en ligne","potentialAction":[{"@type":"SearchAction","target":{"@type":"EntryPoint","urlTemplate":"https:\/\/poudresdenarco.com\/?s={search_term_string}"},"query-input":{"@type":"PropertyValueSpecification","valueRequired":true,"valueName":"search_term_string"}}],"inLanguage":"it-IT"}]}},"_links":{"self":[{"href":"https:\/\/poudresdenarco.com\/it\/wp-json\/wp\/v2\/product\/6030","targetHints":{"allow":["GET"]}}],"collection":[{"href":"https:\/\/poudresdenarco.com\/it\/wp-json\/wp\/v2\/product"}],"about":[{"href":"https:\/\/poudresdenarco.com\/it\/wp-json\/wp\/v2\/types\/product"}],"replies":[{"embeddable":true,"href":"https:\/\/poudresdenarco.com\/it\/wp-json\/wp\/v2\/comments?post=6030"}],"wp:featuredmedia":[{"embeddable":true,"href":"https:\/\/poudresdenarco.com\/it\/wp-json\/wp\/v2\/media\/6192"}],"wp:attachment":[{"href":"https:\/\/poudresdenarco.com\/it\/wp-json\/wp\/v2\/media?parent=6030"}],"wp:term":[{"taxonomy":"product_cat","embeddable":true,"href":"https:\/\/poudresdenarco.com\/it\/wp-json\/wp\/v2\/product_cat?post=6030"},{"taxonomy":"product_tag","embeddable":true,"href":"https:\/\/poudresdenarco.com\/it\/wp-json\/wp\/v2\/product_tag?post=6030"}],"curies":[{"name":"wp","href":"https:\/\/api.w.org\/{rel}","templated":true}]}}