{"id":6091,"date":"2024-10-16T11:32:47","date_gmt":"2024-10-16T11:32:47","guid":{"rendered":"https:\/\/poudresdenarco.com\/?post_type=product&#038;p=6091"},"modified":"2024-11-02T12:27:21","modified_gmt":"2024-11-02T12:27:21","slug":"2cd","status":"publish","type":"product","link":"https:\/\/poudresdenarco.com\/it\/prodotto\/2cd\/","title":{"rendered":"2CD"},"content":{"rendered":"<h2>Che cos'\u00e8 il 2CD?<\/h2>\n<p><a href=\"https:\/\/poudresdenarco.com\/it\/prodotto\/2cd\/\">Acquista 2C-D<\/a> \u00e8 l'abbreviazione di 2,5-dimetossi-4-etilfenetilammina. Questa sostanza chimica di ricerca \u00e8 di natura psichedelica e appartiene alla classe delle sostanze chimiche feniletilaminiche. La sua struttura chimica \u00e8 simile a quella della mescalina. La sostanza \u00e8 stata sintetizzata per la prima volta nel 1977. La 2CD ha un anello fenilico legato a un gruppo amminico (NH2) da una catena etilica. Produce una serie di risultati di ricerca che sono desiderati da molti sperimentatori nella comunit\u00e0 della ricerca chimica. <a href=\"https:\/\/poudresdenarco.com\/it\/\">PolvereDenarco<\/a><\/p>\n<h3>Dove posso acquistare il 2CD?<\/h3>\n<p>Il 2CD pu\u00f2 essere acquistato proprio qui su questo sito. Disponiamo di 2C-E di altissima qualit\u00e0, solitamente in polvere. Tuttavia, se avete bisogno di una forma diversa, chiedete pure, perch\u00e9 spesso abbiamo altre forme disponibili. Il nostro 2CD non \u00e8 destinato all'uso animale o umano. \u00c8 solo per scopi di ricerca. Per acquistare il 2C-E da noi \u00e8 necessario avere almeno 18 anni ed essere in piena conformit\u00e0 con le leggi sulla ricerca chimica del proprio paese.<\/p>\n<h4><strong>Acquistare 2C-D di elevata purezza per la ricerca - Narco Powders<\/strong><\/h4>\n<p>Poudres de Narco \u00e8 il vostro partner di fiducia per il <strong>2C-D qualit\u00e0 della ricerca<\/strong>esclusivamente per <strong>applicazioni di laboratorio<\/strong> e <strong>studi scientifici<\/strong>. Il nostro 2C-D \u00e8 prodotto secondo rigorosi standard di purezza e qualit\u00e0, che lo rendono una scelta affidabile per i ricercatori chimici e farmacologici che richiedono prodotti coerenti e sicuri.<\/p>\n<h3>Perch\u00e9 scegliere 2C-D di Poudres de Narco?<\/h3>\n<p>Come <strong>2C-D fornitore per la ricerca<\/strong>Poudres de Narco garantisce che i suoi prodotti sono testati in laboratorio e conformi agli standard di sicurezza:<\/p>\n<ul>\n<li><strong>Purezza garantita<\/strong> Ogni lotto di 2C-D \u00e8 rigorosamente controllato per garantire il livello ottimale di purezza, essenziale per ottenere risultati di ricerca accurati.<\/li>\n<li><strong>Qualit\u00e0 affidabile<\/strong> Il nostro 2C-D \u00e8 prodotto per fornire prestazioni costanti, soddisfacendo le esigenze degli studi in ambienti controllati.<\/li>\n<li><strong>Ordinazione sicura<\/strong> : Rendiamo pi\u00f9 facile<strong>acquisto di 2C-D per applicazioni scientifiche<\/strong>con un processo di ordinazione sicuro e riservato.<\/li>\n<\/ul>\n<h3>Applicazioni e istruzioni di sicurezza<\/h3>\n<p>Le <strong>2C-D<\/strong> de Poudres de Narco \u00e8 destinato ai ricercatori di <strong>applicazioni analitiche e studi di laboratorio<\/strong>. Forniamo istruzioni di sicurezza dettagliate per garantire un uso sicuro e corretto:<\/p>\n<ul>\n<li><strong>Stoccaggio sicuro<\/strong> Conservare 2C-D in un luogo fresco e asciutto, al riparo dalla luce.<\/li>\n<li><strong>Gestione conforme<\/strong> Utilizzare i dispositivi di protezione individuale (DPI) e lavorare in aree ben ventilate.<\/li>\n<li><strong>Uso strettamente riservato alla ricerca<\/strong> Questo prodotto \u00e8 destinato a laboratori e ricercatori in ambienti di ricerca autorizzati.<\/li>\n<\/ul>\n<h3>Ordinate 2C-D per i vostri studi scientifici<\/h3>\n<p>Con Poudres de Narco, potete contare su una fornitura affidabile di <strong>2C-D di elevata purezza<\/strong> per le vostre esigenze di ricerca. <strong>Contattateci<\/strong> per un preventivo o per ulteriori informazioni sulla nostra gamma di prodotti scientifici per applicazioni di laboratorio.<\/p>\n<p>&nbsp;<\/p>","protected":false},"excerpt":{"rendered":"<p>Qu&rsquo;est-ce que le 2CD ? Acheter 2C-D est l&rsquo;abr\u00e9viation de 2,5-Dimethoxy-4-ethylphenethylamine. Ce produit chimique de recherche est de nature psych\u00e9d\u00e9lique et fait partie de la classe des produits chimiques ph\u00e9nyl\u00e9thylamine. Sa structure chimique est similaire \u00e0 celle de la mescaline. Ce produit chimique a \u00e9t\u00e9 synth\u00e9tis\u00e9 pour la premi\u00e8re fois en 1977. Le 2CD poss\u00e8de&hellip;<\/p>","protected":false},"featured_media":6207,"comment_status":"open","ping_status":"closed","template":"","meta":{"_joinchat":[]},"product_cat":[558],"product_tag":[],"class_list":{"0":"post-6091","1":"product","2":"type-product","3":"status-publish","4":"has-post-thumbnail","6":"product_cat-chimiques-de-recherche","8":"first","9":"instock","10":"shipping-taxable","11":"purchasable","12":"product-type-variable","13":"col-xs-6 col-sm-4","14":"col-md-3 col-lg-3","15":"un-4-cols"},"yoast_head":"<!-- This site is optimized with the Yoast SEO plugin v23.8 - https:\/\/yoast.com\/wordpress\/plugins\/seo\/ -->\n<title>Acheter 2C-D de Qualit\u00e9 pour la Recherche | Poudres de Narco<\/title>\n<meta name=\"description\" content=\"Fournisseur de 2C-D pour la recherche scientifique. Puret\u00e9 garantie pour applications en laboratoire chez Poudres de Narco.\" \/>\n<meta name=\"robots\" content=\"index, follow, max-snippet:-1, max-image-preview:large, max-video-preview:-1\" \/>\n<link rel=\"canonical\" href=\"https:\/\/poudresdenarco.com\/it\/prodotto\/2cd\/\" \/>\n<meta property=\"og:locale\" content=\"it_IT\" \/>\n<meta property=\"og:type\" content=\"article\" \/>\n<meta property=\"og:title\" content=\"Acheter 2C-D de Qualit\u00e9 pour la Recherche | Poudres de Narco\" \/>\n<meta property=\"og:description\" content=\"Fournisseur de 2C-D pour la recherche scientifique. Puret\u00e9 garantie pour applications en laboratoire chez Poudres de Narco.\" \/>\n<meta property=\"og:url\" content=\"https:\/\/poudresdenarco.com\/it\/prodotto\/2cd\/\" \/>\n<meta property=\"og:site_name\" content=\"Poudresde Narco\" \/>\n<meta property=\"article:modified_time\" content=\"2024-11-02T12:27:21+00:00\" \/>\n<meta property=\"og:image\" content=\"https:\/\/poudresdenarco.com\/wp-content\/uploads\/2024\/10\/2CD.gif\" \/>\n\t<meta property=\"og:image:width\" content=\"600\" \/>\n\t<meta property=\"og:image:height\" content=\"600\" \/>\n\t<meta property=\"og:image:type\" content=\"image\/gif\" \/>\n<meta name=\"twitter:card\" content=\"summary_large_image\" \/>\n<meta name=\"twitter:label1\" content=\"Tempo di lettura stimato\" \/>\n\t<meta name=\"twitter:data1\" content=\"3 minuti\" \/>\n<script type=\"application\/ld+json\" class=\"yoast-schema-graph\">{\"@context\":\"https:\/\/schema.org\",\"@graph\":[{\"@type\":\"WebPage\",\"@id\":\"https:\/\/poudresdenarco.com\/produit\/2cd\/\",\"url\":\"https:\/\/poudresdenarco.com\/produit\/2cd\/\",\"name\":\"Acheter 2C-D de Qualit\u00e9 pour la Recherche | Poudres de Narco\",\"isPartOf\":{\"@id\":\"https:\/\/poudresdenarco.com\/#website\"},\"primaryImageOfPage\":{\"@id\":\"https:\/\/poudresdenarco.com\/produit\/2cd\/#primaryimage\"},\"image\":{\"@id\":\"https:\/\/poudresdenarco.com\/produit\/2cd\/#primaryimage\"},\"thumbnailUrl\":\"https:\/\/poudresdenarco.com\/wp-content\/uploads\/2024\/10\/2CD.gif\",\"datePublished\":\"2024-10-16T11:32:47+00:00\",\"dateModified\":\"2024-11-02T12:27:21+00:00\",\"description\":\"Fournisseur de 2C-D pour la recherche scientifique. Puret\u00e9 garantie pour applications en laboratoire chez Poudres de Narco.\",\"breadcrumb\":{\"@id\":\"https:\/\/poudresdenarco.com\/produit\/2cd\/#breadcrumb\"},\"inLanguage\":\"it-IT\",\"potentialAction\":[{\"@type\":\"ReadAction\",\"target\":[\"https:\/\/poudresdenarco.com\/produit\/2cd\/\"]}]},{\"@type\":\"ImageObject\",\"inLanguage\":\"it-IT\",\"@id\":\"https:\/\/poudresdenarco.com\/produit\/2cd\/#primaryimage\",\"url\":\"https:\/\/poudresdenarco.com\/wp-content\/uploads\/2024\/10\/2CD.gif\",\"contentUrl\":\"https:\/\/poudresdenarco.com\/wp-content\/uploads\/2024\/10\/2CD.gif\",\"width\":600,\"height\":600,\"caption\":\"2CD\"},{\"@type\":\"BreadcrumbList\",\"@id\":\"https:\/\/poudresdenarco.com\/produit\/2cd\/#breadcrumb\",\"itemListElement\":[{\"@type\":\"ListItem\",\"position\":1,\"name\":\"Home\",\"item\":\"https:\/\/poudresdenarco.com\/\"},{\"@type\":\"ListItem\",\"position\":2,\"name\":\"Boutique\",\"item\":\"https:\/\/poudresdenarco.com\/boutique\/\"},{\"@type\":\"ListItem\",\"position\":3,\"name\":\"2CD\"}]},{\"@type\":\"WebSite\",\"@id\":\"https:\/\/poudresdenarco.com\/#website\",\"url\":\"https:\/\/poudresdenarco.com\/\",\"name\":\"Poudresde Narco\",\"description\":\"Acheter de la coca\u00efne et de l&#039;h\u00e9ro\u00efne en ligne\",\"potentialAction\":[{\"@type\":\"SearchAction\",\"target\":{\"@type\":\"EntryPoint\",\"urlTemplate\":\"https:\/\/poudresdenarco.com\/?s={search_term_string}\"},\"query-input\":{\"@type\":\"PropertyValueSpecification\",\"valueRequired\":true,\"valueName\":\"search_term_string\"}}],\"inLanguage\":\"it-IT\"}]}<\/script>\n<!-- \/ Yoast SEO plugin. -->","yoast_head_json":{"title":"Acheter 2C-D de Qualit\u00e9 pour la Recherche | Poudres de Narco","description":"Fournisseur de 2C-D pour la recherche scientifique. Puret\u00e9 garantie pour applications en laboratoire chez Poudres de Narco.","robots":{"index":"index","follow":"follow","max-snippet":"max-snippet:-1","max-image-preview":"max-image-preview:large","max-video-preview":"max-video-preview:-1"},"canonical":"https:\/\/poudresdenarco.com\/it\/prodotto\/2cd\/","og_locale":"it_IT","og_type":"article","og_title":"Acheter 2C-D de Qualit\u00e9 pour la Recherche | Poudres de Narco","og_description":"Fournisseur de 2C-D pour la recherche scientifique. Puret\u00e9 garantie pour applications en laboratoire chez Poudres de Narco.","og_url":"https:\/\/poudresdenarco.com\/it\/prodotto\/2cd\/","og_site_name":"Poudresde Narco","article_modified_time":"2024-11-02T12:27:21+00:00","og_image":[{"width":600,"height":600,"url":"https:\/\/poudresdenarco.com\/wp-content\/uploads\/2024\/10\/2CD.gif","type":"image\/gif"}],"twitter_card":"summary_large_image","twitter_misc":{"Tempo di lettura stimato":"3 minuti"},"schema":{"@context":"https:\/\/schema.org","@graph":[{"@type":"WebPage","@id":"https:\/\/poudresdenarco.com\/produit\/2cd\/","url":"https:\/\/poudresdenarco.com\/produit\/2cd\/","name":"Acheter 2C-D de Qualit\u00e9 pour la Recherche | Poudres de Narco","isPartOf":{"@id":"https:\/\/poudresdenarco.com\/#website"},"primaryImageOfPage":{"@id":"https:\/\/poudresdenarco.com\/produit\/2cd\/#primaryimage"},"image":{"@id":"https:\/\/poudresdenarco.com\/produit\/2cd\/#primaryimage"},"thumbnailUrl":"https:\/\/poudresdenarco.com\/wp-content\/uploads\/2024\/10\/2CD.gif","datePublished":"2024-10-16T11:32:47+00:00","dateModified":"2024-11-02T12:27:21+00:00","description":"Fournisseur de 2C-D pour la recherche scientifique. Puret\u00e9 garantie pour applications en laboratoire chez Poudres de Narco.","breadcrumb":{"@id":"https:\/\/poudresdenarco.com\/produit\/2cd\/#breadcrumb"},"inLanguage":"it-IT","potentialAction":[{"@type":"ReadAction","target":["https:\/\/poudresdenarco.com\/produit\/2cd\/"]}]},{"@type":"ImageObject","inLanguage":"it-IT","@id":"https:\/\/poudresdenarco.com\/produit\/2cd\/#primaryimage","url":"https:\/\/poudresdenarco.com\/wp-content\/uploads\/2024\/10\/2CD.gif","contentUrl":"https:\/\/poudresdenarco.com\/wp-content\/uploads\/2024\/10\/2CD.gif","width":600,"height":600,"caption":"2CD"},{"@type":"BreadcrumbList","@id":"https:\/\/poudresdenarco.com\/produit\/2cd\/#breadcrumb","itemListElement":[{"@type":"ListItem","position":1,"name":"Home","item":"https:\/\/poudresdenarco.com\/"},{"@type":"ListItem","position":2,"name":"Boutique","item":"https:\/\/poudresdenarco.com\/boutique\/"},{"@type":"ListItem","position":3,"name":"2CD"}]},{"@type":"WebSite","@id":"https:\/\/poudresdenarco.com\/#website","url":"https:\/\/poudresdenarco.com\/","name":"Poudresde Narco","description":"Acheter de la coca\u00efne et de l&#039;h\u00e9ro\u00efne en ligne","potentialAction":[{"@type":"SearchAction","target":{"@type":"EntryPoint","urlTemplate":"https:\/\/poudresdenarco.com\/?s={search_term_string}"},"query-input":{"@type":"PropertyValueSpecification","valueRequired":true,"valueName":"search_term_string"}}],"inLanguage":"it-IT"}]}},"_links":{"self":[{"href":"https:\/\/poudresdenarco.com\/it\/wp-json\/wp\/v2\/product\/6091","targetHints":{"allow":["GET"]}}],"collection":[{"href":"https:\/\/poudresdenarco.com\/it\/wp-json\/wp\/v2\/product"}],"about":[{"href":"https:\/\/poudresdenarco.com\/it\/wp-json\/wp\/v2\/types\/product"}],"replies":[{"embeddable":true,"href":"https:\/\/poudresdenarco.com\/it\/wp-json\/wp\/v2\/comments?post=6091"}],"wp:featuredmedia":[{"embeddable":true,"href":"https:\/\/poudresdenarco.com\/it\/wp-json\/wp\/v2\/media\/6207"}],"wp:attachment":[{"href":"https:\/\/poudresdenarco.com\/it\/wp-json\/wp\/v2\/media?parent=6091"}],"wp:term":[{"taxonomy":"product_cat","embeddable":true,"href":"https:\/\/poudresdenarco.com\/it\/wp-json\/wp\/v2\/product_cat?post=6091"},{"taxonomy":"product_tag","embeddable":true,"href":"https:\/\/poudresdenarco.com\/it\/wp-json\/wp\/v2\/product_tag?post=6091"}],"curies":[{"name":"wp","href":"https:\/\/api.w.org\/{rel}","templated":true}]}}