{"id":61,"date":"2023-12-25T08:20:08","date_gmt":"2023-12-25T08:20:08","guid":{"rendered":"https:\/\/unkrautmarkt.com\/narco1\/?post_type=product&#038;p=61"},"modified":"2025-06-09T23:41:17","modified_gmt":"2025-06-09T23:41:17","slug":"cocaine-colombienne","status":"publish","type":"product","link":"https:\/\/poudresdenarco.com\/it\/prodotto\/colombiano-cocaina\/","title":{"rendered":"Cocaina colombiana"},"content":{"rendered":"<h2><span style=\"vertical-align: inherit;\"><span style=\"vertical-align: inherit;\">Comprare cocaina colombiana online<\/span><\/span><\/h2>\n<h3><span style=\"vertical-align: inherit;\"><span style=\"vertical-align: inherit;\">Acquistare cocaina dalla Colombia online<\/span><\/span><\/h3>\n<p><a href=\"https:\/\/poudresdenarco.com\/it\/prodotto\/colombiano-cocaina\/\"><span style=\"vertical-align: inherit;\"><span style=\"vertical-align: inherit;\">Acquistare cocaina online<\/span><\/span><\/a><span style=\"vertical-align: inherit;\"><span style=\"vertical-align: inherit;\"> in Colombia Il signore della droga colombiano ha dato a questo stupefacente il nome di \"cocaina colombiana\" in onore della sua patria. Inoltre, questa cocaina \u00e8 tra le migliori della storia moderna grazie alla sua purezza. L'ingrediente di questo prodotto deriva dalle foglie di coca. Ordinate online cocaina pura dalla Colombia.<\/span><\/span><\/p>\n<p><span style=\"vertical-align: inherit;\"><span style=\"vertical-align: inherit;\">Inoltre, la cocaina colombiana \u00e8 una droga che crea una forte dipendenza e d\u00e0 maggiore energia e prontezza. Poich\u00e9 deriva dalla pianta della coca, originaria del Sud America, pu\u00f2 essere definita uno stimolante. \u00c8 nota anche come Coca, Neve, Rock, Blow e Crack.<\/span><\/span><\/p>\n<p><a href=\"https:\/\/en.wikipedia.org\/wiki\/Coca_production_in_Colombia\"><span style=\"vertical-align: inherit;\"><span style=\"vertical-align: inherit;\">Cocaina colombiana a buon mercato<\/span><\/span><\/a><span style=\"vertical-align: inherit;\"><span style=\"vertical-align: inherit;\"> In vendita - Cocaina colombiana legale e conveniente online<\/span><\/span><\/p>\n<p><span style=\"vertical-align: inherit;\"><span style=\"vertical-align: inherit;\">Inoltre, la droga fornisce elevate concentrazioni di dopamina, il messaggero chimico naturale dell'organismo, alle aree del cervello responsabili del piacere. L'estrema energia e la prontezza di riflessi che derivano da questo accumulo sono chiamate \"euforia\".<\/span><\/span><\/p>\n<p><span style=\"vertical-align: inherit;\"><span style=\"vertical-align: inherit;\">Comprare cocaina online. e ricevere una spedizione discreta in qualsiasi paese del mondo. comprare cocaina. Comprate cocaina legalmente. \u00c8 disponibile polvere bianca pura tagliata e non tagliata. La spedizione e l'imballaggio sono estremamente segreti. ed evitare di pagare le tasse. Cocaina dalla Colombia in vendita<\/span><\/span><\/p>\n<p><span style=\"vertical-align: inherit;\"><span style=\"vertical-align: inherit;\">Inoltre, sostanze come la cocaina, anche in polvere, possono essere acquistate online. Attualmente vendiamo regolarmente neve, fiocchi, puff, crack e coca pura. Tuttavia, alcuni di noi potrebbero avere ancora problemi a reperire la cocaina in vendita. Inoltre, non \u00e8 possibile utilizzare i nostri servizi per.<\/span><\/span><\/p>\n<h3><span style=\"vertical-align: inherit;\"><span style=\"vertical-align: inherit;\">Perch\u00e9 dovreste acquistare cocaina dalla Colombia da noi?<\/span><\/span><\/h3>\n<p><span style=\"vertical-align: inherit;\"><span style=\"vertical-align: inherit;\">Offriamo ai nostri clienti le migliori offerte e spedizioni discrete in tutto il mondo, in quanto siamo i migliori rivenditori. Comprare cocaina in Colombia<\/span><\/span><\/p>\n<p><span style=\"vertical-align: inherit;\"><span style=\"vertical-align: inherit;\">Inoltre, acquistare cocaina dalla Colombia, acquistare cocaina in vendita, dove acquistare cocaina dalla Colombia, come acquistare cocaina, acquistare cocaina vera, miglior posto per acquistare cocaina, come acquistare cocaina dalla Colombia, acquistare cocaina in Germania, acquistare cocaina nel Regno Unito, acquistare cocaina in Australia, Regno Unito, Australia, Europa, Canada.<\/span><\/span><\/p>","protected":false},"excerpt":{"rendered":"<p>Buy Colombian Cocaine Online Buy cocaine from Colombia online Buy Cocaine Online in Colombia The Colombian drug lord gave the narcotic the name \u201cColombian Cocaine\u201d in honor of his homeland. Moreover, this cocaine is among the best in modern history due to its purity. The ingredient of this product is derived from coca leaves. Order&hellip;<\/p>","protected":false},"featured_media":271,"comment_status":"open","ping_status":"closed","template":"","meta":{"_joinchat":[]},"product_cat":[66],"product_tag":[378,377,375,380,379,382,385,384,383,376,388,387,381,386],"class_list":{"0":"post-61","1":"product","2":"type-product","3":"status-publish","4":"has-post-thumbnail","6":"product_cat-de-la-cocaine","7":"product_tag-acheter-de-la-cocaine-colombienne-en-ligne-pres-de-chez-moi","8":"product_tag-acheter-de-la-cocaine-colombienne-legalement","9":"product_tag-avantages-de-la-cocaine-colombienne","10":"product_tag-cocaine-colombienne-a-vendre","11":"product_tag-cocaine-colombienne-bon-marche","12":"product_tag-cocaine-colombienne-en-gros","13":"product_tag-cocaine-colombienne-legitime-en-ligne","14":"product_tag-comment-commander-de-la-cocaine-colombienne","15":"product_tag-comment-puis-je-obtenir-la-meilleure-cocaine-colombienne","16":"product_tag-meilleur-endroit-pour-commander-de-la-cocaine-colombienne","17":"product_tag-ou-acheter-de-la-cocaine-colombienne","18":"product_tag-ou-puis-je-acheter-de-la-cocaine-colombienne","19":"product_tag-prix-de-la-cocaine-colombienne","20":"product_tag-quest-ce-que-la-cocaine-colombienne","22":"first","23":"instock","24":"shipping-taxable","25":"purchasable","26":"product-type-variable","27":"col-xs-6 col-sm-4","28":"col-md-3 col-lg-3","29":"un-4-cols"},"yoast_head":"<!-- This site is optimized with the Yoast SEO plugin v23.8 - https:\/\/yoast.com\/wordpress\/plugins\/seo\/ -->\n<title>Acheter de la coca\u00efne colombienne en ligne - Coca\u00efne colombienne \u00e0 vendre<\/title>\n<meta name=\"description\" content=\"Notre magasin propose \u00e0 la vente de la coca\u00efne colombienne de qualit\u00e9 sup\u00e9rieure. Vous ne pourrez jamais vous passer de la qualit\u00e9 de nos produits. Si vous en avez besoin, vous pouvez acheter de la coca\u00efne colombienne en ligne imm\u00e9diatement. Commandez maintenant !\" \/>\n<meta name=\"robots\" content=\"index, follow, max-snippet:-1, max-image-preview:large, max-video-preview:-1\" \/>\n<link rel=\"canonical\" href=\"https:\/\/poudresdenarco.com\/it\/prodotto\/colombiano-cocaina\/\" \/>\n<meta property=\"og:locale\" content=\"it_IT\" \/>\n<meta property=\"og:type\" content=\"article\" \/>\n<meta property=\"og:title\" content=\"Acheter de la coca\u00efne colombienne en ligne - Coca\u00efne colombienne \u00e0 vendre\" \/>\n<meta property=\"og:description\" content=\"Notre magasin propose \u00e0 la vente de la coca\u00efne colombienne de qualit\u00e9 sup\u00e9rieure. Vous ne pourrez jamais vous passer de la qualit\u00e9 de nos produits. Si vous en avez besoin, vous pouvez acheter de la coca\u00efne colombienne en ligne imm\u00e9diatement. Commandez maintenant !\" \/>\n<meta property=\"og:url\" content=\"https:\/\/poudresdenarco.com\/it\/prodotto\/colombiano-cocaina\/\" \/>\n<meta property=\"og:site_name\" content=\"Poudresde Narco\" \/>\n<meta property=\"article:modified_time\" content=\"2025-06-09T23:41:17+00:00\" \/>\n<meta property=\"og:image\" content=\"https:\/\/poudresdenarco.com\/wp-content\/uploads\/2023\/12\/Colombian-Cocaine.jpg\" \/>\n\t<meta property=\"og:image:width\" content=\"600\" \/>\n\t<meta property=\"og:image:height\" content=\"600\" \/>\n\t<meta property=\"og:image:type\" content=\"image\/jpeg\" \/>\n<meta name=\"twitter:card\" content=\"summary_large_image\" \/>\n<meta name=\"twitter:label1\" content=\"Tempo di lettura stimato\" \/>\n\t<meta name=\"twitter:data1\" content=\"2 minuti\" \/>\n<script type=\"application\/ld+json\" class=\"yoast-schema-graph\">{\"@context\":\"https:\/\/schema.org\",\"@graph\":[{\"@type\":\"WebPage\",\"@id\":\"https:\/\/poudresdenarco.com\/produit\/cocaine-colombienne\/\",\"url\":\"https:\/\/poudresdenarco.com\/produit\/cocaine-colombienne\/\",\"name\":\"Acheter de la coca\u00efne colombienne en ligne - Coca\u00efne colombienne \u00e0 vendre\",\"isPartOf\":{\"@id\":\"https:\/\/poudresdenarco.com\/#website\"},\"primaryImageOfPage\":{\"@id\":\"https:\/\/poudresdenarco.com\/produit\/cocaine-colombienne\/#primaryimage\"},\"image\":{\"@id\":\"https:\/\/poudresdenarco.com\/produit\/cocaine-colombienne\/#primaryimage\"},\"thumbnailUrl\":\"https:\/\/poudresdenarco.com\/wp-content\/uploads\/2023\/12\/Colombian-Cocaine.jpg\",\"datePublished\":\"2023-12-25T08:20:08+00:00\",\"dateModified\":\"2025-06-09T23:41:17+00:00\",\"description\":\"Notre magasin propose \u00e0 la vente de la coca\u00efne colombienne de qualit\u00e9 sup\u00e9rieure. Vous ne pourrez jamais vous passer de la qualit\u00e9 de nos produits. Si vous en avez besoin, vous pouvez acheter de la coca\u00efne colombienne en ligne imm\u00e9diatement. Commandez maintenant !\",\"breadcrumb\":{\"@id\":\"https:\/\/poudresdenarco.com\/produit\/cocaine-colombienne\/#breadcrumb\"},\"inLanguage\":\"it-IT\",\"potentialAction\":[{\"@type\":\"ReadAction\",\"target\":[\"https:\/\/poudresdenarco.com\/produit\/cocaine-colombienne\/\"]}]},{\"@type\":\"ImageObject\",\"inLanguage\":\"it-IT\",\"@id\":\"https:\/\/poudresdenarco.com\/produit\/cocaine-colombienne\/#primaryimage\",\"url\":\"https:\/\/poudresdenarco.com\/wp-content\/uploads\/2023\/12\/Colombian-Cocaine.jpg\",\"contentUrl\":\"https:\/\/poudresdenarco.com\/wp-content\/uploads\/2023\/12\/Colombian-Cocaine.jpg\",\"width\":600,\"height\":600,\"caption\":\"Acheter Colombian-Cocaine en ligne\"},{\"@type\":\"BreadcrumbList\",\"@id\":\"https:\/\/poudresdenarco.com\/produit\/cocaine-colombienne\/#breadcrumb\",\"itemListElement\":[{\"@type\":\"ListItem\",\"position\":1,\"name\":\"Home\",\"item\":\"https:\/\/poudresdenarco.com\/\"},{\"@type\":\"ListItem\",\"position\":2,\"name\":\"Boutique\",\"item\":\"https:\/\/poudresdenarco.com\/boutique\/\"},{\"@type\":\"ListItem\",\"position\":3,\"name\":\"Coca\u00efne colombienne\"}]},{\"@type\":\"WebSite\",\"@id\":\"https:\/\/poudresdenarco.com\/#website\",\"url\":\"https:\/\/poudresdenarco.com\/\",\"name\":\"Poudresde Narco\",\"description\":\"Acheter de la coca\u00efne et de l&#039;h\u00e9ro\u00efne en ligne\",\"potentialAction\":[{\"@type\":\"SearchAction\",\"target\":{\"@type\":\"EntryPoint\",\"urlTemplate\":\"https:\/\/poudresdenarco.com\/?s={search_term_string}\"},\"query-input\":{\"@type\":\"PropertyValueSpecification\",\"valueRequired\":true,\"valueName\":\"search_term_string\"}}],\"inLanguage\":\"it-IT\"}]}<\/script>\n<!-- \/ Yoast SEO plugin. -->","yoast_head_json":{"title":"Acheter de la coca\u00efne colombienne en ligne - Coca\u00efne colombienne \u00e0 vendre","description":"Notre magasin propose \u00e0 la vente de la coca\u00efne colombienne de qualit\u00e9 sup\u00e9rieure. Vous ne pourrez jamais vous passer de la qualit\u00e9 de nos produits. Si vous en avez besoin, vous pouvez acheter de la coca\u00efne colombienne en ligne imm\u00e9diatement. Commandez maintenant !","robots":{"index":"index","follow":"follow","max-snippet":"max-snippet:-1","max-image-preview":"max-image-preview:large","max-video-preview":"max-video-preview:-1"},"canonical":"https:\/\/poudresdenarco.com\/it\/prodotto\/colombiano-cocaina\/","og_locale":"it_IT","og_type":"article","og_title":"Acheter de la coca\u00efne colombienne en ligne - Coca\u00efne colombienne \u00e0 vendre","og_description":"Notre magasin propose \u00e0 la vente de la coca\u00efne colombienne de qualit\u00e9 sup\u00e9rieure. Vous ne pourrez jamais vous passer de la qualit\u00e9 de nos produits. Si vous en avez besoin, vous pouvez acheter de la coca\u00efne colombienne en ligne imm\u00e9diatement. Commandez maintenant !","og_url":"https:\/\/poudresdenarco.com\/it\/prodotto\/colombiano-cocaina\/","og_site_name":"Poudresde Narco","article_modified_time":"2025-06-09T23:41:17+00:00","og_image":[{"width":600,"height":600,"url":"https:\/\/poudresdenarco.com\/wp-content\/uploads\/2023\/12\/Colombian-Cocaine.jpg","type":"image\/jpeg"}],"twitter_card":"summary_large_image","twitter_misc":{"Tempo di lettura stimato":"2 minuti"},"schema":{"@context":"https:\/\/schema.org","@graph":[{"@type":"WebPage","@id":"https:\/\/poudresdenarco.com\/produit\/cocaine-colombienne\/","url":"https:\/\/poudresdenarco.com\/produit\/cocaine-colombienne\/","name":"Acheter de la coca\u00efne colombienne en ligne - Coca\u00efne colombienne \u00e0 vendre","isPartOf":{"@id":"https:\/\/poudresdenarco.com\/#website"},"primaryImageOfPage":{"@id":"https:\/\/poudresdenarco.com\/produit\/cocaine-colombienne\/#primaryimage"},"image":{"@id":"https:\/\/poudresdenarco.com\/produit\/cocaine-colombienne\/#primaryimage"},"thumbnailUrl":"https:\/\/poudresdenarco.com\/wp-content\/uploads\/2023\/12\/Colombian-Cocaine.jpg","datePublished":"2023-12-25T08:20:08+00:00","dateModified":"2025-06-09T23:41:17+00:00","description":"Notre magasin propose \u00e0 la vente de la coca\u00efne colombienne de qualit\u00e9 sup\u00e9rieure. Vous ne pourrez jamais vous passer de la qualit\u00e9 de nos produits. Si vous en avez besoin, vous pouvez acheter de la coca\u00efne colombienne en ligne imm\u00e9diatement. Commandez maintenant !","breadcrumb":{"@id":"https:\/\/poudresdenarco.com\/produit\/cocaine-colombienne\/#breadcrumb"},"inLanguage":"it-IT","potentialAction":[{"@type":"ReadAction","target":["https:\/\/poudresdenarco.com\/produit\/cocaine-colombienne\/"]}]},{"@type":"ImageObject","inLanguage":"it-IT","@id":"https:\/\/poudresdenarco.com\/produit\/cocaine-colombienne\/#primaryimage","url":"https:\/\/poudresdenarco.com\/wp-content\/uploads\/2023\/12\/Colombian-Cocaine.jpg","contentUrl":"https:\/\/poudresdenarco.com\/wp-content\/uploads\/2023\/12\/Colombian-Cocaine.jpg","width":600,"height":600,"caption":"Acheter Colombian-Cocaine en ligne"},{"@type":"BreadcrumbList","@id":"https:\/\/poudresdenarco.com\/produit\/cocaine-colombienne\/#breadcrumb","itemListElement":[{"@type":"ListItem","position":1,"name":"Home","item":"https:\/\/poudresdenarco.com\/"},{"@type":"ListItem","position":2,"name":"Boutique","item":"https:\/\/poudresdenarco.com\/boutique\/"},{"@type":"ListItem","position":3,"name":"Coca\u00efne colombienne"}]},{"@type":"WebSite","@id":"https:\/\/poudresdenarco.com\/#website","url":"https:\/\/poudresdenarco.com\/","name":"Poudresde Narco","description":"Acheter de la coca\u00efne et de l&#039;h\u00e9ro\u00efne en ligne","potentialAction":[{"@type":"SearchAction","target":{"@type":"EntryPoint","urlTemplate":"https:\/\/poudresdenarco.com\/?s={search_term_string}"},"query-input":{"@type":"PropertyValueSpecification","valueRequired":true,"valueName":"search_term_string"}}],"inLanguage":"it-IT"}]}},"_links":{"self":[{"href":"https:\/\/poudresdenarco.com\/it\/wp-json\/wp\/v2\/product\/61","targetHints":{"allow":["GET"]}}],"collection":[{"href":"https:\/\/poudresdenarco.com\/it\/wp-json\/wp\/v2\/product"}],"about":[{"href":"https:\/\/poudresdenarco.com\/it\/wp-json\/wp\/v2\/types\/product"}],"replies":[{"embeddable":true,"href":"https:\/\/poudresdenarco.com\/it\/wp-json\/wp\/v2\/comments?post=61"}],"wp:featuredmedia":[{"embeddable":true,"href":"https:\/\/poudresdenarco.com\/it\/wp-json\/wp\/v2\/media\/271"}],"wp:attachment":[{"href":"https:\/\/poudresdenarco.com\/it\/wp-json\/wp\/v2\/media?parent=61"}],"wp:term":[{"taxonomy":"product_cat","embeddable":true,"href":"https:\/\/poudresdenarco.com\/it\/wp-json\/wp\/v2\/product_cat?post=61"},{"taxonomy":"product_tag","embeddable":true,"href":"https:\/\/poudresdenarco.com\/it\/wp-json\/wp\/v2\/product_tag?post=61"}],"curies":[{"name":"wp","href":"https:\/\/api.w.org\/{rel}","templated":true}]}}