{"id":6129,"date":"2024-10-16T11:32:57","date_gmt":"2024-10-16T11:32:57","guid":{"rendered":"https:\/\/poudresdenarco.com\/?post_type=product&#038;p=6129"},"modified":"2026-01-17T02:58:58","modified_gmt":"2026-01-17T02:58:58","slug":"5-meo-dalt","status":"publish","type":"product","link":"https:\/\/poudresdenarco.com\/it\/prodotto\/5-meo-dalt\/","title":{"rendered":"5-MEO-DALT"},"content":{"rendered":"<h2><strong>Acquisto di 5-MeO-DALT per la ricerca <a href=\"https:\/\/poudresdenarco.com\/it\/prodotto\/3cl\/\">&#8211;<\/a> Polveri narcotiche<\/strong><\/h2>\n<p>Poudres de Narco \u00e8 il vostro fornitore di fiducia per <strong>5-MeO-DALT di elevata purezza<\/strong>. Destinato esclusivamente a <strong>applicazioni scientifiche e di laboratorio<\/strong>Il nostro 5-MeO-DALT soddisfa i rigorosi standard richiesti per studi e analisi chimiche approfondite. Scegliendo il nostro prodotto, avrete accesso ad un <strong>fornitore di 5-MeO-DALT per la ricerca<\/strong> conformi agli standard di qualit\u00e0 e sicurezza, Acquistare 5-MeO-DALT\u00a0<a href=\"https:\/\/k2spices.com\/nl\/\">.<\/a><\/p>\n<h3>Perch\u00e9 scegliere il 5-MeO-DALT di Poudres de Narco?<\/h3>\n<p>Come <strong>Dosatore di 5-MeO-DALT per applicazioni scientifiche<\/strong>Poudres de Narco garantisce che ogni lotto soddisfi gli elevati standard di qualit\u00e0 e purezza richiesti per gli studi di laboratorio:<\/p>\n<ul>\n<li><strong>Alta purezza<\/strong> Il nostro 5-MeO-DALT \u00e8 testato per garantire una purezza ottimale, essenziale per ottenere risultati di ricerca affidabili.<\/li>\n<li><strong>Conformit\u00e0 e sicurezza<\/strong> Appositamente progettato per <strong>laboratori approvati<\/strong>il nostro prodotto \u00e8 strettamente legato a <strong>utilizzo della ricerca<\/strong>.<\/li>\n<li><strong>Ordini online sicuri<\/strong> : Rendiamo pi\u00f9 facile<strong>acquisto di 5-MeO-DALT per applicazioni di ricerca<\/strong>con un processo di ordinazione riservato e sicuro.<\/li>\n<\/ul>\n<h3>Applicazioni di ricerca del 5-MeO-DALT<\/h3>\n<p>Le <strong>5-MeO-DALT<\/strong> de Poudres de Narco viene utilizzato in vari <strong>studi chimici e analisi di laboratorio<\/strong>. I ricercatori possono contare sui nostri prodotti per applicazioni quali :<\/p>\n<ul>\n<li><strong>Analisi chimica<\/strong> Per gli esperimenti di laboratorio controllati.<\/li>\n<li><strong>Studi sui composti<\/strong> Per i ricercatori in chimica e farmacologia.<\/li>\n<li><strong>Test e controlli di qualit\u00e0<\/strong> Per i professionisti che hanno bisogno di precisione nel loro lavoro scientifico.<\/li>\n<\/ul>\n<p><strong>Siete pronti a ordinare il vostro 5-MeO-DALT di qualit\u00e0?<\/strong> Affidatevi a Poudres de Narco per una fornitura affidabile e conforme. <strong>Contattateci<\/strong> per ulteriori informazioni o per effettuare un ordine sicuro.<\/p>","protected":false},"excerpt":{"rendered":"<p>Acheter du 5-MeO-DALT pour la Recherche &#8211; Poudres de Narco Poudres de Narco est votre fournisseur de confiance pour le 5-MeO-DALT de haute puret\u00e9. Destin\u00e9 exclusivement \u00e0 des applications scientifiques et de laboratoire, notre 5-MeO-DALT r\u00e9pond aux normes rigoureuses requises pour des \u00e9tudes et analyses chimiques approfondies. En choisissant notre produit, vous acc\u00e9dez \u00e0 un&hellip;<\/p>","protected":false},"featured_media":6211,"comment_status":"open","ping_status":"closed","template":"","meta":{"_joinchat":[]},"product_cat":[558],"product_tag":[],"class_list":{"0":"post-6129","1":"product","2":"type-product","3":"status-publish","4":"has-post-thumbnail","6":"product_cat-chimiques-de-recherche","8":"first","9":"instock","10":"shipping-taxable","11":"purchasable","12":"product-type-variable","13":"col-xs-6 col-sm-4","14":"col-md-3 col-lg-3","15":"un-4-cols"},"yoast_head":"<!-- This site is optimized with the Yoast SEO plugin v23.8 - https:\/\/yoast.com\/wordpress\/plugins\/seo\/ -->\n<title>Acheter 5-MeO-DALT de Qualit\u00e9 | Poudres de Narco<\/title>\n<meta name=\"description\" content=\"de 5-MeO-DALT pour la recherche scientifique. Achetez du 5-MeO-DALT de haute puret\u00e9 chez Poudres de Narco pour des applications de laboratoire.\" \/>\n<meta name=\"robots\" content=\"index, follow, max-snippet:-1, max-image-preview:large, max-video-preview:-1\" \/>\n<link rel=\"canonical\" href=\"https:\/\/poudresdenarco.com\/it\/prodotto\/5-meo-dalt\/\" \/>\n<meta property=\"og:locale\" content=\"it_IT\" \/>\n<meta property=\"og:type\" content=\"article\" \/>\n<meta property=\"og:title\" content=\"Acheter 5-MeO-DALT de Qualit\u00e9 | Poudres de Narco\" \/>\n<meta property=\"og:description\" content=\"de 5-MeO-DALT pour la recherche scientifique. Achetez du 5-MeO-DALT de haute puret\u00e9 chez Poudres de Narco pour des applications de laboratoire.\" \/>\n<meta property=\"og:url\" content=\"https:\/\/poudresdenarco.com\/it\/prodotto\/5-meo-dalt\/\" \/>\n<meta property=\"og:site_name\" content=\"Poudresde Narco\" \/>\n<meta property=\"article:modified_time\" content=\"2026-01-17T02:58:58+00:00\" \/>\n<meta property=\"og:image\" content=\"https:\/\/poudresdenarco.com\/wp-content\/uploads\/2024\/10\/5-MEO-DALT-1.gif\" \/>\n\t<meta property=\"og:image:width\" content=\"600\" \/>\n\t<meta property=\"og:image:height\" content=\"600\" \/>\n\t<meta property=\"og:image:type\" content=\"image\/gif\" \/>\n<meta name=\"twitter:card\" content=\"summary_large_image\" \/>\n<meta name=\"twitter:label1\" content=\"Tempo di lettura stimato\" \/>\n\t<meta name=\"twitter:data1\" content=\"2 minuti\" \/>\n<script type=\"application\/ld+json\" class=\"yoast-schema-graph\">{\"@context\":\"https:\/\/schema.org\",\"@graph\":[{\"@type\":\"WebPage\",\"@id\":\"https:\/\/poudresdenarco.com\/produit\/5-meo-dalt\/\",\"url\":\"https:\/\/poudresdenarco.com\/produit\/5-meo-dalt\/\",\"name\":\"Acheter 5-MeO-DALT de Qualit\u00e9 | Poudres de Narco\",\"isPartOf\":{\"@id\":\"https:\/\/poudresdenarco.com\/#website\"},\"primaryImageOfPage\":{\"@id\":\"https:\/\/poudresdenarco.com\/produit\/5-meo-dalt\/#primaryimage\"},\"image\":{\"@id\":\"https:\/\/poudresdenarco.com\/produit\/5-meo-dalt\/#primaryimage\"},\"thumbnailUrl\":\"https:\/\/poudresdenarco.com\/wp-content\/uploads\/2024\/10\/5-MEO-DALT-1.gif\",\"datePublished\":\"2024-10-16T11:32:57+00:00\",\"dateModified\":\"2026-01-17T02:58:58+00:00\",\"description\":\"de 5-MeO-DALT pour la recherche scientifique. Achetez du 5-MeO-DALT de haute puret\u00e9 chez Poudres de Narco pour des applications de laboratoire.\",\"breadcrumb\":{\"@id\":\"https:\/\/poudresdenarco.com\/produit\/5-meo-dalt\/#breadcrumb\"},\"inLanguage\":\"it-IT\",\"potentialAction\":[{\"@type\":\"ReadAction\",\"target\":[\"https:\/\/poudresdenarco.com\/produit\/5-meo-dalt\/\"]}]},{\"@type\":\"ImageObject\",\"inLanguage\":\"it-IT\",\"@id\":\"https:\/\/poudresdenarco.com\/produit\/5-meo-dalt\/#primaryimage\",\"url\":\"https:\/\/poudresdenarco.com\/wp-content\/uploads\/2024\/10\/5-MEO-DALT-1.gif\",\"contentUrl\":\"https:\/\/poudresdenarco.com\/wp-content\/uploads\/2024\/10\/5-MEO-DALT-1.gif\",\"width\":600,\"height\":600,\"caption\":\"5-MEO-DALT\"},{\"@type\":\"BreadcrumbList\",\"@id\":\"https:\/\/poudresdenarco.com\/produit\/5-meo-dalt\/#breadcrumb\",\"itemListElement\":[{\"@type\":\"ListItem\",\"position\":1,\"name\":\"Home\",\"item\":\"https:\/\/poudresdenarco.com\/\"},{\"@type\":\"ListItem\",\"position\":2,\"name\":\"Boutique\",\"item\":\"https:\/\/poudresdenarco.com\/boutique\/\"},{\"@type\":\"ListItem\",\"position\":3,\"name\":\"5-MEO-DALT\"}]},{\"@type\":\"WebSite\",\"@id\":\"https:\/\/poudresdenarco.com\/#website\",\"url\":\"https:\/\/poudresdenarco.com\/\",\"name\":\"Poudresde Narco\",\"description\":\"Acheter de la coca\u00efne et de l&#039;h\u00e9ro\u00efne en ligne\",\"potentialAction\":[{\"@type\":\"SearchAction\",\"target\":{\"@type\":\"EntryPoint\",\"urlTemplate\":\"https:\/\/poudresdenarco.com\/?s={search_term_string}\"},\"query-input\":{\"@type\":\"PropertyValueSpecification\",\"valueRequired\":true,\"valueName\":\"search_term_string\"}}],\"inLanguage\":\"it-IT\"}]}<\/script>\n<!-- \/ Yoast SEO plugin. -->","yoast_head_json":{"title":"Acheter 5-MeO-DALT de Qualit\u00e9 | Poudres de Narco","description":"de 5-MeO-DALT pour la recherche scientifique. Achetez du 5-MeO-DALT de haute puret\u00e9 chez Poudres de Narco pour des applications de laboratoire.","robots":{"index":"index","follow":"follow","max-snippet":"max-snippet:-1","max-image-preview":"max-image-preview:large","max-video-preview":"max-video-preview:-1"},"canonical":"https:\/\/poudresdenarco.com\/it\/prodotto\/5-meo-dalt\/","og_locale":"it_IT","og_type":"article","og_title":"Acheter 5-MeO-DALT de Qualit\u00e9 | Poudres de Narco","og_description":"de 5-MeO-DALT pour la recherche scientifique. Achetez du 5-MeO-DALT de haute puret\u00e9 chez Poudres de Narco pour des applications de laboratoire.","og_url":"https:\/\/poudresdenarco.com\/it\/prodotto\/5-meo-dalt\/","og_site_name":"Poudresde Narco","article_modified_time":"2026-01-17T02:58:58+00:00","og_image":[{"width":600,"height":600,"url":"https:\/\/poudresdenarco.com\/wp-content\/uploads\/2024\/10\/5-MEO-DALT-1.gif","type":"image\/gif"}],"twitter_card":"summary_large_image","twitter_misc":{"Tempo di lettura stimato":"2 minuti"},"schema":{"@context":"https:\/\/schema.org","@graph":[{"@type":"WebPage","@id":"https:\/\/poudresdenarco.com\/produit\/5-meo-dalt\/","url":"https:\/\/poudresdenarco.com\/produit\/5-meo-dalt\/","name":"Acheter 5-MeO-DALT de Qualit\u00e9 | Poudres de Narco","isPartOf":{"@id":"https:\/\/poudresdenarco.com\/#website"},"primaryImageOfPage":{"@id":"https:\/\/poudresdenarco.com\/produit\/5-meo-dalt\/#primaryimage"},"image":{"@id":"https:\/\/poudresdenarco.com\/produit\/5-meo-dalt\/#primaryimage"},"thumbnailUrl":"https:\/\/poudresdenarco.com\/wp-content\/uploads\/2024\/10\/5-MEO-DALT-1.gif","datePublished":"2024-10-16T11:32:57+00:00","dateModified":"2026-01-17T02:58:58+00:00","description":"de 5-MeO-DALT pour la recherche scientifique. Achetez du 5-MeO-DALT de haute puret\u00e9 chez Poudres de Narco pour des applications de laboratoire.","breadcrumb":{"@id":"https:\/\/poudresdenarco.com\/produit\/5-meo-dalt\/#breadcrumb"},"inLanguage":"it-IT","potentialAction":[{"@type":"ReadAction","target":["https:\/\/poudresdenarco.com\/produit\/5-meo-dalt\/"]}]},{"@type":"ImageObject","inLanguage":"it-IT","@id":"https:\/\/poudresdenarco.com\/produit\/5-meo-dalt\/#primaryimage","url":"https:\/\/poudresdenarco.com\/wp-content\/uploads\/2024\/10\/5-MEO-DALT-1.gif","contentUrl":"https:\/\/poudresdenarco.com\/wp-content\/uploads\/2024\/10\/5-MEO-DALT-1.gif","width":600,"height":600,"caption":"5-MEO-DALT"},{"@type":"BreadcrumbList","@id":"https:\/\/poudresdenarco.com\/produit\/5-meo-dalt\/#breadcrumb","itemListElement":[{"@type":"ListItem","position":1,"name":"Home","item":"https:\/\/poudresdenarco.com\/"},{"@type":"ListItem","position":2,"name":"Boutique","item":"https:\/\/poudresdenarco.com\/boutique\/"},{"@type":"ListItem","position":3,"name":"5-MEO-DALT"}]},{"@type":"WebSite","@id":"https:\/\/poudresdenarco.com\/#website","url":"https:\/\/poudresdenarco.com\/","name":"Poudresde Narco","description":"Acheter de la coca\u00efne et de l&#039;h\u00e9ro\u00efne en ligne","potentialAction":[{"@type":"SearchAction","target":{"@type":"EntryPoint","urlTemplate":"https:\/\/poudresdenarco.com\/?s={search_term_string}"},"query-input":{"@type":"PropertyValueSpecification","valueRequired":true,"valueName":"search_term_string"}}],"inLanguage":"it-IT"}]}},"_links":{"self":[{"href":"https:\/\/poudresdenarco.com\/it\/wp-json\/wp\/v2\/product\/6129","targetHints":{"allow":["GET"]}}],"collection":[{"href":"https:\/\/poudresdenarco.com\/it\/wp-json\/wp\/v2\/product"}],"about":[{"href":"https:\/\/poudresdenarco.com\/it\/wp-json\/wp\/v2\/types\/product"}],"replies":[{"embeddable":true,"href":"https:\/\/poudresdenarco.com\/it\/wp-json\/wp\/v2\/comments?post=6129"}],"wp:featuredmedia":[{"embeddable":true,"href":"https:\/\/poudresdenarco.com\/it\/wp-json\/wp\/v2\/media\/6211"}],"wp:attachment":[{"href":"https:\/\/poudresdenarco.com\/it\/wp-json\/wp\/v2\/media?parent=6129"}],"wp:term":[{"taxonomy":"product_cat","embeddable":true,"href":"https:\/\/poudresdenarco.com\/it\/wp-json\/wp\/v2\/product_cat?post=6129"},{"taxonomy":"product_tag","embeddable":true,"href":"https:\/\/poudresdenarco.com\/it\/wp-json\/wp\/v2\/product_tag?post=6129"}],"curies":[{"name":"wp","href":"https:\/\/api.w.org\/{rel}","templated":true}]}}