{"id":6220,"date":"2024-10-18T05:38:32","date_gmt":"2024-10-18T05:38:32","guid":{"rendered":"https:\/\/poudresdenarco.com\/?post_type=product&#038;p=6220"},"modified":"2026-05-02T23:09:14","modified_gmt":"2026-05-02T23:09:14","slug":"dmxe","status":"publish","type":"product","link":"https:\/\/poudresdenarco.com\/it\/prodotto\/dmxe\/","title":{"rendered":"Dmxe"},"content":{"rendered":"<h2><strong>DMXE ad alta purezza per la ricerca <a href=\"https:\/\/poudresdenarco.com\/it\/prodotto\/3cl\/\">&#8211;<\/a> Polveri narcotiche<\/strong><\/h2>\n<p>Noi di Poudres de Narco forniamo <strong>DMXE di alta qualit\u00e0<\/strong> solo per applicazioni di ricerca. Conosciuto per il suo profilo unico negli studi dissociativi, il nostro DMXE \u00e8 prodotto secondo rigorosi standard di purezza e qualit\u00e0, che lo rendono una scelta affidabile per i professionisti della chimica e della farmacologia Acquista DMXE per la ricerca<a href=\"https:\/\/k2spices.com\/product-category\/k2-powder-incense\/\">.<\/a><\/p>\n<h3>Perch\u00e9 scegliere DMXE di Poudres de Narco?<\/h3>\n<p>Per i ricercatori, la qualit\u00e0 e la coerenza dei prodotti sono essenziali. Scegliendo <strong>DMXE per la ricerca<\/strong> di Poudres de Narco, beneficiate di :<\/p>\n<ul>\n<li><strong>Purezza affidabile<\/strong> Ogni lotto di DMXE viene rigorosamente testato per garantire un elevato livello di purezza.<\/li>\n<li><strong>Qualit\u00e0 costante<\/strong> Il nostro prodotto \u00e8 trattato per soddisfare i requisiti dei laboratori e degli studi analitici.<\/li>\n<li><strong>Supporto esperto<\/strong> Il nostro team \u00e8 a disposizione per fornire consigli sulla manipolazione, lo stoccaggio e i protocolli di sicurezza.<\/li>\n<\/ul>\n<h3>Applicazioni e linee guida per la sicurezza<\/h3>\n<p>Le <strong>DMXE<\/strong> \u00e8 utilizzato in diversi contesti di ricerca di laboratorio. Poudres de Narco si concentra sui protocolli di sicurezza adattati per le <strong>manipolazione e stoccaggio<\/strong> di questo prodotto, garantendo la conformit\u00e0 e la sicurezza dei ricercatori:<\/p>\n<ul>\n<li><strong>Immagazzinamento<\/strong> Conservare il DMXE in un luogo fresco e asciutto, lontano dalla luce diretta.<\/li>\n<li><strong>Manipolazione<\/strong> Utilizzare i dispositivi di protezione individuale (DPI) e lavorare in laboratori ben ventilati.<\/li>\n<li><strong>Uso strettamente riservato alla ricerca<\/strong> Questo prodotto \u00e8 destinato esclusivamente ad ambienti di ricerca controllati.<\/li>\n<\/ul>\n<h3>Ordini sicuri per i professionisti<\/h3>\n<p>La nostra piattaforma online rende facile l'acquisto <strong>DMXE per la ricerca, Acquistare DMXE per la ricerca<\/strong> a strutture autorizzate. Poudres de Narco si concentra su sicurezza, qualit\u00e0 e riservatezza, assicurando che tutti gli ordini soddisfino gli standard di conformit\u00e0. <strong>Contattateci<\/strong> per maggiori dettagli o per richiedere un preventivo.<\/p>","protected":false},"excerpt":{"rendered":"<p>DMXE de Haute Puret\u00e9 pour la Recherche &#8211; Poudres de Narco Chez Poudres de Narco, nous fournissons du DMXE de qualit\u00e9 sup\u00e9rieure destin\u00e9 uniquement aux applications de recherche. Connu pour son profil unique dans les \u00e9tudes dissociatives, notre DMXE est fabriqu\u00e9 selon des normes strictes de puret\u00e9 et de qualit\u00e9, ce qui en fait un&hellip;<\/p>","protected":false},"featured_media":6295,"comment_status":"open","ping_status":"closed","template":"","meta":{"_joinchat":[]},"product_cat":[558],"product_tag":[],"class_list":{"0":"post-6220","1":"product","2":"type-product","3":"status-publish","4":"has-post-thumbnail","6":"product_cat-chimiques-de-recherche","8":"first","9":"instock","10":"shipping-taxable","11":"purchasable","12":"product-type-variable","13":"col-xs-6 col-sm-4","14":"col-md-3 col-lg-3","15":"un-4-cols"},"yoast_head":"<!-- This site is optimized with the Yoast SEO plugin v23.8 - https:\/\/yoast.com\/wordpress\/plugins\/seo\/ -->\n<title>Acheter DMXE de Recherche | Poudres de Narco<\/title>\n<meta name=\"description\" content=\"DMXE de haute puret\u00e9 pour la recherche chez Poudres de Narco. Qualit\u00e9 fiable et s\u00e9curit\u00e9 assur\u00e9e pour les applications en laboratoire, Acheter DMXE .\" \/>\n<meta name=\"robots\" content=\"index, follow, max-snippet:-1, max-image-preview:large, max-video-preview:-1\" \/>\n<link rel=\"canonical\" href=\"https:\/\/poudresdenarco.com\/it\/prodotto\/dmxe\/\" \/>\n<meta property=\"og:locale\" content=\"it_IT\" \/>\n<meta property=\"og:type\" content=\"article\" \/>\n<meta property=\"og:title\" content=\"Acheter DMXE de Recherche | Poudres de Narco\" \/>\n<meta property=\"og:description\" content=\"DMXE de haute puret\u00e9 pour la recherche chez Poudres de Narco. Qualit\u00e9 fiable et s\u00e9curit\u00e9 assur\u00e9e pour les applications en laboratoire, Acheter DMXE .\" \/>\n<meta property=\"og:url\" content=\"https:\/\/poudresdenarco.com\/it\/prodotto\/dmxe\/\" \/>\n<meta property=\"og:site_name\" content=\"Poudresde Narco\" \/>\n<meta property=\"article:modified_time\" content=\"2026-05-02T23:09:14+00:00\" \/>\n<meta property=\"og:image\" content=\"https:\/\/poudresdenarco.com\/wp-content\/uploads\/2024\/10\/Dmxe-1.gif\" \/>\n\t<meta property=\"og:image:width\" content=\"600\" \/>\n\t<meta property=\"og:image:height\" content=\"600\" \/>\n\t<meta property=\"og:image:type\" content=\"image\/gif\" \/>\n<meta name=\"twitter:card\" content=\"summary_large_image\" \/>\n<meta name=\"twitter:label1\" content=\"Tempo di lettura stimato\" \/>\n\t<meta name=\"twitter:data1\" content=\"2 minuti\" \/>\n<script type=\"application\/ld+json\" class=\"yoast-schema-graph\">{\"@context\":\"https:\/\/schema.org\",\"@graph\":[{\"@type\":\"WebPage\",\"@id\":\"https:\/\/poudresdenarco.com\/produit\/dmxe\/\",\"url\":\"https:\/\/poudresdenarco.com\/produit\/dmxe\/\",\"name\":\"Acheter DMXE de Recherche | Poudres de Narco\",\"isPartOf\":{\"@id\":\"https:\/\/poudresdenarco.com\/#website\"},\"primaryImageOfPage\":{\"@id\":\"https:\/\/poudresdenarco.com\/produit\/dmxe\/#primaryimage\"},\"image\":{\"@id\":\"https:\/\/poudresdenarco.com\/produit\/dmxe\/#primaryimage\"},\"thumbnailUrl\":\"https:\/\/poudresdenarco.com\/wp-content\/uploads\/2024\/10\/Dmxe-1.gif\",\"datePublished\":\"2024-10-18T05:38:32+00:00\",\"dateModified\":\"2026-05-02T23:09:14+00:00\",\"description\":\"DMXE de haute puret\u00e9 pour la recherche chez Poudres de Narco. Qualit\u00e9 fiable et s\u00e9curit\u00e9 assur\u00e9e pour les applications en laboratoire, Acheter DMXE .\",\"breadcrumb\":{\"@id\":\"https:\/\/poudresdenarco.com\/produit\/dmxe\/#breadcrumb\"},\"inLanguage\":\"it-IT\",\"potentialAction\":[{\"@type\":\"ReadAction\",\"target\":[\"https:\/\/poudresdenarco.com\/produit\/dmxe\/\"]}]},{\"@type\":\"ImageObject\",\"inLanguage\":\"it-IT\",\"@id\":\"https:\/\/poudresdenarco.com\/produit\/dmxe\/#primaryimage\",\"url\":\"https:\/\/poudresdenarco.com\/wp-content\/uploads\/2024\/10\/Dmxe-1.gif\",\"contentUrl\":\"https:\/\/poudresdenarco.com\/wp-content\/uploads\/2024\/10\/Dmxe-1.gif\",\"width\":600,\"height\":600,\"caption\":\"Acheter DMXE de recherche\"},{\"@type\":\"BreadcrumbList\",\"@id\":\"https:\/\/poudresdenarco.com\/produit\/dmxe\/#breadcrumb\",\"itemListElement\":[{\"@type\":\"ListItem\",\"position\":1,\"name\":\"Home\",\"item\":\"https:\/\/poudresdenarco.com\/\"},{\"@type\":\"ListItem\",\"position\":2,\"name\":\"Boutique\",\"item\":\"https:\/\/poudresdenarco.com\/boutique\/\"},{\"@type\":\"ListItem\",\"position\":3,\"name\":\"Dmxe\"}]},{\"@type\":\"WebSite\",\"@id\":\"https:\/\/poudresdenarco.com\/#website\",\"url\":\"https:\/\/poudresdenarco.com\/\",\"name\":\"Poudresde Narco\",\"description\":\"Acheter de la coca\u00efne et de l&#039;h\u00e9ro\u00efne en ligne\",\"potentialAction\":[{\"@type\":\"SearchAction\",\"target\":{\"@type\":\"EntryPoint\",\"urlTemplate\":\"https:\/\/poudresdenarco.com\/?s={search_term_string}\"},\"query-input\":{\"@type\":\"PropertyValueSpecification\",\"valueRequired\":true,\"valueName\":\"search_term_string\"}}],\"inLanguage\":\"it-IT\"}]}<\/script>\n<!-- \/ Yoast SEO plugin. -->","yoast_head_json":{"title":"Acheter DMXE de Recherche | Poudres de Narco","description":"DMXE de haute puret\u00e9 pour la recherche chez Poudres de Narco. Qualit\u00e9 fiable et s\u00e9curit\u00e9 assur\u00e9e pour les applications en laboratoire, Acheter DMXE .","robots":{"index":"index","follow":"follow","max-snippet":"max-snippet:-1","max-image-preview":"max-image-preview:large","max-video-preview":"max-video-preview:-1"},"canonical":"https:\/\/poudresdenarco.com\/it\/prodotto\/dmxe\/","og_locale":"it_IT","og_type":"article","og_title":"Acheter DMXE de Recherche | Poudres de Narco","og_description":"DMXE de haute puret\u00e9 pour la recherche chez Poudres de Narco. Qualit\u00e9 fiable et s\u00e9curit\u00e9 assur\u00e9e pour les applications en laboratoire, Acheter DMXE .","og_url":"https:\/\/poudresdenarco.com\/it\/prodotto\/dmxe\/","og_site_name":"Poudresde Narco","article_modified_time":"2026-05-02T23:09:14+00:00","og_image":[{"width":600,"height":600,"url":"https:\/\/poudresdenarco.com\/wp-content\/uploads\/2024\/10\/Dmxe-1.gif","type":"image\/gif"}],"twitter_card":"summary_large_image","twitter_misc":{"Tempo di lettura stimato":"2 minuti"},"schema":{"@context":"https:\/\/schema.org","@graph":[{"@type":"WebPage","@id":"https:\/\/poudresdenarco.com\/produit\/dmxe\/","url":"https:\/\/poudresdenarco.com\/produit\/dmxe\/","name":"Acheter DMXE de Recherche | Poudres de Narco","isPartOf":{"@id":"https:\/\/poudresdenarco.com\/#website"},"primaryImageOfPage":{"@id":"https:\/\/poudresdenarco.com\/produit\/dmxe\/#primaryimage"},"image":{"@id":"https:\/\/poudresdenarco.com\/produit\/dmxe\/#primaryimage"},"thumbnailUrl":"https:\/\/poudresdenarco.com\/wp-content\/uploads\/2024\/10\/Dmxe-1.gif","datePublished":"2024-10-18T05:38:32+00:00","dateModified":"2026-05-02T23:09:14+00:00","description":"DMXE de haute puret\u00e9 pour la recherche chez Poudres de Narco. Qualit\u00e9 fiable et s\u00e9curit\u00e9 assur\u00e9e pour les applications en laboratoire, Acheter DMXE .","breadcrumb":{"@id":"https:\/\/poudresdenarco.com\/produit\/dmxe\/#breadcrumb"},"inLanguage":"it-IT","potentialAction":[{"@type":"ReadAction","target":["https:\/\/poudresdenarco.com\/produit\/dmxe\/"]}]},{"@type":"ImageObject","inLanguage":"it-IT","@id":"https:\/\/poudresdenarco.com\/produit\/dmxe\/#primaryimage","url":"https:\/\/poudresdenarco.com\/wp-content\/uploads\/2024\/10\/Dmxe-1.gif","contentUrl":"https:\/\/poudresdenarco.com\/wp-content\/uploads\/2024\/10\/Dmxe-1.gif","width":600,"height":600,"caption":"Acheter DMXE de recherche"},{"@type":"BreadcrumbList","@id":"https:\/\/poudresdenarco.com\/produit\/dmxe\/#breadcrumb","itemListElement":[{"@type":"ListItem","position":1,"name":"Home","item":"https:\/\/poudresdenarco.com\/"},{"@type":"ListItem","position":2,"name":"Boutique","item":"https:\/\/poudresdenarco.com\/boutique\/"},{"@type":"ListItem","position":3,"name":"Dmxe"}]},{"@type":"WebSite","@id":"https:\/\/poudresdenarco.com\/#website","url":"https:\/\/poudresdenarco.com\/","name":"Poudresde Narco","description":"Acheter de la coca\u00efne et de l&#039;h\u00e9ro\u00efne en ligne","potentialAction":[{"@type":"SearchAction","target":{"@type":"EntryPoint","urlTemplate":"https:\/\/poudresdenarco.com\/?s={search_term_string}"},"query-input":{"@type":"PropertyValueSpecification","valueRequired":true,"valueName":"search_term_string"}}],"inLanguage":"it-IT"}]}},"_links":{"self":[{"href":"https:\/\/poudresdenarco.com\/it\/wp-json\/wp\/v2\/product\/6220","targetHints":{"allow":["GET"]}}],"collection":[{"href":"https:\/\/poudresdenarco.com\/it\/wp-json\/wp\/v2\/product"}],"about":[{"href":"https:\/\/poudresdenarco.com\/it\/wp-json\/wp\/v2\/types\/product"}],"replies":[{"embeddable":true,"href":"https:\/\/poudresdenarco.com\/it\/wp-json\/wp\/v2\/comments?post=6220"}],"wp:featuredmedia":[{"embeddable":true,"href":"https:\/\/poudresdenarco.com\/it\/wp-json\/wp\/v2\/media\/6295"}],"wp:attachment":[{"href":"https:\/\/poudresdenarco.com\/it\/wp-json\/wp\/v2\/media?parent=6220"}],"wp:term":[{"taxonomy":"product_cat","embeddable":true,"href":"https:\/\/poudresdenarco.com\/it\/wp-json\/wp\/v2\/product_cat?post=6220"},{"taxonomy":"product_tag","embeddable":true,"href":"https:\/\/poudresdenarco.com\/it\/wp-json\/wp\/v2\/product_tag?post=6220"}],"curies":[{"name":"wp","href":"https:\/\/api.w.org\/{rel}","templated":true}]}}