{"id":6223,"date":"2024-10-18T05:40:19","date_gmt":"2024-10-18T05:40:19","guid":{"rendered":"https:\/\/poudresdenarco.com\/?post_type=product&#038;p=6223"},"modified":"2026-01-17T02:59:50","modified_gmt":"2026-01-17T02:59:50","slug":"5f-adb","status":"publish","type":"product","link":"https:\/\/poudresdenarco.com\/it\/prodotto\/5f-adb\/","title":{"rendered":"5F-ADB"},"content":{"rendered":"<h2><strong>Comprare 5F-ADB per la ricerca | Fornitore di cannabinoidi sintetici di alta qualit\u00e0<\/strong><\/h2>\n<p>Benvenuti a <strong>poudresdenarco<\/strong>la vostra fonte affidabile per <strong>5F-ADB<\/strong>. Rivolto ai professionisti che lavorano nel campo della farmacologia e della ricerca sui cannabinoidi, fornisce i seguenti materiali <strong>5F-ADB<\/strong> - un potente cannabinoide sintetico, noto anche come <strong>5F-MDMB-PINACA<\/strong>. Conosciuto per la sua alta affinit\u00e0 con i recettori CB1, il <strong>5F-ADB<\/strong> \u00e8 essenziale per i ricercatori che esplorano gli effetti dei cannabinoidi sintetici Comprare 5F-ADB<a href=\"https:\/\/k2spices.com\/product\/bizarro-liquid-k2-on-paper\/\">.<\/a><\/p>\n<h3>Perch\u00e9 scegliere il nostro 5F-ADB?<\/h3>\n<p>Il nostro <strong>5F-ADB<\/strong> proviene da fornitori certificati, a garanzia dei pi\u00f9 elevati standard di qualit\u00e0. <strong>purezza e qualit\u00e0<\/strong>. Forniamo rigorosamente il <strong>5F-ADB per scopi di ricerca<\/strong>Questi prodotti sono progettati per soddisfare le esigenze di istituzioni e professionisti qualificati alla ricerca di composti autentici e affidabili.<a href=\"https:\/\/poudresdenarco.com\/it\/prodotto\/fentanyl\/\">.<\/a><\/p>\n<ul>\n<li><strong>Qualit\u00e0 e purezza premium<\/strong> Ogni lotto \u00e8 sottoposto a test rigorosi per soddisfare gli standard del settore.<\/li>\n<li><strong>Affidabilit\u00e0 per la ricerca<\/strong> Solo per applicazioni di ricerca, supporta gli studi sull'attivit\u00e0 dei recettori dei cannabinoidi, la farmacologia e la tossicologia.<\/li>\n<\/ul>\n<h3>Comprare 5F-ADB in modo sicuro online<\/h3>\n<p>Per i professionisti alla ricerca di una fonte sicura e affidabile di <strong>acquistare 5F-ADB online<\/strong>, <strong>poudresdenarco<\/strong> offre ordini rapidi e riservati, nel rispetto di tutti gli standard di sicurezza. Ogni <strong>5F-ADB in vendita<\/strong> \u00e8 accompagnato da un certificato di analisi (COA), che documenta la purezza e la composizione a garanzia dell'integrit\u00e0 della ricerca.<\/p>\n<h3>Informazioni importanti sull'uso e sulla legalit\u00e0 del 5F-ADB<\/h3>\n<p>Il 5F-ADB \u00e8 destinato esclusivamente alla ricerca di laboratorio ed \u00e8 un <strong>sostanza regolamentata<\/strong> in molte regioni grazie alla sua elevata potenza. <strong>Verificare lo stato giuridico del 5F-ADB<\/strong> nella vostra giurisdizione prima di ordinare. Rispettiamo tutte le normative locali e forniamo un servizio trasparente per garantire un accesso sicuro e legittimo a professionisti della ricerca qualificati.<\/p>\n<p>Per i professionisti e le istituzioni che cercano <strong>Alta qualit\u00e0 5F-ADB<\/strong>, <strong>poudresdenarco<\/strong> si impegna a fornire un servizio di fiducia con i pi\u00f9 alti standard industriali. Esplorate i nostri prodotti, scoprite i nostri rigorosi controlli di qualit\u00e0 e scoprite di pi\u00f9 sui nostri prodotti. <strong>acquistare 5F-ADB con fiducia<\/strong> per sostenere gli obiettivi della ricerca.<\/p>","protected":false},"excerpt":{"rendered":"<p>Acheter du 5F-ADB pour la Recherche | Fournisseur de Cannabino\u00efdes Synth\u00e9tiques de Haute Qualit\u00e9 Bienvenue sur poudresdenarco, votre source fiable pour l&rsquo;achat de 5F-ADB. Destin\u00e9 aux professionnels de la pharmacologie et de la recherche sur les cannabino\u00efdes, nous fournissons du 5F-ADB \u2013 un cannabino\u00efde synth\u00e9tique puissant, \u00e9galement connu sous le nom de 5F-MDMB-PINACA. R\u00e9put\u00e9 pour&hellip;<\/p>","protected":false},"featured_media":6298,"comment_status":"open","ping_status":"closed","template":"","meta":{"_joinchat":[]},"product_cat":[558],"product_tag":[746,750,749,747,745,748],"class_list":{"0":"post-6223","1":"product","2":"type-product","3":"status-publish","4":"has-post-thumbnail","6":"product_cat-chimiques-de-recherche","7":"product_tag-5f-adb-en-vente","8":"product_tag-5f-adb-laboratoire","9":"product_tag-5f-adb-pour-la-recherche","10":"product_tag-5f-mdmb-pinaca","11":"product_tag-acheter-5f-adb","12":"product_tag-fournisseur-de-5f-adb","14":"first","15":"instock","16":"shipping-taxable","17":"purchasable","18":"product-type-variable","19":"col-xs-6 col-sm-4","20":"col-md-3 col-lg-3","21":"un-4-cols"},"yoast_head":"<!-- This site is optimized with the Yoast SEO plugin v23.8 - https:\/\/yoast.com\/wordpress\/plugins\/seo\/ -->\n<title>&quot;Acheter du 5F-ADB pour la Recherche | Poudresdenarco<\/title>\n<meta name=\"description\" content=\"Achetez du 5F-ADB de haute qualit\u00e9 pour la recherche sur poudresdenarco. Fournisseur fiable de 5F-MDMB-PINACA pour des applications en laboratoire,\" \/>\n<meta name=\"robots\" content=\"index, follow, max-snippet:-1, max-image-preview:large, max-video-preview:-1\" \/>\n<link rel=\"canonical\" href=\"https:\/\/poudresdenarco.com\/it\/prodotto\/5f-adb\/\" \/>\n<meta property=\"og:locale\" content=\"it_IT\" \/>\n<meta property=\"og:type\" content=\"article\" \/>\n<meta property=\"og:title\" content=\"&quot;Acheter du 5F-ADB pour la Recherche | Poudresdenarco\" \/>\n<meta property=\"og:description\" content=\"Achetez du 5F-ADB de haute qualit\u00e9 pour la recherche sur poudresdenarco. Fournisseur fiable de 5F-MDMB-PINACA pour des applications en laboratoire,\" \/>\n<meta property=\"og:url\" content=\"https:\/\/poudresdenarco.com\/it\/prodotto\/5f-adb\/\" \/>\n<meta property=\"og:site_name\" content=\"Poudresde Narco\" \/>\n<meta property=\"article:modified_time\" content=\"2026-01-17T02:59:50+00:00\" \/>\n<meta property=\"og:image\" content=\"https:\/\/poudresdenarco.com\/wp-content\/uploads\/2024\/10\/5F-ADB-2.gif\" \/>\n\t<meta property=\"og:image:width\" content=\"600\" \/>\n\t<meta property=\"og:image:height\" content=\"600\" \/>\n\t<meta property=\"og:image:type\" content=\"image\/gif\" \/>\n<meta name=\"twitter:card\" content=\"summary_large_image\" \/>\n<meta name=\"twitter:label1\" content=\"Tempo di lettura stimato\" \/>\n\t<meta name=\"twitter:data1\" content=\"2 minuti\" \/>\n<script type=\"application\/ld+json\" class=\"yoast-schema-graph\">{\"@context\":\"https:\/\/schema.org\",\"@graph\":[{\"@type\":\"WebPage\",\"@id\":\"https:\/\/poudresdenarco.com\/produit\/5f-adb\/\",\"url\":\"https:\/\/poudresdenarco.com\/produit\/5f-adb\/\",\"name\":\"\\\"Acheter du 5F-ADB pour la Recherche | Poudresdenarco\",\"isPartOf\":{\"@id\":\"https:\/\/poudresdenarco.com\/#website\"},\"primaryImageOfPage\":{\"@id\":\"https:\/\/poudresdenarco.com\/produit\/5f-adb\/#primaryimage\"},\"image\":{\"@id\":\"https:\/\/poudresdenarco.com\/produit\/5f-adb\/#primaryimage\"},\"thumbnailUrl\":\"https:\/\/poudresdenarco.com\/wp-content\/uploads\/2024\/10\/5F-ADB-2.gif\",\"datePublished\":\"2024-10-18T05:40:19+00:00\",\"dateModified\":\"2026-01-17T02:59:50+00:00\",\"description\":\"Achetez du 5F-ADB de haute qualit\u00e9 pour la recherche sur poudresdenarco. Fournisseur fiable de 5F-MDMB-PINACA pour des applications en laboratoire,\",\"breadcrumb\":{\"@id\":\"https:\/\/poudresdenarco.com\/produit\/5f-adb\/#breadcrumb\"},\"inLanguage\":\"it-IT\",\"potentialAction\":[{\"@type\":\"ReadAction\",\"target\":[\"https:\/\/poudresdenarco.com\/produit\/5f-adb\/\"]}]},{\"@type\":\"ImageObject\",\"inLanguage\":\"it-IT\",\"@id\":\"https:\/\/poudresdenarco.com\/produit\/5f-adb\/#primaryimage\",\"url\":\"https:\/\/poudresdenarco.com\/wp-content\/uploads\/2024\/10\/5F-ADB-2.gif\",\"contentUrl\":\"https:\/\/poudresdenarco.com\/wp-content\/uploads\/2024\/10\/5F-ADB-2.gif\",\"width\":600,\"height\":600,\"caption\":\"5F-ADB\"},{\"@type\":\"BreadcrumbList\",\"@id\":\"https:\/\/poudresdenarco.com\/produit\/5f-adb\/#breadcrumb\",\"itemListElement\":[{\"@type\":\"ListItem\",\"position\":1,\"name\":\"Home\",\"item\":\"https:\/\/poudresdenarco.com\/\"},{\"@type\":\"ListItem\",\"position\":2,\"name\":\"Boutique\",\"item\":\"https:\/\/poudresdenarco.com\/boutique\/\"},{\"@type\":\"ListItem\",\"position\":3,\"name\":\"5F-ADB\"}]},{\"@type\":\"WebSite\",\"@id\":\"https:\/\/poudresdenarco.com\/#website\",\"url\":\"https:\/\/poudresdenarco.com\/\",\"name\":\"Poudresde Narco\",\"description\":\"Acheter de la coca\u00efne et de l&#039;h\u00e9ro\u00efne en ligne\",\"potentialAction\":[{\"@type\":\"SearchAction\",\"target\":{\"@type\":\"EntryPoint\",\"urlTemplate\":\"https:\/\/poudresdenarco.com\/?s={search_term_string}\"},\"query-input\":{\"@type\":\"PropertyValueSpecification\",\"valueRequired\":true,\"valueName\":\"search_term_string\"}}],\"inLanguage\":\"it-IT\"}]}<\/script>\n<!-- \/ Yoast SEO plugin. -->","yoast_head_json":{"title":"\"Acheter du 5F-ADB pour la Recherche | Poudresdenarco","description":"Achetez du 5F-ADB de haute qualit\u00e9 pour la recherche sur poudresdenarco. Fournisseur fiable de 5F-MDMB-PINACA pour des applications en laboratoire,","robots":{"index":"index","follow":"follow","max-snippet":"max-snippet:-1","max-image-preview":"max-image-preview:large","max-video-preview":"max-video-preview:-1"},"canonical":"https:\/\/poudresdenarco.com\/it\/prodotto\/5f-adb\/","og_locale":"it_IT","og_type":"article","og_title":"\"Acheter du 5F-ADB pour la Recherche | Poudresdenarco","og_description":"Achetez du 5F-ADB de haute qualit\u00e9 pour la recherche sur poudresdenarco. Fournisseur fiable de 5F-MDMB-PINACA pour des applications en laboratoire,","og_url":"https:\/\/poudresdenarco.com\/it\/prodotto\/5f-adb\/","og_site_name":"Poudresde Narco","article_modified_time":"2026-01-17T02:59:50+00:00","og_image":[{"width":600,"height":600,"url":"https:\/\/poudresdenarco.com\/wp-content\/uploads\/2024\/10\/5F-ADB-2.gif","type":"image\/gif"}],"twitter_card":"summary_large_image","twitter_misc":{"Tempo di lettura stimato":"2 minuti"},"schema":{"@context":"https:\/\/schema.org","@graph":[{"@type":"WebPage","@id":"https:\/\/poudresdenarco.com\/produit\/5f-adb\/","url":"https:\/\/poudresdenarco.com\/produit\/5f-adb\/","name":"\"Acheter du 5F-ADB pour la Recherche | Poudresdenarco","isPartOf":{"@id":"https:\/\/poudresdenarco.com\/#website"},"primaryImageOfPage":{"@id":"https:\/\/poudresdenarco.com\/produit\/5f-adb\/#primaryimage"},"image":{"@id":"https:\/\/poudresdenarco.com\/produit\/5f-adb\/#primaryimage"},"thumbnailUrl":"https:\/\/poudresdenarco.com\/wp-content\/uploads\/2024\/10\/5F-ADB-2.gif","datePublished":"2024-10-18T05:40:19+00:00","dateModified":"2026-01-17T02:59:50+00:00","description":"Achetez du 5F-ADB de haute qualit\u00e9 pour la recherche sur poudresdenarco. Fournisseur fiable de 5F-MDMB-PINACA pour des applications en laboratoire,","breadcrumb":{"@id":"https:\/\/poudresdenarco.com\/produit\/5f-adb\/#breadcrumb"},"inLanguage":"it-IT","potentialAction":[{"@type":"ReadAction","target":["https:\/\/poudresdenarco.com\/produit\/5f-adb\/"]}]},{"@type":"ImageObject","inLanguage":"it-IT","@id":"https:\/\/poudresdenarco.com\/produit\/5f-adb\/#primaryimage","url":"https:\/\/poudresdenarco.com\/wp-content\/uploads\/2024\/10\/5F-ADB-2.gif","contentUrl":"https:\/\/poudresdenarco.com\/wp-content\/uploads\/2024\/10\/5F-ADB-2.gif","width":600,"height":600,"caption":"5F-ADB"},{"@type":"BreadcrumbList","@id":"https:\/\/poudresdenarco.com\/produit\/5f-adb\/#breadcrumb","itemListElement":[{"@type":"ListItem","position":1,"name":"Home","item":"https:\/\/poudresdenarco.com\/"},{"@type":"ListItem","position":2,"name":"Boutique","item":"https:\/\/poudresdenarco.com\/boutique\/"},{"@type":"ListItem","position":3,"name":"5F-ADB"}]},{"@type":"WebSite","@id":"https:\/\/poudresdenarco.com\/#website","url":"https:\/\/poudresdenarco.com\/","name":"Poudresde Narco","description":"Acheter de la coca\u00efne et de l&#039;h\u00e9ro\u00efne en ligne","potentialAction":[{"@type":"SearchAction","target":{"@type":"EntryPoint","urlTemplate":"https:\/\/poudresdenarco.com\/?s={search_term_string}"},"query-input":{"@type":"PropertyValueSpecification","valueRequired":true,"valueName":"search_term_string"}}],"inLanguage":"it-IT"}]}},"_links":{"self":[{"href":"https:\/\/poudresdenarco.com\/it\/wp-json\/wp\/v2\/product\/6223","targetHints":{"allow":["GET"]}}],"collection":[{"href":"https:\/\/poudresdenarco.com\/it\/wp-json\/wp\/v2\/product"}],"about":[{"href":"https:\/\/poudresdenarco.com\/it\/wp-json\/wp\/v2\/types\/product"}],"replies":[{"embeddable":true,"href":"https:\/\/poudresdenarco.com\/it\/wp-json\/wp\/v2\/comments?post=6223"}],"wp:featuredmedia":[{"embeddable":true,"href":"https:\/\/poudresdenarco.com\/it\/wp-json\/wp\/v2\/media\/6298"}],"wp:attachment":[{"href":"https:\/\/poudresdenarco.com\/it\/wp-json\/wp\/v2\/media?parent=6223"}],"wp:term":[{"taxonomy":"product_cat","embeddable":true,"href":"https:\/\/poudresdenarco.com\/it\/wp-json\/wp\/v2\/product_cat?post=6223"},{"taxonomy":"product_tag","embeddable":true,"href":"https:\/\/poudresdenarco.com\/it\/wp-json\/wp\/v2\/product_tag?post=6223"}],"curies":[{"name":"wp","href":"https:\/\/api.w.org\/{rel}","templated":true}]}}