{"id":6224,"date":"2024-10-18T05:40:22","date_gmt":"2024-10-18T05:40:22","guid":{"rendered":"https:\/\/poudresdenarco.com\/?post_type=product&#038;p=6224"},"modified":"2026-04-18T02:19:14","modified_gmt":"2026-04-18T02:19:14","slug":"gbl","status":"publish","type":"product","link":"https:\/\/poudresdenarco.com\/it\/prodotto\/gbl\/","title":{"rendered":"Gbl"},"content":{"rendered":"<h2><strong>Comprare GBL online <a href=\"https:\/\/poudresdenarco.com\/it\/categoria-di-prodotto-2\/comprare-crystal-meth-online\/\">|<\/a> Alta qualit\u00e0 Gamma-butirrolattone in vendita<\/strong><\/h2>\n<p>Si sta cercando di <strong>acquistare GBL online<\/strong> ? La nostra piattaforma offre <strong>GBL in vendita<\/strong> ideale per applicazioni industriali come la produzione chimica, la sverniciatura e la pulizia professionale. Siamo fornitori di <strong>GBL<\/strong> che offre Gamma-Butirrolattone di qualit\u00e0 superiore per soddisfare le vostre esigenze industriali in modo sicuro ed efficiente.<a href=\"https:\/\/k2spices.com\/product-category\/liquid-k2-on-paper\/\">.<\/a><\/p>\n<h3>Che cos'\u00e8 il GBL?<\/h3>\n<p>La <strong>Gamma-butirrolattone (GBL)<\/strong> \u00e8 un potente solvente utilizzato in diversi settori per la sua versatilit\u00e0 ed efficacia. Se avete bisogno di un <strong>Pulitore GBL<\/strong> per le superfici industriali, un solvente per la <strong>produzione chimica<\/strong>GBL offre risultati affidabili e ad alte prestazioni. Le applicazioni pi\u00f9 comuni includono :<\/p>\n<ul>\n<li><strong>Produzione chimica<\/strong> Il GBL \u00e8 ampiamente utilizzato come solvente nella sintesi di prodotti farmaceutici e di specialit\u00e0 chimiche.<\/li>\n<li><strong>Pulizia e sverniciatura della vernice<\/strong> Riconosciuto per la sua efficacia, il GBL viene utilizzato in ambienti industriali per la pulizia e la sverniciatura.<\/li>\n<li><strong>Sciogliere colla e resina<\/strong> Il GBL \u00e8 efficace nello sciogliere gli adesivi e per questo \u00e8 molto apprezzato nei progetti di bricolage e nelle riparazioni industriali.<\/li>\n<\/ul>\n<h3>Dove acquistare il GBL<\/h3>\n<p>Se vi state chiedendo <strong>dove acquistare GBL<\/strong>Conosciamo l'importanza dell'affidabilit\u00e0 e della qualit\u00e0, soprattutto quando siete alla ricerca di un servizio veloce e affidabile. Siamo consapevoli dell'importanza dell'affidabilit\u00e0 e della qualit\u00e0, soprattutto quando si tratta di <strong>usi del GBL<\/strong> nei processi industriali pi\u00f9 impegnativi. \u00c8 possibile <strong>acquistare GBL<\/strong> a noi con fiducia, sapendo che riceverete un prodotto che soddisfa i rigorosi standard del settore.<\/p>\n<h3>Prezzo e disponibilit\u00e0 del GBL<\/h3>\n<p>Il nostro <strong>Prezzo GBL<\/strong> I prezzi competitivi garantiscono un valore senza compromettere la qualit\u00e0. Consultate il nostro sito per scoprire le offerte speciali sugli acquisti all'ingrosso e sulle forniture di GBL. Lavoriamo per offrire prezzi trasparenti e consegne affidabili ai clienti di tutto il mondo, supportando le industrie dalla produzione alla pulizia.<\/p>\n<h3>Stato giuridico del GBL<\/h3>\n<p>\u00c8 essenziale comprendere il <strong>stato giuridico del GBL<\/strong> nella vostra zona. Il GBL \u00e8 regolamentato come precursore in diverse giurisdizioni, tra cui gli Stati Uniti e l'Unione Europea, a causa del suo potenziale di abuso. Il nostro team segue tutti i protocolli di conformit\u00e0 per garantire che il nostro <strong>GBL in vendita<\/strong> \u00e8 strettamente riservato all'uso industriale legittimo e distribuito solo a persone e aziende autorizzate.<\/p>\n<h3>Perch\u00e9 scegliere la nostra azienda come fornitore di GBL?<\/h3>\n<ul>\n<li><strong>Qualit\u00e0 garantita<\/strong> Ogni lotto di GBL che forniamo \u00e8 sottoposto a rigorosi test di qualit\u00e0 per soddisfare gli standard del settore.<\/li>\n<li><strong>Fornitore affidabile<\/strong> La nostra reputazione come fornitore di <strong>GBL<\/strong> si basa su affidabilit\u00e0, trasparenza e soddisfazione del cliente.<\/li>\n<li><strong>Supporto dedicato<\/strong> Se avete domande su <strong>usi del GBL<\/strong> o requisiti normativi, il nostro team \u00e8 qui per aiutarvi.<\/li>\n<\/ul>\n<p>Acquista <strong>Gamma-butirrolattone (GBL)<\/strong> da un fornitore di fiducia. Il nostro processo di ordinazione semplificato, l'assistenza dedicata e l'attenzione alla qualit\u00e0 ci rendono la scelta preferita per le applicazioni industriali della GBL.<\/p>","protected":false},"excerpt":{"rendered":"<p>Acheter du GBL en Ligne | Gamma-Butyrolactone de Haute Qualit\u00e9 en Vente Vous cherchez \u00e0 acheter du GBL en ligne ? Notre plateforme propose du GBL en vente de haute puret\u00e9, id\u00e9al pour des applications industrielles telles que la fabrication de produits chimiques, le d\u00e9capage de peinture et le nettoyage professionnel. Nous sommes un fournisseur&hellip;<\/p>","protected":false},"featured_media":6299,"comment_status":"open","ping_status":"closed","template":"","meta":{"_joinchat":[]},"product_cat":[558],"product_tag":[],"class_list":{"0":"post-6224","1":"product","2":"type-product","3":"status-publish","4":"has-post-thumbnail","6":"product_cat-chimiques-de-recherche","8":"first","9":"instock","10":"shipping-taxable","11":"purchasable","12":"product-type-variable","13":"col-xs-6 col-sm-4","14":"col-md-3 col-lg-3","15":"un-4-cols"},"yoast_head":"<!-- This site is optimized with the Yoast SEO plugin v23.8 - https:\/\/yoast.com\/wordpress\/plugins\/seo\/ -->\n<title>Acheter du GBL en Ligne | Gamma-Butyrolactone de Qualit\u00e9<\/title>\n<meta name=\"description\" content=\"Vous cherchez un fournisseur fiable de GBL ? Achetez de la Gamma-Butyrolactone (GBL) de haute qualit\u00e9 en ligne pour des applications industrielles Acheter GBL en ligne.\" \/>\n<meta name=\"robots\" content=\"index, follow, max-snippet:-1, max-image-preview:large, max-video-preview:-1\" \/>\n<link rel=\"canonical\" href=\"https:\/\/poudresdenarco.com\/it\/prodotto\/gbl\/\" \/>\n<meta property=\"og:locale\" content=\"it_IT\" \/>\n<meta property=\"og:type\" content=\"article\" \/>\n<meta property=\"og:title\" content=\"Acheter du GBL en Ligne | Gamma-Butyrolactone de Qualit\u00e9\" \/>\n<meta property=\"og:description\" content=\"Vous cherchez un fournisseur fiable de GBL ? Achetez de la Gamma-Butyrolactone (GBL) de haute qualit\u00e9 en ligne pour des applications industrielles Acheter GBL en ligne.\" \/>\n<meta property=\"og:url\" content=\"https:\/\/poudresdenarco.com\/it\/prodotto\/gbl\/\" \/>\n<meta property=\"og:site_name\" content=\"Poudresde Narco\" \/>\n<meta property=\"article:modified_time\" content=\"2026-04-18T02:19:14+00:00\" \/>\n<meta property=\"og:image\" content=\"https:\/\/poudresdenarco.com\/wp-content\/uploads\/2024\/10\/GBL-1.gif\" \/>\n\t<meta property=\"og:image:width\" content=\"600\" \/>\n\t<meta property=\"og:image:height\" content=\"600\" \/>\n\t<meta property=\"og:image:type\" content=\"image\/gif\" \/>\n<meta name=\"twitter:card\" content=\"summary_large_image\" \/>\n<meta name=\"twitter:label1\" content=\"Tempo di lettura stimato\" \/>\n\t<meta name=\"twitter:data1\" content=\"3 minuti\" \/>\n<script type=\"application\/ld+json\" class=\"yoast-schema-graph\">{\"@context\":\"https:\/\/schema.org\",\"@graph\":[{\"@type\":\"WebPage\",\"@id\":\"https:\/\/poudresdenarco.com\/produit\/gbl\/\",\"url\":\"https:\/\/poudresdenarco.com\/produit\/gbl\/\",\"name\":\"Acheter du GBL en Ligne | Gamma-Butyrolactone de Qualit\u00e9\",\"isPartOf\":{\"@id\":\"https:\/\/poudresdenarco.com\/#website\"},\"primaryImageOfPage\":{\"@id\":\"https:\/\/poudresdenarco.com\/produit\/gbl\/#primaryimage\"},\"image\":{\"@id\":\"https:\/\/poudresdenarco.com\/produit\/gbl\/#primaryimage\"},\"thumbnailUrl\":\"https:\/\/poudresdenarco.com\/wp-content\/uploads\/2024\/10\/GBL-1.gif\",\"datePublished\":\"2024-10-18T05:40:22+00:00\",\"dateModified\":\"2026-04-18T02:19:14+00:00\",\"description\":\"Vous cherchez un fournisseur fiable de GBL ? Achetez de la Gamma-Butyrolactone (GBL) de haute qualit\u00e9 en ligne pour des applications industrielles Acheter GBL en ligne.\",\"breadcrumb\":{\"@id\":\"https:\/\/poudresdenarco.com\/produit\/gbl\/#breadcrumb\"},\"inLanguage\":\"it-IT\",\"potentialAction\":[{\"@type\":\"ReadAction\",\"target\":[\"https:\/\/poudresdenarco.com\/produit\/gbl\/\"]}]},{\"@type\":\"ImageObject\",\"inLanguage\":\"it-IT\",\"@id\":\"https:\/\/poudresdenarco.com\/produit\/gbl\/#primaryimage\",\"url\":\"https:\/\/poudresdenarco.com\/wp-content\/uploads\/2024\/10\/GBL-1.gif\",\"contentUrl\":\"https:\/\/poudresdenarco.com\/wp-content\/uploads\/2024\/10\/GBL-1.gif\",\"width\":600,\"height\":600,\"caption\":\"Acheter GBL en ligne\"},{\"@type\":\"BreadcrumbList\",\"@id\":\"https:\/\/poudresdenarco.com\/produit\/gbl\/#breadcrumb\",\"itemListElement\":[{\"@type\":\"ListItem\",\"position\":1,\"name\":\"Home\",\"item\":\"https:\/\/poudresdenarco.com\/\"},{\"@type\":\"ListItem\",\"position\":2,\"name\":\"Boutique\",\"item\":\"https:\/\/poudresdenarco.com\/boutique\/\"},{\"@type\":\"ListItem\",\"position\":3,\"name\":\"Gbl\"}]},{\"@type\":\"WebSite\",\"@id\":\"https:\/\/poudresdenarco.com\/#website\",\"url\":\"https:\/\/poudresdenarco.com\/\",\"name\":\"Poudresde Narco\",\"description\":\"Acheter de la coca\u00efne et de l&#039;h\u00e9ro\u00efne en ligne\",\"potentialAction\":[{\"@type\":\"SearchAction\",\"target\":{\"@type\":\"EntryPoint\",\"urlTemplate\":\"https:\/\/poudresdenarco.com\/?s={search_term_string}\"},\"query-input\":{\"@type\":\"PropertyValueSpecification\",\"valueRequired\":true,\"valueName\":\"search_term_string\"}}],\"inLanguage\":\"it-IT\"}]}<\/script>\n<!-- \/ Yoast SEO plugin. -->","yoast_head_json":{"title":"Acheter du GBL en Ligne | Gamma-Butyrolactone de Qualit\u00e9","description":"Vous cherchez un fournisseur fiable de GBL ? Achetez de la Gamma-Butyrolactone (GBL) de haute qualit\u00e9 en ligne pour des applications industrielles Acheter GBL en ligne.","robots":{"index":"index","follow":"follow","max-snippet":"max-snippet:-1","max-image-preview":"max-image-preview:large","max-video-preview":"max-video-preview:-1"},"canonical":"https:\/\/poudresdenarco.com\/it\/prodotto\/gbl\/","og_locale":"it_IT","og_type":"article","og_title":"Acheter du GBL en Ligne | Gamma-Butyrolactone de Qualit\u00e9","og_description":"Vous cherchez un fournisseur fiable de GBL ? Achetez de la Gamma-Butyrolactone (GBL) de haute qualit\u00e9 en ligne pour des applications industrielles Acheter GBL en ligne.","og_url":"https:\/\/poudresdenarco.com\/it\/prodotto\/gbl\/","og_site_name":"Poudresde Narco","article_modified_time":"2026-04-18T02:19:14+00:00","og_image":[{"width":600,"height":600,"url":"https:\/\/poudresdenarco.com\/wp-content\/uploads\/2024\/10\/GBL-1.gif","type":"image\/gif"}],"twitter_card":"summary_large_image","twitter_misc":{"Tempo di lettura stimato":"3 minuti"},"schema":{"@context":"https:\/\/schema.org","@graph":[{"@type":"WebPage","@id":"https:\/\/poudresdenarco.com\/produit\/gbl\/","url":"https:\/\/poudresdenarco.com\/produit\/gbl\/","name":"Acheter du GBL en Ligne | Gamma-Butyrolactone de Qualit\u00e9","isPartOf":{"@id":"https:\/\/poudresdenarco.com\/#website"},"primaryImageOfPage":{"@id":"https:\/\/poudresdenarco.com\/produit\/gbl\/#primaryimage"},"image":{"@id":"https:\/\/poudresdenarco.com\/produit\/gbl\/#primaryimage"},"thumbnailUrl":"https:\/\/poudresdenarco.com\/wp-content\/uploads\/2024\/10\/GBL-1.gif","datePublished":"2024-10-18T05:40:22+00:00","dateModified":"2026-04-18T02:19:14+00:00","description":"Vous cherchez un fournisseur fiable de GBL ? Achetez de la Gamma-Butyrolactone (GBL) de haute qualit\u00e9 en ligne pour des applications industrielles Acheter GBL en ligne.","breadcrumb":{"@id":"https:\/\/poudresdenarco.com\/produit\/gbl\/#breadcrumb"},"inLanguage":"it-IT","potentialAction":[{"@type":"ReadAction","target":["https:\/\/poudresdenarco.com\/produit\/gbl\/"]}]},{"@type":"ImageObject","inLanguage":"it-IT","@id":"https:\/\/poudresdenarco.com\/produit\/gbl\/#primaryimage","url":"https:\/\/poudresdenarco.com\/wp-content\/uploads\/2024\/10\/GBL-1.gif","contentUrl":"https:\/\/poudresdenarco.com\/wp-content\/uploads\/2024\/10\/GBL-1.gif","width":600,"height":600,"caption":"Acheter GBL en ligne"},{"@type":"BreadcrumbList","@id":"https:\/\/poudresdenarco.com\/produit\/gbl\/#breadcrumb","itemListElement":[{"@type":"ListItem","position":1,"name":"Home","item":"https:\/\/poudresdenarco.com\/"},{"@type":"ListItem","position":2,"name":"Boutique","item":"https:\/\/poudresdenarco.com\/boutique\/"},{"@type":"ListItem","position":3,"name":"Gbl"}]},{"@type":"WebSite","@id":"https:\/\/poudresdenarco.com\/#website","url":"https:\/\/poudresdenarco.com\/","name":"Poudresde Narco","description":"Acheter de la coca\u00efne et de l&#039;h\u00e9ro\u00efne en ligne","potentialAction":[{"@type":"SearchAction","target":{"@type":"EntryPoint","urlTemplate":"https:\/\/poudresdenarco.com\/?s={search_term_string}"},"query-input":{"@type":"PropertyValueSpecification","valueRequired":true,"valueName":"search_term_string"}}],"inLanguage":"it-IT"}]}},"_links":{"self":[{"href":"https:\/\/poudresdenarco.com\/it\/wp-json\/wp\/v2\/product\/6224","targetHints":{"allow":["GET"]}}],"collection":[{"href":"https:\/\/poudresdenarco.com\/it\/wp-json\/wp\/v2\/product"}],"about":[{"href":"https:\/\/poudresdenarco.com\/it\/wp-json\/wp\/v2\/types\/product"}],"replies":[{"embeddable":true,"href":"https:\/\/poudresdenarco.com\/it\/wp-json\/wp\/v2\/comments?post=6224"}],"wp:featuredmedia":[{"embeddable":true,"href":"https:\/\/poudresdenarco.com\/it\/wp-json\/wp\/v2\/media\/6299"}],"wp:attachment":[{"href":"https:\/\/poudresdenarco.com\/it\/wp-json\/wp\/v2\/media?parent=6224"}],"wp:term":[{"taxonomy":"product_cat","embeddable":true,"href":"https:\/\/poudresdenarco.com\/it\/wp-json\/wp\/v2\/product_cat?post=6224"},{"taxonomy":"product_tag","embeddable":true,"href":"https:\/\/poudresdenarco.com\/it\/wp-json\/wp\/v2\/product_tag?post=6224"}],"curies":[{"name":"wp","href":"https:\/\/api.w.org\/{rel}","templated":true}]}}