{"id":6226,"date":"2024-10-18T05:40:28","date_gmt":"2024-10-18T05:40:28","guid":{"rendered":"https:\/\/poudresdenarco.com\/?post_type=product&#038;p=6226"},"modified":"2026-01-17T03:00:31","modified_gmt":"2026-01-17T03:00:31","slug":"fentanyl","status":"publish","type":"product","link":"https:\/\/poudresdenarco.com\/it\/prodotto\/fentanyl\/","title":{"rendered":"Fentanil"},"content":{"rendered":"<div class=\"flex max-w-full flex-col flex-grow\">\n<div class=\"min-h-8 text-message flex w-full flex-col items-end gap-2 whitespace-normal break-words [.text-message+&amp;]:mt-5\" dir=\"auto\" data-message-author-role=\"assistant\" data-message-id=\"cd93b966-aa26-4387-b278-805577f36b37\" data-message-model-slug=\"gpt-4o\">\n<div class=\"flex w-full flex-col gap-1 empty:hidden first:pt-[3px]\">\n<div class=\"markdown prose w-full break-words dark:prose-invert light\">\n<h2><strong>Acquistare Fentanyl di grado farmaceutico <a href=\"https:\/\/poudresdenarco.com\/it\/categoria-di-prodotto-2\/acquistare-cocaina-online\/\">-<\/a> Fornitore approvato Narco Powders<\/strong><\/h2>\n<p>Acquistare Fentanyl, Narco Powders \u00e8 il vostro <strong>fornitore autorizzato di fentanil<\/strong>offerta <strong>fentanil di grado farmaceutico<\/strong> per applicazioni mediche e di ricerca. Il nostro <strong>fentanil medico<\/strong> soddisfa i pi\u00f9 severi standard di purezza e sicurezza, indispensabili per la <strong>gestione clinica del dolore<\/strong> e altri usi industriali e farmaceutici<a href=\"https:\/\/legitgrams.com\/de\/shop\/\">.<\/a><\/p>\n<h3>Perch\u00e9 acquistare il Fentanyl da Poudres de Narco?<\/h3>\n<p>Scegliere un <strong>distributore autorizzato di fentanil<\/strong> \u00e8 essenziale per garantire la sicurezza e la conformit\u00e0 di ogni ordine. Acquistando da Poudres de Narco, si beneficia di :<\/p>\n<ul>\n<li><strong>Qualit\u00e0 superiore<\/strong> Fentanil puro e affidabile, essenziale per ottenere risultati consistenti in <strong>uso farmaceutico<\/strong>.<\/li>\n<li><strong>Massima sicurezza<\/strong> : Forniamo <strong>protocolli di sicurezza per la manipolazione e la conservazione del fentanil<\/strong>per garantire un utilizzo sicuro.<\/li>\n<li><strong>Soluzioni all'ingrosso<\/strong> : Il nostro <strong>fentanyl all'ingrosso per gli ospedali<\/strong> e <strong>farmacie<\/strong> garantire una fornitura affidabile a un prezzo competitivo.<\/li>\n<\/ul>\n<h3>Applicazioni e sicurezza<\/h3>\n<p>Le <strong>fentanil per uso farmaceutico<\/strong> che distribuiamo viene utilizzato in diversi contesti:<\/p>\n<ul>\n<li><strong>Clinica<\/strong> Un rapido e controllato sollievo dal dolore nelle strutture sanitarie.<\/li>\n<li><strong>Prodotti farmaceutici<\/strong> Produzione di farmaci di alta precisione.<\/li>\n<li><strong>Ricerca e industria<\/strong> Studi di laboratorio e prove farmacologiche che richiedono un prodotto puro.<\/li>\n<\/ul>\n<p>Garantiamo la conformit\u00e0 attraverso il nostro <strong>Numero CAS per il fentanil (7664-39-3)<\/strong>garantendo un prodotto autentico e di alta qualit\u00e0.<\/p>\n<h3>Pronti a ordinare?<\/h3>\n<p>Per acquistare fentanil in modo sicuro, contattate oggi stesso Narco Powders. Siamo un <strong>fornitore di fentanil di elevata purezza<\/strong>dedicato a fornire soluzioni affidabili e sicure per tutte le vostre esigenze aziendali.<\/p>\n<\/div>\n<\/div>\n<\/div>\n<\/div>\n<div class=\"mb-2 flex gap-3 empty:hidden -ml-2\">\n<div class=\"items-center justify-start rounded-xl p-1 flex\">\n<div class=\"flex items-center\"><\/div>\n<\/div>\n<\/div>","protected":false},"excerpt":{"rendered":"<p>Il fentanil \u00e8 un oppioide sintetico. Viene utilizzato per alleviare il dolore acuto e cronico in anestesia, terapia intensiva, medicina d'urgenza e gestione del dolore ambulatoriale. Viene utilizzato sotto forma di iniezioni, cerotti, spray nasali e per assorbimento attraverso la mucosa buccale.<\/p>","protected":false},"featured_media":6301,"comment_status":"open","ping_status":"closed","template":"","meta":{"_joinchat":[]},"product_cat":[558],"product_tag":[],"class_list":{"0":"post-6226","1":"product","2":"type-product","3":"status-publish","4":"has-post-thumbnail","6":"product_cat-chimiques-de-recherche","8":"first","9":"instock","10":"shipping-taxable","11":"purchasable","12":"product-type-variable","13":"col-xs-6 col-sm-4","14":"col-md-3 col-lg-3","15":"un-4-cols"},"yoast_head":"<!-- This site is optimized with the Yoast SEO plugin v23.8 - https:\/\/yoast.com\/wordpress\/plugins\/seo\/ -->\n<title>Acheter Fentanyl Pharmaceutique | Poudres de Narco<\/title>\n<meta name=\"description\" content=\"&quot;Poudres de Narco propose du fentanyl de qualit\u00e9 pharmaceutique pour des applications m\u00e9dicales et industrielles. Achat s\u00e9curis\u00e9 avec protocoles de s\u00e9curit\u00e9.\" \/>\n<meta name=\"robots\" content=\"index, follow, max-snippet:-1, max-image-preview:large, max-video-preview:-1\" \/>\n<link rel=\"canonical\" href=\"https:\/\/poudresdenarco.com\/it\/prodotto\/fentanyl\/\" \/>\n<meta property=\"og:locale\" content=\"it_IT\" \/>\n<meta property=\"og:type\" content=\"article\" \/>\n<meta property=\"og:title\" content=\"Acheter Fentanyl Pharmaceutique | Poudres de Narco\" \/>\n<meta property=\"og:description\" content=\"&quot;Poudres de Narco propose du fentanyl de qualit\u00e9 pharmaceutique pour des applications m\u00e9dicales et industrielles. Achat s\u00e9curis\u00e9 avec protocoles de s\u00e9curit\u00e9.\" \/>\n<meta property=\"og:url\" content=\"https:\/\/poudresdenarco.com\/it\/prodotto\/fentanyl\/\" \/>\n<meta property=\"og:site_name\" content=\"Poudresde Narco\" \/>\n<meta property=\"article:modified_time\" content=\"2026-01-17T03:00:31+00:00\" \/>\n<meta property=\"og:image\" content=\"https:\/\/poudresdenarco.com\/wp-content\/uploads\/2024\/10\/Fentanyl.gif\" \/>\n\t<meta property=\"og:image:width\" content=\"600\" \/>\n\t<meta property=\"og:image:height\" content=\"600\" \/>\n\t<meta property=\"og:image:type\" content=\"image\/gif\" \/>\n<meta name=\"twitter:card\" content=\"summary_large_image\" \/>\n<meta name=\"twitter:label1\" content=\"Tempo di lettura stimato\" \/>\n\t<meta name=\"twitter:data1\" content=\"2 minuti\" \/>\n<script type=\"application\/ld+json\" class=\"yoast-schema-graph\">{\"@context\":\"https:\/\/schema.org\",\"@graph\":[{\"@type\":\"WebPage\",\"@id\":\"https:\/\/poudresdenarco.com\/produit\/fentanyl\/\",\"url\":\"https:\/\/poudresdenarco.com\/produit\/fentanyl\/\",\"name\":\"Acheter Fentanyl Pharmaceutique | Poudres de Narco\",\"isPartOf\":{\"@id\":\"https:\/\/poudresdenarco.com\/#website\"},\"primaryImageOfPage\":{\"@id\":\"https:\/\/poudresdenarco.com\/produit\/fentanyl\/#primaryimage\"},\"image\":{\"@id\":\"https:\/\/poudresdenarco.com\/produit\/fentanyl\/#primaryimage\"},\"thumbnailUrl\":\"https:\/\/poudresdenarco.com\/wp-content\/uploads\/2024\/10\/Fentanyl.gif\",\"datePublished\":\"2024-10-18T05:40:28+00:00\",\"dateModified\":\"2026-01-17T03:00:31+00:00\",\"description\":\"\\\"Poudres de Narco propose du fentanyl de qualit\u00e9 pharmaceutique pour des applications m\u00e9dicales et industrielles. Achat s\u00e9curis\u00e9 avec protocoles de s\u00e9curit\u00e9.\",\"breadcrumb\":{\"@id\":\"https:\/\/poudresdenarco.com\/produit\/fentanyl\/#breadcrumb\"},\"inLanguage\":\"it-IT\",\"potentialAction\":[{\"@type\":\"ReadAction\",\"target\":[\"https:\/\/poudresdenarco.com\/produit\/fentanyl\/\"]}]},{\"@type\":\"ImageObject\",\"inLanguage\":\"it-IT\",\"@id\":\"https:\/\/poudresdenarco.com\/produit\/fentanyl\/#primaryimage\",\"url\":\"https:\/\/poudresdenarco.com\/wp-content\/uploads\/2024\/10\/Fentanyl.gif\",\"contentUrl\":\"https:\/\/poudresdenarco.com\/wp-content\/uploads\/2024\/10\/Fentanyl.gif\",\"width\":600,\"height\":600,\"caption\":\"Fentanyl\"},{\"@type\":\"BreadcrumbList\",\"@id\":\"https:\/\/poudresdenarco.com\/produit\/fentanyl\/#breadcrumb\",\"itemListElement\":[{\"@type\":\"ListItem\",\"position\":1,\"name\":\"Home\",\"item\":\"https:\/\/poudresdenarco.com\/\"},{\"@type\":\"ListItem\",\"position\":2,\"name\":\"Boutique\",\"item\":\"https:\/\/poudresdenarco.com\/boutique\/\"},{\"@type\":\"ListItem\",\"position\":3,\"name\":\"Fentanyl\"}]},{\"@type\":\"WebSite\",\"@id\":\"https:\/\/poudresdenarco.com\/#website\",\"url\":\"https:\/\/poudresdenarco.com\/\",\"name\":\"Poudresde Narco\",\"description\":\"Acheter de la coca\u00efne et de l&#039;h\u00e9ro\u00efne en ligne\",\"potentialAction\":[{\"@type\":\"SearchAction\",\"target\":{\"@type\":\"EntryPoint\",\"urlTemplate\":\"https:\/\/poudresdenarco.com\/?s={search_term_string}\"},\"query-input\":{\"@type\":\"PropertyValueSpecification\",\"valueRequired\":true,\"valueName\":\"search_term_string\"}}],\"inLanguage\":\"it-IT\"}]}<\/script>\n<!-- \/ Yoast SEO plugin. -->","yoast_head_json":{"title":"Acheter Fentanyl Pharmaceutique | Poudres de Narco","description":"\"Poudres de Narco propose du fentanyl de qualit\u00e9 pharmaceutique pour des applications m\u00e9dicales et industrielles. Achat s\u00e9curis\u00e9 avec protocoles de s\u00e9curit\u00e9.","robots":{"index":"index","follow":"follow","max-snippet":"max-snippet:-1","max-image-preview":"max-image-preview:large","max-video-preview":"max-video-preview:-1"},"canonical":"https:\/\/poudresdenarco.com\/it\/prodotto\/fentanyl\/","og_locale":"it_IT","og_type":"article","og_title":"Acheter Fentanyl Pharmaceutique | Poudres de Narco","og_description":"\"Poudres de Narco propose du fentanyl de qualit\u00e9 pharmaceutique pour des applications m\u00e9dicales et industrielles. Achat s\u00e9curis\u00e9 avec protocoles de s\u00e9curit\u00e9.","og_url":"https:\/\/poudresdenarco.com\/it\/prodotto\/fentanyl\/","og_site_name":"Poudresde Narco","article_modified_time":"2026-01-17T03:00:31+00:00","og_image":[{"width":600,"height":600,"url":"https:\/\/poudresdenarco.com\/wp-content\/uploads\/2024\/10\/Fentanyl.gif","type":"image\/gif"}],"twitter_card":"summary_large_image","twitter_misc":{"Tempo di lettura stimato":"2 minuti"},"schema":{"@context":"https:\/\/schema.org","@graph":[{"@type":"WebPage","@id":"https:\/\/poudresdenarco.com\/produit\/fentanyl\/","url":"https:\/\/poudresdenarco.com\/produit\/fentanyl\/","name":"Acheter Fentanyl Pharmaceutique | Poudres de Narco","isPartOf":{"@id":"https:\/\/poudresdenarco.com\/#website"},"primaryImageOfPage":{"@id":"https:\/\/poudresdenarco.com\/produit\/fentanyl\/#primaryimage"},"image":{"@id":"https:\/\/poudresdenarco.com\/produit\/fentanyl\/#primaryimage"},"thumbnailUrl":"https:\/\/poudresdenarco.com\/wp-content\/uploads\/2024\/10\/Fentanyl.gif","datePublished":"2024-10-18T05:40:28+00:00","dateModified":"2026-01-17T03:00:31+00:00","description":"\"Poudres de Narco propose du fentanyl de qualit\u00e9 pharmaceutique pour des applications m\u00e9dicales et industrielles. Achat s\u00e9curis\u00e9 avec protocoles de s\u00e9curit\u00e9.","breadcrumb":{"@id":"https:\/\/poudresdenarco.com\/produit\/fentanyl\/#breadcrumb"},"inLanguage":"it-IT","potentialAction":[{"@type":"ReadAction","target":["https:\/\/poudresdenarco.com\/produit\/fentanyl\/"]}]},{"@type":"ImageObject","inLanguage":"it-IT","@id":"https:\/\/poudresdenarco.com\/produit\/fentanyl\/#primaryimage","url":"https:\/\/poudresdenarco.com\/wp-content\/uploads\/2024\/10\/Fentanyl.gif","contentUrl":"https:\/\/poudresdenarco.com\/wp-content\/uploads\/2024\/10\/Fentanyl.gif","width":600,"height":600,"caption":"Fentanyl"},{"@type":"BreadcrumbList","@id":"https:\/\/poudresdenarco.com\/produit\/fentanyl\/#breadcrumb","itemListElement":[{"@type":"ListItem","position":1,"name":"Home","item":"https:\/\/poudresdenarco.com\/"},{"@type":"ListItem","position":2,"name":"Boutique","item":"https:\/\/poudresdenarco.com\/boutique\/"},{"@type":"ListItem","position":3,"name":"Fentanyl"}]},{"@type":"WebSite","@id":"https:\/\/poudresdenarco.com\/#website","url":"https:\/\/poudresdenarco.com\/","name":"Poudresde Narco","description":"Acheter de la coca\u00efne et de l&#039;h\u00e9ro\u00efne en ligne","potentialAction":[{"@type":"SearchAction","target":{"@type":"EntryPoint","urlTemplate":"https:\/\/poudresdenarco.com\/?s={search_term_string}"},"query-input":{"@type":"PropertyValueSpecification","valueRequired":true,"valueName":"search_term_string"}}],"inLanguage":"it-IT"}]}},"_links":{"self":[{"href":"https:\/\/poudresdenarco.com\/it\/wp-json\/wp\/v2\/product\/6226","targetHints":{"allow":["GET"]}}],"collection":[{"href":"https:\/\/poudresdenarco.com\/it\/wp-json\/wp\/v2\/product"}],"about":[{"href":"https:\/\/poudresdenarco.com\/it\/wp-json\/wp\/v2\/types\/product"}],"replies":[{"embeddable":true,"href":"https:\/\/poudresdenarco.com\/it\/wp-json\/wp\/v2\/comments?post=6226"}],"wp:featuredmedia":[{"embeddable":true,"href":"https:\/\/poudresdenarco.com\/it\/wp-json\/wp\/v2\/media\/6301"}],"wp:attachment":[{"href":"https:\/\/poudresdenarco.com\/it\/wp-json\/wp\/v2\/media?parent=6226"}],"wp:term":[{"taxonomy":"product_cat","embeddable":true,"href":"https:\/\/poudresdenarco.com\/it\/wp-json\/wp\/v2\/product_cat?post=6226"},{"taxonomy":"product_tag","embeddable":true,"href":"https:\/\/poudresdenarco.com\/it\/wp-json\/wp\/v2\/product_tag?post=6226"}],"curies":[{"name":"wp","href":"https:\/\/api.w.org\/{rel}","templated":true}]}}