{"id":103,"date":"2023-12-25T08:20:15","date_gmt":"2023-12-25T08:20:15","guid":{"rendered":"https:\/\/unkrautmarkt.com\/narco1\/?post_type=product&#038;p=103"},"modified":"2025-06-10T03:00:51","modified_gmt":"2025-06-10T03:00:51","slug":"heroine-afghane","status":"publish","type":"product","link":"https:\/\/poudresdenarco.com\/nl\/product-2\/heroine-afghane\/","title":{"rendered":"Afghaanse hero\u00efne"},"content":{"rendered":"<h2>Afghaanse hero\u00efne online kopen<\/h2>\n<p>MEER WETEN<a href=\"https:\/\/en.wikipedia.org\/wiki\/Heroin\">HEROINE<\/a> AFGHANE ONLINE: DE LAATSTE MOGELIJKE ZOEKTOCHT NAAR DE ECHTE AFGHAANSE HELDIN<\/p>\n<p>Groeten van<a href=\"https:\/\/poudresdenarco.com\/nl\/product-2\/heroine-afghane\/\">Afghaanse hero\u00efne online kopen<\/a>De beste plek om echte Afghaanse hero\u00efne te krijgen. Onze specialiteit is het aanbieden van de beste goedkope Afghaanse hero\u00efne aan onze klanten.<\/p>\n<p>rechtstreeks verkregen uit Afghanistan. Door onze jarenlange ervaring zijn we uitgegroeid tot een van de meest betrouwbare en eerlijke leveranciers van Afghaanse hero\u00efne op de markt.<\/p>\n<h3>Voordelen van Aghani hero\u00efne<\/h3>\n<p>Afghaanse hero\u00efne online kopen is je beste optie als je een sterk en plezierig effect wilt. De sterkste effecten maken deze Afghaanse hero\u00efne erg populair om te verkopen. Gezien de prevalentie van opio\u00efde verslaving en chronische pijn in de hedendaagse samenleving, wordt Afghaanse hero\u00efne vaak aanbevolen om deze aandoeningen te behandelen.<\/p>\n<h3>Hoe wordt Afghaanse hero\u00efne gemaakt?<\/h3>\n<p>Alleen op onze website kun je Afghaanse hero\u00efne online kopen in het Verenigd Koninkrijk. Afghaanse hero\u00efne is afgeleid van opium. Morfine en code\u00efne worden van nature geproduceerd door de papaverplant. Afghaanse hero\u00efne wordt gemaakt door opium te koken tot het verandert in een zwarte, kleverige teer, waarna het gefilterd wordt door een kaasdoek om onzuiverheden te verwijderen. Deze zwarte teer wordt gedroogd en vermalen tot poeder voordat er stenen of pillen van worden gemaakt.<\/p>\n<p>Afghaanse hero\u00efne kopen, die verkrijgbaar is in verschillende vormen en functies. De meest voorkomende soort Afghaanse hero\u00efne wordt \"ruwe opium\" of witte hero\u00efne genoemd en is over het algemeen van inferieure kwaliteit. Bruine hero\u00efne, gemaakt van gedeeltelijk gedroogde zwarte teer, wordt meer gebruikt vanwege de sterkte. Terwijl donkerbruine hero\u00efne de sterkste effecten biedt, heeft het ook het grootste potentieel voor misbruik, omdat het gemaakt is van volledig gedroogde zwarte teer.<\/p>\n<h3>Hoe wordt Afghaanse hero\u00efne gemaakt?<\/h3>\n<p>Alleen op onze website kun je Afghaanse hero\u00efne online kopen in het Verenigd Koninkrijk. Afghaanse hero\u00efne is afgeleid van opium. Morfine en code\u00efne worden van nature geproduceerd door de papaverplant. Afghaanse hero\u00efne wordt gemaakt door opium te koken tot het verandert in een zwarte, kleverige teer, waarna het gefilterd wordt door een kaasdoek om onzuiverheden te verwijderen. Deze zwarte teer wordt gedroogd en vermalen tot poeder voordat er stenen of pillen van worden gemaakt.<\/p>\n<p>Afghaanse hero\u00efne kopen, die verkrijgbaar is in verschillende vormen en functies. De meest voorkomende soort Afghaanse hero\u00efne wordt \"ruwe opium\" of witte hero\u00efne genoemd en is over het algemeen van inferieure kwaliteit. Bruine hero\u00efne, gemaakt van gedeeltelijk gedroogde zwarte teer, wordt meer gebruikt vanwege de sterkte. Terwijl donkerbruine hero\u00efne de sterkste effecten biedt, heeft het ook het grootste potentieel voor misbruik, omdat het gemaakt is van volledig gedroogde zwarte teer.<\/p>\n<h3>Waarom kiezen voor Afghaanse hero\u00efne online kopen?<\/h3>\n<p>We begrijpen dat het vinden van een betrouwbare leverancier van goedkope Afghaanse hero\u00efne moeilijk en ontmoedigend kan zijn. Het kan moeilijk zijn om te bepalen wie je kunt vertrouwen als er zoveel namaakproducten en dubieuze verkopers zijn. Bij Buy Afghan Heroin Online willen we dat onze klanten een eenvoudige en veilige koopervaring hebben en daarom bieden we de volgende voordelen:<\/p>\n<h3>Echte Afghaanse hero\u00efne te koop tegen betaalbare prijzen<\/h3>\n<p>Om je te voorzien van de beste hero\u00efne die er is, werken we rechtstreeks samen met betrouwbare bronnen in Afghanistan. We verzekeren je dat onze producten puur en krachtig zijn en dat ze 100 % legitiem zijn. Onze producten zijn scherp geprijsd en we vinden dat iedereen toegang moet hebben tot hoogwaardige hero\u00efne tegen een betaalbare prijs.<\/p>","protected":false},"excerpt":{"rendered":"<p>Acheter de l&rsquo;h\u00e9ro\u00efne afghane en ligne OBTENEZ DE L&rsquo;H\u00c9RO\u00cfNE AFGHANE EN LIGNE\u00a0: LA RECHERCHE DERNI\u00c8RE POSSIBLE SUR LA VRAIE H\u00c9RO\u00cfNE AFGHANE Salutations de la part d&rsquo;Acheter de l&rsquo;h\u00e9ro\u00efne afghane en ligne, le meilleur endroit pour obtenir de la v\u00e9ritable h\u00e9ro\u00efne afghane. Notre sp\u00e9cialit\u00e9 est d&rsquo;offrir la meilleure h\u00e9ro\u00efne afghane bon march\u00e9 \u00e0 nos clients. obtenu&hellip;<\/p>","protected":false},"featured_media":251,"comment_status":"open","ping_status":"closed","template":"","meta":{"_joinchat":[]},"product_cat":[17],"product_tag":[],"class_list":{"0":"post-103","1":"product","2":"type-product","3":"status-publish","4":"has-post-thumbnail","6":"product_cat-de-heroine","8":"first","9":"instock","10":"shipping-taxable","11":"purchasable","12":"product-type-variable","13":"col-xs-6 col-sm-4","14":"col-md-3 col-lg-3","15":"un-4-cols"},"yoast_head":"<!-- This site is optimized with the Yoast SEO plugin v23.8 - https:\/\/yoast.com\/wordpress\/plugins\/seo\/ -->\n<title>Acheter de l&#039;h\u00e9ro\u00efne afghane en ligne - H\u00e9ro\u00efne afghane \u00e0 vendre<\/title>\n<meta name=\"description\" content=\"C&#039;est le meilleur moment pour visiter notre boutique en ligne PoudresDenarco et acheter de l&#039;h\u00e9ro\u00efne afghane en ligne. Nous avons de l&#039;h\u00e9ro\u00efne afghane \u00e0 vendre ici. Rencontrez-nous en ligne et passez votre commande d\u00e8s aujourd&#039;hui !\" \/>\n<meta name=\"robots\" content=\"index, follow, max-snippet:-1, max-image-preview:large, max-video-preview:-1\" \/>\n<link rel=\"canonical\" href=\"https:\/\/poudresdenarco.com\/nl\/product-2\/heroine-afghane\/\" \/>\n<meta property=\"og:locale\" content=\"nl_BE\" \/>\n<meta property=\"og:type\" content=\"article\" \/>\n<meta property=\"og:title\" content=\"Acheter de l&#039;h\u00e9ro\u00efne afghane en ligne - H\u00e9ro\u00efne afghane \u00e0 vendre\" \/>\n<meta property=\"og:description\" content=\"C&#039;est le meilleur moment pour visiter notre boutique en ligne PoudresDenarco et acheter de l&#039;h\u00e9ro\u00efne afghane en ligne. Nous avons de l&#039;h\u00e9ro\u00efne afghane \u00e0 vendre ici. Rencontrez-nous en ligne et passez votre commande d\u00e8s aujourd&#039;hui !\" \/>\n<meta property=\"og:url\" content=\"https:\/\/poudresdenarco.com\/nl\/product-2\/heroine-afghane\/\" \/>\n<meta property=\"og:site_name\" content=\"Poudresde Narco\" \/>\n<meta property=\"article:modified_time\" content=\"2025-06-10T03:00:51+00:00\" \/>\n<meta property=\"og:image\" content=\"https:\/\/poudresdenarco.com\/wp-content\/uploads\/2023\/12\/Afghan-Heroin-white.jpg\" \/>\n\t<meta property=\"og:image:width\" content=\"600\" \/>\n\t<meta property=\"og:image:height\" content=\"600\" \/>\n\t<meta property=\"og:image:type\" content=\"image\/jpeg\" \/>\n<meta name=\"twitter:card\" content=\"summary_large_image\" \/>\n<meta name=\"twitter:label1\" content=\"Geschatte leestijd\" \/>\n\t<meta name=\"twitter:data1\" content=\"4 minuten\" \/>\n<script type=\"application\/ld+json\" class=\"yoast-schema-graph\">{\"@context\":\"https:\/\/schema.org\",\"@graph\":[{\"@type\":\"WebPage\",\"@id\":\"https:\/\/poudresdenarco.com\/produit\/heroine-afghane\/\",\"url\":\"https:\/\/poudresdenarco.com\/produit\/heroine-afghane\/\",\"name\":\"Acheter de l'h\u00e9ro\u00efne afghane en ligne - H\u00e9ro\u00efne afghane \u00e0 vendre\",\"isPartOf\":{\"@id\":\"https:\/\/poudresdenarco.com\/#website\"},\"primaryImageOfPage\":{\"@id\":\"https:\/\/poudresdenarco.com\/produit\/heroine-afghane\/#primaryimage\"},\"image\":{\"@id\":\"https:\/\/poudresdenarco.com\/produit\/heroine-afghane\/#primaryimage\"},\"thumbnailUrl\":\"https:\/\/poudresdenarco.com\/wp-content\/uploads\/2023\/12\/Afghan-Heroin-white.jpg\",\"datePublished\":\"2023-12-25T08:20:15+00:00\",\"dateModified\":\"2025-06-10T03:00:51+00:00\",\"description\":\"C'est le meilleur moment pour visiter notre boutique en ligne PoudresDenarco et acheter de l'h\u00e9ro\u00efne afghane en ligne. Nous avons de l'h\u00e9ro\u00efne afghane \u00e0 vendre ici. Rencontrez-nous en ligne et passez votre commande d\u00e8s aujourd'hui !\",\"breadcrumb\":{\"@id\":\"https:\/\/poudresdenarco.com\/produit\/heroine-afghane\/#breadcrumb\"},\"inLanguage\":\"nl-BE\",\"potentialAction\":[{\"@type\":\"ReadAction\",\"target\":[\"https:\/\/poudresdenarco.com\/produit\/heroine-afghane\/\"]}]},{\"@type\":\"ImageObject\",\"inLanguage\":\"nl-BE\",\"@id\":\"https:\/\/poudresdenarco.com\/produit\/heroine-afghane\/#primaryimage\",\"url\":\"https:\/\/poudresdenarco.com\/wp-content\/uploads\/2023\/12\/Afghan-Heroin-white.jpg\",\"contentUrl\":\"https:\/\/poudresdenarco.com\/wp-content\/uploads\/2023\/12\/Afghan-Heroin-white.jpg\",\"width\":600,\"height\":600,\"caption\":\"Afghan-Heroin-white\"},{\"@type\":\"BreadcrumbList\",\"@id\":\"https:\/\/poudresdenarco.com\/produit\/heroine-afghane\/#breadcrumb\",\"itemListElement\":[{\"@type\":\"ListItem\",\"position\":1,\"name\":\"Home\",\"item\":\"https:\/\/poudresdenarco.com\/\"},{\"@type\":\"ListItem\",\"position\":2,\"name\":\"Boutique\",\"item\":\"https:\/\/poudresdenarco.com\/boutique\/\"},{\"@type\":\"ListItem\",\"position\":3,\"name\":\"H\u00e9ro\u00efne afghane\"}]},{\"@type\":\"WebSite\",\"@id\":\"https:\/\/poudresdenarco.com\/#website\",\"url\":\"https:\/\/poudresdenarco.com\/\",\"name\":\"Poudresde Narco\",\"description\":\"Acheter de la coca\u00efne et de l&#039;h\u00e9ro\u00efne en ligne\",\"potentialAction\":[{\"@type\":\"SearchAction\",\"target\":{\"@type\":\"EntryPoint\",\"urlTemplate\":\"https:\/\/poudresdenarco.com\/?s={search_term_string}\"},\"query-input\":{\"@type\":\"PropertyValueSpecification\",\"valueRequired\":true,\"valueName\":\"search_term_string\"}}],\"inLanguage\":\"nl-BE\"}]}<\/script>\n<!-- \/ Yoast SEO plugin. -->","yoast_head_json":{"title":"Acheter de l'h\u00e9ro\u00efne afghane en ligne - H\u00e9ro\u00efne afghane \u00e0 vendre","description":"C'est le meilleur moment pour visiter notre boutique en ligne PoudresDenarco et acheter de l'h\u00e9ro\u00efne afghane en ligne. Nous avons de l'h\u00e9ro\u00efne afghane \u00e0 vendre ici. Rencontrez-nous en ligne et passez votre commande d\u00e8s aujourd'hui !","robots":{"index":"index","follow":"follow","max-snippet":"max-snippet:-1","max-image-preview":"max-image-preview:large","max-video-preview":"max-video-preview:-1"},"canonical":"https:\/\/poudresdenarco.com\/nl\/product-2\/heroine-afghane\/","og_locale":"nl_BE","og_type":"article","og_title":"Acheter de l'h\u00e9ro\u00efne afghane en ligne - H\u00e9ro\u00efne afghane \u00e0 vendre","og_description":"C'est le meilleur moment pour visiter notre boutique en ligne PoudresDenarco et acheter de l'h\u00e9ro\u00efne afghane en ligne. Nous avons de l'h\u00e9ro\u00efne afghane \u00e0 vendre ici. Rencontrez-nous en ligne et passez votre commande d\u00e8s aujourd'hui !","og_url":"https:\/\/poudresdenarco.com\/nl\/product-2\/heroine-afghane\/","og_site_name":"Poudresde Narco","article_modified_time":"2025-06-10T03:00:51+00:00","og_image":[{"width":600,"height":600,"url":"https:\/\/poudresdenarco.com\/wp-content\/uploads\/2023\/12\/Afghan-Heroin-white.jpg","type":"image\/jpeg"}],"twitter_card":"summary_large_image","twitter_misc":{"Geschatte leestijd":"4 minuten"},"schema":{"@context":"https:\/\/schema.org","@graph":[{"@type":"WebPage","@id":"https:\/\/poudresdenarco.com\/produit\/heroine-afghane\/","url":"https:\/\/poudresdenarco.com\/produit\/heroine-afghane\/","name":"Acheter de l'h\u00e9ro\u00efne afghane en ligne - H\u00e9ro\u00efne afghane \u00e0 vendre","isPartOf":{"@id":"https:\/\/poudresdenarco.com\/#website"},"primaryImageOfPage":{"@id":"https:\/\/poudresdenarco.com\/produit\/heroine-afghane\/#primaryimage"},"image":{"@id":"https:\/\/poudresdenarco.com\/produit\/heroine-afghane\/#primaryimage"},"thumbnailUrl":"https:\/\/poudresdenarco.com\/wp-content\/uploads\/2023\/12\/Afghan-Heroin-white.jpg","datePublished":"2023-12-25T08:20:15+00:00","dateModified":"2025-06-10T03:00:51+00:00","description":"C'est le meilleur moment pour visiter notre boutique en ligne PoudresDenarco et acheter de l'h\u00e9ro\u00efne afghane en ligne. Nous avons de l'h\u00e9ro\u00efne afghane \u00e0 vendre ici. Rencontrez-nous en ligne et passez votre commande d\u00e8s aujourd'hui !","breadcrumb":{"@id":"https:\/\/poudresdenarco.com\/produit\/heroine-afghane\/#breadcrumb"},"inLanguage":"nl-BE","potentialAction":[{"@type":"ReadAction","target":["https:\/\/poudresdenarco.com\/produit\/heroine-afghane\/"]}]},{"@type":"ImageObject","inLanguage":"nl-BE","@id":"https:\/\/poudresdenarco.com\/produit\/heroine-afghane\/#primaryimage","url":"https:\/\/poudresdenarco.com\/wp-content\/uploads\/2023\/12\/Afghan-Heroin-white.jpg","contentUrl":"https:\/\/poudresdenarco.com\/wp-content\/uploads\/2023\/12\/Afghan-Heroin-white.jpg","width":600,"height":600,"caption":"Afghan-Heroin-white"},{"@type":"BreadcrumbList","@id":"https:\/\/poudresdenarco.com\/produit\/heroine-afghane\/#breadcrumb","itemListElement":[{"@type":"ListItem","position":1,"name":"Home","item":"https:\/\/poudresdenarco.com\/"},{"@type":"ListItem","position":2,"name":"Boutique","item":"https:\/\/poudresdenarco.com\/boutique\/"},{"@type":"ListItem","position":3,"name":"H\u00e9ro\u00efne afghane"}]},{"@type":"WebSite","@id":"https:\/\/poudresdenarco.com\/#website","url":"https:\/\/poudresdenarco.com\/","name":"Poudresde Narco","description":"Acheter de la coca\u00efne et de l&#039;h\u00e9ro\u00efne en ligne","potentialAction":[{"@type":"SearchAction","target":{"@type":"EntryPoint","urlTemplate":"https:\/\/poudresdenarco.com\/?s={search_term_string}"},"query-input":{"@type":"PropertyValueSpecification","valueRequired":true,"valueName":"search_term_string"}}],"inLanguage":"nl-BE"}]}},"_links":{"self":[{"href":"https:\/\/poudresdenarco.com\/nl\/wp-json\/wp\/v2\/product\/103","targetHints":{"allow":["GET"]}}],"collection":[{"href":"https:\/\/poudresdenarco.com\/nl\/wp-json\/wp\/v2\/product"}],"about":[{"href":"https:\/\/poudresdenarco.com\/nl\/wp-json\/wp\/v2\/types\/product"}],"replies":[{"embeddable":true,"href":"https:\/\/poudresdenarco.com\/nl\/wp-json\/wp\/v2\/comments?post=103"}],"wp:featuredmedia":[{"embeddable":true,"href":"https:\/\/poudresdenarco.com\/nl\/wp-json\/wp\/v2\/media\/251"}],"wp:attachment":[{"href":"https:\/\/poudresdenarco.com\/nl\/wp-json\/wp\/v2\/media?parent=103"}],"wp:term":[{"taxonomy":"product_cat","embeddable":true,"href":"https:\/\/poudresdenarco.com\/nl\/wp-json\/wp\/v2\/product_cat?post=103"},{"taxonomy":"product_tag","embeddable":true,"href":"https:\/\/poudresdenarco.com\/nl\/wp-json\/wp\/v2\/product_tag?post=103"}],"curies":[{"name":"wp","href":"https:\/\/api.w.org\/{rel}","templated":true}]}}