{"id":105,"date":"2023-12-25T08:20:19","date_gmt":"2023-12-25T08:20:19","guid":{"rendered":"https:\/\/unkrautmarkt.com\/narco1\/?post_type=product&#038;p=105"},"modified":"2025-10-04T22:38:03","modified_gmt":"2025-10-04T22:38:03","slug":"heroine-brute","status":"publish","type":"product","link":"https:\/\/poudresdenarco.com\/nl\/product-2\/ruwe-heldin\/","title":{"rendered":"Ruwe hero\u00efne"},"content":{"rendered":"<h2><span style=\"vertical-align: inherit;\"><span style=\"vertical-align: inherit;\">Onversneden hero\u00efne online kopen<\/span><\/span><\/h2>\n<p>TE VERKRIJGEN <a href=\"https:\/\/en.wikipedia.org\/wiki\/Heroin\"><strong>L<\/strong><\/a>ONGESNEDEN HERO\u00cfNE ONLINE VOOR OPTIMALE KWALITEIT EN GEMAK<\/p>\n<p>We heten je welkom op onze betrouwbare site, waar we ongesneden hero\u00efne van de hoogste kwaliteit tegen de laagst mogelijke prijs leveren. Je bent bij ons aan het juiste adres als je op zoek bent naar ongesneden hero\u00efne van hoge kwaliteit. Alleen bij ons kun je ongesneden hero\u00efne online krijgen. Wij zijn een betrouwbare online retailer die goedkope ongesneden hero\u00efne aanbiedt voor aankoop in het Verenigd Koninkrijk en andere landen. We kopen in bij de meest gerenommeerde leveranciers en garanderen de kwaliteit en zuiverheid van al onze producten.<\/p>\n<h3><span style=\"vertical-align: inherit;\"><span style=\"vertical-align: inherit;\">Voordelen van onversneden hero\u00efne<\/span><\/span><\/h3>\n<p><span style=\"vertical-align: inherit;\"><span style=\"vertical-align: inherit;\">Voor een superieur effect koop je onversneden hero\u00efne. Onversneden hero\u00efne is krachtiger en zuiverder dan de andere soorten, wat betekent dat je langer aanhoudende, superieure effecten krijgt. Het is ook aanpasbaar. Bovendien kan het worden aangepast aan de specificaties van de gebruiker, zodat hij cocktails kan maken die hem meer controle geven over de sterkte en kwaliteit van de drug. Het is ook veiliger om ruwe hero\u00efne te gebruiken die online is gekocht in een gecontroleerde omgeving. Het risico op een overdosis is lager omdat de hero\u00efne sterker is. In vergelijking met andere vormen van hero\u00efne heeft onversneden hero\u00efne bovendien een lager risico op afhankelijkheid en negatieve effecten. Sommige gebruikers hebben zelfs beweerd dat het gemakkelijker is om pure, sterke ruwe hero\u00efne te vinden tegen een ongelofelijke prijs.<\/span><\/span><\/p>\n<h3><span style=\"vertical-align: inherit;\"><span style=\"vertical-align: inherit;\">Waarom kiezen voor onze ongecensureerde heldin?<\/span><\/span><\/h3>\n<p><span style=\"vertical-align: inherit;\"><span style=\"vertical-align: inherit;\">Je kunt er zeker van zijn dat je het beste product krijgt als je onversneden hero\u00efne koopt in onze online winkel. Om ervoor te zorgen dat onze klanten alleen de zuiverste en meest krachtige ruwe hero\u00efne krijgen, werken we samen met de meest betrouwbare leveranciers. We testen al onze producten grondig om er zeker van te zijn dat ze voldoen aan onze strenge normen voor zuiverheid en kwaliteit.<\/span><\/span><\/p>\n<p><span style=\"vertical-align: inherit;\"><span style=\"vertical-align: inherit;\">Je bent hier aan het juiste adres als je online onversneden hero\u00efne wilt kopen. Wij distribueren onze producten wereldwijd en bieden een eenvoudige en veilige online winkelervaring. Om je privacy te beschermen verpakken we onze producten discreet en bieden we snelle en betrouwbare verzendopties. We kunnen ongesneden hero\u00efne direct bij je thuis afleveren, waar je ook woont - in het Verenigd Koninkrijk, de VS of elders. We bieden ook verschillende betaalmethoden, waaronder Bitcoin, om ervoor te zorgen dat het kopen van ongesneden hero\u00efne zo gemakkelijk mogelijk is.<\/span><\/span><\/p>\n<h3><span style=\"vertical-align: inherit;\"><span style=\"vertical-align: inherit;\">Online hero\u00efne kopen is eenvoudig en probleemloos<\/span><\/span><\/h3>\n<p><span style=\"vertical-align: inherit;\"><span style=\"vertical-align: inherit;\">Er zijn verschillende voordelen aan het online kopen van onversneden hero\u00efne. Eerst en vooral is het discreet en praktisch. Onversneden hero\u00efne is online te koop en kan direct bij je thuis worden afgeleverd. Je kunt ook producten en prijzen vergelijken als je online koopt, om er zeker van te zijn dat je de beste ongesneden hero\u00efne tegen de best mogelijke prijs krijgt. We zijn er trots op dat we de hoogste kwaliteit onversneden hero\u00efne kunnen leveren.<\/span><\/span><\/p>\n<h3><span style=\"vertical-align: inherit;\"><span style=\"vertical-align: inherit;\">Waar kun je ruwe hero\u00efne kopen?<\/span><\/span><\/h3>\n<p>Je hoeft niet verder te zoeken dan onze online winkel om erachter te komen waar je onversneden hero\u00efne online kunt kopen. We verkopen alleen de beste ongesneden hero\u00efne en we verzenden onze producten over de hele wereld. Je kunt met vertrouwen kopen, want wij garanderen dat onze producten puur en effectief zijn.<\/p>\n<p><em>Hero\u00efne<\/em>\u00a0is altijd gevaarlijk, of het nu \"puur\" of \"zuiver\" is.\u00a0<em>gesneden<\/em>\u00a0\" ?\u00a0<em>Hero\u00efne<\/em>\u00a0is een psychoactieve stof (die inwerkt op de hersenen).<\/p>","protected":false},"excerpt":{"rendered":"<p>Acheter de l&rsquo;h\u00e9ro\u00efne non coup\u00e9e en ligne OBTENIR DE L&lsquo;H\u00c9RO\u00cfNE NON COUP\u00c9E EN LIGNE POUR UNE QUALIT\u00c9 ET UNE COMMODIT\u00c9 OPTIMALES Nous vous souhaitons la bienvenue sur notre site fiable, o\u00f9 nous fournissons de l&rsquo;h\u00e9ro\u00efne non coup\u00e9e de la plus haute qualit\u00e9 au prix le plus bas possible. Vous \u00eates au bon endroit si vous&hellip;<\/p>","protected":false},"featured_media":267,"comment_status":"open","ping_status":"closed","template":"","meta":{"_joinchat":[]},"product_cat":[17],"product_tag":[],"class_list":{"0":"post-105","1":"product","2":"type-product","3":"status-publish","4":"has-post-thumbnail","6":"product_cat-de-heroine","8":"first","9":"instock","10":"shipping-taxable","11":"purchasable","12":"product-type-variable","13":"col-xs-6 col-sm-4","14":"col-md-3 col-lg-3","15":"un-4-cols"},"yoast_head":"<!-- This site is optimized with the Yoast SEO plugin v23.8 - https:\/\/yoast.com\/wordpress\/plugins\/seo\/ -->\n<title>Acheter de l&#039;h\u00e9ro\u00efne brute en ligne - H\u00e9ro\u00efne brute \u00e0 vendre<\/title>\n<meta name=\"description\" content=\"Si vous souhaitez acheter de l&#039;h\u00e9ro\u00efne brute en ligne, notre magasin PoudresDenarco peut vous aider. Nous avons de l&#039;h\u00e9ro\u00efne brute \u00e0 vendre aux meilleurs prix ici. Passez votre commande maintenant !\" \/>\n<meta name=\"robots\" content=\"index, follow, max-snippet:-1, max-image-preview:large, max-video-preview:-1\" \/>\n<link rel=\"canonical\" href=\"https:\/\/poudresdenarco.com\/nl\/product-2\/ruwe-heldin\/\" \/>\n<meta property=\"og:locale\" content=\"nl_BE\" \/>\n<meta property=\"og:type\" content=\"article\" \/>\n<meta property=\"og:title\" content=\"Acheter de l&#039;h\u00e9ro\u00efne brute en ligne - H\u00e9ro\u00efne brute \u00e0 vendre\" \/>\n<meta property=\"og:description\" content=\"Si vous souhaitez acheter de l&#039;h\u00e9ro\u00efne brute en ligne, notre magasin PoudresDenarco peut vous aider. Nous avons de l&#039;h\u00e9ro\u00efne brute \u00e0 vendre aux meilleurs prix ici. Passez votre commande maintenant !\" \/>\n<meta property=\"og:url\" content=\"https:\/\/poudresdenarco.com\/nl\/product-2\/ruwe-heldin\/\" \/>\n<meta property=\"og:site_name\" content=\"Poudresde Narco\" \/>\n<meta property=\"article:modified_time\" content=\"2025-10-04T22:38:03+00:00\" \/>\n<meta property=\"og:image\" content=\"https:\/\/poudresdenarco.com\/wp-content\/uploads\/2023\/12\/Uncut-Heroin.jpg\" \/>\n\t<meta property=\"og:image:width\" content=\"600\" \/>\n\t<meta property=\"og:image:height\" content=\"600\" \/>\n\t<meta property=\"og:image:type\" content=\"image\/jpeg\" \/>\n<meta name=\"twitter:card\" content=\"summary_large_image\" \/>\n<meta name=\"twitter:label1\" content=\"Geschatte leestijd\" \/>\n\t<meta name=\"twitter:data1\" content=\"3 minuten\" \/>\n<script type=\"application\/ld+json\" class=\"yoast-schema-graph\">{\"@context\":\"https:\/\/schema.org\",\"@graph\":[{\"@type\":\"WebPage\",\"@id\":\"https:\/\/poudresdenarco.com\/produit\/heroine-brute\/\",\"url\":\"https:\/\/poudresdenarco.com\/produit\/heroine-brute\/\",\"name\":\"Acheter de l'h\u00e9ro\u00efne brute en ligne - H\u00e9ro\u00efne brute \u00e0 vendre\",\"isPartOf\":{\"@id\":\"https:\/\/poudresdenarco.com\/#website\"},\"primaryImageOfPage\":{\"@id\":\"https:\/\/poudresdenarco.com\/produit\/heroine-brute\/#primaryimage\"},\"image\":{\"@id\":\"https:\/\/poudresdenarco.com\/produit\/heroine-brute\/#primaryimage\"},\"thumbnailUrl\":\"https:\/\/poudresdenarco.com\/wp-content\/uploads\/2023\/12\/Uncut-Heroin.jpg\",\"datePublished\":\"2023-12-25T08:20:19+00:00\",\"dateModified\":\"2025-10-04T22:38:03+00:00\",\"description\":\"Si vous souhaitez acheter de l'h\u00e9ro\u00efne brute en ligne, notre magasin PoudresDenarco peut vous aider. Nous avons de l'h\u00e9ro\u00efne brute \u00e0 vendre aux meilleurs prix ici. Passez votre commande maintenant !\",\"breadcrumb\":{\"@id\":\"https:\/\/poudresdenarco.com\/produit\/heroine-brute\/#breadcrumb\"},\"inLanguage\":\"nl-BE\",\"potentialAction\":[{\"@type\":\"ReadAction\",\"target\":[\"https:\/\/poudresdenarco.com\/produit\/heroine-brute\/\"]}]},{\"@type\":\"ImageObject\",\"inLanguage\":\"nl-BE\",\"@id\":\"https:\/\/poudresdenarco.com\/produit\/heroine-brute\/#primaryimage\",\"url\":\"https:\/\/poudresdenarco.com\/wp-content\/uploads\/2023\/12\/Uncut-Heroin.jpg\",\"contentUrl\":\"https:\/\/poudresdenarco.com\/wp-content\/uploads\/2023\/12\/Uncut-Heroin.jpg\",\"width\":600,\"height\":600,\"caption\":\"Uncut-Heroin\"},{\"@type\":\"BreadcrumbList\",\"@id\":\"https:\/\/poudresdenarco.com\/produit\/heroine-brute\/#breadcrumb\",\"itemListElement\":[{\"@type\":\"ListItem\",\"position\":1,\"name\":\"Home\",\"item\":\"https:\/\/poudresdenarco.com\/\"},{\"@type\":\"ListItem\",\"position\":2,\"name\":\"Boutique\",\"item\":\"https:\/\/poudresdenarco.com\/boutique\/\"},{\"@type\":\"ListItem\",\"position\":3,\"name\":\"H\u00e9ro\u00efne brute\"}]},{\"@type\":\"WebSite\",\"@id\":\"https:\/\/poudresdenarco.com\/#website\",\"url\":\"https:\/\/poudresdenarco.com\/\",\"name\":\"Poudresde Narco\",\"description\":\"Acheter de la coca\u00efne et de l&#039;h\u00e9ro\u00efne en ligne\",\"potentialAction\":[{\"@type\":\"SearchAction\",\"target\":{\"@type\":\"EntryPoint\",\"urlTemplate\":\"https:\/\/poudresdenarco.com\/?s={search_term_string}\"},\"query-input\":{\"@type\":\"PropertyValueSpecification\",\"valueRequired\":true,\"valueName\":\"search_term_string\"}}],\"inLanguage\":\"nl-BE\"}]}<\/script>\n<!-- \/ Yoast SEO plugin. -->","yoast_head_json":{"title":"Acheter de l'h\u00e9ro\u00efne brute en ligne - H\u00e9ro\u00efne brute \u00e0 vendre","description":"Si vous souhaitez acheter de l'h\u00e9ro\u00efne brute en ligne, notre magasin PoudresDenarco peut vous aider. Nous avons de l'h\u00e9ro\u00efne brute \u00e0 vendre aux meilleurs prix ici. Passez votre commande maintenant !","robots":{"index":"index","follow":"follow","max-snippet":"max-snippet:-1","max-image-preview":"max-image-preview:large","max-video-preview":"max-video-preview:-1"},"canonical":"https:\/\/poudresdenarco.com\/nl\/product-2\/ruwe-heldin\/","og_locale":"nl_BE","og_type":"article","og_title":"Acheter de l'h\u00e9ro\u00efne brute en ligne - H\u00e9ro\u00efne brute \u00e0 vendre","og_description":"Si vous souhaitez acheter de l'h\u00e9ro\u00efne brute en ligne, notre magasin PoudresDenarco peut vous aider. Nous avons de l'h\u00e9ro\u00efne brute \u00e0 vendre aux meilleurs prix ici. Passez votre commande maintenant !","og_url":"https:\/\/poudresdenarco.com\/nl\/product-2\/ruwe-heldin\/","og_site_name":"Poudresde Narco","article_modified_time":"2025-10-04T22:38:03+00:00","og_image":[{"width":600,"height":600,"url":"https:\/\/poudresdenarco.com\/wp-content\/uploads\/2023\/12\/Uncut-Heroin.jpg","type":"image\/jpeg"}],"twitter_card":"summary_large_image","twitter_misc":{"Geschatte leestijd":"3 minuten"},"schema":{"@context":"https:\/\/schema.org","@graph":[{"@type":"WebPage","@id":"https:\/\/poudresdenarco.com\/produit\/heroine-brute\/","url":"https:\/\/poudresdenarco.com\/produit\/heroine-brute\/","name":"Acheter de l'h\u00e9ro\u00efne brute en ligne - H\u00e9ro\u00efne brute \u00e0 vendre","isPartOf":{"@id":"https:\/\/poudresdenarco.com\/#website"},"primaryImageOfPage":{"@id":"https:\/\/poudresdenarco.com\/produit\/heroine-brute\/#primaryimage"},"image":{"@id":"https:\/\/poudresdenarco.com\/produit\/heroine-brute\/#primaryimage"},"thumbnailUrl":"https:\/\/poudresdenarco.com\/wp-content\/uploads\/2023\/12\/Uncut-Heroin.jpg","datePublished":"2023-12-25T08:20:19+00:00","dateModified":"2025-10-04T22:38:03+00:00","description":"Si vous souhaitez acheter de l'h\u00e9ro\u00efne brute en ligne, notre magasin PoudresDenarco peut vous aider. Nous avons de l'h\u00e9ro\u00efne brute \u00e0 vendre aux meilleurs prix ici. Passez votre commande maintenant !","breadcrumb":{"@id":"https:\/\/poudresdenarco.com\/produit\/heroine-brute\/#breadcrumb"},"inLanguage":"nl-BE","potentialAction":[{"@type":"ReadAction","target":["https:\/\/poudresdenarco.com\/produit\/heroine-brute\/"]}]},{"@type":"ImageObject","inLanguage":"nl-BE","@id":"https:\/\/poudresdenarco.com\/produit\/heroine-brute\/#primaryimage","url":"https:\/\/poudresdenarco.com\/wp-content\/uploads\/2023\/12\/Uncut-Heroin.jpg","contentUrl":"https:\/\/poudresdenarco.com\/wp-content\/uploads\/2023\/12\/Uncut-Heroin.jpg","width":600,"height":600,"caption":"Uncut-Heroin"},{"@type":"BreadcrumbList","@id":"https:\/\/poudresdenarco.com\/produit\/heroine-brute\/#breadcrumb","itemListElement":[{"@type":"ListItem","position":1,"name":"Home","item":"https:\/\/poudresdenarco.com\/"},{"@type":"ListItem","position":2,"name":"Boutique","item":"https:\/\/poudresdenarco.com\/boutique\/"},{"@type":"ListItem","position":3,"name":"H\u00e9ro\u00efne brute"}]},{"@type":"WebSite","@id":"https:\/\/poudresdenarco.com\/#website","url":"https:\/\/poudresdenarco.com\/","name":"Poudresde Narco","description":"Acheter de la coca\u00efne et de l&#039;h\u00e9ro\u00efne en ligne","potentialAction":[{"@type":"SearchAction","target":{"@type":"EntryPoint","urlTemplate":"https:\/\/poudresdenarco.com\/?s={search_term_string}"},"query-input":{"@type":"PropertyValueSpecification","valueRequired":true,"valueName":"search_term_string"}}],"inLanguage":"nl-BE"}]}},"_links":{"self":[{"href":"https:\/\/poudresdenarco.com\/nl\/wp-json\/wp\/v2\/product\/105","targetHints":{"allow":["GET"]}}],"collection":[{"href":"https:\/\/poudresdenarco.com\/nl\/wp-json\/wp\/v2\/product"}],"about":[{"href":"https:\/\/poudresdenarco.com\/nl\/wp-json\/wp\/v2\/types\/product"}],"replies":[{"embeddable":true,"href":"https:\/\/poudresdenarco.com\/nl\/wp-json\/wp\/v2\/comments?post=105"}],"wp:featuredmedia":[{"embeddable":true,"href":"https:\/\/poudresdenarco.com\/nl\/wp-json\/wp\/v2\/media\/267"}],"wp:attachment":[{"href":"https:\/\/poudresdenarco.com\/nl\/wp-json\/wp\/v2\/media?parent=105"}],"wp:term":[{"taxonomy":"product_cat","embeddable":true,"href":"https:\/\/poudresdenarco.com\/nl\/wp-json\/wp\/v2\/product_cat?post=105"},{"taxonomy":"product_tag","embeddable":true,"href":"https:\/\/poudresdenarco.com\/nl\/wp-json\/wp\/v2\/product_tag?post=105"}],"curies":[{"name":"wp","href":"https:\/\/api.w.org\/{rel}","templated":true}]}}