{"id":15,"date":"2023-12-25T08:20:00","date_gmt":"2023-12-25T08:20:00","guid":{"rendered":"https:\/\/unkrautmarkt.com\/narco1\/?post_type=product&#038;p=15"},"modified":"2025-04-05T23:43:08","modified_gmt":"2025-04-05T23:43:08","slug":"heroine-en-poudre-blanche","status":"publish","type":"product","link":"https:\/\/poudresdenarco.com\/nl\/product-2\/witte-heroine-in-poedervorm\/","title":{"rendered":"Witte hero\u00efne in poedervorm"},"content":{"rendered":"<h2><span style=\"vertical-align: inherit;\"><span style=\"vertical-align: inherit;\">Buy White Powder Heroin Online<\/span><\/span><\/h2>\n<p><span style=\"vertical-align: inherit;\"><span style=\"vertical-align: inherit;\">AN ESTABLISHED SUPPLIER OF EXCELLENT WHITE POWDER PRODUCTS<\/span><\/span><\/p>\n<p><span style=\"vertical-align: inherit;\"><span style=\"vertical-align: inherit;\">Our specialty is to offer premium quality white powders for a range of uses. With years of expertise in the field, we have established ourselves as a reliable supplier of premium quality white powder heroin that meets the strictest requirements of safety, purity, and potency. Whether you are trying to get premium White Powder heroin online or not. Explore our assortment now and experience the excellence and reliability that has made us an industry leader.<\/span><\/span><\/p>\n<p><span style=\"vertical-align: inherit;\"><span style=\"vertical-align: inherit;\">How does white powder heroin help at a low price? Apart from being used for recreational and medicinal purposes to treat pain, white powder heroin is also gaining popularity among those looking for a powerful effect. You can now get white powder heroin online and experience its powerful effects through LegitPowders.com. You get the drug in its purest form when you buy white powder heroin from us. This means that compared to other types of heroin, your dose will be stronger and last longer. This makes it ideal for those looking for a powerful effect. White Powder offers cheap prices and expedited shipping. Why don\u2019t you give it a try then? Place your bulk order for white powder <\/span><\/span><a href=\"https:\/\/en.wikipedia.org\/wiki\/Heroin\"><span style=\"vertical-align: inherit;\"><span style=\"vertical-align: inherit;\">heroin<\/span><\/span><\/a><span style=\"vertical-align: inherit;\"><span style=\"vertical-align: inherit;\"> now.<\/span><\/span><\/p>\n<h3><span style=\"vertical-align: inherit;\"><span style=\"vertical-align: inherit;\">We offer convenient online shopping of white powder heroin.<\/span><\/span><\/h3>\n<p><a href=\"https:\/\/poudresdenarco.com\/nl\/product-2\/witte-heroine-in-poedervorm\/\"><span style=\"vertical-align: inherit;\"><span style=\"vertical-align: inherit;\">Buying white powder heroin<\/span><\/span><\/a><span style=\"vertical-align: inherit;\"><span style=\"vertical-align: inherit;\"> online is easy with our online store. You can place your order and have your cheap white powder heroin delivered straight to your door in just a few clicks. Our user-friendly web platform is designed to simplify the shopping experience so you can focus on the things that really matter. You will be happy to know that we provide consumers in the UK with fast and reliable shipping. Whether you are buying white powder online in the UK for business or personal use, we offer a top-notch selection of products to suit your needs. When determining which white powder is ideal for your needs, because we believe in quality, we only sell products that meet our stringent requirements for potency and purity. Plus, you won&rsquo;t have to break the bank to buy the white powder you need thanks to our affordable prices.<\/span><\/span><\/p>\n<p><span style=\"vertical-align: inherit;\"><span style=\"vertical-align: inherit;\">It\u2019s now easier than ever to order white powder heroin online. Simply choose the item you need, add it to your cart, and complete the checkout process. We offer fast shipping and secure payment methods so you can easily receive the white powder you need. Looking for a fantastic deal on white powder? Browse our cheap white powder assortment, which offers the same premium products at a discounted price. No matter the price, everyone should have access to the white powder they need.<\/span><\/span><\/p>\n<h3><span style=\"vertical-align: inherit;\"><span style=\"vertical-align: inherit;\">Benefits of Buying White Powder from a Reliable Internet Supplier<\/span><\/span><\/h3>\n<p><span style=\"vertical-align: inherit;\"><span style=\"vertical-align: inherit;\">You don\u2019t need to look any further than our online store to find the best place to buy white powder. We offer a wide assortment of premium products at reasonable prices, making us your one-stop shop for buying everything you need in white powder. We are committed to providing our customers with the best possible experience at our online store. Every step of the way, from our premium quality items to our fast and reliable shipping, we are committed to earning your pleasure. So why wait? Explore our assortment now to discover the best online retailer for white powder.<\/span><\/span><\/p>","protected":false},"excerpt":{"rendered":"<p>Buy White Powder Heroin Online AN ESTABLISHED SUPPLIER OF EXCELLENT WHITE POWDER PRODUCTS Our specialty is to offer premium quality white powders for a range of uses. With years of expertise in the field, we have established ourselves as a reliable supplier of premium quality white powder heroin that meets the strictest requirements of safety,&hellip;<\/p>","protected":false},"featured_media":277,"comment_status":"open","ping_status":"closed","template":"","meta":{"_joinchat":[]},"product_cat":[17],"product_tag":[456,458,457,455,453,459,468,461,460,466,462,467,454,465,464,463],"class_list":{"0":"post-15","1":"product","2":"type-product","3":"status-publish","4":"has-post-thumbnail","6":"product_cat-de-heroine","7":"product_tag-acheter-de-la-cocaine-en-poudre-blanche-en-ligne","8":"product_tag-acheter-de-la-cocaine-en-poudre-blanche-en-ligne-aux-etats-unis","9":"product_tag-acheter-de-la-cocaine-en-poudre-blanche-en-ligne-pres-de-chez-moi","10":"product_tag-acheter-de-la-cocaine-en-poudre-blanche-legalement","11":"product_tag-avantages-de-la-cocaine-en-poudre-blanche","12":"product_tag-cocaine-en-poudre-blanche-bon-marche","13":"product_tag-cocaine-en-poudre-blanche-en-gros","14":"product_tag-comment-commander-de-la-cocaine-en-poudre-blanche","15":"product_tag-comment-puis-je-obtenir-la-meilleure-cocaine-en-poudre-blanche","16":"product_tag-de-la-cocaine-en-poudre-blanche-a-vendre","17":"product_tag-de-la-cocaine-en-poudre-blanche-legitime-en-ligne","18":"product_tag-le-prix-de-la-cocaine-en-poudre-blanche","19":"product_tag-meilleur-endroit-pour-commander-de-la-cocaine-en-poudre-blanche","20":"product_tag-ou-acheter-de-la-cocaine-en-poudre-blanche","21":"product_tag-ou-puis-je-acheter-de-la-cocaine-en-poudre-blanche","22":"product_tag-quest-ce-que-la-cocaine-en-poudre-blanche","24":"first","25":"instock","26":"shipping-taxable","27":"purchasable","28":"product-type-variable","29":"col-xs-6 col-sm-4","30":"col-md-3 col-lg-3","31":"un-4-cols"},"yoast_head":"<!-- This site is optimized with the Yoast SEO plugin v23.8 - https:\/\/yoast.com\/wordpress\/plugins\/seo\/ -->\n<title>Acheter de l&#039;h\u00e9ro\u00efne en poudre blanche en ligne - Vente d&#039;h\u00e9ro\u00efne en poudre blanche en ligne<\/title>\n<meta name=\"description\" content=\"Si vous cherchez \u00e0 acheter de l&#039;h\u00e9ro\u00efne en poudre blanche en ligne, nous avons une h\u00e9ro\u00efne en poudre blanche de haute qualit\u00e9 \u00e0 vendre. Nous vous aiderons \u00e0 acheter de l&#039;h\u00e9ro\u00efne en poudre blanche en ligne \u00e0 des prix bon march\u00e9. Passez une commande d\u00e8s aujourd&#039;hui !\" \/>\n<meta name=\"robots\" content=\"index, follow, max-snippet:-1, max-image-preview:large, max-video-preview:-1\" \/>\n<link rel=\"canonical\" href=\"https:\/\/poudresdenarco.com\/nl\/product-2\/witte-heroine-in-poedervorm\/\" \/>\n<meta property=\"og:locale\" content=\"nl_BE\" \/>\n<meta property=\"og:type\" content=\"article\" \/>\n<meta property=\"og:title\" content=\"Acheter de l&#039;h\u00e9ro\u00efne en poudre blanche en ligne - Vente d&#039;h\u00e9ro\u00efne en poudre blanche en ligne\" \/>\n<meta property=\"og:description\" content=\"Si vous cherchez \u00e0 acheter de l&#039;h\u00e9ro\u00efne en poudre blanche en ligne, nous avons une h\u00e9ro\u00efne en poudre blanche de haute qualit\u00e9 \u00e0 vendre. Nous vous aiderons \u00e0 acheter de l&#039;h\u00e9ro\u00efne en poudre blanche en ligne \u00e0 des prix bon march\u00e9. Passez une commande d\u00e8s aujourd&#039;hui !\" \/>\n<meta property=\"og:url\" content=\"https:\/\/poudresdenarco.com\/nl\/product-2\/witte-heroine-in-poedervorm\/\" \/>\n<meta property=\"og:site_name\" content=\"Poudresde Narco\" \/>\n<meta property=\"article:modified_time\" content=\"2025-04-05T23:43:08+00:00\" \/>\n<meta property=\"og:image\" content=\"https:\/\/poudresdenarco.com\/wp-content\/uploads\/2023\/12\/White-Powder-Heroin.jpg\" \/>\n\t<meta property=\"og:image:width\" content=\"600\" \/>\n\t<meta property=\"og:image:height\" content=\"600\" \/>\n\t<meta property=\"og:image:type\" content=\"image\/jpeg\" \/>\n<meta name=\"twitter:card\" content=\"summary_large_image\" \/>\n<meta name=\"twitter:label1\" content=\"Geschatte leestijd\" \/>\n\t<meta name=\"twitter:data1\" content=\"4 minuten\" \/>\n<script type=\"application\/ld+json\" class=\"yoast-schema-graph\">{\"@context\":\"https:\/\/schema.org\",\"@graph\":[{\"@type\":\"WebPage\",\"@id\":\"https:\/\/poudresdenarco.com\/produit\/heroine-en-poudre-blanche\/\",\"url\":\"https:\/\/poudresdenarco.com\/produit\/heroine-en-poudre-blanche\/\",\"name\":\"Acheter de l'h\u00e9ro\u00efne en poudre blanche en ligne - Vente d'h\u00e9ro\u00efne en poudre blanche en ligne\",\"isPartOf\":{\"@id\":\"https:\/\/poudresdenarco.com\/#website\"},\"primaryImageOfPage\":{\"@id\":\"https:\/\/poudresdenarco.com\/produit\/heroine-en-poudre-blanche\/#primaryimage\"},\"image\":{\"@id\":\"https:\/\/poudresdenarco.com\/produit\/heroine-en-poudre-blanche\/#primaryimage\"},\"thumbnailUrl\":\"https:\/\/poudresdenarco.com\/wp-content\/uploads\/2023\/12\/White-Powder-Heroin.jpg\",\"datePublished\":\"2023-12-25T08:20:00+00:00\",\"dateModified\":\"2025-04-05T23:43:08+00:00\",\"description\":\"Si vous cherchez \u00e0 acheter de l'h\u00e9ro\u00efne en poudre blanche en ligne, nous avons une h\u00e9ro\u00efne en poudre blanche de haute qualit\u00e9 \u00e0 vendre. Nous vous aiderons \u00e0 acheter de l'h\u00e9ro\u00efne en poudre blanche en ligne \u00e0 des prix bon march\u00e9. Passez une commande d\u00e8s aujourd'hui !\",\"breadcrumb\":{\"@id\":\"https:\/\/poudresdenarco.com\/produit\/heroine-en-poudre-blanche\/#breadcrumb\"},\"inLanguage\":\"nl-BE\",\"potentialAction\":[{\"@type\":\"ReadAction\",\"target\":[\"https:\/\/poudresdenarco.com\/produit\/heroine-en-poudre-blanche\/\"]}]},{\"@type\":\"ImageObject\",\"inLanguage\":\"nl-BE\",\"@id\":\"https:\/\/poudresdenarco.com\/produit\/heroine-en-poudre-blanche\/#primaryimage\",\"url\":\"https:\/\/poudresdenarco.com\/wp-content\/uploads\/2023\/12\/White-Powder-Heroin.jpg\",\"contentUrl\":\"https:\/\/poudresdenarco.com\/wp-content\/uploads\/2023\/12\/White-Powder-Heroin.jpg\",\"width\":600,\"height\":600,\"caption\":\"Acheter White-Powder-Heroin en ligne\"},{\"@type\":\"BreadcrumbList\",\"@id\":\"https:\/\/poudresdenarco.com\/produit\/heroine-en-poudre-blanche\/#breadcrumb\",\"itemListElement\":[{\"@type\":\"ListItem\",\"position\":1,\"name\":\"Home\",\"item\":\"https:\/\/poudresdenarco.com\/\"},{\"@type\":\"ListItem\",\"position\":2,\"name\":\"Boutique\",\"item\":\"https:\/\/poudresdenarco.com\/boutique\/\"},{\"@type\":\"ListItem\",\"position\":3,\"name\":\"H\u00e9ro\u00efne en poudre blanche\"}]},{\"@type\":\"WebSite\",\"@id\":\"https:\/\/poudresdenarco.com\/#website\",\"url\":\"https:\/\/poudresdenarco.com\/\",\"name\":\"Poudresde Narco\",\"description\":\"Acheter de la coca\u00efne et de l&#039;h\u00e9ro\u00efne en ligne\",\"potentialAction\":[{\"@type\":\"SearchAction\",\"target\":{\"@type\":\"EntryPoint\",\"urlTemplate\":\"https:\/\/poudresdenarco.com\/?s={search_term_string}\"},\"query-input\":{\"@type\":\"PropertyValueSpecification\",\"valueRequired\":true,\"valueName\":\"search_term_string\"}}],\"inLanguage\":\"nl-BE\"}]}<\/script>\n<!-- \/ Yoast SEO plugin. -->","yoast_head_json":{"title":"Acheter de l'h\u00e9ro\u00efne en poudre blanche en ligne - Vente d'h\u00e9ro\u00efne en poudre blanche en ligne","description":"Si vous cherchez \u00e0 acheter de l'h\u00e9ro\u00efne en poudre blanche en ligne, nous avons une h\u00e9ro\u00efne en poudre blanche de haute qualit\u00e9 \u00e0 vendre. Nous vous aiderons \u00e0 acheter de l'h\u00e9ro\u00efne en poudre blanche en ligne \u00e0 des prix bon march\u00e9. Passez une commande d\u00e8s aujourd'hui !","robots":{"index":"index","follow":"follow","max-snippet":"max-snippet:-1","max-image-preview":"max-image-preview:large","max-video-preview":"max-video-preview:-1"},"canonical":"https:\/\/poudresdenarco.com\/nl\/product-2\/witte-heroine-in-poedervorm\/","og_locale":"nl_BE","og_type":"article","og_title":"Acheter de l'h\u00e9ro\u00efne en poudre blanche en ligne - Vente d'h\u00e9ro\u00efne en poudre blanche en ligne","og_description":"Si vous cherchez \u00e0 acheter de l'h\u00e9ro\u00efne en poudre blanche en ligne, nous avons une h\u00e9ro\u00efne en poudre blanche de haute qualit\u00e9 \u00e0 vendre. Nous vous aiderons \u00e0 acheter de l'h\u00e9ro\u00efne en poudre blanche en ligne \u00e0 des prix bon march\u00e9. Passez une commande d\u00e8s aujourd'hui !","og_url":"https:\/\/poudresdenarco.com\/nl\/product-2\/witte-heroine-in-poedervorm\/","og_site_name":"Poudresde Narco","article_modified_time":"2025-04-05T23:43:08+00:00","og_image":[{"width":600,"height":600,"url":"https:\/\/poudresdenarco.com\/wp-content\/uploads\/2023\/12\/White-Powder-Heroin.jpg","type":"image\/jpeg"}],"twitter_card":"summary_large_image","twitter_misc":{"Geschatte leestijd":"4 minuten"},"schema":{"@context":"https:\/\/schema.org","@graph":[{"@type":"WebPage","@id":"https:\/\/poudresdenarco.com\/produit\/heroine-en-poudre-blanche\/","url":"https:\/\/poudresdenarco.com\/produit\/heroine-en-poudre-blanche\/","name":"Acheter de l'h\u00e9ro\u00efne en poudre blanche en ligne - Vente d'h\u00e9ro\u00efne en poudre blanche en ligne","isPartOf":{"@id":"https:\/\/poudresdenarco.com\/#website"},"primaryImageOfPage":{"@id":"https:\/\/poudresdenarco.com\/produit\/heroine-en-poudre-blanche\/#primaryimage"},"image":{"@id":"https:\/\/poudresdenarco.com\/produit\/heroine-en-poudre-blanche\/#primaryimage"},"thumbnailUrl":"https:\/\/poudresdenarco.com\/wp-content\/uploads\/2023\/12\/White-Powder-Heroin.jpg","datePublished":"2023-12-25T08:20:00+00:00","dateModified":"2025-04-05T23:43:08+00:00","description":"Si vous cherchez \u00e0 acheter de l'h\u00e9ro\u00efne en poudre blanche en ligne, nous avons une h\u00e9ro\u00efne en poudre blanche de haute qualit\u00e9 \u00e0 vendre. Nous vous aiderons \u00e0 acheter de l'h\u00e9ro\u00efne en poudre blanche en ligne \u00e0 des prix bon march\u00e9. Passez une commande d\u00e8s aujourd'hui !","breadcrumb":{"@id":"https:\/\/poudresdenarco.com\/produit\/heroine-en-poudre-blanche\/#breadcrumb"},"inLanguage":"nl-BE","potentialAction":[{"@type":"ReadAction","target":["https:\/\/poudresdenarco.com\/produit\/heroine-en-poudre-blanche\/"]}]},{"@type":"ImageObject","inLanguage":"nl-BE","@id":"https:\/\/poudresdenarco.com\/produit\/heroine-en-poudre-blanche\/#primaryimage","url":"https:\/\/poudresdenarco.com\/wp-content\/uploads\/2023\/12\/White-Powder-Heroin.jpg","contentUrl":"https:\/\/poudresdenarco.com\/wp-content\/uploads\/2023\/12\/White-Powder-Heroin.jpg","width":600,"height":600,"caption":"Acheter White-Powder-Heroin en ligne"},{"@type":"BreadcrumbList","@id":"https:\/\/poudresdenarco.com\/produit\/heroine-en-poudre-blanche\/#breadcrumb","itemListElement":[{"@type":"ListItem","position":1,"name":"Home","item":"https:\/\/poudresdenarco.com\/"},{"@type":"ListItem","position":2,"name":"Boutique","item":"https:\/\/poudresdenarco.com\/boutique\/"},{"@type":"ListItem","position":3,"name":"H\u00e9ro\u00efne en poudre blanche"}]},{"@type":"WebSite","@id":"https:\/\/poudresdenarco.com\/#website","url":"https:\/\/poudresdenarco.com\/","name":"Poudresde Narco","description":"Acheter de la coca\u00efne et de l&#039;h\u00e9ro\u00efne en ligne","potentialAction":[{"@type":"SearchAction","target":{"@type":"EntryPoint","urlTemplate":"https:\/\/poudresdenarco.com\/?s={search_term_string}"},"query-input":{"@type":"PropertyValueSpecification","valueRequired":true,"valueName":"search_term_string"}}],"inLanguage":"nl-BE"}]}},"_links":{"self":[{"href":"https:\/\/poudresdenarco.com\/nl\/wp-json\/wp\/v2\/product\/15","targetHints":{"allow":["GET"]}}],"collection":[{"href":"https:\/\/poudresdenarco.com\/nl\/wp-json\/wp\/v2\/product"}],"about":[{"href":"https:\/\/poudresdenarco.com\/nl\/wp-json\/wp\/v2\/types\/product"}],"replies":[{"embeddable":true,"href":"https:\/\/poudresdenarco.com\/nl\/wp-json\/wp\/v2\/comments?post=15"}],"wp:featuredmedia":[{"embeddable":true,"href":"https:\/\/poudresdenarco.com\/nl\/wp-json\/wp\/v2\/media\/277"}],"wp:attachment":[{"href":"https:\/\/poudresdenarco.com\/nl\/wp-json\/wp\/v2\/media?parent=15"}],"wp:term":[{"taxonomy":"product_cat","embeddable":true,"href":"https:\/\/poudresdenarco.com\/nl\/wp-json\/wp\/v2\/product_cat?post=15"},{"taxonomy":"product_tag","embeddable":true,"href":"https:\/\/poudresdenarco.com\/nl\/wp-json\/wp\/v2\/product_tag?post=15"}],"curies":[{"name":"wp","href":"https:\/\/api.w.org\/{rel}","templated":true}]}}