{"id":169,"date":"2023-12-25T08:20:31","date_gmt":"2023-12-25T08:20:31","guid":{"rendered":"https:\/\/unkrautmarkt.com\/narco1\/?post_type=product&#038;p=169"},"modified":"2025-06-08T19:52:25","modified_gmt":"2025-06-08T19:52:25","slug":"acheter-ketamine-crystal-rock","status":"publish","type":"product","link":"https:\/\/poudresdenarco.com\/nl\/product-2\/kristalsteen-ketamine-kopen\/","title":{"rendered":"Crystal Rock Ketamine kopen"},"content":{"rendered":"<h2><span style=\"vertical-align: inherit;\"><span style=\"vertical-align: inherit;\">Koop Ketamine Crystal Rock online<\/span><\/span><\/h2>\n<h3><span style=\"vertical-align: inherit;\"><span style=\"vertical-align: inherit;\">Koop Ketamine Crystal Rock online<\/span><\/span><\/h3>\n<p><span style=\"vertical-align: inherit;\"><span style=\"vertical-align: inherit;\">De belangrijkste toepassing van <a href=\"https:\/\/en.wikipedia.org\/wiki\/Ketamine\">Ketamine Crystal Rock<\/a> is een medicijn dat voornamelijk wordt gebruikt bij anesthesie. Andere toepassingen zijn intensieve zorg sedatie en aanhoudende pijn.<\/span><\/span><\/p>\n<p><span style=\"vertical-align: inherit;\"><span style=\"vertical-align: inherit;\">De high die ketamine veroorzaakt duurt ongeveer een uur. Het begint twee tot vijf minuten na het roken of innemen van de dosis. Bij injectie treedt het ongeveer 30 seconden na injectie op.<\/span><\/span><\/p>\n<p><span style=\"vertical-align: inherit;\"><span style=\"vertical-align: inherit;\">Het overweldigende gevoel van ontspanning dat de gebruiker aanvankelijk ervaart tijdens het effect wordt vaak aangeduid als een \u00ab full-body buzz. \u00bb Sommige gebruikers beschrijven het zelfs als het gevoel alsof ze uit hun lichaam zweven. Veel mensen ervaren hallucinaties die langer duren dan de effecten van de anesthesie. <a href=\"https:\/\/poudresdenarco.com\/nl\/product-2\/kristalsteen-ketamine-kopen\/\">Buy Crystalline Ketamine<\/a>.<\/span><\/span><\/p>\n<p><span style=\"vertical-align: inherit;\"><span style=\"vertical-align: inherit;\">Recente ontwikkelingen in ketamineonderzoek benadrukken de positieve effecten ervan op mensen die aan depressie lijden. Vooral voor degenen die andere antidepressiva hebben geprobeerd en gefaald. Ketamine werkt anders in de hersenen dan SSRI's, die vaak worden aanbevolen om depressie te behandelen. Eenmaal onder controle, werkt ketamine snel.<\/span><\/span><\/p>\n<p><span style=\"vertical-align: inherit;\"><span style=\"vertical-align: inherit;\">Het stimulerende effect van ketamine kan veertig minuten na toediening van de dosis worden gedetecteerd. Gecontroleerd bewijs van \u00ab een enorme verbetering van de verontrustende bijwerkingen ongeveer 24 uur na ketamine, vergeleken met schijnbehandeling \u00bb wordt gepresenteerd in een recent artikel.<\/span><\/span><\/p>\n<h3><span style=\"vertical-align: inherit;\"><span style=\"vertical-align: inherit;\">Intranasale ketamine heeft weinig effect op psychotomimetisch of dissociatief gedrag.<\/span><\/span><\/h3>\n<p><span style=\"vertical-align: inherit;\"><span style=\"vertical-align: inherit;\">Wanneer dit medicijn volgens een legaal ketamine-toedieningsprotocol wordt gebruikt, kan het de hersenen helpen nieuwe verbindingen tussen neuronen aan te maken en langdurige verlichting bieden.<\/span><\/span><\/p>","protected":false},"excerpt":{"rendered":"<p>Buy Ketamine Crystal Rock Online Buy Ketamine Crystal Rock Online The main application of Ketamine Crystal Rock drug is anesthesia. Additional uses include sedation in intensive care and persistent pain. A sudden high from ketamine HCL lasts about an hour. It begins two to five minutes after smoking or ingesting the dose. When injected, it&hellip;<\/p>","protected":false},"featured_media":260,"comment_status":"open","ping_status":"closed","template":"","meta":{"_joinchat":[]},"product_cat":[174],"product_tag":[],"class_list":{"0":"post-169","1":"product","2":"type-product","3":"status-publish","4":"has-post-thumbnail","6":"product_cat-la-ketamine","8":"first","9":"instock","10":"shipping-taxable","11":"purchasable","12":"product-type-variable","13":"col-xs-6 col-sm-4","14":"col-md-3 col-lg-3","15":"un-4-cols"},"yoast_head":"<!-- This site is optimized with the Yoast SEO plugin v23.8 - https:\/\/yoast.com\/wordpress\/plugins\/seo\/ -->\n<title>Acheter du cristal de roche de k\u00e9tamine en ligne - Cristal de roche de k\u00e9tamine \u00e0 vendre<\/title>\n<meta name=\"description\" content=\"Nous sommes le magasin leader proposant de la Ketamine Crystal Rock \u00e0 la vente. Si vous souhaitez acheter de la Ketamine Crystal Rock, contactez-nous imm\u00e9diatement et faites livrer votre commande. Commandez maintenant !\" \/>\n<meta name=\"robots\" content=\"index, follow, max-snippet:-1, max-image-preview:large, max-video-preview:-1\" \/>\n<link rel=\"canonical\" href=\"https:\/\/poudresdenarco.com\/nl\/product-2\/kristalsteen-ketamine-kopen\/\" \/>\n<meta property=\"og:locale\" content=\"nl_BE\" \/>\n<meta property=\"og:type\" content=\"article\" \/>\n<meta property=\"og:title\" content=\"Acheter du cristal de roche de k\u00e9tamine en ligne - Cristal de roche de k\u00e9tamine \u00e0 vendre\" \/>\n<meta property=\"og:description\" content=\"Nous sommes le magasin leader proposant de la Ketamine Crystal Rock \u00e0 la vente. Si vous souhaitez acheter de la Ketamine Crystal Rock, contactez-nous imm\u00e9diatement et faites livrer votre commande. Commandez maintenant !\" \/>\n<meta property=\"og:url\" content=\"https:\/\/poudresdenarco.com\/nl\/product-2\/kristalsteen-ketamine-kopen\/\" \/>\n<meta property=\"og:site_name\" content=\"Poudresde Narco\" \/>\n<meta property=\"article:modified_time\" content=\"2025-06-08T19:52:25+00:00\" \/>\n<meta property=\"og:image\" content=\"https:\/\/poudresdenarco.com\/wp-content\/uploads\/2023\/12\/Buy-Ketamine-Crystal-Rock.jpg\" \/>\n\t<meta property=\"og:image:width\" content=\"600\" \/>\n\t<meta property=\"og:image:height\" content=\"600\" \/>\n\t<meta property=\"og:image:type\" content=\"image\/jpeg\" \/>\n<meta name=\"twitter:card\" content=\"summary_large_image\" \/>\n<meta name=\"twitter:label1\" content=\"Geschatte leestijd\" \/>\n\t<meta name=\"twitter:data1\" content=\"2 minuten\" \/>\n<script type=\"application\/ld+json\" class=\"yoast-schema-graph\">{\"@context\":\"https:\/\/schema.org\",\"@graph\":[{\"@type\":\"WebPage\",\"@id\":\"https:\/\/poudresdenarco.com\/produit\/acheter-ketamine-crystal-rock\/\",\"url\":\"https:\/\/poudresdenarco.com\/produit\/acheter-ketamine-crystal-rock\/\",\"name\":\"Acheter du cristal de roche de k\u00e9tamine en ligne - Cristal de roche de k\u00e9tamine \u00e0 vendre\",\"isPartOf\":{\"@id\":\"https:\/\/poudresdenarco.com\/#website\"},\"primaryImageOfPage\":{\"@id\":\"https:\/\/poudresdenarco.com\/produit\/acheter-ketamine-crystal-rock\/#primaryimage\"},\"image\":{\"@id\":\"https:\/\/poudresdenarco.com\/produit\/acheter-ketamine-crystal-rock\/#primaryimage\"},\"thumbnailUrl\":\"https:\/\/poudresdenarco.com\/wp-content\/uploads\/2023\/12\/Buy-Ketamine-Crystal-Rock.jpg\",\"datePublished\":\"2023-12-25T08:20:31+00:00\",\"dateModified\":\"2025-06-08T19:52:25+00:00\",\"description\":\"Nous sommes le magasin leader proposant de la Ketamine Crystal Rock \u00e0 la vente. Si vous souhaitez acheter de la Ketamine Crystal Rock, contactez-nous imm\u00e9diatement et faites livrer votre commande. Commandez maintenant !\",\"breadcrumb\":{\"@id\":\"https:\/\/poudresdenarco.com\/produit\/acheter-ketamine-crystal-rock\/#breadcrumb\"},\"inLanguage\":\"nl-BE\",\"potentialAction\":[{\"@type\":\"ReadAction\",\"target\":[\"https:\/\/poudresdenarco.com\/produit\/acheter-ketamine-crystal-rock\/\"]}]},{\"@type\":\"ImageObject\",\"inLanguage\":\"nl-BE\",\"@id\":\"https:\/\/poudresdenarco.com\/produit\/acheter-ketamine-crystal-rock\/#primaryimage\",\"url\":\"https:\/\/poudresdenarco.com\/wp-content\/uploads\/2023\/12\/Buy-Ketamine-Crystal-Rock.jpg\",\"contentUrl\":\"https:\/\/poudresdenarco.com\/wp-content\/uploads\/2023\/12\/Buy-Ketamine-Crystal-Rock.jpg\",\"width\":600,\"height\":600,\"caption\":\"Acheter K\u00e9tamine Crystal Rock\"},{\"@type\":\"BreadcrumbList\",\"@id\":\"https:\/\/poudresdenarco.com\/produit\/acheter-ketamine-crystal-rock\/#breadcrumb\",\"itemListElement\":[{\"@type\":\"ListItem\",\"position\":1,\"name\":\"Home\",\"item\":\"https:\/\/poudresdenarco.com\/\"},{\"@type\":\"ListItem\",\"position\":2,\"name\":\"Boutique\",\"item\":\"https:\/\/poudresdenarco.com\/boutique\/\"},{\"@type\":\"ListItem\",\"position\":3,\"name\":\"Acheter K\u00e9tamine Crystal Rock\"}]},{\"@type\":\"WebSite\",\"@id\":\"https:\/\/poudresdenarco.com\/#website\",\"url\":\"https:\/\/poudresdenarco.com\/\",\"name\":\"Poudresde Narco\",\"description\":\"Acheter de la coca\u00efne et de l&#039;h\u00e9ro\u00efne en ligne\",\"potentialAction\":[{\"@type\":\"SearchAction\",\"target\":{\"@type\":\"EntryPoint\",\"urlTemplate\":\"https:\/\/poudresdenarco.com\/?s={search_term_string}\"},\"query-input\":{\"@type\":\"PropertyValueSpecification\",\"valueRequired\":true,\"valueName\":\"search_term_string\"}}],\"inLanguage\":\"nl-BE\"}]}<\/script>\n<!-- \/ Yoast SEO plugin. -->","yoast_head_json":{"title":"Acheter du cristal de roche de k\u00e9tamine en ligne - Cristal de roche de k\u00e9tamine \u00e0 vendre","description":"Nous sommes le magasin leader proposant de la Ketamine Crystal Rock \u00e0 la vente. Si vous souhaitez acheter de la Ketamine Crystal Rock, contactez-nous imm\u00e9diatement et faites livrer votre commande. Commandez maintenant !","robots":{"index":"index","follow":"follow","max-snippet":"max-snippet:-1","max-image-preview":"max-image-preview:large","max-video-preview":"max-video-preview:-1"},"canonical":"https:\/\/poudresdenarco.com\/nl\/product-2\/kristalsteen-ketamine-kopen\/","og_locale":"nl_BE","og_type":"article","og_title":"Acheter du cristal de roche de k\u00e9tamine en ligne - Cristal de roche de k\u00e9tamine \u00e0 vendre","og_description":"Nous sommes le magasin leader proposant de la Ketamine Crystal Rock \u00e0 la vente. Si vous souhaitez acheter de la Ketamine Crystal Rock, contactez-nous imm\u00e9diatement et faites livrer votre commande. Commandez maintenant !","og_url":"https:\/\/poudresdenarco.com\/nl\/product-2\/kristalsteen-ketamine-kopen\/","og_site_name":"Poudresde Narco","article_modified_time":"2025-06-08T19:52:25+00:00","og_image":[{"width":600,"height":600,"url":"https:\/\/poudresdenarco.com\/wp-content\/uploads\/2023\/12\/Buy-Ketamine-Crystal-Rock.jpg","type":"image\/jpeg"}],"twitter_card":"summary_large_image","twitter_misc":{"Geschatte leestijd":"2 minuten"},"schema":{"@context":"https:\/\/schema.org","@graph":[{"@type":"WebPage","@id":"https:\/\/poudresdenarco.com\/produit\/acheter-ketamine-crystal-rock\/","url":"https:\/\/poudresdenarco.com\/produit\/acheter-ketamine-crystal-rock\/","name":"Acheter du cristal de roche de k\u00e9tamine en ligne - Cristal de roche de k\u00e9tamine \u00e0 vendre","isPartOf":{"@id":"https:\/\/poudresdenarco.com\/#website"},"primaryImageOfPage":{"@id":"https:\/\/poudresdenarco.com\/produit\/acheter-ketamine-crystal-rock\/#primaryimage"},"image":{"@id":"https:\/\/poudresdenarco.com\/produit\/acheter-ketamine-crystal-rock\/#primaryimage"},"thumbnailUrl":"https:\/\/poudresdenarco.com\/wp-content\/uploads\/2023\/12\/Buy-Ketamine-Crystal-Rock.jpg","datePublished":"2023-12-25T08:20:31+00:00","dateModified":"2025-06-08T19:52:25+00:00","description":"Nous sommes le magasin leader proposant de la Ketamine Crystal Rock \u00e0 la vente. Si vous souhaitez acheter de la Ketamine Crystal Rock, contactez-nous imm\u00e9diatement et faites livrer votre commande. Commandez maintenant !","breadcrumb":{"@id":"https:\/\/poudresdenarco.com\/produit\/acheter-ketamine-crystal-rock\/#breadcrumb"},"inLanguage":"nl-BE","potentialAction":[{"@type":"ReadAction","target":["https:\/\/poudresdenarco.com\/produit\/acheter-ketamine-crystal-rock\/"]}]},{"@type":"ImageObject","inLanguage":"nl-BE","@id":"https:\/\/poudresdenarco.com\/produit\/acheter-ketamine-crystal-rock\/#primaryimage","url":"https:\/\/poudresdenarco.com\/wp-content\/uploads\/2023\/12\/Buy-Ketamine-Crystal-Rock.jpg","contentUrl":"https:\/\/poudresdenarco.com\/wp-content\/uploads\/2023\/12\/Buy-Ketamine-Crystal-Rock.jpg","width":600,"height":600,"caption":"Acheter K\u00e9tamine Crystal Rock"},{"@type":"BreadcrumbList","@id":"https:\/\/poudresdenarco.com\/produit\/acheter-ketamine-crystal-rock\/#breadcrumb","itemListElement":[{"@type":"ListItem","position":1,"name":"Home","item":"https:\/\/poudresdenarco.com\/"},{"@type":"ListItem","position":2,"name":"Boutique","item":"https:\/\/poudresdenarco.com\/boutique\/"},{"@type":"ListItem","position":3,"name":"Acheter K\u00e9tamine Crystal Rock"}]},{"@type":"WebSite","@id":"https:\/\/poudresdenarco.com\/#website","url":"https:\/\/poudresdenarco.com\/","name":"Poudresde Narco","description":"Acheter de la coca\u00efne et de l&#039;h\u00e9ro\u00efne en ligne","potentialAction":[{"@type":"SearchAction","target":{"@type":"EntryPoint","urlTemplate":"https:\/\/poudresdenarco.com\/?s={search_term_string}"},"query-input":{"@type":"PropertyValueSpecification","valueRequired":true,"valueName":"search_term_string"}}],"inLanguage":"nl-BE"}]}},"_links":{"self":[{"href":"https:\/\/poudresdenarco.com\/nl\/wp-json\/wp\/v2\/product\/169","targetHints":{"allow":["GET"]}}],"collection":[{"href":"https:\/\/poudresdenarco.com\/nl\/wp-json\/wp\/v2\/product"}],"about":[{"href":"https:\/\/poudresdenarco.com\/nl\/wp-json\/wp\/v2\/types\/product"}],"replies":[{"embeddable":true,"href":"https:\/\/poudresdenarco.com\/nl\/wp-json\/wp\/v2\/comments?post=169"}],"wp:featuredmedia":[{"embeddable":true,"href":"https:\/\/poudresdenarco.com\/nl\/wp-json\/wp\/v2\/media\/260"}],"wp:attachment":[{"href":"https:\/\/poudresdenarco.com\/nl\/wp-json\/wp\/v2\/media?parent=169"}],"wp:term":[{"taxonomy":"product_cat","embeddable":true,"href":"https:\/\/poudresdenarco.com\/nl\/wp-json\/wp\/v2\/product_cat?post=169"},{"taxonomy":"product_tag","embeddable":true,"href":"https:\/\/poudresdenarco.com\/nl\/wp-json\/wp\/v2\/product_tag?post=169"}],"curies":[{"name":"wp","href":"https:\/\/api.w.org\/{rel}","templated":true}]}}