{"id":241,"date":"2023-12-25T08:20:46","date_gmt":"2023-12-25T08:20:46","guid":{"rendered":"https:\/\/unkrautmarkt.com\/narco1\/?post_type=product&#038;p=241"},"modified":"2025-06-09T17:25:11","modified_gmt":"2025-06-09T17:25:11","slug":"cocaine-rose-2c-b","status":"publish","type":"product","link":"https:\/\/poudresdenarco.com\/nl\/product-2\/cocaineroze-2c-b\/","title":{"rendered":"Roze coca\u00efne 2C-B"},"content":{"rendered":"<h2><span style=\"vertical-align: inherit;\"><span style=\"vertical-align: inherit;\">Koop Pink Cocaine 2C-B online<\/span><\/span><\/h2>\n<h3><span style=\"vertical-align: inherit;\"><span style=\"vertical-align: inherit;\">Roze Coca\u00efne: Wat is het?<\/span><\/span><\/h3>\n<p><span style=\"vertical-align: inherit;\"><span style=\"vertical-align: inherit;\"><a href=\"https:\/\/en.wikipedia.org\/wiki\/2C-B\">Phenylethylamine 2C-B<\/a> werd voor het eerst gecre\u00eberd in de vroege jaren 70 door Harvard-chemicus Alexander Shulgin, die vooral bekend was om zijn werk aan methylenedioxymethamphetamine (MDMA of ecstasy). Fenylethylamine 2C-B, soms bekend als Performax of Erox, werd op de markt gebracht en verkocht als een libido-verbeteraar en medicijn tegen erectiestoornissen. Het medicijn werd in 1995 door de U.S. Drug Enforcement Agency aangewezen als Schedule 1-gecontroleerde substantie nadat was vastgesteld dat het geen legitiem medisch gebruik had en een aanzienlijk potentieel voor misbruik had.<\/span><\/span><\/p>\n<p><span style=\"vertical-align: inherit;\"><span style=\"vertical-align: inherit;\">Phenylethylamine 2C-B, soms ook wel bekend als roze coca\u00efne of Bromo, verscheen voor het eerst in de clubs van Zuid- en Midden-Amerika en heeft sindsdien een comeback gemaakt als recreatieve partydrug in het afgelopen decennium. Farmaceutische bedrijven produceren hun producten doorgaans in pilvorm.<\/span><\/span><\/p>\n<h3><span style=\"vertical-align: inherit;\"><span style=\"vertical-align: inherit;\">Roze Coca\u00efne: Wat is het?<\/span><\/span><\/h3>\n<p><span style=\"vertical-align: inherit;\"><span style=\"vertical-align: inherit;\">werd voor het eerst gecre\u00eberd in de vroege jaren 70 door Harvard-chemicus Alexander Shulgin, die vooral bekend was om zijn werk aan methylenedioxymethamphetamine (MDMA of ecstasy). Fenylethylamine 2C-B, soms bekend als Performax of Erox, werd op de markt gebracht en verkocht als een libido-verbeteraar en medicijn tegen erectiestoornissen. Het medicijn werd in 1995 door de U.S. Drug Enforcement Agency aangewezen als Schedule 1-gecontroleerde substantie nadat was vastgesteld dat het geen legitiem medisch gebruik had en een aanzienlijk potentieel voor misbruik had.<\/span><\/span><\/p>\n<p><span style=\"vertical-align: inherit;\"><span style=\"vertical-align: inherit;\"><a href=\"https:\/\/poudresdenarco.com\/nl\/product-2\/cocaineroze-2c-b\/\">Buy Phenylethylamine 2C-B online<\/a>Phenylethylamine 2C-B, soms ook wel bekend als roze coca\u00efne of Bromo, verscheen voor het eerst in de clubs van Zuid- en Midden-Amerika en heeft sindsdien een comeback gemaakt als recreatieve partydrug in het afgelopen decennium. Farmaceutische bedrijven produceren hun producten doorgaans in pilvorm.<\/span><\/span><\/p>\n<p><span style=\"vertical-align: inherit;\"><span style=\"vertical-align: inherit;\">Het is mogelijk niet mogelijk om de exacte dosis te bepalen die u neemt, omdat het vaak in illegale laboratoria wordt geproduceerd en niet onder de FDA-regelgeving valt. Roze coca\u00efne kan door de fabrikant van het medicijn worden versneden met behulp van niet-ge\u00efdentificeerde chemicali\u00ebn of drugs, wat de bijwerkingen kan versterken.<\/span><\/span><\/p>\n<h3><span style=\"vertical-align: inherit;\"><span style=\"vertical-align: inherit;\">Wat onderscheidt coca\u00efne van roze coca\u00efne?<\/span><\/span><\/h3>\n<p><span style=\"vertical-align: inherit;\"><span style=\"vertical-align: inherit;\">There are some parallels between pink cocaine and conventional cocaine, such as the potential for addiction and chemical dependency. Cocaine hydrochloride is the concentrated and refined form of the coca plant commonly known as cocaine. Because it has both stimulant and anesthetic properties, cocaine is classified as a Schedule II drug in the United States and has some medical uses.<\/span><\/span><\/p>\n<p><span style=\"vertical-align: inherit;\"><span style=\"vertical-align: inherit;\">Roze coca\u00efne is daarentegen een synthetische drug op basis van fenylethylamine, die interageert met het serotoninepad van het lichaam om een \u200b\u200bpsychoactief effect te produceren.<\/span><\/span><\/p>","protected":false},"excerpt":{"rendered":"<p>Buy Pink Cocaine 2C-B Online Pink Cocaine: What is it? Phenylethylamine 2C-B was first created in the early 1970s by Harvard chemist Alexander Shulgin, who was best known for his work on methylenedioxymethamphetamine (MDMA or ecstasy). Phenylethylamine 2C-B, sometimes known as Performax or Erox, was marketed and sold as a libido enhancer and erectile dysfunction&hellip;<\/p>","protected":false},"featured_media":249,"comment_status":"open","ping_status":"closed","template":"","meta":{"_joinchat":[]},"product_cat":[66],"product_tag":[314,313,316,315,310,312,311],"class_list":{"0":"post-241","1":"product","2":"type-product","3":"status-publish","4":"has-post-thumbnail","6":"product_cat-de-la-cocaine","7":"product_tag-acheter-cocaine-en-poudre-rose-2c-b","8":"product_tag-acheter-cocaine-rose-2c-b","9":"product_tag-achetez-de-la-cocaine-rose-2c-b","10":"product_tag-achetez-de-la-poudre-de-cocaine-rose-2c","11":"product_tag-cocaine-rose-2c-b-a-vendre","12":"product_tag-poudre-de-cocaine-rose-2c-b-a-vendre","13":"product_tag-poudre-de-cocaine-rose-2c-b-a-vendre-en-europe","15":"first","16":"instock","17":"shipping-taxable","18":"purchasable","19":"product-type-variable","20":"col-xs-6 col-sm-4","21":"col-md-3 col-lg-3","22":"un-4-cols"},"yoast_head":"<!-- This site is optimized with the Yoast SEO plugin v23.8 - https:\/\/yoast.com\/wordpress\/plugins\/seo\/ -->\n<title>Buy Coca\u00efne rose 2C-B Online - Coca\u00efne rose 2C-B for Sale<\/title>\n<meta name=\"description\" content=\"Si vous souhaitez acheter de la Coca\u00efne rose 2C-B en ligne, visitez notre boutique en ligne PoudresDenarco. Nous avons des produits de haute qualit\u00e9 comme la Coca\u00efne rose 2C-B \u00e0 vendre. Passez votre commande maintenant !\" \/>\n<meta name=\"robots\" content=\"index, follow, max-snippet:-1, max-image-preview:large, max-video-preview:-1\" \/>\n<link rel=\"canonical\" href=\"https:\/\/poudresdenarco.com\/nl\/product-2\/cocaineroze-2c-b\/\" \/>\n<meta property=\"og:locale\" content=\"nl_BE\" \/>\n<meta property=\"og:type\" content=\"article\" \/>\n<meta property=\"og:title\" content=\"Buy Coca\u00efne rose 2C-B Online - Coca\u00efne rose 2C-B for Sale\" \/>\n<meta property=\"og:description\" content=\"Si vous souhaitez acheter de la Coca\u00efne rose 2C-B en ligne, visitez notre boutique en ligne PoudresDenarco. Nous avons des produits de haute qualit\u00e9 comme la Coca\u00efne rose 2C-B \u00e0 vendre. Passez votre commande maintenant !\" \/>\n<meta property=\"og:url\" content=\"https:\/\/poudresdenarco.com\/nl\/product-2\/cocaineroze-2c-b\/\" \/>\n<meta property=\"og:site_name\" content=\"Poudresde Narco\" \/>\n<meta property=\"article:modified_time\" content=\"2025-06-09T17:25:11+00:00\" \/>\n<meta property=\"og:image\" content=\"https:\/\/poudresdenarco.com\/wp-content\/uploads\/2023\/12\/2C-B-Pink-Cocaine.jpg\" \/>\n\t<meta property=\"og:image:width\" content=\"600\" \/>\n\t<meta property=\"og:image:height\" content=\"600\" \/>\n\t<meta property=\"og:image:type\" content=\"image\/jpeg\" \/>\n<meta name=\"twitter:card\" content=\"summary_large_image\" \/>\n<meta name=\"twitter:label1\" content=\"Geschatte leestijd\" \/>\n\t<meta name=\"twitter:data1\" content=\"3 minuten\" \/>\n<script type=\"application\/ld+json\" class=\"yoast-schema-graph\">{\"@context\":\"https:\/\/schema.org\",\"@graph\":[{\"@type\":\"WebPage\",\"@id\":\"https:\/\/poudresdenarco.com\/produit\/cocaine-rose-2c-b\/\",\"url\":\"https:\/\/poudresdenarco.com\/produit\/cocaine-rose-2c-b\/\",\"name\":\"Buy Coca\u00efne rose 2C-B Online - Coca\u00efne rose 2C-B for Sale\",\"isPartOf\":{\"@id\":\"https:\/\/poudresdenarco.com\/#website\"},\"primaryImageOfPage\":{\"@id\":\"https:\/\/poudresdenarco.com\/produit\/cocaine-rose-2c-b\/#primaryimage\"},\"image\":{\"@id\":\"https:\/\/poudresdenarco.com\/produit\/cocaine-rose-2c-b\/#primaryimage\"},\"thumbnailUrl\":\"https:\/\/poudresdenarco.com\/wp-content\/uploads\/2023\/12\/2C-B-Pink-Cocaine.jpg\",\"datePublished\":\"2023-12-25T08:20:46+00:00\",\"dateModified\":\"2025-06-09T17:25:11+00:00\",\"description\":\"Si vous souhaitez acheter de la Coca\u00efne rose 2C-B en ligne, visitez notre boutique en ligne PoudresDenarco. Nous avons des produits de haute qualit\u00e9 comme la Coca\u00efne rose 2C-B \u00e0 vendre. Passez votre commande maintenant !\",\"breadcrumb\":{\"@id\":\"https:\/\/poudresdenarco.com\/produit\/cocaine-rose-2c-b\/#breadcrumb\"},\"inLanguage\":\"nl-BE\",\"potentialAction\":[{\"@type\":\"ReadAction\",\"target\":[\"https:\/\/poudresdenarco.com\/produit\/cocaine-rose-2c-b\/\"]}]},{\"@type\":\"ImageObject\",\"inLanguage\":\"nl-BE\",\"@id\":\"https:\/\/poudresdenarco.com\/produit\/cocaine-rose-2c-b\/#primaryimage\",\"url\":\"https:\/\/poudresdenarco.com\/wp-content\/uploads\/2023\/12\/2C-B-Pink-Cocaine.jpg\",\"contentUrl\":\"https:\/\/poudresdenarco.com\/wp-content\/uploads\/2023\/12\/2C-B-Pink-Cocaine.jpg\",\"width\":600,\"height\":600,\"caption\":\"Acheter 2C-B-Pink-Cocaine en ligne\"},{\"@type\":\"BreadcrumbList\",\"@id\":\"https:\/\/poudresdenarco.com\/produit\/cocaine-rose-2c-b\/#breadcrumb\",\"itemListElement\":[{\"@type\":\"ListItem\",\"position\":1,\"name\":\"Home\",\"item\":\"https:\/\/poudresdenarco.com\/\"},{\"@type\":\"ListItem\",\"position\":2,\"name\":\"Boutique\",\"item\":\"https:\/\/poudresdenarco.com\/boutique\/\"},{\"@type\":\"ListItem\",\"position\":3,\"name\":\"Coca\u00efne rose 2C-B\"}]},{\"@type\":\"WebSite\",\"@id\":\"https:\/\/poudresdenarco.com\/#website\",\"url\":\"https:\/\/poudresdenarco.com\/\",\"name\":\"Poudresde Narco\",\"description\":\"Acheter de la coca\u00efne et de l&#039;h\u00e9ro\u00efne en ligne\",\"potentialAction\":[{\"@type\":\"SearchAction\",\"target\":{\"@type\":\"EntryPoint\",\"urlTemplate\":\"https:\/\/poudresdenarco.com\/?s={search_term_string}\"},\"query-input\":{\"@type\":\"PropertyValueSpecification\",\"valueRequired\":true,\"valueName\":\"search_term_string\"}}],\"inLanguage\":\"nl-BE\"}]}<\/script>\n<!-- \/ Yoast SEO plugin. -->","yoast_head_json":{"title":"Buy Coca\u00efne rose 2C-B Online - Coca\u00efne rose 2C-B for Sale","description":"Si vous souhaitez acheter de la Coca\u00efne rose 2C-B en ligne, visitez notre boutique en ligne PoudresDenarco. Nous avons des produits de haute qualit\u00e9 comme la Coca\u00efne rose 2C-B \u00e0 vendre. Passez votre commande maintenant !","robots":{"index":"index","follow":"follow","max-snippet":"max-snippet:-1","max-image-preview":"max-image-preview:large","max-video-preview":"max-video-preview:-1"},"canonical":"https:\/\/poudresdenarco.com\/nl\/product-2\/cocaineroze-2c-b\/","og_locale":"nl_BE","og_type":"article","og_title":"Buy Coca\u00efne rose 2C-B Online - Coca\u00efne rose 2C-B for Sale","og_description":"Si vous souhaitez acheter de la Coca\u00efne rose 2C-B en ligne, visitez notre boutique en ligne PoudresDenarco. Nous avons des produits de haute qualit\u00e9 comme la Coca\u00efne rose 2C-B \u00e0 vendre. Passez votre commande maintenant !","og_url":"https:\/\/poudresdenarco.com\/nl\/product-2\/cocaineroze-2c-b\/","og_site_name":"Poudresde Narco","article_modified_time":"2025-06-09T17:25:11+00:00","og_image":[{"width":600,"height":600,"url":"https:\/\/poudresdenarco.com\/wp-content\/uploads\/2023\/12\/2C-B-Pink-Cocaine.jpg","type":"image\/jpeg"}],"twitter_card":"summary_large_image","twitter_misc":{"Geschatte leestijd":"3 minuten"},"schema":{"@context":"https:\/\/schema.org","@graph":[{"@type":"WebPage","@id":"https:\/\/poudresdenarco.com\/produit\/cocaine-rose-2c-b\/","url":"https:\/\/poudresdenarco.com\/produit\/cocaine-rose-2c-b\/","name":"Buy Coca\u00efne rose 2C-B Online - Coca\u00efne rose 2C-B for Sale","isPartOf":{"@id":"https:\/\/poudresdenarco.com\/#website"},"primaryImageOfPage":{"@id":"https:\/\/poudresdenarco.com\/produit\/cocaine-rose-2c-b\/#primaryimage"},"image":{"@id":"https:\/\/poudresdenarco.com\/produit\/cocaine-rose-2c-b\/#primaryimage"},"thumbnailUrl":"https:\/\/poudresdenarco.com\/wp-content\/uploads\/2023\/12\/2C-B-Pink-Cocaine.jpg","datePublished":"2023-12-25T08:20:46+00:00","dateModified":"2025-06-09T17:25:11+00:00","description":"Si vous souhaitez acheter de la Coca\u00efne rose 2C-B en ligne, visitez notre boutique en ligne PoudresDenarco. Nous avons des produits de haute qualit\u00e9 comme la Coca\u00efne rose 2C-B \u00e0 vendre. Passez votre commande maintenant !","breadcrumb":{"@id":"https:\/\/poudresdenarco.com\/produit\/cocaine-rose-2c-b\/#breadcrumb"},"inLanguage":"nl-BE","potentialAction":[{"@type":"ReadAction","target":["https:\/\/poudresdenarco.com\/produit\/cocaine-rose-2c-b\/"]}]},{"@type":"ImageObject","inLanguage":"nl-BE","@id":"https:\/\/poudresdenarco.com\/produit\/cocaine-rose-2c-b\/#primaryimage","url":"https:\/\/poudresdenarco.com\/wp-content\/uploads\/2023\/12\/2C-B-Pink-Cocaine.jpg","contentUrl":"https:\/\/poudresdenarco.com\/wp-content\/uploads\/2023\/12\/2C-B-Pink-Cocaine.jpg","width":600,"height":600,"caption":"Acheter 2C-B-Pink-Cocaine en ligne"},{"@type":"BreadcrumbList","@id":"https:\/\/poudresdenarco.com\/produit\/cocaine-rose-2c-b\/#breadcrumb","itemListElement":[{"@type":"ListItem","position":1,"name":"Home","item":"https:\/\/poudresdenarco.com\/"},{"@type":"ListItem","position":2,"name":"Boutique","item":"https:\/\/poudresdenarco.com\/boutique\/"},{"@type":"ListItem","position":3,"name":"Coca\u00efne rose 2C-B"}]},{"@type":"WebSite","@id":"https:\/\/poudresdenarco.com\/#website","url":"https:\/\/poudresdenarco.com\/","name":"Poudresde Narco","description":"Acheter de la coca\u00efne et de l&#039;h\u00e9ro\u00efne en ligne","potentialAction":[{"@type":"SearchAction","target":{"@type":"EntryPoint","urlTemplate":"https:\/\/poudresdenarco.com\/?s={search_term_string}"},"query-input":{"@type":"PropertyValueSpecification","valueRequired":true,"valueName":"search_term_string"}}],"inLanguage":"nl-BE"}]}},"_links":{"self":[{"href":"https:\/\/poudresdenarco.com\/nl\/wp-json\/wp\/v2\/product\/241","targetHints":{"allow":["GET"]}}],"collection":[{"href":"https:\/\/poudresdenarco.com\/nl\/wp-json\/wp\/v2\/product"}],"about":[{"href":"https:\/\/poudresdenarco.com\/nl\/wp-json\/wp\/v2\/types\/product"}],"replies":[{"embeddable":true,"href":"https:\/\/poudresdenarco.com\/nl\/wp-json\/wp\/v2\/comments?post=241"}],"wp:featuredmedia":[{"embeddable":true,"href":"https:\/\/poudresdenarco.com\/nl\/wp-json\/wp\/v2\/media\/249"}],"wp:attachment":[{"href":"https:\/\/poudresdenarco.com\/nl\/wp-json\/wp\/v2\/media?parent=241"}],"wp:term":[{"taxonomy":"product_cat","embeddable":true,"href":"https:\/\/poudresdenarco.com\/nl\/wp-json\/wp\/v2\/product_cat?post=241"},{"taxonomy":"product_tag","embeddable":true,"href":"https:\/\/poudresdenarco.com\/nl\/wp-json\/wp\/v2\/product_tag?post=241"}],"curies":[{"name":"wp","href":"https:\/\/api.w.org\/{rel}","templated":true}]}}