{"id":37,"date":"2023-12-25T08:20:02","date_gmt":"2023-12-25T08:20:02","guid":{"rendered":"https:\/\/unkrautmarkt.com\/narco1\/?post_type=product&#038;p=37"},"modified":"2025-06-04T03:27:10","modified_gmt":"2025-06-04T03:27:10","slug":"crack-de-cocaine","status":"publish","type":"product","link":"https:\/\/poudresdenarco.com\/nl\/product-2\/crackcocaine\/","title":{"rendered":"Crack-coca\u00efne"},"content":{"rendered":"<h2><span style=\"vertical-align: inherit;\"><span style=\"vertical-align: inherit;\">Buy crack online<\/span><\/span><\/h2>\n<h3><span style=\"vertical-align: inherit;\"><span style=\"vertical-align: inherit;\">Buy crack online<\/span><\/span><\/h3>\n<p><a href=\"https:\/\/poudresdenarco.com\/nl\/product-2\/crackcocaine\/\"><span style=\"vertical-align: inherit;\"><span style=\"vertical-align: inherit;\">Buy crack online<\/span><\/span><\/a><span style=\"vertical-align: inherit;\"><span style=\"vertical-align: inherit;\"> . Although it comes in a different form, crack is basically the same material as powder cocaine. Making crack involves combining powdered cocaine with a base\u2014baking soda, for example\u2014by boiling the mixture in water and then removing the baking soda, which removes the hydrochloride. This makes it easier to smoke the active component of cocaine.<\/span><\/span><\/p>\n<p><span style=\"vertical-align: inherit;\"><span style=\"vertical-align: inherit;\">Furthermore, the two compounds are almost chemically identical; the only difference is that crack has removed the salt hydrochloride, which has no psychoactive properties. Thus, crack has a slightly higher concentration<\/span><\/span><\/p>\n<p><span style=\"vertical-align: inherit;\"><span style=\"vertical-align: inherit;\">The crackling sound of the substance when smoked in a cigarette or pipe gave rise to the term \u00ab\u00a0crack.\u00a0\u00bb Smoking the drug is a much more efficient way to enter the body and the person feels the effects much more strongly; however, the effects wear off quickly.<\/span><\/span><\/p>\n<h3><span style=\"vertical-align: inherit;\"><span style=\"vertical-align: inherit;\">Cheap Crack Cocaine For Sale: Get Legal, Affordable Crack Online.<\/span><\/span><\/h3>\n<p><span style=\"vertical-align: inherit;\"><span style=\"vertical-align: inherit;\">Crack is a highly addictive stimulant that gives you more energy and alertness. Because it is derived from the coca plant, which is native to South America, it may be called a stimulant. It is banned in Germany. It also goes by the names Coke, Snow, Rock, Blow, and Crack.<\/span><\/span><\/p>\n<p><span style=\"vertical-align: inherit;\"><span style=\"vertical-align: inherit;\">Large amounts of dopamine, the body&rsquo;s natural chemical messenger, are sent to the areas of the brain responsible for the pleasure caused by the substance. The extreme energy and alertness that results from this buildup is called \u00ab\u00a0euphoria.\u00a0\u00bb<\/span><\/span><\/p>\n<h3><span style=\"vertical-align: inherit;\"><span style=\"vertical-align: inherit;\">Buy crack online<\/span><\/span><\/h3>\n<p><span style=\"vertical-align: inherit;\"><span style=\"vertical-align: inherit;\">Buy cocaine online. And get discreet worldwide shipping. buy cocaine. Buy legal cocaine. Pure white powder available uncut and cut in stock. Packaging and shipping is very discreet. And bypass all tariffs. Buy cheap and legal crack online.<\/span><\/span><\/p>\n<h3><span style=\"vertical-align: inherit;\"><span style=\"vertical-align: inherit;\">Why should you buy crack from us safely?<\/span><\/span><\/h3>\n<p><span style=\"vertical-align: inherit;\"><span style=\"vertical-align: inherit;\">Nowadays also buy drugs online like cocaine and cocaine powder online. Snow, flakes, blow for sale, <\/span><\/span><a href=\"https:\/\/en.wikipedia.org\/wiki\/Crack_cocaine\"><span style=\"vertical-align: inherit;\"><span style=\"vertical-align: inherit;\">cracked<\/span><\/span><\/a><span style=\"vertical-align: inherit;\"><span style=\"vertical-align: inherit;\"> , pure coke for sale have become a frequent activity for us. But some may still find it difficult to sell cocaine. With our services, you can not only buy cocaine online but also order it online from us. Buy crack cheaply and legally.<\/span><\/span><\/p>","protected":false},"excerpt":{"rendered":"<p>Buy crack online Buy crack online Buy crack online . Although it comes in a different form, crack is basically the same material as powder cocaine. Making crack involves combining powdered cocaine with a base\u2014baking soda, for example\u2014by boiling the mixture in water and then removing the baking soda, which removes the hydrochloride. This makes&hellip;<\/p>","protected":false},"featured_media":275,"comment_status":"open","ping_status":"closed","template":"","meta":{"_joinchat":[]},"product_cat":[66],"product_tag":[392,394,393,391,389,400,399,396,395,398,401,390,404,403,397,402],"class_list":{"0":"post-37","1":"product","2":"type-product","3":"status-publish","4":"has-post-thumbnail","6":"product_cat-de-la-cocaine","7":"product_tag-acheter-du-crack-en-ligne","8":"product_tag-acheter-du-crack-en-ligne-aux-etats-unis","9":"product_tag-acheter-du-crack-en-ligne-pres-de-chez-moi","10":"product_tag-acheter-du-crack-legalement","11":"product_tag-avantages-du-crack","12":"product_tag-comment-commander-du-crack","13":"product_tag-comment-puis-je-obtenir-la-meilleure-crack","14":"product_tag-crack-a-vendre","15":"product_tag-crack-pas-cher","16":"product_tag-crack-vente-en-gros","17":"product_tag-du-crack-legitime-en-ligne","18":"product_tag-meilleur-endroit-pour-commander-du-crack","19":"product_tag-ou-acheter-du-crack","20":"product_tag-ou-puis-je-acheter-du-crack","21":"product_tag-prix-du-crack","22":"product_tag-quest-ce-que-le-crack","24":"first","25":"instock","26":"shipping-taxable","27":"purchasable","28":"product-type-variable","29":"col-xs-6 col-sm-4","30":"col-md-3 col-lg-3","31":"un-4-cols"},"yoast_head":"<!-- This site is optimized with the Yoast SEO plugin v23.8 - https:\/\/yoast.com\/wordpress\/plugins\/seo\/ -->\n<title>Acheter du crack en ligne - Vente de crack<\/title>\n<meta name=\"description\" content=\"Notre magasin propose \u00e0 la vente du crack de qualit\u00e9 sup\u00e9rieure. Vous ne pourrez jamais vous passer de la qualit\u00e9 de nos produits. Si vous en avez besoin, achetez du crack en ligne tout de suite. Commandez maintenant !\" \/>\n<meta name=\"robots\" content=\"index, follow, max-snippet:-1, max-image-preview:large, max-video-preview:-1\" \/>\n<link rel=\"canonical\" href=\"https:\/\/poudresdenarco.com\/nl\/product-2\/crackcocaine\/\" \/>\n<meta property=\"og:locale\" content=\"nl_BE\" \/>\n<meta property=\"og:type\" content=\"article\" \/>\n<meta property=\"og:title\" content=\"Acheter du crack en ligne - Vente de crack\" \/>\n<meta property=\"og:description\" content=\"Notre magasin propose \u00e0 la vente du crack de qualit\u00e9 sup\u00e9rieure. Vous ne pourrez jamais vous passer de la qualit\u00e9 de nos produits. Si vous en avez besoin, achetez du crack en ligne tout de suite. Commandez maintenant !\" \/>\n<meta property=\"og:url\" content=\"https:\/\/poudresdenarco.com\/nl\/product-2\/crackcocaine\/\" \/>\n<meta property=\"og:site_name\" content=\"Poudresde Narco\" \/>\n<meta property=\"article:modified_time\" content=\"2025-06-04T03:27:10+00:00\" \/>\n<meta property=\"og:image\" content=\"https:\/\/poudresdenarco.com\/wp-content\/uploads\/2023\/12\/Crack-Cocaine.jpg\" \/>\n\t<meta property=\"og:image:width\" content=\"600\" \/>\n\t<meta property=\"og:image:height\" content=\"600\" \/>\n\t<meta property=\"og:image:type\" content=\"image\/jpeg\" \/>\n<meta name=\"twitter:card\" content=\"summary_large_image\" \/>\n<meta name=\"twitter:label1\" content=\"Geschatte leestijd\" \/>\n\t<meta name=\"twitter:data1\" content=\"3 minuten\" \/>\n<script type=\"application\/ld+json\" class=\"yoast-schema-graph\">{\"@context\":\"https:\/\/schema.org\",\"@graph\":[{\"@type\":\"WebPage\",\"@id\":\"https:\/\/poudresdenarco.com\/produit\/crack-de-cocaine\/\",\"url\":\"https:\/\/poudresdenarco.com\/produit\/crack-de-cocaine\/\",\"name\":\"Acheter du crack en ligne - Vente de crack\",\"isPartOf\":{\"@id\":\"https:\/\/poudresdenarco.com\/#website\"},\"primaryImageOfPage\":{\"@id\":\"https:\/\/poudresdenarco.com\/produit\/crack-de-cocaine\/#primaryimage\"},\"image\":{\"@id\":\"https:\/\/poudresdenarco.com\/produit\/crack-de-cocaine\/#primaryimage\"},\"thumbnailUrl\":\"https:\/\/poudresdenarco.com\/wp-content\/uploads\/2023\/12\/Crack-Cocaine.jpg\",\"datePublished\":\"2023-12-25T08:20:02+00:00\",\"dateModified\":\"2025-06-04T03:27:10+00:00\",\"description\":\"Notre magasin propose \u00e0 la vente du crack de qualit\u00e9 sup\u00e9rieure. Vous ne pourrez jamais vous passer de la qualit\u00e9 de nos produits. Si vous en avez besoin, achetez du crack en ligne tout de suite. Commandez maintenant !\",\"breadcrumb\":{\"@id\":\"https:\/\/poudresdenarco.com\/produit\/crack-de-cocaine\/#breadcrumb\"},\"inLanguage\":\"nl-BE\",\"potentialAction\":[{\"@type\":\"ReadAction\",\"target\":[\"https:\/\/poudresdenarco.com\/produit\/crack-de-cocaine\/\"]}]},{\"@type\":\"ImageObject\",\"inLanguage\":\"nl-BE\",\"@id\":\"https:\/\/poudresdenarco.com\/produit\/crack-de-cocaine\/#primaryimage\",\"url\":\"https:\/\/poudresdenarco.com\/wp-content\/uploads\/2023\/12\/Crack-Cocaine.jpg\",\"contentUrl\":\"https:\/\/poudresdenarco.com\/wp-content\/uploads\/2023\/12\/Crack-Cocaine.jpg\",\"width\":600,\"height\":600,\"caption\":\"Acheter Crack-Cocaine en ligne\"},{\"@type\":\"BreadcrumbList\",\"@id\":\"https:\/\/poudresdenarco.com\/produit\/crack-de-cocaine\/#breadcrumb\",\"itemListElement\":[{\"@type\":\"ListItem\",\"position\":1,\"name\":\"Home\",\"item\":\"https:\/\/poudresdenarco.com\/\"},{\"@type\":\"ListItem\",\"position\":2,\"name\":\"Boutique\",\"item\":\"https:\/\/poudresdenarco.com\/boutique\/\"},{\"@type\":\"ListItem\",\"position\":3,\"name\":\"Crack de coca\u00efne\"}]},{\"@type\":\"WebSite\",\"@id\":\"https:\/\/poudresdenarco.com\/#website\",\"url\":\"https:\/\/poudresdenarco.com\/\",\"name\":\"Poudresde Narco\",\"description\":\"Acheter de la coca\u00efne et de l&#039;h\u00e9ro\u00efne en ligne\",\"potentialAction\":[{\"@type\":\"SearchAction\",\"target\":{\"@type\":\"EntryPoint\",\"urlTemplate\":\"https:\/\/poudresdenarco.com\/?s={search_term_string}\"},\"query-input\":{\"@type\":\"PropertyValueSpecification\",\"valueRequired\":true,\"valueName\":\"search_term_string\"}}],\"inLanguage\":\"nl-BE\"}]}<\/script>\n<!-- \/ Yoast SEO plugin. -->","yoast_head_json":{"title":"Acheter du crack en ligne - Vente de crack","description":"Notre magasin propose \u00e0 la vente du crack de qualit\u00e9 sup\u00e9rieure. Vous ne pourrez jamais vous passer de la qualit\u00e9 de nos produits. Si vous en avez besoin, achetez du crack en ligne tout de suite. Commandez maintenant !","robots":{"index":"index","follow":"follow","max-snippet":"max-snippet:-1","max-image-preview":"max-image-preview:large","max-video-preview":"max-video-preview:-1"},"canonical":"https:\/\/poudresdenarco.com\/nl\/product-2\/crackcocaine\/","og_locale":"nl_BE","og_type":"article","og_title":"Acheter du crack en ligne - Vente de crack","og_description":"Notre magasin propose \u00e0 la vente du crack de qualit\u00e9 sup\u00e9rieure. Vous ne pourrez jamais vous passer de la qualit\u00e9 de nos produits. Si vous en avez besoin, achetez du crack en ligne tout de suite. Commandez maintenant !","og_url":"https:\/\/poudresdenarco.com\/nl\/product-2\/crackcocaine\/","og_site_name":"Poudresde Narco","article_modified_time":"2025-06-04T03:27:10+00:00","og_image":[{"width":600,"height":600,"url":"https:\/\/poudresdenarco.com\/wp-content\/uploads\/2023\/12\/Crack-Cocaine.jpg","type":"image\/jpeg"}],"twitter_card":"summary_large_image","twitter_misc":{"Geschatte leestijd":"3 minuten"},"schema":{"@context":"https:\/\/schema.org","@graph":[{"@type":"WebPage","@id":"https:\/\/poudresdenarco.com\/produit\/crack-de-cocaine\/","url":"https:\/\/poudresdenarco.com\/produit\/crack-de-cocaine\/","name":"Acheter du crack en ligne - Vente de crack","isPartOf":{"@id":"https:\/\/poudresdenarco.com\/#website"},"primaryImageOfPage":{"@id":"https:\/\/poudresdenarco.com\/produit\/crack-de-cocaine\/#primaryimage"},"image":{"@id":"https:\/\/poudresdenarco.com\/produit\/crack-de-cocaine\/#primaryimage"},"thumbnailUrl":"https:\/\/poudresdenarco.com\/wp-content\/uploads\/2023\/12\/Crack-Cocaine.jpg","datePublished":"2023-12-25T08:20:02+00:00","dateModified":"2025-06-04T03:27:10+00:00","description":"Notre magasin propose \u00e0 la vente du crack de qualit\u00e9 sup\u00e9rieure. Vous ne pourrez jamais vous passer de la qualit\u00e9 de nos produits. Si vous en avez besoin, achetez du crack en ligne tout de suite. Commandez maintenant !","breadcrumb":{"@id":"https:\/\/poudresdenarco.com\/produit\/crack-de-cocaine\/#breadcrumb"},"inLanguage":"nl-BE","potentialAction":[{"@type":"ReadAction","target":["https:\/\/poudresdenarco.com\/produit\/crack-de-cocaine\/"]}]},{"@type":"ImageObject","inLanguage":"nl-BE","@id":"https:\/\/poudresdenarco.com\/produit\/crack-de-cocaine\/#primaryimage","url":"https:\/\/poudresdenarco.com\/wp-content\/uploads\/2023\/12\/Crack-Cocaine.jpg","contentUrl":"https:\/\/poudresdenarco.com\/wp-content\/uploads\/2023\/12\/Crack-Cocaine.jpg","width":600,"height":600,"caption":"Acheter Crack-Cocaine en ligne"},{"@type":"BreadcrumbList","@id":"https:\/\/poudresdenarco.com\/produit\/crack-de-cocaine\/#breadcrumb","itemListElement":[{"@type":"ListItem","position":1,"name":"Home","item":"https:\/\/poudresdenarco.com\/"},{"@type":"ListItem","position":2,"name":"Boutique","item":"https:\/\/poudresdenarco.com\/boutique\/"},{"@type":"ListItem","position":3,"name":"Crack de coca\u00efne"}]},{"@type":"WebSite","@id":"https:\/\/poudresdenarco.com\/#website","url":"https:\/\/poudresdenarco.com\/","name":"Poudresde Narco","description":"Acheter de la coca\u00efne et de l&#039;h\u00e9ro\u00efne en ligne","potentialAction":[{"@type":"SearchAction","target":{"@type":"EntryPoint","urlTemplate":"https:\/\/poudresdenarco.com\/?s={search_term_string}"},"query-input":{"@type":"PropertyValueSpecification","valueRequired":true,"valueName":"search_term_string"}}],"inLanguage":"nl-BE"}]}},"_links":{"self":[{"href":"https:\/\/poudresdenarco.com\/nl\/wp-json\/wp\/v2\/product\/37","targetHints":{"allow":["GET"]}}],"collection":[{"href":"https:\/\/poudresdenarco.com\/nl\/wp-json\/wp\/v2\/product"}],"about":[{"href":"https:\/\/poudresdenarco.com\/nl\/wp-json\/wp\/v2\/types\/product"}],"replies":[{"embeddable":true,"href":"https:\/\/poudresdenarco.com\/nl\/wp-json\/wp\/v2\/comments?post=37"}],"wp:featuredmedia":[{"embeddable":true,"href":"https:\/\/poudresdenarco.com\/nl\/wp-json\/wp\/v2\/media\/275"}],"wp:attachment":[{"href":"https:\/\/poudresdenarco.com\/nl\/wp-json\/wp\/v2\/media?parent=37"}],"wp:term":[{"taxonomy":"product_cat","embeddable":true,"href":"https:\/\/poudresdenarco.com\/nl\/wp-json\/wp\/v2\/product_cat?post=37"},{"taxonomy":"product_tag","embeddable":true,"href":"https:\/\/poudresdenarco.com\/nl\/wp-json\/wp\/v2\/product_tag?post=37"}],"curies":[{"name":"wp","href":"https:\/\/api.w.org\/{rel}","templated":true}]}}