{"id":4390,"date":"2024-01-02T08:53:53","date_gmt":"2024-01-02T08:53:53","guid":{"rendered":"https:\/\/unkrautmarkt.com\/narco1\/?post_type=product&#038;p=4390"},"modified":"2025-06-10T05:34:43","modified_gmt":"2025-06-10T05:34:43","slug":"biscuits-et-creme","status":"publish","type":"product","link":"https:\/\/poudresdenarco.com\/nl\/product-2\/koekjes-en-room\/","title":{"rendered":"koekjes en room"},"content":{"rendered":"<h2><strong>KOEKJES EN ROOM ONLINE KOPEN - ZACHT, HEERLIJK EN KRACHTIG<\/strong><\/h2>\n<p>Cookies and Cream is een veelzijdige cannabishybride met een gastronomische mix van smaken en geuren en uitgebalanceerde effecten die fans van zoete, toegeeflijke soorten zullen aanspreken. Deze pagina bespreekt de genetica, smaak en groeikenmerken van Cookies &amp; Cream, naast de effecten, voordelen, doseringssuggesties en gerapporteerde bijwerkingen.<\/p>\n<h3><strong>GENETISCHE ROOM EN KOEKJESBASIS<\/strong><\/h3>\n<p>Exotic Genetix, een gerenommeerde cannabiskweker uit de staat Washington, is verantwoordelijk voor de creatie van de Cookies and Cream hybride soort. Girl Scout Cookies en Starfighter werden gekruist om een sterke, smakelijke soort te cre\u00ebren die de harten van vele cannabisfans heeft veroverd.<\/p>\n<p>Girl Scout koekjes staan vooral bekend om hun aardse maar zoete bakkerij-achtige smaak. Ze hebben talloze prijzen gewonnen, waaronder de High Times Cannabis Cup. De pure indica soort Starfighter heeft een fruitige smaak en een ontspannende fysieke impact.<\/p>\n<p>Met een rijk aroma en uitgebalanceerde effecten is Cookies &amp; Cream een populaire soort onder een groot aantal cannabisliefhebbers. Ze heeft de beste kwaliteiten van beide ouderrassen ge\u00ebrfd.<\/p>\n<h3><strong>GEUR, SMAAK EN IMPACT VAN ROOM EN KOEKJES<\/strong><\/h3>\n<p>Cookies and Cream heeft, zoals de naam al doet vermoeden, een zoete, romige smaak met aardse nuances en vleugjes hazelnoot die goed samengaan met vanille. Dit is te danken aan een terpeenprofiel dat voornamelijk bestaat uit myrceen, caryofylleen en limoneen. De soort ruikt naar citroen vanwege het limoneen, heeft een kruidige, peperige noot van het caryofylleen en is vooral kalmerend dankzij het myrceen.<\/p>\n<p>Cookies and Cream is een redelijk krachtige soort met een THC-concentratie van 20 % tot 25 %. Het effect heeft meerdere voordelen, waaronder kalmerende en opbeurende effecten. Een groeiende intellectuele invloed die de stemming verhoogt en creativiteit bevordert domineert de eerste paar trekjes, maar naarmate je verder gaat met het gebruik neemt een lichamelijk kalmerende sensatie het over. Deze soort werkt goed in kleine doses als een opkikkertje voor overdag, maar in hogere doses produceert ze een vreugdevolle high die haar tot het ideale slaapmutsje maakt.<\/p>\n<h3><strong>VOORDELEN VAN HET ETEN VAN ROOM EN KOEKJES<\/strong><\/h3>\n<p>Er wordt gedacht dat koekjes en room een aantal specifieke voordelen bieden, zoals het verminderen van pijn en stress, het stimuleren van de honger en het verbeteren van de slaap. De pijnstillende eigenschappen van de soort kunnen helpen bij chronische pijn, terwijl de kalmerende effecten spanning en angst kunnen verminderen. Cookies &amp; Cream heeft ook het vermogen om de eetlust te verhogen, dus het is een goede optie voor mensen die hun eetlust hebben verloren door ziekte.<\/p>\n<h3><strong>BIJWERKINGEN EN DOSERINGSRICHTLIJNEN VOOR BISCUITS EN CR\u00c8ME.<\/strong><\/h3>\n<p>Omdat Cookies and Cream een sterke soort is, moet je er voorzichtig mee omgaan. Beginners moeten beginnen met 1 of 2 trekjes en wachten tot de effecten merkbaar worden voordat ze meer nemen. Als je overdrijft, kun je last krijgen van bijwerkingen zoals een droge mond en duizeligheid.<\/p>\n<h3><strong>CANNABISROOM EN CULTUURKOEKJES<\/strong><\/h3>\n<p>Cookies &amp; Cream is een vrij eenvoudige vari\u00ebteit om te kweken en kan zowel binnen als buiten worden gekweekt. Het is echter essentieel om haar voldoende licht, water en voedingsstoffen te geven.<\/p>\n<h3><strong>TEMPERATUUR EN WETENSCHAP<\/strong><\/h3>\n<p>Een warm, droog klimaat is ideaal voor Cookies &amp; Cream om te gedijen. Een binnentemperatuur van 20 tot 27\u00b0C overdag en 16 tot 21\u00b0C 's nachts wordt aanbevolen. Een relatieve luchtvochtigheid van 40 tot 50 % is ideaal. Als je buiten kweekt, is een droge, zonnige plek ideaal voor Cookies &amp; Cream.<\/p>\n<h3><strong>ROOM EN KOEKJES: JE DROOM WORDT WERKELIJKHEID<\/strong> <strong>MAGISCH<\/strong> <strong>WERKELIJKHEID WORDT<\/strong><\/h3>\n<p>Cookies and Cream is een heerlijke vari\u00ebteit die zowel liefhebbers van zoete drugs als diegenen die op zoek zijn naar een kalmerend en opbeurend effect zal plezieren. Het is aan te raden om deze soort \u00e9\u00e9n dosis per keer te nemen, zowel voor recreatieve doeleinden als voor de behandeling van specifieke problemen.<\/p>\n<p>Met voldoende licht, voedingsstoffen en water is Cookies &amp; Cream een robuuste, snelgroeiende hybride die zowel binnen- als buitenkwekers zal aanspreken.<\/p>","protected":false},"excerpt":{"rendered":"<p>ACHETER DES BISCUITS ET DE LA CR\u00c8ME EN LIGNE &#8211; DOUX, D\u00c9LICIEUX ET PUISSANTS Cookies and Cream est un hybride de cannabis polyvalent avec un m\u00e9lange gourmand de saveurs et de parfums ainsi que des effets bien \u00e9quilibr\u00e9s qui s\u00e9duiront les amateurs de vari\u00e9t\u00e9s douces et indulgentes. Cette page discutera de la g\u00e9n\u00e9tique, de la&hellip;<\/p>","protected":false},"featured_media":4507,"comment_status":"open","ping_status":"closed","template":"","meta":{"_joinchat":[]},"product_cat":[473],"product_tag":[],"class_list":{"0":"post-4390","1":"product","2":"type-product","3":"status-publish","4":"has-post-thumbnail","6":"product_cat-herbe","8":"first","9":"instock","10":"shipping-taxable","11":"purchasable","12":"product-type-variable","13":"col-xs-6 col-sm-4","14":"col-md-3 col-lg-3","15":"un-4-cols"},"yoast_head":"<!-- This site is optimized with the Yoast SEO plugin v23.8 - https:\/\/yoast.com\/wordpress\/plugins\/seo\/ -->\n<title>Achetez des biscuits et de la cr\u00e8me en ligne - Biscuits et cr\u00e8me \u00e0 vendre<\/title>\n<meta name=\"description\" content=\"Si vous \u00eates passionn\u00e9 par les biscuits et la cr\u00e8me, notre magasin est le meilleur endroit pour acheter des biscuits et de la cr\u00e8me en ligne. Vous pouvez avoir des biscuits et de la cr\u00e8me en vente au prix le plus bas. Commandez maintenant et recevez-le sous peu !\" \/>\n<meta name=\"robots\" content=\"index, follow, max-snippet:-1, max-image-preview:large, max-video-preview:-1\" \/>\n<link rel=\"canonical\" href=\"https:\/\/poudresdenarco.com\/nl\/product-2\/koekjes-en-room\/\" \/>\n<meta property=\"og:locale\" content=\"nl_BE\" \/>\n<meta property=\"og:type\" content=\"article\" \/>\n<meta property=\"og:title\" content=\"Achetez des biscuits et de la cr\u00e8me en ligne - Biscuits et cr\u00e8me \u00e0 vendre\" \/>\n<meta property=\"og:description\" content=\"Si vous \u00eates passionn\u00e9 par les biscuits et la cr\u00e8me, notre magasin est le meilleur endroit pour acheter des biscuits et de la cr\u00e8me en ligne. Vous pouvez avoir des biscuits et de la cr\u00e8me en vente au prix le plus bas. Commandez maintenant et recevez-le sous peu !\" \/>\n<meta property=\"og:url\" content=\"https:\/\/poudresdenarco.com\/nl\/product-2\/koekjes-en-room\/\" \/>\n<meta property=\"og:site_name\" content=\"Poudresde Narco\" \/>\n<meta property=\"article:modified_time\" content=\"2025-06-10T05:34:43+00:00\" \/>\n<meta property=\"og:image\" content=\"https:\/\/poudresdenarco.com\/wp-content\/uploads\/2024\/01\/COOKIES-CREAM.jpg\" \/>\n\t<meta property=\"og:image:width\" content=\"600\" \/>\n\t<meta property=\"og:image:height\" content=\"600\" \/>\n\t<meta property=\"og:image:type\" content=\"image\/jpeg\" \/>\n<meta name=\"twitter:card\" content=\"summary_large_image\" \/>\n<meta name=\"twitter:label1\" content=\"Geschatte leestijd\" \/>\n\t<meta name=\"twitter:data1\" content=\"4 minuten\" \/>\n<script type=\"application\/ld+json\" class=\"yoast-schema-graph\">{\"@context\":\"https:\/\/schema.org\",\"@graph\":[{\"@type\":\"WebPage\",\"@id\":\"https:\/\/poudresdenarco.com\/produit\/biscuits-et-creme\/\",\"url\":\"https:\/\/poudresdenarco.com\/produit\/biscuits-et-creme\/\",\"name\":\"Achetez des biscuits et de la cr\u00e8me en ligne - Biscuits et cr\u00e8me \u00e0 vendre\",\"isPartOf\":{\"@id\":\"https:\/\/poudresdenarco.com\/#website\"},\"primaryImageOfPage\":{\"@id\":\"https:\/\/poudresdenarco.com\/produit\/biscuits-et-creme\/#primaryimage\"},\"image\":{\"@id\":\"https:\/\/poudresdenarco.com\/produit\/biscuits-et-creme\/#primaryimage\"},\"thumbnailUrl\":\"https:\/\/poudresdenarco.com\/wp-content\/uploads\/2024\/01\/COOKIES-CREAM.jpg\",\"datePublished\":\"2024-01-02T08:53:53+00:00\",\"dateModified\":\"2025-06-10T05:34:43+00:00\",\"description\":\"Si vous \u00eates passionn\u00e9 par les biscuits et la cr\u00e8me, notre magasin est le meilleur endroit pour acheter des biscuits et de la cr\u00e8me en ligne. Vous pouvez avoir des biscuits et de la cr\u00e8me en vente au prix le plus bas. Commandez maintenant et recevez-le sous peu !\",\"breadcrumb\":{\"@id\":\"https:\/\/poudresdenarco.com\/produit\/biscuits-et-creme\/#breadcrumb\"},\"inLanguage\":\"nl-BE\",\"potentialAction\":[{\"@type\":\"ReadAction\",\"target\":[\"https:\/\/poudresdenarco.com\/produit\/biscuits-et-creme\/\"]}]},{\"@type\":\"ImageObject\",\"inLanguage\":\"nl-BE\",\"@id\":\"https:\/\/poudresdenarco.com\/produit\/biscuits-et-creme\/#primaryimage\",\"url\":\"https:\/\/poudresdenarco.com\/wp-content\/uploads\/2024\/01\/COOKIES-CREAM.jpg\",\"contentUrl\":\"https:\/\/poudresdenarco.com\/wp-content\/uploads\/2024\/01\/COOKIES-CREAM.jpg\",\"width\":600,\"height\":600,\"caption\":\"Achetez des COOKIES-CREAM en ligne\"},{\"@type\":\"BreadcrumbList\",\"@id\":\"https:\/\/poudresdenarco.com\/produit\/biscuits-et-creme\/#breadcrumb\",\"itemListElement\":[{\"@type\":\"ListItem\",\"position\":1,\"name\":\"Home\",\"item\":\"https:\/\/poudresdenarco.com\/\"},{\"@type\":\"ListItem\",\"position\":2,\"name\":\"Boutique\",\"item\":\"https:\/\/poudresdenarco.com\/boutique\/\"},{\"@type\":\"ListItem\",\"position\":3,\"name\":\"biscuits et cr\u00e8me\"}]},{\"@type\":\"WebSite\",\"@id\":\"https:\/\/poudresdenarco.com\/#website\",\"url\":\"https:\/\/poudresdenarco.com\/\",\"name\":\"Poudresde Narco\",\"description\":\"Acheter de la coca\u00efne et de l&#039;h\u00e9ro\u00efne en ligne\",\"potentialAction\":[{\"@type\":\"SearchAction\",\"target\":{\"@type\":\"EntryPoint\",\"urlTemplate\":\"https:\/\/poudresdenarco.com\/?s={search_term_string}\"},\"query-input\":{\"@type\":\"PropertyValueSpecification\",\"valueRequired\":true,\"valueName\":\"search_term_string\"}}],\"inLanguage\":\"nl-BE\"}]}<\/script>\n<!-- \/ Yoast SEO plugin. -->","yoast_head_json":{"title":"Achetez des biscuits et de la cr\u00e8me en ligne - Biscuits et cr\u00e8me \u00e0 vendre","description":"Si vous \u00eates passionn\u00e9 par les biscuits et la cr\u00e8me, notre magasin est le meilleur endroit pour acheter des biscuits et de la cr\u00e8me en ligne. Vous pouvez avoir des biscuits et de la cr\u00e8me en vente au prix le plus bas. Commandez maintenant et recevez-le sous peu !","robots":{"index":"index","follow":"follow","max-snippet":"max-snippet:-1","max-image-preview":"max-image-preview:large","max-video-preview":"max-video-preview:-1"},"canonical":"https:\/\/poudresdenarco.com\/nl\/product-2\/koekjes-en-room\/","og_locale":"nl_BE","og_type":"article","og_title":"Achetez des biscuits et de la cr\u00e8me en ligne - Biscuits et cr\u00e8me \u00e0 vendre","og_description":"Si vous \u00eates passionn\u00e9 par les biscuits et la cr\u00e8me, notre magasin est le meilleur endroit pour acheter des biscuits et de la cr\u00e8me en ligne. Vous pouvez avoir des biscuits et de la cr\u00e8me en vente au prix le plus bas. Commandez maintenant et recevez-le sous peu !","og_url":"https:\/\/poudresdenarco.com\/nl\/product-2\/koekjes-en-room\/","og_site_name":"Poudresde Narco","article_modified_time":"2025-06-10T05:34:43+00:00","og_image":[{"width":600,"height":600,"url":"https:\/\/poudresdenarco.com\/wp-content\/uploads\/2024\/01\/COOKIES-CREAM.jpg","type":"image\/jpeg"}],"twitter_card":"summary_large_image","twitter_misc":{"Geschatte leestijd":"4 minuten"},"schema":{"@context":"https:\/\/schema.org","@graph":[{"@type":"WebPage","@id":"https:\/\/poudresdenarco.com\/produit\/biscuits-et-creme\/","url":"https:\/\/poudresdenarco.com\/produit\/biscuits-et-creme\/","name":"Achetez des biscuits et de la cr\u00e8me en ligne - Biscuits et cr\u00e8me \u00e0 vendre","isPartOf":{"@id":"https:\/\/poudresdenarco.com\/#website"},"primaryImageOfPage":{"@id":"https:\/\/poudresdenarco.com\/produit\/biscuits-et-creme\/#primaryimage"},"image":{"@id":"https:\/\/poudresdenarco.com\/produit\/biscuits-et-creme\/#primaryimage"},"thumbnailUrl":"https:\/\/poudresdenarco.com\/wp-content\/uploads\/2024\/01\/COOKIES-CREAM.jpg","datePublished":"2024-01-02T08:53:53+00:00","dateModified":"2025-06-10T05:34:43+00:00","description":"Si vous \u00eates passionn\u00e9 par les biscuits et la cr\u00e8me, notre magasin est le meilleur endroit pour acheter des biscuits et de la cr\u00e8me en ligne. Vous pouvez avoir des biscuits et de la cr\u00e8me en vente au prix le plus bas. Commandez maintenant et recevez-le sous peu !","breadcrumb":{"@id":"https:\/\/poudresdenarco.com\/produit\/biscuits-et-creme\/#breadcrumb"},"inLanguage":"nl-BE","potentialAction":[{"@type":"ReadAction","target":["https:\/\/poudresdenarco.com\/produit\/biscuits-et-creme\/"]}]},{"@type":"ImageObject","inLanguage":"nl-BE","@id":"https:\/\/poudresdenarco.com\/produit\/biscuits-et-creme\/#primaryimage","url":"https:\/\/poudresdenarco.com\/wp-content\/uploads\/2024\/01\/COOKIES-CREAM.jpg","contentUrl":"https:\/\/poudresdenarco.com\/wp-content\/uploads\/2024\/01\/COOKIES-CREAM.jpg","width":600,"height":600,"caption":"Achetez des COOKIES-CREAM en ligne"},{"@type":"BreadcrumbList","@id":"https:\/\/poudresdenarco.com\/produit\/biscuits-et-creme\/#breadcrumb","itemListElement":[{"@type":"ListItem","position":1,"name":"Home","item":"https:\/\/poudresdenarco.com\/"},{"@type":"ListItem","position":2,"name":"Boutique","item":"https:\/\/poudresdenarco.com\/boutique\/"},{"@type":"ListItem","position":3,"name":"biscuits et cr\u00e8me"}]},{"@type":"WebSite","@id":"https:\/\/poudresdenarco.com\/#website","url":"https:\/\/poudresdenarco.com\/","name":"Poudresde Narco","description":"Acheter de la coca\u00efne et de l&#039;h\u00e9ro\u00efne en ligne","potentialAction":[{"@type":"SearchAction","target":{"@type":"EntryPoint","urlTemplate":"https:\/\/poudresdenarco.com\/?s={search_term_string}"},"query-input":{"@type":"PropertyValueSpecification","valueRequired":true,"valueName":"search_term_string"}}],"inLanguage":"nl-BE"}]}},"_links":{"self":[{"href":"https:\/\/poudresdenarco.com\/nl\/wp-json\/wp\/v2\/product\/4390","targetHints":{"allow":["GET"]}}],"collection":[{"href":"https:\/\/poudresdenarco.com\/nl\/wp-json\/wp\/v2\/product"}],"about":[{"href":"https:\/\/poudresdenarco.com\/nl\/wp-json\/wp\/v2\/types\/product"}],"replies":[{"embeddable":true,"href":"https:\/\/poudresdenarco.com\/nl\/wp-json\/wp\/v2\/comments?post=4390"}],"wp:featuredmedia":[{"embeddable":true,"href":"https:\/\/poudresdenarco.com\/nl\/wp-json\/wp\/v2\/media\/4507"}],"wp:attachment":[{"href":"https:\/\/poudresdenarco.com\/nl\/wp-json\/wp\/v2\/media?parent=4390"}],"wp:term":[{"taxonomy":"product_cat","embeddable":true,"href":"https:\/\/poudresdenarco.com\/nl\/wp-json\/wp\/v2\/product_cat?post=4390"},{"taxonomy":"product_tag","embeddable":true,"href":"https:\/\/poudresdenarco.com\/nl\/wp-json\/wp\/v2\/product_tag?post=4390"}],"curies":[{"name":"wp","href":"https:\/\/api.w.org\/{rel}","templated":true}]}}