{"id":4393,"date":"2024-01-02T09:06:59","date_gmt":"2024-01-02T09:06:59","guid":{"rendered":"https:\/\/unkrautmarkt.com\/narco1\/?post_type=product&#038;p=4393"},"modified":"2025-06-09T00:58:03","modified_gmt":"2025-06-09T00:58:03","slug":"jack-herer","status":"publish","type":"product","link":"https:\/\/poudresdenarco.com\/nl\/product-2\/jack-herer\/","title":{"rendered":"Jack Herer"},"content":{"rendered":"<h2><strong><span style=\"vertical-align: inherit;\"><span style=\"vertical-align: inherit;\">Koop Jack Herer online<\/span><\/span><\/strong><\/h2>\n<p><span style=\"vertical-align: inherit;\"><span style=\"vertical-align: inherit;\">Wat is de cannabissoort die bekend staat als Jack Herer? Als je een doorgewinterde cannabisliefhebber bent, heb je waarschijnlijk wel eens van deze bekende soort gehoord. Maar weet je ook wat de oorsprong is en wat hem onderscheidt van andere soorten?<\/span><\/span><\/p>\n<p><span style=\"vertical-align: inherit;\"><span style=\"vertical-align: inherit;\">Deze blogpost zal de achtergrond en unieke kenmerken van Jack Herer uitleggen, zoals de populariteit in Nederland, de oudersoorten, Shiva Skunk en Critical Jack, de impact die het heeft op zowel medicinale als recreatieve gebruikers, de details van het smaakprofiel, de samenstelling van de terpenen en de hoeveelheid THC die het bevat. We zullen uitleggen hoe het een vaste waarde werd in Nederlandse coffeeshops en hoe Shiva Skunk en Critical Jack de voorouders zijn.<\/span><\/span><\/p>\n<p><span style=\"vertical-align: inherit;\"><span style=\"vertical-align: inherit;\">Daarnaast zullen we het smaakprofiel, de terpeensamenstelling, het THC-niveau en de effecten van de Jack Herer-soort op consumenten die deze gebruiken voor medicinale en recreatieve doeleinden onderzoeken. mogelijke voordelen voor een reeks medische aandoeningen. U zult beter begrijpen waarom deze soort zo hoog aangeschreven staat op de cannabismarkt als u de kenmerken van deze geweldige soort kent.<\/span><\/span><\/p>\n<p><span style=\"vertical-align: inherit;\"><span style=\"vertical-align: inherit;\">Leun achterover en bereid u voor om alles te ontdekken wat er te weten valt over de Jack Herer-cannabissoort, van de fascinerende geschiedenis tot de vele moderne toepassingen.<\/span><\/span><\/p>\n<h3><strong><span style=\"vertical-align: inherit;\"><span style=\"vertical-align: inherit;\">De reis van Jack Hierr<\/span><\/span><\/strong><\/h3>\n<p><span style=\"vertical-align: inherit;\"><span style=\"vertical-align: inherit;\">De cannabissoort die bekendstaat als Jack Herer, vernoemd naar de beroemde auteur en activist, heeft een lange geschiedenis die teruggaat tot de jaren 90. Deze sativa-dominante hybride werd ontwikkeld door Sensi Seeds als eerbetoon aan Jacks onvermoeibare inspanningen om marihuana te legaliseren.<\/span><\/span><\/p>\n<p><span style=\"vertical-align: inherit;\"><span style=\"vertical-align: inherit;\">Jack Herer combineert Shiva Skunk, Northern Lights #5 en Haze om consumenten fysieke en mentale rust te bieden. Landrace-soorten van over de hele wereld, zoals Thai, Colombian Gold, Mexican Sativa, Afghani Indica, South Indian Indica en anderen, zijn terug te vinden in zijn voorouders.<\/span><\/span><\/p>\n<p><span style=\"vertical-align: inherit;\"><span style=\"vertical-align: inherit;\">Er zijn in de loop van de tijd veel verschillende fenotypes van Jack Herer met verschillende eigenschappen ontstaan. Maar omdat het altijd zo goed is geweest, blijft de originele versie van Sensi Seeds een van de meest gewilde versies.<\/span><\/span><\/p>\n<p><span style=\"vertical-align: inherit;\"><span style=\"vertical-align: inherit;\">De reputatie van Jack Herer als een van de beste cannabissoorten werd verstevigd toen het tijdschrift High Times het in de loop der jaren herhaaldelijk opnam in de lijst \u00ab Top Tien Soorten \u00bb.<\/span><\/span><\/p>\n<p><span style=\"vertical-align: inherit;\"><span style=\"vertical-align: inherit;\">LINEAGE Haze: Een populaire sativasoort met energieke effecten, afkomstig uit Zuid-India, Thailand, Colombia en Mexico.<\/span><\/span><\/p>\n<p><span style=\"vertical-align: inherit;\"><span style=\"vertical-align: inherit;\">Northern Lights #5: Een krachtige indicasoort, ontwikkeld in Afghanistan, die bekendstaat om zijn kalmerende effecten.<\/span><\/span><\/p>\n<p><span style=\"vertical-align: inherit;\"><span style=\"vertical-align: inherit;\">Shiva Skunk: Northern Lights #5 gekruist met de originele Skunk #1 produceerde een indica-dominante hybride. Het biedt zowel fysieke ontspanning als mentale stimulatie.<\/span><\/span><\/p>\n<p><span style=\"vertical-align: inherit;\"><span style=\"vertical-align: inherit;\">Zelfs vandaag de dag kiezen cannabisliefhebbers die op zoek zijn naar een energiek effect dat hen niet te veel op de bank laat hangen of slaperig maakt, nog steeds voor Jack Herer. Vanwege de allround eigenschappen is het wereldwijd populair en kan het zowel voor medicinale als recreatieve doeleinden worden gebruikt.<\/span><\/span><\/p>\n<h3><strong><span style=\"vertical-align: inherit;\"><span style=\"vertical-align: inherit;\">ERVAAR DE EFFECTEN VAN JACK HERER<\/span><\/span><\/strong><\/h3>\n<p><span style=\"vertical-align: inherit;\"><span style=\"vertical-align: inherit;\">Jack Herer is een sativa-dominante hybride die een energieke en opbeurende ervaring biedt. Deze soort is perfect voor mensen die op zoek zijn naar een helder en gefocust effect terwijl ze genieten van ontspanning en stressverlichting. Het is geen wonder dat het een favoriet is onder gebruikers die op zoek zijn naar productiviteits- of creativiteitsverbeteringen.<\/span><\/span><\/p>\n<p><span style=\"vertical-align: inherit;\"><span style=\"vertical-align: inherit;\">De cerebrale effecten van Jack Herer treden snel op en zorgen ervoor dat gebruikers meer mentale helderheid en focus krijgen. De energieke effecten van deze soort maken het ideaal om de hele dag alert en oplettend te blijven. Naast deze cognitieve voordelen melden gebruikers ook dat ze zich opgetild en euforisch voelen na het consumeren van deze soort.<\/span><\/span><\/p>","protected":false},"excerpt":{"rendered":"<p>Buy Jack Herer Online What is the cannabis strain known as Jack Herer? If you are a seasoned cannabis enthusiast, you have probably heard of this well-known strain. However, do you know its origin and what sets it apart from other strains? This blog post will explain the background and unique characteristics of Jack Herer,&hellip;<\/p>","protected":false},"featured_media":4513,"comment_status":"open","ping_status":"closed","template":"","meta":{"_joinchat":[]},"product_cat":[473],"product_tag":[],"class_list":{"0":"post-4393","1":"product","2":"type-product","3":"status-publish","4":"has-post-thumbnail","6":"product_cat-herbe","8":"first","9":"instock","10":"shipping-taxable","11":"purchasable","12":"product-type-variable","13":"col-xs-6 col-sm-4","14":"col-md-3 col-lg-3","15":"un-4-cols"},"yoast_head":"<!-- This site is optimized with the Yoast SEO plugin v23.8 - https:\/\/yoast.com\/wordpress\/plugins\/seo\/ -->\n<title>Acheter Jack Herer en ligne - Jack Herer \u00e0 vendre - Commander Jack Herer en ligne<\/title>\n<meta name=\"description\" content=\"Si vous souhaitez acheter du Jack Herer, nous sommes le bon choix pour vous. Notre personnel vous aidera \u00e0 acheter du Jack Herer en ligne \u00e0 des prix avantageux. Passez votre commande chez nous !\" \/>\n<meta name=\"robots\" content=\"index, follow, max-snippet:-1, max-image-preview:large, max-video-preview:-1\" \/>\n<link rel=\"canonical\" href=\"https:\/\/poudresdenarco.com\/nl\/product-2\/jack-herer\/\" \/>\n<meta property=\"og:locale\" content=\"nl_BE\" \/>\n<meta property=\"og:type\" content=\"article\" \/>\n<meta property=\"og:title\" content=\"Acheter Jack Herer en ligne - Jack Herer \u00e0 vendre - Commander Jack Herer en ligne\" \/>\n<meta property=\"og:description\" content=\"Si vous souhaitez acheter du Jack Herer, nous sommes le bon choix pour vous. Notre personnel vous aidera \u00e0 acheter du Jack Herer en ligne \u00e0 des prix avantageux. Passez votre commande chez nous !\" \/>\n<meta property=\"og:url\" content=\"https:\/\/poudresdenarco.com\/nl\/product-2\/jack-herer\/\" \/>\n<meta property=\"og:site_name\" content=\"Poudresde Narco\" \/>\n<meta property=\"article:modified_time\" content=\"2025-06-09T00:58:03+00:00\" \/>\n<meta property=\"og:image\" content=\"https:\/\/poudresdenarco.com\/wp-content\/uploads\/2024\/01\/JACK-HERER.jpg\" \/>\n\t<meta property=\"og:image:width\" content=\"600\" \/>\n\t<meta property=\"og:image:height\" content=\"600\" \/>\n\t<meta property=\"og:image:type\" content=\"image\/jpeg\" \/>\n<meta name=\"twitter:card\" content=\"summary_large_image\" \/>\n<meta name=\"twitter:label1\" content=\"Geschatte leestijd\" \/>\n\t<meta name=\"twitter:data1\" content=\"3 minuten\" \/>\n<script type=\"application\/ld+json\" class=\"yoast-schema-graph\">{\"@context\":\"https:\/\/schema.org\",\"@graph\":[{\"@type\":\"WebPage\",\"@id\":\"https:\/\/poudresdenarco.com\/produit\/jack-herer\/\",\"url\":\"https:\/\/poudresdenarco.com\/produit\/jack-herer\/\",\"name\":\"Acheter Jack Herer en ligne - Jack Herer \u00e0 vendre - Commander Jack Herer en ligne\",\"isPartOf\":{\"@id\":\"https:\/\/poudresdenarco.com\/#website\"},\"primaryImageOfPage\":{\"@id\":\"https:\/\/poudresdenarco.com\/produit\/jack-herer\/#primaryimage\"},\"image\":{\"@id\":\"https:\/\/poudresdenarco.com\/produit\/jack-herer\/#primaryimage\"},\"thumbnailUrl\":\"https:\/\/poudresdenarco.com\/wp-content\/uploads\/2024\/01\/JACK-HERER.jpg\",\"datePublished\":\"2024-01-02T09:06:59+00:00\",\"dateModified\":\"2025-06-09T00:58:03+00:00\",\"description\":\"Si vous souhaitez acheter du Jack Herer, nous sommes le bon choix pour vous. Notre personnel vous aidera \u00e0 acheter du Jack Herer en ligne \u00e0 des prix avantageux. Passez votre commande chez nous !\",\"breadcrumb\":{\"@id\":\"https:\/\/poudresdenarco.com\/produit\/jack-herer\/#breadcrumb\"},\"inLanguage\":\"nl-BE\",\"potentialAction\":[{\"@type\":\"ReadAction\",\"target\":[\"https:\/\/poudresdenarco.com\/produit\/jack-herer\/\"]}]},{\"@type\":\"ImageObject\",\"inLanguage\":\"nl-BE\",\"@id\":\"https:\/\/poudresdenarco.com\/produit\/jack-herer\/#primaryimage\",\"url\":\"https:\/\/poudresdenarco.com\/wp-content\/uploads\/2024\/01\/JACK-HERER.jpg\",\"contentUrl\":\"https:\/\/poudresdenarco.com\/wp-content\/uploads\/2024\/01\/JACK-HERER.jpg\",\"width\":600,\"height\":600,\"caption\":\"Achetez JACK-HERER en ligne\"},{\"@type\":\"BreadcrumbList\",\"@id\":\"https:\/\/poudresdenarco.com\/produit\/jack-herer\/#breadcrumb\",\"itemListElement\":[{\"@type\":\"ListItem\",\"position\":1,\"name\":\"Home\",\"item\":\"https:\/\/poudresdenarco.com\/\"},{\"@type\":\"ListItem\",\"position\":2,\"name\":\"Boutique\",\"item\":\"https:\/\/poudresdenarco.com\/boutique\/\"},{\"@type\":\"ListItem\",\"position\":3,\"name\":\"Jack Herer\"}]},{\"@type\":\"WebSite\",\"@id\":\"https:\/\/poudresdenarco.com\/#website\",\"url\":\"https:\/\/poudresdenarco.com\/\",\"name\":\"Poudresde Narco\",\"description\":\"Acheter de la coca\u00efne et de l&#039;h\u00e9ro\u00efne en ligne\",\"potentialAction\":[{\"@type\":\"SearchAction\",\"target\":{\"@type\":\"EntryPoint\",\"urlTemplate\":\"https:\/\/poudresdenarco.com\/?s={search_term_string}\"},\"query-input\":{\"@type\":\"PropertyValueSpecification\",\"valueRequired\":true,\"valueName\":\"search_term_string\"}}],\"inLanguage\":\"nl-BE\"}]}<\/script>\n<!-- \/ Yoast SEO plugin. -->","yoast_head_json":{"title":"Acheter Jack Herer en ligne - Jack Herer \u00e0 vendre - Commander Jack Herer en ligne","description":"Si vous souhaitez acheter du Jack Herer, nous sommes le bon choix pour vous. Notre personnel vous aidera \u00e0 acheter du Jack Herer en ligne \u00e0 des prix avantageux. Passez votre commande chez nous !","robots":{"index":"index","follow":"follow","max-snippet":"max-snippet:-1","max-image-preview":"max-image-preview:large","max-video-preview":"max-video-preview:-1"},"canonical":"https:\/\/poudresdenarco.com\/nl\/product-2\/jack-herer\/","og_locale":"nl_BE","og_type":"article","og_title":"Acheter Jack Herer en ligne - Jack Herer \u00e0 vendre - Commander Jack Herer en ligne","og_description":"Si vous souhaitez acheter du Jack Herer, nous sommes le bon choix pour vous. Notre personnel vous aidera \u00e0 acheter du Jack Herer en ligne \u00e0 des prix avantageux. Passez votre commande chez nous !","og_url":"https:\/\/poudresdenarco.com\/nl\/product-2\/jack-herer\/","og_site_name":"Poudresde Narco","article_modified_time":"2025-06-09T00:58:03+00:00","og_image":[{"width":600,"height":600,"url":"https:\/\/poudresdenarco.com\/wp-content\/uploads\/2024\/01\/JACK-HERER.jpg","type":"image\/jpeg"}],"twitter_card":"summary_large_image","twitter_misc":{"Geschatte leestijd":"3 minuten"},"schema":{"@context":"https:\/\/schema.org","@graph":[{"@type":"WebPage","@id":"https:\/\/poudresdenarco.com\/produit\/jack-herer\/","url":"https:\/\/poudresdenarco.com\/produit\/jack-herer\/","name":"Acheter Jack Herer en ligne - Jack Herer \u00e0 vendre - Commander Jack Herer en ligne","isPartOf":{"@id":"https:\/\/poudresdenarco.com\/#website"},"primaryImageOfPage":{"@id":"https:\/\/poudresdenarco.com\/produit\/jack-herer\/#primaryimage"},"image":{"@id":"https:\/\/poudresdenarco.com\/produit\/jack-herer\/#primaryimage"},"thumbnailUrl":"https:\/\/poudresdenarco.com\/wp-content\/uploads\/2024\/01\/JACK-HERER.jpg","datePublished":"2024-01-02T09:06:59+00:00","dateModified":"2025-06-09T00:58:03+00:00","description":"Si vous souhaitez acheter du Jack Herer, nous sommes le bon choix pour vous. Notre personnel vous aidera \u00e0 acheter du Jack Herer en ligne \u00e0 des prix avantageux. Passez votre commande chez nous !","breadcrumb":{"@id":"https:\/\/poudresdenarco.com\/produit\/jack-herer\/#breadcrumb"},"inLanguage":"nl-BE","potentialAction":[{"@type":"ReadAction","target":["https:\/\/poudresdenarco.com\/produit\/jack-herer\/"]}]},{"@type":"ImageObject","inLanguage":"nl-BE","@id":"https:\/\/poudresdenarco.com\/produit\/jack-herer\/#primaryimage","url":"https:\/\/poudresdenarco.com\/wp-content\/uploads\/2024\/01\/JACK-HERER.jpg","contentUrl":"https:\/\/poudresdenarco.com\/wp-content\/uploads\/2024\/01\/JACK-HERER.jpg","width":600,"height":600,"caption":"Achetez JACK-HERER en ligne"},{"@type":"BreadcrumbList","@id":"https:\/\/poudresdenarco.com\/produit\/jack-herer\/#breadcrumb","itemListElement":[{"@type":"ListItem","position":1,"name":"Home","item":"https:\/\/poudresdenarco.com\/"},{"@type":"ListItem","position":2,"name":"Boutique","item":"https:\/\/poudresdenarco.com\/boutique\/"},{"@type":"ListItem","position":3,"name":"Jack Herer"}]},{"@type":"WebSite","@id":"https:\/\/poudresdenarco.com\/#website","url":"https:\/\/poudresdenarco.com\/","name":"Poudresde Narco","description":"Acheter de la coca\u00efne et de l&#039;h\u00e9ro\u00efne en ligne","potentialAction":[{"@type":"SearchAction","target":{"@type":"EntryPoint","urlTemplate":"https:\/\/poudresdenarco.com\/?s={search_term_string}"},"query-input":{"@type":"PropertyValueSpecification","valueRequired":true,"valueName":"search_term_string"}}],"inLanguage":"nl-BE"}]}},"_links":{"self":[{"href":"https:\/\/poudresdenarco.com\/nl\/wp-json\/wp\/v2\/product\/4393","targetHints":{"allow":["GET"]}}],"collection":[{"href":"https:\/\/poudresdenarco.com\/nl\/wp-json\/wp\/v2\/product"}],"about":[{"href":"https:\/\/poudresdenarco.com\/nl\/wp-json\/wp\/v2\/types\/product"}],"replies":[{"embeddable":true,"href":"https:\/\/poudresdenarco.com\/nl\/wp-json\/wp\/v2\/comments?post=4393"}],"wp:featuredmedia":[{"embeddable":true,"href":"https:\/\/poudresdenarco.com\/nl\/wp-json\/wp\/v2\/media\/4513"}],"wp:attachment":[{"href":"https:\/\/poudresdenarco.com\/nl\/wp-json\/wp\/v2\/media?parent=4393"}],"wp:term":[{"taxonomy":"product_cat","embeddable":true,"href":"https:\/\/poudresdenarco.com\/nl\/wp-json\/wp\/v2\/product_cat?post=4393"},{"taxonomy":"product_tag","embeddable":true,"href":"https:\/\/poudresdenarco.com\/nl\/wp-json\/wp\/v2\/product_tag?post=4393"}],"curies":[{"name":"wp","href":"https:\/\/api.w.org\/{rel}","templated":true}]}}