{"id":4397,"date":"2024-01-02T09:40:25","date_gmt":"2024-01-02T09:40:25","guid":{"rendered":"https:\/\/unkrautmarkt.com\/narco1\/?post_type=product&#038;p=4397"},"modified":"2025-11-10T18:59:44","modified_gmt":"2025-11-10T18:59:44","slug":"quatre-quarts-de-londres","status":"publish","type":"product","link":"https:\/\/poudresdenarco.com\/nl\/product-2\/vier-wijken-van-londen\/","title":{"rendered":"Londense pondcake"},"content":{"rendered":"<h2><strong><span style=\"vertical-align: inherit;\"><span style=\"vertical-align: inherit;\">Buy London Pound Cake Online<\/span><\/span><\/strong><\/h2>\n<h3><strong><span style=\"vertical-align: inherit;\"><span style=\"vertical-align: inherit;\">LONDON POUND CAKE: A DELICIOUSLY SWEET INDICA-DOMINANT STRAIN<\/span><\/span><\/strong><\/h3>\n<p><span style=\"vertical-align: inherit;\"><span style=\"vertical-align: inherit;\">London Pound Cake is a great option if you\u2019re looking for a strain that has a sweet, almost dessert-like taste while still delivering a powerful, calming effect. This mostly indica strain is a cross between the famous Sunset Sherbet and an unidentified potent strain. It has opulent flavors, calming effects, and a relaxed growing cycle that produces an abundance of dense, delicious buds. In the following sections, we break down the main characteristics and recommendations of this strain.<\/span><\/span><\/p>\n<h3><strong><span style=\"vertical-align: inherit;\"><span style=\"vertical-align: inherit;\">THE GENETIC HISTORY OF THE LONDON POUND CAKE: SEMI-SECRET ORIGIN<\/span><\/span><\/strong><\/h3>\n<p><span style=\"vertical-align: inherit;\"><span style=\"vertical-align: inherit;\">A relatively new strain, London Pound Cake has become well known, especially among stoners with a sweet tooth. Developed by Californian breeders Cookies Fam, who are also responsible for producing well-known strains like Runtz &amp; Gelato: while its potent strain is unknown, it is believed to be a phenotype of the famous Girl Scout Cookies strain. This is the heavyweight used to make London Pound Cake.<\/span><\/span><\/p>\n<h3><strong><span style=\"vertical-align: inherit;\"><span style=\"vertical-align: inherit;\">SUNSET SORBET<\/span><\/span><\/strong><\/h3>\n<p><span style=\"vertical-align: inherit;\"><span style=\"vertical-align: inherit;\">The aforementioned unnamed indica strain was crossed with Sunset Sherbet to create London Pound Cake. Sunset Sherbet is a hybrid strain that originated from the famous OG Kush and is a cross between Girl Scout Cookies and Pink Panty.<\/span><\/span><\/p>\n<p><span style=\"vertical-align: inherit;\"><span style=\"vertical-align: inherit;\">This strain is well known for having a fruity and sweet flavor with citrus and minty undertones. Its rich scent combines sweet, spicy, and earthy notes. Sunset Sherbet is known for releasing tension from the body and mind while providing a calming and energizing effect. Its well-rounded effects make it a popular choice.<\/span><\/span><\/p>\n<h3><strong><span style=\"vertical-align: inherit;\"><span style=\"vertical-align: inherit;\">AROMA AND FLAVOR OF LONDON POUND CAKE: PURE DECADENCE<\/span><\/span><\/strong><\/h3>\n<p><span style=\"vertical-align: inherit;\"><span style=\"vertical-align: inherit;\">Among other attributes, London Pound Cake is highly sought after for its unique combination of aromas and flavors. The strain has a deliciously sweet and fruity aroma complemented by hints of vanilla and nuttiness. The flavor of London Pound Cake is equally delicious, with a sweet cakey taste that lingers on the tongue, leaving you wanting more.<\/span><\/span><\/p>\n<p><span style=\"vertical-align: inherit;\"><span style=\"vertical-align: inherit;\">These remarkable aromas and flavors are due to a terpene profile dominated by:<\/span><\/span><\/p>\n<ul>\n<li><span style=\"vertical-align: inherit;\"><span style=\"vertical-align: inherit;\">Caryophyllene<\/span><\/span><\/li>\n<li><span style=\"vertical-align: inherit;\"><span style=\"vertical-align: inherit;\">Limonene<\/span><\/span><\/li>\n<li><span style=\"vertical-align: inherit;\"><span style=\"vertical-align: inherit;\">Myrcene<\/span><\/span><\/li>\n<\/ul>\n<h3><strong><span style=\"vertical-align: inherit;\"><span style=\"vertical-align: inherit;\">POWER AND EFFECTS OF LONDON POUND CAKE SOOTHING AND SLEEP<\/span><\/span><\/strong><\/h3>\n<p><span style=\"vertical-align: inherit;\"><span style=\"vertical-align: inherit;\">London Pound Cake isn\u2019t the strongest strain available, but it\u2019s by no means a weak strain either, with THC levels of around 20%. In addition to the terpenes already mentioned and a 1% concentration of CBG, LPC quickly begins to produce a strong sedative effect.<\/span><\/span><\/p>\n<p><span style=\"vertical-align: inherit;\"><span style=\"vertical-align: inherit;\">The main impacts of the strain that have been recorded include:<\/span><\/span><\/p>\n<ul>\n<li><span style=\"vertical-align: inherit;\"><span style=\"vertical-align: inherit;\">Relaxation<\/span><\/span><\/li>\n<li><span style=\"vertical-align: inherit;\"><span style=\"vertical-align: inherit;\">euphoria<\/span><\/span><\/li>\n<li><span style=\"vertical-align: inherit;\"><span style=\"vertical-align: inherit;\">Joy<\/span><\/span><\/li>\n<li><span style=\"vertical-align: inherit;\"><span style=\"vertical-align: inherit;\">positive attitude<\/span><\/span><\/li>\n<li><span style=\"vertical-align: inherit;\"><span style=\"vertical-align: inherit;\">Originality<\/span><\/span><\/li>\n<\/ul>\n<h3><strong><span style=\"vertical-align: inherit;\"><span style=\"vertical-align: inherit;\">SIDE EFFECTS<\/span><\/span><\/strong><\/h3>\n<p><span style=\"vertical-align: inherit;\"><span style=\"vertical-align: inherit;\">Like any strain with high levels of THC, it is important to consume London Pound Cake in moderation to avoid adverse effects. However, when used responsibly, this strain can offer a range of benefits to both recreational and medical users.<\/span><\/span><\/p>\n<p><span style=\"vertical-align: inherit;\"><span style=\"vertical-align: inherit;\">That said, possible side effects of LPC use include:<\/span><\/span><\/p>\n<ul>\n<li><span style=\"vertical-align: inherit;\"><span style=\"vertical-align: inherit;\">Dry mouth<\/span><\/span><\/li>\n<li><span style=\"vertical-align: inherit;\"><span style=\"vertical-align: inherit;\">Dry eyes<\/span><\/span><\/li>\n<li><span style=\"vertical-align: inherit;\"><span style=\"vertical-align: inherit;\">Anxiety\/paranoia<\/span><\/span><\/li>\n<li><span style=\"vertical-align: inherit;\"><span style=\"vertical-align: inherit;\">Dizziness\/headache<\/span><\/span><\/li>\n<\/ul>\n<h3><strong><span style=\"vertical-align: inherit;\"><span style=\"vertical-align: inherit;\">LONDON POUND CAKE CULTURE: FAST AND PRODUCTIVE<\/span><\/span><\/strong><\/h3>\n<p><span style=\"vertical-align: inherit;\"><span style=\"vertical-align: inherit;\">London Pound Cake is a great strain for experienced growers looking for big yields without all the work and beginners looking for an easy growing experience. Even the most experienced growers will be impressed by the rich, resinous buds this plant produces, despite its ease of growth.<\/span><\/span><\/p>\n<p><span style=\"vertical-align: inherit;\"><span style=\"vertical-align: inherit;\">Due to its medium size, London Pound Cake is a great option for those who are worried about space. It can produce amazing quantities despite its small size; indoor yields can reach 500g\/m\u00b2, while outdoor yields can reach 600g\/plant.<\/span><\/span><\/p>\n<p><span style=\"vertical-align: inherit;\"><span style=\"vertical-align: inherit;\">There are other benefits to growing London Pound Cake, such as its fast flowering time. Compared to many other strains, especially other indicas, this strain typically flowers in 8-9 weeks. Thus, growers.<\/span><\/span><\/p>\n<h3><strong><span style=\"vertical-align: inherit;\"><span style=\"vertical-align: inherit;\">TIPS FOR INDOOR GROWING<\/span><\/span><\/strong><\/h3>\n<p><span style=\"vertical-align: inherit;\"><span style=\"vertical-align: inherit;\">Either soil or hydroponics can be used to effectively grow London Pound Cake indoors. The strain responds favorably to the Screen of Green (ScrOG) technique, which can maximize light and space availability while also helping to increase yields. Because this strain produces dense buds, it is important to monitor humidity levels, especially in the later stages of flowering, to prevent mold and other infections from compromising your crop.<\/span><\/span><\/p>\n<h3><strong><span style=\"vertical-align: inherit;\"><span style=\"vertical-align: inherit;\">TIPS FOR OUTDOOR GROWING<\/span><\/span><\/strong><\/h3>\n<p><span style=\"vertical-align: inherit;\"><span style=\"vertical-align: inherit;\">London Pound Cake loves good weather and sunshine outdoors. The variety can easily withstand higher temperatures and performs best in a Mediterranean climate. Try to place it so that it can enjoy 6 to 8 hours of direct sunlight each day. Regardless of the outdoor location you decide to grow it in.<\/span><\/span><\/p>\n<h3><strong><span style=\"vertical-align: inherit;\"><span style=\"vertical-align: inherit;\">FOR THE GARDEN London Pound CakeINIERS<\/span><\/span><\/strong><\/h3>\n<p><span style=\"vertical-align: inherit;\"><span style=\"vertical-align: inherit;\">London Pound Cake is a great strain for beginners or those looking for a hands-off growing experience, as it is quite easy to grow. Additionally, this strain produces extremely resinous buds, making it a great choice for people looking to create extracts or concentrates.<\/span><\/span><\/p>\n<h3><strong><span style=\"vertical-align: inherit;\"><span style=\"vertical-align: inherit;\">ENTERTAINMENT USERS<\/span><\/span><\/strong><\/h3>\n<p><span style=\"vertical-align: inherit;\"><span style=\"vertical-align: inherit;\">Due to its euphoric and calming effects, London Pound Cake is a great option for recreational users looking to unwind or prepare for a restful night of sleep. It\u2019s also a great option for low-key creative pursuits due to its mood-lifting properties.<\/span><\/span><\/p>\n<h3><strong><span style=\"vertical-align: inherit;\"><span style=\"vertical-align: inherit;\">FOR MEDICAL USERS<\/span><\/span><\/strong><\/h3>\n<p><span style=\"vertical-align: inherit;\"><span style=\"vertical-align: inherit;\">The relaxing, even sleep-inducing effects of London Pound Cake make it an excellent choice for medical users dealing with issues such as insomnia, body aches, anxiety, and depression.<\/span><\/span><\/p>\n<p><span style=\"vertical-align: inherit;\"><span style=\"vertical-align: inherit;\">With its sweet and creamy taste, it\u2019s no wonder London Pound Cake is a favorite among all kinds of cannabis enthusiasts. Plus, its relaxing and euphoric effect makes it an ideal choice for those looking to unwind or for those seeking relief from stress, anxiety, and pain. So sit back, relax, and let the sweet aroma of London Pound Cake transport you to a world of pure bliss.<\/span><\/span><\/p>","protected":false},"excerpt":{"rendered":"<p>Buy London Pound Cake Online LONDON POUND CAKE: A DELICIOUSLY SWEET INDICA-DOMINANT STRAIN London Pound Cake is a great option if you\u2019re looking for a strain that has a sweet, almost dessert-like taste while still delivering a powerful, calming effect. This mostly indica strain is a cross between the famous Sunset Sherbet and an unidentified&hellip;<\/p>","protected":false},"featured_media":4520,"comment_status":"open","ping_status":"closed","template":"","meta":{"_joinchat":[]},"product_cat":[473],"product_tag":[],"class_list":{"0":"post-4397","1":"product","2":"type-product","3":"status-publish","4":"has-post-thumbnail","6":"product_cat-herbe","8":"first","9":"instock","10":"shipping-taxable","11":"purchasable","12":"product-type-variable","13":"col-xs-6 col-sm-4","14":"col-md-3 col-lg-3","15":"un-4-cols"},"yoast_head":"<!-- This site is optimized with the Yoast SEO plugin v23.8 - https:\/\/yoast.com\/wordpress\/plugins\/seo\/ -->\n<title>Achetez des g\u00e2teaux London Pound Cake - Vente de g\u00e2teaux London Pound Cake<\/title>\n<meta name=\"description\" content=\"Chez PoudresDenarco, vous pouvez vous procurer du London Pound Cake \u00e0 des prix avantageux. Ici, vous pouvez acheter du London Pound Cake en ligne de haute qualit\u00e9 dans notre magasin maintenant avec un service d&#039;exp\u00e9dition rapide et s\u00e9curis\u00e9. Commandez maintenant !\" \/>\n<meta name=\"robots\" content=\"index, follow, max-snippet:-1, max-image-preview:large, max-video-preview:-1\" \/>\n<link rel=\"canonical\" href=\"https:\/\/poudresdenarco.com\/nl\/product-2\/vier-wijken-van-londen\/\" \/>\n<meta property=\"og:locale\" content=\"nl_BE\" \/>\n<meta property=\"og:type\" content=\"article\" \/>\n<meta property=\"og:title\" content=\"Achetez des g\u00e2teaux London Pound Cake - Vente de g\u00e2teaux London Pound Cake\" \/>\n<meta property=\"og:description\" content=\"Chez PoudresDenarco, vous pouvez vous procurer du London Pound Cake \u00e0 des prix avantageux. Ici, vous pouvez acheter du London Pound Cake en ligne de haute qualit\u00e9 dans notre magasin maintenant avec un service d&#039;exp\u00e9dition rapide et s\u00e9curis\u00e9. Commandez maintenant !\" \/>\n<meta property=\"og:url\" content=\"https:\/\/poudresdenarco.com\/nl\/product-2\/vier-wijken-van-londen\/\" \/>\n<meta property=\"og:site_name\" content=\"Poudresde Narco\" \/>\n<meta property=\"article:modified_time\" content=\"2025-11-10T18:59:44+00:00\" \/>\n<meta property=\"og:image\" content=\"https:\/\/poudresdenarco.com\/wp-content\/uploads\/2024\/01\/LONDON-POUND-CAKE.jpg\" \/>\n\t<meta property=\"og:image:width\" content=\"600\" \/>\n\t<meta property=\"og:image:height\" content=\"600\" \/>\n\t<meta property=\"og:image:type\" content=\"image\/jpeg\" \/>\n<meta name=\"twitter:card\" content=\"summary_large_image\" \/>\n<meta name=\"twitter:label1\" content=\"Geschatte leestijd\" \/>\n\t<meta name=\"twitter:data1\" content=\"5 minuten\" \/>\n<script type=\"application\/ld+json\" class=\"yoast-schema-graph\">{\"@context\":\"https:\/\/schema.org\",\"@graph\":[{\"@type\":\"WebPage\",\"@id\":\"https:\/\/poudresdenarco.com\/produit\/quatre-quarts-de-londres\/\",\"url\":\"https:\/\/poudresdenarco.com\/produit\/quatre-quarts-de-londres\/\",\"name\":\"Achetez des g\u00e2teaux London Pound Cake - Vente de g\u00e2teaux London Pound Cake\",\"isPartOf\":{\"@id\":\"https:\/\/poudresdenarco.com\/#website\"},\"primaryImageOfPage\":{\"@id\":\"https:\/\/poudresdenarco.com\/produit\/quatre-quarts-de-londres\/#primaryimage\"},\"image\":{\"@id\":\"https:\/\/poudresdenarco.com\/produit\/quatre-quarts-de-londres\/#primaryimage\"},\"thumbnailUrl\":\"https:\/\/poudresdenarco.com\/wp-content\/uploads\/2024\/01\/LONDON-POUND-CAKE.jpg\",\"datePublished\":\"2024-01-02T09:40:25+00:00\",\"dateModified\":\"2025-11-10T18:59:44+00:00\",\"description\":\"Chez PoudresDenarco, vous pouvez vous procurer du London Pound Cake \u00e0 des prix avantageux. Ici, vous pouvez acheter du London Pound Cake en ligne de haute qualit\u00e9 dans notre magasin maintenant avec un service d'exp\u00e9dition rapide et s\u00e9curis\u00e9. Commandez maintenant !\",\"breadcrumb\":{\"@id\":\"https:\/\/poudresdenarco.com\/produit\/quatre-quarts-de-londres\/#breadcrumb\"},\"inLanguage\":\"nl-BE\",\"potentialAction\":[{\"@type\":\"ReadAction\",\"target\":[\"https:\/\/poudresdenarco.com\/produit\/quatre-quarts-de-londres\/\"]}]},{\"@type\":\"ImageObject\",\"inLanguage\":\"nl-BE\",\"@id\":\"https:\/\/poudresdenarco.com\/produit\/quatre-quarts-de-londres\/#primaryimage\",\"url\":\"https:\/\/poudresdenarco.com\/wp-content\/uploads\/2024\/01\/LONDON-POUND-CAKE.jpg\",\"contentUrl\":\"https:\/\/poudresdenarco.com\/wp-content\/uploads\/2024\/01\/LONDON-POUND-CAKE.jpg\",\"width\":600,\"height\":600,\"caption\":\"Achetez LONDON-POUND-CAKE en ligne\"},{\"@type\":\"BreadcrumbList\",\"@id\":\"https:\/\/poudresdenarco.com\/produit\/quatre-quarts-de-londres\/#breadcrumb\",\"itemListElement\":[{\"@type\":\"ListItem\",\"position\":1,\"name\":\"Home\",\"item\":\"https:\/\/poudresdenarco.com\/\"},{\"@type\":\"ListItem\",\"position\":2,\"name\":\"Boutique\",\"item\":\"https:\/\/poudresdenarco.com\/boutique\/\"},{\"@type\":\"ListItem\",\"position\":3,\"name\":\"Quatre-quarts de Londres\"}]},{\"@type\":\"WebSite\",\"@id\":\"https:\/\/poudresdenarco.com\/#website\",\"url\":\"https:\/\/poudresdenarco.com\/\",\"name\":\"Poudresde Narco\",\"description\":\"Acheter de la coca\u00efne et de l&#039;h\u00e9ro\u00efne en ligne\",\"potentialAction\":[{\"@type\":\"SearchAction\",\"target\":{\"@type\":\"EntryPoint\",\"urlTemplate\":\"https:\/\/poudresdenarco.com\/?s={search_term_string}\"},\"query-input\":{\"@type\":\"PropertyValueSpecification\",\"valueRequired\":true,\"valueName\":\"search_term_string\"}}],\"inLanguage\":\"nl-BE\"}]}<\/script>\n<!-- \/ Yoast SEO plugin. -->","yoast_head_json":{"title":"Achetez des g\u00e2teaux London Pound Cake - Vente de g\u00e2teaux London Pound Cake","description":"Chez PoudresDenarco, vous pouvez vous procurer du London Pound Cake \u00e0 des prix avantageux. Ici, vous pouvez acheter du London Pound Cake en ligne de haute qualit\u00e9 dans notre magasin maintenant avec un service d'exp\u00e9dition rapide et s\u00e9curis\u00e9. Commandez maintenant !","robots":{"index":"index","follow":"follow","max-snippet":"max-snippet:-1","max-image-preview":"max-image-preview:large","max-video-preview":"max-video-preview:-1"},"canonical":"https:\/\/poudresdenarco.com\/nl\/product-2\/vier-wijken-van-londen\/","og_locale":"nl_BE","og_type":"article","og_title":"Achetez des g\u00e2teaux London Pound Cake - Vente de g\u00e2teaux London Pound Cake","og_description":"Chez PoudresDenarco, vous pouvez vous procurer du London Pound Cake \u00e0 des prix avantageux. Ici, vous pouvez acheter du London Pound Cake en ligne de haute qualit\u00e9 dans notre magasin maintenant avec un service d'exp\u00e9dition rapide et s\u00e9curis\u00e9. Commandez maintenant !","og_url":"https:\/\/poudresdenarco.com\/nl\/product-2\/vier-wijken-van-londen\/","og_site_name":"Poudresde Narco","article_modified_time":"2025-11-10T18:59:44+00:00","og_image":[{"width":600,"height":600,"url":"https:\/\/poudresdenarco.com\/wp-content\/uploads\/2024\/01\/LONDON-POUND-CAKE.jpg","type":"image\/jpeg"}],"twitter_card":"summary_large_image","twitter_misc":{"Geschatte leestijd":"5 minuten"},"schema":{"@context":"https:\/\/schema.org","@graph":[{"@type":"WebPage","@id":"https:\/\/poudresdenarco.com\/produit\/quatre-quarts-de-londres\/","url":"https:\/\/poudresdenarco.com\/produit\/quatre-quarts-de-londres\/","name":"Achetez des g\u00e2teaux London Pound Cake - Vente de g\u00e2teaux London Pound Cake","isPartOf":{"@id":"https:\/\/poudresdenarco.com\/#website"},"primaryImageOfPage":{"@id":"https:\/\/poudresdenarco.com\/produit\/quatre-quarts-de-londres\/#primaryimage"},"image":{"@id":"https:\/\/poudresdenarco.com\/produit\/quatre-quarts-de-londres\/#primaryimage"},"thumbnailUrl":"https:\/\/poudresdenarco.com\/wp-content\/uploads\/2024\/01\/LONDON-POUND-CAKE.jpg","datePublished":"2024-01-02T09:40:25+00:00","dateModified":"2025-11-10T18:59:44+00:00","description":"Chez PoudresDenarco, vous pouvez vous procurer du London Pound Cake \u00e0 des prix avantageux. Ici, vous pouvez acheter du London Pound Cake en ligne de haute qualit\u00e9 dans notre magasin maintenant avec un service d'exp\u00e9dition rapide et s\u00e9curis\u00e9. Commandez maintenant !","breadcrumb":{"@id":"https:\/\/poudresdenarco.com\/produit\/quatre-quarts-de-londres\/#breadcrumb"},"inLanguage":"nl-BE","potentialAction":[{"@type":"ReadAction","target":["https:\/\/poudresdenarco.com\/produit\/quatre-quarts-de-londres\/"]}]},{"@type":"ImageObject","inLanguage":"nl-BE","@id":"https:\/\/poudresdenarco.com\/produit\/quatre-quarts-de-londres\/#primaryimage","url":"https:\/\/poudresdenarco.com\/wp-content\/uploads\/2024\/01\/LONDON-POUND-CAKE.jpg","contentUrl":"https:\/\/poudresdenarco.com\/wp-content\/uploads\/2024\/01\/LONDON-POUND-CAKE.jpg","width":600,"height":600,"caption":"Achetez LONDON-POUND-CAKE en ligne"},{"@type":"BreadcrumbList","@id":"https:\/\/poudresdenarco.com\/produit\/quatre-quarts-de-londres\/#breadcrumb","itemListElement":[{"@type":"ListItem","position":1,"name":"Home","item":"https:\/\/poudresdenarco.com\/"},{"@type":"ListItem","position":2,"name":"Boutique","item":"https:\/\/poudresdenarco.com\/boutique\/"},{"@type":"ListItem","position":3,"name":"Quatre-quarts de Londres"}]},{"@type":"WebSite","@id":"https:\/\/poudresdenarco.com\/#website","url":"https:\/\/poudresdenarco.com\/","name":"Poudresde Narco","description":"Acheter de la coca\u00efne et de l&#039;h\u00e9ro\u00efne en ligne","potentialAction":[{"@type":"SearchAction","target":{"@type":"EntryPoint","urlTemplate":"https:\/\/poudresdenarco.com\/?s={search_term_string}"},"query-input":{"@type":"PropertyValueSpecification","valueRequired":true,"valueName":"search_term_string"}}],"inLanguage":"nl-BE"}]}},"_links":{"self":[{"href":"https:\/\/poudresdenarco.com\/nl\/wp-json\/wp\/v2\/product\/4397","targetHints":{"allow":["GET"]}}],"collection":[{"href":"https:\/\/poudresdenarco.com\/nl\/wp-json\/wp\/v2\/product"}],"about":[{"href":"https:\/\/poudresdenarco.com\/nl\/wp-json\/wp\/v2\/types\/product"}],"replies":[{"embeddable":true,"href":"https:\/\/poudresdenarco.com\/nl\/wp-json\/wp\/v2\/comments?post=4397"}],"wp:featuredmedia":[{"embeddable":true,"href":"https:\/\/poudresdenarco.com\/nl\/wp-json\/wp\/v2\/media\/4520"}],"wp:attachment":[{"href":"https:\/\/poudresdenarco.com\/nl\/wp-json\/wp\/v2\/media?parent=4397"}],"wp:term":[{"taxonomy":"product_cat","embeddable":true,"href":"https:\/\/poudresdenarco.com\/nl\/wp-json\/wp\/v2\/product_cat?post=4397"},{"taxonomy":"product_tag","embeddable":true,"href":"https:\/\/poudresdenarco.com\/nl\/wp-json\/wp\/v2\/product_tag?post=4397"}],"curies":[{"name":"wp","href":"https:\/\/api.w.org\/{rel}","templated":true}]}}