{"id":4458,"date":"2024-01-02T10:56:19","date_gmt":"2024-01-02T10:56:19","guid":{"rendered":"https:\/\/unkrautmarkt.com\/narco1\/?post_type=product&#038;p=4458"},"modified":"2025-06-10T02:23:43","modified_gmt":"2025-06-10T02:23:43","slug":"hachage-a-bulles","status":"publish","type":"product","link":"https:\/\/poudresdenarco.com\/nl\/product-2\/bubbelhakken\/","title":{"rendered":"Bubbel hakken"},"content":{"rendered":"<h2>HASJBEL ONLINE KOPEN<\/h2>\n<h3>ONZE HOOGSTE KWALITEIT CBD HASJ<\/h3>\n<ul>\n<li>Zeer sterke dennen terpenen.<\/li>\n<li>Sativa terpenen.<\/li>\n<li>Zeer hoog CBD-gehalte<\/li>\n<li>Biologisch, GMO-vrij, pesticide-vrij<\/li>\n<li>Heerlijke smaak<\/li>\n<li>100 % afgeleid van hennep<\/li>\n<\/ul>\n<p>En int\u00e9rieur, d\u00e8s la sortie de l&rsquo;armoire de clonage, la vari\u00e9t\u00e9 Amnesia Haze exprime les principaux traits sativa et a tendance \u00e0 s&rsquo;\u00e9tirer de mani\u00e8re significative, en particulier dans des conditions d&rsquo;\u00e9clairage de 12 \u00e0 12 heures. Buy Hachage \u00e0 bulles Online<\/p>\n<p>Amnesia Haze wordt het liefst goed gevoed, maar kan snel in de giftige zone terechtkomen, net als veel andere sativa's. Daarom is voorzichtigheid geboden met het meten van voedingsstoffen. Daarom is voorzichtigheid geboden bij het meten van voedingsstoffen.<\/p>\n<p>Wanneer bloemen in het seizoen zijn, is het een echt geduldspel. Het kan twaalf weken duren voordat de lange, dunbladige knoppen volledig open zijn. Voor sommige veeleisende eigenschappen kan het wel twintig weken duren!<\/p>\n<p>Les plantes sont lentes \u00e0 se d\u00e9velopper, mais lorsqu\u2019elles le font, elles produisent un produit d\u2019une densit\u00e9 satisfaisante et magnifiquement cristallis\u00e9 qui p\u00e8se 600 g\/m\u00b2 sous un \u00e9clairage de 600 W. biodisponibilit\u00e9. C&rsquo;est tout ce qu&rsquo;on peut en dire! Consultez notre guide complet sur l\u2019utilisation de notre haschich CBD ici. Hachage \u00e0 bulles<\/p>\n<h3><strong>WAT IS DE HASJBEL?<\/strong><\/h3>\n<p>Een soort hasj die wordt gemaakt met ijswater heet bubble hash, soms ook ice hash of ice water hash genoemd. De naam 'bubble hash' verwijst naar de manier waarop het licht goudblonde tot donkergroenbruine materiaal bubbelt wanneer het gekookt wordt. De harsklieren die de cannabisbloem bedekken, trichomen genaamd, worden gebruikt om bubble hash te maken, net als gewone hasj.<\/p>\n<p>In speciale zakken die \"bubble bags\" worden genoemd, worden de trichomen geschud met koud water en ijs om bubble hash te produceren. De vers bevroren trichomen vallen van de bloem en worden gefilterd door een opeenvolging van zeven in de zakken om bubble hash te produceren wanneer het materiaal constant geroerd of gemengd wordt.<\/p>\n<p>Om je werkzaamheden en procedures te optimaliseren voor optimale resultaten, is het cruciaal om zoveel mogelijk kennis te vergaren over verschillende extracten en concentraten, zoals bubble hash, of je nu een consument bent of een ondernemer in de cannabisindustrie.<\/p>\n<h3><strong>EEN SAMENVATTING VAN HET BUBBLE HASH VERHAAL<\/strong><\/h3>\n<p>Bubble hasj was een van de populairste cannabisconcentraten tot halverwege de jaren 2010, toen alternatieve concentraten zoals wax en shatter snel aan populariteit begonnen te winnen. Aan de andere kant is het gebruik van bubble hasj recenter dan dat van klassieke hasj, dat al tientallen jaren bestaat.<\/p>\n<p>In het begin van de jaren 80 ontdekte de Californische cannabisenthousiasteling Sadhu Sam, ook bekend als Skunkman Sam, een nieuwe extractiemethode met ijswater. Hij publiceerde in 1988 een advertentie in High Times met instructies over hoe de extractie uitgevoerd moest worden. Bubble hasj werd begin jaren 90 steeds populairder en Mila Jansen vond het eerste scheidingssysteem met twee filterzakken uit. Marcus 'Bubble Man' Richardson ontwikkelde aan het eind van de jaren 1990 een betere filtertechnologie voor bubble bags, die vandaag de dag nog steeds wordt gebruikt.<\/p>\n<p>Terwijl de populariteit van concentraten zoals wax en shatter leidde tot een afname in het gebruik van bubble hash, heeft de behoefte aan oplosmiddelvrije concentraten de afgelopen jaren geleid tot een heropleving van bubble hash.<\/p>\n<h3><strong>HOE BUBBLE HASH WORDT GEMAAKT<\/strong><\/h3>\n<p>Net als extracten zoals hars, wordt bubble hash gemaakt zonder gebruik te maken van oplosmiddelen. Extracten zonder oplosmiddelen worden als zuiverder beschouwd dan concentraten die gemaakt zijn met oplosmiddelen zoals butaan, propaan, ethanol of andere oplosmiddelen.<\/p>\n<p>Alles wat je nodig hebt om bubble hash te maken is water, ijs, cannabis en zeven of filterzakjes. Het eindproduct van het zeven van dit mengsel door verschillende zakken met zeven van verschillende micron is een extract dat uitsluitend bestaat uit cannabistrichomen die voorzichtig uit de bloem zijn geschud.<\/p>\n<p>Een van de zuiverste en krachtigste oplosmiddelvrije extracten op de markt wordt geproduceerd wanneer bubble hash op de juiste manier wordt bereid uit cannabis van topkwaliteit. Maar vergeet niet dat sommige soorten beter geschikt zijn voor extractie dan andere, dus de verkeerde cultivar produceert bubble hash van slechte kwaliteit. Denk aan 'kwaliteit in, kwaliteit uit' bij het maken van bubble hasj en kies de soorten die ideaal zijn voor het wassen.<\/p>\n<h3><strong>KENMERKEN BUBBLE HASH<\/strong><\/h3>\n<h3><strong>TEXTUUR EN UITERLIJK<\/strong><\/h3>\n<p>Bubble hasj wordt niet geperst of gerold zoals traditionele hasj, die meestal in ballen wordt gerold of in blokken wordt geplet. In plaats daarvan draagt de ijswaterextractiemethode van Bubble hasj bij aan een licht brokkelige textuur. Vergeleken met conventionele hasj en andere concentraten zoals wax en shatter, is dit concentraat zonder oplosmiddelen over het algemeen milder. In tegenstelling tot gewone hasj, die een vaste, baksteenachtige consistentie heeft, lijkt bubble hasj meer op een poeder of plakkerige pasta.<\/p>\n<p>Meestal wordt de kwaliteit van bubble hash aangegeven door de kleur. Bubble hash van hoge kwaliteit heeft over het algemeen een lichtblonde tot goudgele tint, maar een product van slechte kwaliteit wordt meestal aangegeven door een donker groenbruine bubble hash.<\/p>\n<h3><strong>IMPACT EN RESULTATEN<\/strong><\/h3>\n<p>Hoewel bubble hash meer potentie heeft dan de sterkste bloem, mist het de krachtige effecten van andere cannabisconcentraten zoals shatter of wax. Terwijl sterkere concentraten tot 90 % THC of meer kunnen bevatten, kan bubble hash van hoge kwaliteit slechts tot 60 % THC bevatten.<\/p>\n<p>Klanten kunnen veel sterkere effecten verwachten van bubble hash dan van gerookte bloem, omdat het veel krachtiger is dan bloem, die over het algemeen 20 % THC bevat. De soort die gebruikt is om de hasj te produceren bepaalt de effecten die je voelt als je het inneemt. Hoewel bubble hasj wordt beschouwd als een van de zwakste cannabisconcentraten, zijn de effecten nog steeds superieur aan die van bloem, waardoor het een uitstekend startpunt is voor iedereen die wil beginnen met roken.<\/p>","protected":false},"excerpt":{"rendered":"<p>ACHETER DU HASH BUBBLE EN LIGNE NOTRE HASH CBD DE LA PLUS HAUTE QUALIT\u00c9 Terp\u00e8nes de pin tr\u00e8s forts. Terp\u00e8nes Sativa. Teneur en CBD tr\u00e8s \u00e9lev\u00e9e Biologique, sans OGM, sans pesticide Saveur d\u00e9licieuse 100\u00a0% d\u00e9riv\u00e9 du chanvre En int\u00e9rieur, d\u00e8s la sortie de l&rsquo;armoire de clonage, la vari\u00e9t\u00e9 Amnesia Haze exprime les principaux traits sativa&hellip;<\/p>","protected":false},"featured_media":4526,"comment_status":"open","ping_status":"closed","template":"","meta":{"_joinchat":[]},"product_cat":[474],"product_tag":[],"class_list":{"0":"post-4458","1":"product","2":"type-product","3":"status-publish","4":"has-post-thumbnail","6":"product_cat-haschisch","8":"first","9":"instock","10":"shipping-taxable","11":"purchasable","12":"product-type-variable","13":"col-xs-6 col-sm-4","14":"col-md-3 col-lg-3","15":"un-4-cols"},"yoast_head":"<!-- This site is optimized with the Yoast SEO plugin v23.8 - https:\/\/yoast.com\/wordpress\/plugins\/seo\/ -->\n<title>Acheter du Bubble Hash en ligne - Bubble Hash \u00e0 vendre<\/title>\n<meta name=\"description\" content=\"Vous souhaitez acheter du Bubble Hash en ligne ? D\u00e9couvrez une plateforme transparente sur notre boutique en ligne o\u00f9 vous pouvez acheter du Bubble Hash, garantissant une qualit\u00e9 de premier ordre pour vos besoins de recherche.\" \/>\n<meta name=\"robots\" content=\"index, follow, max-snippet:-1, max-image-preview:large, max-video-preview:-1\" \/>\n<link rel=\"canonical\" href=\"https:\/\/poudresdenarco.com\/nl\/product-2\/bubbelhakken\/\" \/>\n<meta property=\"og:locale\" content=\"nl_BE\" \/>\n<meta property=\"og:type\" content=\"article\" \/>\n<meta property=\"og:title\" content=\"Acheter du Bubble Hash en ligne - Bubble Hash \u00e0 vendre\" \/>\n<meta property=\"og:description\" content=\"Vous souhaitez acheter du Bubble Hash en ligne ? D\u00e9couvrez une plateforme transparente sur notre boutique en ligne o\u00f9 vous pouvez acheter du Bubble Hash, garantissant une qualit\u00e9 de premier ordre pour vos besoins de recherche.\" \/>\n<meta property=\"og:url\" content=\"https:\/\/poudresdenarco.com\/nl\/product-2\/bubbelhakken\/\" \/>\n<meta property=\"og:site_name\" content=\"Poudresde Narco\" \/>\n<meta property=\"article:modified_time\" content=\"2025-06-10T02:23:43+00:00\" \/>\n<meta property=\"og:image\" content=\"https:\/\/poudresdenarco.com\/wp-content\/uploads\/2024\/01\/BUBBLE-HASH.jpg\" \/>\n\t<meta property=\"og:image:width\" content=\"600\" \/>\n\t<meta property=\"og:image:height\" content=\"600\" \/>\n\t<meta property=\"og:image:type\" content=\"image\/jpeg\" \/>\n<meta name=\"twitter:card\" content=\"summary_large_image\" \/>\n<meta name=\"twitter:label1\" content=\"Geschatte leestijd\" \/>\n\t<meta name=\"twitter:data1\" content=\"5 minuten\" \/>\n<script type=\"application\/ld+json\" class=\"yoast-schema-graph\">{\"@context\":\"https:\/\/schema.org\",\"@graph\":[{\"@type\":\"WebPage\",\"@id\":\"https:\/\/poudresdenarco.com\/produit\/hachage-a-bulles\/\",\"url\":\"https:\/\/poudresdenarco.com\/produit\/hachage-a-bulles\/\",\"name\":\"Acheter du Bubble Hash en ligne - Bubble Hash \u00e0 vendre\",\"isPartOf\":{\"@id\":\"https:\/\/poudresdenarco.com\/#website\"},\"primaryImageOfPage\":{\"@id\":\"https:\/\/poudresdenarco.com\/produit\/hachage-a-bulles\/#primaryimage\"},\"image\":{\"@id\":\"https:\/\/poudresdenarco.com\/produit\/hachage-a-bulles\/#primaryimage\"},\"thumbnailUrl\":\"https:\/\/poudresdenarco.com\/wp-content\/uploads\/2024\/01\/BUBBLE-HASH.jpg\",\"datePublished\":\"2024-01-02T10:56:19+00:00\",\"dateModified\":\"2025-06-10T02:23:43+00:00\",\"description\":\"Vous souhaitez acheter du Bubble Hash en ligne ? D\u00e9couvrez une plateforme transparente sur notre boutique en ligne o\u00f9 vous pouvez acheter du Bubble Hash, garantissant une qualit\u00e9 de premier ordre pour vos besoins de recherche.\",\"breadcrumb\":{\"@id\":\"https:\/\/poudresdenarco.com\/produit\/hachage-a-bulles\/#breadcrumb\"},\"inLanguage\":\"nl-BE\",\"potentialAction\":[{\"@type\":\"ReadAction\",\"target\":[\"https:\/\/poudresdenarco.com\/produit\/hachage-a-bulles\/\"]}]},{\"@type\":\"ImageObject\",\"inLanguage\":\"nl-BE\",\"@id\":\"https:\/\/poudresdenarco.com\/produit\/hachage-a-bulles\/#primaryimage\",\"url\":\"https:\/\/poudresdenarco.com\/wp-content\/uploads\/2024\/01\/BUBBLE-HASH.jpg\",\"contentUrl\":\"https:\/\/poudresdenarco.com\/wp-content\/uploads\/2024\/01\/BUBBLE-HASH.jpg\",\"width\":600,\"height\":600,\"caption\":\"Achetez du BUBBLE-HASH en ligne\"},{\"@type\":\"BreadcrumbList\",\"@id\":\"https:\/\/poudresdenarco.com\/produit\/hachage-a-bulles\/#breadcrumb\",\"itemListElement\":[{\"@type\":\"ListItem\",\"position\":1,\"name\":\"Home\",\"item\":\"https:\/\/poudresdenarco.com\/\"},{\"@type\":\"ListItem\",\"position\":2,\"name\":\"Boutique\",\"item\":\"https:\/\/poudresdenarco.com\/boutique\/\"},{\"@type\":\"ListItem\",\"position\":3,\"name\":\"Hachage \u00e0 bulles\"}]},{\"@type\":\"WebSite\",\"@id\":\"https:\/\/poudresdenarco.com\/#website\",\"url\":\"https:\/\/poudresdenarco.com\/\",\"name\":\"Poudresde Narco\",\"description\":\"Acheter de la coca\u00efne et de l&#039;h\u00e9ro\u00efne en ligne\",\"potentialAction\":[{\"@type\":\"SearchAction\",\"target\":{\"@type\":\"EntryPoint\",\"urlTemplate\":\"https:\/\/poudresdenarco.com\/?s={search_term_string}\"},\"query-input\":{\"@type\":\"PropertyValueSpecification\",\"valueRequired\":true,\"valueName\":\"search_term_string\"}}],\"inLanguage\":\"nl-BE\"}]}<\/script>\n<!-- \/ Yoast SEO plugin. -->","yoast_head_json":{"title":"Acheter du Bubble Hash en ligne - Bubble Hash \u00e0 vendre","description":"Vous souhaitez acheter du Bubble Hash en ligne ? D\u00e9couvrez une plateforme transparente sur notre boutique en ligne o\u00f9 vous pouvez acheter du Bubble Hash, garantissant une qualit\u00e9 de premier ordre pour vos besoins de recherche.","robots":{"index":"index","follow":"follow","max-snippet":"max-snippet:-1","max-image-preview":"max-image-preview:large","max-video-preview":"max-video-preview:-1"},"canonical":"https:\/\/poudresdenarco.com\/nl\/product-2\/bubbelhakken\/","og_locale":"nl_BE","og_type":"article","og_title":"Acheter du Bubble Hash en ligne - Bubble Hash \u00e0 vendre","og_description":"Vous souhaitez acheter du Bubble Hash en ligne ? D\u00e9couvrez une plateforme transparente sur notre boutique en ligne o\u00f9 vous pouvez acheter du Bubble Hash, garantissant une qualit\u00e9 de premier ordre pour vos besoins de recherche.","og_url":"https:\/\/poudresdenarco.com\/nl\/product-2\/bubbelhakken\/","og_site_name":"Poudresde Narco","article_modified_time":"2025-06-10T02:23:43+00:00","og_image":[{"width":600,"height":600,"url":"https:\/\/poudresdenarco.com\/wp-content\/uploads\/2024\/01\/BUBBLE-HASH.jpg","type":"image\/jpeg"}],"twitter_card":"summary_large_image","twitter_misc":{"Geschatte leestijd":"5 minuten"},"schema":{"@context":"https:\/\/schema.org","@graph":[{"@type":"WebPage","@id":"https:\/\/poudresdenarco.com\/produit\/hachage-a-bulles\/","url":"https:\/\/poudresdenarco.com\/produit\/hachage-a-bulles\/","name":"Acheter du Bubble Hash en ligne - Bubble Hash \u00e0 vendre","isPartOf":{"@id":"https:\/\/poudresdenarco.com\/#website"},"primaryImageOfPage":{"@id":"https:\/\/poudresdenarco.com\/produit\/hachage-a-bulles\/#primaryimage"},"image":{"@id":"https:\/\/poudresdenarco.com\/produit\/hachage-a-bulles\/#primaryimage"},"thumbnailUrl":"https:\/\/poudresdenarco.com\/wp-content\/uploads\/2024\/01\/BUBBLE-HASH.jpg","datePublished":"2024-01-02T10:56:19+00:00","dateModified":"2025-06-10T02:23:43+00:00","description":"Vous souhaitez acheter du Bubble Hash en ligne ? D\u00e9couvrez une plateforme transparente sur notre boutique en ligne o\u00f9 vous pouvez acheter du Bubble Hash, garantissant une qualit\u00e9 de premier ordre pour vos besoins de recherche.","breadcrumb":{"@id":"https:\/\/poudresdenarco.com\/produit\/hachage-a-bulles\/#breadcrumb"},"inLanguage":"nl-BE","potentialAction":[{"@type":"ReadAction","target":["https:\/\/poudresdenarco.com\/produit\/hachage-a-bulles\/"]}]},{"@type":"ImageObject","inLanguage":"nl-BE","@id":"https:\/\/poudresdenarco.com\/produit\/hachage-a-bulles\/#primaryimage","url":"https:\/\/poudresdenarco.com\/wp-content\/uploads\/2024\/01\/BUBBLE-HASH.jpg","contentUrl":"https:\/\/poudresdenarco.com\/wp-content\/uploads\/2024\/01\/BUBBLE-HASH.jpg","width":600,"height":600,"caption":"Achetez du BUBBLE-HASH en ligne"},{"@type":"BreadcrumbList","@id":"https:\/\/poudresdenarco.com\/produit\/hachage-a-bulles\/#breadcrumb","itemListElement":[{"@type":"ListItem","position":1,"name":"Home","item":"https:\/\/poudresdenarco.com\/"},{"@type":"ListItem","position":2,"name":"Boutique","item":"https:\/\/poudresdenarco.com\/boutique\/"},{"@type":"ListItem","position":3,"name":"Hachage \u00e0 bulles"}]},{"@type":"WebSite","@id":"https:\/\/poudresdenarco.com\/#website","url":"https:\/\/poudresdenarco.com\/","name":"Poudresde Narco","description":"Acheter de la coca\u00efne et de l&#039;h\u00e9ro\u00efne en ligne","potentialAction":[{"@type":"SearchAction","target":{"@type":"EntryPoint","urlTemplate":"https:\/\/poudresdenarco.com\/?s={search_term_string}"},"query-input":{"@type":"PropertyValueSpecification","valueRequired":true,"valueName":"search_term_string"}}],"inLanguage":"nl-BE"}]}},"_links":{"self":[{"href":"https:\/\/poudresdenarco.com\/nl\/wp-json\/wp\/v2\/product\/4458","targetHints":{"allow":["GET"]}}],"collection":[{"href":"https:\/\/poudresdenarco.com\/nl\/wp-json\/wp\/v2\/product"}],"about":[{"href":"https:\/\/poudresdenarco.com\/nl\/wp-json\/wp\/v2\/types\/product"}],"replies":[{"embeddable":true,"href":"https:\/\/poudresdenarco.com\/nl\/wp-json\/wp\/v2\/comments?post=4458"}],"wp:featuredmedia":[{"embeddable":true,"href":"https:\/\/poudresdenarco.com\/nl\/wp-json\/wp\/v2\/media\/4526"}],"wp:attachment":[{"href":"https:\/\/poudresdenarco.com\/nl\/wp-json\/wp\/v2\/media?parent=4458"}],"wp:term":[{"taxonomy":"product_cat","embeddable":true,"href":"https:\/\/poudresdenarco.com\/nl\/wp-json\/wp\/v2\/product_cat?post=4458"},{"taxonomy":"product_tag","embeddable":true,"href":"https:\/\/poudresdenarco.com\/nl\/wp-json\/wp\/v2\/product_tag?post=4458"}],"curies":[{"name":"wp","href":"https:\/\/api.w.org\/{rel}","templated":true}]}}