{"id":4950,"date":"2024-10-16T11:22:27","date_gmt":"2024-10-16T11:22:27","guid":{"rendered":"https:\/\/poudresdenarco.com\/?post_type=product&#038;p=4950"},"modified":"2024-12-23T09:56:20","modified_gmt":"2024-12-23T09:56:20","slug":"6apb","status":"publish","type":"product","link":"https:\/\/poudresdenarco.com\/nl\/product-2\/6apb\/","title":{"rendered":"6apb"},"content":{"rendered":"<h2>6APB online kopen<\/h2>\n<p>6-(2-aminopropyl) <a href=\"https:\/\/poudresdenarco.com\/nl\/product-2\/6apb\/\">APB 6<\/a>Als een bekend synthetisch entactogeen dat behoort tot de chemische klassen fenethylamine en benzofuraan, is benzofuraan (ook bekend als <a href=\"https:\/\/en.wikipedia.org\/wiki\/6-APB\">6-APB<\/a> of onder de merknaam Benzofury) produceert bij toediening een krachtige en langdurige reeks typische MDA-achtige entactogene effecten, waaronder sedatie, verhoogde gevoelens van empathie, liefde en gezelligheid, spierontspanning, verlichting van angst en fysieke en cognitieve euforie.<\/p>\n<p>poudresdenarco Onderzoek<\/p>\n<h3>WIJ ZIJN EEN WERELDWIJDE LEVERANCIER VAN ONDERZOEKSCHEMICALI\u00cbN<\/h3>\n<p>Met betrekking tot<\/p>\n<p>betrouwbare, gecontroleerde, geverifieerde, veilige en geautoriseerde leveranciers van chemicali\u00ebn voor onderzoek<\/p>\n<p>Presentatie van <a href=\"https:\/\/poudresdenarco.com\/nl\/\">poudresdenarco<\/a>Wij zijn een gerenommeerde leverancier van chemische stoffen voor onderzoek die geavanceerde materialen levert voor jouw projecten. Je hebt een leverancier nodig waarop je kunt vertrouwen om echte en zuivere 100 % chemicali\u00ebn te leveren, en daar kun je zeker van zijn als je met ons samenwerkt. Onze toewijding aan uitmuntendheid en integriteit van de wetenschap heeft ons een van de meest gerenommeerde leveranciers op de internetmarkt gemaakt, een reputatie waar we hard aan werken en die we zeer serieus nemen.<\/p>\n<p>Onze klanten kunnen profiteren van onze verschillende betalingsmogelijkheden, betrouwbare levering en de breedste selectie aan onderzoekschemicali\u00ebn. Met deze aanpak kunnen we een groot aantal onderzoekers op alle continenten helpen om die zeldzame en weinig bestudeerde studiematerialen te vinden die vaak het potentieel hebben om fysische, chemische, biologische of farmaceutische studies aanzienlijk te be\u00efnvloeden. We zijn voortdurend op zoek naar manieren om ons aanbod te verbeteren en voegen waar mogelijk nieuwe onderzoekschemicali\u00ebn toe aan onze lijst met producten om onze doelstelling te halen.<\/p>\n<h3><strong>Koop hoge zuiverheid 6-APB voor onderzoek - Narco Powders<\/strong><\/h3>\n<p><strong>Verdovende poeders<\/strong> is uw betrouwbare bron voor <strong>6-APB hoge zuiverheid<\/strong>ontworpen voor <strong>wetenschappelijke laboratoriumtoepassingen<\/strong>. Onze 6-APB wordt geproduceerd volgens strenge kwaliteitsnormen en garandeert consistente en betrouwbare resultaten voor onderzoekers in de chemie en farmacologie.<\/p>\n<h3>Waarom 6-APB kopen bij Poudres de Narco?<\/h3>\n<p>Als <strong>leverancier van 6-APB voor onderzoek<\/strong>, <strong>Verdovende poeders<\/strong> streeft ernaar producten van hoge kwaliteit aan te bieden die zijn afgestemd op de behoeften van <strong>gecertificeerde laboratoria<\/strong> :<\/p>\n<ul>\n<li><strong>6-APB hoge zuiverheid voor laboratoria<\/strong> Elke batch wordt streng getest om een optimale zuiverheid te garanderen, wat essentieel is voor specifieke wetenschappelijke toepassingen.<\/li>\n<li><strong>Consistente, betrouwbare kwaliteit<\/strong> : Onze 6-APB is geformuleerd voor stabiele prestaties en voldoet aan de eisen van <strong>analytische laboratoriumonderzoeken<\/strong>.<\/li>\n<li><strong>Veilig online bestellen<\/strong> : <strong>Verdovende poeders<\/strong> maakt het gemakkelijker om<strong>6-APB online kopen<\/strong> met een veilig bestelproces dat is ontworpen voor onderzoeksprofessionals.<\/li>\n<\/ul>\n<h3>Toepassingen en veiligheidsinstructies<\/h3>\n<p>Le <strong>6-APB voor onderzoek<\/strong> van <strong>Verdovende poeders<\/strong> is bedoeld voor <strong>analytische toepassingen en wetenschappelijke studies<\/strong>. We bieden gedetailleerde protocollen voor veilig en conform gebruik:<\/p>\n<ul>\n<li><strong>Veilige opslag<\/strong> Bewaar 6-APB op een koele, droge plaats, uit de buurt van licht.<\/li>\n<li><strong>Hantering met voorzorgsmaatregelen<\/strong> Gebruik persoonlijke beschermingsmiddelen (PPE) en werk in goed geventileerde ruimtes.<\/li>\n<li><strong>Gebruik strikt voorbehouden aan onderzoek<\/strong> Dit product is ontworpen voor laboratoria en gekwalificeerde onderzoekers die in gecontroleerde omgevingen werken.<\/li>\n<\/ul>\n<h3>Bestel zeer zuiver 6-APB voor uw wetenschappelijke studies<\/h3>\n<p>Met <strong>Verdovende poeders<\/strong>profiteren van <strong>betrouwbare levering van 6-APB voor laboratoriumtoepassingen<\/strong>. <strong>Neem contact met ons op<\/strong> voor een offerte of om meer te weten te komen over ons assortiment producten voor wetenschappelijk onderzoek.<\/p>\n<p>&nbsp;<\/p>","protected":false},"excerpt":{"rendered":"<p>Acheter 6APB en ligne 6-(2-aminopropyl) APB 6-En tant qu&rsquo;entactog\u00e8ne synth\u00e9tique bien connu appartenant aux classes chimiques de la ph\u00e9n\u00e9thylamine et du benzofurane, le benzofurane (\u00e9galement connu sous le nom de 6-APB ou sous le nom de marque Benzofury) produit une gamme puissante et durable d&rsquo;effets entactog\u00e8nes typiques de type MDA lorsqu&rsquo;il est administr\u00e9, notamment la&hellip;<\/p>","protected":false},"featured_media":6153,"comment_status":"closed","ping_status":"closed","template":"","meta":{"_joinchat":[]},"product_cat":[558,751],"product_tag":[],"class_list":{"0":"post-4950","1":"product","2":"type-product","3":"status-publish","4":"has-post-thumbnail","6":"product_cat-chimiques-de-recherche","7":"product_cat-stimulants","9":"first","10":"instock","11":"shipping-taxable","12":"purchasable","13":"product-type-variable","14":"col-xs-6 col-sm-4","15":"col-md-3 col-lg-3","16":"un-4-cols"},"yoast_head":"<!-- This site is optimized with the Yoast SEO plugin v23.8 - https:\/\/yoast.com\/wordpress\/plugins\/seo\/ -->\n<title>&quot;Acheter 6-APB | Poudres de Narco&quot;<\/title>\n<meta name=\"description\" content=\"Poudres de Narco, fournisseur de 6-APB pour applications scientifiques en laboratoire. Puret\u00e9 et s\u00e9curit\u00e9 garanties pour recherches scientifiques.\" \/>\n<meta name=\"robots\" content=\"index, follow, max-snippet:-1, max-image-preview:large, max-video-preview:-1\" \/>\n<link rel=\"canonical\" href=\"https:\/\/poudresdenarco.com\/nl\/product-2\/6apb\/\" \/>\n<meta property=\"og:locale\" content=\"nl_BE\" \/>\n<meta property=\"og:type\" content=\"article\" \/>\n<meta property=\"og:title\" content=\"&quot;Acheter 6-APB | Poudres de Narco&quot;\" \/>\n<meta property=\"og:description\" content=\"Poudres de Narco, fournisseur de 6-APB pour applications scientifiques en laboratoire. Puret\u00e9 et s\u00e9curit\u00e9 garanties pour recherches scientifiques.\" \/>\n<meta property=\"og:url\" content=\"https:\/\/poudresdenarco.com\/nl\/product-2\/6apb\/\" \/>\n<meta property=\"og:site_name\" content=\"Poudresde Narco\" \/>\n<meta property=\"article:modified_time\" content=\"2024-12-23T09:56:20+00:00\" \/>\n<meta property=\"og:image\" content=\"https:\/\/poudresdenarco.com\/wp-content\/uploads\/2024\/10\/6apb.gif\" \/>\n\t<meta property=\"og:image:width\" content=\"600\" \/>\n\t<meta property=\"og:image:height\" content=\"600\" \/>\n\t<meta property=\"og:image:type\" content=\"image\/gif\" \/>\n<meta name=\"twitter:card\" content=\"summary_large_image\" \/>\n<meta name=\"twitter:label1\" content=\"Geschatte leestijd\" \/>\n\t<meta name=\"twitter:data1\" content=\"3 minuten\" \/>\n<script type=\"application\/ld+json\" class=\"yoast-schema-graph\">{\"@context\":\"https:\/\/schema.org\",\"@graph\":[{\"@type\":\"WebPage\",\"@id\":\"https:\/\/poudresdenarco.com\/produit\/6apb\/\",\"url\":\"https:\/\/poudresdenarco.com\/produit\/6apb\/\",\"name\":\"\\\"Acheter 6-APB | Poudres de Narco\\\"\",\"isPartOf\":{\"@id\":\"https:\/\/poudresdenarco.com\/#website\"},\"primaryImageOfPage\":{\"@id\":\"https:\/\/poudresdenarco.com\/produit\/6apb\/#primaryimage\"},\"image\":{\"@id\":\"https:\/\/poudresdenarco.com\/produit\/6apb\/#primaryimage\"},\"thumbnailUrl\":\"https:\/\/poudresdenarco.com\/wp-content\/uploads\/2024\/10\/6apb.gif\",\"datePublished\":\"2024-10-16T11:22:27+00:00\",\"dateModified\":\"2024-12-23T09:56:20+00:00\",\"description\":\"Poudres de Narco, fournisseur de 6-APB pour applications scientifiques en laboratoire. Puret\u00e9 et s\u00e9curit\u00e9 garanties pour recherches scientifiques.\",\"breadcrumb\":{\"@id\":\"https:\/\/poudresdenarco.com\/produit\/6apb\/#breadcrumb\"},\"inLanguage\":\"nl-BE\",\"potentialAction\":[{\"@type\":\"ReadAction\",\"target\":[\"https:\/\/poudresdenarco.com\/produit\/6apb\/\"]}]},{\"@type\":\"ImageObject\",\"inLanguage\":\"nl-BE\",\"@id\":\"https:\/\/poudresdenarco.com\/produit\/6apb\/#primaryimage\",\"url\":\"https:\/\/poudresdenarco.com\/wp-content\/uploads\/2024\/10\/6apb.gif\",\"contentUrl\":\"https:\/\/poudresdenarco.com\/wp-content\/uploads\/2024\/10\/6apb.gif\",\"width\":600,\"height\":600,\"caption\":\"6apb\"},{\"@type\":\"BreadcrumbList\",\"@id\":\"https:\/\/poudresdenarco.com\/produit\/6apb\/#breadcrumb\",\"itemListElement\":[{\"@type\":\"ListItem\",\"position\":1,\"name\":\"Home\",\"item\":\"https:\/\/poudresdenarco.com\/\"},{\"@type\":\"ListItem\",\"position\":2,\"name\":\"Boutique\",\"item\":\"https:\/\/poudresdenarco.com\/boutique\/\"},{\"@type\":\"ListItem\",\"position\":3,\"name\":\"6apb\"}]},{\"@type\":\"WebSite\",\"@id\":\"https:\/\/poudresdenarco.com\/#website\",\"url\":\"https:\/\/poudresdenarco.com\/\",\"name\":\"Poudresde Narco\",\"description\":\"Acheter de la coca\u00efne et de l&#039;h\u00e9ro\u00efne en ligne\",\"potentialAction\":[{\"@type\":\"SearchAction\",\"target\":{\"@type\":\"EntryPoint\",\"urlTemplate\":\"https:\/\/poudresdenarco.com\/?s={search_term_string}\"},\"query-input\":{\"@type\":\"PropertyValueSpecification\",\"valueRequired\":true,\"valueName\":\"search_term_string\"}}],\"inLanguage\":\"nl-BE\"}]}<\/script>\n<!-- \/ Yoast SEO plugin. -->","yoast_head_json":{"title":"\"Acheter 6-APB | Poudres de Narco\"","description":"Poudres de Narco, fournisseur de 6-APB pour applications scientifiques en laboratoire. Puret\u00e9 et s\u00e9curit\u00e9 garanties pour recherches scientifiques.","robots":{"index":"index","follow":"follow","max-snippet":"max-snippet:-1","max-image-preview":"max-image-preview:large","max-video-preview":"max-video-preview:-1"},"canonical":"https:\/\/poudresdenarco.com\/nl\/product-2\/6apb\/","og_locale":"nl_BE","og_type":"article","og_title":"\"Acheter 6-APB | Poudres de Narco\"","og_description":"Poudres de Narco, fournisseur de 6-APB pour applications scientifiques en laboratoire. Puret\u00e9 et s\u00e9curit\u00e9 garanties pour recherches scientifiques.","og_url":"https:\/\/poudresdenarco.com\/nl\/product-2\/6apb\/","og_site_name":"Poudresde Narco","article_modified_time":"2024-12-23T09:56:20+00:00","og_image":[{"width":600,"height":600,"url":"https:\/\/poudresdenarco.com\/wp-content\/uploads\/2024\/10\/6apb.gif","type":"image\/gif"}],"twitter_card":"summary_large_image","twitter_misc":{"Geschatte leestijd":"3 minuten"},"schema":{"@context":"https:\/\/schema.org","@graph":[{"@type":"WebPage","@id":"https:\/\/poudresdenarco.com\/produit\/6apb\/","url":"https:\/\/poudresdenarco.com\/produit\/6apb\/","name":"\"Acheter 6-APB | Poudres de Narco\"","isPartOf":{"@id":"https:\/\/poudresdenarco.com\/#website"},"primaryImageOfPage":{"@id":"https:\/\/poudresdenarco.com\/produit\/6apb\/#primaryimage"},"image":{"@id":"https:\/\/poudresdenarco.com\/produit\/6apb\/#primaryimage"},"thumbnailUrl":"https:\/\/poudresdenarco.com\/wp-content\/uploads\/2024\/10\/6apb.gif","datePublished":"2024-10-16T11:22:27+00:00","dateModified":"2024-12-23T09:56:20+00:00","description":"Poudres de Narco, fournisseur de 6-APB pour applications scientifiques en laboratoire. Puret\u00e9 et s\u00e9curit\u00e9 garanties pour recherches scientifiques.","breadcrumb":{"@id":"https:\/\/poudresdenarco.com\/produit\/6apb\/#breadcrumb"},"inLanguage":"nl-BE","potentialAction":[{"@type":"ReadAction","target":["https:\/\/poudresdenarco.com\/produit\/6apb\/"]}]},{"@type":"ImageObject","inLanguage":"nl-BE","@id":"https:\/\/poudresdenarco.com\/produit\/6apb\/#primaryimage","url":"https:\/\/poudresdenarco.com\/wp-content\/uploads\/2024\/10\/6apb.gif","contentUrl":"https:\/\/poudresdenarco.com\/wp-content\/uploads\/2024\/10\/6apb.gif","width":600,"height":600,"caption":"6apb"},{"@type":"BreadcrumbList","@id":"https:\/\/poudresdenarco.com\/produit\/6apb\/#breadcrumb","itemListElement":[{"@type":"ListItem","position":1,"name":"Home","item":"https:\/\/poudresdenarco.com\/"},{"@type":"ListItem","position":2,"name":"Boutique","item":"https:\/\/poudresdenarco.com\/boutique\/"},{"@type":"ListItem","position":3,"name":"6apb"}]},{"@type":"WebSite","@id":"https:\/\/poudresdenarco.com\/#website","url":"https:\/\/poudresdenarco.com\/","name":"Poudresde Narco","description":"Acheter de la coca\u00efne et de l&#039;h\u00e9ro\u00efne en ligne","potentialAction":[{"@type":"SearchAction","target":{"@type":"EntryPoint","urlTemplate":"https:\/\/poudresdenarco.com\/?s={search_term_string}"},"query-input":{"@type":"PropertyValueSpecification","valueRequired":true,"valueName":"search_term_string"}}],"inLanguage":"nl-BE"}]}},"_links":{"self":[{"href":"https:\/\/poudresdenarco.com\/nl\/wp-json\/wp\/v2\/product\/4950","targetHints":{"allow":["GET"]}}],"collection":[{"href":"https:\/\/poudresdenarco.com\/nl\/wp-json\/wp\/v2\/product"}],"about":[{"href":"https:\/\/poudresdenarco.com\/nl\/wp-json\/wp\/v2\/types\/product"}],"replies":[{"embeddable":true,"href":"https:\/\/poudresdenarco.com\/nl\/wp-json\/wp\/v2\/comments?post=4950"}],"wp:featuredmedia":[{"embeddable":true,"href":"https:\/\/poudresdenarco.com\/nl\/wp-json\/wp\/v2\/media\/6153"}],"wp:attachment":[{"href":"https:\/\/poudresdenarco.com\/nl\/wp-json\/wp\/v2\/media?parent=4950"}],"wp:term":[{"taxonomy":"product_cat","embeddable":true,"href":"https:\/\/poudresdenarco.com\/nl\/wp-json\/wp\/v2\/product_cat?post=4950"},{"taxonomy":"product_tag","embeddable":true,"href":"https:\/\/poudresdenarco.com\/nl\/wp-json\/wp\/v2\/product_tag?post=4950"}],"curies":[{"name":"wp","href":"https:\/\/api.w.org\/{rel}","templated":true}]}}