{"id":4951,"date":"2024-10-16T11:22:28","date_gmt":"2024-10-16T11:22:28","guid":{"rendered":"https:\/\/poudresdenarco.com\/?post_type=product&#038;p=4951"},"modified":"2024-11-05T08:42:21","modified_gmt":"2024-11-05T08:42:21","slug":"lsd","status":"publish","type":"product","link":"https:\/\/poudresdenarco.com\/nl\/product-2\/lsd\/","title":{"rendered":"LSD"},"content":{"rendered":"<h2>LSD-poeder online kopen<\/h2>\n<p>Druppels van <a href=\"https:\/\/poudresdenarco.com\/nl\/product-2\/lsd\/\">LSD<\/a> (lyserginezuurdiethylamide) vloeipapier LSD (lyserginezuurdiethylamide) Zoutpoeder\/vloeipapier<\/p>\n<h3>C20H25N3O is de formule<a href=\"https:\/\/legitgrams.com\/product\/bolivia-cocaine\/\">.<\/a><\/h3>\n<p>IUPAC ID: 6aR,9R-[4,3-fg] N,N-diethyl-7-methyl-4,6,6a,7,8,9-hexahydroindolo-Nine-carboxamide chinoline<\/p>\n<p>bulkdichtheid: 323,43 g\/mol<\/p>\n<p>\u00b0C is het smeltpunt.<\/p>\n<p>CAS-nummer: 50-37-3<\/p>\n<p>Acid, of lyserginezuurdi\u00ebthylamide, is een psychedelische stof die bekend staat om zijn hallucinogene eigenschappen. Wikipedia<\/p>\n<p>C20H25N3O is de formule.<\/p>\n<p>IUPAC ID: 6aR,9R-[4,3-fg] N,N-diethyl-7-methyl-4,6,6a,7,8,9-hexahydroindolo; negen-carboxamide chinoline<\/p>\n<p>bulkdichtheid: 323,43 g\/mol<\/p>\n<p>\u00b0C is het smeltpunt.<\/p>\n<p>CAS-nummer: 50-37-3<\/p>\n<h3><strong>LSD van hoge zuiverheid kopen voor onderzoek - Narco Powders<\/strong><\/h3>\n<p><strong>Verdovende poeders<\/strong> is uw vertrouwde leverancier voor <strong>Onderzoekskwaliteit LSD<\/strong>speciaal ontworpen voor <strong>wetenschappelijke laboratoriumtoepassingen<\/strong>. Onze LSD wordt geproduceerd volgens strikte zuiverheids- en kwaliteitsnormen, waardoor onderzoekers in de chemie en farmacologie verzekerd zijn van betrouwbare resultaten.<\/p>\n<h3>Waarom kiezen voor LSD van Poudres de Narco?<\/h3>\n<p>Als <strong>leverancier van LSD voor onderzoek<\/strong>, <strong>Verdovende poeders<\/strong> garandeert producten die uitvoerig zijn getest en voldoen aan <strong>gecertificeerde laboratoria<\/strong> :<\/p>\n<ul>\n<li><strong>Zeer zuivere LSD voor laboratoria<\/strong> Elke partij wordt zorgvuldig getest om een optimale zuiverheid te garanderen, wat essentieel is voor <strong>specifieke wetenschappelijke toepassingen<\/strong>.<\/li>\n<li><strong>Betrouwbare, consistente kwaliteit<\/strong> : Onze LSD is samengesteld om stabiele, betrouwbare prestaties te leveren, ideaal voor <strong>analytische studies en laboratoriumonderzoek<\/strong>.<\/li>\n<li><strong>Veilig online bestellen<\/strong> : <strong>Verdovende poeders<\/strong> vereenvoudigt<strong>LSD online kopen<\/strong>Een veilig proces dat voldoet aan de eisen van onderzoeksprofessionals.<\/li>\n<\/ul>\n<h3>Toepassingen en veiligheidsinstructies<\/h3>\n<p>Le <strong>LSD voor onderzoek<\/strong> van <strong>Verdovende poeders<\/strong> is bedoeld voor <strong>analytische toepassingen en wetenschappelijke studies<\/strong>. Voor een correct gebruik geven we veiligheidsinstructies :<\/p>\n<ul>\n<li><strong>Veilige opslag<\/strong> Bewaar LSD op een koele, droge plek uit de buurt van licht om de kwaliteit te behouden.<\/li>\n<li><strong>Hantering met voorzorgsmaatregelen<\/strong> Gebruik persoonlijke beschermingsmiddelen (PPE) en werk in een goed geventileerde omgeving om de veiligheid te garanderen.<\/li>\n<li><strong>Gebruik strikt voorbehouden aan onderzoek<\/strong> Dit product is uitsluitend bedoeld voor gekwalificeerde onderzoekers en gecertificeerde laboratoria.<\/li>\n<\/ul>\n<h3>Bestel LSD van hoge zuiverheid voor je wetenschappelijke studies<\/h3>\n<p>Met <strong>Verdovende poeders<\/strong>profiteren van <strong>betrouwbare levering van LSD voor laboratoriumtoepassingen<\/strong>. Onze hoge kwaliteits- en veiligheidsnormen maken <strong>Verdovende poeders<\/strong> de vertrouwde keuze voor onderzoeksprofessionals. <strong>Neem contact met ons op<\/strong> voor een offerte of om meer te weten te komen over ons assortiment hoogzuivere producten voor wetenschappelijk onderzoek.<\/p>","protected":false},"excerpt":{"rendered":"<p>Acheter LSD en poudre en ligne Gouttes de LSD (di\u00e9thylamide d&rsquo;acide lysergique) buvard LSD (di\u00e9thylamide d&rsquo;acide lysergique) Poudre de sel\/papier buvard C20H25N3O est la formule. ID IUPAC\u00a0: 6aR,9R- [4,3-fg] N,N-di\u00e9thyl-7-m\u00e9thyl-4,6,6a,7,8,9-hexahydroindolo- Nine-carboxamide quinol\u00e9ine Densit\u00e9 apparente\u00a0: 323,43 g\/mol \u00b0C est le point de fusion. Num\u00e9ro CAS\u00a0: 50-37-3 L&rsquo;acide, ou acide lysergique di\u00e9thylamide, est une substance psych\u00e9d\u00e9lique bien&hellip;<\/p>","protected":false},"featured_media":6172,"comment_status":"closed","ping_status":"closed","template":"","meta":{"_joinchat":[]},"product_cat":[558],"product_tag":[],"class_list":{"0":"post-4951","1":"product","2":"type-product","3":"status-publish","4":"has-post-thumbnail","6":"product_cat-chimiques-de-recherche","8":"first","9":"instock","10":"shipping-taxable","11":"purchasable","12":"product-type-variable","13":"col-xs-6 col-sm-4","14":"col-md-3 col-lg-3","15":"un-4-cols"},"yoast_head":"<!-- This site is optimized with the Yoast SEO plugin v23.8 - https:\/\/yoast.com\/wordpress\/plugins\/seo\/ -->\n<title>Acheter LSD pour la Recherche | Poudres de Narco<\/title>\n<meta name=\"description\" content=\"Fournisseur de LSD pour applications scientifiques en laboratoire. Puret\u00e9 et s\u00e9curit\u00e9 garanties pour recherches avanc\u00e9es chez Poudres de Narco.\" \/>\n<meta name=\"robots\" content=\"index, follow, max-snippet:-1, max-image-preview:large, max-video-preview:-1\" \/>\n<link rel=\"canonical\" href=\"https:\/\/poudresdenarco.com\/nl\/product-2\/lsd\/\" \/>\n<meta property=\"og:locale\" content=\"nl_BE\" \/>\n<meta property=\"og:type\" content=\"article\" \/>\n<meta property=\"og:title\" content=\"Acheter LSD pour la Recherche | Poudres de Narco\" \/>\n<meta property=\"og:description\" content=\"Fournisseur de LSD pour applications scientifiques en laboratoire. Puret\u00e9 et s\u00e9curit\u00e9 garanties pour recherches avanc\u00e9es chez Poudres de Narco.\" \/>\n<meta property=\"og:url\" content=\"https:\/\/poudresdenarco.com\/nl\/product-2\/lsd\/\" \/>\n<meta property=\"og:site_name\" content=\"Poudresde Narco\" \/>\n<meta property=\"article:modified_time\" content=\"2024-11-05T08:42:21+00:00\" \/>\n<meta property=\"og:image\" content=\"https:\/\/poudresdenarco.com\/wp-content\/uploads\/2024\/10\/LSD.gif\" \/>\n\t<meta property=\"og:image:width\" content=\"600\" \/>\n\t<meta property=\"og:image:height\" content=\"600\" \/>\n\t<meta property=\"og:image:type\" content=\"image\/gif\" \/>\n<meta name=\"twitter:card\" content=\"summary_large_image\" \/>\n<meta name=\"twitter:label1\" content=\"Geschatte leestijd\" \/>\n\t<meta name=\"twitter:data1\" content=\"2 minuten\" \/>\n<script type=\"application\/ld+json\" class=\"yoast-schema-graph\">{\"@context\":\"https:\/\/schema.org\",\"@graph\":[{\"@type\":\"WebPage\",\"@id\":\"https:\/\/poudresdenarco.com\/produit\/lsd\/\",\"url\":\"https:\/\/poudresdenarco.com\/produit\/lsd\/\",\"name\":\"Acheter LSD pour la Recherche | Poudres de Narco\",\"isPartOf\":{\"@id\":\"https:\/\/poudresdenarco.com\/#website\"},\"primaryImageOfPage\":{\"@id\":\"https:\/\/poudresdenarco.com\/produit\/lsd\/#primaryimage\"},\"image\":{\"@id\":\"https:\/\/poudresdenarco.com\/produit\/lsd\/#primaryimage\"},\"thumbnailUrl\":\"https:\/\/poudresdenarco.com\/wp-content\/uploads\/2024\/10\/LSD.gif\",\"datePublished\":\"2024-10-16T11:22:28+00:00\",\"dateModified\":\"2024-11-05T08:42:21+00:00\",\"description\":\"Fournisseur de LSD pour applications scientifiques en laboratoire. Puret\u00e9 et s\u00e9curit\u00e9 garanties pour recherches avanc\u00e9es chez Poudres de Narco.\",\"breadcrumb\":{\"@id\":\"https:\/\/poudresdenarco.com\/produit\/lsd\/#breadcrumb\"},\"inLanguage\":\"nl-BE\",\"potentialAction\":[{\"@type\":\"ReadAction\",\"target\":[\"https:\/\/poudresdenarco.com\/produit\/lsd\/\"]}]},{\"@type\":\"ImageObject\",\"inLanguage\":\"nl-BE\",\"@id\":\"https:\/\/poudresdenarco.com\/produit\/lsd\/#primaryimage\",\"url\":\"https:\/\/poudresdenarco.com\/wp-content\/uploads\/2024\/10\/LSD.gif\",\"contentUrl\":\"https:\/\/poudresdenarco.com\/wp-content\/uploads\/2024\/10\/LSD.gif\",\"width\":600,\"height\":600,\"caption\":\"LSD\"},{\"@type\":\"BreadcrumbList\",\"@id\":\"https:\/\/poudresdenarco.com\/produit\/lsd\/#breadcrumb\",\"itemListElement\":[{\"@type\":\"ListItem\",\"position\":1,\"name\":\"Home\",\"item\":\"https:\/\/poudresdenarco.com\/\"},{\"@type\":\"ListItem\",\"position\":2,\"name\":\"Boutique\",\"item\":\"https:\/\/poudresdenarco.com\/boutique\/\"},{\"@type\":\"ListItem\",\"position\":3,\"name\":\"LSD\"}]},{\"@type\":\"WebSite\",\"@id\":\"https:\/\/poudresdenarco.com\/#website\",\"url\":\"https:\/\/poudresdenarco.com\/\",\"name\":\"Poudresde Narco\",\"description\":\"Acheter de la coca\u00efne et de l&#039;h\u00e9ro\u00efne en ligne\",\"potentialAction\":[{\"@type\":\"SearchAction\",\"target\":{\"@type\":\"EntryPoint\",\"urlTemplate\":\"https:\/\/poudresdenarco.com\/?s={search_term_string}\"},\"query-input\":{\"@type\":\"PropertyValueSpecification\",\"valueRequired\":true,\"valueName\":\"search_term_string\"}}],\"inLanguage\":\"nl-BE\"}]}<\/script>\n<!-- \/ Yoast SEO plugin. -->","yoast_head_json":{"title":"Acheter LSD pour la Recherche | Poudres de Narco","description":"Fournisseur de LSD pour applications scientifiques en laboratoire. Puret\u00e9 et s\u00e9curit\u00e9 garanties pour recherches avanc\u00e9es chez Poudres de Narco.","robots":{"index":"index","follow":"follow","max-snippet":"max-snippet:-1","max-image-preview":"max-image-preview:large","max-video-preview":"max-video-preview:-1"},"canonical":"https:\/\/poudresdenarco.com\/nl\/product-2\/lsd\/","og_locale":"nl_BE","og_type":"article","og_title":"Acheter LSD pour la Recherche | Poudres de Narco","og_description":"Fournisseur de LSD pour applications scientifiques en laboratoire. Puret\u00e9 et s\u00e9curit\u00e9 garanties pour recherches avanc\u00e9es chez Poudres de Narco.","og_url":"https:\/\/poudresdenarco.com\/nl\/product-2\/lsd\/","og_site_name":"Poudresde Narco","article_modified_time":"2024-11-05T08:42:21+00:00","og_image":[{"width":600,"height":600,"url":"https:\/\/poudresdenarco.com\/wp-content\/uploads\/2024\/10\/LSD.gif","type":"image\/gif"}],"twitter_card":"summary_large_image","twitter_misc":{"Geschatte leestijd":"2 minuten"},"schema":{"@context":"https:\/\/schema.org","@graph":[{"@type":"WebPage","@id":"https:\/\/poudresdenarco.com\/produit\/lsd\/","url":"https:\/\/poudresdenarco.com\/produit\/lsd\/","name":"Acheter LSD pour la Recherche | Poudres de Narco","isPartOf":{"@id":"https:\/\/poudresdenarco.com\/#website"},"primaryImageOfPage":{"@id":"https:\/\/poudresdenarco.com\/produit\/lsd\/#primaryimage"},"image":{"@id":"https:\/\/poudresdenarco.com\/produit\/lsd\/#primaryimage"},"thumbnailUrl":"https:\/\/poudresdenarco.com\/wp-content\/uploads\/2024\/10\/LSD.gif","datePublished":"2024-10-16T11:22:28+00:00","dateModified":"2024-11-05T08:42:21+00:00","description":"Fournisseur de LSD pour applications scientifiques en laboratoire. Puret\u00e9 et s\u00e9curit\u00e9 garanties pour recherches avanc\u00e9es chez Poudres de Narco.","breadcrumb":{"@id":"https:\/\/poudresdenarco.com\/produit\/lsd\/#breadcrumb"},"inLanguage":"nl-BE","potentialAction":[{"@type":"ReadAction","target":["https:\/\/poudresdenarco.com\/produit\/lsd\/"]}]},{"@type":"ImageObject","inLanguage":"nl-BE","@id":"https:\/\/poudresdenarco.com\/produit\/lsd\/#primaryimage","url":"https:\/\/poudresdenarco.com\/wp-content\/uploads\/2024\/10\/LSD.gif","contentUrl":"https:\/\/poudresdenarco.com\/wp-content\/uploads\/2024\/10\/LSD.gif","width":600,"height":600,"caption":"LSD"},{"@type":"BreadcrumbList","@id":"https:\/\/poudresdenarco.com\/produit\/lsd\/#breadcrumb","itemListElement":[{"@type":"ListItem","position":1,"name":"Home","item":"https:\/\/poudresdenarco.com\/"},{"@type":"ListItem","position":2,"name":"Boutique","item":"https:\/\/poudresdenarco.com\/boutique\/"},{"@type":"ListItem","position":3,"name":"LSD"}]},{"@type":"WebSite","@id":"https:\/\/poudresdenarco.com\/#website","url":"https:\/\/poudresdenarco.com\/","name":"Poudresde Narco","description":"Acheter de la coca\u00efne et de l&#039;h\u00e9ro\u00efne en ligne","potentialAction":[{"@type":"SearchAction","target":{"@type":"EntryPoint","urlTemplate":"https:\/\/poudresdenarco.com\/?s={search_term_string}"},"query-input":{"@type":"PropertyValueSpecification","valueRequired":true,"valueName":"search_term_string"}}],"inLanguage":"nl-BE"}]}},"_links":{"self":[{"href":"https:\/\/poudresdenarco.com\/nl\/wp-json\/wp\/v2\/product\/4951","targetHints":{"allow":["GET"]}}],"collection":[{"href":"https:\/\/poudresdenarco.com\/nl\/wp-json\/wp\/v2\/product"}],"about":[{"href":"https:\/\/poudresdenarco.com\/nl\/wp-json\/wp\/v2\/types\/product"}],"replies":[{"embeddable":true,"href":"https:\/\/poudresdenarco.com\/nl\/wp-json\/wp\/v2\/comments?post=4951"}],"wp:featuredmedia":[{"embeddable":true,"href":"https:\/\/poudresdenarco.com\/nl\/wp-json\/wp\/v2\/media\/6172"}],"wp:attachment":[{"href":"https:\/\/poudresdenarco.com\/nl\/wp-json\/wp\/v2\/media?parent=4951"}],"wp:term":[{"taxonomy":"product_cat","embeddable":true,"href":"https:\/\/poudresdenarco.com\/nl\/wp-json\/wp\/v2\/product_cat?post=4951"},{"taxonomy":"product_tag","embeddable":true,"href":"https:\/\/poudresdenarco.com\/nl\/wp-json\/wp\/v2\/product_tag?post=4951"}],"curies":[{"name":"wp","href":"https:\/\/api.w.org\/{rel}","templated":true}]}}