{"id":5078,"date":"2024-10-16T11:24:40","date_gmt":"2024-10-16T11:24:40","guid":{"rendered":"https:\/\/poudresdenarco.com\/?post_type=product&#038;p=5078"},"modified":"2024-12-23T09:49:33","modified_gmt":"2024-12-23T09:49:33","slug":"adbb","status":"publish","type":"product","link":"https:\/\/poudresdenarco.com\/nl\/product-2\/adbb\/","title":{"rendered":"ADBB"},"content":{"rendered":"<h2><strong>Hoogzuivere ADBB kopen voor onderzoek <a href=\"https:\/\/cokebricks.com\/product\/5f-emb\/\">&#8211;<\/a> Verdovende poeders<\/strong><\/h2>\n<p><strong>Verdovende poeders<\/strong> is uw vertrouwde leverancier voor<strong>ADBB kwaliteitsonderzoek<\/strong> (ADB-Butinaca), speciaal ontworpen voor <strong>wetenschappelijke laboratoriumtoepassingen<\/strong>. Onze ADBB wordt geproduceerd volgens strikte zuiverheids- en kwaliteitsnormen en garandeert betrouwbare resultaten voor onderzoekers in de chemie en farmacologie.<a href=\"https:\/\/poudresdenarco.com\/nl\/\"> ADBB kopen.<\/a><\/p>\n<h3>Waarom kiezen voor ADBB de Poudres de Narco?<\/h3>\n<p>Als <strong>leverancier van ADBB voor onderzoek<\/strong>, <strong>Verdovende poeders<\/strong> streeft ernaar om grondig geteste producten aan te bieden, aangepast aan de behoeften van zijn klanten. <strong>gecertificeerde laboratoria<\/strong> :<\/p>\n<ul>\n<li><strong>ADBB met hoge zuiverheidsgraad voor laboratoria<\/strong> Elke partij wordt streng getest om een optimale zuiverheid te garanderen, wat essentieel is voor <strong>specifieke wetenschappelijke toepassingen<\/strong>.<\/li>\n<li><strong>Consistente, betrouwbare kwaliteit<\/strong> Onze ADBB is geformuleerd voor stabiele prestaties, ideaal voor <strong>analytische studies en laboratoriumonderzoek<\/strong>.<\/li>\n<li><strong>Veilig online bestellen<\/strong> : <strong>Verdovende poeders<\/strong> biedt een vereenvoudigd proces voor<strong>ADBB online kopen<\/strong>zorgen voor veiligheid en compliance voor onderzoeksprofessionals.<\/li>\n<\/ul>\n<h3>Toepassingen en veiligheidsinstructies<\/h3>\n<p>L'<strong>ADBB voor onderzoek<\/strong> van <strong>Verdovende poeders<\/strong> is bedoeld voor <strong>analytische toepassingen en wetenschappelijke studies<\/strong>. Voor een correct en veilig gebruik geven we veiligheidsinstructies :<\/p>\n<ul>\n<li><strong>Veilige opslag<\/strong> Bewaar ADBB op een koele, droge plaats uit de buurt van licht om de kwaliteit te behouden.<\/li>\n<li><strong>Hantering met voorzorgsmaatregelen<\/strong> Gebruik persoonlijke beschermingsmiddelen (PPE) en werk in een goed geventileerde omgeving om de veiligheid te garanderen.<\/li>\n<li><strong>Gebruik strikt voorbehouden aan onderzoek<\/strong> Dit product is uitsluitend bedoeld voor gekwalificeerde onderzoekers en gecertificeerde laboratoria.<\/li>\n<\/ul>\n<h3>Bestel hoogzuivere ADBB voor je wetenschappelijke studies<\/h3>\n<p>Met <strong>Verdovende poeders<\/strong>profiteren van <strong>betrouwbare levering van ADBB voor laboratoriumtoepassingen<\/strong>. Onze hoge kwaliteits- en veiligheidsnormen maken <strong>Verdovende poeders<\/strong> de vertrouwde keuze voor onderzoeksprofessionals. <strong>Neem contact met ons op<\/strong> voor een offerte of om meer te weten te komen over ons assortiment hoogzuivere producten voor wetenschappelijk onderzoek.<\/p>","protected":false},"excerpt":{"rendered":"<p>Acheter de l&rsquo;ADBB de Haute Puret\u00e9 pour la Recherche &#8211; Poudres de Narco Poudres de Narco est votre fournisseur de confiance pour l&rsquo;ADBB de qualit\u00e9 recherche (ADB-Butinaca), con\u00e7u sp\u00e9cifiquement pour des applications scientifiques en laboratoire. Notre ADBB est produit selon des normes strictes de puret\u00e9 et de qualit\u00e9, garantissant des r\u00e9sultats fiables pour les chercheurs&hellip;<\/p>","protected":false},"featured_media":5104,"comment_status":"open","ping_status":"closed","template":"","meta":{"_joinchat":[]},"product_cat":[558,751],"product_tag":[],"class_list":{"0":"post-5078","1":"product","2":"type-product","3":"status-publish","4":"has-post-thumbnail","6":"product_cat-chimiques-de-recherche","7":"product_cat-stimulants","9":"first","10":"instock","11":"shipping-taxable","12":"purchasable","13":"product-type-variable","14":"col-xs-6 col-sm-4","15":"col-md-3 col-lg-3","16":"un-4-cols"},"yoast_head":"<!-- This site is optimized with the Yoast SEO plugin v23.8 - https:\/\/yoast.com\/wordpress\/plugins\/seo\/ -->\n<title>Achetez ADBB en ligne - ADBB \u00e0 vendre - Commandez ADBB<\/title>\n<meta name=\"description\" content=\"Vous pouvez acheter de l&#039;ADBB en ligne aux meilleurs prix dans notre boutique de m\u00e9dicaments en ligne. Nous proposons de l&#039;ADBB bon march\u00e9 et de haute qualit\u00e9 \u00e0 la vente et proposons une livraison dans le monde entier. Vous pouvez commander de n&#039;importe o\u00f9, \u00e0 tout moment.\" \/>\n<meta name=\"robots\" content=\"index, follow, max-snippet:-1, max-image-preview:large, max-video-preview:-1\" \/>\n<link rel=\"canonical\" href=\"https:\/\/poudresdenarco.com\/nl\/product-2\/adbb\/\" \/>\n<meta property=\"og:locale\" content=\"nl_BE\" \/>\n<meta property=\"og:type\" content=\"article\" \/>\n<meta property=\"og:title\" content=\"Achetez ADBB en ligne - ADBB \u00e0 vendre - Commandez ADBB\" \/>\n<meta property=\"og:description\" content=\"Vous pouvez acheter de l&#039;ADBB en ligne aux meilleurs prix dans notre boutique de m\u00e9dicaments en ligne. Nous proposons de l&#039;ADBB bon march\u00e9 et de haute qualit\u00e9 \u00e0 la vente et proposons une livraison dans le monde entier. Vous pouvez commander de n&#039;importe o\u00f9, \u00e0 tout moment.\" \/>\n<meta property=\"og:url\" content=\"https:\/\/poudresdenarco.com\/nl\/product-2\/adbb\/\" \/>\n<meta property=\"og:site_name\" content=\"Poudresde Narco\" \/>\n<meta property=\"article:modified_time\" content=\"2024-12-23T09:49:33+00:00\" \/>\n<meta property=\"og:image\" content=\"https:\/\/poudresdenarco.com\/wp-content\/uploads\/2024\/10\/ADBB.gif\" \/>\n\t<meta property=\"og:image:width\" content=\"600\" \/>\n\t<meta property=\"og:image:height\" content=\"600\" \/>\n\t<meta property=\"og:image:type\" content=\"image\/gif\" \/>\n<meta name=\"twitter:card\" content=\"summary_large_image\" \/>\n<meta name=\"twitter:label1\" content=\"Geschatte leestijd\" \/>\n\t<meta name=\"twitter:data1\" content=\"2 minuten\" \/>\n<script type=\"application\/ld+json\" class=\"yoast-schema-graph\">{\"@context\":\"https:\/\/schema.org\",\"@graph\":[{\"@type\":\"WebPage\",\"@id\":\"https:\/\/poudresdenarco.com\/produit\/adbb\/\",\"url\":\"https:\/\/poudresdenarco.com\/produit\/adbb\/\",\"name\":\"Achetez ADBB en ligne - ADBB \u00e0 vendre - Commandez ADBB\",\"isPartOf\":{\"@id\":\"https:\/\/poudresdenarco.com\/#website\"},\"primaryImageOfPage\":{\"@id\":\"https:\/\/poudresdenarco.com\/produit\/adbb\/#primaryimage\"},\"image\":{\"@id\":\"https:\/\/poudresdenarco.com\/produit\/adbb\/#primaryimage\"},\"thumbnailUrl\":\"https:\/\/poudresdenarco.com\/wp-content\/uploads\/2024\/10\/ADBB.gif\",\"datePublished\":\"2024-10-16T11:24:40+00:00\",\"dateModified\":\"2024-12-23T09:49:33+00:00\",\"description\":\"Vous pouvez acheter de l'ADBB en ligne aux meilleurs prix dans notre boutique de m\u00e9dicaments en ligne. Nous proposons de l'ADBB bon march\u00e9 et de haute qualit\u00e9 \u00e0 la vente et proposons une livraison dans le monde entier. Vous pouvez commander de n'importe o\u00f9, \u00e0 tout moment.\",\"breadcrumb\":{\"@id\":\"https:\/\/poudresdenarco.com\/produit\/adbb\/#breadcrumb\"},\"inLanguage\":\"nl-BE\",\"potentialAction\":[{\"@type\":\"ReadAction\",\"target\":[\"https:\/\/poudresdenarco.com\/produit\/adbb\/\"]}]},{\"@type\":\"ImageObject\",\"inLanguage\":\"nl-BE\",\"@id\":\"https:\/\/poudresdenarco.com\/produit\/adbb\/#primaryimage\",\"url\":\"https:\/\/poudresdenarco.com\/wp-content\/uploads\/2024\/10\/ADBB.gif\",\"contentUrl\":\"https:\/\/poudresdenarco.com\/wp-content\/uploads\/2024\/10\/ADBB.gif\",\"width\":600,\"height\":600},{\"@type\":\"BreadcrumbList\",\"@id\":\"https:\/\/poudresdenarco.com\/produit\/adbb\/#breadcrumb\",\"itemListElement\":[{\"@type\":\"ListItem\",\"position\":1,\"name\":\"Home\",\"item\":\"https:\/\/poudresdenarco.com\/\"},{\"@type\":\"ListItem\",\"position\":2,\"name\":\"Boutique\",\"item\":\"https:\/\/poudresdenarco.com\/boutique\/\"},{\"@type\":\"ListItem\",\"position\":3,\"name\":\"ADBB\"}]},{\"@type\":\"WebSite\",\"@id\":\"https:\/\/poudresdenarco.com\/#website\",\"url\":\"https:\/\/poudresdenarco.com\/\",\"name\":\"Poudresde Narco\",\"description\":\"Acheter de la coca\u00efne et de l&#039;h\u00e9ro\u00efne en ligne\",\"potentialAction\":[{\"@type\":\"SearchAction\",\"target\":{\"@type\":\"EntryPoint\",\"urlTemplate\":\"https:\/\/poudresdenarco.com\/?s={search_term_string}\"},\"query-input\":{\"@type\":\"PropertyValueSpecification\",\"valueRequired\":true,\"valueName\":\"search_term_string\"}}],\"inLanguage\":\"nl-BE\"}]}<\/script>\n<!-- \/ Yoast SEO plugin. -->","yoast_head_json":{"title":"Achetez ADBB en ligne - ADBB \u00e0 vendre - Commandez ADBB","description":"Vous pouvez acheter de l'ADBB en ligne aux meilleurs prix dans notre boutique de m\u00e9dicaments en ligne. Nous proposons de l'ADBB bon march\u00e9 et de haute qualit\u00e9 \u00e0 la vente et proposons une livraison dans le monde entier. Vous pouvez commander de n'importe o\u00f9, \u00e0 tout moment.","robots":{"index":"index","follow":"follow","max-snippet":"max-snippet:-1","max-image-preview":"max-image-preview:large","max-video-preview":"max-video-preview:-1"},"canonical":"https:\/\/poudresdenarco.com\/nl\/product-2\/adbb\/","og_locale":"nl_BE","og_type":"article","og_title":"Achetez ADBB en ligne - ADBB \u00e0 vendre - Commandez ADBB","og_description":"Vous pouvez acheter de l'ADBB en ligne aux meilleurs prix dans notre boutique de m\u00e9dicaments en ligne. Nous proposons de l'ADBB bon march\u00e9 et de haute qualit\u00e9 \u00e0 la vente et proposons une livraison dans le monde entier. Vous pouvez commander de n'importe o\u00f9, \u00e0 tout moment.","og_url":"https:\/\/poudresdenarco.com\/nl\/product-2\/adbb\/","og_site_name":"Poudresde Narco","article_modified_time":"2024-12-23T09:49:33+00:00","og_image":[{"width":600,"height":600,"url":"https:\/\/poudresdenarco.com\/wp-content\/uploads\/2024\/10\/ADBB.gif","type":"image\/gif"}],"twitter_card":"summary_large_image","twitter_misc":{"Geschatte leestijd":"2 minuten"},"schema":{"@context":"https:\/\/schema.org","@graph":[{"@type":"WebPage","@id":"https:\/\/poudresdenarco.com\/produit\/adbb\/","url":"https:\/\/poudresdenarco.com\/produit\/adbb\/","name":"Achetez ADBB en ligne - ADBB \u00e0 vendre - Commandez ADBB","isPartOf":{"@id":"https:\/\/poudresdenarco.com\/#website"},"primaryImageOfPage":{"@id":"https:\/\/poudresdenarco.com\/produit\/adbb\/#primaryimage"},"image":{"@id":"https:\/\/poudresdenarco.com\/produit\/adbb\/#primaryimage"},"thumbnailUrl":"https:\/\/poudresdenarco.com\/wp-content\/uploads\/2024\/10\/ADBB.gif","datePublished":"2024-10-16T11:24:40+00:00","dateModified":"2024-12-23T09:49:33+00:00","description":"Vous pouvez acheter de l'ADBB en ligne aux meilleurs prix dans notre boutique de m\u00e9dicaments en ligne. Nous proposons de l'ADBB bon march\u00e9 et de haute qualit\u00e9 \u00e0 la vente et proposons une livraison dans le monde entier. Vous pouvez commander de n'importe o\u00f9, \u00e0 tout moment.","breadcrumb":{"@id":"https:\/\/poudresdenarco.com\/produit\/adbb\/#breadcrumb"},"inLanguage":"nl-BE","potentialAction":[{"@type":"ReadAction","target":["https:\/\/poudresdenarco.com\/produit\/adbb\/"]}]},{"@type":"ImageObject","inLanguage":"nl-BE","@id":"https:\/\/poudresdenarco.com\/produit\/adbb\/#primaryimage","url":"https:\/\/poudresdenarco.com\/wp-content\/uploads\/2024\/10\/ADBB.gif","contentUrl":"https:\/\/poudresdenarco.com\/wp-content\/uploads\/2024\/10\/ADBB.gif","width":600,"height":600},{"@type":"BreadcrumbList","@id":"https:\/\/poudresdenarco.com\/produit\/adbb\/#breadcrumb","itemListElement":[{"@type":"ListItem","position":1,"name":"Home","item":"https:\/\/poudresdenarco.com\/"},{"@type":"ListItem","position":2,"name":"Boutique","item":"https:\/\/poudresdenarco.com\/boutique\/"},{"@type":"ListItem","position":3,"name":"ADBB"}]},{"@type":"WebSite","@id":"https:\/\/poudresdenarco.com\/#website","url":"https:\/\/poudresdenarco.com\/","name":"Poudresde Narco","description":"Acheter de la coca\u00efne et de l&#039;h\u00e9ro\u00efne en ligne","potentialAction":[{"@type":"SearchAction","target":{"@type":"EntryPoint","urlTemplate":"https:\/\/poudresdenarco.com\/?s={search_term_string}"},"query-input":{"@type":"PropertyValueSpecification","valueRequired":true,"valueName":"search_term_string"}}],"inLanguage":"nl-BE"}]}},"_links":{"self":[{"href":"https:\/\/poudresdenarco.com\/nl\/wp-json\/wp\/v2\/product\/5078","targetHints":{"allow":["GET"]}}],"collection":[{"href":"https:\/\/poudresdenarco.com\/nl\/wp-json\/wp\/v2\/product"}],"about":[{"href":"https:\/\/poudresdenarco.com\/nl\/wp-json\/wp\/v2\/types\/product"}],"replies":[{"embeddable":true,"href":"https:\/\/poudresdenarco.com\/nl\/wp-json\/wp\/v2\/comments?post=5078"}],"wp:featuredmedia":[{"embeddable":true,"href":"https:\/\/poudresdenarco.com\/nl\/wp-json\/wp\/v2\/media\/5104"}],"wp:attachment":[{"href":"https:\/\/poudresdenarco.com\/nl\/wp-json\/wp\/v2\/media?parent=5078"}],"wp:term":[{"taxonomy":"product_cat","embeddable":true,"href":"https:\/\/poudresdenarco.com\/nl\/wp-json\/wp\/v2\/product_cat?post=5078"},{"taxonomy":"product_tag","embeddable":true,"href":"https:\/\/poudresdenarco.com\/nl\/wp-json\/wp\/v2\/product_tag?post=5078"}],"curies":[{"name":"wp","href":"https:\/\/api.w.org\/{rel}","templated":true}]}}