{"id":5423,"date":"2024-10-16T11:27:22","date_gmt":"2024-10-16T11:27:22","guid":{"rendered":"https:\/\/poudresdenarco.com\/?post_type=product&#038;p=5423"},"modified":"2024-11-03T11:44:18","modified_gmt":"2024-11-03T11:44:18","slug":"dimethylone-m11","status":"publish","type":"product","link":"https:\/\/poudresdenarco.com\/nl\/product-2\/dimethylone-m11\/","title":{"rendered":"Dimethylon (M11)"},"content":{"rendered":"<h2><strong>Koop zeer zuiver dimethylon (M11) voor onderzoek <a href=\"https:\/\/cokebricks.com\/de\/produktkategorie\/buy-cocaine-online\/\">&#8211;<\/a> Verdovende poeders<\/strong><\/h2>\n<p><strong>Verdovende poeders<\/strong> is uw vertrouwde leverancier voor <strong>Dimethylon (M11) van onderzoekskwaliteit<\/strong>exclusief ontworpen voor <strong>wetenschappelijke laboratoriumtoepassingen<\/strong>. Ons dimethylon wordt geproduceerd volgens strikte zuiverheids- en kwaliteitsnormen en biedt betrouwbare resultaten voor onderzoekers in de chemie en farmacologie Dimethylon (M11) kopen<a href=\"https:\/\/poudresdenarco.com\/nl\/product-2\/alpha-pihp\/\">.<\/a><\/p>\n<h3>Waarom Dimethylone (M11) kopen bij Poudres de Narco?<\/h3>\n<p>Als <strong>leverancier van dimethylon (M11) voor onderzoek<\/strong>, <strong>Verdovende poeders<\/strong> is toegewijd aan het aanbieden van producten van hoge kwaliteit die zijn getest om te voldoen aan de behoeften van <strong>gecertificeerde laboratoria<\/strong> :<\/p>\n<ul>\n<li><strong>Hoogzuiver Dimethylon voor laboratoria<\/strong> Elke partij dimethylon wordt streng getest om een optimale zuiverheid te garanderen, wat essentieel is voor <strong>wetenschappelijke precisietoepassingen<\/strong>.<\/li>\n<li><strong>Betrouwbare, consistente kwaliteit<\/strong> : Onze Dimethylone is geformuleerd voor stabiele, betrouwbare prestaties, aangepast aan <strong>analytische laboratoriumonderzoeken<\/strong>.<\/li>\n<li><strong>Veilig online bestellen<\/strong> : <strong>Verdovende poeders<\/strong> maakt het gemakkelijker om<strong>Dimethylone (M11) online kopen<\/strong>met een veilig en compliant bestelproces voor onderzoeksprofessionals.<\/li>\n<\/ul>\n<h3>Toepassingen en veiligheidsinstructies<\/h3>\n<p>Le <strong>Dimethylon voor onderzoek<\/strong> van <strong>Verdovende poeders<\/strong> is bedoeld voor <strong>analytische toepassingen en wetenschappelijke studies<\/strong>. We bieden veiligheidsprotocollen voor een correct en veilig gebruik:<\/p>\n<ul>\n<li><strong>Veilige opslag<\/strong> Bewaar Dimethylone op een koele, droge plaats, uit de buurt van licht.<\/li>\n<li><strong>Hantering met voorzorgsmaatregelen<\/strong> Gebruik persoonlijke beschermingsmiddelen (PPE) en werk in een goed geventileerde omgeving.<\/li>\n<li><strong>Gebruik strikt voorbehouden aan onderzoek<\/strong> Dit product is uitsluitend bedoeld voor gekwalificeerde onderzoekers en gecertificeerde laboratoria.<\/li>\n<\/ul>\n<h3>Bestel zeer zuiver dimethylon (M11) voor je wetenschappelijke studies<\/h3>\n<p>Met <strong>Verdovende poeders<\/strong>profiteren van <strong>betrouwbare levering van dimethylon (M11) voor laboratoriumtoepassingen<\/strong>. Onze kwaliteits- en veiligheidsnormen maken <strong>Verdovende poeders<\/strong> de vertrouwde keuze voor onderzoeksprofessionals. <strong>Neem contact met ons op<\/strong> voor een offerte of voor meer informatie over ons assortiment zeer zuivere producten voor wetenschappelijk onderzoek Dimethylon (M11) kopen.<\/p>","protected":false},"excerpt":{"rendered":"<p>Acheter du Dim\u00e9thylone (M11) de Haute Puret\u00e9 pour la Recherche &#8211; Poudres de Narco Poudres de Narco est votre fournisseur de confiance pour le Dim\u00e9thylone (M11) de qualit\u00e9 recherche, con\u00e7u exclusivement pour des applications scientifiques en laboratoire. Notre Dim\u00e9thylone est produit selon des normes strictes de puret\u00e9 et de qualit\u00e9, offrant des r\u00e9sultats fiables pour&hellip;<\/p>","protected":false},"featured_media":5445,"comment_status":"open","ping_status":"closed","template":"","meta":{"_joinchat":[]},"product_cat":[558],"product_tag":[],"class_list":{"0":"post-5423","1":"product","2":"type-product","3":"status-publish","4":"has-post-thumbnail","6":"product_cat-chimiques-de-recherche","8":"first","9":"instock","10":"shipping-taxable","11":"purchasable","12":"product-type-variable","13":"col-xs-6 col-sm-4","14":"col-md-3 col-lg-3","15":"un-4-cols"},"yoast_head":"<!-- This site is optimized with the Yoast SEO plugin v23.8 - https:\/\/yoast.com\/wordpress\/plugins\/seo\/ -->\n<title>Achetez Dimethylone (M11) - Poudresdenarco.<\/title>\n<meta name=\"description\" content=\"Si vous souhaitez acheter du Dimethylone (M11) en ligne, visitez notre boutique en ligne Nembutal Boutique. Nous proposons \u00e0 la vente des produits de haute qualit\u00e9 comme le Dimethylone (M11). Achetez Dimethylone (M11) !\" \/>\n<meta name=\"robots\" content=\"index, follow, max-snippet:-1, max-image-preview:large, max-video-preview:-1\" \/>\n<link rel=\"canonical\" href=\"https:\/\/poudresdenarco.com\/nl\/product-2\/dimethylone-m11\/\" \/>\n<meta property=\"og:locale\" content=\"nl_BE\" \/>\n<meta property=\"og:type\" content=\"article\" \/>\n<meta property=\"og:title\" content=\"Achetez Dimethylone (M11) - Poudresdenarco.\" \/>\n<meta property=\"og:description\" content=\"Si vous souhaitez acheter du Dimethylone (M11) en ligne, visitez notre boutique en ligne Nembutal Boutique. Nous proposons \u00e0 la vente des produits de haute qualit\u00e9 comme le Dimethylone (M11). Achetez Dimethylone (M11) !\" \/>\n<meta property=\"og:url\" content=\"https:\/\/poudresdenarco.com\/nl\/product-2\/dimethylone-m11\/\" \/>\n<meta property=\"og:site_name\" content=\"Poudresde Narco\" \/>\n<meta property=\"article:modified_time\" content=\"2024-11-03T11:44:18+00:00\" \/>\n<meta property=\"og:image\" content=\"https:\/\/poudresdenarco.com\/wp-content\/uploads\/2024\/10\/Dimethylone-M11.gif\" \/>\n\t<meta property=\"og:image:width\" content=\"600\" \/>\n\t<meta property=\"og:image:height\" content=\"600\" \/>\n\t<meta property=\"og:image:type\" content=\"image\/gif\" \/>\n<meta name=\"twitter:card\" content=\"summary_large_image\" \/>\n<meta name=\"twitter:label1\" content=\"Geschatte leestijd\" \/>\n\t<meta name=\"twitter:data1\" content=\"2 minuten\" \/>\n<script type=\"application\/ld+json\" class=\"yoast-schema-graph\">{\"@context\":\"https:\/\/schema.org\",\"@graph\":[{\"@type\":\"WebPage\",\"@id\":\"https:\/\/poudresdenarco.com\/produit\/dimethylone-m11\/\",\"url\":\"https:\/\/poudresdenarco.com\/produit\/dimethylone-m11\/\",\"name\":\"Achetez Dimethylone (M11) - Poudresdenarco.\",\"isPartOf\":{\"@id\":\"https:\/\/poudresdenarco.com\/#website\"},\"primaryImageOfPage\":{\"@id\":\"https:\/\/poudresdenarco.com\/produit\/dimethylone-m11\/#primaryimage\"},\"image\":{\"@id\":\"https:\/\/poudresdenarco.com\/produit\/dimethylone-m11\/#primaryimage\"},\"thumbnailUrl\":\"https:\/\/poudresdenarco.com\/wp-content\/uploads\/2024\/10\/Dimethylone-M11.gif\",\"datePublished\":\"2024-10-16T11:27:22+00:00\",\"dateModified\":\"2024-11-03T11:44:18+00:00\",\"description\":\"Si vous souhaitez acheter du Dimethylone (M11) en ligne, visitez notre boutique en ligne Nembutal Boutique. Nous proposons \u00e0 la vente des produits de haute qualit\u00e9 comme le Dimethylone (M11). Achetez Dimethylone (M11) !\",\"breadcrumb\":{\"@id\":\"https:\/\/poudresdenarco.com\/produit\/dimethylone-m11\/#breadcrumb\"},\"inLanguage\":\"nl-BE\",\"potentialAction\":[{\"@type\":\"ReadAction\",\"target\":[\"https:\/\/poudresdenarco.com\/produit\/dimethylone-m11\/\"]}]},{\"@type\":\"ImageObject\",\"inLanguage\":\"nl-BE\",\"@id\":\"https:\/\/poudresdenarco.com\/produit\/dimethylone-m11\/#primaryimage\",\"url\":\"https:\/\/poudresdenarco.com\/wp-content\/uploads\/2024\/10\/Dimethylone-M11.gif\",\"contentUrl\":\"https:\/\/poudresdenarco.com\/wp-content\/uploads\/2024\/10\/Dimethylone-M11.gif\",\"width\":600,\"height\":600},{\"@type\":\"BreadcrumbList\",\"@id\":\"https:\/\/poudresdenarco.com\/produit\/dimethylone-m11\/#breadcrumb\",\"itemListElement\":[{\"@type\":\"ListItem\",\"position\":1,\"name\":\"Home\",\"item\":\"https:\/\/poudresdenarco.com\/\"},{\"@type\":\"ListItem\",\"position\":2,\"name\":\"Boutique\",\"item\":\"https:\/\/poudresdenarco.com\/boutique\/\"},{\"@type\":\"ListItem\",\"position\":3,\"name\":\"Dimethylone (M11)\"}]},{\"@type\":\"WebSite\",\"@id\":\"https:\/\/poudresdenarco.com\/#website\",\"url\":\"https:\/\/poudresdenarco.com\/\",\"name\":\"Poudresde Narco\",\"description\":\"Acheter de la coca\u00efne et de l&#039;h\u00e9ro\u00efne en ligne\",\"potentialAction\":[{\"@type\":\"SearchAction\",\"target\":{\"@type\":\"EntryPoint\",\"urlTemplate\":\"https:\/\/poudresdenarco.com\/?s={search_term_string}\"},\"query-input\":{\"@type\":\"PropertyValueSpecification\",\"valueRequired\":true,\"valueName\":\"search_term_string\"}}],\"inLanguage\":\"nl-BE\"}]}<\/script>\n<!-- \/ Yoast SEO plugin. -->","yoast_head_json":{"title":"Achetez Dimethylone (M11) - Poudresdenarco.","description":"Si vous souhaitez acheter du Dimethylone (M11) en ligne, visitez notre boutique en ligne Nembutal Boutique. Nous proposons \u00e0 la vente des produits de haute qualit\u00e9 comme le Dimethylone (M11). Achetez Dimethylone (M11) !","robots":{"index":"index","follow":"follow","max-snippet":"max-snippet:-1","max-image-preview":"max-image-preview:large","max-video-preview":"max-video-preview:-1"},"canonical":"https:\/\/poudresdenarco.com\/nl\/product-2\/dimethylone-m11\/","og_locale":"nl_BE","og_type":"article","og_title":"Achetez Dimethylone (M11) - Poudresdenarco.","og_description":"Si vous souhaitez acheter du Dimethylone (M11) en ligne, visitez notre boutique en ligne Nembutal Boutique. Nous proposons \u00e0 la vente des produits de haute qualit\u00e9 comme le Dimethylone (M11). Achetez Dimethylone (M11) !","og_url":"https:\/\/poudresdenarco.com\/nl\/product-2\/dimethylone-m11\/","og_site_name":"Poudresde Narco","article_modified_time":"2024-11-03T11:44:18+00:00","og_image":[{"width":600,"height":600,"url":"https:\/\/poudresdenarco.com\/wp-content\/uploads\/2024\/10\/Dimethylone-M11.gif","type":"image\/gif"}],"twitter_card":"summary_large_image","twitter_misc":{"Geschatte leestijd":"2 minuten"},"schema":{"@context":"https:\/\/schema.org","@graph":[{"@type":"WebPage","@id":"https:\/\/poudresdenarco.com\/produit\/dimethylone-m11\/","url":"https:\/\/poudresdenarco.com\/produit\/dimethylone-m11\/","name":"Achetez Dimethylone (M11) - Poudresdenarco.","isPartOf":{"@id":"https:\/\/poudresdenarco.com\/#website"},"primaryImageOfPage":{"@id":"https:\/\/poudresdenarco.com\/produit\/dimethylone-m11\/#primaryimage"},"image":{"@id":"https:\/\/poudresdenarco.com\/produit\/dimethylone-m11\/#primaryimage"},"thumbnailUrl":"https:\/\/poudresdenarco.com\/wp-content\/uploads\/2024\/10\/Dimethylone-M11.gif","datePublished":"2024-10-16T11:27:22+00:00","dateModified":"2024-11-03T11:44:18+00:00","description":"Si vous souhaitez acheter du Dimethylone (M11) en ligne, visitez notre boutique en ligne Nembutal Boutique. Nous proposons \u00e0 la vente des produits de haute qualit\u00e9 comme le Dimethylone (M11). Achetez Dimethylone (M11) !","breadcrumb":{"@id":"https:\/\/poudresdenarco.com\/produit\/dimethylone-m11\/#breadcrumb"},"inLanguage":"nl-BE","potentialAction":[{"@type":"ReadAction","target":["https:\/\/poudresdenarco.com\/produit\/dimethylone-m11\/"]}]},{"@type":"ImageObject","inLanguage":"nl-BE","@id":"https:\/\/poudresdenarco.com\/produit\/dimethylone-m11\/#primaryimage","url":"https:\/\/poudresdenarco.com\/wp-content\/uploads\/2024\/10\/Dimethylone-M11.gif","contentUrl":"https:\/\/poudresdenarco.com\/wp-content\/uploads\/2024\/10\/Dimethylone-M11.gif","width":600,"height":600},{"@type":"BreadcrumbList","@id":"https:\/\/poudresdenarco.com\/produit\/dimethylone-m11\/#breadcrumb","itemListElement":[{"@type":"ListItem","position":1,"name":"Home","item":"https:\/\/poudresdenarco.com\/"},{"@type":"ListItem","position":2,"name":"Boutique","item":"https:\/\/poudresdenarco.com\/boutique\/"},{"@type":"ListItem","position":3,"name":"Dimethylone (M11)"}]},{"@type":"WebSite","@id":"https:\/\/poudresdenarco.com\/#website","url":"https:\/\/poudresdenarco.com\/","name":"Poudresde Narco","description":"Acheter de la coca\u00efne et de l&#039;h\u00e9ro\u00efne en ligne","potentialAction":[{"@type":"SearchAction","target":{"@type":"EntryPoint","urlTemplate":"https:\/\/poudresdenarco.com\/?s={search_term_string}"},"query-input":{"@type":"PropertyValueSpecification","valueRequired":true,"valueName":"search_term_string"}}],"inLanguage":"nl-BE"}]}},"_links":{"self":[{"href":"https:\/\/poudresdenarco.com\/nl\/wp-json\/wp\/v2\/product\/5423","targetHints":{"allow":["GET"]}}],"collection":[{"href":"https:\/\/poudresdenarco.com\/nl\/wp-json\/wp\/v2\/product"}],"about":[{"href":"https:\/\/poudresdenarco.com\/nl\/wp-json\/wp\/v2\/types\/product"}],"replies":[{"embeddable":true,"href":"https:\/\/poudresdenarco.com\/nl\/wp-json\/wp\/v2\/comments?post=5423"}],"wp:featuredmedia":[{"embeddable":true,"href":"https:\/\/poudresdenarco.com\/nl\/wp-json\/wp\/v2\/media\/5445"}],"wp:attachment":[{"href":"https:\/\/poudresdenarco.com\/nl\/wp-json\/wp\/v2\/media?parent=5423"}],"wp:term":[{"taxonomy":"product_cat","embeddable":true,"href":"https:\/\/poudresdenarco.com\/nl\/wp-json\/wp\/v2\/product_cat?post=5423"},{"taxonomy":"product_tag","embeddable":true,"href":"https:\/\/poudresdenarco.com\/nl\/wp-json\/wp\/v2\/product_tag?post=5423"}],"curies":[{"name":"wp","href":"https:\/\/api.w.org\/{rel}","templated":true}]}}