{"id":6004,"date":"2024-10-16T11:32:20","date_gmt":"2024-10-16T11:32:20","guid":{"rendered":"https:\/\/poudresdenarco.com\/?post_type=product&#038;p=6004"},"modified":"2025-12-23T22:04:25","modified_gmt":"2025-12-23T22:04:25","slug":"alpha-php","status":"publish","type":"product","link":"https:\/\/poudresdenarco.com\/nl\/product-2\/alpha-php\/","title":{"rendered":"Alfa-php"},"content":{"rendered":"<h2>Alpha-PHP online kopen<\/h2>\n<p>PV-7, ook bekend als \u03b1-PHP, <a href=\"https:\/\/poudresdenarco.com\/nl\/product-2\/alpha-php\/\">alpha-PHP<\/a>, <a href=\"https:\/\/en.wikipedia.org\/wiki\/%CE%91-Pyrrolidinohexiophenone\">\u03b1-pyrrolidinohexanofenon<\/a> of PV-7, is een synthetische stimulerende drug die behoort tot de cathinon klasse Koop Alpha-PHP<a href=\"https:\/\/poudresdenarco.com\/nl\/product-2\/lisotonitazene\/\">.<\/a><\/p>\n<p>13415-86-6 In overeenstemming<\/p>\n<p>HCl (13415-59-3)<\/p>\n<p>PubChem CID<\/p>\n<p>102107923<\/p>\n<p>ChemSpider<\/p>\n<p>52084419<\/p>\n<p>UNII 297J9K8A4G<\/p>\n<p>Fysische en chemische informatie<\/p>\n<p>De formule C16H23NO<\/p>\n<p>Molaire massa: 245,37 gram per mol<\/p>\n<p>WIJ ZIJN EEN WERELDWIJDE LEVERANCIER VAN ONDERZOEKSCHEMICALI\u00cbN<br \/>\nMet betrekking tot<\/p>\n<h3><strong>Hoge zuiverheid Alpha-PHP kopen voor onderzoek - Narcotica Poeders<\/strong><\/h3>\n<p><strong>Verdovende poeders<\/strong> is uw vertrouwde bron voor<strong>Alpha-PHP onderzoekskwaliteit<\/strong>exclusief ontworpen voor <strong>wetenschappelijke laboratoriumtoepassingen<\/strong>. Onze Alpha-PHP wordt geproduceerd volgens strikte zuiverheids- en kwaliteitsnormen en biedt betrouwbare resultaten voor onderzoekers in de chemie en farmacologie.<\/p>\n<h3>Waarom kiezen voor Poudres de Narco Alpha-PHP?<\/h3>\n<p>Als <strong>Alpha-PHP leverancier voor onderzoek<\/strong>, <strong>Verdovende poeders<\/strong> garandeert producten van hoge kwaliteit, aangepast aan <strong>gecertificeerde laboratoria<\/strong> :<\/p>\n<ul>\n<li><strong>Hoogzuiver Alpha-PHP voor laboratoria<\/strong> Elke partij wordt streng getest om een optimale zuiverheid te garanderen, wat essentieel is voor <strong>wetenschappelijke precisietoepassingen<\/strong>.<\/li>\n<li><strong>Consistente, betrouwbare kwaliteit<\/strong> : Onze Alpha-PHP is samengesteld voor stabiele prestaties, ideaal voor <strong>analytische studies en laboratoriumonderzoek<\/strong>.<\/li>\n<li><strong>Veilig online bestellen<\/strong> : <strong>Verdovende poeders<\/strong> vereenvoudigt<strong>Alpha-PHP online kopen<\/strong> met een veilig proces dat is ontworpen voor onderzoeksprofessionals.<\/li>\n<\/ul>\n<h3>Toepassingen en veiligheidsinstructies<\/h3>\n<p>Le <strong>Alpha-PHP voor zoeken<\/strong> van <strong>Verdovende poeders<\/strong> is bedoeld voor <strong>analytische toepassingen en wetenschappelijke studies<\/strong>. We geven veiligheidsinstructies voor een correct en veilig gebruik:<\/p>\n<ul>\n<li><strong>Veilige opslag<\/strong> Bewaar Alpha-PHP op een koele, droge plaats uit de buurt van licht om de kwaliteit te behouden.<\/li>\n<li><strong>Hantering met voorzorgsmaatregelen<\/strong> Gebruik persoonlijke beschermingsmiddelen (PPE) en werk in een goed geventileerde omgeving om de veiligheid te garanderen.<\/li>\n<li><strong>Gebruik strikt voorbehouden aan onderzoek<\/strong> Dit product is uitsluitend bedoeld voor gekwalificeerde onderzoekers en gecertificeerde laboratoria.<\/li>\n<\/ul>\n<h3>Bestel hoogzuiver Alpha-PHP voor uw wetenschappelijke studies<\/h3>\n<p>Met <strong>Verdovende poeders<\/strong>profiteren van <strong>betrouwbare levering van Alpha-PHP voor laboratoriumtoepassingen<\/strong>. Onze hoge kwaliteits- en veiligheidsnormen maken <strong>Verdovende poeders<\/strong> de ideale keuze voor onderzoeksprofessionals. <strong>Neem contact met ons op<\/strong> voor een offerte of om meer te weten te komen over ons assortiment van zeer zuivere producten voor wetenschappelijk onderzoek Alpha-PHP kopen.<\/p>\n<p>&nbsp;<\/p>","protected":false},"excerpt":{"rendered":"<p>Acheter Alpha-PHP en ligne Le PV-7, \u00e9galement connu sous le nom d&rsquo;\u03b1-PHP, alpha-PHP, \u03b1-pyrrolidinohexanoph\u00e9none ou PV-7, est un m\u00e9dicament stimulant synth\u00e9tique appartenant \u00e0 la classe des cathinones Acheter Alpha-PHP. 13415-86-6 En accord HCl (13415-59-3) CID de PubChem 102107923 ChemSpider 52084419 UNII 297J9K8A4G Informations physiques et chimiques La formule C16H23NO Masse molaire : 245,37 grammes par&hellip;<\/p>","protected":false},"featured_media":6179,"comment_status":"open","ping_status":"closed","template":"","meta":{"_joinchat":[]},"product_cat":[558],"product_tag":[],"class_list":{"0":"post-6004","1":"product","2":"type-product","3":"status-publish","4":"has-post-thumbnail","6":"product_cat-chimiques-de-recherche","8":"first","9":"instock","10":"shipping-taxable","11":"purchasable","12":"product-type-variable","13":"col-xs-6 col-sm-4","14":"col-md-3 col-lg-3","15":"un-4-cols"},"yoast_head":"<!-- This site is optimized with the Yoast SEO plugin v23.8 - https:\/\/yoast.com\/wordpress\/plugins\/seo\/ -->\n<title>Acheter Alpha-PHP pour la Recherche | Poudres de Narco<\/title>\n<meta name=\"description\" content=\"Fournisseur d&#039;Alpha-PHP pour applications scientifiques en laboratoire. Puret\u00e9 et s\u00e9curit\u00e9 garanties pour recherches avanc\u00e9es chez Poudres de Narco. Acheter Alpha-PHP\" \/>\n<meta name=\"robots\" content=\"index, follow, max-snippet:-1, max-image-preview:large, max-video-preview:-1\" \/>\n<link rel=\"canonical\" href=\"https:\/\/poudresdenarco.com\/nl\/product-2\/alpha-php\/\" \/>\n<meta property=\"og:locale\" content=\"nl_BE\" \/>\n<meta property=\"og:type\" content=\"article\" \/>\n<meta property=\"og:title\" content=\"Acheter Alpha-PHP pour la Recherche | Poudres de Narco\" \/>\n<meta property=\"og:description\" content=\"Fournisseur d&#039;Alpha-PHP pour applications scientifiques en laboratoire. Puret\u00e9 et s\u00e9curit\u00e9 garanties pour recherches avanc\u00e9es chez Poudres de Narco. Acheter Alpha-PHP\" \/>\n<meta property=\"og:url\" content=\"https:\/\/poudresdenarco.com\/nl\/product-2\/alpha-php\/\" \/>\n<meta property=\"og:site_name\" content=\"Poudresde Narco\" \/>\n<meta property=\"article:modified_time\" content=\"2025-12-23T22:04:25+00:00\" \/>\n<meta property=\"og:image\" content=\"https:\/\/poudresdenarco.com\/wp-content\/uploads\/2024\/10\/Alpha-php.gif\" \/>\n\t<meta property=\"og:image:width\" content=\"600\" \/>\n\t<meta property=\"og:image:height\" content=\"600\" \/>\n\t<meta property=\"og:image:type\" content=\"image\/gif\" \/>\n<meta name=\"twitter:card\" content=\"summary_large_image\" \/>\n<meta name=\"twitter:label1\" content=\"Geschatte leestijd\" \/>\n\t<meta name=\"twitter:data1\" content=\"2 minuten\" \/>\n<script type=\"application\/ld+json\" class=\"yoast-schema-graph\">{\"@context\":\"https:\/\/schema.org\",\"@graph\":[{\"@type\":\"WebPage\",\"@id\":\"https:\/\/poudresdenarco.com\/produit\/alpha-php\/\",\"url\":\"https:\/\/poudresdenarco.com\/produit\/alpha-php\/\",\"name\":\"Acheter Alpha-PHP pour la Recherche | Poudres de Narco\",\"isPartOf\":{\"@id\":\"https:\/\/poudresdenarco.com\/#website\"},\"primaryImageOfPage\":{\"@id\":\"https:\/\/poudresdenarco.com\/produit\/alpha-php\/#primaryimage\"},\"image\":{\"@id\":\"https:\/\/poudresdenarco.com\/produit\/alpha-php\/#primaryimage\"},\"thumbnailUrl\":\"https:\/\/poudresdenarco.com\/wp-content\/uploads\/2024\/10\/Alpha-php.gif\",\"datePublished\":\"2024-10-16T11:32:20+00:00\",\"dateModified\":\"2025-12-23T22:04:25+00:00\",\"description\":\"Fournisseur d'Alpha-PHP pour applications scientifiques en laboratoire. Puret\u00e9 et s\u00e9curit\u00e9 garanties pour recherches avanc\u00e9es chez Poudres de Narco. Acheter Alpha-PHP\",\"breadcrumb\":{\"@id\":\"https:\/\/poudresdenarco.com\/produit\/alpha-php\/#breadcrumb\"},\"inLanguage\":\"nl-BE\",\"potentialAction\":[{\"@type\":\"ReadAction\",\"target\":[\"https:\/\/poudresdenarco.com\/produit\/alpha-php\/\"]}]},{\"@type\":\"ImageObject\",\"inLanguage\":\"nl-BE\",\"@id\":\"https:\/\/poudresdenarco.com\/produit\/alpha-php\/#primaryimage\",\"url\":\"https:\/\/poudresdenarco.com\/wp-content\/uploads\/2024\/10\/Alpha-php.gif\",\"contentUrl\":\"https:\/\/poudresdenarco.com\/wp-content\/uploads\/2024\/10\/Alpha-php.gif\",\"width\":600,\"height\":600,\"caption\":\"Alpha-php\"},{\"@type\":\"BreadcrumbList\",\"@id\":\"https:\/\/poudresdenarco.com\/produit\/alpha-php\/#breadcrumb\",\"itemListElement\":[{\"@type\":\"ListItem\",\"position\":1,\"name\":\"Home\",\"item\":\"https:\/\/poudresdenarco.com\/\"},{\"@type\":\"ListItem\",\"position\":2,\"name\":\"Boutique\",\"item\":\"https:\/\/poudresdenarco.com\/boutique\/\"},{\"@type\":\"ListItem\",\"position\":3,\"name\":\"Alpha-php\"}]},{\"@type\":\"WebSite\",\"@id\":\"https:\/\/poudresdenarco.com\/#website\",\"url\":\"https:\/\/poudresdenarco.com\/\",\"name\":\"Poudresde Narco\",\"description\":\"Acheter de la coca\u00efne et de l&#039;h\u00e9ro\u00efne en ligne\",\"potentialAction\":[{\"@type\":\"SearchAction\",\"target\":{\"@type\":\"EntryPoint\",\"urlTemplate\":\"https:\/\/poudresdenarco.com\/?s={search_term_string}\"},\"query-input\":{\"@type\":\"PropertyValueSpecification\",\"valueRequired\":true,\"valueName\":\"search_term_string\"}}],\"inLanguage\":\"nl-BE\"}]}<\/script>\n<!-- \/ Yoast SEO plugin. -->","yoast_head_json":{"title":"Acheter Alpha-PHP pour la Recherche | Poudres de Narco","description":"Fournisseur d'Alpha-PHP pour applications scientifiques en laboratoire. Puret\u00e9 et s\u00e9curit\u00e9 garanties pour recherches avanc\u00e9es chez Poudres de Narco. Acheter Alpha-PHP","robots":{"index":"index","follow":"follow","max-snippet":"max-snippet:-1","max-image-preview":"max-image-preview:large","max-video-preview":"max-video-preview:-1"},"canonical":"https:\/\/poudresdenarco.com\/nl\/product-2\/alpha-php\/","og_locale":"nl_BE","og_type":"article","og_title":"Acheter Alpha-PHP pour la Recherche | Poudres de Narco","og_description":"Fournisseur d'Alpha-PHP pour applications scientifiques en laboratoire. Puret\u00e9 et s\u00e9curit\u00e9 garanties pour recherches avanc\u00e9es chez Poudres de Narco. Acheter Alpha-PHP","og_url":"https:\/\/poudresdenarco.com\/nl\/product-2\/alpha-php\/","og_site_name":"Poudresde Narco","article_modified_time":"2025-12-23T22:04:25+00:00","og_image":[{"width":600,"height":600,"url":"https:\/\/poudresdenarco.com\/wp-content\/uploads\/2024\/10\/Alpha-php.gif","type":"image\/gif"}],"twitter_card":"summary_large_image","twitter_misc":{"Geschatte leestijd":"2 minuten"},"schema":{"@context":"https:\/\/schema.org","@graph":[{"@type":"WebPage","@id":"https:\/\/poudresdenarco.com\/produit\/alpha-php\/","url":"https:\/\/poudresdenarco.com\/produit\/alpha-php\/","name":"Acheter Alpha-PHP pour la Recherche | Poudres de Narco","isPartOf":{"@id":"https:\/\/poudresdenarco.com\/#website"},"primaryImageOfPage":{"@id":"https:\/\/poudresdenarco.com\/produit\/alpha-php\/#primaryimage"},"image":{"@id":"https:\/\/poudresdenarco.com\/produit\/alpha-php\/#primaryimage"},"thumbnailUrl":"https:\/\/poudresdenarco.com\/wp-content\/uploads\/2024\/10\/Alpha-php.gif","datePublished":"2024-10-16T11:32:20+00:00","dateModified":"2025-12-23T22:04:25+00:00","description":"Fournisseur d'Alpha-PHP pour applications scientifiques en laboratoire. Puret\u00e9 et s\u00e9curit\u00e9 garanties pour recherches avanc\u00e9es chez Poudres de Narco. Acheter Alpha-PHP","breadcrumb":{"@id":"https:\/\/poudresdenarco.com\/produit\/alpha-php\/#breadcrumb"},"inLanguage":"nl-BE","potentialAction":[{"@type":"ReadAction","target":["https:\/\/poudresdenarco.com\/produit\/alpha-php\/"]}]},{"@type":"ImageObject","inLanguage":"nl-BE","@id":"https:\/\/poudresdenarco.com\/produit\/alpha-php\/#primaryimage","url":"https:\/\/poudresdenarco.com\/wp-content\/uploads\/2024\/10\/Alpha-php.gif","contentUrl":"https:\/\/poudresdenarco.com\/wp-content\/uploads\/2024\/10\/Alpha-php.gif","width":600,"height":600,"caption":"Alpha-php"},{"@type":"BreadcrumbList","@id":"https:\/\/poudresdenarco.com\/produit\/alpha-php\/#breadcrumb","itemListElement":[{"@type":"ListItem","position":1,"name":"Home","item":"https:\/\/poudresdenarco.com\/"},{"@type":"ListItem","position":2,"name":"Boutique","item":"https:\/\/poudresdenarco.com\/boutique\/"},{"@type":"ListItem","position":3,"name":"Alpha-php"}]},{"@type":"WebSite","@id":"https:\/\/poudresdenarco.com\/#website","url":"https:\/\/poudresdenarco.com\/","name":"Poudresde Narco","description":"Acheter de la coca\u00efne et de l&#039;h\u00e9ro\u00efne en ligne","potentialAction":[{"@type":"SearchAction","target":{"@type":"EntryPoint","urlTemplate":"https:\/\/poudresdenarco.com\/?s={search_term_string}"},"query-input":{"@type":"PropertyValueSpecification","valueRequired":true,"valueName":"search_term_string"}}],"inLanguage":"nl-BE"}]}},"_links":{"self":[{"href":"https:\/\/poudresdenarco.com\/nl\/wp-json\/wp\/v2\/product\/6004","targetHints":{"allow":["GET"]}}],"collection":[{"href":"https:\/\/poudresdenarco.com\/nl\/wp-json\/wp\/v2\/product"}],"about":[{"href":"https:\/\/poudresdenarco.com\/nl\/wp-json\/wp\/v2\/types\/product"}],"replies":[{"embeddable":true,"href":"https:\/\/poudresdenarco.com\/nl\/wp-json\/wp\/v2\/comments?post=6004"}],"wp:featuredmedia":[{"embeddable":true,"href":"https:\/\/poudresdenarco.com\/nl\/wp-json\/wp\/v2\/media\/6179"}],"wp:attachment":[{"href":"https:\/\/poudresdenarco.com\/nl\/wp-json\/wp\/v2\/media?parent=6004"}],"wp:term":[{"taxonomy":"product_cat","embeddable":true,"href":"https:\/\/poudresdenarco.com\/nl\/wp-json\/wp\/v2\/product_cat?post=6004"},{"taxonomy":"product_tag","embeddable":true,"href":"https:\/\/poudresdenarco.com\/nl\/wp-json\/wp\/v2\/product_tag?post=6004"}],"curies":[{"name":"wp","href":"https:\/\/api.w.org\/{rel}","templated":true}]}}