{"id":6005,"date":"2024-10-16T11:32:20","date_gmt":"2024-10-16T11:32:20","guid":{"rendered":"https:\/\/poudresdenarco.com\/?post_type=product&#038;p=6005"},"modified":"2024-12-23T09:43:19","modified_gmt":"2024-12-23T09:43:19","slug":"flualprazolam","status":"publish","type":"product","link":"https:\/\/poudresdenarco.com\/nl\/product-2\/flualprazolam\/","title":{"rendered":"Flualprazolam"},"content":{"rendered":"<h1><strong>Koop hoge zuiverheid Flualprazolam voor onderzoek <a href=\"https:\/\/cokebricks.com\/de\/shop\/\">&#8211;<\/a> Verdovende poeders<\/strong><\/h1>\n<p><strong>Verdovende poeders<\/strong> is uw vertrouwde leverancier voor <strong>Flualprazolam onderzoekskwaliteit<\/strong>exclusief ontworpen voor <strong>wetenschappelijke laboratoriumtoepassingen<\/strong>. Onze Flualprazolam wordt geproduceerd volgens strenge normen van zuiverheid en kwaliteit, waardoor betrouwbare resultaten voor onderzoekers in de chemie en farmacologie worden gegarandeerd Flualprazolam kopen\u00a0<a href=\"https:\/\/poudresdenarco.com\/nl\/product-2\/ghb\/\">.<\/a><\/p>\n<h3>Waarom kiezen voor Flualprazolam van Poudres de Narco?<\/h3>\n<p>Als <strong>leverancier van flualprazolam voor onderzoek<\/strong>, <strong>Verdovende poeders<\/strong> garandeert producten van hoge kwaliteit, aangepast aan <strong>gecertificeerde laboratoria<\/strong> :<\/p>\n<ul>\n<li><strong>Hoogzuiver Flualprazolam voor laboratoria<\/strong> Elke partij wordt streng getest om een optimale zuiverheid te garanderen, wat essentieel is voor <strong>wetenschappelijke precisietoepassingen<\/strong>.<\/li>\n<li><strong>Consistente, betrouwbare kwaliteit<\/strong> : Onze Flualprazolam is geformuleerd voor stabiele en betrouwbare prestaties, aangepast aan de behoeften van <strong>analytische laboratoriumonderzoeken<\/strong>.<\/li>\n<li><strong>Veilig online bestellen<\/strong> : <strong>Verdovende poeders<\/strong> biedt een vereenvoudigd proces voor<strong>Flualprazolam online kopen<\/strong>zorgen voor veiligheid en compliance voor onderzoeksprofessionals.<\/li>\n<\/ul>\n<h3>Toepassingen en veiligheidsinstructies<\/h3>\n<p>Le <strong>Flualprazolam voor onderzoek<\/strong> van <strong>Verdovende poeders<\/strong> is bedoeld voor <strong>analytische toepassingen en wetenschappelijke studies<\/strong>. Voor een correct gebruik leveren we veiligheidsprotocollen:<\/p>\n<ul>\n<li><strong>Veilige opslag<\/strong> Bewaar Flualprazolam op een koele, droge plaats uit de buurt van licht om de kwaliteit te behouden.<\/li>\n<li><strong>Hantering met voorzorgsmaatregelen<\/strong> Gebruik persoonlijke beschermingsmiddelen (PPE) en werk in een goed geventileerde omgeving.<\/li>\n<li><strong>Gebruik strikt voorbehouden aan onderzoek<\/strong> Dit product is uitsluitend bedoeld voor gekwalificeerde onderzoekers en laboratoria die gecertificeerd zijn voor <strong>geavanceerde wetenschappelijke studies<\/strong>.<\/li>\n<\/ul>\n<h4>Bestel Flualprazolam van hoge zuiverheid voor uw wetenschappelijke studies<\/h4>\n<p>Met <strong>Verdovende poeders<\/strong>profiteer je van <strong>betrouwbare levering van flualprazolam voor laboratoriumtoepassingen<\/strong>. Onze hoge kwaliteits- en veiligheidsnormen maken <strong>Verdovende poeders<\/strong> de ideale keuze voor onderzoeksprofessionals. <strong>Neem contact met ons op<\/strong> voor een offerte of om meer te weten te komen over ons assortiment hoogzuivere producten voor wetenschappelijk onderzoek.<\/p>\n<h4>Hoe werkt flubromazepam?<\/h4>\n<p>Le <a href=\"https:\/\/en.wikipedia.org\/wiki\/Flualprazolam\">flubromazepam<\/a> is een chemische stof die behoort tot de familie van triazolobenzodiazepinen. Het is een derivaat van benzodiazepinen.<br \/>\nHet huidige onderzoek richt zich op structurele effecten die vergelijkbaar zijn met die van pyrazolam, ondanks hun zeldzaamheid. Het lijkt ook op andere benzodiazepinen. Binnen de benzodiazepinenfamilie is het geclassificeerd als een depressivum in de psychotrope klasse. Vanwege de vervangingen van broom en fluor op het skelet, kreeg de chemische stof voor onderzoek deze naam.<\/p>\n<p>* Houd er rekening mee dat de <a href=\"https:\/\/poudresdenarco.com\/nl\/product-2\/flualprazolam\/\">flubromazepam<\/a> is alleen toegestaan voor onderzoek en mag niet door mensen worden geconsumeerd.<\/p>\n<p>Chemische samenstelling van flubromazepam<br \/>\nVolledige naam: C15H10BrFN2O (symbool) iso-flubromazepam, een benzodiazepine derivaat<\/p>\n<p>Molaire massa (g\/mol): 333,160<\/p>\n<p>98 % zuiverheid<\/p>\n<p>Gebruik de juiste persoonlijke beschermingsmiddelen (veiligheidsbril, masker en overall) om blootgestelde huidgedeelten te bedekken tijdens het werken met flubromazepam.<\/p>\n<p>* Belangrijke opmerking: voor een optimale houdbaarheid altijd op een koele, droge plaats bewaren. Dit product is alleen bedoeld voor forensisch en onderzoeksgebruik. Het is daarom NIET bedoeld voor in vivo experimenten van welke aard dan ook op dieren of andere levende wezens, of voor menselijke consumptie.<\/p>\n<h3>Waar kan ik het kopen?<\/h3>\n<p>Flubromazepams van laboratoriumzuiverheid zijn verkrijgbaar bij poudresdenarco. De beste bron om onderzoekschemicali\u00ebn te kopen is poudresdenarco. Houd er rekening mee dat het kopen van Flubromazepam van <a href=\"https:\/\/poudresdenarco.com\/nl\/\">poudresdenarco<\/a> moet je minstens achttien jaar oud zijn. Alle commerci\u00eble onderzoekschemicali\u00ebn zijn niet bedoeld voor menselijke consumptie; ze mogen alleen worden gebruikt voor onderzoek en laboratoriumexperimenten Buy Flualprazolam .<\/p>","protected":false},"excerpt":{"rendered":"<p>Acheter du Flualprazolam de Haute Puret\u00e9 pour la Recherche &#8211; Poudres de Narco Poudres de Narco est votre fournisseur de confiance pour le Flualprazolam de qualit\u00e9 recherche, con\u00e7u exclusivement pour des applications scientifiques en laboratoire. Notre Flualprazolam est produit selon des normes rigoureuses de puret\u00e9 et de qualit\u00e9, assurant des r\u00e9sultats fiables pour les chercheurs&hellip;<\/p>","protected":false},"featured_media":6178,"comment_status":"open","ping_status":"closed","template":"","meta":{"_joinchat":[]},"product_cat":[558,751],"product_tag":[],"class_list":{"0":"post-6005","1":"product","2":"type-product","3":"status-publish","4":"has-post-thumbnail","6":"product_cat-chimiques-de-recherche","7":"product_cat-stimulants","9":"first","10":"instock","11":"shipping-taxable","12":"purchasable","13":"product-type-variable","14":"col-xs-6 col-sm-4","15":"col-md-3 col-lg-3","16":"un-4-cols"},"yoast_head":"<!-- This site is optimized with the Yoast SEO plugin v23.8 - https:\/\/yoast.com\/wordpress\/plugins\/seo\/ -->\n<title>Acheter Flualprazolam Pur pour Recherche | Poudres de Narco<\/title>\n<meta name=\"description\" content=\"Flualprazolam de haute puret\u00e9 pour laboratoires. Fournisseur fiable pour applications scientifiques chez Poudres de Narco.\" \/>\n<meta name=\"robots\" content=\"index, follow, max-snippet:-1, max-image-preview:large, max-video-preview:-1\" \/>\n<link rel=\"canonical\" href=\"https:\/\/poudresdenarco.com\/nl\/product-2\/flualprazolam\/\" \/>\n<meta property=\"og:locale\" content=\"nl_BE\" \/>\n<meta property=\"og:type\" content=\"article\" \/>\n<meta property=\"og:title\" content=\"Acheter Flualprazolam Pur pour Recherche | Poudres de Narco\" \/>\n<meta property=\"og:description\" content=\"Flualprazolam de haute puret\u00e9 pour laboratoires. Fournisseur fiable pour applications scientifiques chez Poudres de Narco.\" \/>\n<meta property=\"og:url\" content=\"https:\/\/poudresdenarco.com\/nl\/product-2\/flualprazolam\/\" \/>\n<meta property=\"og:site_name\" content=\"Poudresde Narco\" \/>\n<meta property=\"article:modified_time\" content=\"2024-12-23T09:43:19+00:00\" \/>\n<meta property=\"og:image\" content=\"https:\/\/poudresdenarco.com\/wp-content\/uploads\/2024\/10\/Flualprazolam.gif\" \/>\n\t<meta property=\"og:image:width\" content=\"600\" \/>\n\t<meta property=\"og:image:height\" content=\"600\" \/>\n\t<meta property=\"og:image:type\" content=\"image\/gif\" \/>\n<meta name=\"twitter:card\" content=\"summary_large_image\" \/>\n<meta name=\"twitter:label1\" content=\"Geschatte leestijd\" \/>\n\t<meta name=\"twitter:data1\" content=\"3 minuten\" \/>\n<script type=\"application\/ld+json\" class=\"yoast-schema-graph\">{\"@context\":\"https:\/\/schema.org\",\"@graph\":[{\"@type\":\"WebPage\",\"@id\":\"https:\/\/poudresdenarco.com\/produit\/flualprazolam\/\",\"url\":\"https:\/\/poudresdenarco.com\/produit\/flualprazolam\/\",\"name\":\"Acheter Flualprazolam Pur pour Recherche | Poudres de Narco\",\"isPartOf\":{\"@id\":\"https:\/\/poudresdenarco.com\/#website\"},\"primaryImageOfPage\":{\"@id\":\"https:\/\/poudresdenarco.com\/produit\/flualprazolam\/#primaryimage\"},\"image\":{\"@id\":\"https:\/\/poudresdenarco.com\/produit\/flualprazolam\/#primaryimage\"},\"thumbnailUrl\":\"https:\/\/poudresdenarco.com\/wp-content\/uploads\/2024\/10\/Flualprazolam.gif\",\"datePublished\":\"2024-10-16T11:32:20+00:00\",\"dateModified\":\"2024-12-23T09:43:19+00:00\",\"description\":\"Flualprazolam de haute puret\u00e9 pour laboratoires. Fournisseur fiable pour applications scientifiques chez Poudres de Narco.\",\"breadcrumb\":{\"@id\":\"https:\/\/poudresdenarco.com\/produit\/flualprazolam\/#breadcrumb\"},\"inLanguage\":\"nl-BE\",\"potentialAction\":[{\"@type\":\"ReadAction\",\"target\":[\"https:\/\/poudresdenarco.com\/produit\/flualprazolam\/\"]}]},{\"@type\":\"ImageObject\",\"inLanguage\":\"nl-BE\",\"@id\":\"https:\/\/poudresdenarco.com\/produit\/flualprazolam\/#primaryimage\",\"url\":\"https:\/\/poudresdenarco.com\/wp-content\/uploads\/2024\/10\/Flualprazolam.gif\",\"contentUrl\":\"https:\/\/poudresdenarco.com\/wp-content\/uploads\/2024\/10\/Flualprazolam.gif\",\"width\":600,\"height\":600,\"caption\":\"Flualprazolam\"},{\"@type\":\"BreadcrumbList\",\"@id\":\"https:\/\/poudresdenarco.com\/produit\/flualprazolam\/#breadcrumb\",\"itemListElement\":[{\"@type\":\"ListItem\",\"position\":1,\"name\":\"Home\",\"item\":\"https:\/\/poudresdenarco.com\/\"},{\"@type\":\"ListItem\",\"position\":2,\"name\":\"Boutique\",\"item\":\"https:\/\/poudresdenarco.com\/boutique\/\"},{\"@type\":\"ListItem\",\"position\":3,\"name\":\"Flualprazolam\"}]},{\"@type\":\"WebSite\",\"@id\":\"https:\/\/poudresdenarco.com\/#website\",\"url\":\"https:\/\/poudresdenarco.com\/\",\"name\":\"Poudresde Narco\",\"description\":\"Acheter de la coca\u00efne et de l&#039;h\u00e9ro\u00efne en ligne\",\"potentialAction\":[{\"@type\":\"SearchAction\",\"target\":{\"@type\":\"EntryPoint\",\"urlTemplate\":\"https:\/\/poudresdenarco.com\/?s={search_term_string}\"},\"query-input\":{\"@type\":\"PropertyValueSpecification\",\"valueRequired\":true,\"valueName\":\"search_term_string\"}}],\"inLanguage\":\"nl-BE\"}]}<\/script>\n<!-- \/ Yoast SEO plugin. -->","yoast_head_json":{"title":"Acheter Flualprazolam Pur pour Recherche | Poudres de Narco","description":"Flualprazolam de haute puret\u00e9 pour laboratoires. Fournisseur fiable pour applications scientifiques chez Poudres de Narco.","robots":{"index":"index","follow":"follow","max-snippet":"max-snippet:-1","max-image-preview":"max-image-preview:large","max-video-preview":"max-video-preview:-1"},"canonical":"https:\/\/poudresdenarco.com\/nl\/product-2\/flualprazolam\/","og_locale":"nl_BE","og_type":"article","og_title":"Acheter Flualprazolam Pur pour Recherche | Poudres de Narco","og_description":"Flualprazolam de haute puret\u00e9 pour laboratoires. Fournisseur fiable pour applications scientifiques chez Poudres de Narco.","og_url":"https:\/\/poudresdenarco.com\/nl\/product-2\/flualprazolam\/","og_site_name":"Poudresde Narco","article_modified_time":"2024-12-23T09:43:19+00:00","og_image":[{"width":600,"height":600,"url":"https:\/\/poudresdenarco.com\/wp-content\/uploads\/2024\/10\/Flualprazolam.gif","type":"image\/gif"}],"twitter_card":"summary_large_image","twitter_misc":{"Geschatte leestijd":"3 minuten"},"schema":{"@context":"https:\/\/schema.org","@graph":[{"@type":"WebPage","@id":"https:\/\/poudresdenarco.com\/produit\/flualprazolam\/","url":"https:\/\/poudresdenarco.com\/produit\/flualprazolam\/","name":"Acheter Flualprazolam Pur pour Recherche | Poudres de Narco","isPartOf":{"@id":"https:\/\/poudresdenarco.com\/#website"},"primaryImageOfPage":{"@id":"https:\/\/poudresdenarco.com\/produit\/flualprazolam\/#primaryimage"},"image":{"@id":"https:\/\/poudresdenarco.com\/produit\/flualprazolam\/#primaryimage"},"thumbnailUrl":"https:\/\/poudresdenarco.com\/wp-content\/uploads\/2024\/10\/Flualprazolam.gif","datePublished":"2024-10-16T11:32:20+00:00","dateModified":"2024-12-23T09:43:19+00:00","description":"Flualprazolam de haute puret\u00e9 pour laboratoires. Fournisseur fiable pour applications scientifiques chez Poudres de Narco.","breadcrumb":{"@id":"https:\/\/poudresdenarco.com\/produit\/flualprazolam\/#breadcrumb"},"inLanguage":"nl-BE","potentialAction":[{"@type":"ReadAction","target":["https:\/\/poudresdenarco.com\/produit\/flualprazolam\/"]}]},{"@type":"ImageObject","inLanguage":"nl-BE","@id":"https:\/\/poudresdenarco.com\/produit\/flualprazolam\/#primaryimage","url":"https:\/\/poudresdenarco.com\/wp-content\/uploads\/2024\/10\/Flualprazolam.gif","contentUrl":"https:\/\/poudresdenarco.com\/wp-content\/uploads\/2024\/10\/Flualprazolam.gif","width":600,"height":600,"caption":"Flualprazolam"},{"@type":"BreadcrumbList","@id":"https:\/\/poudresdenarco.com\/produit\/flualprazolam\/#breadcrumb","itemListElement":[{"@type":"ListItem","position":1,"name":"Home","item":"https:\/\/poudresdenarco.com\/"},{"@type":"ListItem","position":2,"name":"Boutique","item":"https:\/\/poudresdenarco.com\/boutique\/"},{"@type":"ListItem","position":3,"name":"Flualprazolam"}]},{"@type":"WebSite","@id":"https:\/\/poudresdenarco.com\/#website","url":"https:\/\/poudresdenarco.com\/","name":"Poudresde Narco","description":"Acheter de la coca\u00efne et de l&#039;h\u00e9ro\u00efne en ligne","potentialAction":[{"@type":"SearchAction","target":{"@type":"EntryPoint","urlTemplate":"https:\/\/poudresdenarco.com\/?s={search_term_string}"},"query-input":{"@type":"PropertyValueSpecification","valueRequired":true,"valueName":"search_term_string"}}],"inLanguage":"nl-BE"}]}},"_links":{"self":[{"href":"https:\/\/poudresdenarco.com\/nl\/wp-json\/wp\/v2\/product\/6005","targetHints":{"allow":["GET"]}}],"collection":[{"href":"https:\/\/poudresdenarco.com\/nl\/wp-json\/wp\/v2\/product"}],"about":[{"href":"https:\/\/poudresdenarco.com\/nl\/wp-json\/wp\/v2\/types\/product"}],"replies":[{"embeddable":true,"href":"https:\/\/poudresdenarco.com\/nl\/wp-json\/wp\/v2\/comments?post=6005"}],"wp:featuredmedia":[{"embeddable":true,"href":"https:\/\/poudresdenarco.com\/nl\/wp-json\/wp\/v2\/media\/6178"}],"wp:attachment":[{"href":"https:\/\/poudresdenarco.com\/nl\/wp-json\/wp\/v2\/media?parent=6005"}],"wp:term":[{"taxonomy":"product_cat","embeddable":true,"href":"https:\/\/poudresdenarco.com\/nl\/wp-json\/wp\/v2\/product_cat?post=6005"},{"taxonomy":"product_tag","embeddable":true,"href":"https:\/\/poudresdenarco.com\/nl\/wp-json\/wp\/v2\/product_tag?post=6005"}],"curies":[{"name":"wp","href":"https:\/\/api.w.org\/{rel}","templated":true}]}}