{"id":6006,"date":"2024-10-16T11:32:20","date_gmt":"2024-10-16T11:32:20","guid":{"rendered":"https:\/\/poudresdenarco.com\/?post_type=product&#038;p=6006"},"modified":"2024-11-03T11:34:52","modified_gmt":"2024-11-03T11:34:52","slug":"bromazolam","status":"publish","type":"product","link":"https:\/\/poudresdenarco.com\/nl\/product-2\/bromazolam\/","title":{"rendered":"Bromazolam"},"content":{"rendered":"<h2><strong>Koop hoogzuiver Benzolam voor onderzoek <a href=\"https:\/\/cokebricks.com\/es\/categoria-de-productos\/buy-cocaine-online\/\">&#8211;<\/a> Verdovende poeders<\/strong><\/h2>\n<p><strong>Verdovende poeders<\/strong> is uw vertrouwde leverancier voor <strong>Benzolam onderzoek kwaliteit<\/strong>exclusief ontworpen voor <strong>wetenschappelijke laboratoriumtoepassingen<\/strong>. Onze benzolam wordt geproduceerd volgens strenge zuiverheids- en kwaliteitsnormen en biedt consistente resultaten voor onderzoekers in de farmacologie en chemie Benzolam kopen<a href=\"https:\/\/poudresdenarco.com\/nl\/product-2\/4f-php\/\">.<\/a><\/p>\n<h3>Waarom Benzolam de Poudres de Narco kopen?<\/h3>\n<p>Als <strong>betrouwbare benzolam leverancier<\/strong>, <strong>Verdovende poeders<\/strong> garandeert producten die voldoen aan de eisen van <strong>gecertificeerde laboratoria<\/strong> :<\/p>\n<ul>\n<li><strong>Benzolam van hoge zuiverheid voor laboratoria<\/strong> Elke partij benzolam wordt streng getest om een maximale zuiverheid te garanderen, wat essentieel is voor <strong>wetenschappelijke toepassingen met hoge precisie<\/strong>.<\/li>\n<li><strong>Consistente, betrouwbare kwaliteit<\/strong> : Onze Benzolam is geformuleerd voor stabiele, betrouwbare prestaties, ideaal voor <strong>analytische en onderzoeksstudies<\/strong>.<\/li>\n<li><strong>Veilig online bestellen<\/strong> : <strong>Verdovende poeders<\/strong> maakt het gemakkelijker om<strong>Benzolam online kopen<\/strong> met een veilig proces dat is ontworpen voor onderzoeksprofessionals.<\/li>\n<\/ul>\n<h3>Toepassingen en veiligheidsinstructies<\/h3>\n<p>Le <strong>Benzolam voor onderzoek<\/strong> van <strong>Verdovende poeders<\/strong> is speciaal ontworpen voor <strong>analytische toepassingen en wetenschappelijke studies<\/strong>. Voor een correct gebruik geven we gedetailleerde veiligheidsinstructies:<\/p>\n<ul>\n<li><strong>Veilige opslag<\/strong> Bewaar Benzolam op een koele, droge plaats uit de buurt van licht om de kwaliteit te behouden.<\/li>\n<li><strong>Hantering met voorzorgsmaatregelen<\/strong> Gebruik persoonlijke beschermingsmiddelen (PPE) en werk in een goed geventileerde omgeving.<\/li>\n<li><strong>Gebruik strikt voorbehouden aan onderzoek<\/strong> Dit product is uitsluitend bedoeld voor gekwalificeerde onderzoekers en laboratoria die gecertificeerd zijn voor <strong>geavanceerde wetenschappelijke studies<\/strong>.<\/li>\n<\/ul>\n<h3>Bestel hoogzuiver benzolam voor uw wetenschappelijke studies<\/h3>\n<p>Met <strong>Verdovende poeders<\/strong>profiteren van <strong>betrouwbare levering van benzolam voor laboratoriumtoepassingen<\/strong>. Onze hoge kwaliteits- en veiligheidsnormen maken <strong>Verdovende poeders<\/strong> de ideale keuze voor onderzoeksprofessionals. <strong>Neem contact met ons op<\/strong> voor een offerte of om meer te weten te komen over ons assortiment hoogzuivere producten voor wetenschappelijk onderzoek.<\/p>\n<h4><strong>Gebruik en effecten van bromazolam<\/strong><\/h4>\n<p>Bromazolam wordt meestal verkocht in poeder- of tabletvorm voor onderzoeksdoeleinden. Als lid van de benzodiazepine-familie wordt het vaak bestudeerd vanwege de mogelijke effecten op angst en sedatie, effecten die vergelijkbaar zijn met die van andere, meer algemeen gebruikte benzodiazepinen. Onderzoekers waarderen bromazolam voor het bestuderen van de biochemische effecten van benzodiazepine-analogen, hoewel er weinig collegiaal getoetste gegevens bestaan over de algehele effecten en veiligheid.<\/p>\n<h4><strong>Legaliteit van bromazolam (XLI-268)<\/strong><\/h4>\n<p>De wettelijke status van bromazolam varieert van land tot land. In sommige regio's kan het worden geclassificeerd als een gereguleerde stof vanwege de benzodiazepine-achtige eigenschappen, terwijl het in andere regio's nog steeds legaal is als een chemische stof voor onderzoek, maar wel gereguleerd blijft. Kopers moeten de lokale wetgeving controleren voordat ze bromazolam kopen om er zeker van te zijn dat het aan de regels voldoet. Leveranciers zoals <em>Poudresdenarco<\/em> beperken over het algemeen de verkoop tot mensen ouder dan 18 jaar en geven aan dat bromazolam alleen bedoeld is voor laboratoriumonderzoek en niet voor menselijke consumptie.<\/p>\n<h5><strong>Veiligheidsprocedures voor bromazolam<\/strong><\/h5>\n<p>Vanwege de potentie en mogelijke bijwerkingen vereist het werken met bromazolam in het laboratorium strikte veiligheidsmaatregelen. Het wordt aanbevolen om handschoenen, een veiligheidsbril en een ademhalingstoestel te dragen om het risico van blootstelling te minimaliseren. Bij accidenteel contact met de huid of ogen is grondig spoelen met water essentieel en indien nodig moet medische hulp worden ingeroepen. Adequate etikettering, met inbegrip van IUPAC-informatie, draagt bij tot een snelle reactie in geval van accidentele blootstelling.<\/p>\n<h5><strong>Hoe bewaar ik bromazolam<\/strong><\/h5>\n<p>Om de stabiliteit en werkzaamheid te behouden, moet bromazolam worden bewaard op een koele, droge, donkere plaats, uit de buurt van direct zonlicht, vochtigheid en extreme temperaturen. Onder optimale bewaaromstandigheden kan bromazolam tot twee jaar stabiel blijven.<\/p>\n<h5><strong>Waar Bromazolam kopen<\/strong><\/h5>\n<p><em>Poudresdenarco<\/em> is een gerenommeerde leverancier van hoge kwaliteit bromazolam (XLI-268) poeder en tabletten, en biedt laboratoriumproducten aan gekwalificeerde kopers. Aankopen van bromazolam moeten strikt voor onderzoeksdoeleinden zijn en niet voor menselijke consumptie. Leveranciers zoals <em>Poudresdenarco<\/em> garandeert kwaliteit en authenticiteit voor onderzoekers die betrouwbare bromazolam nodig hebben voor geautoriseerde studies.<\/p>\n<h3><strong>Conclusie<\/strong><\/h3>\n<p>Bromazolam (XLI-268) is een belangrijke chemische stof voor onderzoek naar benzodiazepine analogen, hoewel het niet is goedgekeurd voor medisch gebruik. Vanwege de wisselende legaliteit en potenti\u00eble risico's moeten onderzoekers voorzichtig omgaan met bromazolam en zich houden aan lokale regelgeving en laboratoriumveiligheidsprotocollen. Betrouwbare levering, veilige opslag en veilige behandeling zijn essentieel om deze verbinding effectief te bestuderen in een gecontroleerde omgeving.<\/p>\n<p>&nbsp;<\/p>","protected":false},"excerpt":{"rendered":"<p>Acheter du Benzolam de Haute Puret\u00e9 pour la Recherche &#8211; Poudres de Narco Poudres de Narco est votre fournisseur de confiance pour le Benzolam de qualit\u00e9 recherche, con\u00e7u exclusivement pour des applications scientifiques en laboratoire. Notre Benzolam est produit selon des normes rigoureuses de puret\u00e9 et de qualit\u00e9, offrant des r\u00e9sultats constants pour les chercheurs&hellip;<\/p>","protected":false},"featured_media":6177,"comment_status":"open","ping_status":"closed","template":"","meta":{"_joinchat":[]},"product_cat":[558],"product_tag":[],"class_list":{"0":"post-6006","1":"product","2":"type-product","3":"status-publish","4":"has-post-thumbnail","6":"product_cat-chimiques-de-recherche","8":"first","9":"instock","10":"shipping-taxable","11":"purchasable","12":"product-type-variable","13":"col-xs-6 col-sm-4","14":"col-md-3 col-lg-3","15":"un-4-cols"},"yoast_head":"<!-- This site is optimized with the Yoast SEO plugin v23.8 - https:\/\/yoast.com\/wordpress\/plugins\/seo\/ -->\n<title>&quot;Acheter Benzolam pour la Recherche | Poudres de Narco&quot;<\/title>\n<meta name=\"description\" content=\"Fournisseur de Benzolam pour applications scientifiques en laboratoire. Puret\u00e9 et s\u00e9curit\u00e9 garanties pour recherches avanc\u00e9es chez Poudres de Narco.\" \/>\n<meta name=\"robots\" content=\"index, follow, max-snippet:-1, max-image-preview:large, max-video-preview:-1\" \/>\n<link rel=\"canonical\" href=\"https:\/\/poudresdenarco.com\/nl\/product-2\/bromazolam\/\" \/>\n<meta property=\"og:locale\" content=\"nl_BE\" \/>\n<meta property=\"og:type\" content=\"article\" \/>\n<meta property=\"og:title\" content=\"&quot;Acheter Benzolam pour la Recherche | Poudres de Narco&quot;\" \/>\n<meta property=\"og:description\" content=\"Fournisseur de Benzolam pour applications scientifiques en laboratoire. Puret\u00e9 et s\u00e9curit\u00e9 garanties pour recherches avanc\u00e9es chez Poudres de Narco.\" \/>\n<meta property=\"og:url\" content=\"https:\/\/poudresdenarco.com\/nl\/product-2\/bromazolam\/\" \/>\n<meta property=\"og:site_name\" content=\"Poudresde Narco\" \/>\n<meta property=\"article:modified_time\" content=\"2024-11-03T11:34:52+00:00\" \/>\n<meta property=\"og:image\" content=\"https:\/\/poudresdenarco.com\/wp-content\/uploads\/2024\/10\/Bromazolam.gif\" \/>\n\t<meta property=\"og:image:width\" content=\"600\" \/>\n\t<meta property=\"og:image:height\" content=\"600\" \/>\n\t<meta property=\"og:image:type\" content=\"image\/gif\" \/>\n<meta name=\"twitter:card\" content=\"summary_large_image\" \/>\n<meta name=\"twitter:label1\" content=\"Geschatte leestijd\" \/>\n\t<meta name=\"twitter:data1\" content=\"4 minuten\" \/>\n<script type=\"application\/ld+json\" class=\"yoast-schema-graph\">{\"@context\":\"https:\/\/schema.org\",\"@graph\":[{\"@type\":\"WebPage\",\"@id\":\"https:\/\/poudresdenarco.com\/produit\/bromazolam\/\",\"url\":\"https:\/\/poudresdenarco.com\/produit\/bromazolam\/\",\"name\":\"\\\"Acheter Benzolam pour la Recherche | Poudres de Narco\\\"\",\"isPartOf\":{\"@id\":\"https:\/\/poudresdenarco.com\/#website\"},\"primaryImageOfPage\":{\"@id\":\"https:\/\/poudresdenarco.com\/produit\/bromazolam\/#primaryimage\"},\"image\":{\"@id\":\"https:\/\/poudresdenarco.com\/produit\/bromazolam\/#primaryimage\"},\"thumbnailUrl\":\"https:\/\/poudresdenarco.com\/wp-content\/uploads\/2024\/10\/Bromazolam.gif\",\"datePublished\":\"2024-10-16T11:32:20+00:00\",\"dateModified\":\"2024-11-03T11:34:52+00:00\",\"description\":\"Fournisseur de Benzolam pour applications scientifiques en laboratoire. Puret\u00e9 et s\u00e9curit\u00e9 garanties pour recherches avanc\u00e9es chez Poudres de Narco.\",\"breadcrumb\":{\"@id\":\"https:\/\/poudresdenarco.com\/produit\/bromazolam\/#breadcrumb\"},\"inLanguage\":\"nl-BE\",\"potentialAction\":[{\"@type\":\"ReadAction\",\"target\":[\"https:\/\/poudresdenarco.com\/produit\/bromazolam\/\"]}]},{\"@type\":\"ImageObject\",\"inLanguage\":\"nl-BE\",\"@id\":\"https:\/\/poudresdenarco.com\/produit\/bromazolam\/#primaryimage\",\"url\":\"https:\/\/poudresdenarco.com\/wp-content\/uploads\/2024\/10\/Bromazolam.gif\",\"contentUrl\":\"https:\/\/poudresdenarco.com\/wp-content\/uploads\/2024\/10\/Bromazolam.gif\",\"width\":600,\"height\":600,\"caption\":\"Bromazolam\"},{\"@type\":\"BreadcrumbList\",\"@id\":\"https:\/\/poudresdenarco.com\/produit\/bromazolam\/#breadcrumb\",\"itemListElement\":[{\"@type\":\"ListItem\",\"position\":1,\"name\":\"Home\",\"item\":\"https:\/\/poudresdenarco.com\/\"},{\"@type\":\"ListItem\",\"position\":2,\"name\":\"Boutique\",\"item\":\"https:\/\/poudresdenarco.com\/boutique\/\"},{\"@type\":\"ListItem\",\"position\":3,\"name\":\"Bromazolam\"}]},{\"@type\":\"WebSite\",\"@id\":\"https:\/\/poudresdenarco.com\/#website\",\"url\":\"https:\/\/poudresdenarco.com\/\",\"name\":\"Poudresde Narco\",\"description\":\"Acheter de la coca\u00efne et de l&#039;h\u00e9ro\u00efne en ligne\",\"potentialAction\":[{\"@type\":\"SearchAction\",\"target\":{\"@type\":\"EntryPoint\",\"urlTemplate\":\"https:\/\/poudresdenarco.com\/?s={search_term_string}\"},\"query-input\":{\"@type\":\"PropertyValueSpecification\",\"valueRequired\":true,\"valueName\":\"search_term_string\"}}],\"inLanguage\":\"nl-BE\"}]}<\/script>\n<!-- \/ Yoast SEO plugin. -->","yoast_head_json":{"title":"\"Acheter Benzolam pour la Recherche | Poudres de Narco\"","description":"Fournisseur de Benzolam pour applications scientifiques en laboratoire. Puret\u00e9 et s\u00e9curit\u00e9 garanties pour recherches avanc\u00e9es chez Poudres de Narco.","robots":{"index":"index","follow":"follow","max-snippet":"max-snippet:-1","max-image-preview":"max-image-preview:large","max-video-preview":"max-video-preview:-1"},"canonical":"https:\/\/poudresdenarco.com\/nl\/product-2\/bromazolam\/","og_locale":"nl_BE","og_type":"article","og_title":"\"Acheter Benzolam pour la Recherche | Poudres de Narco\"","og_description":"Fournisseur de Benzolam pour applications scientifiques en laboratoire. Puret\u00e9 et s\u00e9curit\u00e9 garanties pour recherches avanc\u00e9es chez Poudres de Narco.","og_url":"https:\/\/poudresdenarco.com\/nl\/product-2\/bromazolam\/","og_site_name":"Poudresde Narco","article_modified_time":"2024-11-03T11:34:52+00:00","og_image":[{"width":600,"height":600,"url":"https:\/\/poudresdenarco.com\/wp-content\/uploads\/2024\/10\/Bromazolam.gif","type":"image\/gif"}],"twitter_card":"summary_large_image","twitter_misc":{"Geschatte leestijd":"4 minuten"},"schema":{"@context":"https:\/\/schema.org","@graph":[{"@type":"WebPage","@id":"https:\/\/poudresdenarco.com\/produit\/bromazolam\/","url":"https:\/\/poudresdenarco.com\/produit\/bromazolam\/","name":"\"Acheter Benzolam pour la Recherche | Poudres de Narco\"","isPartOf":{"@id":"https:\/\/poudresdenarco.com\/#website"},"primaryImageOfPage":{"@id":"https:\/\/poudresdenarco.com\/produit\/bromazolam\/#primaryimage"},"image":{"@id":"https:\/\/poudresdenarco.com\/produit\/bromazolam\/#primaryimage"},"thumbnailUrl":"https:\/\/poudresdenarco.com\/wp-content\/uploads\/2024\/10\/Bromazolam.gif","datePublished":"2024-10-16T11:32:20+00:00","dateModified":"2024-11-03T11:34:52+00:00","description":"Fournisseur de Benzolam pour applications scientifiques en laboratoire. Puret\u00e9 et s\u00e9curit\u00e9 garanties pour recherches avanc\u00e9es chez Poudres de Narco.","breadcrumb":{"@id":"https:\/\/poudresdenarco.com\/produit\/bromazolam\/#breadcrumb"},"inLanguage":"nl-BE","potentialAction":[{"@type":"ReadAction","target":["https:\/\/poudresdenarco.com\/produit\/bromazolam\/"]}]},{"@type":"ImageObject","inLanguage":"nl-BE","@id":"https:\/\/poudresdenarco.com\/produit\/bromazolam\/#primaryimage","url":"https:\/\/poudresdenarco.com\/wp-content\/uploads\/2024\/10\/Bromazolam.gif","contentUrl":"https:\/\/poudresdenarco.com\/wp-content\/uploads\/2024\/10\/Bromazolam.gif","width":600,"height":600,"caption":"Bromazolam"},{"@type":"BreadcrumbList","@id":"https:\/\/poudresdenarco.com\/produit\/bromazolam\/#breadcrumb","itemListElement":[{"@type":"ListItem","position":1,"name":"Home","item":"https:\/\/poudresdenarco.com\/"},{"@type":"ListItem","position":2,"name":"Boutique","item":"https:\/\/poudresdenarco.com\/boutique\/"},{"@type":"ListItem","position":3,"name":"Bromazolam"}]},{"@type":"WebSite","@id":"https:\/\/poudresdenarco.com\/#website","url":"https:\/\/poudresdenarco.com\/","name":"Poudresde Narco","description":"Acheter de la coca\u00efne et de l&#039;h\u00e9ro\u00efne en ligne","potentialAction":[{"@type":"SearchAction","target":{"@type":"EntryPoint","urlTemplate":"https:\/\/poudresdenarco.com\/?s={search_term_string}"},"query-input":{"@type":"PropertyValueSpecification","valueRequired":true,"valueName":"search_term_string"}}],"inLanguage":"nl-BE"}]}},"_links":{"self":[{"href":"https:\/\/poudresdenarco.com\/nl\/wp-json\/wp\/v2\/product\/6006","targetHints":{"allow":["GET"]}}],"collection":[{"href":"https:\/\/poudresdenarco.com\/nl\/wp-json\/wp\/v2\/product"}],"about":[{"href":"https:\/\/poudresdenarco.com\/nl\/wp-json\/wp\/v2\/types\/product"}],"replies":[{"embeddable":true,"href":"https:\/\/poudresdenarco.com\/nl\/wp-json\/wp\/v2\/comments?post=6006"}],"wp:featuredmedia":[{"embeddable":true,"href":"https:\/\/poudresdenarco.com\/nl\/wp-json\/wp\/v2\/media\/6177"}],"wp:attachment":[{"href":"https:\/\/poudresdenarco.com\/nl\/wp-json\/wp\/v2\/media?parent=6006"}],"wp:term":[{"taxonomy":"product_cat","embeddable":true,"href":"https:\/\/poudresdenarco.com\/nl\/wp-json\/wp\/v2\/product_cat?post=6006"},{"taxonomy":"product_tag","embeddable":true,"href":"https:\/\/poudresdenarco.com\/nl\/wp-json\/wp\/v2\/product_tag?post=6006"}],"curies":[{"name":"wp","href":"https:\/\/api.w.org\/{rel}","templated":true}]}}